{"id":24480,"date":"2021-02-24T11:01:38","date_gmt":"2021-02-24T11:01:38","guid":{"rendered":"https:\/\/www.msds-europe.com\/?page_id=24480"},"modified":"2026-02-18T14:13:27","modified_gmt":"2026-02-18T14:13:27","slug":"program-wsparcia-klienta","status":"publish","type":"page","link":"https:\/\/www.msds-europe.com\/pl\/program-wsparcia-klienta\/","title":{"rendered":"Program wsparcia klienta MSDS\u2011Europe"},"content":{"rendered":"<p style=\"text-align: justify;\"><strong><em>poniewa\u017c bezpiecze\u0144stwo chemiczne opiera si\u0119 na zaufaniu&#8230;<\/em><\/strong><\/p>\n<p style=\"text-align: right;\"><a href=\"https:\/\/www.msds-europe.com\/pl\/\">MSDS-Europe<\/a> \u2014 Program wsparcia klienta MSDS-Europe<\/p>\n<p><img decoding=\"async\" class=\"alignnone size-medium wp-image-24483 alignright\" src=\"https:\/\/www.msds-europe.com\/wp-content\/uploads\/2021\/02\/Program-wsparcia-klienta-MSDS-Europe-300x268.jpg\" alt=\"\" width=\"300\" height=\"268\" srcset=\"https:\/\/www.msds-europe.com\/wp-content\/uploads\/2021\/02\/Program-wsparcia-klienta-MSDS-Europe-300x268.jpg 300w, https:\/\/www.msds-europe.com\/wp-content\/uploads\/2021\/02\/Program-wsparcia-klienta-MSDS-Europe.jpg 586w\" sizes=\"(max-width: 300px) 100vw, 300px\" \/><\/p>\n<p>&nbsp;<\/p>\n<h2 style=\"text-align: justify;\"><span style=\"color: #333333;\">Cel naszego programu wsparcia klienta<\/span><\/h2>\n<p style=\"text-align: justify;\">Wierzymy, \u017ce wysok\u0105 jako\u015b\u0107 us\u0142ug w zakresie bezpiecze\u0144stwa chemicznego mo\u017cna osi\u0105gn\u0105\u0107 tylko poprzez bliski kontakt i dobr\u0105 komunikacj\u0119. Dzi\u0119ki naszemu nastawieniu na klienta, kt\u00f3re od zawsze definiuje kultur\u0119 organizacyjn\u0105 MSDS-Europe, stworzyli\u015bmy program wsparcia klienta. U podstaw programu le\u017cy zapewnienie wszystkim klientom mo\u017cliwo\u015bci korzystania z d\u0142ugoterminowych korzy\u015bci, kt\u00f3re oferujemy. Wsparcie ze strony us\u0142ugodawcy nie ko\u0144czy si\u0119 wraz z realizacj\u0105 zam\u00f3wienia.<\/p>\n<p>&nbsp;<\/p>\n<h2 style=\"text-align: justify;\">Status kluczowego klienta<\/h2>\n<p style=\"text-align: justify;\">Dzi\u0119ki przydzieleniu dedykowanej osoby do kontaktu nasza przysz\u0142a wsp\u00f3\u0142praca staje si\u0119 bardziej efektywna, a jako\u015b\u0107 wsparcia udzielanego w zakresie bezpiecze\u0144stwa chemicznego jest wy\u017csza.<\/p>\n<p>&nbsp;<\/p>\n<h3 style=\"text-align: justify;\">Korzy\u015bci zapewniane przez dedykowan\u0105 osob\u0119 do kontaktu<\/h3>\n<ul>\n<li style=\"text-align: justify;\">Dedykowana osoba do kontaktu odpowiada na pytania o charakterze merytorycznym<\/li>\n<li style=\"text-align: justify;\">Ca\u0142y proces realizacji zam\u00f3wienia jest prowadzony przez jedn\u0105 osob\u0119, kt\u00f3ra na bie\u017c\u0105co zna jego aktualny status<\/li>\n<li style=\"text-align: justify;\">Osoba do kontaktu mo\u017ce udzieli\u0107 spersonalizowanych wskaz\u00f3wek<\/li>\n<li style=\"text-align: justify;\">Realizacja zam\u00f3wie\u0144 jest dostosowana do wymaga\u0144 klienta<\/li>\n<li style=\"text-align: justify;\">Pomoc w zakresie formalno\u015bci ju\u017c na etapie przygotowania zam\u00f3wienia (np. por\u00f3wnanie dotychczasowych kart charakterystyki i projekt\u00f3w etykiet z portfolio produkt\u00f3w)<\/li>\n<\/ul>\n<p>&nbsp;<\/p>\n<h3 style=\"text-align: justify;\">Odroczony termin p\u0142atno\u015bci<\/h3>\n<ul>\n<li style=\"text-align: justify;\">Zamiast faktury pro forma mo\u017cliwa jest p\u0142atno\u015b\u0107 po realizacji zam\u00f3wienia<\/li>\n<li style=\"text-align: justify;\">Indywidualnie ustalony termin p\u0142atno\u015bci<\/li>\n<\/ul>\n<p>&nbsp;<\/p>\n<h3 style=\"text-align: justify;\">Gwarantowane ceny<\/h3>\n<ul>\n<li style=\"text-align: justify;\">Na \u017cyczenie ceny oferowane naszym kluczowym klientom w ramach og\u00f3lnej umowy ramowej mog\u0105 by\u0107 gwarantowane. Dzi\u0119ki temu ceny i rabaty ilo\u015bciowe pozostaj\u0105 niezmienne przez ca\u0142y rok.<\/li>\n<\/ul>\n<p>&nbsp;<\/p>\n<h3 style=\"text-align: justify;\">Przyspieszony proces sk\u0142adania zam\u00f3wie\u0144<\/h3>\n<ul>\n<li style=\"text-align: justify;\">Zamiast wype\u0142nia\u0107 standardowy formularz zam\u00f3wienia, wystarczy przekaza\u0107 kluczowe dane dotycz\u0105ce produkt\u00f3w, kt\u00f3re s\u0105 niezb\u0119dne do realizacji danego zam\u00f3wienia<\/li>\n<\/ul>\n<p>&nbsp;<\/p>\n<h3 style=\"text-align: justify;\"><span style=\"color: #333333;\">Warunki posiadania statusu klienta kluczowego<\/span><\/h3>\n<p style=\"text-align: justify;\">Niezale\u017cnie od warto\u015bci zam\u00f3wienia, przy drugim zam\u00f3wieniu wyznaczamy dedykowan\u0105 osob\u0119 do kontaktu. Osoba ta skontaktuje si\u0119 z klientem, a w przysz\u0142o\u015bci klient b\u0119dzie m\u00f3g\u0142 za\u0142atwia\u0107 z ni\u0105 swoje sprawy zwi\u0105zane z bezpiecze\u0144stwem chemicznym.<\/p>\n<p>&nbsp;<\/p>\n<h2 style=\"text-align: justify;\">Rabaty ilo\u015bciowe w przypadku plan\u00f3w d\u0142ugoterminowych<\/h2>\n<p style=\"text-align: justify;\"><em>D\u0142ugoterminowa wsp\u00f3\u0142praca w zakresie bezpiecze\u0144stwa chemicznego&#8230;<\/em><\/p>\n<p style=\"text-align: justify;\">W zakresie <a href=\"https:\/\/www.msds-europe.com\/pl\/kompilacja-tworzenie-karty-charakterystyki\/\">opracowania<\/a> lub <a href=\"https:\/\/www.msds-europe.com\/pl\/tlumaczenie-karty-charakterystyki\/\">t\u0142umaczenia kart charakterystyki<\/a> oferujemy rabaty ilo\u015bciowe nie tylko w przypadku jednorazowego zam\u00f3wienia, ale r\u00f3wnie\u017c \u2013 po zawarciu umowy \u2013 dla kart charakterystyki zamawianych w miesi\u0119cznych lub kwartalnych przedzia\u0142ach czasowych.<\/p>\n<p style=\"text-align: right;\"><a href=\"https:\/\/www.msds-europe.com\/pl\/ustalenia-umowne\/\"><em>Pozosta\u0142e informacje<\/em><\/a><\/p>\n<p>&nbsp;<\/p>\n","protected":false},"excerpt":{"rendered":"<p>poniewa\u017c bezpiecze\u0144stwo chemiczne opiera si\u0119 na zaufaniu&#8230; MSDS-Europe \u2014 Program wsparcia klienta MSDS-Europe &nbsp; Cel naszego programu wsparcia klienta Wierzymy, \u017ce wysok\u0105 jako\u015b\u0107 us\u0142ug w zakresie bezpiecze\u0144stwa chemicznego mo\u017cna osi\u0105gn\u0105\u0107 tylko poprzez bliski kontakt i dobr\u0105 komunikacj\u0119. Dzi\u0119ki naszemu nastawieniu na klienta, kt\u00f3re od zawsze definiuje kultur\u0119 organizacyjn\u0105 MSDS-Europe, stworzyli\u015bmy&#8230;<\/p>\n","protected":false},"author":2,"featured_media":0,"parent":0,"menu_order":0,"comment_status":"closed","ping_status":"closed","template":"","meta":{"_acf_changed":false,"footnotes":""},"tags":[],"class_list":["post-24480","page","type-page","status-publish","hentry"],"acf":[],"yoast_head":"<!-- This site is optimized with the Yoast SEO plugin v27.2 - https:\/\/yoast.com\/product\/yoast-seo-wordpress\/ -->\n<title>Program wsparcia klienta MSDS-Europe<\/title>\n<meta name=\"description\" content=\"Program wsparcia klienta MSDS-Europe w celu zapewnienia najwy\u017cszej jako\u015bci us\u0142ug dla naszych klient\u00f3w.\" \/>\n<meta name=\"robots\" content=\"index, follow, max-snippet:-1, max-image-preview:large, max-video-preview:-1\" \/>\n<link rel=\"canonical\" href=\"https:\/\/www.msds-europe.com\/pl\/program-wsparcia-klienta\/\" \/>\n<meta property=\"og:locale\" content=\"pl_PL\" \/>\n<meta property=\"og:type\" content=\"article\" \/>\n<meta property=\"og:title\" content=\"Program wsparcia klienta MSDS-Europe\" \/>\n<meta property=\"og:description\" content=\"Program wsparcia klienta MSDS-Europe w celu zapewnienia najwy\u017cszej jako\u015bci us\u0142ug dla naszych klient\u00f3w.\" \/>\n<meta property=\"og:url\" content=\"https:\/\/www.msds-europe.com\/pl\/program-wsparcia-klienta\/\" \/>\n<meta property=\"og:site_name\" content=\"MSDS Europe\" \/>\n<meta property=\"article:publisher\" content=\"https:\/\/www.facebook.com\/toxinfokft\/\" \/>\n<meta property=\"article:modified_time\" content=\"2026-02-18T14:13:27+00:00\" \/>\n<meta property=\"og:image\" content=\"https:\/\/www.msds-europe.com\/wp-content\/uploads\/2021\/02\/Program-wsparcia-klienta-MSDS-Europe-300x268.jpg\" \/>\n<meta name=\"twitter:card\" content=\"summary_large_image\" \/>\n<meta name=\"twitter:site\" content=\"@ToxInfoKft\" \/>\n<meta name=\"twitter:label1\" content=\"Szacowany czas czytania\" \/>\n\t<meta name=\"twitter:data1\" content=\"2 minuty\" \/>\n<script type=\"application\/ld+json\" class=\"yoast-schema-graph\">{\"@context\":\"https:\/\/schema.org\",\"@graph\":[{\"@type\":\"WebPage\",\"@id\":\"https:\/\/www.msds-europe.com\/pl\/program-wsparcia-klienta\/\",\"url\":\"https:\/\/www.msds-europe.com\/pl\/program-wsparcia-klienta\/\",\"name\":\"Program wsparcia klienta MSDS-Europe\",\"isPartOf\":{\"@id\":\"https:\/\/www.msds-europe.com\/es\/#website\"},\"primaryImageOfPage\":{\"@id\":\"https:\/\/www.msds-europe.com\/pl\/program-wsparcia-klienta\/#primaryimage\"},\"image\":{\"@id\":\"https:\/\/www.msds-europe.com\/pl\/program-wsparcia-klienta\/#primaryimage\"},\"thumbnailUrl\":\"https:\/\/www.msds-europe.com\/wp-content\/uploads\/2021\/02\/Program-wsparcia-klienta-MSDS-Europe-300x268.jpg\",\"datePublished\":\"2021-02-24T11:01:38+00:00\",\"dateModified\":\"2026-02-18T14:13:27+00:00\",\"description\":\"Program wsparcia klienta MSDS-Europe w celu zapewnienia najwy\u017cszej jako\u015bci us\u0142ug dla naszych klient\u00f3w.\",\"breadcrumb\":{\"@id\":\"https:\/\/www.msds-europe.com\/pl\/program-wsparcia-klienta\/#breadcrumb\"},\"inLanguage\":\"pl-PL\",\"potentialAction\":[{\"@type\":\"ReadAction\",\"target\":[\"https:\/\/www.msds-europe.com\/pl\/program-wsparcia-klienta\/\"]}]},{\"@type\":\"ImageObject\",\"inLanguage\":\"pl-PL\",\"@id\":\"https:\/\/www.msds-europe.com\/pl\/program-wsparcia-klienta\/#primaryimage\",\"url\":\"https:\/\/www.msds-europe.com\/wp-content\/uploads\/2021\/02\/Program-wsparcia-klienta-MSDS-Europe-300x268.jpg\",\"contentUrl\":\"https:\/\/www.msds-europe.com\/wp-content\/uploads\/2021\/02\/Program-wsparcia-klienta-MSDS-Europe-300x268.jpg\"},{\"@type\":\"BreadcrumbList\",\"@id\":\"https:\/\/www.msds-europe.com\/pl\/program-wsparcia-klienta\/#breadcrumb\",\"itemListElement\":[{\"@type\":\"ListItem\",\"position\":1,\"name\":\"F\u0151oldal\",\"item\":\"https:\/\/www.msds-europe.com\/pl\/\"},{\"@type\":\"ListItem\",\"position\":2,\"name\":\"Program wsparcia klienta MSDS\u2011Europe\"}]},{\"@type\":\"WebSite\",\"@id\":\"https:\/\/www.msds-europe.com\/es\/#website\",\"url\":\"https:\/\/www.msds-europe.com\/es\/\",\"name\":\"MSDS Europe\",\"description\":\"\",\"publisher\":{\"@id\":\"https:\/\/www.msds-europe.com\/es\/#organization\"},\"potentialAction\":[{\"@type\":\"SearchAction\",\"target\":{\"@type\":\"EntryPoint\",\"urlTemplate\":\"https:\/\/www.msds-europe.com\/es\/?s={search_term_string}\"},\"query-input\":{\"@type\":\"PropertyValueSpecification\",\"valueRequired\":true,\"valueName\":\"search_term_string\"}}],\"inLanguage\":\"pl-PL\"},{\"@type\":\"Organization\",\"@id\":\"https:\/\/www.msds-europe.com\/es\/#organization\",\"name\":\"MSDS-Europe International branch of ToxInfo\",\"url\":\"https:\/\/www.msds-europe.com\/es\/\",\"logo\":{\"@type\":\"ImageObject\",\"inLanguage\":\"pl-PL\",\"@id\":\"https:\/\/www.msds-europe.com\/es\/#\/schema\/logo\/image\/\",\"url\":\"https:\/\/www.msds-europe.com\/wp-content\/uploads\/2021\/04\/msds-europe-logo.jpg\",\"contentUrl\":\"https:\/\/www.msds-europe.com\/wp-content\/uploads\/2021\/04\/msds-europe-logo.jpg\",\"width\":2296,\"height\":1067,\"caption\":\"MSDS-Europe International branch of ToxInfo\"},\"image\":{\"@id\":\"https:\/\/www.msds-europe.com\/es\/#\/schema\/logo\/image\/\"},\"sameAs\":[\"https:\/\/www.facebook.com\/toxinfokft\/\",\"https:\/\/x.com\/ToxInfoKft\"]}]}<\/script>\n<!-- \/ Yoast SEO plugin. -->","yoast_head_json":{"title":"Program wsparcia klienta MSDS-Europe","description":"Program wsparcia klienta MSDS-Europe w celu zapewnienia najwy\u017cszej jako\u015bci us\u0142ug dla naszych klient\u00f3w.","robots":{"index":"index","follow":"follow","max-snippet":"max-snippet:-1","max-image-preview":"max-image-preview:large","max-video-preview":"max-video-preview:-1"},"canonical":"https:\/\/www.msds-europe.com\/pl\/program-wsparcia-klienta\/","og_locale":"pl_PL","og_type":"article","og_title":"Program wsparcia klienta MSDS-Europe","og_description":"Program wsparcia klienta MSDS-Europe w celu zapewnienia najwy\u017cszej jako\u015bci us\u0142ug dla naszych klient\u00f3w.","og_url":"https:\/\/www.msds-europe.com\/pl\/program-wsparcia-klienta\/","og_site_name":"MSDS Europe","article_publisher":"https:\/\/www.facebook.com\/toxinfokft\/","article_modified_time":"2026-02-18T14:13:27+00:00","og_image":[{"url":"https:\/\/www.msds-europe.com\/wp-content\/uploads\/2021\/02\/Program-wsparcia-klienta-MSDS-Europe-300x268.jpg","type":"","width":"","height":""}],"twitter_card":"summary_large_image","twitter_site":"@ToxInfoKft","twitter_misc":{"Szacowany czas czytania":"2 minuty"},"schema":{"@context":"https:\/\/schema.org","@graph":[{"@type":"WebPage","@id":"https:\/\/www.msds-europe.com\/pl\/program-wsparcia-klienta\/","url":"https:\/\/www.msds-europe.com\/pl\/program-wsparcia-klienta\/","name":"Program wsparcia klienta MSDS-Europe","isPartOf":{"@id":"https:\/\/www.msds-europe.com\/es\/#website"},"primaryImageOfPage":{"@id":"https:\/\/www.msds-europe.com\/pl\/program-wsparcia-klienta\/#primaryimage"},"image":{"@id":"https:\/\/www.msds-europe.com\/pl\/program-wsparcia-klienta\/#primaryimage"},"thumbnailUrl":"https:\/\/www.msds-europe.com\/wp-content\/uploads\/2021\/02\/Program-wsparcia-klienta-MSDS-Europe-300x268.jpg","datePublished":"2021-02-24T11:01:38+00:00","dateModified":"2026-02-18T14:13:27+00:00","description":"Program wsparcia klienta MSDS-Europe w celu zapewnienia najwy\u017cszej jako\u015bci us\u0142ug dla naszych klient\u00f3w.","breadcrumb":{"@id":"https:\/\/www.msds-europe.com\/pl\/program-wsparcia-klienta\/#breadcrumb"},"inLanguage":"pl-PL","potentialAction":[{"@type":"ReadAction","target":["https:\/\/www.msds-europe.com\/pl\/program-wsparcia-klienta\/"]}]},{"@type":"ImageObject","inLanguage":"pl-PL","@id":"https:\/\/www.msds-europe.com\/pl\/program-wsparcia-klienta\/#primaryimage","url":"https:\/\/www.msds-europe.com\/wp-content\/uploads\/2021\/02\/Program-wsparcia-klienta-MSDS-Europe-300x268.jpg","contentUrl":"https:\/\/www.msds-europe.com\/wp-content\/uploads\/2021\/02\/Program-wsparcia-klienta-MSDS-Europe-300x268.jpg"},{"@type":"BreadcrumbList","@id":"https:\/\/www.msds-europe.com\/pl\/program-wsparcia-klienta\/#breadcrumb","itemListElement":[{"@type":"ListItem","position":1,"name":"F\u0151oldal","item":"https:\/\/www.msds-europe.com\/pl\/"},{"@type":"ListItem","position":2,"name":"Program wsparcia klienta MSDS\u2011Europe"}]},{"@type":"WebSite","@id":"https:\/\/www.msds-europe.com\/es\/#website","url":"https:\/\/www.msds-europe.com\/es\/","name":"MSDS Europe","description":"","publisher":{"@id":"https:\/\/www.msds-europe.com\/es\/#organization"},"potentialAction":[{"@type":"SearchAction","target":{"@type":"EntryPoint","urlTemplate":"https:\/\/www.msds-europe.com\/es\/?s={search_term_string}"},"query-input":{"@type":"PropertyValueSpecification","valueRequired":true,"valueName":"search_term_string"}}],"inLanguage":"pl-PL"},{"@type":"Organization","@id":"https:\/\/www.msds-europe.com\/es\/#organization","name":"MSDS-Europe International branch of ToxInfo","url":"https:\/\/www.msds-europe.com\/es\/","logo":{"@type":"ImageObject","inLanguage":"pl-PL","@id":"https:\/\/www.msds-europe.com\/es\/#\/schema\/logo\/image\/","url":"https:\/\/www.msds-europe.com\/wp-content\/uploads\/2021\/04\/msds-europe-logo.jpg","contentUrl":"https:\/\/www.msds-europe.com\/wp-content\/uploads\/2021\/04\/msds-europe-logo.jpg","width":2296,"height":1067,"caption":"MSDS-Europe International branch of ToxInfo"},"image":{"@id":"https:\/\/www.msds-europe.com\/es\/#\/schema\/logo\/image\/"},"sameAs":["https:\/\/www.facebook.com\/toxinfokft\/","https:\/\/x.com\/ToxInfoKft"]}]}},"_links":{"self":[{"href":"https:\/\/www.msds-europe.com\/pl\/wp-json\/wp\/v2\/pages\/24480","targetHints":{"allow":["GET"]}}],"collection":[{"href":"https:\/\/www.msds-europe.com\/pl\/wp-json\/wp\/v2\/pages"}],"about":[{"href":"https:\/\/www.msds-europe.com\/pl\/wp-json\/wp\/v2\/types\/page"}],"author":[{"embeddable":true,"href":"https:\/\/www.msds-europe.com\/pl\/wp-json\/wp\/v2\/users\/2"}],"replies":[{"embeddable":true,"href":"https:\/\/www.msds-europe.com\/pl\/wp-json\/wp\/v2\/comments?post=24480"}],"version-history":[{"count":5,"href":"https:\/\/www.msds-europe.com\/pl\/wp-json\/wp\/v2\/pages\/24480\/revisions"}],"predecessor-version":[{"id":37122,"href":"https:\/\/www.msds-europe.com\/pl\/wp-json\/wp\/v2\/pages\/24480\/revisions\/37122"}],"wp:attachment":[{"href":"https:\/\/www.msds-europe.com\/pl\/wp-json\/wp\/v2\/media?parent=24480"}],"wp:term":[{"taxonomy":"post_tag","embeddable":true,"href":"https:\/\/www.msds-europe.com\/pl\/wp-json\/wp\/v2\/tags?post=24480"}],"curies":[{"name":"wp","href":"https:\/\/api.w.org\/{rel}","templated":true}]}}