{"id":24395,"date":"2021-02-23T12:31:58","date_gmt":"2021-02-23T12:31:58","guid":{"rendered":"https:\/\/www.msds-europe.com\/?page_id=24395"},"modified":"2026-02-25T09:15:40","modified_gmt":"2026-02-25T09:15:40","slug":"etykieta-zgodna-z-rozporzadzeniem-clp","status":"publish","type":"page","link":"https:\/\/www.msds-europe.com\/pl\/etykieta-zgodna-z-rozporzadzeniem-clp\/","title":{"rendered":"Etykieta zgodna z rozporz\u0105dzeniem CLP, oznakowanie w praktyce"},"content":{"rendered":"<p style=\"text-align: right;\"><em><a href=\"https:\/\/www.msds-europe.com\/pl\/przydatne-materialy-pomocnicze-i-wskazowki-dla-kart-charakterystyk\/\">Baza wiedzy o kartach charakterystyki<\/a> \u2013 Oznakowanie CLP w praktyce<\/em><\/p>\n<p>&nbsp;<\/p>\n<p style=\"text-align: justify;\">Produkty obj\u0119te przepisami bezpiecze\u0144stwa chemicznego powinny by\u0107 <strong>oznakowane<\/strong> zgodnie z <a href=\"https:\/\/www.msds-europe.com\/pl\/zmiany-przepisow-bezpieczenstwa-chemicznego\/\"><strong>rozporz\u0105dzeniem (WE) nr 1272\/2008<\/strong><\/a> (CLP).<\/p>\n<p>&nbsp;<\/p>\n<h2 style=\"text-align: justify;\">Obowi\u0105zek oznakowania<\/h2>\n<ul>\n<li style=\"text-align: justify;\">je\u017celi substancja lub mieszanina jest <strong>zaklasyfikowana jako niebezpieczna<\/strong> zgodnie z CLP,<\/li>\n<li style=\"text-align: justify;\">je\u017celi jest to artyku\u0142 wybuchowy,<\/li>\n<li style=\"text-align: justify;\">je\u017celi mieszanina nie jest zaklasyfikowana jako niebezpieczna, ale zawiera jedn\u0105 lub wi\u0119cej substancji niebezpiecznych w st\u0119\u017ceniach powy\u017cej warto\u015bci okre\u015blonych w cz\u0119\u015bci 2 za\u0142\u0105cznika II do CLP.<\/li>\n<\/ul>\n<p style=\"text-align: justify;\"><em>Zwolnienia z obowi\u0105zku oznakowania produkt\u00f3w w opakowaniach poni\u017cej 125 ml (pkt 1.5.2 za\u0142\u0105cznika I do rozporz\u0105dzenia (WE) nr 1272\/2008)<\/em><\/p>\n<p>&nbsp;<\/p>\n<h2 style=\"text-align: justify;\">\u0179r\u00f3d\u0142a informacji do opracowania etykiety zgodnej z CLP<\/h2>\n<p style=\"text-align: justify;\"><strong>Jako importer<\/strong><\/p>\n<p style=\"text-align: justify;\">Etykiet\u0119 nale\u017cy oprze\u0107 na tytule III rozporz\u0105dzenia (WE) nr 1272\/2008 (CLP).<\/p>\n<p style=\"text-align: justify;\"><strong>Jako dystrybutor<\/strong><\/p>\n<p style=\"text-align: justify;\">Etykiet\u0119 nale\u017cy przygotowa\u0107 na podstawie danych zawartych w sekcji 2.2 karty charakterystyki oraz wymaga\u0144 CLP.<\/p>\n<p style=\"text-align: justify;\"><strong>Jako sprzedawca detaliczny<\/strong><\/p>\n<p style=\"text-align: justify;\">Co do zasady brak dodatkowych obowi\u0105zk\u00f3w, chyba \u017ce etykieta jest uszkodzona lub nieczytelna.<\/p>\n<p>&nbsp;<\/p>\n<h2 style=\"text-align: justify;\">Og\u00f3lne zasady oznakowania<\/h2>\n<ul>\n<li style=\"text-align: justify;\">Zasada \u201ekomunikacji zagro\u017ce\u0144 poprzez oznakowanie\u201d<\/li>\n<li style=\"text-align: justify;\">J\u0119zyk etykiety<\/li>\n<li style=\"text-align: justify;\">\u201eInformacje uzupe\u0142niaj\u0105ce\u201d na etykiecie<\/li>\n<li style=\"text-align: justify;\">Zasady czytelno\u015bci i widoczno\u015bci<\/li>\n<li style=\"text-align: justify;\">Zasady uk\u0142adu graficznego<\/li>\n<\/ul>\n<p>&nbsp;<\/p>\n<h2 style=\"text-align: justify;\">Elementy etykiety produkt\u00f3w niebezpiecznych<\/h2>\n<ul>\n<li style=\"text-align: justify;\">Nazwa, adres i numer telefonu dostawcy (dostawc\u00f3w)<\/li>\n<li style=\"text-align: justify;\">Ilo\u015b\u0107 nominalna (dla opakowa\u0144 udost\u0119pnianych og\u00f3\u0142owi spo\u0142ecze\u0144stwa)<\/li>\n<li style=\"text-align: justify;\">Identyfikatory produktu<\/li>\n<\/ul>\n<p style=\"text-align: justify;\">W razie potrzeby:<\/p>\n<ul>\n<li style=\"text-align: justify;\"><a href=\"https:\/\/www.msds-europe.com\/pl\/piktogram-zagrozeniu\/\">Piktogramy zagro\u017cenia<\/a><\/li>\n<li style=\"text-align: justify;\">Has\u0142o ostrzegawcze<\/li>\n<li style=\"text-align: justify;\"><a href=\"https:\/\/www.msds-europe.com\/pl\/zwroty-wskazujace-rodzaj-zagrozenia-h\/\">Zwroty H<\/a> (zwroty okre\u015blaj\u0105ce zagro\u017cenie)<\/li>\n<li style=\"text-align: justify;\"><a href=\"https:\/\/www.msds-europe.com\/pl\/zwroty-wskazujace-srodki-ostroznosci-p\/\">Zwroty P<\/a> (zwroty okre\u015blaj\u0105ce \u015brodki ostro\u017cno\u015bci)*<\/li>\n<\/ul>\n<p style=\"text-align: justify;\">* W przypadku stosowania przez konsument\u00f3w wymagane s\u0105 tak\u017ce zwroty P dotycz\u0105ce unieszkodliwiania produktu i opakowania.<\/p>\n<ul>\n<li style=\"text-align: justify;\">Sekcja informacji uzupe\u0142niaj\u0105cych (elementy obowi\u0105zkowe i dobrowolne)<\/li>\n<\/ul>\n<p>&nbsp;<\/p>\n<p style=\"text-align: justify;\"><strong>Obowi\u0105zkowa sekcja informacji uzupe\u0142niaj\u0105cych na etykiecie<\/strong><\/p>\n<ul>\n<li style=\"text-align: justify;\"><a href=\"https:\/\/www.msds-europe.com\/pl\/zwroty-wskazujace-rodzaj-zagrozenia-h\/\">Zwroty EUH<\/a> (okre\u015blone m.in. w za\u0142\u0105czniku III do CLP) dla substancji i mieszanin, dla kt\u00f3rych maj\u0105 zastosowanie<\/li>\n<li style=\"text-align: justify;\">Dodatkowe elementy oznakowania wynikaj\u0105ce z CLP (w zale\u017cno\u015bci od klasyfikacji i produktu)<\/li>\n<li style=\"text-align: justify;\">Informacje o szczeg\u00f3lnych \u015brodkach post\u0119powania, je\u017celi s\u0105 wymagane<\/li>\n<li style=\"text-align: justify;\">Zwrot EUH401 w przypadku \u015brodk\u00f3w ochrony ro\u015blin<\/li>\n<li style=\"text-align: justify;\">Elementy etykiety wynikaj\u0105ce z innych przepis\u00f3w \u2013 np. detergenty (\u015brodki powierzchniowo czynne i substancje zapachowe), wymagania dotycz\u0105ce palno\u015bci aerozoli, informacja o zawarto\u015bci LZO zgodnie z dyrektyw\u0105 2004\/42\/WE (zob. tak\u017ce: <a href=\"https:\/\/www.msds-europe.com\/pl\/clp-reklama-online-2028\/\">Nowe zasady CLP dla e-commerce: etykietowanie i reklama<\/a>).<\/li>\n<li style=\"text-align: justify;\">Przyk\u0142adowe mieszaniny wymagaj\u0105ce indywidualnych zwrot\u00f3w EUH:<\/li>\n<\/ul>\n<ul style=\"padding-left: 60px;\">\n<li style=\"text-align: justify;\">mieszaniny zawieraj\u0105ce o\u0142\u00f3w<\/li>\n<li style=\"text-align: justify;\">mieszaniny zawieraj\u0105ce cyjanoakrylany<\/li>\n<li style=\"text-align: justify;\">cementy i mieszaniny cementowe<\/li>\n<li style=\"text-align: justify;\">mieszaniny zawieraj\u0105ce izocyjaniany<\/li>\n<li style=\"text-align: justify;\">mieszaniny zawieraj\u0105ce sk\u0142adniki epoksydowe o \u015bredniej masie cz\u0105steczkowej \u2264 700<\/li>\n<li style=\"text-align: justify;\">mieszaniny zawieraj\u0105ce chlor aktywny<\/li>\n<li style=\"text-align: justify;\">mieszaniny zawieraj\u0105ce kadm (stopy) przeznaczone do lutowania<\/li>\n<li style=\"text-align: justify;\">mieszaniny niezaklasyfikowane jako uczulaj\u0105ce, ale zawieraj\u0105ce co najmniej jedn\u0105 substancj\u0119 uczulaj\u0105c\u0105<\/li>\n<li style=\"text-align: justify;\">ciek\u0142e mieszaniny zawieraj\u0105ce w\u0119glowodory halogenowane<\/li>\n<li style=\"text-align: justify;\">mieszaniny nieprzeznaczone dla og\u00f3\u0142u spo\u0142ecze\u0144stwa zawieraj\u0105ce okre\u015blone substancje w minimalnym st\u0119\u017ceniu<\/li>\n<li style=\"text-align: justify;\">aerozole<\/li>\n<\/ul>\n<p>&nbsp;<\/p>\n<h2 style=\"text-align: justify;\">Minimalne wymiary etykiet i piktogram\u00f3w<\/h2>\n<p style=\"text-align: justify;\">Zgodnie z rozporz\u0105dzeniem Komisji (UE) nr 286\/2011 minimalne wymiary etykiet oraz <a href=\"https:\/\/www.msds-europe.com\/pl\/piktogram-zagrozeniu\/\">piktogram\u00f3w<\/a> zale\u017c\u0105 od pojemno\u015bci opakowania:<\/p>\n<table style=\"width: 100%; border-collapse: collapse;\">\n<thead>\n<tr>\n<th style=\"text-align: left; border: 1px solid #ddd; padding: 8px;\">Pojemno\u015b\u0107 opakowania<\/th>\n<th style=\"text-align: left; border: 1px solid #ddd; padding: 8px;\">Minimalne wymiary etykiety (mm)<\/th>\n<th style=\"text-align: left; border: 1px solid #ddd; padding: 8px;\">Minimalne wymiary ka\u017cdego piktogramu (mm)<\/th>\n<\/tr>\n<\/thead>\n<tbody>\n<tr>\n<td style=\"border: 1px solid #ddd; padding: 8px;\">&lt; 3 litry<\/td>\n<td style=\"border: 1px solid #ddd; padding: 8px;\">52 \u00d7 74<\/td>\n<td style=\"border: 1px solid #ddd; padding: 8px;\">10 \u00d7 10 (min.), 16 \u00d7 16 (zalecane)<\/td>\n<\/tr>\n<tr>\n<td style=\"border: 1px solid #ddd; padding: 8px;\">3 \u2013 50 litr\u00f3w<\/td>\n<td style=\"border: 1px solid #ddd; padding: 8px;\">74 \u00d7 105<\/td>\n<td style=\"border: 1px solid #ddd; padding: 8px;\">23 \u00d7 23<\/td>\n<\/tr>\n<tr>\n<td style=\"border: 1px solid #ddd; padding: 8px;\">50 \u2013 500 litr\u00f3w<\/td>\n<td style=\"border: 1px solid #ddd; padding: 8px;\">105 \u00d7 148<\/td>\n<td style=\"border: 1px solid #ddd; padding: 8px;\">32 \u00d7 32<\/td>\n<\/tr>\n<tr>\n<td style=\"border: 1px solid #ddd; padding: 8px;\">&gt; 500 litr\u00f3w<\/td>\n<td style=\"border: 1px solid #ddd; padding: 8px;\">148 \u00d7 210<\/td>\n<td style=\"border: 1px solid #ddd; padding: 8px;\">46 \u00d7 46<\/td>\n<\/tr>\n<\/tbody>\n<\/table>\n<p>&nbsp;<\/p>\n<h2 style=\"text-align: justify;\">Specjalne instrukcje oznakowania<\/h2>\n<ul>\n<li style=\"text-align: justify;\">Przeno\u015bne butle gazowe (sekcja 1.3.1 za\u0142\u0105cznika I do CLP)<\/li>\n<li style=\"text-align: justify;\">Pojemniki na propan, butan lub LPG (sekcja 1.3.2 za\u0142\u0105cznika I do CLP)<\/li>\n<li style=\"text-align: justify;\">Aerozole i pojemniki z dysz\u0105 rozpylaj\u0105c\u0105 zawieraj\u0105ce substancje lub mieszaniny stwarzaj\u0105ce zagro\u017cenie aspiracji (sekcja 1.3.3 za\u0142\u0105cznika I do CLP)<\/li>\n<li style=\"text-align: justify;\">Metale w formie litej, stopy, mieszaniny zawieraj\u0105ce polimery lub elastomery (sekcja 1.3.4 za\u0142\u0105cznika I do CLP)<\/li>\n<li style=\"text-align: justify;\">Materia\u0142y wybuchowe zgodnie z sekcj\u0105 2.1 za\u0142\u0105cznika I do CLP, wprowadzane do obrotu w celu uzyskania efektu wybuchowego lub pirotechnicznego (sekcja 1.3.5 za\u0142\u0105cznika I do CLP)<\/li>\n<\/ul>\n<p>&nbsp;<\/p>\n<h3 style=\"text-align: justify;\"><span style=\"color: #333333;\">Nasze us\u0142ugi<\/span><\/h3>\n<ul>\n<li style=\"text-align: justify;\"><a href=\"https:\/\/www.msds-europe.com\/pl\/tworzenie-projektu-etykiety\/\">Opracowanie projektu etykiety zgodnej z CLP<\/a> dla substancji i mieszanin<\/li>\n<\/ul>\n<p>&nbsp;<\/p>\n<h3><span style=\"color: #333333;\">Polecane artyku\u0142y<\/span><\/h3>\n<ul>\n<li><a href=\"https:\/\/www.msds-europe.com\/pl\/elementy-oznakowania-karty-charakterystyki\/\">Elementy etykiety (elementy oznakowania) w karcie charakterystyki<\/a><\/li>\n<li><a href=\"https:\/\/www.msds-europe.com\/pl\/zwroty-wskazujace-rodzaj-zagrozenia-h\/\">Zwroty H (zwroty okre\u015blaj\u0105ce zagro\u017cenie)<\/a><\/li>\n<li><a href=\"https:\/\/www.msds-europe.com\/pl\/zwroty-wskazujace-srodki-ostroznosci-p\/\">Zwroty P (zwroty okre\u015blaj\u0105ce \u015brodki ostro\u017cno\u015bci)<\/a><\/li>\n<li><a href=\"https:\/\/www.msds-europe.com\/pl\/piktogram-zagrozeniu\/\">Piktogramy zagro\u017cenia<\/a><\/li>\n<\/ul>\n<p>&nbsp;<\/p>\n<h3>Szybkie pytania i odpowiedzi<\/h3>\n<div class=\"su-spoiler su-spoiler-style-fancy su-spoiler-icon-chevron su-spoiler-closed\" data-scroll-offset=\"0\" data-anchor-in-url=\"no\"><div class=\"su-spoiler-title\" tabindex=\"0\" role=\"button\"><span class=\"su-spoiler-icon\"><\/span>W jaki spos\u00f3b rozporz\u0105dzenie (UE) 2020\/878 wp\u0142ywa na tre\u015b\u0107 kart charakterystyki?<\/div><div class=\"su-spoiler-content su-u-clearfix su-u-trim\">\n<p style=\"text-align: justify;\">Rozporz\u0105dzenie (UE) 2020\/878 zaktualizowa\u0142o wymagania dotycz\u0105ce struktury i tre\u015bci kart charakterystyki (za\u0142\u0105cznik II do REACH). Ma zastosowanie od 1 stycznia 2021 r., a od 1 stycznia 2023 r. na rynku powinny funkcjonowa\u0107 wy\u0142\u0105cznie karty charakterystyki spe\u0142niaj\u0105ce jego wymagania.<\/p>\n<\/div><\/div>\n<div class=\"su-spoiler su-spoiler-style-fancy su-spoiler-icon-chevron su-spoiler-closed\" data-scroll-offset=\"0\" data-anchor-in-url=\"no\"><div class=\"su-spoiler-title\" tabindex=\"0\" role=\"button\"><span class=\"su-spoiler-icon\"><\/span>Kiedy oznakowanie CLP jest obowi\u0105zkowe dla produktu?<\/div><div class=\"su-spoiler-content su-u-clearfix su-u-trim\">\n<p style=\"text-align: justify;\">Oznakowanie zgodne z CLP jest wymagane, gdy substancja lub mieszanina jest zaklasyfikowana jako niebezpieczna, gdy produkt jest artyku\u0142em wybuchowym lub gdy mieszanina nie jest zaklasyfikowana jako niebezpieczna, ale zawiera substancj\u0119(-e) niebezpieczn\u0105(-e) powy\u017cej warto\u015bci progowych okre\u015blonych w CLP.<\/p>\n<\/div><\/div>\n<div class=\"su-spoiler su-spoiler-style-fancy su-spoiler-icon-chevron su-spoiler-closed\" data-scroll-offset=\"0\" data-anchor-in-url=\"no\"><div class=\"su-spoiler-title\" tabindex=\"0\" role=\"button\"><span class=\"su-spoiler-icon\"><\/span>Jakie s\u0105 minimalne wymiary etykiety i piktogramu dla opakowa\u0144 3\u201350 L?<\/div><div class=\"su-spoiler-content su-u-clearfix su-u-trim\">\n<p style=\"text-align: justify;\">Dla tego zakresu pojemno\u015bci etykieta musi mie\u0107 co najmniej 74 \u00d7 105 mm, a ka\u017cdy piktogram co najmniej 23 \u00d7 23 mm.<\/p>\n<\/div><\/div>\n<div class=\"su-spoiler su-spoiler-style-fancy su-spoiler-icon-chevron su-spoiler-closed\" data-scroll-offset=\"0\" data-anchor-in-url=\"no\"><div class=\"su-spoiler-title\" tabindex=\"0\" role=\"button\"><span class=\"su-spoiler-icon\"><\/span>Gdzie i w jakim formacie nale\u017cy umie\u015bci\u0107 kod UFI?<\/div><div class=\"su-spoiler-content su-u-clearfix su-u-trim\">\n<p style=\"text-align: justify;\">Kod UFI (niepowtarzalny identyfikator postaci czynnej) nale\u017cy umie\u015bci\u0107 w formacie \u201eUFI: XXXX-XXXX-XXXX-XXXX\u201d w spos\u00f3b widoczny i trwa\u0142y na etykiecie mieszaniny. W przypadku mieszanin nieopakowanych oraz \u2013 w okre\u015blonych przypadkach \u2013 mieszanin przeznaczonych wy\u0142\u0105cznie do zastosowania przemys\u0142owego, dostawca mo\u017ce przekaza\u0107 kod UFI w karcie charakterystyki (np. w sekcji 1.1) zamiast na etykiecie.<\/p>\n<\/div><\/div>\n","protected":false},"excerpt":{"rendered":"<p>Baza wiedzy o kartach charakterystyki \u2013 Oznakowanie CLP w praktyce &nbsp; Produkty obj\u0119te przepisami bezpiecze\u0144stwa chemicznego powinny by\u0107 oznakowane zgodnie z rozporz\u0105dzeniem (WE) nr 1272\/2008 (CLP). &nbsp; Obowi\u0105zek oznakowania je\u017celi substancja lub mieszanina jest zaklasyfikowana jako niebezpieczna zgodnie z CLP, je\u017celi jest to artyku\u0142 wybuchowy, je\u017celi mieszanina nie jest zaklasyfikowana&#8230;<\/p>\n","protected":false},"author":2,"featured_media":0,"parent":0,"menu_order":0,"comment_status":"closed","ping_status":"closed","template":"","meta":{"_acf_changed":false,"footnotes":""},"tags":[361,261,302],"class_list":["post-24395","page","type-page","status-publish","hentry","tag-baza-wiedzy-karta-charakterystyk","tag-karta-charakterystyki","tag-oznakowanie-clp"],"acf":[],"yoast_head":"<!-- This site is optimized with the Yoast SEO plugin v27.2 - https:\/\/yoast.com\/product\/yoast-seo-wordpress\/ -->\n<title>Oznakowanie zgodne z rozporz\u0105dzeniem CLP w praktyce<\/title>\n<meta name=\"description\" content=\"Pomoc w zakresie praktycznego stosowania oznakowania zgodnie z rozporz\u0105dzeniem CLP. Wymiary oznakowania zgodnie z rozporz\u0105dzeniem CLP itp.\" \/>\n<meta name=\"robots\" content=\"index, follow, max-snippet:-1, max-image-preview:large, max-video-preview:-1\" \/>\n<link rel=\"canonical\" href=\"https:\/\/www.msds-europe.com\/pl\/etykieta-zgodna-z-rozporzadzeniem-clp\/\" \/>\n<meta property=\"og:locale\" content=\"pl_PL\" \/>\n<meta property=\"og:type\" content=\"article\" \/>\n<meta property=\"og:title\" content=\"Oznakowanie zgodne z rozporz\u0105dzeniem CLP w praktyce\" \/>\n<meta property=\"og:description\" content=\"Pomoc w zakresie praktycznego stosowania oznakowania zgodnie z rozporz\u0105dzeniem CLP. Wymiary oznakowania zgodnie z rozporz\u0105dzeniem CLP itp.\" \/>\n<meta property=\"og:url\" content=\"https:\/\/www.msds-europe.com\/pl\/etykieta-zgodna-z-rozporzadzeniem-clp\/\" \/>\n<meta property=\"og:site_name\" content=\"MSDS Europe\" \/>\n<meta property=\"article:publisher\" content=\"https:\/\/www.facebook.com\/toxinfokft\/\" \/>\n<meta property=\"article:modified_time\" content=\"2026-02-25T09:15:40+00:00\" \/>\n<meta name=\"twitter:card\" content=\"summary_large_image\" \/>\n<meta name=\"twitter:site\" content=\"@ToxInfoKft\" \/>\n<meta name=\"twitter:label1\" content=\"Szacowany czas czytania\" \/>\n\t<meta name=\"twitter:data1\" content=\"3 minuty\" \/>\n<script type=\"application\/ld+json\" class=\"yoast-schema-graph\">{\"@context\":\"https:\/\/schema.org\",\"@graph\":[{\"@type\":\"WebPage\",\"@id\":\"https:\/\/www.msds-europe.com\/pl\/etykieta-zgodna-z-rozporzadzeniem-clp\/\",\"url\":\"https:\/\/www.msds-europe.com\/pl\/etykieta-zgodna-z-rozporzadzeniem-clp\/\",\"name\":\"Oznakowanie zgodne z rozporz\u0105dzeniem CLP w praktyce\",\"isPartOf\":{\"@id\":\"https:\/\/www.msds-europe.com\/es\/#website\"},\"datePublished\":\"2021-02-23T12:31:58+00:00\",\"dateModified\":\"2026-02-25T09:15:40+00:00\",\"description\":\"Pomoc w zakresie praktycznego stosowania oznakowania zgodnie z rozporz\u0105dzeniem CLP. Wymiary oznakowania zgodnie z rozporz\u0105dzeniem CLP itp.\",\"breadcrumb\":{\"@id\":\"https:\/\/www.msds-europe.com\/pl\/etykieta-zgodna-z-rozporzadzeniem-clp\/#breadcrumb\"},\"inLanguage\":\"pl-PL\",\"potentialAction\":[{\"@type\":\"ReadAction\",\"target\":[\"https:\/\/www.msds-europe.com\/pl\/etykieta-zgodna-z-rozporzadzeniem-clp\/\"]}]},{\"@type\":\"BreadcrumbList\",\"@id\":\"https:\/\/www.msds-europe.com\/pl\/etykieta-zgodna-z-rozporzadzeniem-clp\/#breadcrumb\",\"itemListElement\":[{\"@type\":\"ListItem\",\"position\":1,\"name\":\"F\u0151oldal\",\"item\":\"https:\/\/www.msds-europe.com\/pl\/\"},{\"@type\":\"ListItem\",\"position\":2,\"name\":\"Etykieta zgodna z rozporz\u0105dzeniem CLP, oznakowanie w praktyce\"}]},{\"@type\":\"WebSite\",\"@id\":\"https:\/\/www.msds-europe.com\/es\/#website\",\"url\":\"https:\/\/www.msds-europe.com\/es\/\",\"name\":\"MSDS Europe\",\"description\":\"\",\"publisher\":{\"@id\":\"https:\/\/www.msds-europe.com\/es\/#organization\"},\"potentialAction\":[{\"@type\":\"SearchAction\",\"target\":{\"@type\":\"EntryPoint\",\"urlTemplate\":\"https:\/\/www.msds-europe.com\/es\/?s={search_term_string}\"},\"query-input\":{\"@type\":\"PropertyValueSpecification\",\"valueRequired\":true,\"valueName\":\"search_term_string\"}}],\"inLanguage\":\"pl-PL\"},{\"@type\":\"Organization\",\"@id\":\"https:\/\/www.msds-europe.com\/es\/#organization\",\"name\":\"MSDS-Europe International branch of ToxInfo\",\"url\":\"https:\/\/www.msds-europe.com\/es\/\",\"logo\":{\"@type\":\"ImageObject\",\"inLanguage\":\"pl-PL\",\"@id\":\"https:\/\/www.msds-europe.com\/es\/#\/schema\/logo\/image\/\",\"url\":\"https:\/\/www.msds-europe.com\/wp-content\/uploads\/2021\/04\/msds-europe-logo.jpg\",\"contentUrl\":\"https:\/\/www.msds-europe.com\/wp-content\/uploads\/2021\/04\/msds-europe-logo.jpg\",\"width\":2296,\"height\":1067,\"caption\":\"MSDS-Europe International branch of ToxInfo\"},\"image\":{\"@id\":\"https:\/\/www.msds-europe.com\/es\/#\/schema\/logo\/image\/\"},\"sameAs\":[\"https:\/\/www.facebook.com\/toxinfokft\/\",\"https:\/\/x.com\/ToxInfoKft\"]}]}<\/script>\n<!-- \/ Yoast SEO plugin. -->","yoast_head_json":{"title":"Oznakowanie zgodne z rozporz\u0105dzeniem CLP w praktyce","description":"Pomoc w zakresie praktycznego stosowania oznakowania zgodnie z rozporz\u0105dzeniem CLP. Wymiary oznakowania zgodnie z rozporz\u0105dzeniem CLP itp.","robots":{"index":"index","follow":"follow","max-snippet":"max-snippet:-1","max-image-preview":"max-image-preview:large","max-video-preview":"max-video-preview:-1"},"canonical":"https:\/\/www.msds-europe.com\/pl\/etykieta-zgodna-z-rozporzadzeniem-clp\/","og_locale":"pl_PL","og_type":"article","og_title":"Oznakowanie zgodne z rozporz\u0105dzeniem CLP w praktyce","og_description":"Pomoc w zakresie praktycznego stosowania oznakowania zgodnie z rozporz\u0105dzeniem CLP. Wymiary oznakowania zgodnie z rozporz\u0105dzeniem CLP itp.","og_url":"https:\/\/www.msds-europe.com\/pl\/etykieta-zgodna-z-rozporzadzeniem-clp\/","og_site_name":"MSDS Europe","article_publisher":"https:\/\/www.facebook.com\/toxinfokft\/","article_modified_time":"2026-02-25T09:15:40+00:00","twitter_card":"summary_large_image","twitter_site":"@ToxInfoKft","twitter_misc":{"Szacowany czas czytania":"3 minuty"},"schema":{"@context":"https:\/\/schema.org","@graph":[{"@type":"WebPage","@id":"https:\/\/www.msds-europe.com\/pl\/etykieta-zgodna-z-rozporzadzeniem-clp\/","url":"https:\/\/www.msds-europe.com\/pl\/etykieta-zgodna-z-rozporzadzeniem-clp\/","name":"Oznakowanie zgodne z rozporz\u0105dzeniem CLP w praktyce","isPartOf":{"@id":"https:\/\/www.msds-europe.com\/es\/#website"},"datePublished":"2021-02-23T12:31:58+00:00","dateModified":"2026-02-25T09:15:40+00:00","description":"Pomoc w zakresie praktycznego stosowania oznakowania zgodnie z rozporz\u0105dzeniem CLP. Wymiary oznakowania zgodnie z rozporz\u0105dzeniem CLP itp.","breadcrumb":{"@id":"https:\/\/www.msds-europe.com\/pl\/etykieta-zgodna-z-rozporzadzeniem-clp\/#breadcrumb"},"inLanguage":"pl-PL","potentialAction":[{"@type":"ReadAction","target":["https:\/\/www.msds-europe.com\/pl\/etykieta-zgodna-z-rozporzadzeniem-clp\/"]}]},{"@type":"BreadcrumbList","@id":"https:\/\/www.msds-europe.com\/pl\/etykieta-zgodna-z-rozporzadzeniem-clp\/#breadcrumb","itemListElement":[{"@type":"ListItem","position":1,"name":"F\u0151oldal","item":"https:\/\/www.msds-europe.com\/pl\/"},{"@type":"ListItem","position":2,"name":"Etykieta zgodna z rozporz\u0105dzeniem CLP, oznakowanie w praktyce"}]},{"@type":"WebSite","@id":"https:\/\/www.msds-europe.com\/es\/#website","url":"https:\/\/www.msds-europe.com\/es\/","name":"MSDS Europe","description":"","publisher":{"@id":"https:\/\/www.msds-europe.com\/es\/#organization"},"potentialAction":[{"@type":"SearchAction","target":{"@type":"EntryPoint","urlTemplate":"https:\/\/www.msds-europe.com\/es\/?s={search_term_string}"},"query-input":{"@type":"PropertyValueSpecification","valueRequired":true,"valueName":"search_term_string"}}],"inLanguage":"pl-PL"},{"@type":"Organization","@id":"https:\/\/www.msds-europe.com\/es\/#organization","name":"MSDS-Europe International branch of ToxInfo","url":"https:\/\/www.msds-europe.com\/es\/","logo":{"@type":"ImageObject","inLanguage":"pl-PL","@id":"https:\/\/www.msds-europe.com\/es\/#\/schema\/logo\/image\/","url":"https:\/\/www.msds-europe.com\/wp-content\/uploads\/2021\/04\/msds-europe-logo.jpg","contentUrl":"https:\/\/www.msds-europe.com\/wp-content\/uploads\/2021\/04\/msds-europe-logo.jpg","width":2296,"height":1067,"caption":"MSDS-Europe International branch of ToxInfo"},"image":{"@id":"https:\/\/www.msds-europe.com\/es\/#\/schema\/logo\/image\/"},"sameAs":["https:\/\/www.facebook.com\/toxinfokft\/","https:\/\/x.com\/ToxInfoKft"]}]}},"_links":{"self":[{"href":"https:\/\/www.msds-europe.com\/pl\/wp-json\/wp\/v2\/pages\/24395","targetHints":{"allow":["GET"]}}],"collection":[{"href":"https:\/\/www.msds-europe.com\/pl\/wp-json\/wp\/v2\/pages"}],"about":[{"href":"https:\/\/www.msds-europe.com\/pl\/wp-json\/wp\/v2\/types\/page"}],"author":[{"embeddable":true,"href":"https:\/\/www.msds-europe.com\/pl\/wp-json\/wp\/v2\/users\/2"}],"replies":[{"embeddable":true,"href":"https:\/\/www.msds-europe.com\/pl\/wp-json\/wp\/v2\/comments?post=24395"}],"version-history":[{"count":8,"href":"https:\/\/www.msds-europe.com\/pl\/wp-json\/wp\/v2\/pages\/24395\/revisions"}],"predecessor-version":[{"id":37797,"href":"https:\/\/www.msds-europe.com\/pl\/wp-json\/wp\/v2\/pages\/24395\/revisions\/37797"}],"wp:attachment":[{"href":"https:\/\/www.msds-europe.com\/pl\/wp-json\/wp\/v2\/media?parent=24395"}],"wp:term":[{"taxonomy":"post_tag","embeddable":true,"href":"https:\/\/www.msds-europe.com\/pl\/wp-json\/wp\/v2\/tags?post=24395"}],"curies":[{"name":"wp","href":"https:\/\/api.w.org\/{rel}","templated":true}]}}