{"id":19612,"date":"2019-05-07T11:41:38","date_gmt":"2019-05-07T11:41:38","guid":{"rendered":"https:\/\/www.msds-europe.com\/?page_id=19612"},"modified":"2026-02-24T11:42:48","modified_gmt":"2026-02-24T11:42:48","slug":"niepowtarzalny-identyfikator-postaci-czynnej","status":"publish","type":"page","link":"https:\/\/www.msds-europe.com\/pl\/niepowtarzalny-identyfikator-postaci-czynnej\/","title":{"rendered":"Informacje dotycz\u0105ce stosowania UFI (niepowtarzalnego identyfikatora postaci czynnej)"},"content":{"rendered":"<p style=\"text-align: right;\"><em><a href=\"https:\/\/www.msds-europe.com\/pl\/przydatne-materialy-pomocnicze-i-wskazowki-dla-kart-charakterystyk\/\">Baza wiedzy o kartach charakterystyki<\/a> \u2013 Niepowtarzalny identyfikator postaci czynnej<\/em><\/p>\n<p style=\"text-align: justify;\"><strong>Niepowtarzalny identyfikator postaci czynnej (UFI) jest 16-znakowym kodem umieszczanym na etykietach mieszanin niebezpiecznych. UFI jest elementem wykorzystywanym podczas <a href=\"https:\/\/www.msds-europe.com\/pl\/przekazywanie-informacji-do-pcn\/\">przekazywania informacji do PCN<\/a> (zg\u0142osze\u0144 do o\u015brodk\u00f3w zatru\u0107), kt\u00f3re musi by\u0107 dokonywane w zharmonizowanym formacie.<\/strong><\/p>\n<p style=\"text-align: justify;\"><strong>W wyniku przekazania informacji personel medyczny w pa\u0144stwach cz\u0142onkowskich UE uzyskuje dost\u0119p do ujednoliconych danych. Zastosowanie tego kodu umo\u017cliwia o\u015brodkom zatru\u0107 szybkie udzielanie informacji o niebezpiecznej mieszaninie w sytuacjach zagro\u017cenia zdrowia i \u017cycia.<\/strong><\/p>\n<p style=\"text-align: justify;\"><strong>Przepisy dotycz\u0105ce stosowania UFI, jak r\u00f3wnie\u017c zg\u0142osze\u0144 PCN oraz oznakowania mieszanin, okre\u015blono w rozporz\u0105dzeniu Komisji (UE) 2017\/542, kt\u00f3re zmienia rozporz\u0105dzenie (WE) nr 1272\/2008 (CLP) poprzez dodanie do niego za\u0142\u0105cznika VIII. Przepisy te obowi\u0105zuj\u0105 we wszystkich pa\u0144stwach cz\u0142onkowskich EOG.<\/strong><\/p>\n<p>&nbsp;<\/p>\n<h2 style=\"text-align: justify;\">Cel wprowadzenia niepowtarzalnego identyfikatora postaci czynnej<\/h2>\n<p style=\"text-align: justify;\">Dzi\u0119ki nadaniu kodu UFI (kt\u00f3ry jest przekazywany w\u0142a\u015bciwym organom w trakcie procedury przekazywania informacji do PCN) sk\u0142ad danej mieszaniny jest jednoznacznie okre\u015blony, co pomaga w szybkiej reakcji w nag\u0142ej sytuacji. Jednocze\u015bnie umo\u017cliwia to bezpieczne przekazywanie informacji o sk\u0142adzie. W\u0142a\u015bciwy organ pa\u0144stwa cz\u0142onkowskiego otrzymuje dane przekazane w ramach zg\u0142oszenia.<\/p>\n<p>&nbsp;<\/p>\n<h2 style=\"text-align: justify;\">Strategiczne podej\u015bcie<\/h2>\n<h4 style=\"text-align: justify;\"><span style=\"color: #333333;\">Mo\u017cliwe metody tworzenia niepowtarzalnego identyfikatora postaci czynnej<\/span><\/h4>\n<p style=\"text-align: justify;\"><strong>Podej\u015bcie oparte na mieszaninie<\/strong><\/p>\n<p style=\"text-align: justify;\">Sk\u0142ad konkretnej mieszaniny jest identyfikowany za pomoc\u0105 przypisanego jej kodu UFI.<\/p>\n<p style=\"text-align: justify;\">Produkty o identycznym sk\u0142adzie, ale r\u00f3\u017cnych nazwach handlowych (gdy ta sama mieszanina jest wprowadzana do obrotu pod r\u00f3\u017cnymi nazwami), mog\u0105 otrzyma\u0107 ten sam kod UFI.<\/p>\n<p style=\"text-align: justify;\"><strong>Podej\u015bcie oparte na produkcie<\/strong><\/p>\n<p style=\"text-align: justify;\">Wszystkie produkty otrzymuj\u0105 indywidualne kody UFI.<\/p>\n<p style=\"text-align: justify;\">W tym przypadku produkt mo\u017ce otrzyma\u0107 wi\u0119cej ni\u017c jeden kod UFI. Ma to zastosowanie wtedy, gdy jedna mieszanina jest wprowadzana do obrotu pod wieloma r\u00f3\u017cnymi nazwami handlowymi (nazwami produktu).<\/p>\n<p style=\"text-align: justify;\"><em>Dla lepszego zrozumienia podej\u015bcia opartego na mieszaninie i produkcie niezb\u0119dne jest podanie definicji mieszaniny i produktu:<\/em><\/p>\n<p style=\"text-align: justify;\"><strong>Mieszanina:<\/strong><\/p>\n<p style=\"text-align: justify;\"><em>Zawiera co najmniej dwa sk\u0142adniki (kt\u00f3rymi mog\u0105 by\u0107 r\u00f3wnie\u017c substancje lub mieszaniny \u2013 MiM, mieszanina w mieszaninie).<\/em><\/p>\n<p style=\"text-align: justify;\"><em>W\u0142a\u015bciwo\u015bci mieszaniny zale\u017c\u0105 g\u0142\u00f3wnie od jej sk\u0142adu i w\u0142a\u015bciwo\u015bci fizykochemicznych.<\/em><\/p>\n<p style=\"text-align: justify;\"><strong>Produkt:<\/strong><\/p>\n<p style=\"text-align: justify;\"><em>Mieszanina przeznaczona do sprzeda\u017cy, kt\u00f3ra jest zwykle identyfikowana za pomoc\u0105 nazwy handlowej i kt\u00f3rej w\u0142a\u015bciwo\u015bci s\u0105 okre\u015blane m.in. przez opakowanie, etykiet\u0119 oraz kategori\u0119 produktu.<\/em><\/p>\n<p style=\"text-align: justify;\"><strong>Podej\u015bcie zorientowane na rynek<\/strong><\/p>\n<p style=\"text-align: justify;\">Te same mieszaniny otrzymuj\u0105 r\u00f3\u017cne kody UFI, je\u015bli s\u0105 wprowadzane do obrotu w r\u00f3\u017cnych krajach.<\/p>\n<p style=\"text-align: justify;\">Na przyk\u0142ad \u201eProdukt 1\u201d wprowadzony do obrotu w Niemczech otrzymuje kod UFI (\u201eUFI 1\u201d), natomiast \u201eProdukt 1\u201d wprowadzony do obrotu w Hiszpanii otrzymuje inny kod (\u201eUFI 2\u201d).<\/p>\n<p style=\"text-align: justify;\"><strong>Podej\u015bcie skoncentrowane na j\u0119zyku\/etykiecie<\/strong><\/p>\n<p style=\"text-align: justify;\">Podej\u015bcie podobne do \u201epodej\u015bcia zorientowanego na rynek\u201d, ale uwzgl\u0119dniaj\u0105ce r\u00f3wnie\u017c fakt, \u017ce j\u0119zyk urz\u0119dowy niekt\u00f3rych kraj\u00f3w mo\u017ce by\u0107 taki sam (np. j\u0119zyk niemiecki w Niemczech i Austrii).<\/p>\n<p style=\"text-align: center;\">Ka\u017cda z wy\u017cej wymienionych strategii mo\u017ce by\u0107 poprawna, o ile nie zostanie naruszona nast\u0119puj\u0105ca <strong>podstawowa zasada<\/strong>:<\/p>\n<p style=\"text-align: center;\"><strong>UFI musi identyfikowa\u0107 dany sk\u0142ad, a nie obejmowa\u0107 mieszanin o r\u00f3\u017cnym sk\u0142adzie!<\/strong><\/p>\n<p>&nbsp;<\/p>\n<h2 style=\"text-align: left;\">Generator UFI \u2013 tworzenie niepowtarzalnego identyfikatora postaci czynnej<\/h2>\n<p style=\"text-align: justify;\"><a href=\"https:\/\/ufi.echa.europa.eu\/#\/create\">Generator UFI<\/a> jest aplikacj\u0105 internetow\u0105, kt\u00f3ra mo\u017ce by\u0107 u\u017cywana online (w przegl\u0105darce). Korzystanie z niego jest bezp\u0142atne i dost\u0119pne we wszystkich j\u0119zykach urz\u0119dowych Unii Europejskiej.<\/p>\n<p style=\"text-align: justify;\">Niepowtarzalny kod UFI mo\u017cna utworzy\u0107, podaj\u0105c numer VAT firmy oraz wewn\u0119trzny identyfikator formulacji (numer formulacji mieszaniny). Generator tworzy kod na podstawie tych danych.<\/p>\n<p style=\"text-align: justify;\"><strong>Wa\u017cne!<\/strong><\/p>\n<ul>\n<li style=\"text-align: justify;\">System nie zapisuje automatycznie utworzonych kod\u00f3w UFI. U\u017cytkownik musi je zapisa\u0107 we w\u0142asnym zakresie.<\/li>\n<li style=\"text-align: justify;\">UFI mo\u017cna utworzy\u0107 bez numeru VAT, ale t\u0119 opcj\u0119 nale\u017cy wybra\u0107 wy\u0142\u0105cznie wtedy, gdy firma rzeczywi\u015bcie nie posiada numeru VAT.<\/li>\n<li style=\"text-align: justify;\">W kolejnym kroku nale\u017cy sprawdzi\u0107 poprawno\u015b\u0107 utworzonego kodu UFI (walidacja).<\/li>\n<\/ul>\n<p>&nbsp;<\/p>\n<h2 style=\"text-align: justify;\">Wa\u017cno\u015b\u0107 UFI<\/h2>\n<p style=\"text-align: justify;\"><strong>Kiedy konieczna jest aktualizacja UFI:<\/strong><\/p>\n<p style=\"text-align: justify;\">W przypadku zmiany sk\u0142adu mo\u017ce by\u0107 konieczne utworzenie nowego UFI (je\u017celi zakres zmiany przekracza granice okre\u015blone w przepisach \u2013 patrz poni\u017cej).<\/p>\n<p style=\"text-align: justify;\">Nowy UFI jest generowany na podstawie tego samego numeru VAT firmy, ale z nowym wewn\u0119trznym identyfikatorem formulacji (numerem formulacji mieszaniny).<\/p>\n<p style=\"text-align: justify;\"><strong>Utworzenie nowego UFI jest konieczne w nast\u0119puj\u0105cych przypadkach:<\/strong><\/p>\n<ul>\n<li style=\"text-align: justify;\">Dodanie, zast\u0105pienie lub usuni\u0119cie sk\u0142adnika.<\/li>\n<li style=\"text-align: justify;\">W przypadku mieszaniny typu MiM (mieszanina w mieszaninie), je\u017celi dostawca zmieni\u0142 kod UFI mieszaniny b\u0119d\u0105cej sk\u0142adnikiem.<\/li>\n<li style=\"text-align: justify;\">Zmiana w sk\u0142adzie przekracza dopuszczalne warto\u015bci st\u0119\u017cenia okre\u015blone w przepisach.<\/li>\n<\/ul>\n<p>&nbsp;<\/p>\n<p style=\"text-align: justify;\"><strong>Zmiana st\u0119\u017cenia sk\u0142adnik\u00f3w mieszaniny powoduje konieczno\u015b\u0107 utworzenia nowego UFI, je\u017celi przekracza dopuszczalne zakresy:<\/strong><\/p>\n<p style=\"text-align: justify;\">St\u0119\u017cenie sk\u0142adnika w mieszaninie (dopuszczalny zakres zmiany):<\/p>\n<ul>\n<li style=\"text-align: justify;\">25\u2013100% (\u00b15%)<\/li>\n<li style=\"text-align: justify;\">10\u201325% (\u00b110%)<\/li>\n<li style=\"text-align: justify;\">2,5\u201310% (\u00b120%)<\/li>\n<li style=\"text-align: justify;\">&lt;2,5% (\u00b130%)<\/li>\n<\/ul>\n<p>&nbsp;<\/p>\n<p style=\"text-align: justify;\">Kroki, kt\u00f3re nale\u017cy podj\u0105\u0107 po utworzeniu nowego UFI:<\/p>\n<ul>\n<li style=\"text-align: justify;\"><a href=\"https:\/\/www.msds-europe.com\/pl\/tworzenie-projektu-etykiety\/\">aktualizacja etykiety<\/a><\/li>\n<li style=\"text-align: justify;\">komunikacja w \u0142a\u0144cuchu dostaw<\/li>\n<li style=\"text-align: justify;\"><a href=\"https:\/\/www.msds-europe.com\/pl\/przekazywanie-informacji-do-pcn\/\">aktualizacja zg\u0142oszenia PCN<\/a> (je\u015bli dotyczy)<\/li>\n<\/ul>\n<p>&nbsp;<\/p>\n<p style=\"text-align: justify;\"><strong>Utworzenie nowego UFI nie jest konieczne, je\u015bli:<\/strong><\/p>\n<ul>\n<li style=\"text-align: justify;\">zmieni\u0142a si\u0119 tylko nazwa handlowa mieszaniny (produktu),<\/li>\n<li style=\"text-align: justify;\">zmiana dotyczy wy\u0142\u0105cznie substancji zapachowych obecnych w produkcie,<\/li>\n<li style=\"text-align: justify;\">zmiana dotyczy jedynie opakowania.<\/li>\n<\/ul>\n<p style=\"text-align: right;\"><em>Dalsze informacje dotycz\u0105ce obowi\u0105zkowej aktualizacji <a href=\"https:\/\/www.msds-europe.com\/pl\/przekazywanie-informacji-do-pcn\/\">informacji przekazywanych do PCN<\/a><\/em><\/p>\n<p>&nbsp;<\/p>\n<h2 style=\"text-align: justify;\">Komunikacja w \u0142a\u0144cuchu dostaw<\/h2>\n<p style=\"text-align: justify;\">Je\u017celi dalszy u\u017cytkownik wykorzystuje mieszanin\u0119 typu MiM (mieszanina w mieszaninie) do przygotowania innej mieszaniny, cz\u0119sto wystarczy zna\u0107 kod UFI zamiast jej pe\u0142nego sk\u0142adu.<\/p>\n<p style=\"text-align: justify;\">Praktyczna korzy\u015b\u0107 polega na tym, \u017ce podczas przekazywania informacji do PCN nale\u017cy wskaza\u0107 niemal ka\u017cdy sk\u0142adnik, co mog\u0142oby powodowa\u0107 powa\u017cne trudno\u015bci w przypadku produktu typu MiM. Sk\u0142ad u\u017cywanej mieszaniny zosta\u0142 prawdopodobnie zg\u0142oszony wcze\u015bniej w \u0142a\u0144cuchu dostaw, a zatem, znaj\u0105c UFI, organ b\u0119dzie mia\u0142 dost\u0119p do informacji o mo\u017cliwych zagro\u017ceniach. Nie trzeba podawa\u0107 na etykiecie kodu UFI mieszaniny u\u017cytej do przygotowania produktu (nale\u017cy poda\u0107 kod UFI produktu ko\u0144cowego), dzi\u0119ki czemu mo\u017cna unikn\u0105\u0107 przekazywania informacji poufnych.<\/p>\n<p style=\"text-align: justify;\">Bior\u0105c pod uwag\u0119 powy\u017csze informacje, bardzo istotne jest informowanie o zmianach kodu UFI mieszanin w \u0142a\u0144cuchu dostaw, poniewa\u017c w takich przypadkach podmioty wykorzystuj\u0105ce mieszanin\u0119 do opracowania w\u0142asnej mieszaniny musz\u0105 zaktualizowa\u0107 swoje zg\u0142oszenie.<\/p>\n<p>&nbsp;<\/p>\n<h2 style=\"text-align: justify;\">Stosowanie UFI na etykietach mieszanin<\/h2>\n<p style=\"text-align: justify;\">Dalsze informacje o umieszczeniu niepowtarzalnego identyfikatora postaci czynnej oraz o etykietach zgodnych z rozporz\u0105dzeniem CLP mo\u017cna znale\u017a\u0107 w naszym artykule zatytu\u0142owanym \u201e<a href=\"https:\/\/www.msds-europe.com\/clp-labelling-in-practice\/\">Oznakowanie CLP w praktyce<\/a>\u201d.<\/p>\n<p>&nbsp;<\/p>\n<h4>Instrukcje dotycz\u0105ce oznakowania<\/h4>\n<p><strong>UFI: xxxx-xxxx-xxxx-xxxx<\/strong><\/p>\n<ul>\n<li style=\"text-align: justify;\">\u201eUFI\u201d \u2013 taki sam we wszystkich j\u0119zykach UE i nie powinien by\u0107 t\u0142umaczony; musi by\u0107 zapisany wielkimi literami.<\/li>\n<li style=\"text-align: justify;\">\u201exxxx-xxxx-xxxx-xxxx\u201d \u2013 kod jest podzielony na cztery bloki, z kt\u00f3rych ka\u017cdy jest oddzielony my\u015blnikiem.<\/li>\n<li style=\"text-align: justify;\">UFI musi by\u0107 wyra\u017anie widoczny i czytelny.<\/li>\n<li style=\"text-align: justify;\">Nie okre\u015blono \u017cadnych szczeg\u00f3lnych wymaga\u0144 typograficznych (np. typu ani rozmiaru czcionki).<\/li>\n<li style=\"text-align: justify;\">UFI musi by\u0107 podany na etykiecie wszystkich produkt\u00f3w zawieraj\u0105cych mieszaniny niebezpieczne.<\/li>\n<li style=\"text-align: justify;\">W przypadku mieszanin niebezpiecznych przeznaczonych wy\u0142\u0105cznie do u\u017cytku przemys\u0142owego oraz mieszanin nieopakowanych UFI mo\u017ce by\u0107 wskazany w karcie charakterystyki.<\/li>\n<li style=\"text-align: justify;\">Powinien by\u0107 trwale umieszczony na etykiecie.<\/li>\n<\/ul>\n<p style=\"text-align: right;\"><em>Nasze us\u0142ugi zwi\u0105zane z <a href=\"https:\/\/www.msds-europe.com\/pl\/ufi-usluga\/\">tworzeniem i zg\u0142aszaniem UFI<\/a><\/em><\/p>\n<p>&nbsp;<\/p>\n<h3>Najcz\u0119\u015bciej zadawane pytania i odpowiedzi<\/h3>\n<p style=\"text-align: justify;\"><div class=\"su-spoiler su-spoiler-style-fancy su-spoiler-icon-chevron su-spoiler-closed\" data-scroll-offset=\"0\" data-anchor-in-url=\"no\"><div class=\"su-spoiler-title\" tabindex=\"0\" role=\"button\"><span class=\"su-spoiler-icon\"><\/span>Czym jest UFI i gdzie musi si\u0119 znajdowa\u0107?<\/div><div class=\"su-spoiler-content su-u-clearfix su-u-trim\">\nUFI (Unique Formula Identifier) to 16-znakowy kod \u0142\u0105cz\u0105cy niebezpieczn\u0105 mieszanin\u0119 z danymi jej zg\u0142oszenia PCN; co do zasady musi by\u0107 umieszczony na etykiecie. W przypadku bardzo ma\u0142ych opakowa\u0144 UFI mo\u017ce by\u0107 umieszczony tu\u017c obok etykiety lub na etykiecie sk\u0142adanej, zgodnie z zasadami oznakowania.<br \/>\n<\/div><\/div>\n<p style=\"text-align: justify;\"><div class=\"su-spoiler su-spoiler-style-fancy su-spoiler-icon-chevron su-spoiler-closed\" data-scroll-offset=\"0\" data-anchor-in-url=\"no\"><div class=\"su-spoiler-title\" tabindex=\"0\" role=\"button\"><span class=\"su-spoiler-icon\"><\/span>Kto odpowiada za utworzenie i zg\u0142oszenie UFI?<\/div><div class=\"su-spoiler-content su-u-clearfix su-u-trim\">\nPodmiot wprowadzaj\u0105cy mieszanin\u0119 do obrotu (producent lub importer) generuje kod za pomoc\u0105 Generatora UFI ECHA i dokonuje przekazywania informacji do PCN zgodnie z rozporz\u0105dzeniem Komisji (UE) 2017\/542.<br \/>\n<\/div><\/div>\n<p style=\"text-align: justify;\"><div class=\"su-spoiler su-spoiler-style-fancy su-spoiler-icon-chevron su-spoiler-closed\" data-scroll-offset=\"0\" data-anchor-in-url=\"no\"><div class=\"su-spoiler-title\" tabindex=\"0\" role=\"button\"><span class=\"su-spoiler-icon\"><\/span>Czy UFI jest obowi\u0105zkowe dla mieszanin niezaklasyfikowanych jako niebezpieczne?<\/div><div class=\"su-spoiler-content su-u-clearfix su-u-trim\">\nNie; je\u015bli mieszanina nie jest sklasyfikowana jako stwarzaj\u0105ca zagro\u017cenie ze wzgl\u0119du na zagro\u017cenia dla zdrowia ani zagro\u017cenia fizyczne, UFI (oraz zg\u0142oszenie PCN) co do zasady nie jest wymagane. W praktyce cz\u0119\u015b\u0107 firm mo\u017ce stosowa\u0107 UFI dobrowolnie w celu ujednolicenia identyfikacji produkt\u00f3w, ale nie wynika to z obowi\u0105zku prawnego.<br \/>\n<\/div><\/div>\n<p>&nbsp;<\/p>\n","protected":false},"excerpt":{"rendered":"<p>Baza wiedzy o kartach charakterystyki \u2013 Niepowtarzalny identyfikator postaci czynnej Niepowtarzalny identyfikator postaci czynnej (UFI) jest 16-znakowym kodem umieszczanym na etykietach mieszanin niebezpiecznych. UFI jest elementem wykorzystywanym podczas przekazywania informacji do PCN (zg\u0142osze\u0144 do o\u015brodk\u00f3w zatru\u0107), kt\u00f3re musi by\u0107 dokonywane w zharmonizowanym formacie. W wyniku przekazania informacji personel medyczny w&#8230;<\/p>\n","protected":false},"author":2,"featured_media":0,"parent":0,"menu_order":0,"comment_status":"closed","ping_status":"closed","template":"","meta":{"_acf_changed":false,"footnotes":""},"tags":[361,302],"class_list":["post-19612","page","type-page","status-publish","hentry","tag-baza-wiedzy-karta-charakterystyk","tag-oznakowanie-clp"],"acf":[],"yoast_head":"<!-- This site is optimized with the Yoast SEO plugin v27.2 - https:\/\/yoast.com\/product\/yoast-seo-wordpress\/ -->\n<title>Niepowtarzalny identyfikator postaci czynnej<\/title>\n<meta name=\"description\" content=\"Praktyczne porady i informacje teoretyczne w jednym miejscu na temat zharmonizowanego przekazywania informacji, planowania strategicznego i tworzenia identyfikatora UFI\" \/>\n<meta name=\"robots\" content=\"index, follow, max-snippet:-1, max-image-preview:large, max-video-preview:-1\" \/>\n<link rel=\"canonical\" href=\"https:\/\/www.msds-europe.com\/pl\/niepowtarzalny-identyfikator-postaci-czynnej\/\" \/>\n<meta property=\"og:locale\" content=\"pl_PL\" \/>\n<meta property=\"og:type\" content=\"article\" \/>\n<meta property=\"og:title\" content=\"Niepowtarzalny identyfikator postaci czynnej\" \/>\n<meta property=\"og:description\" content=\"Praktyczne porady i informacje teoretyczne w jednym miejscu na temat zharmonizowanego przekazywania informacji, planowania strategicznego i tworzenia identyfikatora UFI\" \/>\n<meta property=\"og:url\" content=\"https:\/\/www.msds-europe.com\/pl\/niepowtarzalny-identyfikator-postaci-czynnej\/\" \/>\n<meta property=\"og:site_name\" content=\"MSDS Europe\" \/>\n<meta property=\"article:publisher\" content=\"https:\/\/www.facebook.com\/toxinfokft\/\" \/>\n<meta property=\"article:modified_time\" content=\"2026-02-24T11:42:48+00:00\" \/>\n<meta name=\"twitter:card\" content=\"summary_large_image\" \/>\n<meta name=\"twitter:site\" content=\"@ToxInfoKft\" \/>\n<meta name=\"twitter:label1\" content=\"Szacowany czas czytania\" \/>\n\t<meta name=\"twitter:data1\" content=\"5 minut\" \/>\n<script type=\"application\/ld+json\" class=\"yoast-schema-graph\">{\"@context\":\"https:\/\/schema.org\",\"@graph\":[{\"@type\":\"WebPage\",\"@id\":\"https:\/\/www.msds-europe.com\/pl\/niepowtarzalny-identyfikator-postaci-czynnej\/\",\"url\":\"https:\/\/www.msds-europe.com\/pl\/niepowtarzalny-identyfikator-postaci-czynnej\/\",\"name\":\"Niepowtarzalny identyfikator postaci czynnej\",\"isPartOf\":{\"@id\":\"https:\/\/www.msds-europe.com\/es\/#website\"},\"datePublished\":\"2019-05-07T11:41:38+00:00\",\"dateModified\":\"2026-02-24T11:42:48+00:00\",\"description\":\"Praktyczne porady i informacje teoretyczne w jednym miejscu na temat zharmonizowanego przekazywania informacji, planowania strategicznego i tworzenia identyfikatora UFI\",\"breadcrumb\":{\"@id\":\"https:\/\/www.msds-europe.com\/pl\/niepowtarzalny-identyfikator-postaci-czynnej\/#breadcrumb\"},\"inLanguage\":\"pl-PL\",\"potentialAction\":[{\"@type\":\"ReadAction\",\"target\":[\"https:\/\/www.msds-europe.com\/pl\/niepowtarzalny-identyfikator-postaci-czynnej\/\"]}]},{\"@type\":\"BreadcrumbList\",\"@id\":\"https:\/\/www.msds-europe.com\/pl\/niepowtarzalny-identyfikator-postaci-czynnej\/#breadcrumb\",\"itemListElement\":[{\"@type\":\"ListItem\",\"position\":1,\"name\":\"F\u0151oldal\",\"item\":\"https:\/\/www.msds-europe.com\/pl\/\"},{\"@type\":\"ListItem\",\"position\":2,\"name\":\"Informacje dotycz\u0105ce stosowania UFI (niepowtarzalnego identyfikatora postaci czynnej)\"}]},{\"@type\":\"WebSite\",\"@id\":\"https:\/\/www.msds-europe.com\/es\/#website\",\"url\":\"https:\/\/www.msds-europe.com\/es\/\",\"name\":\"MSDS Europe\",\"description\":\"\",\"publisher\":{\"@id\":\"https:\/\/www.msds-europe.com\/es\/#organization\"},\"potentialAction\":[{\"@type\":\"SearchAction\",\"target\":{\"@type\":\"EntryPoint\",\"urlTemplate\":\"https:\/\/www.msds-europe.com\/es\/?s={search_term_string}\"},\"query-input\":{\"@type\":\"PropertyValueSpecification\",\"valueRequired\":true,\"valueName\":\"search_term_string\"}}],\"inLanguage\":\"pl-PL\"},{\"@type\":\"Organization\",\"@id\":\"https:\/\/www.msds-europe.com\/es\/#organization\",\"name\":\"MSDS-Europe International branch of ToxInfo\",\"url\":\"https:\/\/www.msds-europe.com\/es\/\",\"logo\":{\"@type\":\"ImageObject\",\"inLanguage\":\"pl-PL\",\"@id\":\"https:\/\/www.msds-europe.com\/es\/#\/schema\/logo\/image\/\",\"url\":\"https:\/\/www.msds-europe.com\/wp-content\/uploads\/2021\/04\/msds-europe-logo.jpg\",\"contentUrl\":\"https:\/\/www.msds-europe.com\/wp-content\/uploads\/2021\/04\/msds-europe-logo.jpg\",\"width\":2296,\"height\":1067,\"caption\":\"MSDS-Europe International branch of ToxInfo\"},\"image\":{\"@id\":\"https:\/\/www.msds-europe.com\/es\/#\/schema\/logo\/image\/\"},\"sameAs\":[\"https:\/\/www.facebook.com\/toxinfokft\/\",\"https:\/\/x.com\/ToxInfoKft\"]}]}<\/script>\n<!-- \/ Yoast SEO plugin. -->","yoast_head_json":{"title":"Niepowtarzalny identyfikator postaci czynnej","description":"Praktyczne porady i informacje teoretyczne w jednym miejscu na temat zharmonizowanego przekazywania informacji, planowania strategicznego i tworzenia identyfikatora UFI","robots":{"index":"index","follow":"follow","max-snippet":"max-snippet:-1","max-image-preview":"max-image-preview:large","max-video-preview":"max-video-preview:-1"},"canonical":"https:\/\/www.msds-europe.com\/pl\/niepowtarzalny-identyfikator-postaci-czynnej\/","og_locale":"pl_PL","og_type":"article","og_title":"Niepowtarzalny identyfikator postaci czynnej","og_description":"Praktyczne porady i informacje teoretyczne w jednym miejscu na temat zharmonizowanego przekazywania informacji, planowania strategicznego i tworzenia identyfikatora UFI","og_url":"https:\/\/www.msds-europe.com\/pl\/niepowtarzalny-identyfikator-postaci-czynnej\/","og_site_name":"MSDS Europe","article_publisher":"https:\/\/www.facebook.com\/toxinfokft\/","article_modified_time":"2026-02-24T11:42:48+00:00","twitter_card":"summary_large_image","twitter_site":"@ToxInfoKft","twitter_misc":{"Szacowany czas czytania":"5 minut"},"schema":{"@context":"https:\/\/schema.org","@graph":[{"@type":"WebPage","@id":"https:\/\/www.msds-europe.com\/pl\/niepowtarzalny-identyfikator-postaci-czynnej\/","url":"https:\/\/www.msds-europe.com\/pl\/niepowtarzalny-identyfikator-postaci-czynnej\/","name":"Niepowtarzalny identyfikator postaci czynnej","isPartOf":{"@id":"https:\/\/www.msds-europe.com\/es\/#website"},"datePublished":"2019-05-07T11:41:38+00:00","dateModified":"2026-02-24T11:42:48+00:00","description":"Praktyczne porady i informacje teoretyczne w jednym miejscu na temat zharmonizowanego przekazywania informacji, planowania strategicznego i tworzenia identyfikatora UFI","breadcrumb":{"@id":"https:\/\/www.msds-europe.com\/pl\/niepowtarzalny-identyfikator-postaci-czynnej\/#breadcrumb"},"inLanguage":"pl-PL","potentialAction":[{"@type":"ReadAction","target":["https:\/\/www.msds-europe.com\/pl\/niepowtarzalny-identyfikator-postaci-czynnej\/"]}]},{"@type":"BreadcrumbList","@id":"https:\/\/www.msds-europe.com\/pl\/niepowtarzalny-identyfikator-postaci-czynnej\/#breadcrumb","itemListElement":[{"@type":"ListItem","position":1,"name":"F\u0151oldal","item":"https:\/\/www.msds-europe.com\/pl\/"},{"@type":"ListItem","position":2,"name":"Informacje dotycz\u0105ce stosowania UFI (niepowtarzalnego identyfikatora postaci czynnej)"}]},{"@type":"WebSite","@id":"https:\/\/www.msds-europe.com\/es\/#website","url":"https:\/\/www.msds-europe.com\/es\/","name":"MSDS Europe","description":"","publisher":{"@id":"https:\/\/www.msds-europe.com\/es\/#organization"},"potentialAction":[{"@type":"SearchAction","target":{"@type":"EntryPoint","urlTemplate":"https:\/\/www.msds-europe.com\/es\/?s={search_term_string}"},"query-input":{"@type":"PropertyValueSpecification","valueRequired":true,"valueName":"search_term_string"}}],"inLanguage":"pl-PL"},{"@type":"Organization","@id":"https:\/\/www.msds-europe.com\/es\/#organization","name":"MSDS-Europe International branch of ToxInfo","url":"https:\/\/www.msds-europe.com\/es\/","logo":{"@type":"ImageObject","inLanguage":"pl-PL","@id":"https:\/\/www.msds-europe.com\/es\/#\/schema\/logo\/image\/","url":"https:\/\/www.msds-europe.com\/wp-content\/uploads\/2021\/04\/msds-europe-logo.jpg","contentUrl":"https:\/\/www.msds-europe.com\/wp-content\/uploads\/2021\/04\/msds-europe-logo.jpg","width":2296,"height":1067,"caption":"MSDS-Europe International branch of ToxInfo"},"image":{"@id":"https:\/\/www.msds-europe.com\/es\/#\/schema\/logo\/image\/"},"sameAs":["https:\/\/www.facebook.com\/toxinfokft\/","https:\/\/x.com\/ToxInfoKft"]}]}},"_links":{"self":[{"href":"https:\/\/www.msds-europe.com\/pl\/wp-json\/wp\/v2\/pages\/19612","targetHints":{"allow":["GET"]}}],"collection":[{"href":"https:\/\/www.msds-europe.com\/pl\/wp-json\/wp\/v2\/pages"}],"about":[{"href":"https:\/\/www.msds-europe.com\/pl\/wp-json\/wp\/v2\/types\/page"}],"author":[{"embeddable":true,"href":"https:\/\/www.msds-europe.com\/pl\/wp-json\/wp\/v2\/users\/2"}],"replies":[{"embeddable":true,"href":"https:\/\/www.msds-europe.com\/pl\/wp-json\/wp\/v2\/comments?post=19612"}],"version-history":[{"count":12,"href":"https:\/\/www.msds-europe.com\/pl\/wp-json\/wp\/v2\/pages\/19612\/revisions"}],"predecessor-version":[{"id":37709,"href":"https:\/\/www.msds-europe.com\/pl\/wp-json\/wp\/v2\/pages\/19612\/revisions\/37709"}],"wp:attachment":[{"href":"https:\/\/www.msds-europe.com\/pl\/wp-json\/wp\/v2\/media?parent=19612"}],"wp:term":[{"taxonomy":"post_tag","embeddable":true,"href":"https:\/\/www.msds-europe.com\/pl\/wp-json\/wp\/v2\/tags?post=19612"}],"curies":[{"name":"wp","href":"https:\/\/api.w.org\/{rel}","templated":true}]}}