{"id":6279,"date":"2018-06-27T04:08:22","date_gmt":"2018-06-27T04:08:22","guid":{"rendered":"http:\/\/www.msds-europe.com\/?page_id=6279"},"modified":"2018-06-27T04:08:22","modified_gmt":"2018-06-27T04:08:22","slug":"gestione-degli-id-dei-visitatori-anonimi-cookie","status":"publish","type":"page","link":"https:\/\/www.msds-europe.com\/it\/gestione-degli-id-dei-visitatori-anonimi-cookie\/","title":{"rendered":"Gestione degli ID dei visitatori anonimi (cookie)"},"content":{"rendered":"<p>Un ID di un visitatore anonimo (cookie) \u00e8 una sequenza univoca di caratteri in grado di venire utilizzati per identificare e memorizzare le informazioni del profilo messe dai provider sui computer dei visitatori. \u00c8 importante sapere che poich\u00e9 l&#8217;intero indirizzo IP non viene memorizzato durante l&#8217;uso, una tale sequenza di caratteri in s\u00e9 non pu\u00f2 identificare un visitatore in alcun modo e consente soltanto il riconoscimento del computer del visitatore.<\/p>\n<p>ToxInfo srl gestisce gli ID anonimi per ottenere maggiori informazioni su come i propri visitatori utilizzano le informazioni al fine di migliorare la qualit\u00e0 dei propri servizi e visualizzare pagine personalizzate e materiali marketing (pubblicitari) per i clienti che visitano il sito web. Gli ID dei visitatori anonimi non sono collegati a un database personale; tuttavia, gli ID anonimi spersonalizzati creati quando si visita uno qualsiasi dei siti web del portfolio di ToxInfo srl o di eventuali terze parti contraenti saranno collegati per contribuire a migliorare la qualit\u00e0 del servizio.<\/p>\n","protected":false},"excerpt":{"rendered":"<p>Un ID di un visitatore anonimo (cookie) \u00e8 una sequenza univoca di caratteri in grado di venire utilizzati per identificare e memorizzare le informazioni del profilo messe dai provider sui computer dei visitatori. \u00c8 importante sapere che poich\u00e9 l&#8217;intero indirizzo IP non viene memorizzato durante l&#8217;uso, una tale sequenza di&#8230;<\/p>\n","protected":false},"author":1,"featured_media":0,"parent":0,"menu_order":0,"comment_status":"closed","ping_status":"closed","template":"","meta":{"_acf_changed":false,"footnotes":""},"tags":[],"class_list":["post-6279","page","type-page","status-publish","hentry"],"acf":[],"yoast_head":"<!-- This site is optimized with the Yoast SEO plugin v27.2 - https:\/\/yoast.com\/product\/yoast-seo-wordpress\/ -->\n<title>Gestione degli ID dei visitatori anonimi (cookie) - MSDS Europe<\/title>\n<meta name=\"robots\" content=\"index, follow, max-snippet:-1, max-image-preview:large, max-video-preview:-1\" \/>\n<link rel=\"canonical\" href=\"https:\/\/www.msds-europe.com\/it\/gestione-degli-id-dei-visitatori-anonimi-cookie\/\" \/>\n<meta property=\"og:locale\" content=\"it_IT\" \/>\n<meta property=\"og:type\" content=\"article\" \/>\n<meta property=\"og:title\" content=\"Gestione degli ID dei visitatori anonimi (cookie) - MSDS Europe\" \/>\n<meta property=\"og:description\" content=\"Un ID di un visitatore anonimo (cookie) \u00e8 una sequenza univoca di caratteri in grado di venire utilizzati per identificare e memorizzare le informazioni del profilo messe dai provider sui computer dei visitatori. \u00c8 importante sapere che poich\u00e9 l&#8217;intero indirizzo IP non viene memorizzato durante l&#8217;uso, una tale sequenza di...\" \/>\n<meta property=\"og:url\" content=\"https:\/\/www.msds-europe.com\/it\/gestione-degli-id-dei-visitatori-anonimi-cookie\/\" \/>\n<meta property=\"og:site_name\" content=\"MSDS Europe\" \/>\n<meta property=\"article:publisher\" content=\"https:\/\/www.facebook.com\/toxinfokft\/\" \/>\n<meta name=\"twitter:card\" content=\"summary_large_image\" \/>\n<meta name=\"twitter:site\" content=\"@ToxInfoKft\" \/>\n<meta name=\"twitter:label1\" content=\"Tempo di lettura stimato\" \/>\n\t<meta name=\"twitter:data1\" content=\"1 minuto\" \/>\n<script type=\"application\/ld+json\" class=\"yoast-schema-graph\">{\"@context\":\"https:\/\/schema.org\",\"@graph\":[{\"@type\":\"WebPage\",\"@id\":\"https:\/\/www.msds-europe.com\/it\/gestione-degli-id-dei-visitatori-anonimi-cookie\/\",\"url\":\"https:\/\/www.msds-europe.com\/it\/gestione-degli-id-dei-visitatori-anonimi-cookie\/\",\"name\":\"Gestione degli ID dei visitatori anonimi (cookie) - MSDS Europe\",\"isPartOf\":{\"@id\":\"https:\/\/www.msds-europe.com\/es\/#website\"},\"datePublished\":\"2018-06-27T04:08:22+00:00\",\"breadcrumb\":{\"@id\":\"https:\/\/www.msds-europe.com\/it\/gestione-degli-id-dei-visitatori-anonimi-cookie\/#breadcrumb\"},\"inLanguage\":\"it-IT\",\"potentialAction\":[{\"@type\":\"ReadAction\",\"target\":[\"https:\/\/www.msds-europe.com\/it\/gestione-degli-id-dei-visitatori-anonimi-cookie\/\"]}]},{\"@type\":\"BreadcrumbList\",\"@id\":\"https:\/\/www.msds-europe.com\/it\/gestione-degli-id-dei-visitatori-anonimi-cookie\/#breadcrumb\",\"itemListElement\":[{\"@type\":\"ListItem\",\"position\":1,\"name\":\"F\u0151oldal\",\"item\":\"https:\/\/www.msds-europe.com\/it\/\"},{\"@type\":\"ListItem\",\"position\":2,\"name\":\"Gestione degli ID dei visitatori anonimi (cookie)\"}]},{\"@type\":\"WebSite\",\"@id\":\"https:\/\/www.msds-europe.com\/es\/#website\",\"url\":\"https:\/\/www.msds-europe.com\/es\/\",\"name\":\"MSDS Europe\",\"description\":\"\",\"publisher\":{\"@id\":\"https:\/\/www.msds-europe.com\/es\/#organization\"},\"potentialAction\":[{\"@type\":\"SearchAction\",\"target\":{\"@type\":\"EntryPoint\",\"urlTemplate\":\"https:\/\/www.msds-europe.com\/es\/?s={search_term_string}\"},\"query-input\":{\"@type\":\"PropertyValueSpecification\",\"valueRequired\":true,\"valueName\":\"search_term_string\"}}],\"inLanguage\":\"it-IT\"},{\"@type\":\"Organization\",\"@id\":\"https:\/\/www.msds-europe.com\/es\/#organization\",\"name\":\"MSDS-Europe International branch of ToxInfo\",\"url\":\"https:\/\/www.msds-europe.com\/es\/\",\"logo\":{\"@type\":\"ImageObject\",\"inLanguage\":\"it-IT\",\"@id\":\"https:\/\/www.msds-europe.com\/es\/#\/schema\/logo\/image\/\",\"url\":\"https:\/\/www.msds-europe.com\/wp-content\/uploads\/2021\/04\/msds-europe-logo.jpg\",\"contentUrl\":\"https:\/\/www.msds-europe.com\/wp-content\/uploads\/2021\/04\/msds-europe-logo.jpg\",\"width\":2296,\"height\":1067,\"caption\":\"MSDS-Europe International branch of ToxInfo\"},\"image\":{\"@id\":\"https:\/\/www.msds-europe.com\/es\/#\/schema\/logo\/image\/\"},\"sameAs\":[\"https:\/\/www.facebook.com\/toxinfokft\/\",\"https:\/\/x.com\/ToxInfoKft\"]}]}<\/script>\n<!-- \/ Yoast SEO plugin. -->","yoast_head_json":{"title":"Gestione degli ID dei visitatori anonimi (cookie) - MSDS Europe","robots":{"index":"index","follow":"follow","max-snippet":"max-snippet:-1","max-image-preview":"max-image-preview:large","max-video-preview":"max-video-preview:-1"},"canonical":"https:\/\/www.msds-europe.com\/it\/gestione-degli-id-dei-visitatori-anonimi-cookie\/","og_locale":"it_IT","og_type":"article","og_title":"Gestione degli ID dei visitatori anonimi (cookie) - MSDS Europe","og_description":"Un ID di un visitatore anonimo (cookie) \u00e8 una sequenza univoca di caratteri in grado di venire utilizzati per identificare e memorizzare le informazioni del profilo messe dai provider sui computer dei visitatori. \u00c8 importante sapere che poich\u00e9 l&#8217;intero indirizzo IP non viene memorizzato durante l&#8217;uso, una tale sequenza di...","og_url":"https:\/\/www.msds-europe.com\/it\/gestione-degli-id-dei-visitatori-anonimi-cookie\/","og_site_name":"MSDS Europe","article_publisher":"https:\/\/www.facebook.com\/toxinfokft\/","twitter_card":"summary_large_image","twitter_site":"@ToxInfoKft","twitter_misc":{"Tempo di lettura stimato":"1 minuto"},"schema":{"@context":"https:\/\/schema.org","@graph":[{"@type":"WebPage","@id":"https:\/\/www.msds-europe.com\/it\/gestione-degli-id-dei-visitatori-anonimi-cookie\/","url":"https:\/\/www.msds-europe.com\/it\/gestione-degli-id-dei-visitatori-anonimi-cookie\/","name":"Gestione degli ID dei visitatori anonimi (cookie) - MSDS Europe","isPartOf":{"@id":"https:\/\/www.msds-europe.com\/es\/#website"},"datePublished":"2018-06-27T04:08:22+00:00","breadcrumb":{"@id":"https:\/\/www.msds-europe.com\/it\/gestione-degli-id-dei-visitatori-anonimi-cookie\/#breadcrumb"},"inLanguage":"it-IT","potentialAction":[{"@type":"ReadAction","target":["https:\/\/www.msds-europe.com\/it\/gestione-degli-id-dei-visitatori-anonimi-cookie\/"]}]},{"@type":"BreadcrumbList","@id":"https:\/\/www.msds-europe.com\/it\/gestione-degli-id-dei-visitatori-anonimi-cookie\/#breadcrumb","itemListElement":[{"@type":"ListItem","position":1,"name":"F\u0151oldal","item":"https:\/\/www.msds-europe.com\/it\/"},{"@type":"ListItem","position":2,"name":"Gestione degli ID dei visitatori anonimi (cookie)"}]},{"@type":"WebSite","@id":"https:\/\/www.msds-europe.com\/es\/#website","url":"https:\/\/www.msds-europe.com\/es\/","name":"MSDS Europe","description":"","publisher":{"@id":"https:\/\/www.msds-europe.com\/es\/#organization"},"potentialAction":[{"@type":"SearchAction","target":{"@type":"EntryPoint","urlTemplate":"https:\/\/www.msds-europe.com\/es\/?s={search_term_string}"},"query-input":{"@type":"PropertyValueSpecification","valueRequired":true,"valueName":"search_term_string"}}],"inLanguage":"it-IT"},{"@type":"Organization","@id":"https:\/\/www.msds-europe.com\/es\/#organization","name":"MSDS-Europe International branch of ToxInfo","url":"https:\/\/www.msds-europe.com\/es\/","logo":{"@type":"ImageObject","inLanguage":"it-IT","@id":"https:\/\/www.msds-europe.com\/es\/#\/schema\/logo\/image\/","url":"https:\/\/www.msds-europe.com\/wp-content\/uploads\/2021\/04\/msds-europe-logo.jpg","contentUrl":"https:\/\/www.msds-europe.com\/wp-content\/uploads\/2021\/04\/msds-europe-logo.jpg","width":2296,"height":1067,"caption":"MSDS-Europe International branch of ToxInfo"},"image":{"@id":"https:\/\/www.msds-europe.com\/es\/#\/schema\/logo\/image\/"},"sameAs":["https:\/\/www.facebook.com\/toxinfokft\/","https:\/\/x.com\/ToxInfoKft"]}]}},"_links":{"self":[{"href":"https:\/\/www.msds-europe.com\/it\/wp-json\/wp\/v2\/pages\/6279","targetHints":{"allow":["GET"]}}],"collection":[{"href":"https:\/\/www.msds-europe.com\/it\/wp-json\/wp\/v2\/pages"}],"about":[{"href":"https:\/\/www.msds-europe.com\/it\/wp-json\/wp\/v2\/types\/page"}],"author":[{"embeddable":true,"href":"https:\/\/www.msds-europe.com\/it\/wp-json\/wp\/v2\/users\/1"}],"replies":[{"embeddable":true,"href":"https:\/\/www.msds-europe.com\/it\/wp-json\/wp\/v2\/comments?post=6279"}],"version-history":[{"count":1,"href":"https:\/\/www.msds-europe.com\/it\/wp-json\/wp\/v2\/pages\/6279\/revisions"}],"predecessor-version":[{"id":6280,"href":"https:\/\/www.msds-europe.com\/it\/wp-json\/wp\/v2\/pages\/6279\/revisions\/6280"}],"wp:attachment":[{"href":"https:\/\/www.msds-europe.com\/it\/wp-json\/wp\/v2\/media?parent=6279"}],"wp:term":[{"taxonomy":"post_tag","embeddable":true,"href":"https:\/\/www.msds-europe.com\/it\/wp-json\/wp\/v2\/tags?post=6279"}],"curies":[{"name":"wp","href":"https:\/\/api.w.org\/{rel}","templated":true}]}}