{"id":5951,"date":"2018-06-25T13:06:48","date_gmt":"2018-06-25T13:06:48","guid":{"rendered":"http:\/\/www.msds-europe.com\/responsabilita-della-persona-responsabile\/"},"modified":"2018-07-04T06:50:02","modified_gmt":"2018-07-04T06:50:02","slug":"responsabilita-della-persona-responsabile","status":"publish","type":"page","link":"https:\/\/www.msds-europe.com\/it\/responsabilita-della-persona-responsabile\/","title":{"rendered":"Responsabilit\u00e0 della persona responsabile"},"content":{"rendered":"<p style=\"text-align: right;\"><em><a href=\"http:\/\/www.msds-europe.com\/it\/prodotti-cosmetici\/\">Base delle conoscenze per i prodotti cosmetici\u00a0<\/a>\u2013\u00a0Responsabilit\u00e0 della persona responsabile<\/em><\/p>\n<p>&nbsp;<\/p>\n<p style=\"text-align: justify;\">In conformit\u00e0 col <a href=\"http:\/\/www.msds-europe.com\/it\/sicurezza-chimica-modifiche-normative\/\">Regolamento 1223\/2009\/CE<\/a>, \u00e8 possibile distinguere due partecipanti principali i cui obblighi e responsabilit\u00e0 sono diverse, questo \u00e8 il motivo per cui \u00e8 estremamente significativo all\u2019inizio determinare a quale categoria appartiene la nostra azienda.<\/p>\n<p>&nbsp;<\/p>\n<h2>Persona responsabile<\/h2>\n<p style=\"text-align: justify;\">Per un prodotto cosmetico fabbricato all&#8217;interno della Comunit\u00e0 e non successivamente esportato e reimportato nella Comunit\u00e0, la persona responsabile sar\u00e0 il costruttore stabilitosi all\u2019interno della Comunit\u00e0.<\/p>\n<p style=\"text-align: justify;\">Nel caso di un prodotto cosmetico importato, ogni importatore sar\u00e0 la persona responsabile per il prodotto cosmetico specifico che immetter\u00e0 sul mercato.\u00a0 l\u2019importatore pu\u00f2 designare tramite mandato scritto una persona stabilitasi all&#8217;interno della Comunit\u00e0 come persona responsabile, che accetta per iscritto.<\/p>\n<p style=\"text-align: justify;\">Se il distributore immette un prodotto cosmetico sul mercato col proprio nome o marchio, o cambia il prodotto gi\u00e0 sul mercato in modo che possa effettuare la conformit\u00e0 del prodotto con i requisiti, egli \u00e8 considerato la persona responsabile.<\/p>\n<p>&nbsp;<\/p>\n<h2 style=\"text-align: justify;\">La persona responsabile pu\u00f2 essere<\/h2>\n<ul>\n<li style=\"text-align: justify;\">il fabbricante (se si \u00e8 stabilito all\u2019interno dell\u2019Unione Europea)<\/li>\n<li style=\"text-align: justify;\">l\u2019importatore (se il fabbricante del prodotto si \u00e8 stabilito al di fuori dell&#8217;Unione Europea)<\/li>\n<li style=\"text-align: justify;\">il distributore (se immettono il prodotto sul mercato col loro proprio marchio)<\/li>\n<li style=\"text-align: justify;\">persona o societ\u00e0 incaricata (nominata dal produttore o dall&#8217;importatore e che accetta per iscritto)<\/li>\n<\/ul>\n<p style=\"text-align: justify;\">La persona responsabile \u00e8 obbligata a garantire che il prodotto cosmetico soddisfi i requisiti del Regolamento 1223\/2009\/CE.<\/p>\n<p>&nbsp;<\/p>\n<h2 style=\"text-align: justify;\">In conformit\u00e0 col regolamento, un prodotto cosmetico pu\u00f2 essere distribuito solamente<\/h2>\n<ul>\n<li style=\"text-align: justify;\"><a href=\"http:\/\/www.msds-europe.com\/it\/creazione-valutazione-sicurezza-cosmetici\/\">se ha la valutazione della sicurezza e il rapporto sulla sicurezza<\/a><\/li>\n<li style=\"text-align: justify;\">Documento informativo del prodotto (PIF)<\/li>\n<li><a href=\"http:\/\/www.msds-europe.com\/it\/etichetta-traduzione-cosmetici\/\">etichettatura appropriata<\/a><\/li>\n<li style=\"text-align: justify;\">e la produzione \u00e8 fatta secondo le indicazioni di ISO 22716, adeguate alla buona prassi di fabbricazione (GMP).<\/li>\n<\/ul>\n<p>&nbsp;<\/p>\n<h2 style=\"text-align: justify;\">Compilazione della valutazione della sicurezza e la relazione sulla sicurezza del prodotto<\/h2>\n<p style=\"text-align: justify;\">La valutazione della sicurezza e la relazione sulla sicurezza del prodotto basata su di essa hanno lo scopo di dimostrare che i prodotti cosmetici sono sicuri per la salute umana se applicati in condizioni normali o ragionevolmente prevedibili.<\/p>\n<p style=\"text-align: justify;\">La persona responsabile garantisce che i prodotti cosmetici, prima dell\u2019immissione sul mercato, siano stati sottoposti alla valutazione della sicurezza sulla base delle informazioni pertinenti e che sia stata elaborata una relazione sulla sicurezza dei prodotti cosmetici e la relazione sulla sicurezza dei prodotti cosmetici sia aggiornata tenendo conto delle informazioni supplementari pertinenti disponibili successivamente all\u2019immissione sul mercato del prodotto.<\/p>\n<p style=\"text-align: justify;\">La valutazione della sicurezza del prodotto cosmetico \u00e8 una parte essenziale di una documentazione informativa (PIF) necessaria per la distribuzione del prodotto cosmetico.<\/p>\n<p>&nbsp;<\/p>\n<h2 style=\"text-align: justify;\">Compilazione di una documentazione informativa del prodotto (PIF)<\/h2>\n<p style=\"text-align: justify;\">La compilazione di una documentazione informativa in accordo col Regolamento 1223\/2009\/CE \u00e8 il criterio della distribuzione e della procedura di notifica UE dei prodotti cosmetici (cosmetici).<\/p>\n<p style=\"text-align: justify;\"><strong>La documentazione informativa (PIF) contiene le seguenti informazioni:<\/strong><\/p>\n<ul>\n<li style=\"text-align: justify;\">una descrizione del prodotto cosmetico<\/li>\n<li style=\"text-align: justify;\">la relazione sulla sicurezza del prodotto<\/li>\n<li>una descrizione del metodo di fabbricazione<\/li>\n<li style=\"text-align: justify;\">una dichiarazione relativa all\u2019osservanza delle buone pratiche di fabbricazione (GMP)<\/li>\n<li style=\"text-align: justify;\">qualora la natura degli effetti o del prodotto lo giustifichi, le prove degli effetti attribuiti al prodotto cosmetico<\/li>\n<li style=\"text-align: justify;\">i dati concernenti le sperimentazioni animali relativamente allo sviluppo o alla valutazione della sicurezza del prodotto cosmetico o dei suoi ingredient<\/li>\n<\/ul>\n<p style=\"text-align: justify;\">La persona responsabile tiene la documentazione informativa sul prodotto ad immediata disposizione delle autorit\u00e0 competenti dello Stato membro in cui tale documentazione viene tenuta, in formato elettronico o di altro tipo presso il proprio indirizzo indicato sull\u2019etichetta. Le informazioni contenute nella documentazione informativa sul prodotto sono disponibili in una lingua facilmente comprensibile per le autorit\u00e0 competenti dello Stato membro.<\/p>\n<p style=\"text-align: justify;\">La documentazione informativa sul prodotto \u00e8 conservata per un periodo di dieci anni dopo la data in cui l\u2019ultimo lotto del prodotto cosmetico \u00e8 stato immesso sul mercato.<\/p>\n<p>&nbsp;<\/p>\n<h2>Elementi dell\u2019etichetta<\/h2>\n<p style=\"text-align: justify;\">I prodotti cosmetici sono messi a disposizione sul mercato solamente se il recipiente e l\u2019imballaggio dei prodotti cosmetici recano le seguenti indicazioni, in caratteri indelebili, facilmente leggibili e visibili:<\/p>\n<p style=\"text-align: justify;\">1. Il nome o la ragione sociale e l\u2019indirizzo della persona responsabile. Nazione d\u2019origine in caso di prodotti cosmetici importati.<\/p>\n<p style=\"text-align: justify;\">2. Il contenuto nominale al momento del confezionamento, espresso in peso o in volume<\/p>\n<p style=\"text-align: justify;\">(Fatta eccezione: per quanto riguarda gli imballaggi preconfezionati, che vengono solitamente commercializzati per insieme di pezzi e per i quali l\u2019indicazione del peso o del volume non ha alcun rilievo; per gli imballaggi con un contenuto inferiore a 5 g o a 5 ml, i campioni gratuiti e le monodosi).<\/p>\n<p style=\"text-align: justify;\">3. La data di durata minima<\/p>\n<p style=\"text-align: justify;\">a, L\u2019indicazione della data di durata minima per i prodotti cosmetici che abbiano una durata minima inferiore ai trenta mesi.<\/p>\n<p style=\"text-align: justify;\">Formato appropriato: dopo la data del simbolo di durata minima o la dicitura \u201cconsumare entro il\u201d, la data di durata minima deve essere chiaramente espressa e deve essere composta dal mese e dall\u2019anno, o da giorno, mese e anno, in quest\u2019ordine.<\/p>\n<p style=\"text-align: justify;\">Se la conservazione minima \u00e8 superiore a trenta mesi, il consumatore dovrebbe essere informato sul periodo di tempo in cui il prodotto cosmetico, una volta aperto, pu\u00f2 essere utilizzato senza effetti nocivi per il consumatore.\u00a0 Il simbolo di durata minima \u00e8 seguito dal tempo indicato in mesi e\/o anni, tale requisito non dovrebbe applicarsi se il concetto di durata dopo l\u2019apertura non \u00e8 rilevante, vale a dire per i prodotti monouso, i prodotti che non rischiano di deteriorarsi o i prodotti che non si aprono.<\/p>\n<p style=\"text-align: justify;\">4. Le precauzioni particolari per l\u2019impiego.<\/p>\n<p style=\"text-align: justify;\">5. Il numero del lotto di fabbricazione o il riferimento che per\u00a0 metta di identificare il prodotto cosmetico.<\/p>\n<p style=\"text-align: justify;\">6. La funzione del prodotto cosmetico, salvo se risulta dalla sua presentazione;<\/p>\n<p style=\"text-align: justify;\">7. Elenco degli ingredienti conformi all\u2019INCI (Nomenclatura internazionale degli ingredienti cosmetici). Tali informazioni possono figurare unicamente sull\u2019imballaggio (se applicabile).<\/p>\n<p style=\"text-align: justify;\">Le informazioni dell\u2019etichettatura devono essere fornite nella lingua dello Stato membro ove il prodotto \u00e8 distribuito per l\u2019utente finale (eccetto: \u201cIngredienti\u201d).<\/p>\n<p style=\"text-align: justify;\">Se non \u00e8 possibile indicare le informazioni elencate sull\u2019etichetta per motivi pratici, le informazioni devono essere indicate su un foglietto, un&#8217;etichetta, un nastro o un cartellino allegati o attaccati al prodotto.<\/p>\n<p>&nbsp;<\/p>\n<h2 style=\"text-align: justify;\">Notifica d\u2019un prodotto cosmetico<\/h2>\n<p style=\"text-align: justify;\">La persona responsabile, prima di iniziare la distribuzione, ha l&#8217;obbligo di riportare per via elettronica le seguenti informazioni riguardanti il prodotto cosmetico tramite il <a href=\"http:\/\/www.msds-europe.com\/it\/servizio-notifica-cpnp\/\">portale di notifica dei prodotti cosmetici<\/a>.<\/p>\n<ul>\n<li style=\"text-align: justify;\">la categoria del prodotto cosmetico e il nome o i nomi checonsentono la sua identificazione specifica,<\/li>\n<li style=\"text-align: justify;\">il nome e l\u2019indirizzo della persona responsabile presso laquale viene tenuta ad immediata disposizione la documentazione informativa sul prodotto<\/li>\n<li style=\"text-align: justify;\">nazione d\u2019origine,<\/li>\n<li style=\"text-align: justify;\">lo Stato membro in cui deve essere immesso sul mercato il prodotto cosmetico,<\/li>\n<li style=\"text-align: justify;\">le informazioni che consentano di contattare una personafisica in caso di necessit\u00e0,<\/li>\n<li style=\"text-align: justify;\">la presenza di sostanze sotto forma di nanomateriali e la loro identificazione compresa la denominazione chimica (IUPAC) e le condizioni\u00a0 di\u00a0 esposizione\u00a0 ragionevolmente\u00a0 prevedibili,<\/li>\n<li style=\"text-align: justify;\">il nome e il numero Chemical Abstracts Service (CAS) o il numero CE di sostanze classificate come cancerogene, mutagene o tossiche per la riproduzione (CMR),<\/li>\n<li style=\"text-align: justify;\">la formulazione quadro<\/li>\n<li style=\"text-align: justify;\">etichettatura originale<\/li>\n<li style=\"text-align: justify;\">foto dell\u2019imballaggio<\/li>\n<li style=\"text-align: justify;\">Se una qualsiasi delle informazioni cambia, la persona responsabile deve fornire subito un aggiornamento tramite CPNP.<\/li>\n<\/ul>\n<p>&nbsp;<\/p>\n<h3 style=\"text-align: justify;\"><span style=\"color: #333333;\">Materiali professionali correlati<\/span><\/h3>\n<ul>\n<li style=\"text-align: justify;\"><a href=\"http:\/\/www.msds-europe.com\/it\/obblighi-distributorii-prodotti-cosmetici\/\">Obblighi dei distributori dei prodotti cosmetici<\/a><\/li>\n<\/ul>\n<p>&nbsp;<\/p>\n<h3 style=\"text-align: justify;\"><span style=\"color: #333333;\">Servizi offerti<\/span><\/h3>\n<ul>\n<li style=\"text-align: justify;\"><a href=\"http:\/\/www.msds-europe.com\/it\/servizio-notifica-cpnp\/\">Il nostro servizio di notifica CPNP per i prodotti cosmetici<\/a><\/li>\n<li style=\"text-align: justify;\"><a href=\"http:\/\/www.msds-europe.com\/it\/etichetta-traduzione-cosmetici\/\">Il nostro servizio di creazione e traduzione di bozze di etichette per prodotti cosmetici<\/a><\/li>\n<li style=\"text-align: justify;\"><a href=\"http:\/\/www.msds-europe.com\/it\/creazione-valutazione-sicurezza-cosmetici\/\">Il nostro servizio di compilazione della valutazione della sicurezza per i prodotti cosmetici<\/a><\/li>\n<\/ul>\n<p>&nbsp;<\/p>\n","protected":false},"excerpt":{"rendered":"<p>Compiti definiti dalla normativa sui prodotti cosmetici per la \u201cpersona responsabile\u201d.<\/p>\n","protected":false},"author":2,"featured_media":0,"parent":0,"menu_order":0,"comment_status":"closed","ping_status":"closed","template":"","meta":{"_acf_changed":false,"footnotes":""},"tags":[303,256],"class_list":["post-5951","page","type-page","status-publish","hentry","tag-base-delle-conoscenze-per-i-prodotti-cosmetici","tag-cosmetici-it"],"acf":[],"yoast_head":"<!-- This site is optimized with the Yoast SEO plugin v27.2 - https:\/\/yoast.com\/product\/yoast-seo-wordpress\/ -->\n<title>Responsabilit\u00e0 della persona responsabile per i prodotti cosmetici<\/title>\n<meta name=\"description\" content=\"Compiti della persona responsabile per l&#039;immissione di prodotti cosmetici sul mercato. Compiti e requisiti relativi alla produzione e importazione di cosmetici.\" \/>\n<meta name=\"robots\" content=\"index, follow, max-snippet:-1, max-image-preview:large, max-video-preview:-1\" \/>\n<link rel=\"canonical\" href=\"https:\/\/www.msds-europe.com\/it\/responsabilita-della-persona-responsabile\/\" \/>\n<meta property=\"og:locale\" content=\"it_IT\" \/>\n<meta property=\"og:type\" content=\"article\" \/>\n<meta property=\"og:title\" content=\"Responsabilit\u00e0 della persona responsabile per i prodotti cosmetici\" \/>\n<meta property=\"og:description\" content=\"Compiti della persona responsabile per l&#039;immissione di prodotti cosmetici sul mercato. Compiti e requisiti relativi alla produzione e importazione di cosmetici.\" \/>\n<meta property=\"og:url\" content=\"https:\/\/www.msds-europe.com\/it\/responsabilita-della-persona-responsabile\/\" \/>\n<meta property=\"og:site_name\" content=\"MSDS Europe\" \/>\n<meta property=\"article:publisher\" content=\"https:\/\/www.facebook.com\/toxinfokft\/\" \/>\n<meta property=\"article:modified_time\" content=\"2018-07-04T06:50:02+00:00\" \/>\n<meta name=\"twitter:card\" content=\"summary_large_image\" \/>\n<meta name=\"twitter:site\" content=\"@ToxInfoKft\" \/>\n<meta name=\"twitter:label1\" content=\"Tempo di lettura stimato\" \/>\n\t<meta name=\"twitter:data1\" content=\"6 minuti\" \/>\n<script type=\"application\/ld+json\" class=\"yoast-schema-graph\">{\"@context\":\"https:\/\/schema.org\",\"@graph\":[{\"@type\":\"WebPage\",\"@id\":\"https:\/\/www.msds-europe.com\/it\/responsabilita-della-persona-responsabile\/\",\"url\":\"https:\/\/www.msds-europe.com\/it\/responsabilita-della-persona-responsabile\/\",\"name\":\"Responsabilit\u00e0 della persona responsabile per i prodotti cosmetici\",\"isPartOf\":{\"@id\":\"https:\/\/www.msds-europe.com\/es\/#website\"},\"datePublished\":\"2018-06-25T13:06:48+00:00\",\"dateModified\":\"2018-07-04T06:50:02+00:00\",\"description\":\"Compiti della persona responsabile per l'immissione di prodotti cosmetici sul mercato. Compiti e requisiti relativi alla produzione e importazione di cosmetici.\",\"breadcrumb\":{\"@id\":\"https:\/\/www.msds-europe.com\/it\/responsabilita-della-persona-responsabile\/#breadcrumb\"},\"inLanguage\":\"it-IT\",\"potentialAction\":[{\"@type\":\"ReadAction\",\"target\":[\"https:\/\/www.msds-europe.com\/it\/responsabilita-della-persona-responsabile\/\"]}]},{\"@type\":\"BreadcrumbList\",\"@id\":\"https:\/\/www.msds-europe.com\/it\/responsabilita-della-persona-responsabile\/#breadcrumb\",\"itemListElement\":[{\"@type\":\"ListItem\",\"position\":1,\"name\":\"F\u0151oldal\",\"item\":\"https:\/\/www.msds-europe.com\/it\/\"},{\"@type\":\"ListItem\",\"position\":2,\"name\":\"Responsabilit\u00e0 della persona responsabile\"}]},{\"@type\":\"WebSite\",\"@id\":\"https:\/\/www.msds-europe.com\/es\/#website\",\"url\":\"https:\/\/www.msds-europe.com\/es\/\",\"name\":\"MSDS Europe\",\"description\":\"\",\"publisher\":{\"@id\":\"https:\/\/www.msds-europe.com\/es\/#organization\"},\"potentialAction\":[{\"@type\":\"SearchAction\",\"target\":{\"@type\":\"EntryPoint\",\"urlTemplate\":\"https:\/\/www.msds-europe.com\/es\/?s={search_term_string}\"},\"query-input\":{\"@type\":\"PropertyValueSpecification\",\"valueRequired\":true,\"valueName\":\"search_term_string\"}}],\"inLanguage\":\"it-IT\"},{\"@type\":\"Organization\",\"@id\":\"https:\/\/www.msds-europe.com\/es\/#organization\",\"name\":\"MSDS-Europe International branch of ToxInfo\",\"url\":\"https:\/\/www.msds-europe.com\/es\/\",\"logo\":{\"@type\":\"ImageObject\",\"inLanguage\":\"it-IT\",\"@id\":\"https:\/\/www.msds-europe.com\/es\/#\/schema\/logo\/image\/\",\"url\":\"https:\/\/www.msds-europe.com\/wp-content\/uploads\/2021\/04\/msds-europe-logo.jpg\",\"contentUrl\":\"https:\/\/www.msds-europe.com\/wp-content\/uploads\/2021\/04\/msds-europe-logo.jpg\",\"width\":2296,\"height\":1067,\"caption\":\"MSDS-Europe International branch of ToxInfo\"},\"image\":{\"@id\":\"https:\/\/www.msds-europe.com\/es\/#\/schema\/logo\/image\/\"},\"sameAs\":[\"https:\/\/www.facebook.com\/toxinfokft\/\",\"https:\/\/x.com\/ToxInfoKft\"]}]}<\/script>\n<!-- \/ Yoast SEO plugin. -->","yoast_head_json":{"title":"Responsabilit\u00e0 della persona responsabile per i prodotti cosmetici","description":"Compiti della persona responsabile per l'immissione di prodotti cosmetici sul mercato. Compiti e requisiti relativi alla produzione e importazione di cosmetici.","robots":{"index":"index","follow":"follow","max-snippet":"max-snippet:-1","max-image-preview":"max-image-preview:large","max-video-preview":"max-video-preview:-1"},"canonical":"https:\/\/www.msds-europe.com\/it\/responsabilita-della-persona-responsabile\/","og_locale":"it_IT","og_type":"article","og_title":"Responsabilit\u00e0 della persona responsabile per i prodotti cosmetici","og_description":"Compiti della persona responsabile per l'immissione di prodotti cosmetici sul mercato. Compiti e requisiti relativi alla produzione e importazione di cosmetici.","og_url":"https:\/\/www.msds-europe.com\/it\/responsabilita-della-persona-responsabile\/","og_site_name":"MSDS Europe","article_publisher":"https:\/\/www.facebook.com\/toxinfokft\/","article_modified_time":"2018-07-04T06:50:02+00:00","twitter_card":"summary_large_image","twitter_site":"@ToxInfoKft","twitter_misc":{"Tempo di lettura stimato":"6 minuti"},"schema":{"@context":"https:\/\/schema.org","@graph":[{"@type":"WebPage","@id":"https:\/\/www.msds-europe.com\/it\/responsabilita-della-persona-responsabile\/","url":"https:\/\/www.msds-europe.com\/it\/responsabilita-della-persona-responsabile\/","name":"Responsabilit\u00e0 della persona responsabile per i prodotti cosmetici","isPartOf":{"@id":"https:\/\/www.msds-europe.com\/es\/#website"},"datePublished":"2018-06-25T13:06:48+00:00","dateModified":"2018-07-04T06:50:02+00:00","description":"Compiti della persona responsabile per l'immissione di prodotti cosmetici sul mercato. Compiti e requisiti relativi alla produzione e importazione di cosmetici.","breadcrumb":{"@id":"https:\/\/www.msds-europe.com\/it\/responsabilita-della-persona-responsabile\/#breadcrumb"},"inLanguage":"it-IT","potentialAction":[{"@type":"ReadAction","target":["https:\/\/www.msds-europe.com\/it\/responsabilita-della-persona-responsabile\/"]}]},{"@type":"BreadcrumbList","@id":"https:\/\/www.msds-europe.com\/it\/responsabilita-della-persona-responsabile\/#breadcrumb","itemListElement":[{"@type":"ListItem","position":1,"name":"F\u0151oldal","item":"https:\/\/www.msds-europe.com\/it\/"},{"@type":"ListItem","position":2,"name":"Responsabilit\u00e0 della persona responsabile"}]},{"@type":"WebSite","@id":"https:\/\/www.msds-europe.com\/es\/#website","url":"https:\/\/www.msds-europe.com\/es\/","name":"MSDS Europe","description":"","publisher":{"@id":"https:\/\/www.msds-europe.com\/es\/#organization"},"potentialAction":[{"@type":"SearchAction","target":{"@type":"EntryPoint","urlTemplate":"https:\/\/www.msds-europe.com\/es\/?s={search_term_string}"},"query-input":{"@type":"PropertyValueSpecification","valueRequired":true,"valueName":"search_term_string"}}],"inLanguage":"it-IT"},{"@type":"Organization","@id":"https:\/\/www.msds-europe.com\/es\/#organization","name":"MSDS-Europe International branch of ToxInfo","url":"https:\/\/www.msds-europe.com\/es\/","logo":{"@type":"ImageObject","inLanguage":"it-IT","@id":"https:\/\/www.msds-europe.com\/es\/#\/schema\/logo\/image\/","url":"https:\/\/www.msds-europe.com\/wp-content\/uploads\/2021\/04\/msds-europe-logo.jpg","contentUrl":"https:\/\/www.msds-europe.com\/wp-content\/uploads\/2021\/04\/msds-europe-logo.jpg","width":2296,"height":1067,"caption":"MSDS-Europe International branch of ToxInfo"},"image":{"@id":"https:\/\/www.msds-europe.com\/es\/#\/schema\/logo\/image\/"},"sameAs":["https:\/\/www.facebook.com\/toxinfokft\/","https:\/\/x.com\/ToxInfoKft"]}]}},"_links":{"self":[{"href":"https:\/\/www.msds-europe.com\/it\/wp-json\/wp\/v2\/pages\/5951","targetHints":{"allow":["GET"]}}],"collection":[{"href":"https:\/\/www.msds-europe.com\/it\/wp-json\/wp\/v2\/pages"}],"about":[{"href":"https:\/\/www.msds-europe.com\/it\/wp-json\/wp\/v2\/types\/page"}],"author":[{"embeddable":true,"href":"https:\/\/www.msds-europe.com\/it\/wp-json\/wp\/v2\/users\/2"}],"replies":[{"embeddable":true,"href":"https:\/\/www.msds-europe.com\/it\/wp-json\/wp\/v2\/comments?post=5951"}],"version-history":[{"count":4,"href":"https:\/\/www.msds-europe.com\/it\/wp-json\/wp\/v2\/pages\/5951\/revisions"}],"predecessor-version":[{"id":7302,"href":"https:\/\/www.msds-europe.com\/it\/wp-json\/wp\/v2\/pages\/5951\/revisions\/7302"}],"wp:attachment":[{"href":"https:\/\/www.msds-europe.com\/it\/wp-json\/wp\/v2\/media?parent=5951"}],"wp:term":[{"taxonomy":"post_tag","embeddable":true,"href":"https:\/\/www.msds-europe.com\/it\/wp-json\/wp\/v2\/tags?post=5951"}],"curies":[{"name":"wp","href":"https:\/\/api.w.org\/{rel}","templated":true}]}}