{"id":3933,"date":"2018-05-22T10:12:50","date_gmt":"2018-05-22T10:12:50","guid":{"rendered":"http:\/\/www.msds-europe.com\/creazione-duna-scheda-di-dati-di-sicurezza-per-prodotti-cosmetici\/"},"modified":"2018-06-29T13:00:18","modified_gmt":"2018-06-29T13:00:18","slug":"creazione-sds-cosmetici","status":"publish","type":"page","link":"https:\/\/www.msds-europe.com\/it\/creazione-sds-cosmetici\/","title":{"rendered":"Creazione d\u2019una scheda di dati di sicurezza per prodotti cosmetici"},"content":{"rendered":"<p style=\"text-align: right;\"><i><a href=\"http:\/\/www.msds-europe.com\/it\/servizi-prodotti-cosmetici\/\">Servizi relativi ai prodotti cosmetici<\/a>\u00a0\u2013\u00a0Creazione d\u2019una scheda di dati di sicurezza per prodotti cosmetici<\/i><\/p>\n<p>&nbsp;<\/p>\n<p style=\"text-align: justify;\">In molti casi i nostri clienti ci hanno contattato con la richiesta di creare una scheda di dati di sicurezza per i loro prodotti cosmetici.<\/p>\n<p style=\"text-align: justify;\">Naturalmente anche i nostri clienti erano consapevoli, e glielo abbiamo anche riferito, del fatto che per i prodotti cosmetici non si applicano le indicazioni delle normative sulla sicurezza chimica.<\/p>\n<p style=\"text-align: justify;\">Non esiste alcun obbligo legale relativo ai prodotti cosmetici che impone obblighi ai partecipanti al mercato in merito all&#8217;esistenza, al trasferimento o alla creazione d\u2019una scheda di dati di sicurezza.<\/p>\n<p>&nbsp;<\/p>\n<h2 style=\"text-align: justify;\">La scheda di dati di sicurezza per i prodotti cosmetici \u00e8 consigliata per le seguenti considerazioni<\/h2>\n<p style=\"text-align: justify;\">Durante la produzione, lo stoccaggio, l&#8217;imballaggio o il trasporto di prodotti cosmetici possono verificarsi potenziali pericoli per i dipendenti. Una scheda di dati di sicurezza pu\u00f2 essere un eccellente \u201cstrumento\u201d per trasferire le informazioni necessarie per un lavoro sicuro.<\/p>\n<p style=\"text-align: justify;\">Quando si prepara una scheda di dati di sicurezza per un prodotto cosmetico, questo viene trattato allo stesso modo di una qualsiasi altra miscela.<\/p>\n<p style=\"text-align: justify;\">Teniamo interamente conto dei requisiti di contenuto e formato e della <a href=\"http:\/\/www.msds-europe.com\/it\/sicurezza-chimica-modifiche-normative\/\">legislazione pertinente<\/a> per le schede di dati di sicurezza.<\/p>\n<p>&nbsp;<\/p>\n<h2 style=\"text-align: justify;\">Maggiori informazioni sui nostri servizi relativi alla creazione delle schede di dati di sicurezza<\/h2>\n<p style=\"text-align: justify;\">Le descrizioni dei servizi che trovate nella sezione \u201c<a href=\"http:\/\/www.msds-europe.com\/it\/scheda-di-dati-di-sicurezza-compilazione-creazione\/\">Servizi schede di dati di sicurezza<\/a>\u201d sono applicate anche alle procedure utilizzate per i prodotti cosmetici.<\/p>\n<p style=\"text-align: justify;\">Ad ogni modo sulla scheda di dati di sicurezza si indica il fatto che nel caso del prodotto corrente non \u00e8 obbligatorio fornire una scheda di dati di sicurezza per il consumatore, inoltre i dati sono pubblicati a solo scopo informativo.<\/p>\n<p>&nbsp;<\/p>\n<h2 style=\"text-align: justify;\">Richiesta preventivo per la creazione di schede di dati di sicurezza<\/h2>\n<p style=\"text-align: justify;\"><a href=\"mailto:info@msds-europe.com\">Rispondiamo alle richieste di preventivo inviate via e-mail<\/a> o <a href=\"http:\/\/www.msds-europe.com\/it\/richiesta-preventivo-cosmetici\/\">tramite modulo online<\/a> entro 24 ore.<br \/>\nIl nostro <a href=\"http:\/\/www.msds-europe.com\/it\/servizio-clientela\/\">servizio clientela<\/a> vi assister\u00e0 a scegliere il servizio appropriato.<\/p>\n<p>&nbsp;<\/p>\n<h3><span style=\"color: #333333;\">Servizi relativi alla creazione di schede di dati di sicurezza<\/span><\/h3>\n<ul>\n<li><a title=\"Creazione, traduzione bozza dell\u2019etichetta per prodotti cosmetici\" href=\"http:\/\/www.msds-europe.com\/it\/etichetta-traduzione-cosmetici\/\">Creazione, traduzione bozza dell\u2019etichetta per prodotti cosmetici<\/a><\/li>\n<li><a title=\"Servizio di notifica CPNP\" href=\"http:\/\/www.msds-europe.com\/it\/servizio-notifica-cpnp\/\">Servizio di notifica CPNP<\/a><\/li>\n<\/ul>\n<p>&nbsp;<\/p>\n","protected":false},"excerpt":{"rendered":"<p>Il nostro servizio di creazione schede di dati di sicurezza \u00e8 facoltativo nel caso dei prodotti cosmetici. Non \u00e8 obbligatorio creare una scheda di dati di sicurezza per i prodotti cosmetici, ma in molti casi pu\u00f2 essere un mezzo di comunicazione adatto considerando la sicurezza sul luogo di lavoro.<\/p>\n","protected":false},"author":2,"featured_media":0,"parent":0,"menu_order":0,"comment_status":"closed","ping_status":"closed","template":"","meta":{"_acf_changed":false,"footnotes":""},"tags":[256,241,281],"class_list":["post-3933","page","type-page","status-publish","hentry","tag-cosmetici-it","tag-scheda-di-dati-di-sicurezza-it","tag-servizi-relativi-ai-prodotti-cosmetici-it"],"acf":[],"yoast_head":"<!-- This site is optimized with the Yoast SEO plugin v27.2 - https:\/\/yoast.com\/product\/yoast-seo-wordpress\/ -->\n<title>Creazione d\u2019una scheda di dati di sicurezza per prodotti cosmetici<\/title>\n<meta name=\"description\" content=\"Il servizio di creazione di schede di dati di sicurezza per i prodotti cosmetici \u00e8 un servizio facoltativo. Non esiste alcun obbligo legale per una scheda di dati di sicurezza relativa ai prodotti cosmetici, ma in alcuni casi pu\u00f2 essere un documento utile.\" \/>\n<meta name=\"robots\" content=\"index, follow, max-snippet:-1, max-image-preview:large, max-video-preview:-1\" \/>\n<link rel=\"canonical\" href=\"https:\/\/www.msds-europe.com\/it\/creazione-sds-cosmetici\/\" \/>\n<meta property=\"og:locale\" content=\"it_IT\" \/>\n<meta property=\"og:type\" content=\"article\" \/>\n<meta property=\"og:title\" content=\"Creazione d\u2019una scheda di dati di sicurezza per prodotti cosmetici\" \/>\n<meta property=\"og:description\" content=\"Il servizio di creazione di schede di dati di sicurezza per i prodotti cosmetici \u00e8 un servizio facoltativo. Non esiste alcun obbligo legale per una scheda di dati di sicurezza relativa ai prodotti cosmetici, ma in alcuni casi pu\u00f2 essere un documento utile.\" \/>\n<meta property=\"og:url\" content=\"https:\/\/www.msds-europe.com\/it\/creazione-sds-cosmetici\/\" \/>\n<meta property=\"og:site_name\" content=\"MSDS Europe\" \/>\n<meta property=\"article:publisher\" content=\"https:\/\/www.facebook.com\/toxinfokft\/\" \/>\n<meta property=\"article:modified_time\" content=\"2018-06-29T13:00:18+00:00\" \/>\n<meta name=\"twitter:card\" content=\"summary_large_image\" \/>\n<meta name=\"twitter:site\" content=\"@ToxInfoKft\" \/>\n<meta name=\"twitter:label1\" content=\"Tempo di lettura stimato\" \/>\n\t<meta name=\"twitter:data1\" content=\"2 minuti\" \/>\n<script type=\"application\/ld+json\" class=\"yoast-schema-graph\">{\"@context\":\"https:\/\/schema.org\",\"@graph\":[{\"@type\":\"WebPage\",\"@id\":\"https:\/\/www.msds-europe.com\/it\/creazione-sds-cosmetici\/\",\"url\":\"https:\/\/www.msds-europe.com\/it\/creazione-sds-cosmetici\/\",\"name\":\"Creazione d\u2019una scheda di dati di sicurezza per prodotti cosmetici\",\"isPartOf\":{\"@id\":\"https:\/\/www.msds-europe.com\/es\/#website\"},\"datePublished\":\"2018-05-22T10:12:50+00:00\",\"dateModified\":\"2018-06-29T13:00:18+00:00\",\"description\":\"Il servizio di creazione di schede di dati di sicurezza per i prodotti cosmetici \u00e8 un servizio facoltativo. Non esiste alcun obbligo legale per una scheda di dati di sicurezza relativa ai prodotti cosmetici, ma in alcuni casi pu\u00f2 essere un documento utile.\",\"breadcrumb\":{\"@id\":\"https:\/\/www.msds-europe.com\/it\/creazione-sds-cosmetici\/#breadcrumb\"},\"inLanguage\":\"it-IT\",\"potentialAction\":[{\"@type\":\"ReadAction\",\"target\":[\"https:\/\/www.msds-europe.com\/it\/creazione-sds-cosmetici\/\"]}]},{\"@type\":\"BreadcrumbList\",\"@id\":\"https:\/\/www.msds-europe.com\/it\/creazione-sds-cosmetici\/#breadcrumb\",\"itemListElement\":[{\"@type\":\"ListItem\",\"position\":1,\"name\":\"F\u0151oldal\",\"item\":\"https:\/\/www.msds-europe.com\/it\/\"},{\"@type\":\"ListItem\",\"position\":2,\"name\":\"Creazione d\u2019una scheda di dati di sicurezza per prodotti cosmetici\"}]},{\"@type\":\"WebSite\",\"@id\":\"https:\/\/www.msds-europe.com\/es\/#website\",\"url\":\"https:\/\/www.msds-europe.com\/es\/\",\"name\":\"MSDS Europe\",\"description\":\"\",\"publisher\":{\"@id\":\"https:\/\/www.msds-europe.com\/es\/#organization\"},\"potentialAction\":[{\"@type\":\"SearchAction\",\"target\":{\"@type\":\"EntryPoint\",\"urlTemplate\":\"https:\/\/www.msds-europe.com\/es\/?s={search_term_string}\"},\"query-input\":{\"@type\":\"PropertyValueSpecification\",\"valueRequired\":true,\"valueName\":\"search_term_string\"}}],\"inLanguage\":\"it-IT\"},{\"@type\":\"Organization\",\"@id\":\"https:\/\/www.msds-europe.com\/es\/#organization\",\"name\":\"MSDS-Europe International branch of ToxInfo\",\"url\":\"https:\/\/www.msds-europe.com\/es\/\",\"logo\":{\"@type\":\"ImageObject\",\"inLanguage\":\"it-IT\",\"@id\":\"https:\/\/www.msds-europe.com\/es\/#\/schema\/logo\/image\/\",\"url\":\"https:\/\/www.msds-europe.com\/wp-content\/uploads\/2021\/04\/msds-europe-logo.jpg\",\"contentUrl\":\"https:\/\/www.msds-europe.com\/wp-content\/uploads\/2021\/04\/msds-europe-logo.jpg\",\"width\":2296,\"height\":1067,\"caption\":\"MSDS-Europe International branch of ToxInfo\"},\"image\":{\"@id\":\"https:\/\/www.msds-europe.com\/es\/#\/schema\/logo\/image\/\"},\"sameAs\":[\"https:\/\/www.facebook.com\/toxinfokft\/\",\"https:\/\/x.com\/ToxInfoKft\"]}]}<\/script>\n<!-- \/ Yoast SEO plugin. -->","yoast_head_json":{"title":"Creazione d\u2019una scheda di dati di sicurezza per prodotti cosmetici","description":"Il servizio di creazione di schede di dati di sicurezza per i prodotti cosmetici \u00e8 un servizio facoltativo. Non esiste alcun obbligo legale per una scheda di dati di sicurezza relativa ai prodotti cosmetici, ma in alcuni casi pu\u00f2 essere un documento utile.","robots":{"index":"index","follow":"follow","max-snippet":"max-snippet:-1","max-image-preview":"max-image-preview:large","max-video-preview":"max-video-preview:-1"},"canonical":"https:\/\/www.msds-europe.com\/it\/creazione-sds-cosmetici\/","og_locale":"it_IT","og_type":"article","og_title":"Creazione d\u2019una scheda di dati di sicurezza per prodotti cosmetici","og_description":"Il servizio di creazione di schede di dati di sicurezza per i prodotti cosmetici \u00e8 un servizio facoltativo. Non esiste alcun obbligo legale per una scheda di dati di sicurezza relativa ai prodotti cosmetici, ma in alcuni casi pu\u00f2 essere un documento utile.","og_url":"https:\/\/www.msds-europe.com\/it\/creazione-sds-cosmetici\/","og_site_name":"MSDS Europe","article_publisher":"https:\/\/www.facebook.com\/toxinfokft\/","article_modified_time":"2018-06-29T13:00:18+00:00","twitter_card":"summary_large_image","twitter_site":"@ToxInfoKft","twitter_misc":{"Tempo di lettura stimato":"2 minuti"},"schema":{"@context":"https:\/\/schema.org","@graph":[{"@type":"WebPage","@id":"https:\/\/www.msds-europe.com\/it\/creazione-sds-cosmetici\/","url":"https:\/\/www.msds-europe.com\/it\/creazione-sds-cosmetici\/","name":"Creazione d\u2019una scheda di dati di sicurezza per prodotti cosmetici","isPartOf":{"@id":"https:\/\/www.msds-europe.com\/es\/#website"},"datePublished":"2018-05-22T10:12:50+00:00","dateModified":"2018-06-29T13:00:18+00:00","description":"Il servizio di creazione di schede di dati di sicurezza per i prodotti cosmetici \u00e8 un servizio facoltativo. Non esiste alcun obbligo legale per una scheda di dati di sicurezza relativa ai prodotti cosmetici, ma in alcuni casi pu\u00f2 essere un documento utile.","breadcrumb":{"@id":"https:\/\/www.msds-europe.com\/it\/creazione-sds-cosmetici\/#breadcrumb"},"inLanguage":"it-IT","potentialAction":[{"@type":"ReadAction","target":["https:\/\/www.msds-europe.com\/it\/creazione-sds-cosmetici\/"]}]},{"@type":"BreadcrumbList","@id":"https:\/\/www.msds-europe.com\/it\/creazione-sds-cosmetici\/#breadcrumb","itemListElement":[{"@type":"ListItem","position":1,"name":"F\u0151oldal","item":"https:\/\/www.msds-europe.com\/it\/"},{"@type":"ListItem","position":2,"name":"Creazione d\u2019una scheda di dati di sicurezza per prodotti cosmetici"}]},{"@type":"WebSite","@id":"https:\/\/www.msds-europe.com\/es\/#website","url":"https:\/\/www.msds-europe.com\/es\/","name":"MSDS Europe","description":"","publisher":{"@id":"https:\/\/www.msds-europe.com\/es\/#organization"},"potentialAction":[{"@type":"SearchAction","target":{"@type":"EntryPoint","urlTemplate":"https:\/\/www.msds-europe.com\/es\/?s={search_term_string}"},"query-input":{"@type":"PropertyValueSpecification","valueRequired":true,"valueName":"search_term_string"}}],"inLanguage":"it-IT"},{"@type":"Organization","@id":"https:\/\/www.msds-europe.com\/es\/#organization","name":"MSDS-Europe International branch of ToxInfo","url":"https:\/\/www.msds-europe.com\/es\/","logo":{"@type":"ImageObject","inLanguage":"it-IT","@id":"https:\/\/www.msds-europe.com\/es\/#\/schema\/logo\/image\/","url":"https:\/\/www.msds-europe.com\/wp-content\/uploads\/2021\/04\/msds-europe-logo.jpg","contentUrl":"https:\/\/www.msds-europe.com\/wp-content\/uploads\/2021\/04\/msds-europe-logo.jpg","width":2296,"height":1067,"caption":"MSDS-Europe International branch of ToxInfo"},"image":{"@id":"https:\/\/www.msds-europe.com\/es\/#\/schema\/logo\/image\/"},"sameAs":["https:\/\/www.facebook.com\/toxinfokft\/","https:\/\/x.com\/ToxInfoKft"]}]}},"_links":{"self":[{"href":"https:\/\/www.msds-europe.com\/it\/wp-json\/wp\/v2\/pages\/3933","targetHints":{"allow":["GET"]}}],"collection":[{"href":"https:\/\/www.msds-europe.com\/it\/wp-json\/wp\/v2\/pages"}],"about":[{"href":"https:\/\/www.msds-europe.com\/it\/wp-json\/wp\/v2\/types\/page"}],"author":[{"embeddable":true,"href":"https:\/\/www.msds-europe.com\/it\/wp-json\/wp\/v2\/users\/2"}],"replies":[{"embeddable":true,"href":"https:\/\/www.msds-europe.com\/it\/wp-json\/wp\/v2\/comments?post=3933"}],"version-history":[{"count":4,"href":"https:\/\/www.msds-europe.com\/it\/wp-json\/wp\/v2\/pages\/3933\/revisions"}],"predecessor-version":[{"id":6778,"href":"https:\/\/www.msds-europe.com\/it\/wp-json\/wp\/v2\/pages\/3933\/revisions\/6778"}],"wp:attachment":[{"href":"https:\/\/www.msds-europe.com\/it\/wp-json\/wp\/v2\/media?parent=3933"}],"wp:term":[{"taxonomy":"post_tag","embeddable":true,"href":"https:\/\/www.msds-europe.com\/it\/wp-json\/wp\/v2\/tags?post=3933"}],"curies":[{"name":"wp","href":"https:\/\/api.w.org\/{rel}","templated":true}]}}