{"id":3918,"date":"2018-05-22T09:54:47","date_gmt":"2018-05-22T09:54:47","guid":{"rendered":"http:\/\/www.msds-europe.com\/servizio-di-notifica-cpnp\/"},"modified":"2018-06-28T09:58:53","modified_gmt":"2018-06-28T09:58:53","slug":"servizio-notifica-cpnp","status":"publish","type":"page","link":"https:\/\/www.msds-europe.com\/it\/servizio-notifica-cpnp\/","title":{"rendered":"Servizio di notifica CPNP"},"content":{"rendered":"<p style=\"text-align: right;\"><a href=\"http:\/\/www.msds-europe.com\/it\/servizi-prodotti-cosmetici\/\"><em>Servizi relativi ai prodotti cosmetici<\/em><\/a><em>\u00a0\u2013\u00a0Servizio di notifica CPNP<\/em><\/p>\n<p>&nbsp;<\/p>\n<p style=\"text-align: justify;\">Ai sensi del Regolamento (CE) 1223\/2009, il prerequisito per l&#8217;immissione sul mercato d\u2019un prodotto cosmetico nell&#8217;Unione Europea \u00e8 di notificarlo tramite un&#8217;interfaccia elettronico centrale, il CPNP (Portale di notifica dei prodotti cosmetici).<\/p>\n<p>&nbsp;<\/p>\n<h3 style=\"text-align: justify;\"><span style=\"color: #333333;\">Processo del nostro servizio di notifica CPNP<\/span><\/h3>\n<h2 style=\"text-align: justify;\">Fornitura dell\u2019accesso al portale CPNP (registrazione)<\/h2>\n<p style=\"text-align: justify;\">Per utilizzare il portale CPNP il notificatore deve creare un account d\u2019accesso UE (ex ECAS) e richiedere l&#8217;accesso in SAAS.<\/p>\n<p style=\"text-align: justify;\">Se necessario <strong>forniamo anche assistenza nel processo di registrazione<\/strong>.<\/p>\n<p style=\"text-align: justify;\">Assistenza nell\u2019autoregistrazione:<\/p>\n<ul>\n<li><a href=\"https:\/\/webgate.ec.europa.eu\/cas\/eim\/external\/register.cgi\">Crea un account d\u2019accesso UE (ex ECAS) \/ password<\/a><\/li>\n<li><a href=\"https:\/\/webgate.ec.europa.eu\/saas\/requestAccess\/application\/21\/create.html\">Richiesta accesso portale CPNP tramite sistema SAAS<\/a><\/li>\n<li><a href=\"https:\/\/webgate.ec.europa.eu\/cpnp\">Connessione accesso al portale CPNP<\/a><\/li>\n<\/ul>\n<p>&nbsp;<\/p>\n<h2 style=\"text-align: justify;\">Comunicazione dei dati in base allo \u201cstato\u201d del distributore del prodotto cosmetico &#8211; notifica CPNP<\/h2>\n<p style=\"text-align: justify;\">Ci sono due tipi di notifiche in base allo stato del distributore:<\/p>\n<ul style=\"text-align: justify;\">\n<li>Notifica della persona responsabile (produttore, importatore)<\/li>\n<li>Notifica del distributore<\/li>\n<\/ul>\n<p style=\"text-align: justify;\">Una volta un possesso delle informazioni di registrazione, comunichiamo i dati e le informazioni richiesti attraverso il portale CPNP in relazione allo \u201cstato\u201d del notificante.<\/p>\n<p>&nbsp;<\/p>\n<h2 style=\"text-align: justify;\">Per la notifica CPNP effettuata per conto della persona responsabile, vengono inviati i seguenti dati\/informazioni<\/h2>\n<ul style=\"text-align: justify;\">\n<li>etichettatura originale<\/li>\n<li>foto dell\u2019imballaggio del prodotto<\/li>\n<li>altri dati e informazioni secondo l\u2019art. 13 del Regolamento (CE) 1223\/2009 sui prodotti cosmetici<\/li>\n<\/ul>\n<p>&nbsp;<\/p>\n<h2 style=\"text-align: justify;\">Per la notifica CPNP effettuata per conto del distributore, vengono inviati i seguenti dati\/informazioni<\/h2>\n<ul style=\"text-align: justify;\">\n<li>Testo dell\u2019etichetta tradotta nella lingua ufficiale dello Stato membro in cui il prodotto cosmetico deve essere immesso sul mercato.<\/li>\n<li>ulteriori informazioni pertinenti<\/li>\n<\/ul>\n<p style=\"text-align: justify;\"><em>Nota:<\/em><br \/>\n<em>Se il distributore immette un prodotto cosmetico sul mercato col proprio nome o marchio, o cambia il prodotto gi\u00e0 sul mercato in modo che possa effettuare la conformit\u00e0 del prodotto con i requisiti, egli \u00e8 considerato la persona responsabile.<\/em><br \/>\n<em>Se viene soddisfatto quanto sopra, la notifica CPNP verr\u00e0 eseguita secondo i requisiti per le persone responsabili.<\/em><\/p>\n<p>&nbsp;<\/p>\n<h2 style=\"text-align: justify;\">Richiesta preventivo per il servizio di notifica CPNP<\/h2>\n<p style=\"text-align: justify;\"><a href=\"mailto:info@msds-europe.com\">Rispondiamo alle richieste di preventivo inviate via e-mail<\/a> o <a href=\"http:\/\/www.msds-europe.com\/it\/richiesta-preventivo-cosmetici\/\">tramite modulo online<\/a> entro 24 ore.<br \/>\nIl nostro <a href=\"http:\/\/www.msds-europe.com\/it\/servizio-clientela\/\">servizio clientela<\/a> vi assister\u00e0 a scegliere il servizio appropriato.<\/p>\n<p>&nbsp;<\/p>\n<h4 style=\"text-align: justify;\"><span style=\"color: #333333;\">Servizi relativi alla notifica CPNP<\/span><\/h4>\n<p style=\"text-align: justify;\"><strong>Servizio per il coordinamento dell\u2019intero processo di notifica per i prodotti cosmetici<\/strong> (raccolta dati, organizzazione di test di laboratorio, <a href=\"http:\/\/www.msds-europe.com\/it\/etichetta-traduzione-cosmetici\/\">creazione di etichette<\/a>, creazione di valutazioni della sicurezza).<\/p>\n<p>&nbsp;<\/p>\n","protected":false},"excerpt":{"rendered":"<p>Servizio per la notifica dei prodotti cosmetici sul portale CPNP.<\/p>\n","protected":false},"author":2,"featured_media":0,"parent":0,"menu_order":0,"comment_status":"closed","ping_status":"closed","template":"","meta":{"_acf_changed":false,"footnotes":""},"tags":[256,281],"class_list":["post-3918","page","type-page","status-publish","hentry","tag-cosmetici-it","tag-servizi-relativi-ai-prodotti-cosmetici-it"],"acf":[],"yoast_head":"<!-- This site is optimized with the Yoast SEO plugin v27.2 - https:\/\/yoast.com\/product\/yoast-seo-wordpress\/ -->\n<title>Servizio di notifica CPNP per cosmetici e prodotti cosmetici<\/title>\n<meta name=\"description\" content=\"Servizio di notifica CPNP per la distribuzione di prodotti cosmetici Assistenza nella notifica CPNP per conto della persona responsabile in caso di produzione o importazione dei prodotti cosmetici.\" \/>\n<meta name=\"robots\" content=\"index, follow, max-snippet:-1, max-image-preview:large, max-video-preview:-1\" \/>\n<link rel=\"canonical\" href=\"https:\/\/www.msds-europe.com\/it\/servizio-notifica-cpnp\/\" \/>\n<meta property=\"og:locale\" content=\"it_IT\" \/>\n<meta property=\"og:type\" content=\"article\" \/>\n<meta property=\"og:title\" content=\"Servizio di notifica CPNP per cosmetici e prodotti cosmetici\" \/>\n<meta property=\"og:description\" content=\"Servizio di notifica CPNP per la distribuzione di prodotti cosmetici Assistenza nella notifica CPNP per conto della persona responsabile in caso di produzione o importazione dei prodotti cosmetici.\" \/>\n<meta property=\"og:url\" content=\"https:\/\/www.msds-europe.com\/it\/servizio-notifica-cpnp\/\" \/>\n<meta property=\"og:site_name\" content=\"MSDS Europe\" \/>\n<meta property=\"article:publisher\" content=\"https:\/\/www.facebook.com\/toxinfokft\/\" \/>\n<meta property=\"article:modified_time\" content=\"2018-06-28T09:58:53+00:00\" \/>\n<meta name=\"twitter:card\" content=\"summary_large_image\" \/>\n<meta name=\"twitter:site\" content=\"@ToxInfoKft\" \/>\n<meta name=\"twitter:label1\" content=\"Tempo di lettura stimato\" \/>\n\t<meta name=\"twitter:data1\" content=\"2 minuti\" \/>\n<script type=\"application\/ld+json\" class=\"yoast-schema-graph\">{\"@context\":\"https:\/\/schema.org\",\"@graph\":[{\"@type\":\"WebPage\",\"@id\":\"https:\/\/www.msds-europe.com\/it\/servizio-notifica-cpnp\/\",\"url\":\"https:\/\/www.msds-europe.com\/it\/servizio-notifica-cpnp\/\",\"name\":\"Servizio di notifica CPNP per cosmetici e prodotti cosmetici\",\"isPartOf\":{\"@id\":\"https:\/\/www.msds-europe.com\/es\/#website\"},\"datePublished\":\"2018-05-22T09:54:47+00:00\",\"dateModified\":\"2018-06-28T09:58:53+00:00\",\"description\":\"Servizio di notifica CPNP per la distribuzione di prodotti cosmetici Assistenza nella notifica CPNP per conto della persona responsabile in caso di produzione o importazione dei prodotti cosmetici.\",\"breadcrumb\":{\"@id\":\"https:\/\/www.msds-europe.com\/it\/servizio-notifica-cpnp\/#breadcrumb\"},\"inLanguage\":\"it-IT\",\"potentialAction\":[{\"@type\":\"ReadAction\",\"target\":[\"https:\/\/www.msds-europe.com\/it\/servizio-notifica-cpnp\/\"]}]},{\"@type\":\"BreadcrumbList\",\"@id\":\"https:\/\/www.msds-europe.com\/it\/servizio-notifica-cpnp\/#breadcrumb\",\"itemListElement\":[{\"@type\":\"ListItem\",\"position\":1,\"name\":\"F\u0151oldal\",\"item\":\"https:\/\/www.msds-europe.com\/it\/\"},{\"@type\":\"ListItem\",\"position\":2,\"name\":\"Servizio di notifica CPNP\"}]},{\"@type\":\"WebSite\",\"@id\":\"https:\/\/www.msds-europe.com\/es\/#website\",\"url\":\"https:\/\/www.msds-europe.com\/es\/\",\"name\":\"MSDS Europe\",\"description\":\"\",\"publisher\":{\"@id\":\"https:\/\/www.msds-europe.com\/es\/#organization\"},\"potentialAction\":[{\"@type\":\"SearchAction\",\"target\":{\"@type\":\"EntryPoint\",\"urlTemplate\":\"https:\/\/www.msds-europe.com\/es\/?s={search_term_string}\"},\"query-input\":{\"@type\":\"PropertyValueSpecification\",\"valueRequired\":true,\"valueName\":\"search_term_string\"}}],\"inLanguage\":\"it-IT\"},{\"@type\":\"Organization\",\"@id\":\"https:\/\/www.msds-europe.com\/es\/#organization\",\"name\":\"MSDS-Europe International branch of ToxInfo\",\"url\":\"https:\/\/www.msds-europe.com\/es\/\",\"logo\":{\"@type\":\"ImageObject\",\"inLanguage\":\"it-IT\",\"@id\":\"https:\/\/www.msds-europe.com\/es\/#\/schema\/logo\/image\/\",\"url\":\"https:\/\/www.msds-europe.com\/wp-content\/uploads\/2021\/04\/msds-europe-logo.jpg\",\"contentUrl\":\"https:\/\/www.msds-europe.com\/wp-content\/uploads\/2021\/04\/msds-europe-logo.jpg\",\"width\":2296,\"height\":1067,\"caption\":\"MSDS-Europe International branch of ToxInfo\"},\"image\":{\"@id\":\"https:\/\/www.msds-europe.com\/es\/#\/schema\/logo\/image\/\"},\"sameAs\":[\"https:\/\/www.facebook.com\/toxinfokft\/\",\"https:\/\/x.com\/ToxInfoKft\"]}]}<\/script>\n<!-- \/ Yoast SEO plugin. -->","yoast_head_json":{"title":"Servizio di notifica CPNP per cosmetici e prodotti cosmetici","description":"Servizio di notifica CPNP per la distribuzione di prodotti cosmetici Assistenza nella notifica CPNP per conto della persona responsabile in caso di produzione o importazione dei prodotti cosmetici.","robots":{"index":"index","follow":"follow","max-snippet":"max-snippet:-1","max-image-preview":"max-image-preview:large","max-video-preview":"max-video-preview:-1"},"canonical":"https:\/\/www.msds-europe.com\/it\/servizio-notifica-cpnp\/","og_locale":"it_IT","og_type":"article","og_title":"Servizio di notifica CPNP per cosmetici e prodotti cosmetici","og_description":"Servizio di notifica CPNP per la distribuzione di prodotti cosmetici Assistenza nella notifica CPNP per conto della persona responsabile in caso di produzione o importazione dei prodotti cosmetici.","og_url":"https:\/\/www.msds-europe.com\/it\/servizio-notifica-cpnp\/","og_site_name":"MSDS Europe","article_publisher":"https:\/\/www.facebook.com\/toxinfokft\/","article_modified_time":"2018-06-28T09:58:53+00:00","twitter_card":"summary_large_image","twitter_site":"@ToxInfoKft","twitter_misc":{"Tempo di lettura stimato":"2 minuti"},"schema":{"@context":"https:\/\/schema.org","@graph":[{"@type":"WebPage","@id":"https:\/\/www.msds-europe.com\/it\/servizio-notifica-cpnp\/","url":"https:\/\/www.msds-europe.com\/it\/servizio-notifica-cpnp\/","name":"Servizio di notifica CPNP per cosmetici e prodotti cosmetici","isPartOf":{"@id":"https:\/\/www.msds-europe.com\/es\/#website"},"datePublished":"2018-05-22T09:54:47+00:00","dateModified":"2018-06-28T09:58:53+00:00","description":"Servizio di notifica CPNP per la distribuzione di prodotti cosmetici Assistenza nella notifica CPNP per conto della persona responsabile in caso di produzione o importazione dei prodotti cosmetici.","breadcrumb":{"@id":"https:\/\/www.msds-europe.com\/it\/servizio-notifica-cpnp\/#breadcrumb"},"inLanguage":"it-IT","potentialAction":[{"@type":"ReadAction","target":["https:\/\/www.msds-europe.com\/it\/servizio-notifica-cpnp\/"]}]},{"@type":"BreadcrumbList","@id":"https:\/\/www.msds-europe.com\/it\/servizio-notifica-cpnp\/#breadcrumb","itemListElement":[{"@type":"ListItem","position":1,"name":"F\u0151oldal","item":"https:\/\/www.msds-europe.com\/it\/"},{"@type":"ListItem","position":2,"name":"Servizio di notifica CPNP"}]},{"@type":"WebSite","@id":"https:\/\/www.msds-europe.com\/es\/#website","url":"https:\/\/www.msds-europe.com\/es\/","name":"MSDS Europe","description":"","publisher":{"@id":"https:\/\/www.msds-europe.com\/es\/#organization"},"potentialAction":[{"@type":"SearchAction","target":{"@type":"EntryPoint","urlTemplate":"https:\/\/www.msds-europe.com\/es\/?s={search_term_string}"},"query-input":{"@type":"PropertyValueSpecification","valueRequired":true,"valueName":"search_term_string"}}],"inLanguage":"it-IT"},{"@type":"Organization","@id":"https:\/\/www.msds-europe.com\/es\/#organization","name":"MSDS-Europe International branch of ToxInfo","url":"https:\/\/www.msds-europe.com\/es\/","logo":{"@type":"ImageObject","inLanguage":"it-IT","@id":"https:\/\/www.msds-europe.com\/es\/#\/schema\/logo\/image\/","url":"https:\/\/www.msds-europe.com\/wp-content\/uploads\/2021\/04\/msds-europe-logo.jpg","contentUrl":"https:\/\/www.msds-europe.com\/wp-content\/uploads\/2021\/04\/msds-europe-logo.jpg","width":2296,"height":1067,"caption":"MSDS-Europe International branch of ToxInfo"},"image":{"@id":"https:\/\/www.msds-europe.com\/es\/#\/schema\/logo\/image\/"},"sameAs":["https:\/\/www.facebook.com\/toxinfokft\/","https:\/\/x.com\/ToxInfoKft"]}]}},"_links":{"self":[{"href":"https:\/\/www.msds-europe.com\/it\/wp-json\/wp\/v2\/pages\/3918","targetHints":{"allow":["GET"]}}],"collection":[{"href":"https:\/\/www.msds-europe.com\/it\/wp-json\/wp\/v2\/pages"}],"about":[{"href":"https:\/\/www.msds-europe.com\/it\/wp-json\/wp\/v2\/types\/page"}],"author":[{"embeddable":true,"href":"https:\/\/www.msds-europe.com\/it\/wp-json\/wp\/v2\/users\/2"}],"replies":[{"embeddable":true,"href":"https:\/\/www.msds-europe.com\/it\/wp-json\/wp\/v2\/comments?post=3918"}],"version-history":[{"count":6,"href":"https:\/\/www.msds-europe.com\/it\/wp-json\/wp\/v2\/pages\/3918\/revisions"}],"predecessor-version":[{"id":6637,"href":"https:\/\/www.msds-europe.com\/it\/wp-json\/wp\/v2\/pages\/3918\/revisions\/6637"}],"wp:attachment":[{"href":"https:\/\/www.msds-europe.com\/it\/wp-json\/wp\/v2\/media?parent=3918"}],"wp:term":[{"taxonomy":"post_tag","embeddable":true,"href":"https:\/\/www.msds-europe.com\/it\/wp-json\/wp\/v2\/tags?post=3918"}],"curies":[{"name":"wp","href":"https:\/\/api.w.org\/{rel}","templated":true}]}}