{"id":3903,"date":"2018-05-22T08:59:51","date_gmt":"2018-05-22T08:59:51","guid":{"rendered":"http:\/\/www.msds-europe.com\/servizi-espressi-di-schede-di-dati-di-sicurezza-entro-24-ore\/"},"modified":"2026-02-18T14:38:28","modified_gmt":"2026-02-18T14:38:28","slug":"servizio-espresso-schede-di-dati-di-sicurezza","status":"publish","type":"page","link":"https:\/\/www.msds-europe.com\/it\/servizio-espresso-schede-di-dati-di-sicurezza\/","title":{"rendered":"Servizi rapidi di schede di dati di sicurezza entro 72 ore"},"content":{"rendered":"<p style=\"text-align: right;\"><i><a href=\"https:\/\/www.msds-europe.com\/it\/\">MSDS-Europe<\/a> \u2013 servizio espresso per schede di dati di sicurezza<\/i><\/p>\n<p>&nbsp;<\/p>\n<p style=\"text-align: justify;\">Il nostro servizio di <strong>traduzione<\/strong> e <strong>revisione<\/strong> della scheda di dati di sicurezza, a seconda della quantit\u00e0 ordinata, \u00e8 disponibile anche in modalit\u00e0 <strong>servizio espresso<\/strong> con un termine di consegna di <strong>72 ore<\/strong>.<\/p>\n<p>&nbsp;<\/p>\n<h2 style=\"text-align: justify;\">Servizi espressi disponibili per le schede di dati di sicurezza<\/h2>\n<ul style=\"text-align: justify;\">\n<li><a href=\"https:\/\/www.msds-europe.com\/it\/traduzione-scheda-dati-di-sicurezza\/\">Traduzione della scheda di dati di sicurezza<\/a><\/li>\n<li><a href=\"https:\/\/www.msds-europe.com\/it\/sds-revisione-aggiornamento\/\">Revisione e aggiornamento della scheda di dati di sicurezza<\/a><\/li>\n<li><a href=\"https:\/\/www.msds-europe.com\/it\/creazione-bozza-etichetta\/\">Creazione della bozza di etichetta<\/a><\/li>\n<\/ul>\n<p>&nbsp;<\/p>\n<p style=\"text-align: justify;\">Per maggiori dettagli sui nostri servizi espressi, potete cliccare su uno dei link sopra oppure contattare il nostro <strong>Servizio Clienti<\/strong> per ulteriori informazioni.<\/p>\n<p style=\"text-align: right;\"><a href=\"https:\/\/www.msds-europe.com\/it\/sds-requisiti-linguistici\/\"><em>Lingua della scheda di dati di sicurezza nell\u2019UE \u2013 in quale lingua \u00e8 obbligatoria la SDS?<\/em><\/a><\/p>\n<p style=\"text-align: right;\"><a href=\"https:\/\/www.msds-europe.com\/it\/clp-pubblicita-online-2028\/\"><em>Nuove regole CLP per e-commerce: etichettatura e pubblicit\u00e0<\/em><\/a><\/p>\n<p>&nbsp;<\/p>\n<h2 style=\"text-align: justify;\">Tipi di servizi espressi per schede di dati di sicurezza<\/h2>\n<p style=\"text-align: justify;\"><strong>Termine di consegna:<\/strong> 72 ore.<\/p>\n<p style=\"text-align: justify;\"><em>Il termine di consegna standard per i nostri servizi relativi alle schede di dati di sicurezza \u00e8 di 8\u201310 giorni lavorativi.<\/em><\/p>\n<p>&nbsp;<\/p>\n<h3 style=\"text-align: justify;\">Gestione velocizzata<\/h3>\n<p style=\"text-align: justify;\">Per velocizzare la gestione, vi invitiamo a contattare telefonicamente il nostro <a href=\"https:\/\/www.msds-europe.com\/it\/servizio-clientela\/\"><strong>Servizio Clienti<\/strong><\/a> quando ordinate un servizio urgente.<\/p>\n<p style=\"text-align: justify;\">Se utilizzate il nostro <a href=\"https:\/\/www.msds-europe.com\/it\/richiesta-preventivo-scheda-di-dati-di-sicurezza\/\">modulo di richiesta preventivo<\/a>, fateci sapere che avete bisogno di un servizio espresso inserendo un commento.<\/p>\n<p>&nbsp;<\/p>\n<h3 style=\"text-align: justify;\">Garanzia<\/h3>\n<p style=\"text-align: justify;\">La nostra societ\u00e0 offre le stesse condizioni di garanzia anche per i servizi espressi, cos\u00ec come per i servizi con termini di consegna standard. Per maggiori informazioni sulla garanzia, consultate le pagine dei singoli servizi.<\/p>\n<p>&nbsp;<\/p>\n<h4><span style=\"color: #333333;\">Informazioni utili<\/span><\/h4>\n<ul>\n<li><a title=\"Processo di creazione e traduzione delle schede di dati di sicurezza\" href=\"https:\/\/www.msds-europe.com\/it\/processo-di-creazione-traduzione-di-sds\/\">Processo di creazione e traduzione delle schede di dati di sicurezza<\/a><\/li>\n<li><a title=\"Periodo di validit\u00e0 di una scheda di dati di sicurezza\" href=\"https:\/\/www.msds-europe.com\/safety-data-sheet-validity-period\/\">Periodo di validit\u00e0 di una scheda di dati di sicurezza<\/a><\/li>\n<li><a title=\"Base di conoscenza sulle schede di dati di sicurezza\" href=\"https:\/\/www.msds-europe.com\/it\/sds-base-conoscenze\/\">Base di conoscenza sulle schede di dati di sicurezza<\/a><\/li>\n<\/ul>\n<p>&nbsp;<\/p>\n","protected":false},"excerpt":{"rendered":"<p>I nostri servizi rapidi: traduzione o revisione della scheda di dati di sicurezza e creazione della bozza dell\u2019etichetta. Entro 72 ore.<\/p>\n","protected":false},"author":2,"featured_media":0,"parent":0,"menu_order":0,"comment_status":"closed","ping_status":"closed","template":"","meta":{"_acf_changed":false,"footnotes":""},"tags":[241,255,1477],"class_list":["post-3903","page","type-page","status-publish","hentry","tag-scheda-di-dati-di-sicurezza-it","tag-servizio-schede-di-dati-di-sicurezza-it","tag-servizio-schede-di-dati-di-sicurezza"],"acf":[],"yoast_head":"<!-- This site is optimized with the Yoast SEO plugin v27.2 - https:\/\/yoast.com\/product\/yoast-seo-wordpress\/ -->\n<title>Servizi rapidi di schede di dati di sicurezza entro 72 ore<\/title>\n<meta name=\"description\" content=\"Servizi rapidi relativi a SDS disponibili: traduzione o revisione della scheda di dati di sicurezza e creazione della bozza dell\u2019etichetta.\" \/>\n<meta name=\"robots\" content=\"index, follow, max-snippet:-1, max-image-preview:large, max-video-preview:-1\" \/>\n<link rel=\"canonical\" href=\"https:\/\/www.msds-europe.com\/it\/servizio-espresso-schede-di-dati-di-sicurezza\/\" \/>\n<meta property=\"og:locale\" content=\"it_IT\" \/>\n<meta property=\"og:type\" content=\"article\" \/>\n<meta property=\"og:title\" content=\"Servizi rapidi di schede di dati di sicurezza entro 72 ore\" \/>\n<meta property=\"og:description\" content=\"Servizi rapidi relativi a SDS disponibili: traduzione o revisione della scheda di dati di sicurezza e creazione della bozza dell\u2019etichetta.\" \/>\n<meta property=\"og:url\" content=\"https:\/\/www.msds-europe.com\/it\/servizio-espresso-schede-di-dati-di-sicurezza\/\" \/>\n<meta property=\"og:site_name\" content=\"MSDS Europe\" \/>\n<meta property=\"article:publisher\" content=\"https:\/\/www.facebook.com\/toxinfokft\/\" \/>\n<meta property=\"article:modified_time\" content=\"2026-02-18T14:38:28+00:00\" \/>\n<meta name=\"twitter:card\" content=\"summary_large_image\" \/>\n<meta name=\"twitter:site\" content=\"@ToxInfoKft\" \/>\n<meta name=\"twitter:label1\" content=\"Tempo di lettura stimato\" \/>\n\t<meta name=\"twitter:data1\" content=\"2 minuti\" \/>\n<script type=\"application\/ld+json\" class=\"yoast-schema-graph\">{\"@context\":\"https:\/\/schema.org\",\"@graph\":[{\"@type\":\"WebPage\",\"@id\":\"https:\/\/www.msds-europe.com\/it\/servizio-espresso-schede-di-dati-di-sicurezza\/\",\"url\":\"https:\/\/www.msds-europe.com\/it\/servizio-espresso-schede-di-dati-di-sicurezza\/\",\"name\":\"Servizi rapidi di schede di dati di sicurezza entro 72 ore\",\"isPartOf\":{\"@id\":\"https:\/\/www.msds-europe.com\/es\/#website\"},\"datePublished\":\"2018-05-22T08:59:51+00:00\",\"dateModified\":\"2026-02-18T14:38:28+00:00\",\"description\":\"Servizi rapidi relativi a SDS disponibili: traduzione o revisione della scheda di dati di sicurezza e creazione della bozza dell\u2019etichetta.\",\"breadcrumb\":{\"@id\":\"https:\/\/www.msds-europe.com\/it\/servizio-espresso-schede-di-dati-di-sicurezza\/#breadcrumb\"},\"inLanguage\":\"it-IT\",\"potentialAction\":[{\"@type\":\"ReadAction\",\"target\":[\"https:\/\/www.msds-europe.com\/it\/servizio-espresso-schede-di-dati-di-sicurezza\/\"]}]},{\"@type\":\"BreadcrumbList\",\"@id\":\"https:\/\/www.msds-europe.com\/it\/servizio-espresso-schede-di-dati-di-sicurezza\/#breadcrumb\",\"itemListElement\":[{\"@type\":\"ListItem\",\"position\":1,\"name\":\"F\u0151oldal\",\"item\":\"https:\/\/www.msds-europe.com\/it\/\"},{\"@type\":\"ListItem\",\"position\":2,\"name\":\"Servizi rapidi di schede di dati di sicurezza entro 72 ore\"}]},{\"@type\":\"WebSite\",\"@id\":\"https:\/\/www.msds-europe.com\/es\/#website\",\"url\":\"https:\/\/www.msds-europe.com\/es\/\",\"name\":\"MSDS Europe\",\"description\":\"\",\"publisher\":{\"@id\":\"https:\/\/www.msds-europe.com\/es\/#organization\"},\"potentialAction\":[{\"@type\":\"SearchAction\",\"target\":{\"@type\":\"EntryPoint\",\"urlTemplate\":\"https:\/\/www.msds-europe.com\/es\/?s={search_term_string}\"},\"query-input\":{\"@type\":\"PropertyValueSpecification\",\"valueRequired\":true,\"valueName\":\"search_term_string\"}}],\"inLanguage\":\"it-IT\"},{\"@type\":\"Organization\",\"@id\":\"https:\/\/www.msds-europe.com\/es\/#organization\",\"name\":\"MSDS-Europe International branch of ToxInfo\",\"url\":\"https:\/\/www.msds-europe.com\/es\/\",\"logo\":{\"@type\":\"ImageObject\",\"inLanguage\":\"it-IT\",\"@id\":\"https:\/\/www.msds-europe.com\/es\/#\/schema\/logo\/image\/\",\"url\":\"https:\/\/www.msds-europe.com\/wp-content\/uploads\/2021\/04\/msds-europe-logo.jpg\",\"contentUrl\":\"https:\/\/www.msds-europe.com\/wp-content\/uploads\/2021\/04\/msds-europe-logo.jpg\",\"width\":2296,\"height\":1067,\"caption\":\"MSDS-Europe International branch of ToxInfo\"},\"image\":{\"@id\":\"https:\/\/www.msds-europe.com\/es\/#\/schema\/logo\/image\/\"},\"sameAs\":[\"https:\/\/www.facebook.com\/toxinfokft\/\",\"https:\/\/x.com\/ToxInfoKft\"]}]}<\/script>\n<!-- \/ Yoast SEO plugin. -->","yoast_head_json":{"title":"Servizi rapidi di schede di dati di sicurezza entro 72 ore","description":"Servizi rapidi relativi a SDS disponibili: traduzione o revisione della scheda di dati di sicurezza e creazione della bozza dell\u2019etichetta.","robots":{"index":"index","follow":"follow","max-snippet":"max-snippet:-1","max-image-preview":"max-image-preview:large","max-video-preview":"max-video-preview:-1"},"canonical":"https:\/\/www.msds-europe.com\/it\/servizio-espresso-schede-di-dati-di-sicurezza\/","og_locale":"it_IT","og_type":"article","og_title":"Servizi rapidi di schede di dati di sicurezza entro 72 ore","og_description":"Servizi rapidi relativi a SDS disponibili: traduzione o revisione della scheda di dati di sicurezza e creazione della bozza dell\u2019etichetta.","og_url":"https:\/\/www.msds-europe.com\/it\/servizio-espresso-schede-di-dati-di-sicurezza\/","og_site_name":"MSDS Europe","article_publisher":"https:\/\/www.facebook.com\/toxinfokft\/","article_modified_time":"2026-02-18T14:38:28+00:00","twitter_card":"summary_large_image","twitter_site":"@ToxInfoKft","twitter_misc":{"Tempo di lettura stimato":"2 minuti"},"schema":{"@context":"https:\/\/schema.org","@graph":[{"@type":"WebPage","@id":"https:\/\/www.msds-europe.com\/it\/servizio-espresso-schede-di-dati-di-sicurezza\/","url":"https:\/\/www.msds-europe.com\/it\/servizio-espresso-schede-di-dati-di-sicurezza\/","name":"Servizi rapidi di schede di dati di sicurezza entro 72 ore","isPartOf":{"@id":"https:\/\/www.msds-europe.com\/es\/#website"},"datePublished":"2018-05-22T08:59:51+00:00","dateModified":"2026-02-18T14:38:28+00:00","description":"Servizi rapidi relativi a SDS disponibili: traduzione o revisione della scheda di dati di sicurezza e creazione della bozza dell\u2019etichetta.","breadcrumb":{"@id":"https:\/\/www.msds-europe.com\/it\/servizio-espresso-schede-di-dati-di-sicurezza\/#breadcrumb"},"inLanguage":"it-IT","potentialAction":[{"@type":"ReadAction","target":["https:\/\/www.msds-europe.com\/it\/servizio-espresso-schede-di-dati-di-sicurezza\/"]}]},{"@type":"BreadcrumbList","@id":"https:\/\/www.msds-europe.com\/it\/servizio-espresso-schede-di-dati-di-sicurezza\/#breadcrumb","itemListElement":[{"@type":"ListItem","position":1,"name":"F\u0151oldal","item":"https:\/\/www.msds-europe.com\/it\/"},{"@type":"ListItem","position":2,"name":"Servizi rapidi di schede di dati di sicurezza entro 72 ore"}]},{"@type":"WebSite","@id":"https:\/\/www.msds-europe.com\/es\/#website","url":"https:\/\/www.msds-europe.com\/es\/","name":"MSDS Europe","description":"","publisher":{"@id":"https:\/\/www.msds-europe.com\/es\/#organization"},"potentialAction":[{"@type":"SearchAction","target":{"@type":"EntryPoint","urlTemplate":"https:\/\/www.msds-europe.com\/es\/?s={search_term_string}"},"query-input":{"@type":"PropertyValueSpecification","valueRequired":true,"valueName":"search_term_string"}}],"inLanguage":"it-IT"},{"@type":"Organization","@id":"https:\/\/www.msds-europe.com\/es\/#organization","name":"MSDS-Europe International branch of ToxInfo","url":"https:\/\/www.msds-europe.com\/es\/","logo":{"@type":"ImageObject","inLanguage":"it-IT","@id":"https:\/\/www.msds-europe.com\/es\/#\/schema\/logo\/image\/","url":"https:\/\/www.msds-europe.com\/wp-content\/uploads\/2021\/04\/msds-europe-logo.jpg","contentUrl":"https:\/\/www.msds-europe.com\/wp-content\/uploads\/2021\/04\/msds-europe-logo.jpg","width":2296,"height":1067,"caption":"MSDS-Europe International branch of ToxInfo"},"image":{"@id":"https:\/\/www.msds-europe.com\/es\/#\/schema\/logo\/image\/"},"sameAs":["https:\/\/www.facebook.com\/toxinfokft\/","https:\/\/x.com\/ToxInfoKft"]}]}},"_links":{"self":[{"href":"https:\/\/www.msds-europe.com\/it\/wp-json\/wp\/v2\/pages\/3903","targetHints":{"allow":["GET"]}}],"collection":[{"href":"https:\/\/www.msds-europe.com\/it\/wp-json\/wp\/v2\/pages"}],"about":[{"href":"https:\/\/www.msds-europe.com\/it\/wp-json\/wp\/v2\/types\/page"}],"author":[{"embeddable":true,"href":"https:\/\/www.msds-europe.com\/it\/wp-json\/wp\/v2\/users\/2"}],"replies":[{"embeddable":true,"href":"https:\/\/www.msds-europe.com\/it\/wp-json\/wp\/v2\/comments?post=3903"}],"version-history":[{"count":10,"href":"https:\/\/www.msds-europe.com\/it\/wp-json\/wp\/v2\/pages\/3903\/revisions"}],"predecessor-version":[{"id":37137,"href":"https:\/\/www.msds-europe.com\/it\/wp-json\/wp\/v2\/pages\/3903\/revisions\/37137"}],"wp:attachment":[{"href":"https:\/\/www.msds-europe.com\/it\/wp-json\/wp\/v2\/media?parent=3903"}],"wp:term":[{"taxonomy":"post_tag","embeddable":true,"href":"https:\/\/www.msds-europe.com\/it\/wp-json\/wp\/v2\/tags?post=3903"}],"curies":[{"name":"wp","href":"https:\/\/api.w.org\/{rel}","templated":true}]}}