{"id":3836,"date":"2018-05-16T09:06:57","date_gmt":"2018-05-16T09:06:57","guid":{"rendered":"http:\/\/www.msds-europe.com\/software-di-creazione-delle-schede-di-dati-di-sicurezza\/"},"modified":"2026-02-25T10:34:56","modified_gmt":"2026-02-25T10:34:56","slug":"software-di-creazione-delle-sds","status":"publish","type":"page","link":"https:\/\/www.msds-europe.com\/it\/software-di-creazione-delle-sds\/","title":{"rendered":"Software di creazione delle schede di dati di sicurezza"},"content":{"rendered":"<p style=\"text-align: right;\"><em><span style=\"color: #000000; font-family: Calibri;\"><a href=\"https:\/\/www.msds-europe.com\/it\/\">MSDS-Europe<\/a> \u2013 <a href=\"https:\/\/www.msds-europe.com\/it\/sicurezza-chimica-articoli-analisi\/\">Bussola per la sicurezza chimica<\/a> \u2013 Software di creazione delle schede di dati di sicurezza<\/span><\/em><\/p>\n<p>&nbsp;<\/p>\n<p style=\"text-align: justify;\"><span style=\"color: #000000; font-family: Calibri;\">In quasi vent\u2019anni di esperienza professionale nel campo della sicurezza chimica, la maggior parte delle schede di dati di sicurezza in lingua straniera con cui abbiamo lavorato \u00e8 stata preparata con software; per questo abbiamo potuto analizzare a fondo tali schede di dati di sicurezza.<\/span><\/p>\n<p style=\"text-align: justify;\"><span style=\"color: #000000; font-family: Calibri;\">Sulla base di queste esperienze, la nostra societ\u00e0 non ha mai utilizzato un software di creazione di schede di dati di sicurezza e non ne ha mai consigliato l\u2019uso ai propri partner.<\/span><\/p>\n<p style=\"text-align: justify;\"><span style=\"color: #000000; font-family: Calibri;\">&nbsp;<\/span><\/p>\n<h2 style=\"text-align: justify;\"><span style=\"color: #ff6600; font-family: Calibri;\">Il principio di funzionamento di un software di creazione di schede di dati di sicurezza e i suoi servizi<\/span><\/h2>\n<p style=\"text-align: justify;\"><span style=\"color: #000000; font-family: Calibri;\">Il software di traduzione della scheda di dati di sicurezza, analogamente ad altri software di traduzione, prepara la scheda di dati di sicurezza in lingua straniera sulla base delle frasi corrispondenti disponibili in memoria.<\/span><\/p>\n<p style=\"text-align: justify;\"><span style=\"color: #000000; font-family: Calibri;\">Il suo funzionamento si basa sulle \u201cmemorie\u201d disponibili come moduli linguistici acquistabili, che contengono le traduzioni delle frasi comunemente presenti nelle schede di dati di sicurezza.<\/span><\/p>\n<p style=\"text-align: justify;\"><span style=\"color: #000000; font-family: Calibri;\">La frase nella \u201clingua di origine\u201d viene sostituita dalla frase appropriata nella \u201clingua di destinazione\u201d se il sistema trova una corrispondenza completa.<\/span><\/p>\n<p style=\"text-align: justify;\"><span style=\"color: #000000; font-family: Calibri;\">I software di traduzione specifici per la traduzione di schede di dati di sicurezza offrono in genere anche altre funzioni, ad esempio:<\/span><\/p>\n<ul>\n<li style=\"text-align: justify;\"><span style=\"color: #000000; font-family: Calibri;\">Classificazione dei componenti in base al numero CAS e agli elenchi di sostanze pericolose esistenti (che spesso non sono aggiornati nel software).<\/span><\/li>\n<li style=\"text-align: justify;\"><span style=\"color: #000000; font-family: Calibri;\">Assegnazione dei valori limite di esposizione alle sostanze.<\/span><\/li>\n<li style=\"text-align: justify;\"><span style=\"font-family: Calibri;\"><span style=\"color: #000000;\">Utilizzo di pittogrammi (<\/span>non <a href=\"http:\/\/www.msds-europe.com\/it\/pittogramma-di-pericolo\/\">pittogrammi di pericolo CLP<\/a><span style=\"color: #000000;\">) per evidenziare maggiormente i dispositivi di protezione richiesti.<\/span><\/span><\/li>\n<li style=\"text-align: justify;\"><span style=\"color: #000000; font-family: Calibri;\">Determinazione delle <a href=\"http:\/\/www.msds-europe.com\/it\/indicazioni-di-pericolo-h\/\">classi di pericolo e delle indicazioni di pericolo H<\/a> e dei <a href=\"http:\/\/www.msds-europe.com\/it\/consigli-p\/\">consigli di prudenza P<\/a> della miscela (in base ai componenti e ai limiti di concentrazione previsti dalla normativa).<\/span><\/li>\n<li style=\"text-align: justify;\"><span style=\"color: #000000; font-family: Calibri;\">Possibile presenza di alcune funzioni di registro\/gestione documentale.<\/span><\/li>\n<\/ul>\n<p style=\"text-align: justify;\"><span style=\"color: #000000; font-family: Calibri;\">&nbsp;<\/span><\/p>\n<h2 style=\"text-align: justify;\"><span style=\"color: #ff6600; font-family: Calibri;\">Vantaggi dei software di creazione delle schede di dati di sicurezza<\/span><\/h2>\n<ul>\n<li style=\"text-align: justify;\"><span style=\"color: #000000; font-family: Calibri;\">Possono gestire un gran numero di schede di dati di sicurezza.<\/span><\/li>\n<li style=\"text-align: justify;\"><span style=\"color: #000000; font-family: Calibri;\"><a href=\"https:\/\/www.msds-europe.com\/it\/sds-requisiti-linguistici\/\">Possono tradurre in pi\u00f9 lingue (solo se sono stati acquistati i moduli linguistici specifici)<\/a>.<\/span><\/li>\n<li style=\"text-align: justify;\"><span style=\"color: #000000; font-family: Calibri;\">Sono veloci.<\/span><\/li>\n<li style=\"text-align: justify;\"><span style=\"color: #000000; font-family: Calibri;\">Possono essere economicamente efficienti in caso di grandi volumi (se si ignorano i possibili danni derivanti da carenze professionali).<\/span><\/li>\n<li style=\"text-align: justify;\"><span style=\"color: #000000; font-family: Calibri;\">Funzioni di registro e organizzative.<\/span><\/li>\n<\/ul>\n<p style=\"text-align: justify;\"><span style=\"color: #000000; font-family: Calibri;\">&nbsp;<\/span><\/p>\n<h2 style=\"text-align: justify;\"><span style=\"color: #ff6600; font-family: Calibri;\">Svantaggi dei software di creazione delle schede di dati di sicurezza<\/span><\/h2>\n<h2 style=\"text-align: justify;\"><span style=\"color: #333333; font-family: Calibri;\">Carenze professionali<\/span><\/h2>\n<ul>\n<li style=\"text-align: justify;\"><span style=\"color: #000000; font-family: Calibri;\">L\u2019utente del software deve assumersi le conseguenze di eventuali errori che possono verificarsi durante la classificazione di pericolo del prodotto.<\/span><\/li>\n<li style=\"text-align: justify;\"><span style=\"color: #000000; font-family: Calibri;\">Le carenze professionali della scheda di dati di sicurezza \u201coriginale\u201d si trasferiscono anche nella scheda di dati di sicurezza tradotta, senza correzione.<\/span><\/li>\n<li style=\"text-align: justify;\"><span style=\"color: #000000; font-family: Calibri;\">Possono contenere parti non tradotte (il sistema non riesce a gestire frasi che non presentano una corrispondenza completa con quelle presenti in memoria).<\/span><\/li>\n<li style=\"text-align: justify;\"><span style=\"color: #000000; font-family: Calibri;\">Possono contenere espressioni, frasi o nomi di sostanze tradotti in modo errato. Inoltre, il numero limitato di frasi disponibili riduce notevolmente il loro valore d\u2019uso.<\/span><\/li>\n<li style=\"text-align: justify;\"><span style=\"color: #000000; font-family: Calibri;\">Non forniscono i dati mancanti (ad es. numeri CE, valori limite di esposizione, ecc.).<\/span><\/li>\n<li style=\"text-align: justify;\"><span style=\"color: #000000; font-family: Calibri;\">Funzionano solo sulla base delle regole generali dell\u2019UE e ignorano le piccole o grandi divergenze delle normative nazionali del Paese di destinazione.<\/span><\/li>\n<\/ul>\n<p style=\"text-align: justify;\"><em>Indipendentemente dall\u2019uso di un software, i dati inseriti devono sempre essere verificati rispetto a <a href=\"https:\/\/www.msds-europe.com\/it\/sds-fonti-informazione-banche-dati\/\">fonti di informazione e banche dati ufficiali per le SDS<\/a>, altrimenti eventuali errori presenti nella banca dati interna verranno replicati in tutte le schede.<\/em><\/p>\n<p>&nbsp;<\/p>\n<h2><span style=\"color: #333333;\"><span style=\"font-family: Calibri;\">&nbsp;<\/span><span style=\"font-family: Calibri;\">Altri svantaggi non professionali<\/span><\/span><\/h2>\n<ul>\n<li style=\"text-align: justify;\"><span style=\"color: #000000; font-family: Calibri;\">Non si tratta di un costo una tantum. L\u2019acquisto di vari moduli linguistici e degli aggiornamenti pu\u00f2 comportare costi aggiuntivi.<\/span><\/li>\n<li style=\"text-align: justify;\"><span style=\"color: #000000; font-family: Calibri;\">Il software deve essere gestito; quindi vi sono anche costi relativi alle risorse umane.<\/span><\/li>\n<li style=\"text-align: justify;\"><span style=\"color: #000000; font-family: Calibri;\">Il suo utilizzo \u00e8 conveniente solo a partire da un certo numero di schede di dati di sicurezza.<\/span><\/li>\n<li style=\"text-align: justify;\"><span style=\"color: #000000; font-family: Calibri;\">L\u2019utente riceve solo supporto software; non c\u2019\u00e8 nessuno su cui poter fare affidamento per altre domande relative alla sicurezza chimica.<\/span><\/li>\n<li style=\"text-align: justify;\"><span style=\"color: #000000; font-family: Calibri;\">In caso di obiezioni da parte di un\u2019autorit\u00e0 o di un partner, l\u2019utente spesso non sar\u00e0 in grado di correggere adeguatamente la scheda di dati di sicurezza.<\/span><\/li>\n<\/ul>\n<p style=\"text-align: justify;\"><span style=\"color: #000000; font-family: Calibri;\">&nbsp;<\/span><\/p>\n<h3 style=\"text-align: justify;\"><span style=\"color: #333333; font-family: Calibri;\">Servizi offerti<\/span><\/h3>\n<ul>\n<li><a href=\"http:\/\/www.msds-europe.com\/it\/traduzione-scheda-dati-di-sicurezza\/\">Traduzione delle schede di dati di sicurezza<\/a><\/li>\n<li><a href=\"http:\/\/www.msds-europe.com\/it\/sds-revisione-aggiornamento\/\">Revisione e aggiornamento delle schede di dati di sicurezza<\/a><\/li>\n<li><a href=\"http:\/\/www.msds-europe.com\/it\/scheda-di-dati-di-sicurezza-compilazione-creazione\/\">Compilazione e creazione di una scheda di dati di sicurezza<\/a><\/li>\n<li><a href=\"http:\/\/www.msds-europe.com\/it\/servizio-espresso-schede-di-dati-di-sicurezza\/\">Servizi espressi per schede di dati di sicurezza entro 24 ore<\/a><\/li>\n<li><a href=\"http:\/\/www.msds-europe.com\/it\/creazione-bozza-etichetta\/\">Creazione di bozze di etichette<\/a><\/li>\n<\/ul>\n<p><span style=\"color: #000000; font-family: Calibri;\">&nbsp;<\/span><\/p>\n<h3><span style=\"color: #333333;\">Domande e risposte rapide<\/span><\/h3>\n<div class=\"su-spoiler su-spoiler-style-fancy su-spoiler-icon-chevron su-spoiler-closed\" data-scroll-offset=\"0\" data-anchor-in-url=\"no\"><div class=\"su-spoiler-title\" tabindex=\"0\" role=\"button\"><span class=\"su-spoiler-icon\"><\/span>\u00c8 pi\u00f9 veloce creare una SDS con un software che con un professionista?<\/div><div class=\"su-spoiler-content su-u-clearfix su-u-trim\">\n<p style=\"text-align: justify;\">S\u00ec, ma il software replica gli errori tecnici senza correggerli, quindi alla fine pu\u00f2 costare di pi\u00f9.<\/p>\n<\/div><\/div>\n<div class=\"su-spoiler su-spoiler-style-fancy su-spoiler-icon-chevron su-spoiler-closed\" data-scroll-offset=\"0\" data-anchor-in-url=\"no\"><div class=\"su-spoiler-title\" tabindex=\"0\" role=\"button\"><span class=\"su-spoiler-icon\"><\/span>Chi \u00e8 responsabile di una classificazione di pericolo errata quando si utilizza un software?<\/div><div class=\"su-spoiler-content su-u-clearfix su-u-trim\">\n<p style=\"text-align: justify;\">Tutta la responsabilit\u00e0 legale ricade sull\u2019azienda che utilizza il software, non sul fornitore del programma.<\/p>\n<\/div><\/div>\n<div class=\"su-spoiler su-spoiler-style-fancy su-spoiler-icon-chevron su-spoiler-closed\" data-scroll-offset=\"0\" data-anchor-in-url=\"no\"><div class=\"su-spoiler-title\" tabindex=\"0\" role=\"button\"><span class=\"su-spoiler-icon\"><\/span>Quando un software per la redazione delle SDS pu\u00f2 ancora essere conveniente?<\/div><div class=\"su-spoiler-content su-u-clearfix su-u-trim\">\n<p style=\"text-align: justify;\">Solo in presenza di un ampio portafoglio di SDS e di competenze interne in materia di sicurezza chimica.<\/p>\n<\/div><\/div>\n<p>\u00a0<\/p>\n","protected":false},"excerpt":{"rendered":"<p>Un nostro articolo su vantaggi e svantaggi dei software di creazione delle schede di dati di sicurezza.<\/p>\n","protected":false},"author":2,"featured_media":0,"parent":0,"menu_order":0,"comment_status":"closed","ping_status":"closed","template":"","meta":{"_acf_changed":false,"footnotes":""},"tags":[241,242],"class_list":["post-3836","page","type-page","status-publish","hentry","tag-scheda-di-dati-di-sicurezza-it","tag-scheda-di-dati-di-sicurezza-base-delle-conoscenze-it"],"acf":[],"yoast_head":"<!-- This site is optimized with the Yoast SEO plugin v27.2 - https:\/\/yoast.com\/product\/yoast-seo-wordpress\/ -->\n<title>Software di creazione delle schede di dati di sicurezza<\/title>\n<meta name=\"description\" content=\"Suggerimenti da considerare prima dell&#039;uso di un software di creazione delle schede di dati di sicurezza. MSDS-Europe\" \/>\n<meta name=\"robots\" content=\"index, follow, max-snippet:-1, max-image-preview:large, max-video-preview:-1\" \/>\n<link rel=\"canonical\" href=\"https:\/\/www.msds-europe.com\/it\/software-di-creazione-delle-sds\/\" \/>\n<meta property=\"og:locale\" content=\"it_IT\" \/>\n<meta property=\"og:type\" content=\"article\" \/>\n<meta property=\"og:title\" content=\"Software di creazione delle schede di dati di sicurezza\" \/>\n<meta property=\"og:description\" content=\"Suggerimenti da considerare prima dell&#039;uso di un software di creazione delle schede di dati di sicurezza. MSDS-Europe\" \/>\n<meta property=\"og:url\" content=\"https:\/\/www.msds-europe.com\/it\/software-di-creazione-delle-sds\/\" \/>\n<meta property=\"og:site_name\" content=\"MSDS Europe\" \/>\n<meta property=\"article:publisher\" content=\"https:\/\/www.facebook.com\/toxinfokft\/\" \/>\n<meta property=\"article:modified_time\" content=\"2026-02-25T10:34:56+00:00\" \/>\n<meta name=\"twitter:card\" content=\"summary_large_image\" \/>\n<meta name=\"twitter:site\" content=\"@ToxInfoKft\" \/>\n<meta name=\"twitter:label1\" content=\"Tempo di lettura stimato\" \/>\n\t<meta name=\"twitter:data1\" content=\"4 minuti\" \/>\n<script type=\"application\/ld+json\" class=\"yoast-schema-graph\">{\"@context\":\"https:\/\/schema.org\",\"@graph\":[{\"@type\":\"WebPage\",\"@id\":\"https:\/\/www.msds-europe.com\/it\/software-di-creazione-delle-sds\/\",\"url\":\"https:\/\/www.msds-europe.com\/it\/software-di-creazione-delle-sds\/\",\"name\":\"Software di creazione delle schede di dati di sicurezza\",\"isPartOf\":{\"@id\":\"https:\/\/www.msds-europe.com\/es\/#website\"},\"datePublished\":\"2018-05-16T09:06:57+00:00\",\"dateModified\":\"2026-02-25T10:34:56+00:00\",\"description\":\"Suggerimenti da considerare prima dell'uso di un software di creazione delle schede di dati di sicurezza. MSDS-Europe\",\"breadcrumb\":{\"@id\":\"https:\/\/www.msds-europe.com\/it\/software-di-creazione-delle-sds\/#breadcrumb\"},\"inLanguage\":\"it-IT\",\"potentialAction\":[{\"@type\":\"ReadAction\",\"target\":[\"https:\/\/www.msds-europe.com\/it\/software-di-creazione-delle-sds\/\"]}]},{\"@type\":\"BreadcrumbList\",\"@id\":\"https:\/\/www.msds-europe.com\/it\/software-di-creazione-delle-sds\/#breadcrumb\",\"itemListElement\":[{\"@type\":\"ListItem\",\"position\":1,\"name\":\"F\u0151oldal\",\"item\":\"https:\/\/www.msds-europe.com\/it\/\"},{\"@type\":\"ListItem\",\"position\":2,\"name\":\"Software di creazione delle schede di dati di sicurezza\"}]},{\"@type\":\"WebSite\",\"@id\":\"https:\/\/www.msds-europe.com\/es\/#website\",\"url\":\"https:\/\/www.msds-europe.com\/es\/\",\"name\":\"MSDS Europe\",\"description\":\"\",\"publisher\":{\"@id\":\"https:\/\/www.msds-europe.com\/es\/#organization\"},\"potentialAction\":[{\"@type\":\"SearchAction\",\"target\":{\"@type\":\"EntryPoint\",\"urlTemplate\":\"https:\/\/www.msds-europe.com\/es\/?s={search_term_string}\"},\"query-input\":{\"@type\":\"PropertyValueSpecification\",\"valueRequired\":true,\"valueName\":\"search_term_string\"}}],\"inLanguage\":\"it-IT\"},{\"@type\":\"Organization\",\"@id\":\"https:\/\/www.msds-europe.com\/es\/#organization\",\"name\":\"MSDS-Europe International branch of ToxInfo\",\"url\":\"https:\/\/www.msds-europe.com\/es\/\",\"logo\":{\"@type\":\"ImageObject\",\"inLanguage\":\"it-IT\",\"@id\":\"https:\/\/www.msds-europe.com\/es\/#\/schema\/logo\/image\/\",\"url\":\"https:\/\/www.msds-europe.com\/wp-content\/uploads\/2021\/04\/msds-europe-logo.jpg\",\"contentUrl\":\"https:\/\/www.msds-europe.com\/wp-content\/uploads\/2021\/04\/msds-europe-logo.jpg\",\"width\":2296,\"height\":1067,\"caption\":\"MSDS-Europe International branch of ToxInfo\"},\"image\":{\"@id\":\"https:\/\/www.msds-europe.com\/es\/#\/schema\/logo\/image\/\"},\"sameAs\":[\"https:\/\/www.facebook.com\/toxinfokft\/\",\"https:\/\/x.com\/ToxInfoKft\"]}]}<\/script>\n<!-- \/ Yoast SEO plugin. -->","yoast_head_json":{"title":"Software di creazione delle schede di dati di sicurezza","description":"Suggerimenti da considerare prima dell'uso di un software di creazione delle schede di dati di sicurezza. MSDS-Europe","robots":{"index":"index","follow":"follow","max-snippet":"max-snippet:-1","max-image-preview":"max-image-preview:large","max-video-preview":"max-video-preview:-1"},"canonical":"https:\/\/www.msds-europe.com\/it\/software-di-creazione-delle-sds\/","og_locale":"it_IT","og_type":"article","og_title":"Software di creazione delle schede di dati di sicurezza","og_description":"Suggerimenti da considerare prima dell'uso di un software di creazione delle schede di dati di sicurezza. MSDS-Europe","og_url":"https:\/\/www.msds-europe.com\/it\/software-di-creazione-delle-sds\/","og_site_name":"MSDS Europe","article_publisher":"https:\/\/www.facebook.com\/toxinfokft\/","article_modified_time":"2026-02-25T10:34:56+00:00","twitter_card":"summary_large_image","twitter_site":"@ToxInfoKft","twitter_misc":{"Tempo di lettura stimato":"4 minuti"},"schema":{"@context":"https:\/\/schema.org","@graph":[{"@type":"WebPage","@id":"https:\/\/www.msds-europe.com\/it\/software-di-creazione-delle-sds\/","url":"https:\/\/www.msds-europe.com\/it\/software-di-creazione-delle-sds\/","name":"Software di creazione delle schede di dati di sicurezza","isPartOf":{"@id":"https:\/\/www.msds-europe.com\/es\/#website"},"datePublished":"2018-05-16T09:06:57+00:00","dateModified":"2026-02-25T10:34:56+00:00","description":"Suggerimenti da considerare prima dell'uso di un software di creazione delle schede di dati di sicurezza. MSDS-Europe","breadcrumb":{"@id":"https:\/\/www.msds-europe.com\/it\/software-di-creazione-delle-sds\/#breadcrumb"},"inLanguage":"it-IT","potentialAction":[{"@type":"ReadAction","target":["https:\/\/www.msds-europe.com\/it\/software-di-creazione-delle-sds\/"]}]},{"@type":"BreadcrumbList","@id":"https:\/\/www.msds-europe.com\/it\/software-di-creazione-delle-sds\/#breadcrumb","itemListElement":[{"@type":"ListItem","position":1,"name":"F\u0151oldal","item":"https:\/\/www.msds-europe.com\/it\/"},{"@type":"ListItem","position":2,"name":"Software di creazione delle schede di dati di sicurezza"}]},{"@type":"WebSite","@id":"https:\/\/www.msds-europe.com\/es\/#website","url":"https:\/\/www.msds-europe.com\/es\/","name":"MSDS Europe","description":"","publisher":{"@id":"https:\/\/www.msds-europe.com\/es\/#organization"},"potentialAction":[{"@type":"SearchAction","target":{"@type":"EntryPoint","urlTemplate":"https:\/\/www.msds-europe.com\/es\/?s={search_term_string}"},"query-input":{"@type":"PropertyValueSpecification","valueRequired":true,"valueName":"search_term_string"}}],"inLanguage":"it-IT"},{"@type":"Organization","@id":"https:\/\/www.msds-europe.com\/es\/#organization","name":"MSDS-Europe International branch of ToxInfo","url":"https:\/\/www.msds-europe.com\/es\/","logo":{"@type":"ImageObject","inLanguage":"it-IT","@id":"https:\/\/www.msds-europe.com\/es\/#\/schema\/logo\/image\/","url":"https:\/\/www.msds-europe.com\/wp-content\/uploads\/2021\/04\/msds-europe-logo.jpg","contentUrl":"https:\/\/www.msds-europe.com\/wp-content\/uploads\/2021\/04\/msds-europe-logo.jpg","width":2296,"height":1067,"caption":"MSDS-Europe International branch of ToxInfo"},"image":{"@id":"https:\/\/www.msds-europe.com\/es\/#\/schema\/logo\/image\/"},"sameAs":["https:\/\/www.facebook.com\/toxinfokft\/","https:\/\/x.com\/ToxInfoKft"]}]}},"_links":{"self":[{"href":"https:\/\/www.msds-europe.com\/it\/wp-json\/wp\/v2\/pages\/3836","targetHints":{"allow":["GET"]}}],"collection":[{"href":"https:\/\/www.msds-europe.com\/it\/wp-json\/wp\/v2\/pages"}],"about":[{"href":"https:\/\/www.msds-europe.com\/it\/wp-json\/wp\/v2\/types\/page"}],"author":[{"embeddable":true,"href":"https:\/\/www.msds-europe.com\/it\/wp-json\/wp\/v2\/users\/2"}],"replies":[{"embeddable":true,"href":"https:\/\/www.msds-europe.com\/it\/wp-json\/wp\/v2\/comments?post=3836"}],"version-history":[{"count":13,"href":"https:\/\/www.msds-europe.com\/it\/wp-json\/wp\/v2\/pages\/3836\/revisions"}],"predecessor-version":[{"id":37818,"href":"https:\/\/www.msds-europe.com\/it\/wp-json\/wp\/v2\/pages\/3836\/revisions\/37818"}],"wp:attachment":[{"href":"https:\/\/www.msds-europe.com\/it\/wp-json\/wp\/v2\/media?parent=3836"}],"wp:term":[{"taxonomy":"post_tag","embeddable":true,"href":"https:\/\/www.msds-europe.com\/it\/wp-json\/wp\/v2\/tags?post=3836"}],"curies":[{"name":"wp","href":"https:\/\/api.w.org\/{rel}","templated":true}]}}