{"id":3831,"date":"2018-05-16T08:48:07","date_gmt":"2018-05-16T08:48:07","guid":{"rendered":"http:\/\/www.msds-europe.com\/processo-lavorativo-di-creazione-e-traduzione-di-schede-di-dati-di-sicurezza\/"},"modified":"2026-04-23T12:25:35","modified_gmt":"2026-04-23T12:25:35","slug":"processo-di-creazione-traduzione-di-sds","status":"publish","type":"page","link":"https:\/\/www.msds-europe.com\/it\/processo-di-creazione-traduzione-di-sds\/","title":{"rendered":"Processo lavorativo di creazione e traduzione di schede di dati di sicurezza"},"content":{"rendered":"<p style=\"text-align: right;\"><em><span style=\"font-family: Calibri;\"><a href=\"https:\/\/www.msds-europe.com\/it\/\">MSDS-Europe<\/a> \u2013 <a href=\"https:\/\/www.msds-europe.com\/it\/sicurezza-chimica-articoli-analisi\/\">Bussola per la sicurezza chimica<\/a><\/span><\/em><span style=\"color: #000000; font-family: Calibri;\"><em>\u00a0\u2013\u00a0Processo di creazione e traduzione delle schede di dati di sicurezza<\/em> <\/span><\/p>\n<p>&nbsp;<\/p>\n<h4 style=\"text-align: justify;\"><span style=\"color: #333333; font-family: Calibri;\">Prima fase<\/span><\/h4>\n<h3><span style=\"font-family: Calibri;\">Traduzione \u2013 definizione degli elementi formali e di contenuto<\/span><\/h3>\n<p style=\"text-align: justify;\"><span style=\"color: #000000; font-family: Calibri;\"><a href=\"https:\/\/www.msds-europe.com\/it\/sds-requisiti-linguistici\/\">Definizione della forma e del contenuto della scheda di dati di sicurezza in conformit\u00e0 alla legislazione UE e nazionale vigente<\/a>.<\/span><\/p>\n<p style=\"text-align: justify;\"><span style=\"color: #000000; font-family: Calibri;\">In questa fase, se la scheda di dati di sicurezza \u00e8 redatta in lingua straniera, traduciamo il testo. Nella maggior parte dei casi non si tratta di una semplice traduzione letterale, ma di una traduzione che rispecchia correttamente il significato. Nella maggior parte dei casi esiste gi\u00e0 una terminologia specifica nella lingua di destinazione per ciascuna frase o espressione tecnica, che deve essere utilizzata per rendere chiaro il contenuto della scheda di dati di sicurezza.<\/span><\/p>\n<p style=\"text-align: justify;\"><span style=\"color: #000000; font-family: Calibri;\">Particolare attenzione va posta alla traduzione delle parti standard del testo. In alcune sezioni della scheda di dati di sicurezza sono presenti testi con formulazioni fisse stabilite da specifici regolamenti. Secondo le regole della sicurezza chimica, tali frasi speciali possono essere utilizzate soltanto nella forma prevista dalla normativa pertinente. L\u2019esempio pi\u00f9 classico \u00e8 la formulazione delle indicazioni di pericolo H e dei consigli di prudenza P, nonch\u00e9 delle altre diciture applicabili come elementi di etichettatura. Naturalmente, in una scheda di dati di sicurezza sono presenti anche altri testi standardizzati.<\/span><\/p>\n<p style=\"text-align: justify;\"><span style=\"color: #000000; font-family: Calibri;\">Per i motivi sopra indicati, il processo di traduzione richiede necessariamente un adeguato livello di conoscenza della legislazione sulla sicurezza chimica e una solida esperienza nella <a href=\"https:\/\/www.msds-europe.com\/it\/traduzione-scheda-dati-di-sicurezza\/\">traduzione delle schede di dati di sicurezza<\/a>.<\/span><\/p>\n<p style=\"text-align: justify;\"><span style=\"color: #000000; font-family: Calibri;\">Nella fase di traduzione della SDS, nel caso delle miscele, vengono controllati anche i componenti. Con l\u2019aiuto di elenchi predefiniti di sostanze pericolose, i nostri collaboratori verificano se il nome degli ingredienti \u00e8 corretto, se i numeri CAS e CE corrispondenti sono corretti e se gli elementi di classificazione indicati (pittogrammi di pericolo e indicazioni di pericolo H) sono appropriati.<\/span><\/p>\n<p style=\"text-align: justify;\"><span style=\"color: #000000; font-family: Calibri;\">Particolare attenzione viene prestata anche all\u2019indicazione dei corretti valori limite di esposizione professionale. In base alla normativa applicabile, viene verificato se esiste un valore limite di esposizione per i componenti elencati nella scheda di dati di sicurezza e, in caso affermativo, tale valore deve essere riportato nella sezione appropriata della scheda di dati di sicurezza.<\/span><\/p>\n<p><span style=\"color: #000000; font-family: Calibri;\">\u00a0<\/span><\/p>\n<h4 style=\"text-align: justify;\"><span style=\"color: #333333; font-family: Calibri;\">Seconda fase<\/span><\/h4>\n<h3 style=\"text-align: justify;\"><span style=\"font-family: Calibri;\">Classificazione e supervisione professionale<\/span><\/h3>\n<p style=\"text-align: justify;\"><span style=\"color: #000000; font-family: Calibri;\">Per prima cosa, il nostro esperto rivede la scheda di dati di sicurezza tradotta e verifica l\u2019assenza di dati mancanti o di errori di battitura introdotti durante la traduzione. Nel processo di traduzione della scheda di dati di sicurezza sono essenziali controlli multipli.<\/span><\/p>\n<p style=\"text-align: justify;\"><span style=\"color: #000000; font-family: Calibri;\">Il nostro esperto controlla la classificazione della sostanza\/miscela sulla base dei dati disponibili e, se necessario, apporta modifiche, indica i pittogrammi di pericolo necessari e sostituisce o aggiunge le indicazioni di pericolo H e i consigli di prudenza P richiesti. In molti casi, nelle schede di dati di sicurezza mancano elementi specifici dell\u2019etichettatura; per questo motivo, anche questa parte richiede particolare attenzione.<\/span><\/p>\n<p style=\"text-align: justify;\"><span style=\"color: #000000; font-family: Calibri;\">\u00a0<\/span><\/p>\n<h4 style=\"text-align: justify;\"><span style=\"color: #333333; font-family: Calibri;\">Terza fase<\/span><\/h4>\n<h3 style=\"text-align: justify;\"><span style=\"font-family: Calibri;\">Controllo finale professionale<\/span><\/h3>\n<p style=\"text-align: justify;\"><span style=\"color: #000000; font-family: Calibri;\">Creazione di una scheda di dati di sicurezza corretta, logicamente coerente e priva di incongruenze.<\/span><\/p>\n<p style=\"text-align: justify;\"><span style=\"color: #000000; font-family: Calibri;\">A nostro parere questa \u00e8 una fase molto importante perch\u00e9, in base alla nostra esperienza, possono sorgere molti problemi da contraddizioni presenti in una scheda di dati di sicurezza (ad esempio, i dati tossicologici nella sezione 11 non devono essere in contraddizione con la classificazione della sostanza\/miscela, ecc.).<\/span><\/p>\n<p style=\"text-align: justify;\"><span style=\"color: #000000; font-family: Calibri;\">Forniamo ai nostri clienti la scheda di dati di sicurezza completata in formato PDF.<\/span><\/p>\n<p style=\"text-align: justify;\"><span style=\"color: #000000; font-family: Calibri;\">Garantiamo la qualit\u00e0 professionale, la conformit\u00e0 legale e l\u2019accettazione ufficiale delle nostre schede di dati di sicurezza solo se vengono utilizzate o stampate integralmente.<\/span><\/p>\n<p style=\"text-align: justify;\">Durante la revisione professionale finale confrontiamo sistematicamente i dati della SDS con <a href=\"https:\/\/www.msds-europe.com\/it\/sds-fonti-informazione-banche-dati\/\">fonti di informazione e banche dati autorevoli per le schede di dati di sicurezza<\/a>, in modo da correggere eventuali incongruenze prima della consegna.<\/p>\n<p style=\"text-align: justify;\"><span style=\"color: #000000; font-family: Calibri;\">\u00a0<\/span><\/p>\n<h2 style=\"text-align: justify;\"><span style=\"color: #ff6600; font-family: Calibri;\">Dopo aver fornito la scheda di dati di sicurezza&#8230;<\/span><\/h2>\n<p style=\"text-align: justify;\"><span style=\"color: #000000; font-family: Calibri;\">Il nostro servizio di creazione delle schede di dati di sicurezza non termina con la consegna della SDS.<\/span><\/p>\n<p style=\"text-align: justify;\"><span style=\"color: #000000; font-family: Calibri;\">Assistiamo i nostri clienti nell\u2019interpretazione e nell\u2019utilizzo della scheda di dati di sicurezza e possiamo anche aiutarli a definire gli altri compiti necessari relativi alle schede di dati di sicurezza in generale.<\/span><\/p>\n<p style=\"text-align: justify;\"><span style=\"color: #000000; font-family: Calibri;\">\u00a0<\/span><\/p>\n<h4 style=\"text-align: justify;\"><span style=\"color: #333333; font-family: Calibri;\">Garanzie professionali nel processo di creazione e traduzione delle schede di dati di sicurezza<\/span><\/h4>\n<p style=\"text-align: justify;\"><span style=\"color: #000000; font-family: Calibri;\">In caso di controllo da parte delle autorit\u00e0, se l\u2019ispettore solleva obiezioni su qualsiasi parte della scheda di dati di sicurezza, il nostro esperto contatter\u00e0 il rappresentante dell\u2019autorit\u00e0 e chiarir\u00e0 eventuali domande.<\/span><\/p>\n<p style=\"text-align: justify;\"><span style=\"color: #000000; font-family: Calibri;\">Se si accerta che durante la creazione della scheda di dati di sicurezza \u00e8 stato commesso un errore amministrativo, correggiamo gratuitamente la scheda di dati di sicurezza.<\/span><\/p>\n<p style=\"text-align: justify;\"><span style=\"color: #000000; font-family: Calibri;\">\u00a0<\/span><\/p>\n<h4 style=\"text-align: justify;\"><span style=\"color: #333333; font-family: Calibri;\">Garanzia finanziaria<\/span><\/h4>\n<p style=\"text-align: justify;\"><span style=\"color: #000000; font-family: Calibri;\">Se un nostro cliente o un partner commerciale del nostro cliente subisce un danno materiale (ad esempio sanzioni ufficiali, rietichettatura, ecc.) a causa dell\u2019utilizzo di una scheda di dati di sicurezza creata in modo errato dalla nostra societ\u00e0, rimborseremo integralmente il cliente.<\/span><\/p>\n<p style=\"text-align: justify;\"><span style=\"color: #000000; font-family: Calibri;\">\u00a0<\/span><\/p>\n<h4 style=\"text-align: justify;\"><span style=\"color: #333333; font-family: Calibri;\">Servizi offerti<\/span><\/h4>\n<ul>\n<li><a href=\"https:\/\/www.msds-europe.com\/it\/traduzione-scheda-dati-di-sicurezza\/\">Traduzione delle schede di dati di sicurezza<\/a><\/li>\n<li><a href=\"https:\/\/www.msds-europe.com\/it\/sds-revisione-aggiornamento\/\">Revisione e aggiornamento delle schede di dati di sicurezza<\/a><\/li>\n<li><a href=\"https:\/\/www.msds-europe.com\/it\/scheda-di-dati-di-sicurezza-compilazione-creazione\/\">Compilazione e creazione di una scheda di dati di sicurezza<\/a><\/li>\n<li><a href=\"https:\/\/www.msds-europe.com\/it\/servizio-espresso-schede-di-dati-di-sicurezza\/\">Servizi espressi di schede di dati di sicurezza entro 24 ore<\/a><\/li>\n<li><a href=\"https:\/\/www.msds-europe.com\/it\/creazione-bozza-etichetta\/\">Creazione di bozze di etichette<\/a><\/li>\n<\/ul>\n<p>&nbsp;<\/p>\n<h4><span style=\"color: #333333;\">Articoli consigliati<\/span><\/h4>\n<ul>\n<li><a title=\"Software di creazione delle schede di dati di sicurezza\" href=\"https:\/\/www.msds-europe.com\/it\/software-di-creazione-delle-sds\/\">Software di creazione delle schede di dati di sicurezza<\/a><\/li>\n<\/ul>\n<p>&nbsp;<\/p>\n<h4><span style=\"color: #333333;\">Domande rapide e risposte<\/span><\/h4>\n<div class=\"su-spoiler su-spoiler-style-fancy su-spoiler-icon-chevron su-spoiler-closed\" data-scroll-offset=\"0\" data-anchor-in-url=\"no\"><div class=\"su-spoiler-title\" tabindex=\"0\" role=\"button\"><span class=\"su-spoiler-icon\"><\/span>Perch\u00e9 sono necessarie conoscenze legali gi\u00e0 nella fase di traduzione?<\/div><div class=\"su-spoiler-content su-u-clearfix su-u-trim\">\n<p style=\"text-align: justify;\">Perch\u00e9 molti testi standardizzati (ad es. frasi H e P) devono comparire esattamente come previsto dalla normativa, quindi una traduzione accurata richiede la conoscenza delle disposizioni applicabili.<\/p>\n<\/div><\/div>\n<div class=\"su-spoiler su-spoiler-style-fancy su-spoiler-icon-chevron su-spoiler-closed\" data-scroll-offset=\"0\" data-anchor-in-url=\"no\"><div class=\"su-spoiler-title\" tabindex=\"0\" role=\"button\"><span class=\"su-spoiler-icon\"><\/span>Che cosa verifica l\u2019esperto nella seconda fase del flusso di lavoro?<\/div><div class=\"su-spoiler-content su-u-clearfix su-u-trim\">\n<p style=\"text-align: justify;\">Controlla i dati tradotti (numeri CAS\/CE, valori limite), la correttezza della classificazione e l\u2019uso completo dei pittogrammi di pericolo e delle frasi H\/P richieste.<\/p>\n<\/div><\/div>\n<div class=\"su-spoiler su-spoiler-style-fancy su-spoiler-icon-chevron su-spoiler-closed\" data-scroll-offset=\"0\" data-anchor-in-url=\"no\"><div class=\"su-spoiler-title\" tabindex=\"0\" role=\"button\"><span class=\"su-spoiler-icon\"><\/span>Qual \u00e8 l\u2019obiettivo principale della terza fase nella preparazione della SDS?<\/div><div class=\"su-spoiler-content su-u-clearfix su-u-trim\">\n<p style=\"text-align: justify;\">Creare una scheda di dati di sicurezza logicamente coerente e priva di contraddizioni, in cui le informazioni di tutte le sezioni siano tra loro consistenti.<\/p>\n<\/div><\/div>\n","protected":false},"excerpt":{"rendered":"<p>Descrizione del processo lavorativo che la nostra societ\u00e0 usa per la traduzione delle schede di dati di sicurezza<\/p>\n","protected":false},"author":2,"featured_media":0,"parent":0,"menu_order":0,"comment_status":"closed","ping_status":"closed","template":"","meta":{"_acf_changed":false,"footnotes":""},"tags":[241,242],"class_list":["post-3831","page","type-page","status-publish","hentry","tag-scheda-di-dati-di-sicurezza-it","tag-scheda-di-dati-di-sicurezza-base-delle-conoscenze-it"],"acf":[],"yoast_head":"<!-- This site is optimized with the Yoast SEO plugin v27.2 - https:\/\/yoast.com\/product\/yoast-seo-wordpress\/ -->\n<title>Processo lavorativo di traduzione di schede di dati di sicurezza<\/title>\n<meta name=\"description\" content=\"Scopri il nostro metodo di lavoro impiegato per ottenere la miglior qualit\u00e0 professionale durante la traduzione di schede di SDS.\" \/>\n<meta name=\"robots\" content=\"index, follow, max-snippet:-1, max-image-preview:large, max-video-preview:-1\" \/>\n<link rel=\"canonical\" href=\"https:\/\/www.msds-europe.com\/it\/processo-di-creazione-traduzione-di-sds\/\" \/>\n<meta property=\"og:locale\" content=\"it_IT\" \/>\n<meta property=\"og:type\" content=\"article\" \/>\n<meta property=\"og:title\" content=\"Processo lavorativo di traduzione di schede di dati di sicurezza\" \/>\n<meta property=\"og:description\" content=\"Scopri il nostro metodo di lavoro impiegato per ottenere la miglior qualit\u00e0 professionale durante la traduzione di schede di SDS.\" \/>\n<meta property=\"og:url\" content=\"https:\/\/www.msds-europe.com\/it\/processo-di-creazione-traduzione-di-sds\/\" \/>\n<meta property=\"og:site_name\" content=\"MSDS Europe\" \/>\n<meta property=\"article:publisher\" content=\"https:\/\/www.facebook.com\/toxinfokft\/\" \/>\n<meta property=\"article:modified_time\" content=\"2026-04-23T12:25:35+00:00\" \/>\n<meta name=\"twitter:card\" content=\"summary_large_image\" \/>\n<meta name=\"twitter:site\" content=\"@ToxInfoKft\" \/>\n<meta name=\"twitter:label1\" content=\"Tempo di lettura stimato\" \/>\n\t<meta name=\"twitter:data1\" content=\"5 minuti\" \/>\n<script type=\"application\/ld+json\" class=\"yoast-schema-graph\">{\"@context\":\"https:\/\/schema.org\",\"@graph\":[{\"@type\":\"WebPage\",\"@id\":\"https:\/\/www.msds-europe.com\/it\/processo-di-creazione-traduzione-di-sds\/\",\"url\":\"https:\/\/www.msds-europe.com\/it\/processo-di-creazione-traduzione-di-sds\/\",\"name\":\"Processo lavorativo di traduzione di schede di dati di sicurezza\",\"isPartOf\":{\"@id\":\"https:\/\/www.msds-europe.com\/es\/#website\"},\"datePublished\":\"2018-05-16T08:48:07+00:00\",\"dateModified\":\"2026-04-23T12:25:35+00:00\",\"description\":\"Scopri il nostro metodo di lavoro impiegato per ottenere la miglior qualit\u00e0 professionale durante la traduzione di schede di SDS.\",\"breadcrumb\":{\"@id\":\"https:\/\/www.msds-europe.com\/it\/processo-di-creazione-traduzione-di-sds\/#breadcrumb\"},\"inLanguage\":\"it-IT\",\"potentialAction\":[{\"@type\":\"ReadAction\",\"target\":[\"https:\/\/www.msds-europe.com\/it\/processo-di-creazione-traduzione-di-sds\/\"]}]},{\"@type\":\"BreadcrumbList\",\"@id\":\"https:\/\/www.msds-europe.com\/it\/processo-di-creazione-traduzione-di-sds\/#breadcrumb\",\"itemListElement\":[{\"@type\":\"ListItem\",\"position\":1,\"name\":\"F\u0151oldal\",\"item\":\"https:\/\/www.msds-europe.com\/it\/\"},{\"@type\":\"ListItem\",\"position\":2,\"name\":\"Processo lavorativo di creazione e traduzione di schede di dati di sicurezza\"}]},{\"@type\":\"WebSite\",\"@id\":\"https:\/\/www.msds-europe.com\/es\/#website\",\"url\":\"https:\/\/www.msds-europe.com\/es\/\",\"name\":\"MSDS Europe\",\"description\":\"\",\"publisher\":{\"@id\":\"https:\/\/www.msds-europe.com\/es\/#organization\"},\"potentialAction\":[{\"@type\":\"SearchAction\",\"target\":{\"@type\":\"EntryPoint\",\"urlTemplate\":\"https:\/\/www.msds-europe.com\/es\/?s={search_term_string}\"},\"query-input\":{\"@type\":\"PropertyValueSpecification\",\"valueRequired\":true,\"valueName\":\"search_term_string\"}}],\"inLanguage\":\"it-IT\"},{\"@type\":\"Organization\",\"@id\":\"https:\/\/www.msds-europe.com\/es\/#organization\",\"name\":\"MSDS-Europe International branch of ToxInfo\",\"url\":\"https:\/\/www.msds-europe.com\/es\/\",\"logo\":{\"@type\":\"ImageObject\",\"inLanguage\":\"it-IT\",\"@id\":\"https:\/\/www.msds-europe.com\/es\/#\/schema\/logo\/image\/\",\"url\":\"https:\/\/www.msds-europe.com\/wp-content\/uploads\/2021\/04\/msds-europe-logo.jpg\",\"contentUrl\":\"https:\/\/www.msds-europe.com\/wp-content\/uploads\/2021\/04\/msds-europe-logo.jpg\",\"width\":2296,\"height\":1067,\"caption\":\"MSDS-Europe International branch of ToxInfo\"},\"image\":{\"@id\":\"https:\/\/www.msds-europe.com\/es\/#\/schema\/logo\/image\/\"},\"sameAs\":[\"https:\/\/www.facebook.com\/toxinfokft\/\",\"https:\/\/x.com\/ToxInfoKft\"]}]}<\/script>\n<!-- \/ Yoast SEO plugin. -->","yoast_head_json":{"title":"Processo lavorativo di traduzione di schede di dati di sicurezza","description":"Scopri il nostro metodo di lavoro impiegato per ottenere la miglior qualit\u00e0 professionale durante la traduzione di schede di SDS.","robots":{"index":"index","follow":"follow","max-snippet":"max-snippet:-1","max-image-preview":"max-image-preview:large","max-video-preview":"max-video-preview:-1"},"canonical":"https:\/\/www.msds-europe.com\/it\/processo-di-creazione-traduzione-di-sds\/","og_locale":"it_IT","og_type":"article","og_title":"Processo lavorativo di traduzione di schede di dati di sicurezza","og_description":"Scopri il nostro metodo di lavoro impiegato per ottenere la miglior qualit\u00e0 professionale durante la traduzione di schede di SDS.","og_url":"https:\/\/www.msds-europe.com\/it\/processo-di-creazione-traduzione-di-sds\/","og_site_name":"MSDS Europe","article_publisher":"https:\/\/www.facebook.com\/toxinfokft\/","article_modified_time":"2026-04-23T12:25:35+00:00","twitter_card":"summary_large_image","twitter_site":"@ToxInfoKft","twitter_misc":{"Tempo di lettura stimato":"5 minuti"},"schema":{"@context":"https:\/\/schema.org","@graph":[{"@type":"WebPage","@id":"https:\/\/www.msds-europe.com\/it\/processo-di-creazione-traduzione-di-sds\/","url":"https:\/\/www.msds-europe.com\/it\/processo-di-creazione-traduzione-di-sds\/","name":"Processo lavorativo di traduzione di schede di dati di sicurezza","isPartOf":{"@id":"https:\/\/www.msds-europe.com\/es\/#website"},"datePublished":"2018-05-16T08:48:07+00:00","dateModified":"2026-04-23T12:25:35+00:00","description":"Scopri il nostro metodo di lavoro impiegato per ottenere la miglior qualit\u00e0 professionale durante la traduzione di schede di SDS.","breadcrumb":{"@id":"https:\/\/www.msds-europe.com\/it\/processo-di-creazione-traduzione-di-sds\/#breadcrumb"},"inLanguage":"it-IT","potentialAction":[{"@type":"ReadAction","target":["https:\/\/www.msds-europe.com\/it\/processo-di-creazione-traduzione-di-sds\/"]}]},{"@type":"BreadcrumbList","@id":"https:\/\/www.msds-europe.com\/it\/processo-di-creazione-traduzione-di-sds\/#breadcrumb","itemListElement":[{"@type":"ListItem","position":1,"name":"F\u0151oldal","item":"https:\/\/www.msds-europe.com\/it\/"},{"@type":"ListItem","position":2,"name":"Processo lavorativo di creazione e traduzione di schede di dati di sicurezza"}]},{"@type":"WebSite","@id":"https:\/\/www.msds-europe.com\/es\/#website","url":"https:\/\/www.msds-europe.com\/es\/","name":"MSDS Europe","description":"","publisher":{"@id":"https:\/\/www.msds-europe.com\/es\/#organization"},"potentialAction":[{"@type":"SearchAction","target":{"@type":"EntryPoint","urlTemplate":"https:\/\/www.msds-europe.com\/es\/?s={search_term_string}"},"query-input":{"@type":"PropertyValueSpecification","valueRequired":true,"valueName":"search_term_string"}}],"inLanguage":"it-IT"},{"@type":"Organization","@id":"https:\/\/www.msds-europe.com\/es\/#organization","name":"MSDS-Europe International branch of ToxInfo","url":"https:\/\/www.msds-europe.com\/es\/","logo":{"@type":"ImageObject","inLanguage":"it-IT","@id":"https:\/\/www.msds-europe.com\/es\/#\/schema\/logo\/image\/","url":"https:\/\/www.msds-europe.com\/wp-content\/uploads\/2021\/04\/msds-europe-logo.jpg","contentUrl":"https:\/\/www.msds-europe.com\/wp-content\/uploads\/2021\/04\/msds-europe-logo.jpg","width":2296,"height":1067,"caption":"MSDS-Europe International branch of ToxInfo"},"image":{"@id":"https:\/\/www.msds-europe.com\/es\/#\/schema\/logo\/image\/"},"sameAs":["https:\/\/www.facebook.com\/toxinfokft\/","https:\/\/x.com\/ToxInfoKft"]}]}},"_links":{"self":[{"href":"https:\/\/www.msds-europe.com\/it\/wp-json\/wp\/v2\/pages\/3831","targetHints":{"allow":["GET"]}}],"collection":[{"href":"https:\/\/www.msds-europe.com\/it\/wp-json\/wp\/v2\/pages"}],"about":[{"href":"https:\/\/www.msds-europe.com\/it\/wp-json\/wp\/v2\/types\/page"}],"author":[{"embeddable":true,"href":"https:\/\/www.msds-europe.com\/it\/wp-json\/wp\/v2\/users\/2"}],"replies":[{"embeddable":true,"href":"https:\/\/www.msds-europe.com\/it\/wp-json\/wp\/v2\/comments?post=3831"}],"version-history":[{"count":16,"href":"https:\/\/www.msds-europe.com\/it\/wp-json\/wp\/v2\/pages\/3831\/revisions"}],"predecessor-version":[{"id":39050,"href":"https:\/\/www.msds-europe.com\/it\/wp-json\/wp\/v2\/pages\/3831\/revisions\/39050"}],"wp:attachment":[{"href":"https:\/\/www.msds-europe.com\/it\/wp-json\/wp\/v2\/media?parent=3831"}],"wp:term":[{"taxonomy":"post_tag","embeddable":true,"href":"https:\/\/www.msds-europe.com\/it\/wp-json\/wp\/v2\/tags?post=3831"}],"curies":[{"name":"wp","href":"https:\/\/api.w.org\/{rel}","templated":true}]}}