{"id":34834,"date":"2025-09-03T11:51:53","date_gmt":"2025-09-03T11:51:53","guid":{"rendered":"https:\/\/www.msds-europe.com\/?page_id=34834"},"modified":"2026-02-23T09:02:37","modified_gmt":"2026-02-23T09:02:37","slug":"intelligenza-artificiale-nella-sicurezza-chimica-sds-clp-reach","status":"publish","type":"page","link":"https:\/\/www.msds-europe.com\/it\/intelligenza-artificiale-nella-sicurezza-chimica-sds-clp-reach\/","title":{"rendered":"Applicabilit\u00e0 dell\u2019intelligenza artificiale nella sicurezza chimica"},"content":{"rendered":"<p style=\"text-align: right;\"><em><a href=\"https:\/\/www.msds-europe.com\/\">MSDS-Europe<\/a> \u2013 <a href=\"https:\/\/www.msds-europe.com\/it\/sicurezza-chimica-articoli-analisi\/\">Bussola per la sicurezza chimica<\/a> \u2013 L\u2019applicabilit\u00e0 dell\u2019intelligenza artificiale nella sicurezza chimica<\/em><\/p>\n<p style=\"text-align: justify;\">L\u2019intelligenza artificiale (IA) \u00e8 ormai presente anche nell\u2019industria chimica. Nel campo della <a href=\"https:\/\/www.msds-europe.com\/it\/sicurezza-chimica-articoli-analisi\/\">sicurezza chimica<\/a> \u00e8 emersa l\u2019esigenza di un\u2019elaborazione dei dati pi\u00f9 efficiente e dell\u2019automazione delle attivit\u00e0 di routine.<\/p>\n<p>&nbsp;<\/p>\n<h3 style=\"text-align: justify;\"><strong>Preparazione delle schede di dati di sicurezza (SDS) con l\u2019IA<\/strong><\/h3>\n<p style=\"text-align: justify;\">La <a href=\"https:\/\/www.msds-europe.com\/it\/scheda-di-dati-di-sicurezza-compilazione-creazione\/\">preparazione delle schede di dati di sicurezza<\/a> \u00e8 stata tradizionalmente un processo manuale, dispendioso in termini di tempo e lavoro. <strong>L\u2019IA nel campo della sicurezza chimica<\/strong> consente di accelerare notevolmente questo processo.<\/p>\n<p style=\"text-align: justify;\">Esistono gi\u00e0 software basati sull\u2019IA in grado di generare automaticamente SDS utilizzando database chimici esistenti e requisiti normativi. Questo riduce in modo significativo il tempo e le risorse necessarie per compilare queste schede.<\/p>\n<p style=\"text-align: justify;\">I sistemi basati sull\u2019IA, durante la generazione di <a href=\"https:\/\/www.msds-europe.com\/it\/definizione-di-scheda-di-sicurezza\/\">schede di dati di sicurezza (SDS)<\/a>, tengono conto dei requisiti legislativi e normativi pertinenti, affinch\u00e9 i documenti risultanti siano sostanzialmente conformi alla normativa vigente.<\/p>\n<p style=\"text-align: justify;\">Ci\u00f2 pu\u00f2 essere particolarmente efficace per le nuove miscele, in cui il sistema lavora utilizzando i database pi\u00f9 recenti e le <a href=\"https:\/\/www.msds-europe.com\/it\/sicurezza-chimica-modifiche-normative\/\">modifiche normative aggiornate<\/a>.<\/p>\n<p style=\"text-align: justify;\">\u00c8 per\u00f2 importante sottolineare che, per le miscele esistenti che dispongono gi\u00e0 di una SDS, l\u2019intelligenza artificiale da sola non garantisce la piena conformit\u00e0.<\/p>\n<p style=\"text-align: justify;\">In questi casi, le schede di dati di sicurezza devono essere <a href=\"https:\/\/www.msds-europe.com\/it\/servizio-clientela\/\">revisionate e integrate da un esperto umano<\/a> per garantire che eventuali modifiche, carenze o nuovi requisiti normativi siano correttamente riportati nella documentazione aggiornata.<\/p>\n<p>&nbsp;<\/p>\n<h3 style=\"text-align: justify;\"><strong>Applicazioni basate sull\u2019IA nella sicurezza chimica<\/strong><\/h3>\n<p style=\"text-align: justify;\">L\u2019IA supporta il settore della <strong>sicurezza chimica<\/strong> non solo nella preparazione delle SDS:<\/p>\n<ul style=\"text-align: justify;\">\n<li><strong>Classificazione delle miscele pericolose<\/strong>: l\u2019IA pu\u00f2 aiutare a classificare correttamente miscele complesse nella corretta classe di pericolo. Utilizzando i dati dei componenti della miscela, il sistema \u00e8 in grado di determinare in quali <a href=\"https:\/\/www.msds-europe.com\/it\/consigli-p\/\">classi e categorie di pericolo<\/a> deve essere classificata, supportando una classificazione GHS rapida e accurata.<\/li>\n<li><strong>Modelli di tossicologia predittiva:<\/strong> utilizzando modelli predittivi basati sul machine learning, \u00e8 possibile prevedere in anticipo i potenziali rischi per la salute o per l\u2019ambiente di una nuova sostanza chimica. Algoritmi addestrati su dati tossicologici esistenti sono in grado di prevedere i potenziali effetti tossici di un nuovo composto. In questo modo, i possibili pericoli possono essere identificati prima dell\u2019inizio dei test di laboratorio, rendendo i processi di valutazione del rischio pi\u00f9 rapidi ed efficienti.<\/li>\n<\/ul>\n<p>&nbsp;<\/p>\n<h3 style=\"text-align: justify;\"><strong>L\u2019importanza della revisione umana<\/strong><\/h3>\n<p style=\"text-align: justify;\">Nonostante tutti i progressi tecnologici, <strong>l\u2019esperienza umana rimane indispensabile<\/strong>. Anche se l\u2019IA pu\u00f2 elaborare grandi quantit\u00e0 di dati, le SDS generate automaticamente devono sempre essere revisionate da un professionista esperto.<\/p>\n<p style=\"text-align: justify;\">L\u2019IA pu\u00f2 commettere errori o interpretare in modo errato le informazioni; in ultima analisi, la responsabilit\u00e0 per l\u2019accuratezza del contenuto e la <a href=\"https:\/\/www.msds-europe.com\/it\/base-delle-conoscenze-reach\/\">conformit\u00e0 normativa<\/a> rimane in capo all\u2019uomo. Per questo motivo, le schede di dati di sicurezza preparate con l\u2019IA dovrebbero essere emesse o utilizzate ufficialmente solo dopo una revisione esperta.<\/p>\n<p>&nbsp;<\/p>\n<h3 style=\"text-align: justify;\"><strong>Cosa scegliere?<\/strong><\/h3>\n<p style=\"text-align: justify;\">L\u2019applicazione dell\u2019intelligenza artificiale (IA) nel campo della sicurezza chimica pu\u00f2 apportare vantaggi significativi, soprattutto per le attivit\u00e0 che richiedono la gestione di grandi quantit\u00e0 di dati o la considerazione di requisiti normativi complessi.<\/p>\n<p style=\"text-align: justify;\">La velocit\u00e0 e la capacit\u00e0 di elaborazione dei dati dell\u2019IA consentono di aumentare l\u2019efficienza del lavoro, ma per ottenere i migliori risultati \u00e8 indispensabile un uso prudente di questi sistemi e la revisione da parte di esperti umani.<\/p>\n<p style=\"text-align: justify;\">La nostra azienda esplora e sviluppa continuamente le possibili applicazioni dell\u2019intelligenza artificiale nei nostri progetti di innovazione. Siamo convinti che l\u2019IA abbia un potenziale straordinario nel campo della sicurezza chimica; tuttavia, l\u2019attuale livello tecnologico non consente ancora di sostituire completamente l\u2019esperienza umana.<\/p>\n<p style=\"text-align: justify;\">Pertanto, monitoriamo da vicino lo sviluppo dell\u2019IA affinch\u00e9 in futuro si possano integrare in modo efficace e affidabile le soluzioni pi\u00f9 avanzate nei nostri servizi di sicurezza chimica.<\/p>\n<p>&nbsp;<\/p>\n<h3>Avete altre domande?<\/h3>\n<p>Contattate il <a href=\"https:\/\/www.msds-europe.com\/it\/servizio-clientela\/\">nostro servizio clienti<\/a> o rivolgete una domanda al nostro esperto <a href=\"https:\/\/www.msds-europe.com\/it\/consulenza-online\/\">online<\/a>.<\/p>\n<a href=\"https:\/\/www.msds-europe.com\/it\/servizio-clientela\/\" class=\"su-button su-button-style-default\" style=\"color:#ef552d;background-color:#fefefe;border-color:#cccccc;border-radius:6px\" target=\"_self\"><span style=\"color:#ef552d;padding:0px 18px;font-size:14px;line-height:28px;border-color:#ffffff;border-radius:6px;text-shadow:none\"> Servizio clienti<\/span><\/a>\n<a href=\"https:\/\/www.msds-europe.com\/it\/consulenza-online\/\" class=\"su-button su-button-style-default\" style=\"color:#ffffff;background-color:#ef552d;border-color:#c04424;border-radius:6px\" target=\"_self\"><span style=\"color:#ffffff;padding:0px 18px;font-size:14px;line-height:28px;border-color:#f4886c;border-radius:6px;text-shadow:0px 0px 2px #ffffff\"> Chiedi al nostro esperto<\/span><\/a>\n<p>&nbsp;<\/p>\n<p><strong>I nostri servizi:<\/strong><\/p>\n<ul>\n<li><a href=\"https:\/\/www.msds-europe.com\/it\/traduzione-scheda-dati-di-sicurezza\/\">Traduzione di schede di dati di sicurezza<\/a><\/li>\n<li><a href=\"https:\/\/www.msds-europe.com\/it\/scheda-di-dati-di-sicurezza-compilazione-creazione\/\">Compilazione e preparazione di SDS<\/a><\/li>\n<li>Preparazione di <a href=\"https:\/\/www.msds-europe.com\/it\/creazione-bozza-etichetta\/\">etichette CLP<\/a><\/li>\n<li><a href=\"https:\/\/www.msds-europe.com\/it\/servizio-ufi\/\">Notifica PCN di miscele pericolose<\/a><\/li>\n<\/ul>\n<p>&nbsp;<\/p>\n<p><strong>Articoli utili:<\/strong><\/p>\n<ul>\n<li><a href=\"https:\/\/www.msds-europe.com\/it\/sicurezza-chimica-articoli-analisi\/\">Bussola per la sicurezza chimica<\/a><\/li>\n<li><a href=\"https:\/\/www.msds-europe.com\/it\/domande-frequenti-e-risposte-sulla-sicurezza-chimica\/\">FAQ \u2013 Domande frequenti<\/a><\/li>\n<li><a href=\"https:\/\/www.msds-europe.com\/it\/sicurezza-chimica-modifiche-normative\/\">Monitoraggio delle modifiche normative<\/a><\/li>\n<\/ul>\n<p>&nbsp;<\/p>\n<h4 style=\"text-align: justify;\"><span style=\"color: #333333;\">Domande frequenti<\/span><\/h4>\n<div class=\"su-spoiler su-spoiler-style-fancy su-spoiler-icon-chevron su-spoiler-closed\" data-scroll-offset=\"0\" data-anchor-in-url=\"no\"><div class=\"su-spoiler-title\" tabindex=\"0\" role=\"button\"><span class=\"su-spoiler-icon\"><\/span>In che modo l\u2019IA accelera la preparazione delle schede di dati di sicurezza (SDS)?<\/div><div class=\"su-spoiler-content su-u-clearfix su-u-trim\">\n<p style=\"text-align: justify;\">Il software basato sull\u2019IA utilizza database di sostanze chimiche esistenti e requisiti normativi per generare automaticamente le SDS, riducendo drasticamente il tempo e il lavoro rispetto alla compilazione manuale tradizionale.<\/p>\n<\/div><\/div>\n<div class=\"su-spoiler su-spoiler-style-fancy su-spoiler-icon-chevron su-spoiler-closed\" data-scroll-offset=\"0\" data-anchor-in-url=\"no\"><div class=\"su-spoiler-title\" tabindex=\"0\" role=\"button\"><span class=\"su-spoiler-icon\"><\/span>Quando l\u2019esperto umano rimane indispensabile?<\/div><div class=\"su-spoiler-content su-u-clearfix su-u-trim\">\n<p style=\"text-align: justify;\">Le SDS generate automaticamente devono sempre essere revisionate da uno specialista umano per garantire l\u2019accuratezza del contenuto e la conformit\u00e0 continua a una normativa in costante evoluzione.<\/p>\n<\/div><\/div>\n<div class=\"su-spoiler su-spoiler-style-fancy su-spoiler-icon-chevron su-spoiler-closed\" data-scroll-offset=\"0\" data-anchor-in-url=\"no\"><div class=\"su-spoiler-title\" tabindex=\"0\" role=\"button\"><span class=\"su-spoiler-icon\"><\/span>Come assiste l\u2019IA nella classificazione delle miscele pericolose?<\/div><div class=\"su-spoiler-content su-u-clearfix su-u-trim\">\n<p style=\"text-align: justify;\">In base ai dati dei componenti della miscela, il sistema assegna rapidamente le corrette classi e categorie di pericolo GHS, supportando una classificazione precisa e coerente.<\/p>\n<\/div><\/div>\n<div class=\"su-spoiler su-spoiler-style-fancy su-spoiler-icon-chevron su-spoiler-closed\" data-scroll-offset=\"0\" data-anchor-in-url=\"no\"><div class=\"su-spoiler-title\" tabindex=\"0\" role=\"button\"><span class=\"su-spoiler-icon\"><\/span>Come supporta l\u2019IA il monitoraggio normativo?<\/div><div class=\"su-spoiler-content su-u-clearfix su-u-trim\">\n<p style=\"text-align: justify;\">Alcune piattaforme di IA analizzano la normativa aggiornata e segnalano tempestivamente quando nuove disposizioni richiedono modifiche alle SDS o alle etichette, rendendo la conformit\u00e0 pi\u00f9 proattiva.<\/p>\n<\/div><\/div>\n","protected":false},"excerpt":{"rendered":"<p>MSDS-Europe \u2013 Bussola per la sicurezza chimica \u2013 L\u2019applicabilit\u00e0 dell\u2019intelligenza artificiale nella sicurezza chimica L\u2019intelligenza artificiale (IA) \u00e8 ormai presente anche nell\u2019industria chimica. Nel campo della sicurezza chimica \u00e8 emersa l\u2019esigenza di un\u2019elaborazione dei dati pi\u00f9 efficiente e dell\u2019automazione delle attivit\u00e0 di routine. &nbsp; Preparazione delle schede di dati di&#8230;<\/p>\n","protected":false},"author":2,"featured_media":0,"parent":0,"menu_order":0,"comment_status":"closed","ping_status":"closed","template":"","meta":{"_acf_changed":false,"footnotes":""},"tags":[],"class_list":["post-34834","page","type-page","status-publish","hentry"],"acf":[],"yoast_head":"<!-- This site is optimized with the Yoast SEO plugin v27.2 - https:\/\/yoast.com\/product\/yoast-seo-wordpress\/ -->\n<title>Applicabilit\u00e0 dell\u2019intelligenza artificiale nella sicurezza chimica<\/title>\n<meta name=\"description\" content=\"Scopri come l\u2019IA migliora la sicurezza chimica grazie all\u2019automazione delle SDS, alla classificazione dei pericoli.\" \/>\n<meta name=\"robots\" content=\"index, follow, max-snippet:-1, max-image-preview:large, max-video-preview:-1\" \/>\n<link rel=\"canonical\" href=\"https:\/\/www.msds-europe.com\/it\/intelligenza-artificiale-nella-sicurezza-chimica-sds-clp-reach\/\" \/>\n<meta property=\"og:locale\" content=\"it_IT\" \/>\n<meta property=\"og:type\" content=\"article\" \/>\n<meta property=\"og:title\" content=\"Applicabilit\u00e0 dell\u2019intelligenza artificiale nella sicurezza chimica\" \/>\n<meta property=\"og:description\" content=\"Scopri come l\u2019IA migliora la sicurezza chimica grazie all\u2019automazione delle SDS, alla classificazione dei pericoli.\" \/>\n<meta property=\"og:url\" content=\"https:\/\/www.msds-europe.com\/it\/intelligenza-artificiale-nella-sicurezza-chimica-sds-clp-reach\/\" \/>\n<meta property=\"og:site_name\" content=\"MSDS Europe\" \/>\n<meta property=\"article:publisher\" content=\"https:\/\/www.facebook.com\/toxinfokft\/\" \/>\n<meta property=\"article:modified_time\" content=\"2026-02-23T09:02:37+00:00\" \/>\n<meta name=\"twitter:card\" content=\"summary_large_image\" \/>\n<meta name=\"twitter:site\" content=\"@ToxInfoKft\" \/>\n<meta name=\"twitter:label1\" content=\"Tempo di lettura stimato\" \/>\n\t<meta name=\"twitter:data1\" content=\"4 minuti\" \/>\n<script type=\"application\/ld+json\" class=\"yoast-schema-graph\">{\"@context\":\"https:\/\/schema.org\",\"@graph\":[{\"@type\":\"WebPage\",\"@id\":\"https:\/\/www.msds-europe.com\/it\/intelligenza-artificiale-nella-sicurezza-chimica-sds-clp-reach\/\",\"url\":\"https:\/\/www.msds-europe.com\/it\/intelligenza-artificiale-nella-sicurezza-chimica-sds-clp-reach\/\",\"name\":\"Applicabilit\u00e0 dell\u2019intelligenza artificiale nella sicurezza chimica\",\"isPartOf\":{\"@id\":\"https:\/\/www.msds-europe.com\/es\/#website\"},\"datePublished\":\"2025-09-03T11:51:53+00:00\",\"dateModified\":\"2026-02-23T09:02:37+00:00\",\"description\":\"Scopri come l\u2019IA migliora la sicurezza chimica grazie all\u2019automazione delle SDS, alla classificazione dei pericoli.\",\"breadcrumb\":{\"@id\":\"https:\/\/www.msds-europe.com\/it\/intelligenza-artificiale-nella-sicurezza-chimica-sds-clp-reach\/#breadcrumb\"},\"inLanguage\":\"it-IT\",\"potentialAction\":[{\"@type\":\"ReadAction\",\"target\":[\"https:\/\/www.msds-europe.com\/it\/intelligenza-artificiale-nella-sicurezza-chimica-sds-clp-reach\/\"]}]},{\"@type\":\"BreadcrumbList\",\"@id\":\"https:\/\/www.msds-europe.com\/it\/intelligenza-artificiale-nella-sicurezza-chimica-sds-clp-reach\/#breadcrumb\",\"itemListElement\":[{\"@type\":\"ListItem\",\"position\":1,\"name\":\"F\u0151oldal\",\"item\":\"https:\/\/www.msds-europe.com\/it\/\"},{\"@type\":\"ListItem\",\"position\":2,\"name\":\"Applicabilit\u00e0 dell\u2019intelligenza artificiale nella sicurezza chimica\"}]},{\"@type\":\"WebSite\",\"@id\":\"https:\/\/www.msds-europe.com\/es\/#website\",\"url\":\"https:\/\/www.msds-europe.com\/es\/\",\"name\":\"MSDS Europe\",\"description\":\"\",\"publisher\":{\"@id\":\"https:\/\/www.msds-europe.com\/es\/#organization\"},\"potentialAction\":[{\"@type\":\"SearchAction\",\"target\":{\"@type\":\"EntryPoint\",\"urlTemplate\":\"https:\/\/www.msds-europe.com\/es\/?s={search_term_string}\"},\"query-input\":{\"@type\":\"PropertyValueSpecification\",\"valueRequired\":true,\"valueName\":\"search_term_string\"}}],\"inLanguage\":\"it-IT\"},{\"@type\":\"Organization\",\"@id\":\"https:\/\/www.msds-europe.com\/es\/#organization\",\"name\":\"MSDS-Europe International branch of ToxInfo\",\"url\":\"https:\/\/www.msds-europe.com\/es\/\",\"logo\":{\"@type\":\"ImageObject\",\"inLanguage\":\"it-IT\",\"@id\":\"https:\/\/www.msds-europe.com\/es\/#\/schema\/logo\/image\/\",\"url\":\"https:\/\/www.msds-europe.com\/wp-content\/uploads\/2021\/04\/msds-europe-logo.jpg\",\"contentUrl\":\"https:\/\/www.msds-europe.com\/wp-content\/uploads\/2021\/04\/msds-europe-logo.jpg\",\"width\":2296,\"height\":1067,\"caption\":\"MSDS-Europe International branch of ToxInfo\"},\"image\":{\"@id\":\"https:\/\/www.msds-europe.com\/es\/#\/schema\/logo\/image\/\"},\"sameAs\":[\"https:\/\/www.facebook.com\/toxinfokft\/\",\"https:\/\/x.com\/ToxInfoKft\"]}]}<\/script>\n<!-- \/ Yoast SEO plugin. -->","yoast_head_json":{"title":"Applicabilit\u00e0 dell\u2019intelligenza artificiale nella sicurezza chimica","description":"Scopri come l\u2019IA migliora la sicurezza chimica grazie all\u2019automazione delle SDS, alla classificazione dei pericoli.","robots":{"index":"index","follow":"follow","max-snippet":"max-snippet:-1","max-image-preview":"max-image-preview:large","max-video-preview":"max-video-preview:-1"},"canonical":"https:\/\/www.msds-europe.com\/it\/intelligenza-artificiale-nella-sicurezza-chimica-sds-clp-reach\/","og_locale":"it_IT","og_type":"article","og_title":"Applicabilit\u00e0 dell\u2019intelligenza artificiale nella sicurezza chimica","og_description":"Scopri come l\u2019IA migliora la sicurezza chimica grazie all\u2019automazione delle SDS, alla classificazione dei pericoli.","og_url":"https:\/\/www.msds-europe.com\/it\/intelligenza-artificiale-nella-sicurezza-chimica-sds-clp-reach\/","og_site_name":"MSDS Europe","article_publisher":"https:\/\/www.facebook.com\/toxinfokft\/","article_modified_time":"2026-02-23T09:02:37+00:00","twitter_card":"summary_large_image","twitter_site":"@ToxInfoKft","twitter_misc":{"Tempo di lettura stimato":"4 minuti"},"schema":{"@context":"https:\/\/schema.org","@graph":[{"@type":"WebPage","@id":"https:\/\/www.msds-europe.com\/it\/intelligenza-artificiale-nella-sicurezza-chimica-sds-clp-reach\/","url":"https:\/\/www.msds-europe.com\/it\/intelligenza-artificiale-nella-sicurezza-chimica-sds-clp-reach\/","name":"Applicabilit\u00e0 dell\u2019intelligenza artificiale nella sicurezza chimica","isPartOf":{"@id":"https:\/\/www.msds-europe.com\/es\/#website"},"datePublished":"2025-09-03T11:51:53+00:00","dateModified":"2026-02-23T09:02:37+00:00","description":"Scopri come l\u2019IA migliora la sicurezza chimica grazie all\u2019automazione delle SDS, alla classificazione dei pericoli.","breadcrumb":{"@id":"https:\/\/www.msds-europe.com\/it\/intelligenza-artificiale-nella-sicurezza-chimica-sds-clp-reach\/#breadcrumb"},"inLanguage":"it-IT","potentialAction":[{"@type":"ReadAction","target":["https:\/\/www.msds-europe.com\/it\/intelligenza-artificiale-nella-sicurezza-chimica-sds-clp-reach\/"]}]},{"@type":"BreadcrumbList","@id":"https:\/\/www.msds-europe.com\/it\/intelligenza-artificiale-nella-sicurezza-chimica-sds-clp-reach\/#breadcrumb","itemListElement":[{"@type":"ListItem","position":1,"name":"F\u0151oldal","item":"https:\/\/www.msds-europe.com\/it\/"},{"@type":"ListItem","position":2,"name":"Applicabilit\u00e0 dell\u2019intelligenza artificiale nella sicurezza chimica"}]},{"@type":"WebSite","@id":"https:\/\/www.msds-europe.com\/es\/#website","url":"https:\/\/www.msds-europe.com\/es\/","name":"MSDS Europe","description":"","publisher":{"@id":"https:\/\/www.msds-europe.com\/es\/#organization"},"potentialAction":[{"@type":"SearchAction","target":{"@type":"EntryPoint","urlTemplate":"https:\/\/www.msds-europe.com\/es\/?s={search_term_string}"},"query-input":{"@type":"PropertyValueSpecification","valueRequired":true,"valueName":"search_term_string"}}],"inLanguage":"it-IT"},{"@type":"Organization","@id":"https:\/\/www.msds-europe.com\/es\/#organization","name":"MSDS-Europe International branch of ToxInfo","url":"https:\/\/www.msds-europe.com\/es\/","logo":{"@type":"ImageObject","inLanguage":"it-IT","@id":"https:\/\/www.msds-europe.com\/es\/#\/schema\/logo\/image\/","url":"https:\/\/www.msds-europe.com\/wp-content\/uploads\/2021\/04\/msds-europe-logo.jpg","contentUrl":"https:\/\/www.msds-europe.com\/wp-content\/uploads\/2021\/04\/msds-europe-logo.jpg","width":2296,"height":1067,"caption":"MSDS-Europe International branch of ToxInfo"},"image":{"@id":"https:\/\/www.msds-europe.com\/es\/#\/schema\/logo\/image\/"},"sameAs":["https:\/\/www.facebook.com\/toxinfokft\/","https:\/\/x.com\/ToxInfoKft"]}]}},"_links":{"self":[{"href":"https:\/\/www.msds-europe.com\/it\/wp-json\/wp\/v2\/pages\/34834","targetHints":{"allow":["GET"]}}],"collection":[{"href":"https:\/\/www.msds-europe.com\/it\/wp-json\/wp\/v2\/pages"}],"about":[{"href":"https:\/\/www.msds-europe.com\/it\/wp-json\/wp\/v2\/types\/page"}],"author":[{"embeddable":true,"href":"https:\/\/www.msds-europe.com\/it\/wp-json\/wp\/v2\/users\/2"}],"replies":[{"embeddable":true,"href":"https:\/\/www.msds-europe.com\/it\/wp-json\/wp\/v2\/comments?post=34834"}],"version-history":[{"count":5,"href":"https:\/\/www.msds-europe.com\/it\/wp-json\/wp\/v2\/pages\/34834\/revisions"}],"predecessor-version":[{"id":37459,"href":"https:\/\/www.msds-europe.com\/it\/wp-json\/wp\/v2\/pages\/34834\/revisions\/37459"}],"wp:attachment":[{"href":"https:\/\/www.msds-europe.com\/it\/wp-json\/wp\/v2\/media?parent=34834"}],"wp:term":[{"taxonomy":"post_tag","embeddable":true,"href":"https:\/\/www.msds-europe.com\/it\/wp-json\/wp\/v2\/tags?post=34834"}],"curies":[{"name":"wp","href":"https:\/\/api.w.org\/{rel}","templated":true}]}}