{"id":34653,"date":"2025-09-01T14:31:08","date_gmt":"2025-09-01T14:31:08","guid":{"rendered":"https:\/\/www.msds-europe.com\/?page_id=34653"},"modified":"2026-02-24T10:43:12","modified_gmt":"2026-02-24T10:43:12","slug":"brexit-sicurezza-chimica","status":"publish","type":"page","link":"https:\/\/www.msds-europe.com\/it\/brexit-sicurezza-chimica\/","title":{"rendered":"L\u2019impatto della Brexit sulla sicurezza chimica"},"content":{"rendered":"<p style=\"text-align: right;\"><em><a href=\"https:\/\/www.msds-europe.com\/it\/\">MSDS-Europe<\/a> \u2013 <a href=\"https:\/\/www.msds-europe.com\/it\/sicurezza-chimica-articoli-analisi\/\">Bussola per la sicurezza chimica<\/a> \u2013 L\u2019impatto della Brexit sulla sicurezza chimica<\/em><\/p>\n<p style=\"text-align: justify;\"><strong>Il Regno Unito, come qualsiasi altro Stato membro del SEE, ha finora applicato la legislazione dell\u2019UE nel campo della sicurezza chimica. Tuttavia, a seguito della Brexit e dopo la fine del periodo di transizione (31 dicembre 2020), il Regno Unito \u00e8 diventato indipendente dagli standard di sicurezza chimica dell\u2019Unione europea.<\/strong><\/p>\n<p style=\"text-align: justify;\"><strong>Che tipo di cambiamenti comporta questo nel campo della sicurezza chimica per le sostanze chimiche importate o esportate dai\/verso i Paesi del SEE?<\/strong><\/p>\n<p>&nbsp;<\/p>\n<h2 style=\"text-align: justify;\">L\u2019impatto della Brexit sul commercio<\/h2>\n<p style=\"text-align: justify;\">Il Regno Unito si \u00e8 ritirato dall\u2019UE il 31 gennaio 2020. A ci\u00f2 \u00e8 seguito un periodo di transizione terminato il 31 dicembre 2020. Pertanto, il nuovo sistema \u00e8 entrato in vigore il 1\u00b0 gennaio 2021. Ci\u00f2 significa che il commercio con il Regno Unito \u00e8 diventato pi\u00f9 complesso, poich\u00e9 non avviene pi\u00f9 all\u2019interno dell\u2019Unione.<\/p>\n<p style=\"text-align: justify;\">Tra le altre cose, il sistema armonizzato dell\u2019IVA dell\u2019UE non si applica pi\u00f9 al Paese, il sistema di pagamento dei dazi doganali \u00e8 cambiato e, in generale, \u00e8 aumentato l\u2019onere amministrativo.<\/p>\n<p style=\"text-align: justify;\">Pertanto, se un\u2019azienda \u00e8 stabilita nel Regno Unito o nel SEE, ma opera come fornitore\/utilizzatore\/distributore nel Regno Unito, deve prepararsi ai seguenti cambiamenti.<\/p>\n<p>&nbsp;<\/p>\n<h2 style=\"text-align: justify;\">Come prepararsi ai cambiamenti<\/h2>\n<p style=\"text-align: justify;\">Prima di tutto, occorre definire il ruolo dell\u2019azienda nel nuovo sistema e il suo rapporto con i mercati del Regno Unito e del SEE. Il Regno Unito \u00e8 diventato un Paese terzo per gli Stati membri dell\u2019UE. Pertanto, gli utilizzatori e i distributori con sede nel Regno Unito, che acquistano sostanze\/miscele dal SEE, diventano importatori, e questo ruolo \u00e8 completamente diverso dallo status di \u201cdistributore\u201d ai sensi del regolamento REACH.<\/p>\n<p style=\"text-align: justify;\">Per una guida su come definire i ruoli \u2013 essenziali per comprendere\/definire i requisiti REACH \u2013 consultate il sito dell\u2019<a href=\"https:\/\/echa.europa.eu\/hu\/uk-withdrawal-from-the-eu\">ECHA<\/a> o leggete il nostro articolo <a href=\"https:\/\/www.msds-europe.com\/reach-obligations-manufacturers-importers\/\">Obblighi REACH di fabbricanti e importatori<\/a>.<\/p>\n<p style=\"text-align: justify;\">Il ruolo di importatore\/esportatore richiede al fornitore della sostanza chimica di rivedere di conseguenza la propria <a href=\"https:\/\/www.msds-europe.com\/it\/sds-revisione-aggiornamento\/\">scheda di dati di sicurezza<\/a> e l\u2019etichettatura.<\/p>\n<p style=\"text-align: justify;\">I regolamenti CLP, BPR e PIC sono stati sostituiti nel Regno Unito da una legislazione nazionale. Di conseguenza, ci\u00f2 richiede un costante allineamento tra la legislazione dell\u2019UE e quella del Regno Unito, nonch\u00e9 l\u2019attuazione delle modifiche derivanti dalle differenze.<\/p>\n<p style=\"text-align: justify;\">Tuttavia, non \u00e8 stato necessario prepararsi immediatamente a cambiamenti radicali, poich\u00e9 il Regno Unito ha adottato la maggior parte della legislazione con lievi modifiche, cos\u00ec da poter funzionare efficacemente nel contesto nazionale. Ad esempio, il regolamento CLP \u00e8 stato sostituito dal regolamento GB CLP e il regolamento REACH dell\u2019UE dal regolamento UK REACH.<\/p>\n<p style=\"text-align: justify;\">Esaminiamo ora i cambiamenti che possiamo aspettarci nelle normative pi\u00f9 importanti in materia di sicurezza chimica.<\/p>\n<p>&nbsp;<\/p>\n<h2 style=\"text-align: justify;\">Modifiche ai requisiti fondamentali di sicurezza chimica<\/h2>\n<h3 style=\"text-align: justify;\"><span style=\"color: #333333;\">UK REACH<\/span><\/h3>\n<p style=\"text-align: justify;\">Nel caso del regolamento UK REACH, i principi fondamentali vengono mantenuti (nessun dato, nessun mercato; riduzione al minimo della sperimentazione animale; accesso alle informazioni per i lavoratori; principio di precauzione, ecc.). Tuttavia, UK REACH ed EU REACH funzionano in modo indipendente.<\/p>\n<p style=\"text-align: justify;\">Se un\u2019azienda fornisce o acquista una sostanza chimica sia nel SEE sia nel Regno Unito, deve rispettare separatamente entrambe le normative.<\/p>\n<p style=\"text-align: justify;\">Una guida su come rispettare il regolamento UK REACH \u00e8 disponibile a questo <a href=\"https:\/\/www.gov.uk\/guidance\/how-to-comply-with-reach-chemical-regulations\">link aggiornato<\/a>.<\/p>\n<p style=\"text-align: justify;\">Per assistenza e ulteriori informazioni, contattate l\u2019autorit\u00e0 nazionale (HSE \u2013 Health and Safety Executive, l\u2019autorit\u00e0 nazionale britannica per la salute e la sicurezza sul lavoro).<\/p>\n<h3 style=\"text-align: justify;\"><span style=\"color: #333333;\">Biocidi<\/span><\/h3>\n<p style=\"text-align: justify;\">Il Regno Unito ha adottato anche il regolamento sui biocidi (BPR) con lievi modifiche.<\/p>\n<p style=\"text-align: justify;\">Se si desidera richiedere l\u2019approvazione di una sostanza attiva o l\u2019autorizzazione di un biocida nel Regno Unito, \u00e8 necessario rivolgersi alla HSE invece che all\u2019ECHA. La HSE ha assunto le funzioni precedentemente svolte dall\u2019ECHA, ma applica procedure proprie per l\u2019esame delle domande presentate.<\/p>\n<p style=\"text-align: justify;\"><strong>Cosa succede se abbiamo gi\u00e0 un\u2019autorizzazione valida per un biocida nel Regno Unito?<\/strong><\/p>\n<p style=\"text-align: justify;\">Le autorizzazioni dei biocidi concesse in precedenza rimangono valide fino alla data di scadenza.<\/p>\n<p style=\"text-align: justify;\">Tuttavia, il titolare dell\u2019autorizzazione doveva avere sede nel Regno Unito entro un anno (fino al 1\u00b0 gennaio 2022). Anche l\u2019approvazione di una sostanza attiva rimane valida fino alla normale data di scadenza, ma le informazioni originariamente inviate all\u2019autorit\u00e0 devono essere trasmesse anche alla HSE.<\/p>\n<p style=\"text-align: justify;\"><strong>Cosa succede se la nostra domanda \u00e8 attualmente in fase di elaborazione?<\/strong><\/p>\n<p style=\"text-align: justify;\">La HSE prosegue il processo per concedere un\u2019autorizzazione nazionale; tuttavia, \u00e8 necessario presentare nuovamente le informazioni a supporto della domanda originale.<\/p>\n<p style=\"text-align: justify;\">La versione britannica dell\u2019elenco dei fornitori approvati di sostanze attive (elenco di cui all\u2019articolo 95) \u00e8 stata istituita alla fine del periodo di transizione sulla base dell\u2019elenco dell\u2019UE allora vigente.<\/p>\n<p style=\"text-align: justify;\">Pertanto, se un\u2019azienda figurava nell\u2019elenco dell\u2019UE, \u00e8 stata automaticamente inserita anche nell\u2019elenco britannico; tuttavia, per rimanervi \u00e8 stato necessario fornire ulteriori informazioni alla HSE. Era previsto un periodo di due anni per soddisfare i requisiti.<\/p>\n<p>&nbsp;<\/p>\n<h3 style=\"text-align: justify;\"><span style=\"color: #333333;\">Il regolamento PIC (consenso preliminare informato)<\/span><\/h3>\n<p style=\"text-align: justify;\">Il regolamento PIC (Regolamento (UE) n. 649\/2012) disciplina l\u2019importazione e l\u2019esportazione di determinate sostanze chimiche pericolose e impone obblighi alle aziende che intendono esportare tali sostanze verso Paesi non UE.<\/p>\n<p style=\"text-align: justify;\">Dopo il periodo di transizione, il regolamento PIC dell\u2019UE non si applica pi\u00f9 alle aziende con sede nel Regno Unito e, di conseguenza, non sussiste pi\u00f9 l\u2019obbligo di comunicare i dati di importazione\/esportazione ai sensi del PIC UE.<\/p>\n<p style=\"text-align: justify;\"><strong>Importante!<\/strong><\/p>\n<p style=\"text-align: justify;\">\u00c8 necessario verificare con la HSE se sussiste un obbligo di comunicazione ai sensi della nuova legislazione nazionale.<\/p>\n<p style=\"text-align: justify;\">D\u2019altra parte, il regolamento PIC resta in vigore per le aziende stabilite nell\u2019UE. Pertanto, se una sostanza soggetta al PIC viene esportata verso il Regno Unito o importata dal Regno Unito, deve comunque essere dichiarata.<\/p>\n<p>&nbsp;<\/p>\n<h2 style=\"text-align: justify;\">Cosa non cambia con la Brexit<\/h2>\n<p style=\"text-align: justify;\">Il regolamento CLP dell\u2019UE \u00e8 stato sostituito dal regolamento GB CLP, ma quest\u2019ultimo continua a recepire il sistema GHS delle Nazioni Unite. Pertanto, le aziende con sede nel Regno Unito rimangono responsabili della classificazione, dell\u2019etichettatura e dell\u2019imballaggio delle sostanze chimiche immesse sul mercato in conformit\u00e0 al regolamento GB CLP. Allo stesso modo, non vi sono cambiamenti nei requisiti relativi ai casi in cui l\u2019<a href=\"https:\/\/www.msds-europe.com\/it\/etichetta-clp-etichettatura-in-pratica\/\">etichettatura<\/a> \u00e8 necessaria (oltre alla marcatura di trasporto), e anche i requisiti di imballaggio restano invariati.<\/p>\n<p style=\"text-align: justify;\">Inoltre, i fornitori stabiliti nel Regno Unito rimangono responsabili dell\u2019identificazione (classificazione), delle prove e della valutazione dei potenziali pericoli fisici, per la salute e per l\u2019ambiente delle sostanze chimiche.<\/p>\n<p>&nbsp;<\/p>\n<h2 style=\"text-align: justify;\">Sintesi dell\u2019impatto della Brexit<\/h2>\n<p style=\"text-align: justify;\">Sulla base delle informazioni ufficiali disponibili, si prevedeva che la transizione fosse efficiente e fluida, poich\u00e9 il Regno Unito ha adottato la maggior parte della legislazione con le modifiche minori sopra menzionate. Inoltre, \u00e8 stato previsto un periodo di adattamento affinch\u00e9 le aziende potessero soddisfare tutti i requisiti.<\/p>\n<p style=\"text-align: justify;\">Tuttavia, \u00e8 opportuno rivedere la propria situazione in base a entrambe le normative e adottare i passaggi aggiuntivi necessari (ad es. trasmettere informazioni alla <a href=\"https:\/\/www.hse.gov.uk\/\">HSE<\/a>). Infine, in caso di domande relative al Regno Unito, \u00e8 possibile rivolgersi alla HSE (autorit\u00e0 nazionale del Regno Unito) invece che all\u2019ECHA.<\/p>\n<h4><span style=\"color: #ff9900;\">Consulenza online gratuita<\/span><\/h4>\n<p><span style=\"color: #000000;\">Se non hai trovato le informazioni necessarie sul nostro sito web, poni direttamente le tue domande relative alle schede di dati di sicurezza al nostro esperto. <\/span><\/p>\n<p><span style=\"color: #000000;\">Per inviare le domande, utilizza la seguente applicazione di messaggistica: <\/span><\/p>\n<a href=\"https:\/\/www.msds-europe.com\/it\/consulenza-online\/\" class=\"su-button su-button-style-default\" style=\"color:#ffffff;background-color:#ef552d;border-color:#c04424;border-radius:6px\" target=\"_self\"><span style=\"color:#ffffff;padding:0px 18px;font-size:14px;line-height:28px;border-color:#f4886c;border-radius:6px;text-shadow:0px 0px 2px #ffffff\"> Chiedi al nostro esperto di sicurezza chimica!<\/span><\/a>\n<p>&nbsp;<\/p>\n<p>\u00a0<\/p>\n<h4>Domande frequenti e risposte<\/h4>\n<div class=\"su-spoiler su-spoiler-style-fancy su-spoiler-icon-chevron su-spoiler-closed\" data-scroll-offset=\"0\" data-anchor-in-url=\"no\"><div class=\"su-spoiler-title\" tabindex=\"0\" role=\"button\"><span class=\"su-spoiler-icon\"><\/span>Devo effettuare una nuova registrazione UK REACH se ho gi\u00e0 una registrazione EU REACH per la stessa sostanza?<\/div><div class=\"su-spoiler-content su-u-clearfix su-u-trim\">\n<p>S\u00ec. Dal 1\u00b0 gennaio 2021 una registrazione UE non \u00e8 pi\u00f9 valida nel Regno Unito, quindi la sostanza deve essere registrata\/notificata separatamente secondo UK REACH, nel rispetto delle scadenze transitorie applicabili.<\/p>\n<\/div><\/div>\n<div class=\"su-spoiler su-spoiler-style-fancy su-spoiler-icon-chevron su-spoiler-closed\" data-scroll-offset=\"0\" data-anchor-in-url=\"no\"><div class=\"su-spoiler-title\" tabindex=\"0\" role=\"button\"><span class=\"su-spoiler-icon\"><\/span>Cosa significa lo status di \u00abPaese terzo\u00bb per un esportatore dell\u2019UE?<\/div><div class=\"su-spoiler-content su-u-clearfix su-u-trim\">\n<p>Le spedizioni verso il Regno Unito sono ora esportazioni; il cliente britannico diventa importatore, con conseguenti obblighi doganali, IVA e revisione di SDS\/etichette.<\/p>\n<\/div><\/div>\n<div class=\"su-spoiler su-spoiler-style-fancy su-spoiler-icon-chevron su-spoiler-closed\" data-scroll-offset=\"0\" data-anchor-in-url=\"no\"><div class=\"su-spoiler-title\" tabindex=\"0\" role=\"button\"><span class=\"su-spoiler-icon\"><\/span>I pittogrammi GHS cambieranno sul mercato britannico?<\/div><div class=\"su-spoiler-content su-u-clearfix su-u-trim\">\n<p>No. Il regolamento GB CLP continua a seguire il sistema ONU GHS, quindi i pittogrammi di pericolo e le frasi H\/P rimangono gli stessi; cambia il riferimento legislativo.<\/p>\n<\/div><\/div>\n<div class=\"su-spoiler su-spoiler-style-fancy su-spoiler-icon-chevron su-spoiler-closed\" data-scroll-offset=\"0\" data-anchor-in-url=\"no\"><div class=\"su-spoiler-title\" tabindex=\"0\" role=\"button\"><span class=\"su-spoiler-icon\"><\/span>Cosa succede alle autorizzazioni dei biocidi gi\u00e0 concesse nel Regno Unito?<\/div><div class=\"su-spoiler-content su-u-clearfix su-u-trim\">\n<p>Rimangono valide fino alla scadenza, ma il titolare dell\u2019autorizzazione doveva essere stabilito nel Regno Unito entro un anno (entro il 2022) e tutte le nuove domande devono essere presentate direttamente all\u2019autorit\u00e0 britannica (HSE).<\/p>\n<\/div><\/div>\n<p>\u00a0<\/p>\n","protected":false},"excerpt":{"rendered":"<p>MSDS-Europe \u2013 Bussola per la sicurezza chimica \u2013 L\u2019impatto della Brexit sulla sicurezza chimica Il Regno Unito, come qualsiasi altro Stato membro del SEE, ha finora applicato la legislazione dell\u2019UE nel campo della sicurezza chimica. Tuttavia, a seguito della Brexit e dopo la fine del periodo di transizione (31 dicembre&#8230;<\/p>\n","protected":false},"author":2,"featured_media":0,"parent":0,"menu_order":0,"comment_status":"closed","ping_status":"closed","template":"","meta":{"_acf_changed":false,"footnotes":""},"tags":[352],"class_list":["post-34653","page","type-page","status-publish","hentry","tag-sicurezza-chimica-it"],"acf":[],"yoast_head":"<!-- This site is optimized with the Yoast SEO plugin v27.2 - https:\/\/yoast.com\/product\/yoast-seo-wordpress\/ -->\n<title>L\u2019impatto della Brexit sulla sicurezza chimica - MSDS Europe<\/title>\n<meta name=\"description\" content=\"Impatto della Brexit sulla sicurezza chimica per le sostanze chimiche importate o esportate dai\/verso i paesi SEE.\" \/>\n<meta name=\"robots\" content=\"index, follow, max-snippet:-1, max-image-preview:large, max-video-preview:-1\" \/>\n<link rel=\"canonical\" href=\"https:\/\/www.msds-europe.com\/it\/brexit-sicurezza-chimica\/\" \/>\n<meta property=\"og:locale\" content=\"it_IT\" \/>\n<meta property=\"og:type\" content=\"article\" \/>\n<meta property=\"og:title\" content=\"L\u2019impatto della Brexit sulla sicurezza chimica - MSDS Europe\" \/>\n<meta property=\"og:description\" content=\"Impatto della Brexit sulla sicurezza chimica per le sostanze chimiche importate o esportate dai\/verso i paesi SEE.\" \/>\n<meta property=\"og:url\" content=\"https:\/\/www.msds-europe.com\/it\/brexit-sicurezza-chimica\/\" \/>\n<meta property=\"og:site_name\" content=\"MSDS Europe\" \/>\n<meta property=\"article:publisher\" content=\"https:\/\/www.facebook.com\/toxinfokft\/\" \/>\n<meta property=\"article:modified_time\" content=\"2026-02-24T10:43:12+00:00\" \/>\n<meta name=\"twitter:card\" content=\"summary_large_image\" \/>\n<meta name=\"twitter:site\" content=\"@ToxInfoKft\" \/>\n<meta name=\"twitter:label1\" content=\"Tempo di lettura stimato\" \/>\n\t<meta name=\"twitter:data1\" content=\"6 minuti\" \/>\n<script type=\"application\/ld+json\" class=\"yoast-schema-graph\">{\"@context\":\"https:\/\/schema.org\",\"@graph\":[{\"@type\":\"WebPage\",\"@id\":\"https:\/\/www.msds-europe.com\/it\/brexit-sicurezza-chimica\/\",\"url\":\"https:\/\/www.msds-europe.com\/it\/brexit-sicurezza-chimica\/\",\"name\":\"L\u2019impatto della Brexit sulla sicurezza chimica - MSDS Europe\",\"isPartOf\":{\"@id\":\"https:\/\/www.msds-europe.com\/es\/#website\"},\"datePublished\":\"2025-09-01T14:31:08+00:00\",\"dateModified\":\"2026-02-24T10:43:12+00:00\",\"description\":\"Impatto della Brexit sulla sicurezza chimica per le sostanze chimiche importate o esportate dai\/verso i paesi SEE.\",\"breadcrumb\":{\"@id\":\"https:\/\/www.msds-europe.com\/it\/brexit-sicurezza-chimica\/#breadcrumb\"},\"inLanguage\":\"it-IT\",\"potentialAction\":[{\"@type\":\"ReadAction\",\"target\":[\"https:\/\/www.msds-europe.com\/it\/brexit-sicurezza-chimica\/\"]}]},{\"@type\":\"BreadcrumbList\",\"@id\":\"https:\/\/www.msds-europe.com\/it\/brexit-sicurezza-chimica\/#breadcrumb\",\"itemListElement\":[{\"@type\":\"ListItem\",\"position\":1,\"name\":\"F\u0151oldal\",\"item\":\"https:\/\/www.msds-europe.com\/it\/\"},{\"@type\":\"ListItem\",\"position\":2,\"name\":\"L\u2019impatto della Brexit sulla sicurezza chimica\"}]},{\"@type\":\"WebSite\",\"@id\":\"https:\/\/www.msds-europe.com\/es\/#website\",\"url\":\"https:\/\/www.msds-europe.com\/es\/\",\"name\":\"MSDS Europe\",\"description\":\"\",\"publisher\":{\"@id\":\"https:\/\/www.msds-europe.com\/es\/#organization\"},\"potentialAction\":[{\"@type\":\"SearchAction\",\"target\":{\"@type\":\"EntryPoint\",\"urlTemplate\":\"https:\/\/www.msds-europe.com\/es\/?s={search_term_string}\"},\"query-input\":{\"@type\":\"PropertyValueSpecification\",\"valueRequired\":true,\"valueName\":\"search_term_string\"}}],\"inLanguage\":\"it-IT\"},{\"@type\":\"Organization\",\"@id\":\"https:\/\/www.msds-europe.com\/es\/#organization\",\"name\":\"MSDS-Europe International branch of ToxInfo\",\"url\":\"https:\/\/www.msds-europe.com\/es\/\",\"logo\":{\"@type\":\"ImageObject\",\"inLanguage\":\"it-IT\",\"@id\":\"https:\/\/www.msds-europe.com\/es\/#\/schema\/logo\/image\/\",\"url\":\"https:\/\/www.msds-europe.com\/wp-content\/uploads\/2021\/04\/msds-europe-logo.jpg\",\"contentUrl\":\"https:\/\/www.msds-europe.com\/wp-content\/uploads\/2021\/04\/msds-europe-logo.jpg\",\"width\":2296,\"height\":1067,\"caption\":\"MSDS-Europe International branch of ToxInfo\"},\"image\":{\"@id\":\"https:\/\/www.msds-europe.com\/es\/#\/schema\/logo\/image\/\"},\"sameAs\":[\"https:\/\/www.facebook.com\/toxinfokft\/\",\"https:\/\/x.com\/ToxInfoKft\"]}]}<\/script>\n<!-- \/ Yoast SEO plugin. -->","yoast_head_json":{"title":"L\u2019impatto della Brexit sulla sicurezza chimica - MSDS Europe","description":"Impatto della Brexit sulla sicurezza chimica per le sostanze chimiche importate o esportate dai\/verso i paesi SEE.","robots":{"index":"index","follow":"follow","max-snippet":"max-snippet:-1","max-image-preview":"max-image-preview:large","max-video-preview":"max-video-preview:-1"},"canonical":"https:\/\/www.msds-europe.com\/it\/brexit-sicurezza-chimica\/","og_locale":"it_IT","og_type":"article","og_title":"L\u2019impatto della Brexit sulla sicurezza chimica - MSDS Europe","og_description":"Impatto della Brexit sulla sicurezza chimica per le sostanze chimiche importate o esportate dai\/verso i paesi SEE.","og_url":"https:\/\/www.msds-europe.com\/it\/brexit-sicurezza-chimica\/","og_site_name":"MSDS Europe","article_publisher":"https:\/\/www.facebook.com\/toxinfokft\/","article_modified_time":"2026-02-24T10:43:12+00:00","twitter_card":"summary_large_image","twitter_site":"@ToxInfoKft","twitter_misc":{"Tempo di lettura stimato":"6 minuti"},"schema":{"@context":"https:\/\/schema.org","@graph":[{"@type":"WebPage","@id":"https:\/\/www.msds-europe.com\/it\/brexit-sicurezza-chimica\/","url":"https:\/\/www.msds-europe.com\/it\/brexit-sicurezza-chimica\/","name":"L\u2019impatto della Brexit sulla sicurezza chimica - MSDS Europe","isPartOf":{"@id":"https:\/\/www.msds-europe.com\/es\/#website"},"datePublished":"2025-09-01T14:31:08+00:00","dateModified":"2026-02-24T10:43:12+00:00","description":"Impatto della Brexit sulla sicurezza chimica per le sostanze chimiche importate o esportate dai\/verso i paesi SEE.","breadcrumb":{"@id":"https:\/\/www.msds-europe.com\/it\/brexit-sicurezza-chimica\/#breadcrumb"},"inLanguage":"it-IT","potentialAction":[{"@type":"ReadAction","target":["https:\/\/www.msds-europe.com\/it\/brexit-sicurezza-chimica\/"]}]},{"@type":"BreadcrumbList","@id":"https:\/\/www.msds-europe.com\/it\/brexit-sicurezza-chimica\/#breadcrumb","itemListElement":[{"@type":"ListItem","position":1,"name":"F\u0151oldal","item":"https:\/\/www.msds-europe.com\/it\/"},{"@type":"ListItem","position":2,"name":"L\u2019impatto della Brexit sulla sicurezza chimica"}]},{"@type":"WebSite","@id":"https:\/\/www.msds-europe.com\/es\/#website","url":"https:\/\/www.msds-europe.com\/es\/","name":"MSDS Europe","description":"","publisher":{"@id":"https:\/\/www.msds-europe.com\/es\/#organization"},"potentialAction":[{"@type":"SearchAction","target":{"@type":"EntryPoint","urlTemplate":"https:\/\/www.msds-europe.com\/es\/?s={search_term_string}"},"query-input":{"@type":"PropertyValueSpecification","valueRequired":true,"valueName":"search_term_string"}}],"inLanguage":"it-IT"},{"@type":"Organization","@id":"https:\/\/www.msds-europe.com\/es\/#organization","name":"MSDS-Europe International branch of ToxInfo","url":"https:\/\/www.msds-europe.com\/es\/","logo":{"@type":"ImageObject","inLanguage":"it-IT","@id":"https:\/\/www.msds-europe.com\/es\/#\/schema\/logo\/image\/","url":"https:\/\/www.msds-europe.com\/wp-content\/uploads\/2021\/04\/msds-europe-logo.jpg","contentUrl":"https:\/\/www.msds-europe.com\/wp-content\/uploads\/2021\/04\/msds-europe-logo.jpg","width":2296,"height":1067,"caption":"MSDS-Europe International branch of ToxInfo"},"image":{"@id":"https:\/\/www.msds-europe.com\/es\/#\/schema\/logo\/image\/"},"sameAs":["https:\/\/www.facebook.com\/toxinfokft\/","https:\/\/x.com\/ToxInfoKft"]}]}},"_links":{"self":[{"href":"https:\/\/www.msds-europe.com\/it\/wp-json\/wp\/v2\/pages\/34653","targetHints":{"allow":["GET"]}}],"collection":[{"href":"https:\/\/www.msds-europe.com\/it\/wp-json\/wp\/v2\/pages"}],"about":[{"href":"https:\/\/www.msds-europe.com\/it\/wp-json\/wp\/v2\/types\/page"}],"author":[{"embeddable":true,"href":"https:\/\/www.msds-europe.com\/it\/wp-json\/wp\/v2\/users\/2"}],"replies":[{"embeddable":true,"href":"https:\/\/www.msds-europe.com\/it\/wp-json\/wp\/v2\/comments?post=34653"}],"version-history":[{"count":4,"href":"https:\/\/www.msds-europe.com\/it\/wp-json\/wp\/v2\/pages\/34653\/revisions"}],"predecessor-version":[{"id":37667,"href":"https:\/\/www.msds-europe.com\/it\/wp-json\/wp\/v2\/pages\/34653\/revisions\/37667"}],"wp:attachment":[{"href":"https:\/\/www.msds-europe.com\/it\/wp-json\/wp\/v2\/media?parent=34653"}],"wp:term":[{"taxonomy":"post_tag","embeddable":true,"href":"https:\/\/www.msds-europe.com\/it\/wp-json\/wp\/v2\/tags?post=34653"}],"curies":[{"name":"wp","href":"https:\/\/api.w.org\/{rel}","templated":true}]}}