{"id":34614,"date":"2025-09-01T13:02:29","date_gmt":"2025-09-01T13:02:29","guid":{"rendered":"https:\/\/www.msds-europe.com\/?page_id=34614"},"modified":"2026-02-24T13:08:03","modified_gmt":"2026-02-24T13:08:03","slug":"agenzia-di-traduzione-vs-azienda-specializzata-sds","status":"publish","type":"page","link":"https:\/\/www.msds-europe.com\/it\/agenzia-di-traduzione-vs-azienda-specializzata-sds\/","title":{"rendered":"Agenzia di traduzione vs. azienda specializzata: chi dovrebbe tradurre la tua scheda di dati di sicurezza?"},"content":{"rendered":"<p style=\"text-align: right;\"><em><a href=\"https:\/\/www.msds-europe.com\/\">MSDS-Europe<\/a> \u2013 <a href=\"https:\/\/www.msds-europe.com\/it\/sicurezza-chimica-articoli-analisi\/\">Bussola per la sicurezza chimica<\/a> \u2013 Agenzia di traduzione vs. azienda specializzata: chi dovrebbe tradurre una scheda di dati di sicurezza?<\/em><\/p>\n<p>&nbsp;<\/p>\n<p style=\"text-align: justify;\">Per le aziende che trattano sostanze e miscele pericolose, la <strong>qualit\u00e0 della traduzione delle schede di dati di sicurezza (SDS)<\/strong> \u00e8 di fondamentale importanza.<\/p>\n<p style=\"text-align: justify;\">Una <a href=\"https:\/\/www.msds-europe.com\/it\/sds-base-conoscenze\/\">scheda di dati di sicurezza (SDS)<\/a> non \u00e8 soltanto un documento obbligatorio; svolge un ruolo essenziale nel garantire la <strong>sicurezza chimica<\/strong> sul posto di lavoro e la conformit\u00e0 normativa. Secondo le <a href=\"https:\/\/www.msds-europe.com\/it\/sicurezza-chimica-modifiche-normative\/\">norme UE<\/a>, le SDS devono essere fornite nella <a href=\"https:\/\/www.msds-europe.com\/it\/sds-requisiti-linguistici\/\">lingua ufficiale del Paese in cui il prodotto<\/a> viene immesso sul mercato: tradurle \u00e8 quindi un obbligo legale. Una traduzione errata pu\u00f2 portare a fraintendimenti, rischi per la sicurezza e conseguenze legali.<\/p>\n<h3 style=\"text-align: justify;\"><strong>Sorge quindi la domanda: dobbiamo far tradurre le nostre SDS da un\u2019agenzia di traduzione o da un\u2019azienda specializzata in sicurezza chimica?<\/strong><\/h3>\n<p style=\"text-align: justify;\">Di seguito confrontiamo i due approcci per aiutarvi a prendere una decisione informata.<\/p>\n<h4>Agenzia di traduzione \u2013 esperti linguistici: pro e contro<\/h4>\n<h5 style=\"text-align: justify;\"><span style=\"color: #000000;\"><strong>Vantaggi:<\/strong><\/span><\/h5>\n<p style=\"text-align: justify;\">Un\u2019agenzia di traduzione tradizionale fornisce servizi linguistici professionali, spesso con traduttori madrelingua. Il suo punto di forza \u00e8 la correttezza linguistica e la chiarezza. Traduce inoltre rapidamente in pi\u00f9 lingue, il che \u00e8 utile se la SDS deve accompagnare un prodotto in diversi mercati.<\/p>\n<p style=\"text-align: justify;\">Inoltre, le agenzie concedono solitamente sconti per i segmenti ripetuti, rendendo pi\u00f9 convenienti i documenti voluminosi o parzialmente ripetitivi.<\/p>\n<h5 style=\"text-align: justify;\"><span style=\"color: #000000;\"><strong>Svantaggi:<\/strong><\/span><\/h5>\n<p style=\"text-align: justify;\">La maggior parte delle agenzie offre competenze linguistiche generali e pu\u00f2 non avere conoscenze approfondite del <a href=\"https:\/\/www.msds-europe.com\/it\/clp-schede-di-sicurezza-giugno-2017\/\">regolamento CLP<\/a> o della <a href=\"https:\/\/www.msds-europe.com\/it\/base-delle-conoscenze-reach\/\">conformit\u00e0 REACH<\/a>. Anche i traduttori tecnici possono incontrare difficolt\u00e0: la normativa richiede che una SDS sia redatta da una persona competente, cio\u00e8 qualificata ed esperta in sicurezza chimica.<\/p>\n<p style=\"text-align: justify;\">Un linguista esperto, da solo, potrebbe quindi non soddisfare questo requisito. Anche se un\u2019agenzia affida l\u2019incarico a un traduttore tecnico esperto, la terminologia, le classi di pericolo o i riferimenti normativi possono essere interpretati erroneamente.<\/p>\n<p style=\"text-align: justify;\">Per questo motivo \u00e8 spesso necessaria una <a href=\"https:\/\/www.msds-europe.com\/it\/traduzione-scheda-dati-di-sicurezza\/\">revisione professionale<\/a> da parte di un esperto di sicurezza chimica dopo la traduzione. Questo aggiunge tempo e costi e riduce in parte i vantaggi dell\u2019agenzia.<\/p>\n<p style=\"text-align: justify;\">Durante tale revisione pu\u00f2 essere necessario integrare dati mancanti, verificare numeri CAS\/CE, determinare la classificazione corretta e inserire valori OEL: aspetti cruciali per l\u2019accettazione legale e commerciale.<\/p>\n<h4>Azienda specializzata in sicurezza chimica \u2013 competenza e conformit\u00e0<\/h4>\n<p style=\"text-align: justify;\">Le aziende specializzate si concentrano su documenti come le SDS. Dispongono del <strong>know-how e dell\u2019esperienza<\/strong> necessari per garantire che una traduzione SDS non sia solo corretta dal punto di vista linguistico, ma anche conforme. Impiegano <em>persone competenti<\/em> aggiornate su REACH, CLP, ecc. I loro risultati spesso equivalgono a una <a href=\"https:\/\/www.msds-europe.com\/it\/scheda-di-dati-di-sicurezza-compilazione-creazione\/\">SDS compilata ex novo<\/a>, adattata alle regole locali.<\/p>\n<p style=\"text-align: justify;\">Conoscono la <strong>terminologia ufficiale<\/strong> e sanno quali parti devono essere riportate fedelmente secondo la normativa (ad es. frasi H e P).<\/p>\n<p style=\"text-align: justify;\">Controllano inoltre <a href=\"https:\/\/www.msds-europe.com\/it\/preparazione-sds-normativo\/\">la classificazione e le frasi H\/P<\/a>; se il documento di partenza contiene errori o dati obsoleti (ad es. limiti modificati, nuova classe CLP), li segnalano e li correggono. Questo garantisce che la SDS tradotta sia utilizzabile e conforme nel Paese di destinazione.<\/p>\n<p style=\"text-align: justify;\">L\u2019expertise specialistica \u00e8 un servizio premium e pu\u00f2 costare pi\u00f9 di un\u2019agenzia generale, ma riduce al minimo i rischi.<\/p>\n<h4>Conseguenze e responsabilit\u00e0 di una traduzione errata<\/h4>\n<p style=\"text-align: justify;\">Una traduzione errata della SDS pu\u00f2 causare <strong>una classificazione o un\u2019etichettatura errate<\/strong>, compromettendo sicurezza e reputazione.<\/p>\n<p style=\"text-align: justify;\">Dal punto di vista legale, l\u2019azienda che immette il prodotto sul mercato (produttore\/importatore) rimane responsabile della SDS. Anche se il lavoro \u00e8 stato svolto da un\u2019agenzia, <strong>la responsabilit\u00e0 ricade sul fornitore<\/strong> secondo REACH. Informazioni inesatte possono comportare sanzioni o, nei casi estremi, azioni legali.<\/p>\n<h4>Quale soluzione scegliere?<\/h4>\n<p style=\"text-align: justify;\">La traduzione delle SDS richiede sia precisione linguistica sia accuratezza tecnica. Se la vostra azienda dispone di un esperto interno di sicurezza chimica per la revisione della bozza, un\u2019agenzia pu\u00f2 essere sufficiente. In mancanza di tale competenza, un\u2019azienda specializzata \u00e8 la scelta pi\u00f9 sicura: fornisce una maggiore garanzia di conformit\u00e0 e riduce i rischi a lungo termine.<\/p>\n<p>&nbsp;<\/p>\n<h3 style=\"background: white; margin: 0cm 0cm 15.0pt 0cm;\"><span style=\"font-size: 18.0pt; font-family: 'Arial',sans-serif; color: #e67817;\">Avete ulteriori domande?<\/span><\/h3>\n<p style=\"background: white;\"><span style=\"font-size: 11.5pt; font-family: 'Arial',sans-serif; color: black;\">Contattate il nostro <a href=\"https:\/\/www.msds-europe.com\/it\/servizio-clientela\/\">servizio clienti<\/a> o rivolgetevi al nostro esperto <a href=\"https:\/\/www.msds-europe.com\/it\/richiesta-preventivo-scheda-di-dati-di-sicurezza\/\">online<\/a>.<\/span><\/p>\n<a href=\"https:\/\/www.msds-europe.com\/it\/servizio-clientela\/\" class=\"su-button su-button-style-default\" style=\"color:#ef552d;background-color:#fefefe;border-color:#cccccc;border-radius:6px\" target=\"_self\"><span style=\"color:#ef552d;padding:0px 18px;font-size:14px;line-height:28px;border-color:#ffffff;border-radius:6px;text-shadow:none\"> Servizio clienti<\/span><\/a> <a href=\"https:\/\/www.msds-europe.com\/online-consultation\/\" class=\"su-button su-button-style-default\" style=\"color:#ffffff;background-color:#ef552d;border-color:#c04424;border-radius:6px\" target=\"_self\"><span style=\"color:#ffffff;padding:0px 18px;font-size:14px;line-height:28px;border-color:#f4886c;border-radius:6px;text-shadow:0px 0px 2px #ffffff\"> Chiedi al nostro esperto<\/span><\/a>\n<p>&nbsp;<\/p>\n<p>\u00a0<\/p>\n<p><strong><span style=\"color: #333333;\">Servizi consigliati:<\/span><\/strong><\/p>\n<ul>\n<li>Servizi SDS: <a href=\"https:\/\/www.msds-europe.com\/it\/scheda-di-dati-di-sicurezza-compilazione-creazione\/\">Compilazione SDS<\/a>, <a href=\"https:\/\/www.msds-europe.com\/it\/traduzione-scheda-dati-di-sicurezza\/\">Traduzione SDS<\/a>, <a href=\"https:\/\/www.msds-europe.com\/it\/sds-revisione-aggiornamento\/\">Revisione SDS<\/a><\/li>\n<li>CLP: <a href=\"https:\/\/www.msds-europe.com\/it\/creazione-bozza-etichetta\/\">progettazione etichette<\/a><\/li>\n<li><a href=\"https:\/\/www.msds-europe.com\/it\/servizio-ufi\/\">Notifica PCN di miscele pericolose<\/a><\/li>\n<\/ul>\n<p>&nbsp;<\/p>\n<p><strong>Articoli utili:<\/strong><\/p>\n<ul>\n<li><a href=\"https:\/\/www.msds-europe.com\/it\/sicurezza-chimica-articoli-analisi\/\">Bussola per la sicurezza chimica<\/a><\/li>\n<li><a href=\"https:\/\/www.msds-europe.com\/it\/domande-frequenti-e-risposte-sulla-sicurezza-chimica\/\">FAQ \u2013 Domande frequenti<\/a><\/li>\n<li><a href=\"https:\/\/www.msds-europe.com\/it\/sicurezza-chimica-modifiche-normative\/\">Monitoraggio dei cambiamenti normativi<\/a><\/li>\n<\/ul>\n<p>&nbsp;<\/p>\n<h4>Domande rapide e risposte<\/h4>\n<div class=\"su-spoiler su-spoiler-style-fancy su-spoiler-icon-chevron su-spoiler-closed\" data-scroll-offset=\"0\" data-anchor-in-url=\"no\"><div class=\"su-spoiler-title\" tabindex=\"0\" role=\"button\"><span class=\"su-spoiler-icon\"><\/span>Qual \u00e8 la differenza tra un\u2019agenzia generale e un\u2019azienda specializzata nella traduzione di SDS?<\/div><div class=\"su-spoiler-content su-u-clearfix su-u-trim\">\nUn\u2019azienda specializzata impiega non solo traduttori madrelingua, ma possiede anche una solida competenza normativa (REACH, CLP), garantendo traduzioni conformi oltre che linguisticamente corrette.<br \/>\n<\/div><\/div>\n<div class=\"su-spoiler su-spoiler-style-fancy su-spoiler-icon-chevron su-spoiler-closed\" data-scroll-offset=\"0\" data-anchor-in-url=\"no\"><div class=\"su-spoiler-title\" tabindex=\"0\" role=\"button\"><span class=\"su-spoiler-icon\"><\/span>Perch\u00e9 una traduzione SDS pu\u00f2 costare di pi\u00f9 presso un\u2019azienda specializzata?<\/div><div class=\"su-spoiler-content su-u-clearfix su-u-trim\">\nI controlli tecnici e normativi riducono al minimo gli errori, facendo risparmiare costi e responsabilit\u00e0 nel lungo periodo.<br \/>\n<\/div><\/div>\n<div class=\"su-spoiler su-spoiler-style-fancy su-spoiler-icon-chevron su-spoiler-closed\" data-scroll-offset=\"0\" data-anchor-in-url=\"no\"><div class=\"su-spoiler-title\" tabindex=\"0\" role=\"button\"><span class=\"su-spoiler-icon\"><\/span>Quali sono gli impatti di una traduzione SDS errata?<\/div><div class=\"su-spoiler-content su-u-clearfix su-u-trim\">\nPu\u00f2 portare a una classificazione o a un\u2019etichettatura errate, con rischi per la sicurezza, sanzioni e responsabilit\u00e0 per il fornitore.<br \/>\n<\/div><\/div>\n<div class=\"su-spoiler su-spoiler-style-fancy su-spoiler-icon-chevron su-spoiler-closed\" data-scroll-offset=\"0\" data-anchor-in-url=\"no\"><div class=\"su-spoiler-title\" tabindex=\"0\" role=\"button\"><span class=\"su-spoiler-icon\"><\/span>Quando basta un\u2019agenzia e quando \u00e8 necessaria un\u2019azienda specializzata?<\/div><div class=\"su-spoiler-content su-u-clearfix su-u-trim\">\nSe \u00e8 necessaria solo una traduzione linguistica e un esperto interno pu\u00f2 revisionarla, un\u2019agenzia pu\u00f2 bastare; altrimenti \u00e8 preferibile scegliere un\u2019azienda specializzata o far revisionare la bozza da essa.<br \/>\n<\/div><\/div>\n","protected":false},"excerpt":{"rendered":"<p>MSDS-Europe \u2013 Bussola per la sicurezza chimica \u2013 Agenzia di traduzione vs. azienda specializzata: chi dovrebbe tradurre una scheda di dati di sicurezza? &nbsp; Per le aziende che trattano sostanze e miscele pericolose, la qualit\u00e0 della traduzione delle schede di dati di sicurezza (SDS) \u00e8 di fondamentale importanza. Una scheda&#8230;<\/p>\n","protected":false},"author":2,"featured_media":0,"parent":0,"menu_order":0,"comment_status":"closed","ping_status":"closed","template":"","meta":{"_acf_changed":false,"footnotes":""},"tags":[],"class_list":["post-34614","page","type-page","status-publish","hentry"],"acf":[],"yoast_head":"<!-- This site is optimized with the Yoast SEO plugin v27.2 - https:\/\/yoast.com\/product\/yoast-seo-wordpress\/ -->\n<title>Agenzia di traduzione vs. azienda specializzata<\/title>\n<meta name=\"description\" content=\"Traduzione di schede di dati di sicurezza con piena conformit\u00e0 normativa e revisione da parte di esperti \u2013 MSDS-Europe\" \/>\n<meta name=\"robots\" content=\"index, follow, max-snippet:-1, max-image-preview:large, max-video-preview:-1\" \/>\n<link rel=\"canonical\" href=\"https:\/\/www.msds-europe.com\/it\/agenzia-di-traduzione-vs-azienda-specializzata-sds\/\" \/>\n<meta property=\"og:locale\" content=\"it_IT\" \/>\n<meta property=\"og:type\" content=\"article\" \/>\n<meta property=\"og:title\" content=\"Agenzia di traduzione vs. azienda specializzata\" \/>\n<meta property=\"og:description\" content=\"Traduzione di schede di dati di sicurezza con piena conformit\u00e0 normativa e revisione da parte di esperti \u2013 MSDS-Europe\" \/>\n<meta property=\"og:url\" content=\"https:\/\/www.msds-europe.com\/it\/agenzia-di-traduzione-vs-azienda-specializzata-sds\/\" \/>\n<meta property=\"og:site_name\" content=\"MSDS Europe\" \/>\n<meta property=\"article:publisher\" content=\"https:\/\/www.facebook.com\/toxinfokft\/\" \/>\n<meta property=\"article:modified_time\" content=\"2026-02-24T13:08:03+00:00\" \/>\n<meta name=\"twitter:card\" content=\"summary_large_image\" \/>\n<meta name=\"twitter:site\" content=\"@ToxInfoKft\" \/>\n<meta name=\"twitter:label1\" content=\"Tempo di lettura stimato\" \/>\n\t<meta name=\"twitter:data1\" content=\"4 minuti\" \/>\n<script type=\"application\/ld+json\" class=\"yoast-schema-graph\">{\"@context\":\"https:\/\/schema.org\",\"@graph\":[{\"@type\":\"WebPage\",\"@id\":\"https:\/\/www.msds-europe.com\/it\/agenzia-di-traduzione-vs-azienda-specializzata-sds\/\",\"url\":\"https:\/\/www.msds-europe.com\/it\/agenzia-di-traduzione-vs-azienda-specializzata-sds\/\",\"name\":\"Agenzia di traduzione vs. azienda specializzata\",\"isPartOf\":{\"@id\":\"https:\/\/www.msds-europe.com\/es\/#website\"},\"datePublished\":\"2025-09-01T13:02:29+00:00\",\"dateModified\":\"2026-02-24T13:08:03+00:00\",\"description\":\"Traduzione di schede di dati di sicurezza con piena conformit\u00e0 normativa e revisione da parte di esperti \u2013 MSDS-Europe\",\"breadcrumb\":{\"@id\":\"https:\/\/www.msds-europe.com\/it\/agenzia-di-traduzione-vs-azienda-specializzata-sds\/#breadcrumb\"},\"inLanguage\":\"it-IT\",\"potentialAction\":[{\"@type\":\"ReadAction\",\"target\":[\"https:\/\/www.msds-europe.com\/it\/agenzia-di-traduzione-vs-azienda-specializzata-sds\/\"]}]},{\"@type\":\"BreadcrumbList\",\"@id\":\"https:\/\/www.msds-europe.com\/it\/agenzia-di-traduzione-vs-azienda-specializzata-sds\/#breadcrumb\",\"itemListElement\":[{\"@type\":\"ListItem\",\"position\":1,\"name\":\"F\u0151oldal\",\"item\":\"https:\/\/www.msds-europe.com\/it\/\"},{\"@type\":\"ListItem\",\"position\":2,\"name\":\"Agenzia di traduzione vs. azienda specializzata: chi dovrebbe tradurre la tua scheda di dati di sicurezza?\"}]},{\"@type\":\"WebSite\",\"@id\":\"https:\/\/www.msds-europe.com\/es\/#website\",\"url\":\"https:\/\/www.msds-europe.com\/es\/\",\"name\":\"MSDS Europe\",\"description\":\"\",\"publisher\":{\"@id\":\"https:\/\/www.msds-europe.com\/es\/#organization\"},\"potentialAction\":[{\"@type\":\"SearchAction\",\"target\":{\"@type\":\"EntryPoint\",\"urlTemplate\":\"https:\/\/www.msds-europe.com\/es\/?s={search_term_string}\"},\"query-input\":{\"@type\":\"PropertyValueSpecification\",\"valueRequired\":true,\"valueName\":\"search_term_string\"}}],\"inLanguage\":\"it-IT\"},{\"@type\":\"Organization\",\"@id\":\"https:\/\/www.msds-europe.com\/es\/#organization\",\"name\":\"MSDS-Europe International branch of ToxInfo\",\"url\":\"https:\/\/www.msds-europe.com\/es\/\",\"logo\":{\"@type\":\"ImageObject\",\"inLanguage\":\"it-IT\",\"@id\":\"https:\/\/www.msds-europe.com\/es\/#\/schema\/logo\/image\/\",\"url\":\"https:\/\/www.msds-europe.com\/wp-content\/uploads\/2021\/04\/msds-europe-logo.jpg\",\"contentUrl\":\"https:\/\/www.msds-europe.com\/wp-content\/uploads\/2021\/04\/msds-europe-logo.jpg\",\"width\":2296,\"height\":1067,\"caption\":\"MSDS-Europe International branch of ToxInfo\"},\"image\":{\"@id\":\"https:\/\/www.msds-europe.com\/es\/#\/schema\/logo\/image\/\"},\"sameAs\":[\"https:\/\/www.facebook.com\/toxinfokft\/\",\"https:\/\/x.com\/ToxInfoKft\"]}]}<\/script>\n<!-- \/ Yoast SEO plugin. -->","yoast_head_json":{"title":"Agenzia di traduzione vs. azienda specializzata","description":"Traduzione di schede di dati di sicurezza con piena conformit\u00e0 normativa e revisione da parte di esperti \u2013 MSDS-Europe","robots":{"index":"index","follow":"follow","max-snippet":"max-snippet:-1","max-image-preview":"max-image-preview:large","max-video-preview":"max-video-preview:-1"},"canonical":"https:\/\/www.msds-europe.com\/it\/agenzia-di-traduzione-vs-azienda-specializzata-sds\/","og_locale":"it_IT","og_type":"article","og_title":"Agenzia di traduzione vs. azienda specializzata","og_description":"Traduzione di schede di dati di sicurezza con piena conformit\u00e0 normativa e revisione da parte di esperti \u2013 MSDS-Europe","og_url":"https:\/\/www.msds-europe.com\/it\/agenzia-di-traduzione-vs-azienda-specializzata-sds\/","og_site_name":"MSDS Europe","article_publisher":"https:\/\/www.facebook.com\/toxinfokft\/","article_modified_time":"2026-02-24T13:08:03+00:00","twitter_card":"summary_large_image","twitter_site":"@ToxInfoKft","twitter_misc":{"Tempo di lettura stimato":"4 minuti"},"schema":{"@context":"https:\/\/schema.org","@graph":[{"@type":"WebPage","@id":"https:\/\/www.msds-europe.com\/it\/agenzia-di-traduzione-vs-azienda-specializzata-sds\/","url":"https:\/\/www.msds-europe.com\/it\/agenzia-di-traduzione-vs-azienda-specializzata-sds\/","name":"Agenzia di traduzione vs. azienda specializzata","isPartOf":{"@id":"https:\/\/www.msds-europe.com\/es\/#website"},"datePublished":"2025-09-01T13:02:29+00:00","dateModified":"2026-02-24T13:08:03+00:00","description":"Traduzione di schede di dati di sicurezza con piena conformit\u00e0 normativa e revisione da parte di esperti \u2013 MSDS-Europe","breadcrumb":{"@id":"https:\/\/www.msds-europe.com\/it\/agenzia-di-traduzione-vs-azienda-specializzata-sds\/#breadcrumb"},"inLanguage":"it-IT","potentialAction":[{"@type":"ReadAction","target":["https:\/\/www.msds-europe.com\/it\/agenzia-di-traduzione-vs-azienda-specializzata-sds\/"]}]},{"@type":"BreadcrumbList","@id":"https:\/\/www.msds-europe.com\/it\/agenzia-di-traduzione-vs-azienda-specializzata-sds\/#breadcrumb","itemListElement":[{"@type":"ListItem","position":1,"name":"F\u0151oldal","item":"https:\/\/www.msds-europe.com\/it\/"},{"@type":"ListItem","position":2,"name":"Agenzia di traduzione vs. azienda specializzata: chi dovrebbe tradurre la tua scheda di dati di sicurezza?"}]},{"@type":"WebSite","@id":"https:\/\/www.msds-europe.com\/es\/#website","url":"https:\/\/www.msds-europe.com\/es\/","name":"MSDS Europe","description":"","publisher":{"@id":"https:\/\/www.msds-europe.com\/es\/#organization"},"potentialAction":[{"@type":"SearchAction","target":{"@type":"EntryPoint","urlTemplate":"https:\/\/www.msds-europe.com\/es\/?s={search_term_string}"},"query-input":{"@type":"PropertyValueSpecification","valueRequired":true,"valueName":"search_term_string"}}],"inLanguage":"it-IT"},{"@type":"Organization","@id":"https:\/\/www.msds-europe.com\/es\/#organization","name":"MSDS-Europe International branch of ToxInfo","url":"https:\/\/www.msds-europe.com\/es\/","logo":{"@type":"ImageObject","inLanguage":"it-IT","@id":"https:\/\/www.msds-europe.com\/es\/#\/schema\/logo\/image\/","url":"https:\/\/www.msds-europe.com\/wp-content\/uploads\/2021\/04\/msds-europe-logo.jpg","contentUrl":"https:\/\/www.msds-europe.com\/wp-content\/uploads\/2021\/04\/msds-europe-logo.jpg","width":2296,"height":1067,"caption":"MSDS-Europe International branch of ToxInfo"},"image":{"@id":"https:\/\/www.msds-europe.com\/es\/#\/schema\/logo\/image\/"},"sameAs":["https:\/\/www.facebook.com\/toxinfokft\/","https:\/\/x.com\/ToxInfoKft"]}]}},"_links":{"self":[{"href":"https:\/\/www.msds-europe.com\/it\/wp-json\/wp\/v2\/pages\/34614","targetHints":{"allow":["GET"]}}],"collection":[{"href":"https:\/\/www.msds-europe.com\/it\/wp-json\/wp\/v2\/pages"}],"about":[{"href":"https:\/\/www.msds-europe.com\/it\/wp-json\/wp\/v2\/types\/page"}],"author":[{"embeddable":true,"href":"https:\/\/www.msds-europe.com\/it\/wp-json\/wp\/v2\/users\/2"}],"replies":[{"embeddable":true,"href":"https:\/\/www.msds-europe.com\/it\/wp-json\/wp\/v2\/comments?post=34614"}],"version-history":[{"count":8,"href":"https:\/\/www.msds-europe.com\/it\/wp-json\/wp\/v2\/pages\/34614\/revisions"}],"predecessor-version":[{"id":37757,"href":"https:\/\/www.msds-europe.com\/it\/wp-json\/wp\/v2\/pages\/34614\/revisions\/37757"}],"wp:attachment":[{"href":"https:\/\/www.msds-europe.com\/it\/wp-json\/wp\/v2\/media?parent=34614"}],"wp:term":[{"taxonomy":"post_tag","embeddable":true,"href":"https:\/\/www.msds-europe.com\/it\/wp-json\/wp\/v2\/tags?post=34614"}],"curies":[{"name":"wp","href":"https:\/\/api.w.org\/{rel}","templated":true}]}}