{"id":34570,"date":"2025-09-01T11:51:47","date_gmt":"2025-09-01T11:51:47","guid":{"rendered":"https:\/\/www.msds-europe.com\/?page_id=34570"},"modified":"2026-04-22T12:21:20","modified_gmt":"2026-04-22T12:21:20","slug":"informazioni-sulle-sds-per-utilizzatori-a-valle","status":"publish","type":"page","link":"https:\/\/www.msds-europe.com\/it\/informazioni-sulle-sds-per-utilizzatori-a-valle\/","title":{"rendered":"Informazioni utili per gli utilizzatori a valle sulle schede di dati di sicurezza"},"content":{"rendered":"<p style=\"text-align: right;\"><em><a href=\"https:\/\/www.msds-europe.com\/it\/sds-base-conoscenze\/\">Banca dati sulle schede di dati di sicurezza<\/a> \u2013 Informazioni sulla scheda di dati di sicurezza per gli utilizzatori a valle<\/em><\/p>\n<p>&nbsp;<\/p>\n<h2 style=\"text-align: justify;\">La scheda di dati di sicurezza come strumento di comunicazione<\/h2>\n<p style=\"text-align: justify;\">Le schede di dati di sicurezza sono strumenti di comunicazione importanti nella catena di approvvigionamento. Aiutano tutti i membri della catena di approvvigionamento a rispettare le proprie responsabilit\u00e0 in relazione alla gestione dei rischi derivanti dall\u2019uso di sostanze e miscele.<\/p>\n<p style=\"text-align: justify;\">Gli utilizzatori a valle sono informati, attraverso una scheda di dati di sicurezza, dei rischi derivanti dal proprio uso identificato e delle misure da adottare per controllare tali rischi.<\/p>\n<p>&nbsp;<\/p>\n<h2 style=\"text-align: justify;\">Scenario d\u2019esposizione<\/h2>\n<p style=\"text-align: justify;\">Alcune schede di dati di sicurezza hanno un allegato chiamato scenario d\u2019esposizione. Lo <a href=\"https:\/\/www.msds-europe.com\/checking-implementing-exposure-scenario\/\">scenario d\u2019esposizione<\/a> fornisce informazioni pi\u00f9 precise sull\u2019uso sicuro e sulla riduzione dell\u2019esposizione rispetto a una scheda di dati di sicurezza.<\/p>\n<p style=\"text-align: justify;\">Se lo scenario d\u2019esposizione non copre l\u2019uso previsto, occorre contattare il fornitore e richiedere che tale uso sia incluso. Se il fornitore non \u00e8 in grado di coprire l\u2019uso, gli utilizzatori a valle devono sviluppare la propria <a href=\"https:\/\/www.msds-europe.com\/it\/sicurezza-chimica-strumento-pr\/\">relazione sulla sicurezza chimica<\/a>.<\/p>\n<p>&nbsp;<\/p>\n<h2 style=\"text-align: justify;\">Compiti da svolgere se non si riceve una scheda di dati di sicurezza per la sostanza\/miscela acquistata<\/h2>\n<p style=\"text-align: justify;\">Ci\u00f2 non significa che non si debbano attuare (e comunicare agli altri membri della catena di approvvigionamento) le misure di gestione dei rischi che il fornitore comunica con altri mezzi (ad esempio in una dichiarazione scritta, in una scheda tecnica, in specifiche, ecc.).<\/p>\n<p style=\"text-align: justify;\">Il fatto di non ricevere una scheda di dati di sicurezza significa probabilmente che la sostanza o la miscela non \u00e8 considerata pericolosa.<\/p>\n<p style=\"text-align: justify;\">Tuttavia, \u00e8 opportuno contattare il fornitore e richiedere una scheda di dati di sicurezza (in alcuni casi la legislazione consente ai fornitori di fornire una scheda di dati di sicurezza solo su richiesta).<\/p>\n<p>&nbsp;<\/p>\n<h2 style=\"text-align: justify;\">Compiti da svolgere dopo aver ricevuto una scheda di dati di sicurezza<\/h2>\n<p style=\"text-align: justify;\">Bisogna verificare se la scheda di dati di sicurezza contiene un numero di registrazione REACH.<\/p>\n<p style=\"text-align: justify;\">Se il numero di registrazione \u00e8 riportato nella scheda di dati di sicurezza, si dispone di 12 mesi per adempiere agli obblighi REACH previsti per gli utilizzatori a valle.<\/p>\n<p style=\"text-align: justify;\">Se una sostanza non \u00e8 ancora stata registrata e non \u00e8 stato rilasciato alcun numero di registrazione, occorre seguire le istruzioni fornite nella scheda di dati di sicurezza.<\/p>\n<p style=\"text-align: justify;\">Bisogna controllare le informazioni sui pericoli e sulle misure di gestione dei rischi. \u00c8 inoltre necessario verificare l\u2019attuazione delle misure di gestione dei rischi e se una sostanza, da sola o come componente di una miscela, sia soggetta ad autorizzazione o a qualche tipo di restrizione.<\/p>\n<p style=\"text-align: justify;\">Se il fornitore non supporta determinati usi al fine di proteggere la salute umana o l\u2019ambiente, deve indicarlo nella sezione 16 della scheda di dati di sicurezza o tra le informazioni fornite conformemente all\u2019articolo 32 del REACH. Se la controindicazione non \u00e8 giustificata, l\u2019utilizzatore a valle ha il diritto di richiedere ulteriori informazioni o una giustificazione.<\/p>\n<p>&nbsp;<\/p>\n<h3 style=\"text-align: justify;\">Compito da svolgere in caso di usi sconsigliati<\/h3>\n<ul>\n<li style=\"text-align: justify;\">Occorre interrompere l\u2019uso della sostanza o della miscela.<\/li>\n<li style=\"text-align: justify;\">L\u2019uso sicuro pu\u00f2 essere dimostrato mediante la redazione di una relazione sulla sicurezza chimica dell\u2019utilizzatore a valle. A tal fine, \u00e8 necessario valutare l\u2019uso della sostanza o della miscela in modo pi\u00f9 approfondito rispetto al fornitore e, se del caso, modificare le condizioni d\u2019uso.<\/li>\n<\/ul>\n<p>&nbsp;<\/p>\n<h3 style=\"text-align: justify;\">Compiti degli utilizzatori a valle che producono miscele riguardo alle schede di dati di sicurezza<\/h3>\n<p style=\"text-align: justify;\">Dopo aver effettuato la <a href=\"https:\/\/www.msds-europe.com\/it\/scheda-di-dati-di-sicurezza-compilazione-creazione\/\">classificazione<\/a>, l\u2019utilizzatore a valle sar\u00e0 in grado di stabilire se debba o meno fornire una scheda di dati di sicurezza ai propri clienti in relazione alla miscela in questione.<\/p>\n<p>&nbsp;<\/p>\n<h2 style=\"text-align: justify;\">La scheda di dati di sicurezza deve essere fornita agli utilizzatori professionali nei seguenti casi<\/h2>\n<ul>\n<li style=\"text-align: justify;\">Se una sostanza o una miscela \u00e8 classificata come pericolosa.<\/li>\n<li style=\"text-align: justify;\">Se una sostanza \u00e8 persistente, bioaccumulabile e tossica o molto persistente e molto bioaccumulabile in conformit\u00e0 ai criteri stabiliti nell\u2019allegato XIII.<\/li>\n<li style=\"text-align: justify;\">Se una sostanza \u00e8 inclusa nell\u2019elenco stabilito conformemente al paragrafo (1) dell\u2019articolo 59.<\/li>\n<\/ul>\n<p>&nbsp;<\/p>\n<h3 style=\"text-align: justify;\">Se la miscela non \u00e8 classificata come pericolosa, il cliente pu\u00f2 richiedere la scheda di dati di sicurezza nei seguenti casi<\/h3>\n<ul>\n<li style=\"text-align: justify;\">La miscela contiene una sostanza pericolosa in concentrazione \u2265 1 % in peso per le miscele non gassose.<\/li>\n<li style=\"text-align: justify;\">La miscela contiene una sostanza pericolosa in concentrazione \u2265 0,2 % in volume per le miscele gassose.<\/li>\n<li style=\"text-align: justify;\">La miscela contiene, a concentrazione individuale \u2265 0,1 % in peso per le miscele non gassose, almeno una sostanza classificata cancerogena categoria 2 o tossica per la riproduzione categorie 1A, 1B e 2, sensibilizzante cutaneo categoria 1, sensibilizzante respiratorio categoria 1, con effetti sull\u2019allattamento o tramite esso, o PBT in conformit\u00e0 ai criteri stabiliti nell\u2019allegato XIII, oppure vPvB in conformit\u00e0 ai criteri stabiliti nell\u2019allegato XIII.<\/li>\n<li style=\"text-align: justify;\">La miscela contiene una sostanza inclusa nell\u2019elenco stabilito conformemente al paragrafo (1) dell\u2019articolo 59.<\/li>\n<li style=\"text-align: justify;\">La miscela contiene una sostanza per la quale esistono valori limite di esposizione professionale comunitari.<\/li>\n<\/ul>\n<p>&nbsp;<\/p>\n<p style=\"text-align: justify;\">Nei casi in cui le condizioni di cui sopra non siano soddisfatte \u2013 e quindi non sia necessaria una scheda di dati di sicurezza \u2013 i fornitori devono fornire le seguenti informazioni a tutti i loro utilizzatori a valle e distributori (articolo 32 del REACH):<\/p>\n<ul>\n<li style=\"text-align: justify;\">Se la sostanza \u00e8 soggetta ad autorizzazione, i dettagli dell\u2019autorizzazione concessa oppure, se l\u2019autorizzazione \u00e8 stata rifiutata, le informazioni pertinenti sulla restrizione.<\/li>\n<li style=\"text-align: justify;\">Qualsiasi informazione rilevante sulla sostanza necessaria per consentire l\u2019identificazione e l\u2019applicazione di misure adeguate di gestione dei rischi.<\/li>\n<li style=\"text-align: justify;\">Il\/i numero\/i di registrazione, se disponibili, per qualsiasi sostanza per la quale siano comunicate informazioni conformemente ai punti precedenti.<\/li>\n<\/ul>\n<p>&nbsp;<\/p>\n<p style=\"text-align: justify;\">Non deve essere redatta alcuna scheda di dati di sicurezza per sostanze o miscele pericolose destinate a uso dei consumatori sul mercato quando siano fornite informazioni sufficienti per consentire agli utilizzatori di adottare le misure necessarie a proteggere la salute umana, la sicurezza e l\u2019ambiente, salvo che l\u2019utilizzatore a valle o il distributore ne faccia richiesta specifica.<\/p>\n<p style=\"text-align: justify;\">Potete trovare il nostro articolo sul contenuto e sugli elementi di formato di una scheda di dati di sicurezza <a href=\"https:\/\/www.msds-europe.com\/it\/elementi-di-forma-e-contenuto-di-una-scheda-di-dati-di-sicurezza\/\">qui<\/a>.<\/p>\n<p>&nbsp;<\/p>\n<h3 style=\"text-align: justify;\"><span style=\"color: #333333;\">Servizi offerti<\/span><\/h3>\n<ul>\n<li style=\"text-align: justify;\"><a href=\"https:\/\/www.msds-europe.com\/it\/traduzione-scheda-dati-di-sicurezza\/\">Traduzione di schede di dati di sicurezza<\/a><\/li>\n<li style=\"text-align: justify;\"><a href=\"https:\/\/www.msds-europe.com\/it\/sds-revisione-aggiornamento\/\">Revisione e aggiornamento delle schede di dati di sicurezza<\/a><\/li>\n<li style=\"text-align: justify;\"><a href=\"https:\/\/www.msds-europe.com\/it\/scheda-di-dati-di-sicurezza-compilazione-creazione\/\">Redazione e creazione di una scheda di dati di sicurezza<\/a><\/li>\n<\/ul>\n<p>&nbsp;<\/p>\n<h3><span style=\"color: #333333;\">Domande rapide e risposte<\/span><\/h3>\n<p style=\"text-align: justify;\"><div class=\"su-spoiler su-spoiler-style-fancy su-spoiler-icon-chevron su-spoiler-closed\" data-scroll-offset=\"0\" data-anchor-in-url=\"no\"><div class=\"su-spoiler-title\" tabindex=\"0\" role=\"button\"><span class=\"su-spoiler-icon\"><\/span>Perch\u00e9 la scheda di dati di sicurezza \u00e8 uno strumento di comunicazione importante nella catena di approvvigionamento?<\/div><div class=\"su-spoiler-content su-u-clearfix su-u-trim\">\nPerch\u00e9 comunica in modo uniforme i rischi e le necessarie misure di gestione dei rischi a tutti gli attori, aiutandoli a rispettare i loro obblighi legali.<br \/>\n<\/div><\/div>\n<p style=\"text-align: justify;\"><div class=\"su-spoiler su-spoiler-style-fancy su-spoiler-icon-chevron su-spoiler-closed\" data-scroll-offset=\"0\" data-anchor-in-url=\"no\"><div class=\"su-spoiler-title\" tabindex=\"0\" role=\"button\"><span class=\"su-spoiler-icon\"><\/span>Cosa fare se lo scenario d\u2019esposizione non copre l\u2019uso previsto?<\/div><div class=\"su-spoiler-content su-u-clearfix su-u-trim\">\nContattare il fornitore per un ampliamento; altrimenti l\u2019utilizzatore a valle deve preparare la propria relazione sulla sicurezza chimica.<br \/>\n<\/div><\/div>\n<p style=\"text-align: justify;\"><div class=\"su-spoiler su-spoiler-style-fancy su-spoiler-icon-chevron su-spoiler-closed\" data-scroll-offset=\"0\" data-anchor-in-url=\"no\"><div class=\"su-spoiler-title\" tabindex=\"0\" role=\"button\"><span class=\"su-spoiler-icon\"><\/span>Cosa bisogna verificare al ricevimento della scheda di dati di sicurezza e quale termine si applica per adempiere agli obblighi?<\/div><div class=\"su-spoiler-content su-u-clearfix su-u-trim\">\nVerificare il numero di registrazione, le informazioni sui pericoli\/misure di gestione dei rischi e eventuali obblighi di autorizzazione o restrizione; se viene fornito un numero di registrazione, gli utilizzatori a valle hanno 12 mesi per soddisfare gli obblighi REACH.<br \/>\n<\/div><\/div>\n<p style=\"text-align: justify;\"><div class=\"su-spoiler su-spoiler-style-fancy su-spoiler-icon-chevron su-spoiler-closed\" data-scroll-offset=\"0\" data-anchor-in-url=\"no\"><div class=\"su-spoiler-title\" tabindex=\"0\" role=\"button\"><span class=\"su-spoiler-icon\"><\/span>Quando \u00e8 obbligatorio fornire una scheda di dati di sicurezza e pu\u00f2 essere richiesta anche se la miscela non \u00e8 pericolosa?<\/div><div class=\"su-spoiler-content su-u-clearfix su-u-trim\">\n\u00c8 obbligatoria per sostanze\/miscele pericolose, PBT\/vPvB o incluse nell\u2019elenco delle sostanze candidate; per miscele non pericolose pu\u00f2 comunque essere richiesta se contengono determinate quantit\u00e0 di sostanze pericolose, PBT\/vPvB, candidate o soggette a valori limite di esposizione professionale.<br \/>\n<\/div><\/div>\n<p>&nbsp;<\/p>\n","protected":false},"excerpt":{"rendered":"<p>Banca dati sulle schede di dati di sicurezza \u2013 Informazioni sulla scheda di dati di sicurezza per gli utilizzatori a valle &nbsp; La scheda di dati di sicurezza come strumento di comunicazione Le schede di dati di sicurezza sono strumenti di comunicazione importanti nella catena di approvvigionamento. Aiutano tutti i&#8230;<\/p>\n","protected":false},"author":2,"featured_media":0,"parent":0,"menu_order":0,"comment_status":"closed","ping_status":"closed","template":"","meta":{"_acf_changed":false,"footnotes":""},"tags":[241,242],"class_list":["post-34570","page","type-page","status-publish","hentry","tag-scheda-di-dati-di-sicurezza-it","tag-scheda-di-dati-di-sicurezza-base-delle-conoscenze-it"],"acf":[],"yoast_head":"<!-- This site is optimized with the Yoast SEO plugin v27.2 - https:\/\/yoast.com\/product\/yoast-seo-wordpress\/ -->\n<title>Informazioni utili per gli utilizzatori a valle sulle SDS<\/title>\n<meta name=\"description\" content=\"Compiti degli utilizzatori a valle in relazione alla scheda di dati di sicurezza ricevuta. Cosa fare se non si riceve una SDS.\" \/>\n<meta name=\"robots\" content=\"index, follow, max-snippet:-1, max-image-preview:large, max-video-preview:-1\" \/>\n<link rel=\"canonical\" href=\"https:\/\/www.msds-europe.com\/it\/informazioni-sulle-sds-per-utilizzatori-a-valle\/\" \/>\n<meta property=\"og:locale\" content=\"it_IT\" \/>\n<meta property=\"og:type\" content=\"article\" \/>\n<meta property=\"og:title\" content=\"Informazioni utili per gli utilizzatori a valle sulle SDS\" \/>\n<meta property=\"og:description\" content=\"Compiti degli utilizzatori a valle in relazione alla scheda di dati di sicurezza ricevuta. Cosa fare se non si riceve una SDS.\" \/>\n<meta property=\"og:url\" content=\"https:\/\/www.msds-europe.com\/it\/informazioni-sulle-sds-per-utilizzatori-a-valle\/\" \/>\n<meta property=\"og:site_name\" content=\"MSDS Europe\" \/>\n<meta property=\"article:publisher\" content=\"https:\/\/www.facebook.com\/toxinfokft\/\" \/>\n<meta property=\"article:modified_time\" content=\"2026-04-22T12:21:20+00:00\" \/>\n<meta name=\"twitter:card\" content=\"summary_large_image\" \/>\n<meta name=\"twitter:site\" content=\"@ToxInfoKft\" \/>\n<meta name=\"twitter:label1\" content=\"Tempo di lettura stimato\" \/>\n\t<meta name=\"twitter:data1\" content=\"6 minuti\" \/>\n<script type=\"application\/ld+json\" class=\"yoast-schema-graph\">{\"@context\":\"https:\/\/schema.org\",\"@graph\":[{\"@type\":\"WebPage\",\"@id\":\"https:\/\/www.msds-europe.com\/it\/informazioni-sulle-sds-per-utilizzatori-a-valle\/\",\"url\":\"https:\/\/www.msds-europe.com\/it\/informazioni-sulle-sds-per-utilizzatori-a-valle\/\",\"name\":\"Informazioni utili per gli utilizzatori a valle sulle SDS\",\"isPartOf\":{\"@id\":\"https:\/\/www.msds-europe.com\/es\/#website\"},\"datePublished\":\"2025-09-01T11:51:47+00:00\",\"dateModified\":\"2026-04-22T12:21:20+00:00\",\"description\":\"Compiti degli utilizzatori a valle in relazione alla scheda di dati di sicurezza ricevuta. Cosa fare se non si riceve una SDS.\",\"breadcrumb\":{\"@id\":\"https:\/\/www.msds-europe.com\/it\/informazioni-sulle-sds-per-utilizzatori-a-valle\/#breadcrumb\"},\"inLanguage\":\"it-IT\",\"potentialAction\":[{\"@type\":\"ReadAction\",\"target\":[\"https:\/\/www.msds-europe.com\/it\/informazioni-sulle-sds-per-utilizzatori-a-valle\/\"]}]},{\"@type\":\"BreadcrumbList\",\"@id\":\"https:\/\/www.msds-europe.com\/it\/informazioni-sulle-sds-per-utilizzatori-a-valle\/#breadcrumb\",\"itemListElement\":[{\"@type\":\"ListItem\",\"position\":1,\"name\":\"F\u0151oldal\",\"item\":\"https:\/\/www.msds-europe.com\/it\/\"},{\"@type\":\"ListItem\",\"position\":2,\"name\":\"Informazioni utili per gli utilizzatori a valle sulle schede di dati di sicurezza\"}]},{\"@type\":\"WebSite\",\"@id\":\"https:\/\/www.msds-europe.com\/es\/#website\",\"url\":\"https:\/\/www.msds-europe.com\/es\/\",\"name\":\"MSDS Europe\",\"description\":\"\",\"publisher\":{\"@id\":\"https:\/\/www.msds-europe.com\/es\/#organization\"},\"potentialAction\":[{\"@type\":\"SearchAction\",\"target\":{\"@type\":\"EntryPoint\",\"urlTemplate\":\"https:\/\/www.msds-europe.com\/es\/?s={search_term_string}\"},\"query-input\":{\"@type\":\"PropertyValueSpecification\",\"valueRequired\":true,\"valueName\":\"search_term_string\"}}],\"inLanguage\":\"it-IT\"},{\"@type\":\"Organization\",\"@id\":\"https:\/\/www.msds-europe.com\/es\/#organization\",\"name\":\"MSDS-Europe International branch of ToxInfo\",\"url\":\"https:\/\/www.msds-europe.com\/es\/\",\"logo\":{\"@type\":\"ImageObject\",\"inLanguage\":\"it-IT\",\"@id\":\"https:\/\/www.msds-europe.com\/es\/#\/schema\/logo\/image\/\",\"url\":\"https:\/\/www.msds-europe.com\/wp-content\/uploads\/2021\/04\/msds-europe-logo.jpg\",\"contentUrl\":\"https:\/\/www.msds-europe.com\/wp-content\/uploads\/2021\/04\/msds-europe-logo.jpg\",\"width\":2296,\"height\":1067,\"caption\":\"MSDS-Europe International branch of ToxInfo\"},\"image\":{\"@id\":\"https:\/\/www.msds-europe.com\/es\/#\/schema\/logo\/image\/\"},\"sameAs\":[\"https:\/\/www.facebook.com\/toxinfokft\/\",\"https:\/\/x.com\/ToxInfoKft\"]}]}<\/script>\n<!-- \/ Yoast SEO plugin. -->","yoast_head_json":{"title":"Informazioni utili per gli utilizzatori a valle sulle SDS","description":"Compiti degli utilizzatori a valle in relazione alla scheda di dati di sicurezza ricevuta. Cosa fare se non si riceve una SDS.","robots":{"index":"index","follow":"follow","max-snippet":"max-snippet:-1","max-image-preview":"max-image-preview:large","max-video-preview":"max-video-preview:-1"},"canonical":"https:\/\/www.msds-europe.com\/it\/informazioni-sulle-sds-per-utilizzatori-a-valle\/","og_locale":"it_IT","og_type":"article","og_title":"Informazioni utili per gli utilizzatori a valle sulle SDS","og_description":"Compiti degli utilizzatori a valle in relazione alla scheda di dati di sicurezza ricevuta. Cosa fare se non si riceve una SDS.","og_url":"https:\/\/www.msds-europe.com\/it\/informazioni-sulle-sds-per-utilizzatori-a-valle\/","og_site_name":"MSDS Europe","article_publisher":"https:\/\/www.facebook.com\/toxinfokft\/","article_modified_time":"2026-04-22T12:21:20+00:00","twitter_card":"summary_large_image","twitter_site":"@ToxInfoKft","twitter_misc":{"Tempo di lettura stimato":"6 minuti"},"schema":{"@context":"https:\/\/schema.org","@graph":[{"@type":"WebPage","@id":"https:\/\/www.msds-europe.com\/it\/informazioni-sulle-sds-per-utilizzatori-a-valle\/","url":"https:\/\/www.msds-europe.com\/it\/informazioni-sulle-sds-per-utilizzatori-a-valle\/","name":"Informazioni utili per gli utilizzatori a valle sulle SDS","isPartOf":{"@id":"https:\/\/www.msds-europe.com\/es\/#website"},"datePublished":"2025-09-01T11:51:47+00:00","dateModified":"2026-04-22T12:21:20+00:00","description":"Compiti degli utilizzatori a valle in relazione alla scheda di dati di sicurezza ricevuta. Cosa fare se non si riceve una SDS.","breadcrumb":{"@id":"https:\/\/www.msds-europe.com\/it\/informazioni-sulle-sds-per-utilizzatori-a-valle\/#breadcrumb"},"inLanguage":"it-IT","potentialAction":[{"@type":"ReadAction","target":["https:\/\/www.msds-europe.com\/it\/informazioni-sulle-sds-per-utilizzatori-a-valle\/"]}]},{"@type":"BreadcrumbList","@id":"https:\/\/www.msds-europe.com\/it\/informazioni-sulle-sds-per-utilizzatori-a-valle\/#breadcrumb","itemListElement":[{"@type":"ListItem","position":1,"name":"F\u0151oldal","item":"https:\/\/www.msds-europe.com\/it\/"},{"@type":"ListItem","position":2,"name":"Informazioni utili per gli utilizzatori a valle sulle schede di dati di sicurezza"}]},{"@type":"WebSite","@id":"https:\/\/www.msds-europe.com\/es\/#website","url":"https:\/\/www.msds-europe.com\/es\/","name":"MSDS Europe","description":"","publisher":{"@id":"https:\/\/www.msds-europe.com\/es\/#organization"},"potentialAction":[{"@type":"SearchAction","target":{"@type":"EntryPoint","urlTemplate":"https:\/\/www.msds-europe.com\/es\/?s={search_term_string}"},"query-input":{"@type":"PropertyValueSpecification","valueRequired":true,"valueName":"search_term_string"}}],"inLanguage":"it-IT"},{"@type":"Organization","@id":"https:\/\/www.msds-europe.com\/es\/#organization","name":"MSDS-Europe International branch of ToxInfo","url":"https:\/\/www.msds-europe.com\/es\/","logo":{"@type":"ImageObject","inLanguage":"it-IT","@id":"https:\/\/www.msds-europe.com\/es\/#\/schema\/logo\/image\/","url":"https:\/\/www.msds-europe.com\/wp-content\/uploads\/2021\/04\/msds-europe-logo.jpg","contentUrl":"https:\/\/www.msds-europe.com\/wp-content\/uploads\/2021\/04\/msds-europe-logo.jpg","width":2296,"height":1067,"caption":"MSDS-Europe International branch of ToxInfo"},"image":{"@id":"https:\/\/www.msds-europe.com\/es\/#\/schema\/logo\/image\/"},"sameAs":["https:\/\/www.facebook.com\/toxinfokft\/","https:\/\/x.com\/ToxInfoKft"]}]}},"_links":{"self":[{"href":"https:\/\/www.msds-europe.com\/it\/wp-json\/wp\/v2\/pages\/34570","targetHints":{"allow":["GET"]}}],"collection":[{"href":"https:\/\/www.msds-europe.com\/it\/wp-json\/wp\/v2\/pages"}],"about":[{"href":"https:\/\/www.msds-europe.com\/it\/wp-json\/wp\/v2\/types\/page"}],"author":[{"embeddable":true,"href":"https:\/\/www.msds-europe.com\/it\/wp-json\/wp\/v2\/users\/2"}],"replies":[{"embeddable":true,"href":"https:\/\/www.msds-europe.com\/it\/wp-json\/wp\/v2\/comments?post=34570"}],"version-history":[{"count":7,"href":"https:\/\/www.msds-europe.com\/it\/wp-json\/wp\/v2\/pages\/34570\/revisions"}],"predecessor-version":[{"id":39003,"href":"https:\/\/www.msds-europe.com\/it\/wp-json\/wp\/v2\/pages\/34570\/revisions\/39003"}],"wp:attachment":[{"href":"https:\/\/www.msds-europe.com\/it\/wp-json\/wp\/v2\/media?parent=34570"}],"wp:term":[{"taxonomy":"post_tag","embeddable":true,"href":"https:\/\/www.msds-europe.com\/it\/wp-json\/wp\/v2\/tags?post=34570"}],"curies":[{"name":"wp","href":"https:\/\/api.w.org\/{rel}","templated":true}]}}