{"id":34508,"date":"2025-08-29T12:48:39","date_gmt":"2025-08-29T12:48:39","guid":{"rendered":"https:\/\/www.msds-europe.com\/?page_id=34508"},"modified":"2026-02-23T14:06:33","modified_gmt":"2026-02-23T14:06:33","slug":"le-9-cose-piu-importanti-sulla-distribuzione-di-prodotti-chimici","status":"publish","type":"page","link":"https:\/\/www.msds-europe.com\/it\/le-9-cose-piu-importanti-sulla-distribuzione-di-prodotti-chimici\/","title":{"rendered":"Le 9 cose pi\u00f9 importanti sulla distribuzione di prodotti chimici"},"content":{"rendered":"<p style=\"text-align: right;\"><em><a href=\"https:\/\/www.msds-europe.com\/it\/sicurezza-chimica-articoli-analisi\/\">Bussola per la sicurezza chimica<\/a> \u2013 Le 9 cose pi\u00f9 importanti da sapere sulla distribuzione di prodotti chimici<\/em><\/p>\n<p>&nbsp;<\/p>\n<p style=\"text-align: justify;\"><strong>Con l\u2019aumento della domanda di prodotti chimici, sono comparsi nuovi operatori di mercato (distributori) privi di esperienza e di conoscenze delle normative di sicurezza chimica che regolano, tra le altre cose, la commercializzazione di tali prodotti.<\/strong><\/p>\n<p style=\"text-align: justify;\"><strong>In questo articolo vi guideremo attraverso le questioni pi\u00f9 importanti da affrontare per iniziare a distribuire prodotti chimici con la necessaria consapevolezza.<\/strong><\/p>\n<p>&nbsp;<\/p>\n<h4 style=\"text-align: justify;\">1. Le responsabilit\u00e0 in materia di sicurezza chimica sono le stesse per tutti i distributori?<\/h4>\n<p style=\"text-align: justify;\">Assolutamente no.<\/p>\n<p style=\"text-align: justify;\">Il primo passo consiste nel definire lo \u201cstatus\u201d dell\u2019azienda, che deve essere determinato individualmente per ciascun prodotto. Ne consegue, logicamente, che un\u2019azienda pu\u00f2 avere pi\u00f9 ruoli contemporaneamente.<\/p>\n<p style=\"text-align: justify;\">I ruoli e le responsabilit\u00e0 dipendono principalmente dalla provenienza del prodotto chimico. In concreto, dipendono soprattutto da quale parte coinvolta nella transazione \u00e8 il reale \u201cfornitore\u201d del prodotto e, quindi, da chi sar\u00e0 il venditore o l\u2019acquirente nel Paese in cui il prodotto viene immesso sul mercato.<\/p>\n<p style=\"text-align: justify;\">Questo \u00e8 il primo e pi\u00f9 importante punto su cui anche molti \u201cesperti\u201d di sicurezza chimica cadono in errore (di solito basandosi su una definizione unilaterale, solo REACH o CLP) e definiscono in modo errato le responsabilit\u00e0 dell\u2019azienda in questione.<\/p>\n<p style=\"text-align: justify;\">Non cadremo in questa trappola e useremo un esempio semplice per chiarire:<\/p>\n<p style=\"text-align: justify;\">Se acquistate un prodotto da un\u2019azienda tedesca e successivamente volete venderlo in un altro Stato membro (ad esempio in Ungheria), \u00e8 l\u2019azienda tedesca a immettere il prodotto sul mercato ungherese o \u00e8 la vostra azienda?<\/p>\n<p style=\"text-align: justify;\">La risposta corretta \u00e8: pu\u00f2 essere l\u2019una o l\u2019altra, a seconda di chi organizza (e paga) la consegna.<\/p>\n<p style=\"text-align: justify;\">In altre parole: se l\u2019azienda tedesca trasporta il prodotto in Ungheria, allora l\u2019azienda ungherese \u00e8 \u201crivenditore\u201d delle merci acquistate, poich\u00e9 l\u2019azienda tedesca ha gi\u00e0 immesso il prodotto sul mercato ungherese.<\/p>\n<p style=\"text-align: justify;\">Se invece \u00e8 l\u2019azienda ungherese a organizzare il trasporto in Ungheria, significa praticamente che \u201cva a ritirarlo in Germania\u201d, il che vuol dire che il partner tedesco ha venduto il prodotto in Germania e l\u2019azienda ungherese \u00e8 il \u201cdistributore responsabile dell\u2019immissione sul mercato in Ungheria\u201d.<\/p>\n<p style=\"text-align: justify;\">Non trattiamo qui l\u2019approvvigionamento da Paesi extra-SEE, poich\u00e9 in questo caso si parla di importazione, con una classificazione del tutto diversa (l\u2019azienda non pu\u00f2 essere considerata distributore, bens\u00ec \u201cimportatore\u201d, come previsto dalla normativa applicabile). Questo articolo non \u00e8 rivolto agli importatori, anche se gli obblighi descritti si applicano anche a loro (con responsabilit\u00e0 pi\u00f9 ampie).<\/p>\n<p style=\"text-align: justify;\">Va inoltre sottolineato che, per alcuni tipi specifici di prodotti (ad esempio i biocidi), i distributori possono avere ulteriori obblighi. In questo articolo non li approfondiremo.<\/p>\n<p style=\"text-align: justify;\"><strong>Non continuate a leggere questo articolo se:<\/strong><\/p>\n<ul>\n<li style=\"text-align: justify;\">trasferite il prodotto da un grande imballaggio a uno pi\u00f9 piccolo prima della distribuzione<\/li>\n<li style=\"text-align: justify;\">svolgete con il prodotto attivit\u00e0 diverse dalla manipolazione, dallo stoccaggio e dalla vendita<\/li>\n<li style=\"text-align: justify;\">riconfezionate, rietichettate o rimarchiate il prodotto<\/li>\n<\/ul>\n<p style=\"text-align: justify;\">perch\u00e9 in questi casi lo status della vostra azienda diventa \u201cutilizzatore a valle\u201d e le responsabilit\u00e0 in materia di sicurezza chimica cambiano radicalmente.<\/p>\n<p>&nbsp;<\/p>\n<h4 style=\"text-align: justify;\">2. Quali documenti e autorizzazioni servono per distribuire in uno Stato membro?<\/h4>\n<p style=\"text-align: justify;\">Avrete bisogno della <a href=\"https:\/\/www.msds-europe.com\/it\/scheda-di-dati-di-sicurezza-compilazione-creazione\/\">scheda di dati di sicurezza (SDS)<\/a> e del <a href=\"https:\/\/www.msds-europe.com\/it\/creazione-bozza-etichetta\/\">progetto di etichetta<\/a> del prodotto nella lingua dello Stato membro. Se il prodotto \u00e8 classificato come pericoloso, \u00e8 richiesta anche una <a href=\"https:\/\/www.msds-europe.com\/it\/servizio-ufi\/\">notifica PCN<\/a> (da non confondere con autorizzazioni o registrazioni REACH) per avviare l\u2019immissione sul mercato. Solo alcuni prodotti specifici, come i biocidi o i fitosanitari, richiedono autorizzazioni.<\/p>\n<p>&nbsp;<\/p>\n<h4 style=\"text-align: justify;\">3. Il fornitore \u00e8 obbligato a fornirmi la SDS nella lingua ufficiale del Paese in cui vendo il prodotto, o devo tradurla?<\/h4>\n<p style=\"text-align: justify;\">Se la vostra azienda \u00e8 la prima a immettere il prodotto sul mercato in un Paese, siete responsabili della scheda di dati di sicurezza nella lingua ufficiale di quel Paese.<\/p>\n<p style=\"text-align: justify;\">Ed \u00e8 qui che la parola chiave \u00e8 responsabilit\u00e0\u2026<\/p>\n<p style=\"text-align: justify;\">Poniamo il caso che vogliate immettere un prodotto sul mercato ungherese. \u00c8 possibile che il vostro partner straniero vi fornisca una SDS in ungherese (anche se non obbligato), ma dovrebbe sempre essere considerata con cautela (queste <a href=\"https:\/\/www.msds-europe.com\/it\/software-di-creazione-delle-sds\/\">SDS sono spesso generate da software<\/a>).<\/p>\n<p style=\"text-align: justify;\">Consigliamo in questi casi di richiedere la SDS \u201coriginale\u201d nella lingua straniera, perch\u00e9 se l\u2019autorit\u00e0 o il partner scopre errori o incongruenze, sar\u00e0 questo documento a fare fede per correggere il contenuto. In ogni caso, \u00e8 sempre meglio far revisionare professionalmente queste SDS prima di utilizzarle per registrazioni o trasmetterle ai partner.<\/p>\n<p style=\"text-align: justify;\">Se ricevete solo una <a href=\"https:\/\/www.msds-europe.com\/it\/traduzione-scheda-dati-di-sicurezza\/\">SDS in lingua straniera<\/a>, dovete farla tradurre. Non ci sono restrizioni: potete tradurla voi stessi, tramite un\u2019agenzia di traduzioni o una societ\u00e0 specializzata. Tenete presente che una \u201ctraduzione\u201d di SDS comporta anche la verifica delle classificazioni, dei riferimenti normativi, del contenuto, della forma e di altri aspetti tecnici. La responsabilit\u00e0 resta vostra: valutate le opzioni e scegliete la soluzione migliore.<\/p>\n<p style=\"text-align: justify;\">I rivenditori non hanno pi\u00f9 questa responsabilit\u00e0. \u00c8 compito del fornitore fornire una SDS nella lingua ufficiale dello Stato membro e conforme alla legislazione vigente. Anche qui, per\u00f2, \u00e8 importante verificare quali documenti accettate e trasmettete ai vostri partner, perch\u00e9 ci\u00f2 influisce sull\u2019immagine della vostra azienda e pu\u00f2 compromettere la distribuzione. Il prezzo non dovrebbe quindi essere l\u2019unico criterio nella scelta del fornitore.<\/p>\n<p>&nbsp;<\/p>\n<h4 style=\"text-align: justify;\">4. Cosa fare se non ricevo una SDS dal mio fornitore?<\/h4>\n<p style=\"text-align: justify;\">Il fatto che il nostro partner non fornisca una SDS con il prodotto non significa necessariamente che stia agendo illegalmente. Molti prodotti chimici non richiedono una SDS. Le esenzioni dipendono principalmente dall\u2019uso e dalla classificazione del prodotto.<\/p>\n<p style=\"text-align: justify;\">Tuttavia, nella pratica, la mancanza di una SDS pu\u00f2 essere problematica. In tali casi dobbiamo spesso giustificarci con partner o autorit\u00e0. Ciononostante, esiste un obbligo minimo di fornire informazioni \u2013 e il modo pi\u00f9 semplice e accettato \u00e8 fornire o far redigere una SDS.<\/p>\n<p style=\"text-align: justify;\">Raccomandiamo di richiedere una SDS anche per i prodotti non soggetti a obbligo e, se in lingua straniera, di tradurla\/adattarla. Se il fornitore non la fornisce, fatevela preparare da un esperto o riassumete i dati disponibili in un documento con struttura simile alla <a href=\"https:\/\/www.msds-europe.com\/it\/elementi-di-forma-e-contenuto-di-una-scheda-di-dati-di-sicurezza\/\">SDS<\/a>, ma senza chiamarlo \u201cSDS\u201d, in modo da non essere soggetto ai requisiti formali, pur trasmettendo le informazioni essenziali.<\/p>\n<p>&nbsp;<\/p>\n<h4 style=\"text-align: justify;\">5. Quando e in che forma devo fornire la SDS ai clienti?<\/h4>\n<p style=\"text-align: justify;\">La scheda di dati di sicurezza deve essere fornita al cliente alla prima consegna del prodotto. Per forniture continue, una nuova consegna \u00e8 necessaria solo se \u00e8 disponibile una versione aggiornata della SDS.<\/p>\n<p style=\"text-align: justify;\">La consegna della SDS deve sempre essere dimostrabile e documentata. In caso di controllo, dovrete provare che il cliente l\u2019ha ricevuta.<\/p>\n<p style=\"text-align: justify;\">Le normative richiedono una consegna \u201cattiva\u201d e non una semplice disponibilit\u00e0 \u201cpassiva\u201d. Per questo una <a href=\"https:\/\/www.msds-europe.com\/it\/domande-frequenti-e-risposte-sulla-sicurezza-chimica\/\">SDS caricata sul sito web<\/a> non \u00e8 una consegna valida.<\/p>\n<p style=\"text-align: justify;\">Buona pratica \u00e8 inviare la SDS via e-mail, fornirla insieme ai documenti di spedizione (es. bolla di consegna) o con la fattura. La disponibilit\u00e0 su un sito web \u00e8 accettata solo se \u00e8 richiesta una registrazione o se vi \u00e8 una tracciabilit\u00e0 digitale utilizzabile come prova.<\/p>\n<p style=\"text-align: justify;\">La consegna pu\u00f2 avvenire quindi per via elettronica, su supporto fisico o in formato cartaceo (ma sempre gratuitamente).<\/p>\n<p>&nbsp;<\/p>\n<h4 style=\"text-align: justify;\">6. Il distributore ha un ruolo nell\u2019etichettatura?<\/h4>\n<p style=\"text-align: justify;\">Se siete rivenditori, il vostro partner deve aver gi\u00e0 etichettato i prodotti nella lingua locale, in conformit\u00e0 alle normative vigenti (se non lo ha fatto, non accettateli). In pratica, l\u2019imballaggio pu\u00f2 essere danneggiato insieme all\u2019etichetta; in tal caso, dovrete rietichettare (o restituire il prodotto al partner). Non potete distribuire prodotti mal etichettati o senza etichetta.<\/p>\n<p style=\"text-align: justify;\">Tenete presente che la normativa sulla sicurezza chimica \u00e8 in continua evoluzione. Controllate sempre la coerenza tra SDS ed etichetta alla ricezione. \u00c8 frequente avere una nuova versione della SDS senza che l\u2019etichetta sia stata aggiornata (o viceversa).<\/p>\n<p style=\"text-align: justify;\">In quanto distributori responsabili dell\u2019immissione sul mercato, \u00e8 vostra responsabilit\u00e0 garantire che l\u2019etichetta nella lingua ufficiale corrisponda alla SDS. Se il prodotto \u00e8 fornito con un\u2019etichetta multilingue, verificate la traduzione e la conformit\u00e0 con la SDS.<\/p>\n<p style=\"text-align: justify;\">Abbiamo le stesse riserve sulle etichette redatte all\u2019estero come per le <a href=\"https:\/\/www.msds-europe.com\/it\/software-di-creazione-delle-sds\/\">SDS generate da software<\/a>.<\/p>\n<p>&nbsp;<\/p>\n<h4 style=\"text-align: justify;\">7. Ho rispettato tutti i miei obblighi \u2013 \u00e8 tutto a posto ora?<\/h4>\n<p style=\"text-align: justify;\">S\u00ec, la distribuzione pu\u00f2 iniziare \u2013 ma i vostri compiti in materia di sicurezza chimica non sono ancora terminati.<\/p>\n<p style=\"text-align: justify;\">Le SDS, i progetti di etichetta e le notifiche devono essere revisionati o aggiornati periodicamente.<\/p>\n<p style=\"text-align: justify;\">Le ragioni possono essere modifiche legislative, variazioni di composizione o nuove informazioni sul prodotto che richiedono aggiornamenti.<\/p>\n<p style=\"text-align: justify;\">Ogni modifica sostanziale della SDS deve essere notificata tramite il portale PCN, se siete soggetti all\u2019obbligo di notifica.<\/p>\n<p style=\"text-align: justify;\">Per seguire efficacemente le modifiche, scegliete un fornitore che vi informi attivamente sugli aggiornamenti. Il semplice caricamento di una SDS sul suo sito web non costituisce un\u2019informazione valida.<\/p>\n<p style=\"text-align: justify;\">\u00c8 essenziale che la vostra azienda elabori una strategia per garantire la conformit\u00e0 a lungo termine con la normativa di sicurezza chimica.<\/p>\n<p>&nbsp;<\/p>\n<h4 style=\"text-align: justify;\">8. Il regolamento REACH non si applica ai distributori, giusto?<\/h4>\n<p style=\"text-align: justify;\">Il regolamento <a href=\"https:\/\/www.msds-europe.com\/it\/base-delle-conoscenze-reach\/\">REACH<\/a> riguarda tutti gli attori della catena di approvvigionamento, compresi i distributori.<\/p>\n<p style=\"text-align: justify;\">I distributori svolgono un ruolo fondamentale nel flusso di informazioni tra clienti (utilizzatori finali), produttori e importatori (principali detentori dei dati).<\/p>\n<p style=\"text-align: justify;\">In pratica, il flusso di informazioni previsto dal REACH \u00e8 una funzione attiva di mediazione. La trasmissione della SDS ai clienti ne fa parte, ma il distributore pu\u00f2 avere ulteriori obblighi di comunicazione.<\/p>\n<p>&nbsp;<\/p>\n<h4 style=\"text-align: justify;\">9. A cosa devo prepararmi in caso di ispezione?<\/h4>\n<p style=\"text-align: justify;\">Innanzitutto, collaborate con le autorit\u00e0 di controllo: \u00e8 nell\u2019interesse di entrambe le parti (anche nel vostro).<\/p>\n<p style=\"text-align: justify;\">I punti principali dell\u2019ispezione dipenderanno dallo \u201cstatus\u201d menzionato in precedenza. Al termine, verr\u00e0 redatto un verbale con i risultati.<\/p>\n<p style=\"text-align: right;\"><a href=\"https:\/\/www.msds-europe.com\/it\/domande-frequenti-e-risposte-sulla-sicurezza-chimica\/\"><em>FAQ \u2013 Domande e risposte frequenti sulla sicurezza chimica<\/em><\/a><\/p>\n<p>&nbsp;<\/p>\n<h3><span style=\"color: #333333;\">Servizi offerti<\/span><\/h3>\n<ul>\n<li><a href=\"https:\/\/www.msds-europe.com\/it\/traduzione-scheda-dati-di-sicurezza\/\">Traduzione di schede di dati di sicurezza<\/a><\/li>\n<li><a href=\"https:\/\/www.msds-europe.com\/it\/servizi-relativi-ai-prodotti-cosmetici\/\">Servizi relativi all\u2019immissione sul mercato di prodotti cosmetici<\/a><\/li>\n<li><a href=\"https:\/\/www.msds-europe.com\/it\/scheda-di-dati-di-sicurezza-compilazione-creazione\/\">Redazione ed elaborazione di schede di dati di sicurezza<\/a><\/li>\n<\/ul>\n<p>&nbsp;<\/p>\n<h3><span style=\"color: #333333;\">Articoli consigliati<\/span><\/h3>\n<ul>\n<li><a href=\"https:\/\/www.msds-europe.com\/it\/obblighi-distributorii-prodotti-cosmetici\/\">Obblighi dei distributori di prodotti cosmetici<\/a><\/li>\n<li><a href=\"https:\/\/www.msds-europe.com\/it\/trasmissione-pcn\/\">Informazioni sull\u2019UFI (Identificatore unico di formula)<\/a><\/li>\n<\/ul>\n","protected":false},"excerpt":{"rendered":"<p>Bussola per la sicurezza chimica \u2013 Le 9 cose pi\u00f9 importanti da sapere sulla distribuzione di prodotti chimici &nbsp; Con l\u2019aumento della domanda di prodotti chimici, sono comparsi nuovi operatori di mercato (distributori) privi di esperienza e di conoscenze delle normative di sicurezza chimica che regolano, tra le altre cose,&#8230;<\/p>\n","protected":false},"author":2,"featured_media":0,"parent":0,"menu_order":0,"comment_status":"closed","ping_status":"closed","template":"","meta":{"_acf_changed":false,"footnotes":""},"tags":[],"class_list":["post-34508","page","type-page","status-publish","hentry"],"acf":[],"yoast_head":"<!-- This site is optimized with the Yoast SEO plugin v27.2 - https:\/\/yoast.com\/product\/yoast-seo-wordpress\/ -->\n<title>Le 9 cose pi\u00f9 importanti sulla distribuzione di prodotti chimici<\/title>\n<meta name=\"description\" content=\"Descrizione dettagliata delle principali normative e procedure relative alla distribuzione di prodotti chimici.\" \/>\n<meta name=\"robots\" content=\"index, follow, max-snippet:-1, max-image-preview:large, max-video-preview:-1\" \/>\n<link rel=\"canonical\" href=\"https:\/\/www.msds-europe.com\/it\/le-9-cose-piu-importanti-sulla-distribuzione-di-prodotti-chimici\/\" \/>\n<meta property=\"og:locale\" content=\"it_IT\" \/>\n<meta property=\"og:type\" content=\"article\" \/>\n<meta property=\"og:title\" content=\"Le 9 cose pi\u00f9 importanti sulla distribuzione di prodotti chimici\" \/>\n<meta property=\"og:description\" content=\"Descrizione dettagliata delle principali normative e procedure relative alla distribuzione di prodotti chimici.\" \/>\n<meta property=\"og:url\" content=\"https:\/\/www.msds-europe.com\/it\/le-9-cose-piu-importanti-sulla-distribuzione-di-prodotti-chimici\/\" \/>\n<meta property=\"og:site_name\" content=\"MSDS Europe\" \/>\n<meta property=\"article:publisher\" content=\"https:\/\/www.facebook.com\/toxinfokft\/\" \/>\n<meta property=\"article:modified_time\" content=\"2026-02-23T14:06:33+00:00\" \/>\n<meta name=\"twitter:card\" content=\"summary_large_image\" \/>\n<meta name=\"twitter:site\" content=\"@ToxInfoKft\" \/>\n<meta name=\"twitter:label1\" content=\"Tempo di lettura stimato\" \/>\n\t<meta name=\"twitter:data1\" content=\"7 minuti\" \/>\n<script type=\"application\/ld+json\" class=\"yoast-schema-graph\">{\"@context\":\"https:\/\/schema.org\",\"@graph\":[{\"@type\":\"WebPage\",\"@id\":\"https:\/\/www.msds-europe.com\/it\/le-9-cose-piu-importanti-sulla-distribuzione-di-prodotti-chimici\/\",\"url\":\"https:\/\/www.msds-europe.com\/it\/le-9-cose-piu-importanti-sulla-distribuzione-di-prodotti-chimici\/\",\"name\":\"Le 9 cose pi\u00f9 importanti sulla distribuzione di prodotti chimici\",\"isPartOf\":{\"@id\":\"https:\/\/www.msds-europe.com\/es\/#website\"},\"datePublished\":\"2025-08-29T12:48:39+00:00\",\"dateModified\":\"2026-02-23T14:06:33+00:00\",\"description\":\"Descrizione dettagliata delle principali normative e procedure relative alla distribuzione di prodotti chimici.\",\"breadcrumb\":{\"@id\":\"https:\/\/www.msds-europe.com\/it\/le-9-cose-piu-importanti-sulla-distribuzione-di-prodotti-chimici\/#breadcrumb\"},\"inLanguage\":\"it-IT\",\"potentialAction\":[{\"@type\":\"ReadAction\",\"target\":[\"https:\/\/www.msds-europe.com\/it\/le-9-cose-piu-importanti-sulla-distribuzione-di-prodotti-chimici\/\"]}]},{\"@type\":\"BreadcrumbList\",\"@id\":\"https:\/\/www.msds-europe.com\/it\/le-9-cose-piu-importanti-sulla-distribuzione-di-prodotti-chimici\/#breadcrumb\",\"itemListElement\":[{\"@type\":\"ListItem\",\"position\":1,\"name\":\"F\u0151oldal\",\"item\":\"https:\/\/www.msds-europe.com\/it\/\"},{\"@type\":\"ListItem\",\"position\":2,\"name\":\"Le 9 cose pi\u00f9 importanti sulla distribuzione di prodotti chimici\"}]},{\"@type\":\"WebSite\",\"@id\":\"https:\/\/www.msds-europe.com\/es\/#website\",\"url\":\"https:\/\/www.msds-europe.com\/es\/\",\"name\":\"MSDS Europe\",\"description\":\"\",\"publisher\":{\"@id\":\"https:\/\/www.msds-europe.com\/es\/#organization\"},\"potentialAction\":[{\"@type\":\"SearchAction\",\"target\":{\"@type\":\"EntryPoint\",\"urlTemplate\":\"https:\/\/www.msds-europe.com\/es\/?s={search_term_string}\"},\"query-input\":{\"@type\":\"PropertyValueSpecification\",\"valueRequired\":true,\"valueName\":\"search_term_string\"}}],\"inLanguage\":\"it-IT\"},{\"@type\":\"Organization\",\"@id\":\"https:\/\/www.msds-europe.com\/es\/#organization\",\"name\":\"MSDS-Europe International branch of ToxInfo\",\"url\":\"https:\/\/www.msds-europe.com\/es\/\",\"logo\":{\"@type\":\"ImageObject\",\"inLanguage\":\"it-IT\",\"@id\":\"https:\/\/www.msds-europe.com\/es\/#\/schema\/logo\/image\/\",\"url\":\"https:\/\/www.msds-europe.com\/wp-content\/uploads\/2021\/04\/msds-europe-logo.jpg\",\"contentUrl\":\"https:\/\/www.msds-europe.com\/wp-content\/uploads\/2021\/04\/msds-europe-logo.jpg\",\"width\":2296,\"height\":1067,\"caption\":\"MSDS-Europe International branch of ToxInfo\"},\"image\":{\"@id\":\"https:\/\/www.msds-europe.com\/es\/#\/schema\/logo\/image\/\"},\"sameAs\":[\"https:\/\/www.facebook.com\/toxinfokft\/\",\"https:\/\/x.com\/ToxInfoKft\"]}]}<\/script>\n<!-- \/ Yoast SEO plugin. -->","yoast_head_json":{"title":"Le 9 cose pi\u00f9 importanti sulla distribuzione di prodotti chimici","description":"Descrizione dettagliata delle principali normative e procedure relative alla distribuzione di prodotti chimici.","robots":{"index":"index","follow":"follow","max-snippet":"max-snippet:-1","max-image-preview":"max-image-preview:large","max-video-preview":"max-video-preview:-1"},"canonical":"https:\/\/www.msds-europe.com\/it\/le-9-cose-piu-importanti-sulla-distribuzione-di-prodotti-chimici\/","og_locale":"it_IT","og_type":"article","og_title":"Le 9 cose pi\u00f9 importanti sulla distribuzione di prodotti chimici","og_description":"Descrizione dettagliata delle principali normative e procedure relative alla distribuzione di prodotti chimici.","og_url":"https:\/\/www.msds-europe.com\/it\/le-9-cose-piu-importanti-sulla-distribuzione-di-prodotti-chimici\/","og_site_name":"MSDS Europe","article_publisher":"https:\/\/www.facebook.com\/toxinfokft\/","article_modified_time":"2026-02-23T14:06:33+00:00","twitter_card":"summary_large_image","twitter_site":"@ToxInfoKft","twitter_misc":{"Tempo di lettura stimato":"7 minuti"},"schema":{"@context":"https:\/\/schema.org","@graph":[{"@type":"WebPage","@id":"https:\/\/www.msds-europe.com\/it\/le-9-cose-piu-importanti-sulla-distribuzione-di-prodotti-chimici\/","url":"https:\/\/www.msds-europe.com\/it\/le-9-cose-piu-importanti-sulla-distribuzione-di-prodotti-chimici\/","name":"Le 9 cose pi\u00f9 importanti sulla distribuzione di prodotti chimici","isPartOf":{"@id":"https:\/\/www.msds-europe.com\/es\/#website"},"datePublished":"2025-08-29T12:48:39+00:00","dateModified":"2026-02-23T14:06:33+00:00","description":"Descrizione dettagliata delle principali normative e procedure relative alla distribuzione di prodotti chimici.","breadcrumb":{"@id":"https:\/\/www.msds-europe.com\/it\/le-9-cose-piu-importanti-sulla-distribuzione-di-prodotti-chimici\/#breadcrumb"},"inLanguage":"it-IT","potentialAction":[{"@type":"ReadAction","target":["https:\/\/www.msds-europe.com\/it\/le-9-cose-piu-importanti-sulla-distribuzione-di-prodotti-chimici\/"]}]},{"@type":"BreadcrumbList","@id":"https:\/\/www.msds-europe.com\/it\/le-9-cose-piu-importanti-sulla-distribuzione-di-prodotti-chimici\/#breadcrumb","itemListElement":[{"@type":"ListItem","position":1,"name":"F\u0151oldal","item":"https:\/\/www.msds-europe.com\/it\/"},{"@type":"ListItem","position":2,"name":"Le 9 cose pi\u00f9 importanti sulla distribuzione di prodotti chimici"}]},{"@type":"WebSite","@id":"https:\/\/www.msds-europe.com\/es\/#website","url":"https:\/\/www.msds-europe.com\/es\/","name":"MSDS Europe","description":"","publisher":{"@id":"https:\/\/www.msds-europe.com\/es\/#organization"},"potentialAction":[{"@type":"SearchAction","target":{"@type":"EntryPoint","urlTemplate":"https:\/\/www.msds-europe.com\/es\/?s={search_term_string}"},"query-input":{"@type":"PropertyValueSpecification","valueRequired":true,"valueName":"search_term_string"}}],"inLanguage":"it-IT"},{"@type":"Organization","@id":"https:\/\/www.msds-europe.com\/es\/#organization","name":"MSDS-Europe International branch of ToxInfo","url":"https:\/\/www.msds-europe.com\/es\/","logo":{"@type":"ImageObject","inLanguage":"it-IT","@id":"https:\/\/www.msds-europe.com\/es\/#\/schema\/logo\/image\/","url":"https:\/\/www.msds-europe.com\/wp-content\/uploads\/2021\/04\/msds-europe-logo.jpg","contentUrl":"https:\/\/www.msds-europe.com\/wp-content\/uploads\/2021\/04\/msds-europe-logo.jpg","width":2296,"height":1067,"caption":"MSDS-Europe International branch of ToxInfo"},"image":{"@id":"https:\/\/www.msds-europe.com\/es\/#\/schema\/logo\/image\/"},"sameAs":["https:\/\/www.facebook.com\/toxinfokft\/","https:\/\/x.com\/ToxInfoKft"]}]}},"_links":{"self":[{"href":"https:\/\/www.msds-europe.com\/it\/wp-json\/wp\/v2\/pages\/34508","targetHints":{"allow":["GET"]}}],"collection":[{"href":"https:\/\/www.msds-europe.com\/it\/wp-json\/wp\/v2\/pages"}],"about":[{"href":"https:\/\/www.msds-europe.com\/it\/wp-json\/wp\/v2\/types\/page"}],"author":[{"embeddable":true,"href":"https:\/\/www.msds-europe.com\/it\/wp-json\/wp\/v2\/users\/2"}],"replies":[{"embeddable":true,"href":"https:\/\/www.msds-europe.com\/it\/wp-json\/wp\/v2\/comments?post=34508"}],"version-history":[{"count":5,"href":"https:\/\/www.msds-europe.com\/it\/wp-json\/wp\/v2\/pages\/34508\/revisions"}],"predecessor-version":[{"id":37587,"href":"https:\/\/www.msds-europe.com\/it\/wp-json\/wp\/v2\/pages\/34508\/revisions\/37587"}],"wp:attachment":[{"href":"https:\/\/www.msds-europe.com\/it\/wp-json\/wp\/v2\/media?parent=34508"}],"wp:term":[{"taxonomy":"post_tag","embeddable":true,"href":"https:\/\/www.msds-europe.com\/it\/wp-json\/wp\/v2\/tags?post=34508"}],"curies":[{"name":"wp","href":"https:\/\/api.w.org\/{rel}","templated":true}]}}