{"id":34378,"date":"2025-08-15T12:44:14","date_gmt":"2025-08-15T12:44:14","guid":{"rendered":"https:\/\/www.msds-europe.com\/?page_id=34378"},"modified":"2026-02-25T09:52:36","modified_gmt":"2026-02-25T09:52:36","slug":"verifica-sds-schede-dati-sicurezza","status":"publish","type":"page","link":"https:\/\/www.msds-europe.com\/it\/verifica-sds-schede-dati-sicurezza\/","title":{"rendered":"Cosa dobbiamo assolutamente controllare nelle schede di dati di sicurezza"},"content":{"rendered":"<p style=\"text-align: right;\"><em><a href=\"https:\/\/www.msds-europe.com\/it\/\">MSDS-Europe<\/a> \u2013 Cosa dobbiamo assolutamente verificare nelle schede di dati di sicurezza<\/em><\/p>\n<p style=\"text-align: justify;\">Prima di elencare i punti principali da controllare in una scheda di dati di sicurezza (SDS) ricevuta, vi invitiamo a leggere il nostro articolo sulle <a href=\"https:\/\/www.msds-europe.com\/it\/condizioni-alle-quali-deve-essere-fornita-una-scheda-di-dati-di-sicurezza\/\">regole per la fornitura di una SDS<\/a>.<\/p>\n<h5><strong>Primo passo:<\/strong><\/h5>\n<p style=\"text-align: justify;\">Per prima cosa, \u00e8 possibile (ed \u00e8 necessario) verificare la <a href=\"https:\/\/www.msds-europe.com\/it\/preparazione-sds-normativo\/\">lingua<\/a> della SDS fornita. Pu\u00f2 sembrare sorprendente, ma il fornitore di un prodotto chimico non \u00e8 sempre obbligato a fornire la scheda nella nostra lingua nazionale.<\/p>\n<p style=\"text-align: justify;\">Le aziende che dispongono di un software per la traduzione\/gestione delle SDS spesso forniscono volentieri il documento nella lingua dell\u2019acquirente, anche se la legislazione non assegna loro esplicitamente questo compito. Tuttavia, bisogna prestare attenzione alle <a href=\"https:\/\/www.msds-europe.com\/about-sds-authoring-softwares\/\">SDS generate da software<\/a>, poich\u00e9 spesso presentano criticit\u00e0 tecniche. Anche una semplice traduzione umana letterale non \u00e8 automaticamente soddisfacente: solo una piccola parte del lavoro di <a href=\"https:\/\/www.msds-europe.com\/it\/scheda-di-dati-di-sicurezza-compilazione-creazione\/\">redazione\/traduzione di una SDS<\/a> \u00e8 un servizio linguistico puro; \u00e8 sempre necessario verificare la legislazione nazionale applicabile e il contenuto (ad esempio la classificazione).<\/p>\n<h5><strong>Secondo passo:<\/strong><\/h5>\n<p style=\"text-align: justify;\">Successivamente, dobbiamo verificare se la scheda \u00e8 \u201caggiornata\u201d \u2013 aspetto spesso confuso, erroneamente, con una data di validit\u00e0. Dal punto di vista normativo, non esiste una vera e propria \u201cdata di scadenza\u201d, ma esistono <a href=\"https:\/\/www.msds-europe.com\/it\/periodo-di-validit%c3%a0-di-una-scheda-di-sicurezza\/\">regole per l\u2019aggiornamento delle SDS<\/a> che \u00e8 fondamentale conoscere.<\/p>\n<h5><strong>Altri passi:<\/strong><\/h5>\n<p style=\"text-align: justify;\">Le altre verifiche di conformit\u00e0 dipendono in gran parte dalle attivit\u00e0 dell\u2019azienda e dal tipo di sostanze\/miscele utilizzate. Come distributore che si rifornisce sul mercato nazionale, l\u2019uso di una SDS non conforme comporta soprattutto il rischio che il cliente rifiuti il prodotto, con conseguente perdita di quote di mercato.<\/p>\n<p style=\"text-align: justify;\">Se invece acquistiamo una sostanza chimica in un altro Paese SEE, la nostra azienda \u00e8 responsabile della <a href=\"https:\/\/www.msds-europe.com\/it\/servizio-ufi\/\">notifica PCN<\/a> e dell\u2019etichettatura, che non potremo effettuare correttamente se ci basiamo su una SDS errata.<\/p>\n<p style=\"text-align: justify;\">Gli utilizzatori a valle sono probabilmente quelli che hanno il maggior numero di compiti legati alle SDS ricevute. Consultate il nostro riepilogo delle <a href=\"https:\/\/www.msds-europe.com\/downstream-user-reach-communication-obligations\/\">informazioni di base per gli utilizzatori a valle<\/a> sugli obblighi relativi alle SDS.<\/p>\n<p style=\"text-align: justify;\">Va notato che gli utilizzatori a valle hanno gi\u00e0 l\u2019obbligo di verificare il contenuto di una SDS, aspetto che pu\u00f2 essere controllato dall\u2019autorit\u00e0 durante le ispezioni in loco. Sono necessarie misure specifiche se la SDS contiene uno <a href=\"https:\/\/www.msds-europe.com\/checking-implementing-exposure-scenario\/\">scenario d\u2019esposizione<\/a>.<\/p>\n<p>&nbsp;<\/p>\n<p><strong>Servizi consigliati:<\/strong><\/p>\n<ul>\n<li><a href=\"https:\/\/www.msds-europe.com\/it\/traduzione-scheda-dati-di-sicurezza\/\">Traduzione di SDS<\/a><\/li>\n<li><a href=\"https:\/\/www.msds-europe.com\/it\/sds-revisione-aggiornamento\/\">Revisione di SDS<\/a><\/li>\n<li><a href=\"https:\/\/www.msds-europe.com\/it\/scheda-di-dati-di-sicurezza-compilazione-creazione\/\">Redazione e compilazione di schede di dati di sicurezza<\/a><\/li>\n<li>Creazione di <a href=\"https:\/\/www.msds-europe.com\/it\/creazione-bozza-etichetta\/\">bozze di etichette CLP<\/a><\/li>\n<li><a href=\"https:\/\/www.msds-europe.com\/it\/servizio-ufi\/\">Notifica PCN per miscele pericolose<\/a><\/li>\n<\/ul>\n<p>&nbsp;<\/p>\n<p><strong>Articoli utili:<\/strong><\/p>\n<ul>\n<li><a href=\"https:\/\/www.msds-europe.com\/it\/sicurezza-chimica-articoli-analisi\/\">Bussola per la sicurezza chimica<\/a><\/li>\n<li><a href=\"https:\/\/www.msds-europe.com\/it\/domande-frequenti-e-risposte-sulla-sicurezza-chimica\/\">FAQ \u2013 Domande e risposte sulla sicurezza chimica<\/a><\/li>\n<li><a href=\"https:\/\/www.msds-europe.com\/it\/sicurezza-chimica-modifiche-normative\/\">Monitoraggio delle modifiche normative<\/a><\/li>\n<\/ul>\n<p>&nbsp;<\/p>\n<h4>Domande e risposte rapide<\/h4>\n<div class=\"su-spoiler su-spoiler-style-fancy su-spoiler-icon-chevron su-spoiler-closed\" data-scroll-offset=\"0\" data-anchor-in-url=\"no\"><div class=\"su-spoiler-title\" tabindex=\"0\" role=\"button\"><span class=\"su-spoiler-icon\"><\/span>Quali sono i tre punti principali da verificare in una SDS proveniente da un fornitore estero?<\/div><div class=\"su-spoiler-content su-u-clearfix su-u-trim\">\n<p>La lingua del documento, il formato a 16 sezioni e la presenza dei nuovi requisiti di contenuto previsti dal regolamento (UE) 2020\/878.<\/p>\n<\/div><\/div>\n<div class=\"su-spoiler su-spoiler-style-fancy su-spoiler-icon-chevron su-spoiler-closed\" data-scroll-offset=\"0\" data-anchor-in-url=\"no\"><div class=\"su-spoiler-title\" tabindex=\"0\" role=\"button\"><span class=\"su-spoiler-icon\"><\/span>Cosa fare se la SDS importata non \u00e8 conforme al 2020\/878 o contiene dati obsoleti?<\/div><div class=\"su-spoiler-content su-u-clearfix su-u-trim\">\n<p>L\u2019azienda che immette il prodotto sul mercato deve aggiornarla o redigere una nuova SDS per poter vendere legalmente in uno Stato membro dell\u2019UE.<\/p>\n<\/div><\/div>\n<div class=\"su-spoiler su-spoiler-style-fancy su-spoiler-icon-chevron su-spoiler-closed\" data-scroll-offset=\"0\" data-anchor-in-url=\"no\"><div class=\"su-spoiler-title\" tabindex=\"0\" role=\"button\"><span class=\"su-spoiler-icon\"><\/span>Chi \u00e8 legalmente responsabile per gli errori contenuti in una SDS riutilizzata nell\u2019UE?<\/div><div class=\"su-spoiler-content su-u-clearfix su-u-trim\">\n<p>L\u2019importatore o il distributore che immette il prodotto sul mercato dell\u2019UE; le autorit\u00e0 possono sanzionarlo anche se la SDS errata proviene da un fornitore extra-UE.<\/p>\n<\/div><\/div>\n","protected":false},"excerpt":{"rendered":"<p>MSDS-Europe \u2013 Cosa dobbiamo assolutamente verificare nelle schede di dati di sicurezza Prima di elencare i punti principali da controllare in una scheda di dati di sicurezza (SDS) ricevuta, vi invitiamo a leggere il nostro articolo sulle regole per la fornitura di una SDS. Primo passo: Per prima cosa, \u00e8&#8230;<\/p>\n","protected":false},"author":2,"featured_media":0,"parent":0,"menu_order":0,"comment_status":"closed","ping_status":"closed","template":"","meta":{"_acf_changed":false,"footnotes":""},"tags":[],"class_list":["post-34378","page","type-page","status-publish","hentry"],"acf":[],"yoast_head":"<!-- This site is optimized with the Yoast SEO plugin v27.2 - https:\/\/yoast.com\/product\/yoast-seo-wordpress\/ -->\n<title>Cosa dobbiamo assolutamente controllare nelle SDS<\/title>\n<meta name=\"description\" content=\"Come faccio a sapere se ho ricevuto una SDS conforme dal mio fornitore? La nostra verifica SDS presenta punti di controllo concreti per garantire un\u2019accettazione sicura delle merci.\" \/>\n<meta name=\"robots\" content=\"index, follow, max-snippet:-1, max-image-preview:large, max-video-preview:-1\" \/>\n<link rel=\"canonical\" href=\"https:\/\/www.msds-europe.com\/it\/verifica-sds-schede-dati-sicurezza\/\" \/>\n<meta property=\"og:locale\" content=\"it_IT\" \/>\n<meta property=\"og:type\" content=\"article\" \/>\n<meta property=\"og:title\" content=\"Cosa dobbiamo assolutamente controllare nelle SDS\" \/>\n<meta property=\"og:description\" content=\"Come faccio a sapere se ho ricevuto una SDS conforme dal mio fornitore? La nostra verifica SDS presenta punti di controllo concreti per garantire un\u2019accettazione sicura delle merci.\" \/>\n<meta property=\"og:url\" content=\"https:\/\/www.msds-europe.com\/it\/verifica-sds-schede-dati-sicurezza\/\" \/>\n<meta property=\"og:site_name\" content=\"MSDS Europe\" \/>\n<meta property=\"article:publisher\" content=\"https:\/\/www.facebook.com\/toxinfokft\/\" \/>\n<meta property=\"article:modified_time\" content=\"2026-02-25T09:52:36+00:00\" \/>\n<meta name=\"twitter:card\" content=\"summary_large_image\" \/>\n<meta name=\"twitter:site\" content=\"@ToxInfoKft\" \/>\n<meta name=\"twitter:label1\" content=\"Tempo di lettura stimato\" \/>\n\t<meta name=\"twitter:data1\" content=\"3 minuti\" \/>\n<script type=\"application\/ld+json\" class=\"yoast-schema-graph\">{\"@context\":\"https:\/\/schema.org\",\"@graph\":[{\"@type\":\"WebPage\",\"@id\":\"https:\/\/www.msds-europe.com\/it\/verifica-sds-schede-dati-sicurezza\/\",\"url\":\"https:\/\/www.msds-europe.com\/it\/verifica-sds-schede-dati-sicurezza\/\",\"name\":\"Cosa dobbiamo assolutamente controllare nelle SDS\",\"isPartOf\":{\"@id\":\"https:\/\/www.msds-europe.com\/es\/#website\"},\"datePublished\":\"2025-08-15T12:44:14+00:00\",\"dateModified\":\"2026-02-25T09:52:36+00:00\",\"description\":\"Come faccio a sapere se ho ricevuto una SDS conforme dal mio fornitore? La nostra verifica SDS presenta punti di controllo concreti per garantire un\u2019accettazione sicura delle merci.\",\"breadcrumb\":{\"@id\":\"https:\/\/www.msds-europe.com\/it\/verifica-sds-schede-dati-sicurezza\/#breadcrumb\"},\"inLanguage\":\"it-IT\",\"potentialAction\":[{\"@type\":\"ReadAction\",\"target\":[\"https:\/\/www.msds-europe.com\/it\/verifica-sds-schede-dati-sicurezza\/\"]}]},{\"@type\":\"BreadcrumbList\",\"@id\":\"https:\/\/www.msds-europe.com\/it\/verifica-sds-schede-dati-sicurezza\/#breadcrumb\",\"itemListElement\":[{\"@type\":\"ListItem\",\"position\":1,\"name\":\"F\u0151oldal\",\"item\":\"https:\/\/www.msds-europe.com\/it\/\"},{\"@type\":\"ListItem\",\"position\":2,\"name\":\"Cosa dobbiamo assolutamente controllare nelle schede di dati di sicurezza\"}]},{\"@type\":\"WebSite\",\"@id\":\"https:\/\/www.msds-europe.com\/es\/#website\",\"url\":\"https:\/\/www.msds-europe.com\/es\/\",\"name\":\"MSDS Europe\",\"description\":\"\",\"publisher\":{\"@id\":\"https:\/\/www.msds-europe.com\/es\/#organization\"},\"potentialAction\":[{\"@type\":\"SearchAction\",\"target\":{\"@type\":\"EntryPoint\",\"urlTemplate\":\"https:\/\/www.msds-europe.com\/es\/?s={search_term_string}\"},\"query-input\":{\"@type\":\"PropertyValueSpecification\",\"valueRequired\":true,\"valueName\":\"search_term_string\"}}],\"inLanguage\":\"it-IT\"},{\"@type\":\"Organization\",\"@id\":\"https:\/\/www.msds-europe.com\/es\/#organization\",\"name\":\"MSDS-Europe International branch of ToxInfo\",\"url\":\"https:\/\/www.msds-europe.com\/es\/\",\"logo\":{\"@type\":\"ImageObject\",\"inLanguage\":\"it-IT\",\"@id\":\"https:\/\/www.msds-europe.com\/es\/#\/schema\/logo\/image\/\",\"url\":\"https:\/\/www.msds-europe.com\/wp-content\/uploads\/2021\/04\/msds-europe-logo.jpg\",\"contentUrl\":\"https:\/\/www.msds-europe.com\/wp-content\/uploads\/2021\/04\/msds-europe-logo.jpg\",\"width\":2296,\"height\":1067,\"caption\":\"MSDS-Europe International branch of ToxInfo\"},\"image\":{\"@id\":\"https:\/\/www.msds-europe.com\/es\/#\/schema\/logo\/image\/\"},\"sameAs\":[\"https:\/\/www.facebook.com\/toxinfokft\/\",\"https:\/\/x.com\/ToxInfoKft\"]}]}<\/script>\n<!-- \/ Yoast SEO plugin. -->","yoast_head_json":{"title":"Cosa dobbiamo assolutamente controllare nelle SDS","description":"Come faccio a sapere se ho ricevuto una SDS conforme dal mio fornitore? La nostra verifica SDS presenta punti di controllo concreti per garantire un\u2019accettazione sicura delle merci.","robots":{"index":"index","follow":"follow","max-snippet":"max-snippet:-1","max-image-preview":"max-image-preview:large","max-video-preview":"max-video-preview:-1"},"canonical":"https:\/\/www.msds-europe.com\/it\/verifica-sds-schede-dati-sicurezza\/","og_locale":"it_IT","og_type":"article","og_title":"Cosa dobbiamo assolutamente controllare nelle SDS","og_description":"Come faccio a sapere se ho ricevuto una SDS conforme dal mio fornitore? La nostra verifica SDS presenta punti di controllo concreti per garantire un\u2019accettazione sicura delle merci.","og_url":"https:\/\/www.msds-europe.com\/it\/verifica-sds-schede-dati-sicurezza\/","og_site_name":"MSDS Europe","article_publisher":"https:\/\/www.facebook.com\/toxinfokft\/","article_modified_time":"2026-02-25T09:52:36+00:00","twitter_card":"summary_large_image","twitter_site":"@ToxInfoKft","twitter_misc":{"Tempo di lettura stimato":"3 minuti"},"schema":{"@context":"https:\/\/schema.org","@graph":[{"@type":"WebPage","@id":"https:\/\/www.msds-europe.com\/it\/verifica-sds-schede-dati-sicurezza\/","url":"https:\/\/www.msds-europe.com\/it\/verifica-sds-schede-dati-sicurezza\/","name":"Cosa dobbiamo assolutamente controllare nelle SDS","isPartOf":{"@id":"https:\/\/www.msds-europe.com\/es\/#website"},"datePublished":"2025-08-15T12:44:14+00:00","dateModified":"2026-02-25T09:52:36+00:00","description":"Come faccio a sapere se ho ricevuto una SDS conforme dal mio fornitore? La nostra verifica SDS presenta punti di controllo concreti per garantire un\u2019accettazione sicura delle merci.","breadcrumb":{"@id":"https:\/\/www.msds-europe.com\/it\/verifica-sds-schede-dati-sicurezza\/#breadcrumb"},"inLanguage":"it-IT","potentialAction":[{"@type":"ReadAction","target":["https:\/\/www.msds-europe.com\/it\/verifica-sds-schede-dati-sicurezza\/"]}]},{"@type":"BreadcrumbList","@id":"https:\/\/www.msds-europe.com\/it\/verifica-sds-schede-dati-sicurezza\/#breadcrumb","itemListElement":[{"@type":"ListItem","position":1,"name":"F\u0151oldal","item":"https:\/\/www.msds-europe.com\/it\/"},{"@type":"ListItem","position":2,"name":"Cosa dobbiamo assolutamente controllare nelle schede di dati di sicurezza"}]},{"@type":"WebSite","@id":"https:\/\/www.msds-europe.com\/es\/#website","url":"https:\/\/www.msds-europe.com\/es\/","name":"MSDS Europe","description":"","publisher":{"@id":"https:\/\/www.msds-europe.com\/es\/#organization"},"potentialAction":[{"@type":"SearchAction","target":{"@type":"EntryPoint","urlTemplate":"https:\/\/www.msds-europe.com\/es\/?s={search_term_string}"},"query-input":{"@type":"PropertyValueSpecification","valueRequired":true,"valueName":"search_term_string"}}],"inLanguage":"it-IT"},{"@type":"Organization","@id":"https:\/\/www.msds-europe.com\/es\/#organization","name":"MSDS-Europe International branch of ToxInfo","url":"https:\/\/www.msds-europe.com\/es\/","logo":{"@type":"ImageObject","inLanguage":"it-IT","@id":"https:\/\/www.msds-europe.com\/es\/#\/schema\/logo\/image\/","url":"https:\/\/www.msds-europe.com\/wp-content\/uploads\/2021\/04\/msds-europe-logo.jpg","contentUrl":"https:\/\/www.msds-europe.com\/wp-content\/uploads\/2021\/04\/msds-europe-logo.jpg","width":2296,"height":1067,"caption":"MSDS-Europe International branch of ToxInfo"},"image":{"@id":"https:\/\/www.msds-europe.com\/es\/#\/schema\/logo\/image\/"},"sameAs":["https:\/\/www.facebook.com\/toxinfokft\/","https:\/\/x.com\/ToxInfoKft"]}]}},"_links":{"self":[{"href":"https:\/\/www.msds-europe.com\/it\/wp-json\/wp\/v2\/pages\/34378","targetHints":{"allow":["GET"]}}],"collection":[{"href":"https:\/\/www.msds-europe.com\/it\/wp-json\/wp\/v2\/pages"}],"about":[{"href":"https:\/\/www.msds-europe.com\/it\/wp-json\/wp\/v2\/types\/page"}],"author":[{"embeddable":true,"href":"https:\/\/www.msds-europe.com\/it\/wp-json\/wp\/v2\/users\/2"}],"replies":[{"embeddable":true,"href":"https:\/\/www.msds-europe.com\/it\/wp-json\/wp\/v2\/comments?post=34378"}],"version-history":[{"count":5,"href":"https:\/\/www.msds-europe.com\/it\/wp-json\/wp\/v2\/pages\/34378\/revisions"}],"predecessor-version":[{"id":37808,"href":"https:\/\/www.msds-europe.com\/it\/wp-json\/wp\/v2\/pages\/34378\/revisions\/37808"}],"wp:attachment":[{"href":"https:\/\/www.msds-europe.com\/it\/wp-json\/wp\/v2\/media?parent=34378"}],"wp:term":[{"taxonomy":"post_tag","embeddable":true,"href":"https:\/\/www.msds-europe.com\/it\/wp-json\/wp\/v2\/tags?post=34378"}],"curies":[{"name":"wp","href":"https:\/\/api.w.org\/{rel}","templated":true}]}}