{"id":34306,"date":"2025-08-15T11:27:03","date_gmt":"2025-08-15T11:27:03","guid":{"rendered":"https:\/\/www.msds-europe.com\/?page_id=34306"},"modified":"2026-02-24T20:04:48","modified_gmt":"2026-02-24T20:04:48","slug":"registro-errori-sds","status":"publish","type":"page","link":"https:\/\/www.msds-europe.com\/it\/registro-errori-sds\/","title":{"rendered":"Perch\u00e9 il mio partner ha rifiutato la mia scheda di dati di sicurezza?"},"content":{"rendered":"<p style=\"text-align: right;\"><em><a href=\"https:\/\/www.msds-europe.com\/it\/\">MSDS-Europe<\/a> \u2013 Perch\u00e9 il mio partner ha rifiutato la mia scheda di dati di sicurezza?<\/em><\/p>\n<p>&nbsp;<\/p>\n<p style=\"text-align: justify;\">La <a href=\"https:\/\/www.msds-europe.com\/it\/elementi-di-forma-e-contenuto-di-una-scheda-di-dati-di-sicurezza\/\">scheda di dati di sicurezza<\/a> (SDS) \u00e8 un documento centrale della sicurezza chimica. I nostri partner commerciali si aspettano quindi, legittimamente, che la SDS ricevuta sia pienamente conforme ai requisiti di legge. Se un partner rifiuta la nostra SDS, di solito il motivo \u00e8 una mancanza di conformit\u00e0. Di seguito elenchiamo le cause pi\u00f9 comuni e forniamo una checklist pratica per evitare il rifiuto di una SDS.<\/p>\n<h3 style=\"text-align: justify;\"><strong>Motivi comuni per cui una SDS pu\u00f2 essere rifiutata<\/strong><\/h3>\n<h4 style=\"text-align: justify;\"><span style=\"color: #000000;\"><strong>SDS redatta in una lingua non idonea<\/strong><\/span><\/h4>\n<p style=\"text-align: justify;\">Uno dei motivi pi\u00f9 frequenti \u00e8 che la scheda di dati di sicurezza non \u00e8 redatta nella lingua richiesta dal destinatario o dalle autorit\u00e0. Il regolamento REACH impone che la SDS sia fornita nella lingua ufficiale dello Stato membro in cui il prodotto viene immesso sul mercato. In Ungheria, ad esempio, \u00e8 <strong>obbligatoria una SDS in lingua ungherese<\/strong>, e il partner non \u00e8 tenuto ad accettare un documento in un\u2019altra lingua.<\/p>\n<h4 style=\"text-align: justify;\"><span style=\"color: #000000;\"><strong>Formato SDS incompleto o obsoleto<\/strong><\/span><\/h4>\n<p style=\"text-align: justify;\">Pu\u00f2 accadere che la SDS sia redatta nella lingua corretta, ma sia formalmente o sostanzialmente incompleta. In passato si parlava di \u00ab<em>controllo di conformit\u00e0 830<\/em>\u00bb, in riferimento al regolamento <strong>(UE) 2015\/830<\/strong>, che prevedeva una struttura in 16 sezioni e requisiti di contenuto dettagliati.<\/p>\n<p style=\"text-align: justify;\">Negli ultimi anni, tuttavia, \u00e8 entrato in vigore un nuovo regolamento europeo: <a href=\"https:\/\/www.msds-europe.com\/it\/preparazione-sds-buone-prassi\/\">il regolamento (UE) 2020\/878<\/a> ha sostituito le norme precedenti. Dal 1\u00b0 gennaio 2023, <strong>nell\u2019UE sono accettate solo SDS conformi al formato del regolamento (UE) 2020\/878<\/strong>. Pertanto, tutte le schede di dati di sicurezza precedenti hanno dovuto essere aggiornate entro la fine del 2022.<\/p>\n<p style=\"text-align: justify;\">La \u00abconformit\u00e0 878\u00bb significa che la SDS include anche le nuove informazioni obbligatorie, ad esempio le nanoforme, le propriet\u00e0 di interferenza endocrina, gli ATE e i fattori M. Una SDS redatta su un modello obsoleto verr\u00e0 molto probabilmente rifiutata.<\/p>\n<h4 style=\"text-align: justify;\"><span style=\"color: #000000;\"><strong>Diritto del cliente a una SDS conforme<\/strong><\/span><\/h4>\n<p style=\"text-align: justify;\">Il nostro partner, in quanto <em>destinatario<\/em> di una sostanza o miscela pericolosa, ha il diritto e l\u2019obbligo di ricevere una scheda di dati di sicurezza corretta e aggiornata. La legislazione ungherese lo conferma: il decreto 25\/2000. (IX. 30.) E\u00fcM\u2013SZCSM impone alle aziende ungheresi di ottenere dal fornitore una SDS conforme alla normativa. Senza tale documento, il cliente non pu\u00f2 adempiere ai propri obblighi in materia di sicurezza chimica ed \u00e8 quindi autorizzato a rifiutare una SDS incompleta o obsoleta e a pretendere una versione aggiornata.<\/p>\n<h3 style=\"text-align: justify;\"><strong>Checklist pratica di conformit\u00e0<\/strong><\/h3>\n<p style=\"text-align: justify;\">La seguente checklist aiuta fornitori e distributori a verificare che la propria scheda di dati di sicurezza sia conforme ai requisiti prima di consegnarla a un partner:<\/p>\n<ul style=\"text-align: justify;\">\n<li><strong>Lingua appropriata:<\/strong> assicurarsi che la SDS sia redatta nella lingua ufficiale del Paese in cui il prodotto viene commercializzato.<\/li>\n<li><strong>Classificazione ed etichettatura corrette:<\/strong> verificare che la classificazione di pericolo indicata nella SDS sia conforme al regolamento CLP. Devono essere presenti tutte le <em>frasi H e P<\/em> obbligatorie e i <em>pittogrammi<\/em> richiesti.<\/li>\n<li><strong>Versione aggiornata:<\/strong> la SDS deve riportare la data di emissione e il numero di versione, ed essere conforme al formato attuale ((UE) 2020\/878). Se \u00e8 stata aggiornata l\u2019ultima volta prima del 2023, \u00e8 necessaria una revisione per includere i nuovi elementi obbligatori (ad esempio, propriet\u00e0 di interferenza endocrina).<\/li>\n<li><strong>Allegati:<\/strong> controllare che siano inclusi tutti gli allegati obbligatori.<\/li>\n<\/ul>\n<h3 style=\"text-align: justify;\"><strong>Correzione degli errori pi\u00f9 comuni<\/strong><\/h3>\n<p style=\"text-align: justify;\">Se dalla verifica emerge che la scheda di dati di sicurezza non soddisfa i requisiti, \u00e8 necessario correggerla il prima possibile. Se il problema riguarda la lingua, nella maggior parte dei casi dobbiamo predisporre noi stessi una SDS nella lingua locale. \u00c8 consigliabile affidarsi a un traduttore qualificato e far revisionare la traduzione da un esperto di sicurezza chimica, poich\u00e9 la conformit\u00e0 normativa richiede non solo precisione linguistica, ma anche tecnica.<\/p>\n<p style=\"text-align: justify;\">Se il formato o il contenuto della SDS \u00e8 obsoleto, deve essere aggiornato in base alla normativa vigente. Ci\u00f2 comporta l\u2019integrazione delle nuove informazioni richieste e, se necessario, la modifica della classificazione.<\/p>\n<p style=\"text-align: justify;\">Questo compito non \u00e8 semplice, poich\u00e9 <a href=\"https:\/\/www.msds-europe.com\/it\/preparazione-sds-buone-prassi\/\">garantire la conformit\u00e0 di una SDS<\/a> \u00e8 un ambito complesso e in continua evoluzione, e la maggior parte delle aziende non dispone di risorse interne sufficienti per gestirlo autonomamente. Disporre di un <strong>registro interno degli errori SDS<\/strong> pu\u00f2 aiutare a monitorare e prevenire i problemi ricorrenti.<\/p>\n<h3 style=\"background: white; margin: 0cm 0cm 15.0pt 0cm;\"><span style=\"font-size: 18.0pt; font-family: 'Arial',sans-serif; color: #e67817;\">Domande aggiuntive?<\/span><\/h3>\n<p style=\"background: white; margin: 0cm 0cm 15.0pt 0cm; font-size: 11.5pt; font-family: 'Arial',sans-serif; color: black;\">Contattate il nostro <a href=\"https:\/\/www.msds-europe.com\/it\/servizio-clientela\/\">servizio clienti<\/a> oppure fate una <a href=\"https:\/\/www.msds-europe.com\/it\/consulenza-online\/\">domanda online al nostro esperto<\/a>.<\/p>\n<a href=\"https:\/\/www.msds-europe.com\/it\/servizio-clientela\/\" class=\"su-button su-button-style-default\" style=\"color:#ef552d;background-color:#fefefe;border-color:#cccccc;border-radius:6px\" target=\"_self\"><span style=\"color:#ef552d;padding:0px 18px;font-size:14px;line-height:28px;border-color:#ffffff;border-radius:6px;text-shadow:none\"> Servizio clienti<\/span><\/a> <a href=\"https:\/\/www.msds-europe.com\/it\/consulenza-online\/\" class=\"su-button su-button-style-default\" style=\"color:#ffffff;background-color:#ef552d;border-color:#c04424;border-radius:6px\" target=\"_self\"><span style=\"color:#ffffff;padding:0px 18px;font-size:14px;line-height:28px;border-color:#f4886c;border-radius:6px;text-shadow:0px 0px 2px #ffffff\"> Fai una domanda<\/span><\/a>\n<p>&nbsp;<\/p>\n<p>\u00a0<\/p>\n<p><strong><span style=\"color: #333333;\">Servizi consigliati:<\/span><\/strong><\/p>\n<ul>\n<li><a href=\"https:\/\/www.msds-europe.com\/it\/traduzione-scheda-dati-di-sicurezza\/\">Servizi di traduzione SDS<\/a><\/li>\n<li><a href=\"https:\/\/www.msds-europe.com\/it\/scheda-di-dati-di-sicurezza-compilazione-creazione\/\">Elaborazione e compilazione di schede di dati di sicurezza (SDS)<\/a><\/li>\n<li><a href=\"https:\/\/www.msds-europe.com\/it\/creazione-bozza-etichetta\/\">Creazione di bozze di etichette CLP<\/a><\/li>\n<li><a href=\"https:\/\/www.msds-europe.com\/it\/servizio-ufi\/\">Notifica PCN di miscele pericolose<\/a><\/li>\n<\/ul>\n<p>&nbsp;<\/p>\n<p><strong>Articoli utili:<\/strong><\/p>\n<ul>\n<li><a href=\"https:\/\/www.msds-europe.com\/it\/sicurezza-chimica-articoli-analisi\/\">Bussola per la sicurezza chimica<\/a><\/li>\n<li><a href=\"https:\/\/www.msds-europe.com\/it\/domande-frequenti-e-risposte-sulla-sicurezza-chimica\/\">FAQ \u2013 Domande e risposte sulla sicurezza chimica<\/a><\/li>\n<li><a href=\"https:\/\/www.msds-europe.com\/it\/sicurezza-chimica-modifiche-normative\/\">Monitoraggio delle modifiche normative<\/a><\/li>\n<\/ul>\n<p>&nbsp;<\/p>\n<h4>Domande rapide e risposte<\/h4>\n<div class=\"su-spoiler su-spoiler-style-fancy su-spoiler-icon-chevron su-spoiler-closed\" data-scroll-offset=\"0\" data-anchor-in-url=\"no\"><div class=\"su-spoiler-title\" tabindex=\"0\" role=\"button\"><span class=\"su-spoiler-icon\"><\/span>Come sapere se una SDS \u00e8 gi\u00e0 conforme al nuovo formato UE?<\/div><div class=\"su-spoiler-content su-u-clearfix su-u-trim\">\n<p>Verificate la data di emissione della SDS: se \u00e8 stata redatta prima del 1\u00b0 gennaio 2023, \u00e8 molto probabile che non contenga ancora i nuovi elementi previsti dal regolamento (UE) 2020\/878 (ad esempio nanoforme, propriet\u00e0 di interferenza endocrina) e che necessiti di aggiornamento.<\/p>\n<\/div><\/div>\n<div class=\"su-spoiler su-spoiler-style-fancy su-spoiler-icon-chevron su-spoiler-closed\" data-scroll-offset=\"0\" data-anchor-in-url=\"no\"><div class=\"su-spoiler-title\" tabindex=\"0\" role=\"button\"><span class=\"su-spoiler-icon\"><\/span>Cosa fare se scoprite che una SDS non \u00e8 sufficientemente precisa?<\/div><div class=\"su-spoiler-content su-u-clearfix su-u-trim\">\n<p>Richiedete la correzione della SDS con il coinvolgimento di un traduttore professionista e di un esperto di sicurezza chimica: la conformit\u00e0 normativa richiede precisione sia linguistica sia tecnica.<\/p>\n<\/div><\/div>\n","protected":false},"excerpt":{"rendered":"<p>MSDS-Europe \u2013 Perch\u00e9 il mio partner ha rifiutato la mia scheda di dati di sicurezza? &nbsp; La scheda di dati di sicurezza (SDS) \u00e8 un documento centrale della sicurezza chimica. I nostri partner commerciali si aspettano quindi, legittimamente, che la SDS ricevuta sia pienamente conforme ai requisiti di legge. Se&#8230;<\/p>\n","protected":false},"author":2,"featured_media":0,"parent":0,"menu_order":0,"comment_status":"closed","ping_status":"closed","template":"","meta":{"_acf_changed":false,"footnotes":""},"tags":[],"class_list":["post-34306","page","type-page","status-publish","hentry"],"acf":[],"yoast_head":"<!-- This site is optimized with the Yoast SEO plugin v27.2 - https:\/\/yoast.com\/product\/yoast-seo-wordpress\/ -->\n<title>Perch\u00e9 il mio partner ha rifiutato la mia scheda di dati di sicurezza?<\/title>\n<meta name=\"description\" content=\"Elenco errori e checklist di conformit\u00e0 per le SDS per garantire la conformit\u00e0 normativa. MSDS-Europe\" \/>\n<meta name=\"robots\" content=\"index, follow, max-snippet:-1, max-image-preview:large, max-video-preview:-1\" \/>\n<link rel=\"canonical\" href=\"https:\/\/www.msds-europe.com\/it\/registro-errori-sds\/\" \/>\n<meta property=\"og:locale\" content=\"it_IT\" \/>\n<meta property=\"og:type\" content=\"article\" \/>\n<meta property=\"og:title\" content=\"Perch\u00e9 il mio partner ha rifiutato la mia scheda di dati di sicurezza?\" \/>\n<meta property=\"og:description\" content=\"Elenco errori e checklist di conformit\u00e0 per le SDS per garantire la conformit\u00e0 normativa. MSDS-Europe\" \/>\n<meta property=\"og:url\" content=\"https:\/\/www.msds-europe.com\/it\/registro-errori-sds\/\" \/>\n<meta property=\"og:site_name\" content=\"MSDS Europe\" \/>\n<meta property=\"article:publisher\" content=\"https:\/\/www.facebook.com\/toxinfokft\/\" \/>\n<meta property=\"article:modified_time\" content=\"2026-02-24T20:04:48+00:00\" \/>\n<meta name=\"twitter:card\" content=\"summary_large_image\" \/>\n<meta name=\"twitter:site\" content=\"@ToxInfoKft\" \/>\n<meta name=\"twitter:label1\" content=\"Tempo di lettura stimato\" \/>\n\t<meta name=\"twitter:data1\" content=\"4 minuti\" \/>\n<script type=\"application\/ld+json\" class=\"yoast-schema-graph\">{\"@context\":\"https:\/\/schema.org\",\"@graph\":[{\"@type\":\"WebPage\",\"@id\":\"https:\/\/www.msds-europe.com\/it\/registro-errori-sds\/\",\"url\":\"https:\/\/www.msds-europe.com\/it\/registro-errori-sds\/\",\"name\":\"Perch\u00e9 il mio partner ha rifiutato la mia scheda di dati di sicurezza?\",\"isPartOf\":{\"@id\":\"https:\/\/www.msds-europe.com\/es\/#website\"},\"datePublished\":\"2025-08-15T11:27:03+00:00\",\"dateModified\":\"2026-02-24T20:04:48+00:00\",\"description\":\"Elenco errori e checklist di conformit\u00e0 per le SDS per garantire la conformit\u00e0 normativa. MSDS-Europe\",\"breadcrumb\":{\"@id\":\"https:\/\/www.msds-europe.com\/it\/registro-errori-sds\/#breadcrumb\"},\"inLanguage\":\"it-IT\",\"potentialAction\":[{\"@type\":\"ReadAction\",\"target\":[\"https:\/\/www.msds-europe.com\/it\/registro-errori-sds\/\"]}]},{\"@type\":\"BreadcrumbList\",\"@id\":\"https:\/\/www.msds-europe.com\/it\/registro-errori-sds\/#breadcrumb\",\"itemListElement\":[{\"@type\":\"ListItem\",\"position\":1,\"name\":\"F\u0151oldal\",\"item\":\"https:\/\/www.msds-europe.com\/it\/\"},{\"@type\":\"ListItem\",\"position\":2,\"name\":\"Perch\u00e9 il mio partner ha rifiutato la mia scheda di dati di sicurezza?\"}]},{\"@type\":\"WebSite\",\"@id\":\"https:\/\/www.msds-europe.com\/es\/#website\",\"url\":\"https:\/\/www.msds-europe.com\/es\/\",\"name\":\"MSDS Europe\",\"description\":\"\",\"publisher\":{\"@id\":\"https:\/\/www.msds-europe.com\/es\/#organization\"},\"potentialAction\":[{\"@type\":\"SearchAction\",\"target\":{\"@type\":\"EntryPoint\",\"urlTemplate\":\"https:\/\/www.msds-europe.com\/es\/?s={search_term_string}\"},\"query-input\":{\"@type\":\"PropertyValueSpecification\",\"valueRequired\":true,\"valueName\":\"search_term_string\"}}],\"inLanguage\":\"it-IT\"},{\"@type\":\"Organization\",\"@id\":\"https:\/\/www.msds-europe.com\/es\/#organization\",\"name\":\"MSDS-Europe International branch of ToxInfo\",\"url\":\"https:\/\/www.msds-europe.com\/es\/\",\"logo\":{\"@type\":\"ImageObject\",\"inLanguage\":\"it-IT\",\"@id\":\"https:\/\/www.msds-europe.com\/es\/#\/schema\/logo\/image\/\",\"url\":\"https:\/\/www.msds-europe.com\/wp-content\/uploads\/2021\/04\/msds-europe-logo.jpg\",\"contentUrl\":\"https:\/\/www.msds-europe.com\/wp-content\/uploads\/2021\/04\/msds-europe-logo.jpg\",\"width\":2296,\"height\":1067,\"caption\":\"MSDS-Europe International branch of ToxInfo\"},\"image\":{\"@id\":\"https:\/\/www.msds-europe.com\/es\/#\/schema\/logo\/image\/\"},\"sameAs\":[\"https:\/\/www.facebook.com\/toxinfokft\/\",\"https:\/\/x.com\/ToxInfoKft\"]}]}<\/script>\n<!-- \/ Yoast SEO plugin. -->","yoast_head_json":{"title":"Perch\u00e9 il mio partner ha rifiutato la mia scheda di dati di sicurezza?","description":"Elenco errori e checklist di conformit\u00e0 per le SDS per garantire la conformit\u00e0 normativa. MSDS-Europe","robots":{"index":"index","follow":"follow","max-snippet":"max-snippet:-1","max-image-preview":"max-image-preview:large","max-video-preview":"max-video-preview:-1"},"canonical":"https:\/\/www.msds-europe.com\/it\/registro-errori-sds\/","og_locale":"it_IT","og_type":"article","og_title":"Perch\u00e9 il mio partner ha rifiutato la mia scheda di dati di sicurezza?","og_description":"Elenco errori e checklist di conformit\u00e0 per le SDS per garantire la conformit\u00e0 normativa. MSDS-Europe","og_url":"https:\/\/www.msds-europe.com\/it\/registro-errori-sds\/","og_site_name":"MSDS Europe","article_publisher":"https:\/\/www.facebook.com\/toxinfokft\/","article_modified_time":"2026-02-24T20:04:48+00:00","twitter_card":"summary_large_image","twitter_site":"@ToxInfoKft","twitter_misc":{"Tempo di lettura stimato":"4 minuti"},"schema":{"@context":"https:\/\/schema.org","@graph":[{"@type":"WebPage","@id":"https:\/\/www.msds-europe.com\/it\/registro-errori-sds\/","url":"https:\/\/www.msds-europe.com\/it\/registro-errori-sds\/","name":"Perch\u00e9 il mio partner ha rifiutato la mia scheda di dati di sicurezza?","isPartOf":{"@id":"https:\/\/www.msds-europe.com\/es\/#website"},"datePublished":"2025-08-15T11:27:03+00:00","dateModified":"2026-02-24T20:04:48+00:00","description":"Elenco errori e checklist di conformit\u00e0 per le SDS per garantire la conformit\u00e0 normativa. MSDS-Europe","breadcrumb":{"@id":"https:\/\/www.msds-europe.com\/it\/registro-errori-sds\/#breadcrumb"},"inLanguage":"it-IT","potentialAction":[{"@type":"ReadAction","target":["https:\/\/www.msds-europe.com\/it\/registro-errori-sds\/"]}]},{"@type":"BreadcrumbList","@id":"https:\/\/www.msds-europe.com\/it\/registro-errori-sds\/#breadcrumb","itemListElement":[{"@type":"ListItem","position":1,"name":"F\u0151oldal","item":"https:\/\/www.msds-europe.com\/it\/"},{"@type":"ListItem","position":2,"name":"Perch\u00e9 il mio partner ha rifiutato la mia scheda di dati di sicurezza?"}]},{"@type":"WebSite","@id":"https:\/\/www.msds-europe.com\/es\/#website","url":"https:\/\/www.msds-europe.com\/es\/","name":"MSDS Europe","description":"","publisher":{"@id":"https:\/\/www.msds-europe.com\/es\/#organization"},"potentialAction":[{"@type":"SearchAction","target":{"@type":"EntryPoint","urlTemplate":"https:\/\/www.msds-europe.com\/es\/?s={search_term_string}"},"query-input":{"@type":"PropertyValueSpecification","valueRequired":true,"valueName":"search_term_string"}}],"inLanguage":"it-IT"},{"@type":"Organization","@id":"https:\/\/www.msds-europe.com\/es\/#organization","name":"MSDS-Europe International branch of ToxInfo","url":"https:\/\/www.msds-europe.com\/es\/","logo":{"@type":"ImageObject","inLanguage":"it-IT","@id":"https:\/\/www.msds-europe.com\/es\/#\/schema\/logo\/image\/","url":"https:\/\/www.msds-europe.com\/wp-content\/uploads\/2021\/04\/msds-europe-logo.jpg","contentUrl":"https:\/\/www.msds-europe.com\/wp-content\/uploads\/2021\/04\/msds-europe-logo.jpg","width":2296,"height":1067,"caption":"MSDS-Europe International branch of ToxInfo"},"image":{"@id":"https:\/\/www.msds-europe.com\/es\/#\/schema\/logo\/image\/"},"sameAs":["https:\/\/www.facebook.com\/toxinfokft\/","https:\/\/x.com\/ToxInfoKft"]}]}},"_links":{"self":[{"href":"https:\/\/www.msds-europe.com\/it\/wp-json\/wp\/v2\/pages\/34306","targetHints":{"allow":["GET"]}}],"collection":[{"href":"https:\/\/www.msds-europe.com\/it\/wp-json\/wp\/v2\/pages"}],"about":[{"href":"https:\/\/www.msds-europe.com\/it\/wp-json\/wp\/v2\/types\/page"}],"author":[{"embeddable":true,"href":"https:\/\/www.msds-europe.com\/it\/wp-json\/wp\/v2\/users\/2"}],"replies":[{"embeddable":true,"href":"https:\/\/www.msds-europe.com\/it\/wp-json\/wp\/v2\/comments?post=34306"}],"version-history":[{"count":5,"href":"https:\/\/www.msds-europe.com\/it\/wp-json\/wp\/v2\/pages\/34306\/revisions"}],"predecessor-version":[{"id":37777,"href":"https:\/\/www.msds-europe.com\/it\/wp-json\/wp\/v2\/pages\/34306\/revisions\/37777"}],"wp:attachment":[{"href":"https:\/\/www.msds-europe.com\/it\/wp-json\/wp\/v2\/media?parent=34306"}],"wp:term":[{"taxonomy":"post_tag","embeddable":true,"href":"https:\/\/www.msds-europe.com\/it\/wp-json\/wp\/v2\/tags?post=34306"}],"curies":[{"name":"wp","href":"https:\/\/api.w.org\/{rel}","templated":true}]}}