{"id":31628,"date":"2025-04-25T15:10:55","date_gmt":"2025-04-25T15:10:55","guid":{"rendered":"https:\/\/www.msds-europe.com\/?page_id=31628"},"modified":"2026-02-17T13:57:42","modified_gmt":"2026-02-17T13:57:42","slug":"sds-abbreviazioni-spiegazione","status":"publish","type":"page","link":"https:\/\/www.msds-europe.com\/it\/sds-abbreviazioni-spiegazione\/","title":{"rendered":"Abbreviazioni e acronimi nelle schede di dati di sicurezza"},"content":{"rendered":"<p style=\"text-align: right;\"><em><a href=\"https:\/\/www.msds-europe.com\/it\/\">MSDS-Europe<\/a> \u2013 <a href=\"https:\/\/www.msds-europe.com\/it\/sds-base-conoscenze\/\">Materiale di base utile e guide per le schede di dati di sicurezza<\/a> \u2013 Abbreviazioni e acronimi nelle schede di dati di sicurezza<\/em><\/p>\n<p>&nbsp;<\/p>\n<p style=\"text-align: justify;\">Nelle <strong>schede di dati di sicurezza<\/strong> (SDS) \u00e8 richiesto, in particolare nella <a href=\"https:\/\/www.msds-europe.com\/it\/preparazione-sds-9-16-sezioni\/\">sezione 16<\/a> (\u201cAltre informazioni\u201d), di includere una legenda che spieghi tutte le abbreviazioni e gli acronimi utilizzati nel documento. Ci\u00f2 garantisce che il lettore possa comprendere appieno le sigle tecniche presenti nella scheda.<\/p>\n<p style=\"text-align: justify;\">Le SDS, infatti, sono documenti standardizzati in <a href=\"https:\/\/www.msds-europe.com\/it\/elementi-di-forma-e-contenuto-di-una-scheda-di-dati-di-sicurezza\/\">16 sezioni<\/a> contenenti le informazioni sui pericoli e sulla sicurezza di sostanze e miscele chimiche. Al loro interno compaiono numerosi acronimi, da riferimenti <a href=\"https:\/\/www.msds-europe.com\/it\/sicurezza-chimica-modifiche-normative\/\">normativi<\/a> (ad esempio <strong>CLP<\/strong>, <strong>REACH<\/strong>) a parametri tossicologici (<strong>LD50<\/strong>, <strong>PNEC<\/strong>, ecc.). Fornire il significato di queste abbreviazioni \u00e8 fondamentale per mantenere il documento chiaro e conforme alle normative.<\/p>\n<p>&nbsp;<\/p>\n<h3 style=\"text-align: justify;\">Acronimi nelle SDS<\/h3>\n<p style=\"text-align: justify;\">L\u2019acronimo SDS significa <strong>scheda di dati di sicurezza<\/strong>, il documento standard utilizzato a livello internazionale per comunicare le informazioni sui pericoli dei prodotti chimici. In passato si utilizzava il termine <strong>MSDS<\/strong> (Material Safety Data Sheet in inglese), ma oggi la denominazione <strong>SDS<\/strong> \u00e8 quella adottata nell\u2019ambito del sistema mondiale armonizzato (GHS).<\/p>\n<p style=\"text-align: justify;\">Una <a href=\"https:\/\/www.msds-europe.com\/it\/traduzione-scheda-dati-di-sicurezza\/#1\">SDS<\/a> contiene tutte le informazioni essenziali per la gestione in sicurezza di un prodotto chimico. Per brevit\u00e0, all\u2019interno delle SDS vengono spesso usati vari acronimi relativi a normative, enti o concetti tecnici. Molti di essi derivano dall\u2019inglese o da sigle internazionali, in modo da essere riconoscibili in diversi Paesi. \u00c8 comunque necessario che in ogni SDS questi acronimi siano accompagnati dalla spiegazione nella lingua del lettore, cos\u00ec che il documento risulti comprensibile anche ai non addetti ai lavori.<\/p>\n<p>&nbsp;<\/p>\n<h3 style=\"text-align: justify;\">Spiegazione delle abbreviazioni nelle SDS<\/h3>\n<p style=\"text-align: justify;\">Di norma, ogni SDS include una sezione (generalmente la sezione 16) in cui vengono elencati gli acronimi utilizzati nel documento con il loro significato. In questo glossario finale, ad esempio, se troviamo la sigla <strong>PBT<\/strong>, verr\u00e0 chiarito che sta per \u201cpersistente, bioaccumulabile e tossico\u201d. Analogamente, acronimi come <strong>ADR<\/strong> o <strong>GHS<\/strong> saranno espansi (ad esempio ADR sar\u00e0 spiegato come Accordo europeo relativo al trasporto internazionale di merci pericolose su strada).<\/p>\n<p style=\"text-align: justify;\">Questo elenco comprende gli acronimi normativi (<strong>OSHA<\/strong>, <strong>ECHA<\/strong>, ecc.), i parametri scientifici (<strong>LC50<\/strong>, <strong>DNEL<\/strong>, ecc.), i termini chimici (<strong>COD<\/strong>, <strong>BOD<\/strong>, ecc.) e qualunque altra abbreviazione presente nella scheda. Includendo queste spiegazioni, la SDS garantisce che ogni lettore possa capire le informazioni, indipendentemente dalla propria familiarit\u00e0 con gli acronimi.<\/p>\n<p>&nbsp;<\/p>\n<h3 style=\"text-align: justify;\">Abbreviazioni utilizzate nelle SDS in altre lingue<\/h3>\n<p style=\"text-align: justify;\">Va notato che la denominazione e alcune sigle possono variare in altre lingue, pur riferendosi agli stessi concetti. Ad esempio, il <strong>Safety Data Sheet<\/strong> (SDS) in inglese corrisponde alla \u201c<strong>biztons\u00e1gi adatlap<\/strong>\u201d in ungherese, al \u201c<strong>Sicherheitsdatenblatt<\/strong>\u201d in tedesco, alla \u201c<strong>Fiche de donn\u00e9es de s\u00e9curit\u00e9<\/strong>\u201d in francese, alla \u201c<strong>Ficha de datos de seguridad<\/strong>\u201d in spagnolo, alla \u201c<strong>Fi\u0219\u0103 cu date de securitate<\/strong>\u201d in rumeno e, in polacco, alla \u201c<strong>Karta charakterystyki<\/strong>\u201d. In italiano il termine usato \u00e8 \u201c<strong>scheda di dati di sicurezza<\/strong>\u201d.<\/p>\n<p style=\"text-align: justify;\">A parte il nome del documento, la maggior parte degli acronimi tecnici e scientifici all\u2019interno delle SDS \u00e8 comune a livello internazionale. Molti provengono dall\u2019inglese o da accordi internazionali (ad esempio ADR deriva dal francese ma \u00e8 utilizzato universalmente per indicare quell\u2019accordo). Ogni Paese pu\u00f2 avere sigle proprie per alcuni concetti (ad esempio l\u2019Ungheria utilizza <strong>\u00c1K<\/strong> e <strong>CK<\/strong> per i limiti di esposizione, laddove in Italia si usano sigle come <strong>TLV<\/strong> o <strong>VLE<\/strong>), ma nelle SDS destinate al pubblico italiano tali valori saranno adattati o spiegati. In definitiva, una SDS multilingue fornir\u00e0 sempre le traduzioni e le spiegazioni locali delle abbreviazioni, assicurando coerenza e comprensibilit\u00e0.<\/p>\n<p style=\"text-align: right;\"><a href=\"https:\/\/www.msds-europe.com\/sds-abbreviations-explained\/\">EN<\/a> I <a href=\"https:\/\/www.msds-europe.com\/de\/sdb-abkuerzungen-erklaerung\/\">DE<\/a> I <a href=\"https:\/\/www.msds-europe.com\/fr\/fds-abreviations-explication\/\">FR<\/a> I <a href=\"https:\/\/www.msds-europe.com\/es\/fds-abreviaturas-explicacion\/\">ES<\/a> I <strong>IT<\/strong> I <a href=\"https:\/\/www.msds-europe.com\/pl\/karta-charakterystyki-skroty-obja%c5%9bnienia\/\">PL<\/a> I <a href=\"https:\/\/www.msds-europe.com\/cs\/sds-zkratky-akronymy\/\">CS<\/a> I <a href=\"https:\/\/www.msds-europe.com\/ro\/fds-abrevieri-explicatii\/\">RO<\/a> I <a href=\"https:\/\/www.msds-europe.com\/sl\/sds-kratice-okrajsave\/\">SL<\/a> I <a href=\"https:\/\/www.msds-europe.com\/sk\/sds-skratky-akronymy\/\">SK<\/a> I <a href=\"https:\/\/www.biztonsagiadatlap.hu\/roviditesek-mozaikszavak-biztonsagi-adatlapokban\/\">HU<\/a><\/p>\n<p>&nbsp;<\/p>\n<h2 style=\"text-align: justify;\">Le abbreviazioni e gli acronimi pi\u00f9 comuni nelle SDS<\/h2>\n<p style=\"text-align: justify;\"><strong>Di seguito \u00e8 riportato un elenco di acronimi comunemente presenti nelle schede di dati di sicurezza, con la relativa spiegazione:<\/strong><\/p>\n<p>&nbsp;<\/p>\n<p style=\"text-align: justify;\"><strong>ADN<\/strong>: Accordo europeo relativo al trasporto internazionale di merci pericolose per vie navigabili interne.<\/p>\n<p style=\"text-align: justify;\"><strong>ADR<\/strong>: Accordo europeo relativo al trasporto internazionale di merci pericolose su strada.<\/p>\n<p style=\"text-align: justify;\"><strong>ATE<\/strong>: Stima della tossicit\u00e0 acuta.<\/p>\n<p style=\"text-align: justify;\"><strong>AOX<\/strong>: Alogenuri organici adsorbibili.<\/p>\n<p style=\"text-align: justify;\"><strong>BCF<\/strong>: Fattore di bioconcentrazione.<\/p>\n<p style=\"text-align: justify;\"><strong>BOD<\/strong>: Domanda biochimica di ossigeno.<\/p>\n<p style=\"text-align: justify;\"><strong>Numero CAS<\/strong>: numero del Chemical Abstracts Service.<\/p>\n<p style=\"text-align: justify;\"><strong>CLP<\/strong>: Regolamento (CE) n. 1272\/2008 relativo alla classificazione, all\u2019etichettatura e all\u2019imballaggio delle sostanze e delle miscele.<\/p>\n<p style=\"text-align: justify;\"><strong>Effetti CMR<\/strong>: effetti cancerogeni, mutageni e tossici per la riproduzione.<\/p>\n<p style=\"text-align: justify;\"><strong>COD<\/strong>: Domanda chimica di ossigeno.<\/p>\n<p style=\"text-align: justify;\"><strong>CSA<\/strong>: Valutazione della sicurezza chimica.<\/p>\n<p style=\"text-align: justify;\"><strong>CSR<\/strong>: Relazione sulla sicurezza chimica.<\/p>\n<p style=\"text-align: justify;\"><strong>DNEL<\/strong>: Livello derivato senza effetto.<\/p>\n<p style=\"text-align: justify;\"><strong>ECHA<\/strong>: Agenzia europea per le sostanze chimiche.<\/p>\n<p style=\"text-align: justify;\"><strong>CE<\/strong>: Comunit\u00e0 europea (CE).<\/p>\n<p style=\"text-align: justify;\"><strong>Numero CE<\/strong>: numeri EINECS ed ELINCS (vedi anche EINECS ed ELINCS).<\/p>\n<p style=\"text-align: justify;\"><strong>CEE<\/strong>: Comunit\u00e0 economica europea.<\/p>\n<p style=\"text-align: justify;\"><strong>SEE<\/strong>: Spazio economico europeo (UE + Islanda, Liechtenstein e Norvegia).<\/p>\n<p style=\"text-align: justify;\"><strong>EINECS<\/strong>: Inventario europeo delle sostanze chimiche esistenti a carattere commerciale.<\/p>\n<p style=\"text-align: justify;\"><strong>ELINCS<\/strong>: Elenco europeo delle sostanze chimiche notificate.<\/p>\n<p style=\"text-align: justify;\"><strong>EN<\/strong>: Norma europea.<\/p>\n<p style=\"text-align: justify;\"><strong>UE<\/strong>: Unione europea.<\/p>\n<p style=\"text-align: justify;\"><strong>EuPCS<\/strong>: Sistema europeo di categorizzazione dei prodotti.<\/p>\n<p style=\"text-align: justify;\"><strong>EWC<\/strong>: Catalogo europeo dei rifiuti (sostituito da LoW \u2013 vedi sotto).<\/p>\n<p style=\"text-align: justify;\"><strong>GHS<\/strong>: Sistema mondiale armonizzato di classificazione ed etichettatura dei prodotti chimici.<\/p>\n<p style=\"text-align: justify;\"><strong>IATA<\/strong>: Associazione internazionale del trasporto aereo.<\/p>\n<p style=\"text-align: justify;\"><strong>ICAO-TI<\/strong>: Istruzioni tecniche per il trasporto sicuro di merci pericolose per via aerea.<\/p>\n<p style=\"text-align: justify;\"><strong>IMDG<\/strong>: Codice marittimo internazionale delle merci pericolose.<\/p>\n<p style=\"text-align: justify;\"><strong>IMO<\/strong>: Organizzazione marittima internazionale.<\/p>\n<p style=\"text-align: justify;\"><strong>IMSBC<\/strong>: Codice internazionale per il trasporto marittimo di carichi solidi alla rinfusa.<\/p>\n<p style=\"text-align: justify;\"><strong>IUCLID<\/strong>: Banca dati internazionale delle informazioni chimiche uniformi.<\/p>\n<p style=\"text-align: justify;\"><strong>IUPAC<\/strong>: Unione internazionale di chimica pura e applicata.<\/p>\n<p style=\"text-align: justify;\"><strong>Kow<\/strong>: Coefficiente di ripartizione n-ottanolo\/acqua.<\/p>\n<p style=\"text-align: justify;\"><strong>LC50<\/strong>: Concentrazione letale per il 50% degli organismi esposti.<\/p>\n<p style=\"text-align: justify;\"><strong>LD50<\/strong>: Dose letale per il 50% degli organismi esposti (dose letale mediana).<\/p>\n<p style=\"text-align: justify;\"><strong>LoW<\/strong>: Elenco dei rifiuti.<\/p>\n<p style=\"text-align: justify;\"><strong>LOEC<\/strong>: Concentrazione minima alla quale si osserva un effetto.<\/p>\n<p style=\"text-align: justify;\"><strong>LOEL<\/strong>: Dose minima alla quale si osserva un effetto.<\/p>\n<p style=\"text-align: justify;\"><strong>NOEC<\/strong>: Concentrazione senza effetto osservabile.<\/p>\n<p style=\"text-align: justify;\"><strong>NOEL<\/strong>: Dose senza effetto osservabile.<\/p>\n<p style=\"text-align: justify;\"><strong>NOAEC<\/strong>: Concentrazione senza effetto avverso osservabile.<\/p>\n<p style=\"text-align: justify;\"><strong>NOAEL<\/strong>: Dose senza effetto avverso osservabile.<\/p>\n<p style=\"text-align: justify;\"><strong>OECD<\/strong>: Organizzazione per la cooperazione e lo sviluppo economico (OCSE).<\/p>\n<p style=\"text-align: justify;\"><strong>OSHA<\/strong>: Occupational Safety and Health Administration.<\/p>\n<p style=\"text-align: justify;\"><strong>PBT<\/strong>: Persistente, bioaccumulabile e tossico.<\/p>\n<p style=\"text-align: justify;\"><strong>PNEC<\/strong>: Concentrazione prevedibile priva di effetti.<\/p>\n<p style=\"text-align: justify;\"><strong>QSAR<\/strong>: Relazione quantitativa struttura-attivit\u00e0.<\/p>\n<p style=\"text-align: justify;\"><strong>REACH<\/strong>: Regolamento (CE) n. 1907\/2006 relativo alla registrazione, valutazione, autorizzazione e restrizione delle sostanze chimiche.<\/p>\n<p style=\"text-align: justify;\"><strong>RID<\/strong>: Regolamento concernente il trasporto internazionale di merci pericolose per ferrovia.<\/p>\n<p style=\"text-align: justify;\"><strong>SCBA<\/strong>: Apparecchio di protezione delle vie respiratorie ad aria compressa (autorespiratore).<\/p>\n<p style=\"text-align: justify;\"><strong>SDS<\/strong>: Scheda di dati di sicurezza.<\/p>\n<p style=\"text-align: justify;\"><strong>STOT<\/strong>: Tossicit\u00e0 specifica per organi bersaglio.<\/p>\n<p style=\"text-align: justify;\"><strong>SVHC<\/strong>: Sostanze estremamente preoccupanti.<\/p>\n<p style=\"text-align: justify;\"><strong>UN<\/strong>: Nazioni Unite.<\/p>\n<p style=\"text-align: justify;\"><strong>UVCB<\/strong>: Sostanze di composizione sconosciuta o variabile, prodotti di una reazione complessa o materiali biologici.<\/p>\n<p style=\"text-align: justify;\"><strong>COV<\/strong>: Composti organici volatili.<\/p>\n<p style=\"text-align: justify;\"><strong>vPvB<\/strong>: Molto persistente e molto bioaccumulabile.<\/p>\n<p>&nbsp;<\/p>\n<h4>Consulenza online gratuita<\/h4>\n<p style=\"text-align: justify;\">Se non hai trovato le informazioni che cercavi sul nostro sito, puoi inviare direttamente le tue domande sulle schede di dati di sicurezza al nostro esperto.<\/p>\n<p style=\"text-align: justify;\">Per inviare le domande, utilizza l\u2019apposita applicazione per l\u2019invio dei messaggi:<\/p>\n<p style=\"text-align: justify;\"><a href=\"https:\/\/www.msds-europe.com\/it\/consulenza-online\/\" class=\"su-button su-button-style-default\" style=\"color:#ffffff;background-color:#ef552d;border-color:#c04424;border-radius:6px\" target=\"_self\"><span style=\"color:#ffffff;padding:0px 18px;font-size:14px;line-height:28px;border-color:#f4886c;border-radius:6px;text-shadow:0px 0px 2px #ffffff\"> Chieda al nostro esperto di sicurezza chimica<\/span><\/a>\n<p>&nbsp;<\/p>\n<h4 style=\"text-align: justify;\"><span style=\"color: #333333;\">Altri servizi correlati<\/span><\/h4>\n<ul>\n<li style=\"text-align: justify;\"><a href=\"https:\/\/www.msds-europe.com\/it\/scheda-di-dati-di-sicurezza-compilazione-creazione\/\">Preparazione di una scheda di dati di sicurezza (creazione SDS)<\/a><\/li>\n<li style=\"text-align: justify;\"><a href=\"https:\/\/www.msds-europe.com\/it\/traduzione-scheda-dati-di-sicurezza\/\">Servizi di traduzione SDS<\/a><\/li>\n<li style=\"text-align: justify;\"><a href=\"https:\/\/www.msds-europe.com\/it\/servizio-ufi\/\">Notifica delle miscele tramite il portale PCN<\/a><\/li>\n<\/ul>\n<p>&nbsp;<\/p>\n<h4 style=\"text-align: justify;\"><span style=\"color: #333333;\">Articoli in primo piano<\/span><\/h4>\n<ul>\n<li style=\"text-align: justify;\"><a href=\"https:\/\/www.msds-europe.com\/it\/etichetta-clp-etichettatura-in-pratica\/\">Etichetta CLP, etichettatura in pratica<\/a><\/li>\n<li style=\"text-align: justify;\"><a href=\"https:\/\/www.msds-europe.com\/it\/trasmissione-pcn\/\">Trasmissione PCN<\/a><\/li>\n<li><a href=\"https:\/\/www.msds-europe.com\/it\/consigli-p\/\">Consigli di prudenza<\/a><\/li>\n<li><a href=\"https:\/\/www.msds-europe.com\/it\/indicazioni-di-pericolo-h\/\">Indicazioni di pericolo<\/a><\/li>\n<li><a href=\"https:\/\/www.msds-europe.com\/it\/elementi-di-forma-e-contenuto-di-una-scheda-di-dati-di-sicurezza\/\">Elementi di forma e contenuto di una scheda di dati di sicurezza<\/a><\/li>\n<\/ul>\n<p>&nbsp;<\/p>\n","protected":false},"excerpt":{"rendered":"<p>MSDS-Europe \u2013 Materiale di base utile e guide per le schede di dati di sicurezza \u2013 Abbreviazioni e acronimi nelle schede di dati di sicurezza &nbsp; Nelle schede di dati di sicurezza (SDS) \u00e8 richiesto, in particolare nella sezione 16 (\u201cAltre informazioni\u201d), di includere una legenda che spieghi tutte le&#8230;<\/p>\n","protected":false},"author":2,"featured_media":0,"parent":0,"menu_order":0,"comment_status":"closed","ping_status":"closed","template":"","meta":{"_acf_changed":false,"footnotes":""},"tags":[241,242],"class_list":["post-31628","page","type-page","status-publish","hentry","tag-scheda-di-dati-di-sicurezza-it","tag-scheda-di-dati-di-sicurezza-base-delle-conoscenze-it"],"acf":[],"yoast_head":"<!-- This site is optimized with the Yoast SEO plugin v27.2 - https:\/\/yoast.com\/product\/yoast-seo-wordpress\/ -->\n<title>Abbreviazioni e acronimi nelle schede di dati di sicurezza<\/title>\n<meta name=\"description\" content=\"Guida esperta alle abbreviazioni e agli acronimi pi\u00f9 comuni utilizzati nelle SDS, con definizioni chiare e spiegazioni dettagliate.\" \/>\n<meta name=\"robots\" content=\"index, follow, max-snippet:-1, max-image-preview:large, max-video-preview:-1\" \/>\n<link rel=\"canonical\" href=\"https:\/\/www.msds-europe.com\/it\/sds-abbreviazioni-spiegazione\/\" \/>\n<meta property=\"og:locale\" content=\"it_IT\" \/>\n<meta property=\"og:type\" content=\"article\" \/>\n<meta property=\"og:title\" content=\"Abbreviazioni e acronimi nelle schede di dati di sicurezza\" \/>\n<meta property=\"og:description\" content=\"Guida esperta alle abbreviazioni e agli acronimi pi\u00f9 comuni utilizzati nelle SDS, con definizioni chiare e spiegazioni dettagliate.\" \/>\n<meta property=\"og:url\" content=\"https:\/\/www.msds-europe.com\/it\/sds-abbreviazioni-spiegazione\/\" \/>\n<meta property=\"og:site_name\" content=\"MSDS Europe\" \/>\n<meta property=\"article:publisher\" content=\"https:\/\/www.facebook.com\/toxinfokft\/\" \/>\n<meta property=\"article:modified_time\" content=\"2026-02-17T13:57:42+00:00\" \/>\n<meta name=\"twitter:card\" content=\"summary_large_image\" \/>\n<meta name=\"twitter:site\" content=\"@ToxInfoKft\" \/>\n<meta name=\"twitter:label1\" content=\"Tempo di lettura stimato\" \/>\n\t<meta name=\"twitter:data1\" content=\"6 minuti\" \/>\n<script type=\"application\/ld+json\" class=\"yoast-schema-graph\">{\"@context\":\"https:\/\/schema.org\",\"@graph\":[{\"@type\":\"WebPage\",\"@id\":\"https:\/\/www.msds-europe.com\/it\/sds-abbreviazioni-spiegazione\/\",\"url\":\"https:\/\/www.msds-europe.com\/it\/sds-abbreviazioni-spiegazione\/\",\"name\":\"Abbreviazioni e acronimi nelle schede di dati di sicurezza\",\"isPartOf\":{\"@id\":\"https:\/\/www.msds-europe.com\/es\/#website\"},\"datePublished\":\"2025-04-25T15:10:55+00:00\",\"dateModified\":\"2026-02-17T13:57:42+00:00\",\"description\":\"Guida esperta alle abbreviazioni e agli acronimi pi\u00f9 comuni utilizzati nelle SDS, con definizioni chiare e spiegazioni dettagliate.\",\"breadcrumb\":{\"@id\":\"https:\/\/www.msds-europe.com\/it\/sds-abbreviazioni-spiegazione\/#breadcrumb\"},\"inLanguage\":\"it-IT\",\"potentialAction\":[{\"@type\":\"ReadAction\",\"target\":[\"https:\/\/www.msds-europe.com\/it\/sds-abbreviazioni-spiegazione\/\"]}]},{\"@type\":\"BreadcrumbList\",\"@id\":\"https:\/\/www.msds-europe.com\/it\/sds-abbreviazioni-spiegazione\/#breadcrumb\",\"itemListElement\":[{\"@type\":\"ListItem\",\"position\":1,\"name\":\"F\u0151oldal\",\"item\":\"https:\/\/www.msds-europe.com\/it\/\"},{\"@type\":\"ListItem\",\"position\":2,\"name\":\"Abbreviazioni e acronimi nelle schede di dati di sicurezza\"}]},{\"@type\":\"WebSite\",\"@id\":\"https:\/\/www.msds-europe.com\/es\/#website\",\"url\":\"https:\/\/www.msds-europe.com\/es\/\",\"name\":\"MSDS Europe\",\"description\":\"\",\"publisher\":{\"@id\":\"https:\/\/www.msds-europe.com\/es\/#organization\"},\"potentialAction\":[{\"@type\":\"SearchAction\",\"target\":{\"@type\":\"EntryPoint\",\"urlTemplate\":\"https:\/\/www.msds-europe.com\/es\/?s={search_term_string}\"},\"query-input\":{\"@type\":\"PropertyValueSpecification\",\"valueRequired\":true,\"valueName\":\"search_term_string\"}}],\"inLanguage\":\"it-IT\"},{\"@type\":\"Organization\",\"@id\":\"https:\/\/www.msds-europe.com\/es\/#organization\",\"name\":\"MSDS-Europe International branch of ToxInfo\",\"url\":\"https:\/\/www.msds-europe.com\/es\/\",\"logo\":{\"@type\":\"ImageObject\",\"inLanguage\":\"it-IT\",\"@id\":\"https:\/\/www.msds-europe.com\/es\/#\/schema\/logo\/image\/\",\"url\":\"https:\/\/www.msds-europe.com\/wp-content\/uploads\/2021\/04\/msds-europe-logo.jpg\",\"contentUrl\":\"https:\/\/www.msds-europe.com\/wp-content\/uploads\/2021\/04\/msds-europe-logo.jpg\",\"width\":2296,\"height\":1067,\"caption\":\"MSDS-Europe International branch of ToxInfo\"},\"image\":{\"@id\":\"https:\/\/www.msds-europe.com\/es\/#\/schema\/logo\/image\/\"},\"sameAs\":[\"https:\/\/www.facebook.com\/toxinfokft\/\",\"https:\/\/x.com\/ToxInfoKft\"]}]}<\/script>\n<!-- \/ Yoast SEO plugin. -->","yoast_head_json":{"title":"Abbreviazioni e acronimi nelle schede di dati di sicurezza","description":"Guida esperta alle abbreviazioni e agli acronimi pi\u00f9 comuni utilizzati nelle SDS, con definizioni chiare e spiegazioni dettagliate.","robots":{"index":"index","follow":"follow","max-snippet":"max-snippet:-1","max-image-preview":"max-image-preview:large","max-video-preview":"max-video-preview:-1"},"canonical":"https:\/\/www.msds-europe.com\/it\/sds-abbreviazioni-spiegazione\/","og_locale":"it_IT","og_type":"article","og_title":"Abbreviazioni e acronimi nelle schede di dati di sicurezza","og_description":"Guida esperta alle abbreviazioni e agli acronimi pi\u00f9 comuni utilizzati nelle SDS, con definizioni chiare e spiegazioni dettagliate.","og_url":"https:\/\/www.msds-europe.com\/it\/sds-abbreviazioni-spiegazione\/","og_site_name":"MSDS Europe","article_publisher":"https:\/\/www.facebook.com\/toxinfokft\/","article_modified_time":"2026-02-17T13:57:42+00:00","twitter_card":"summary_large_image","twitter_site":"@ToxInfoKft","twitter_misc":{"Tempo di lettura stimato":"6 minuti"},"schema":{"@context":"https:\/\/schema.org","@graph":[{"@type":"WebPage","@id":"https:\/\/www.msds-europe.com\/it\/sds-abbreviazioni-spiegazione\/","url":"https:\/\/www.msds-europe.com\/it\/sds-abbreviazioni-spiegazione\/","name":"Abbreviazioni e acronimi nelle schede di dati di sicurezza","isPartOf":{"@id":"https:\/\/www.msds-europe.com\/es\/#website"},"datePublished":"2025-04-25T15:10:55+00:00","dateModified":"2026-02-17T13:57:42+00:00","description":"Guida esperta alle abbreviazioni e agli acronimi pi\u00f9 comuni utilizzati nelle SDS, con definizioni chiare e spiegazioni dettagliate.","breadcrumb":{"@id":"https:\/\/www.msds-europe.com\/it\/sds-abbreviazioni-spiegazione\/#breadcrumb"},"inLanguage":"it-IT","potentialAction":[{"@type":"ReadAction","target":["https:\/\/www.msds-europe.com\/it\/sds-abbreviazioni-spiegazione\/"]}]},{"@type":"BreadcrumbList","@id":"https:\/\/www.msds-europe.com\/it\/sds-abbreviazioni-spiegazione\/#breadcrumb","itemListElement":[{"@type":"ListItem","position":1,"name":"F\u0151oldal","item":"https:\/\/www.msds-europe.com\/it\/"},{"@type":"ListItem","position":2,"name":"Abbreviazioni e acronimi nelle schede di dati di sicurezza"}]},{"@type":"WebSite","@id":"https:\/\/www.msds-europe.com\/es\/#website","url":"https:\/\/www.msds-europe.com\/es\/","name":"MSDS Europe","description":"","publisher":{"@id":"https:\/\/www.msds-europe.com\/es\/#organization"},"potentialAction":[{"@type":"SearchAction","target":{"@type":"EntryPoint","urlTemplate":"https:\/\/www.msds-europe.com\/es\/?s={search_term_string}"},"query-input":{"@type":"PropertyValueSpecification","valueRequired":true,"valueName":"search_term_string"}}],"inLanguage":"it-IT"},{"@type":"Organization","@id":"https:\/\/www.msds-europe.com\/es\/#organization","name":"MSDS-Europe International branch of ToxInfo","url":"https:\/\/www.msds-europe.com\/es\/","logo":{"@type":"ImageObject","inLanguage":"it-IT","@id":"https:\/\/www.msds-europe.com\/es\/#\/schema\/logo\/image\/","url":"https:\/\/www.msds-europe.com\/wp-content\/uploads\/2021\/04\/msds-europe-logo.jpg","contentUrl":"https:\/\/www.msds-europe.com\/wp-content\/uploads\/2021\/04\/msds-europe-logo.jpg","width":2296,"height":1067,"caption":"MSDS-Europe International branch of ToxInfo"},"image":{"@id":"https:\/\/www.msds-europe.com\/es\/#\/schema\/logo\/image\/"},"sameAs":["https:\/\/www.facebook.com\/toxinfokft\/","https:\/\/x.com\/ToxInfoKft"]}]}},"_links":{"self":[{"href":"https:\/\/www.msds-europe.com\/it\/wp-json\/wp\/v2\/pages\/31628","targetHints":{"allow":["GET"]}}],"collection":[{"href":"https:\/\/www.msds-europe.com\/it\/wp-json\/wp\/v2\/pages"}],"about":[{"href":"https:\/\/www.msds-europe.com\/it\/wp-json\/wp\/v2\/types\/page"}],"author":[{"embeddable":true,"href":"https:\/\/www.msds-europe.com\/it\/wp-json\/wp\/v2\/users\/2"}],"replies":[{"embeddable":true,"href":"https:\/\/www.msds-europe.com\/it\/wp-json\/wp\/v2\/comments?post=31628"}],"version-history":[{"count":10,"href":"https:\/\/www.msds-europe.com\/it\/wp-json\/wp\/v2\/pages\/31628\/revisions"}],"predecessor-version":[{"id":36870,"href":"https:\/\/www.msds-europe.com\/it\/wp-json\/wp\/v2\/pages\/31628\/revisions\/36870"}],"wp:attachment":[{"href":"https:\/\/www.msds-europe.com\/it\/wp-json\/wp\/v2\/media?parent=31628"}],"wp:term":[{"taxonomy":"post_tag","embeddable":true,"href":"https:\/\/www.msds-europe.com\/it\/wp-json\/wp\/v2\/tags?post=31628"}],"curies":[{"name":"wp","href":"https:\/\/api.w.org\/{rel}","templated":true}]}}