{"id":28206,"date":"2023-02-16T08:58:57","date_gmt":"2023-02-16T08:58:57","guid":{"rendered":"https:\/\/www.msds-europe.com\/?page_id=28206"},"modified":"2023-02-22T07:27:04","modified_gmt":"2023-02-22T07:27:04","slug":"obbligo-di-notifica-per-linventario-di-classificazione-ed-etichettatura","status":"publish","type":"page","link":"https:\/\/www.msds-europe.com\/it\/obbligo-di-notifica-per-linventario-di-classificazione-ed-etichettatura\/","title":{"rendered":"Obbligo di notifica per l&#8217;inventario di classificazione ed etichettatura"},"content":{"rendered":"<p style=\"text-align: right;\"><em><a href=\"https:\/\/www.msds-europe.com\/it\/sds-base-conoscenze\/\">Scheda di dati di sicurezza base delle conoscenze<\/a> &#8211; Obbligo di notifica per l&#8217;inventario di classificazione ed etichettatura<\/em><\/p>\n<p style=\"text-align: justify;\">Le informazioni sull&#8217;identificazione, la classificazione e l&#8217;<a href=\"https:\/\/www.msds-europe.com\/it\/creazione-bozza-etichetta\/\">etichettatura<\/a> della sostanza devono essere notificate all&#8217;Agenzia. La notifica CLP \u00e8 gratuita ed \u00e8 obbligatoria entro un mese dalla messa in commercio della sostanza.<\/p>\n<p>&nbsp;<\/p>\n<ul>\n<li><a href=\"#chi-obbligo\">Chi ha l&#8217;obbligo di notifica all&#8217;inventario di classificazione ed etichettatura<\/a><\/li>\n<li><a href=\"#aggiornamento\">Aggiornamento dei dati notificati<\/a><\/li>\n<li><a href=\"#dati\">Dati da notificare all&#8217;inventario di classificazione ed etichettatura del CLP<\/a><\/li>\n<li><a href=\"#classificazione\">Classificazione pericolosa<\/a><\/li>\n<li><a href=\"#formato\">Il formato della notifica inviata all&#8217;inventario di classificazione e etichettatura CLP<\/a><\/li>\n<li style=\"text-align: justify;\"><a href=\"#nuove-informazioni\">Presentazione di nuove informazioni che influenzano la classificazione e l&#8217;etichettatura nell&#8217;inventario di classificazione e etichettatura (C&amp;L)<\/a><\/li>\n<li><a href=\"#inventario-etichettatura\">L&#8217;inventario di etichettatura<\/a><\/li>\n<li><a href=\"#registri-informativi\">Registri informativi<\/a><\/li>\n<li><a href=\"#controllo\">Controllo delle informazioni<\/a><\/li>\n<li><a href=\"#riepilogo\">Riepilogo<\/a><\/li>\n<\/ul>\n<p>&nbsp;<\/p>\n<p><a name=\"chi-obbligo\"><\/a><\/p>\n<h2 style=\"text-align: justify;\">Chi ha l&#8217;obbligo di notifica all&#8217;inventario di classificazione ed etichettatura<\/h2>\n<p style=\"text-align: justify;\">I produttori e gli importatori che pongono una sostanza sul mercato, nel caso in cui siano soddisfatte una delle seguenti condizioni:<\/p>\n<ul>\n<li style=\"text-align: justify;\">Sono soggetti a registrazione ai sensi di REACH (\u2265 1 tonnellata\/anno) e gi\u00e0 presenti sul mercato.<\/li>\n<li style=\"text-align: justify;\">Sono classificati come pericolosi ai sensi del CLP e gi\u00e0 presenti sul mercato, indipendentemente dalla quantit\u00e0.<\/li>\n<li style=\"text-align: justify;\">Sono classificati come pericolosi ai sensi del CLP e presenti in una miscela sopra i limiti di concentrazione specificati nell&#8217;Allegato I del CLP, il che comporta la classificazione della miscela come pericolosa.<\/li>\n<\/ul>\n<p style=\"text-align: justify;\"><em>*Non \u00e8 necessario notificare separatamente una sostanza gi\u00e0 registrata ai sensi di REACH quando le informazioni da notificare sono gi\u00e0 state fornite come parte del dossier di registrazione REACH. Ci\u00f2 si applica anche a determinate sostanze contenute in articoli in cui l&#8217;articolo 7 di REACH prevede la loro registrazione.<\/em><\/p>\n<p style=\"text-align: justify;\">Se sei un utilizzatore a valle che formula una miscela, un distributore o un produttore di articoli, non hai l&#8217;obbligo di notifica all&#8217;Agenzia, poich\u00e9 la notifica per la tua sostanza \u00e8 gi\u00e0 avvenuta in una fase precedente della catena di fornitura.<\/p>\n<p>&nbsp;<\/p>\n<p><a name=\"aggiornamento\"><\/a><\/p>\n<h2>Aggiornamento dei dati notificati<\/h2>\n<p style=\"text-align: justify;\">C&#8217;\u00e8 anche l&#8217;obbligo di aggiornare le informazioni inviate per la notifica.<\/p>\n<p style=\"text-align: justify;\">Nel caso in cui disponi di <a href=\"https:\/\/www.msds-europe.com\/it\/sds-revisione-aggiornamento\/\">nuove informazioni<\/a> che portano a una revisione degli elementi di classificazione e di etichettatura di una sostanza.<\/p>\n<p>&nbsp;<\/p>\n<p><a name=\"dati\"><\/a><\/p>\n<h2 style=\"text-align: justify;\">Dati da notificare all&#8217;inventario di classificazione ed etichettatura del CLP<\/h2>\n<ul>\n<li style=\"text-align: justify;\">Dati generali riguardanti il soggetto che effettua la notifica<\/li>\n<li style=\"text-align: justify;\">Identificazione della sostanza<\/li>\n<li style=\"text-align: justify;\">Classificazione CLP della sostanza<\/li>\n<li style=\"text-align: justify;\">Nel caso in cui la sostanza sia stata classificata in alcune ma non in tutte le classi di pericolo o differenziazioni CLP, indicazione se ci\u00f2 \u00e8 dovuto a mancanza di dati, dati inconcludenti o dati che sono concluenti per la non classificazione.<\/li>\n<li style=\"text-align: justify;\">Se applicabile, limiti di concentrazione specifici o fattori M correlati alla classificazione come pericoloso per l&#8217;ambiente acquatico, ad esempio la categoria acuta 1 e la categoria cronica 1, insieme a una giustificazione per il loro utilizzo.<\/li>\n<li style=\"text-align: justify;\">Gli elementi di etichettatura per la sostanza, comprese le dichiarazioni di pericolo supplementari di cui all&#8217;articolo 25 (1) del CLP.<\/li>\n<\/ul>\n<p style=\"text-align: justify;\"><em>Utilizzando il sistema REACH-IT, la gamma di dati da fornire sar\u00e0 leggermente diversa e, nella pratica, il processo apparir\u00e0 diverso.<\/em><\/p>\n<p>&nbsp;<\/p>\n<p><a name=\"classificazione\"><\/a><\/p>\n<h2>Classificazione pericolosa<\/h2>\n<p style=\"text-align: justify;\">Il regolamento CLP coinvolge attivamente i partecipanti delle industrie nell&#8217;individuazione delle classi di pericolo.<\/p>\n<p style=\"text-align: justify;\">Ovviamente, ci\u00f2 pu\u00f2 significare che una sostanza viene classificata in diverse classi di pericolo da parte di singoli notificatori.<\/p>\n<p style=\"text-align: justify;\">In tal caso, il regolamento CLP ordina ai notificatori o ai registranti di fare ogni sforzo per giungere a una voce concordata da includere nell&#8217;inventario. Tuttavia, \u00e8 possibile classificare la tua sostanza in modo diverso rispetto a un&#8217;altra voce, purch\u00e9 includi le ragioni nella tua notifica.<\/p>\n<p style=\"text-align: justify;\">Al contrario, se la tua sostanza ha una classificazione armonizzata, devi classificarla in conformit\u00e0 con la classificazione armonizzata elencata nella parte 3 dell&#8217;Allegato VI al regolamento CLP e includere questa classificazione nella tua notifica.<\/p>\n<p>&nbsp;<\/p>\n<p><a name=\"formato\"><\/a><\/p>\n<h2 style=\"text-align: justify;\">Il formato della notifica inviata all&#8217;inventario di classificazione e etichettatura CLP<\/h2>\n<p style=\"text-align: justify;\">La tua notifica deve essere nel formato specificato dall&#8217;Agenzia. Il dossier di notifica pu\u00f2 essere creato online utilizzando lo strumento REACH-IT o pu\u00f2 essere creato in IUCLID 6 (Banca dati internazionale uniforme per le informazioni chimiche).<\/p>\n<p>&nbsp;<\/p>\n<p><a name=\"nuove-informazioni\"><\/a><\/p>\n<h2 style=\"text-align: justify;\">Presentazione di nuove informazioni che influenzano la classificazione e l&#8217;etichettatura nell&#8217;inventario di classificazione e etichettatura (C&amp;L)<\/h2>\n<p style=\"text-align: justify;\">Il produttore, l&#8217;importatore o l&#8217;utente a valle possono anche presentare proposte all&#8217;Agenzia per modificare la <a href=\"https:\/\/www.msds-europe.com\/it\/scheda-di-dati-di-sicurezza-compilazione-creazione\/\">classificazione<\/a> delle sostanze classificate come cancerogene, mutagene o tossiche per la riproduzione (CMR) o sensibilizzanti per le vie respiratorie, se possono fornire argomenti giustificativi per la necessit\u00e0 di tale modifica.<\/p>\n<p>&nbsp;<\/p>\n<p><a name=\"inventario-etichettatura\"><\/a><\/p>\n<h2>L&#8217;inventario di etichettatura<\/h2>\n<p style=\"text-align: justify;\">Le classificazioni di tutte le sostanze notificate in base al CLP o registrate in base a REACH sono incluse (o saranno incluse) nell&#8217;inventario di classificazione ed etichettatura stabilito presso l&#8217;Agenzia.<\/p>\n<p style=\"text-align: justify;\">L&#8217;inventario indica se una classificazione \u00e8 armonizzata o se \u00e8 stata concordata tra due o pi\u00f9 notificatori o registranti.<\/p>\n<p>&nbsp;<\/p>\n<p><a name=\"registri-informativi\"><\/a><\/p>\n<h2>Registri informativi<\/h2>\n<p style=\"text-align: justify;\">Come produttore di sostanze, importatore di sostanze o miscele o come utente a valle, \u00e8 necessario raccogliere e mantenere a disposizione tutte le informazioni che hai utilizzato per la classificazione e l&#8217;etichettatura della tua sostanza o miscela. Queste informazioni devono essere conservate per almeno 10 anni dopo l&#8217;ultima fornitura della sostanza o della miscela.<\/p>\n<p style=\"text-align: justify;\">Come distributore, devi allo stesso modo raccogliere e mantenere a disposizione tutte le informazioni che hai utilizzato per l&#8217;etichettatura.<\/p>\n<p>&nbsp;<\/p>\n<p><a name=\"controllo\"><\/a><\/p>\n<h2>Controllo delle informazioni<\/h2>\n<p style=\"text-align: justify;\">L&#8217;autorit\u00e0 competente o le autorit\u00e0 di vigilanza dello Stato membro in cui \u00e8 stabilita la tua azienda o l&#8217;ECHA possono richiedere tutte le informazioni che hai utilizzato per la classificazione e l&#8217;etichettatura ai sensi del CLP.<\/p>\n<p style=\"text-align: justify;\">Tuttavia, se le informazioni richieste da un&#8217;autorit\u00e0 competente sono incluse nella tua notifica ai sensi del CLP o nella tua registrazione ai sensi di REACH, queste informazioni saranno disponibili all&#8217;ECHA e l&#8217;autorit\u00e0 competente dovr\u00e0 indirizzare la richiesta all&#8217;ECHA.<\/p>\n<p>&nbsp;<\/p>\n<p><a name=\"riepilogo\"><\/a><\/p>\n<h2>Riepilogo<\/h2>\n<p style=\"text-align: justify;\">Il presente articolo discute le obbligazioni dei produttori e degli importatori di notificare le informazioni sull&#8217;identificazione, classificazione ed etichettatura delle sostanze all&#8217;Agenzia europea delle sostanze chimiche (ECHA).<\/p>\n<p style=\"text-align: justify;\">La notifica CLP \u00e8 gratuita ed obbligatoria da presentare entro un mese dal momento in cui la sostanza viene messa sul mercato. I produttori e gli importatori sono tenuti a notificare le sostanze soggette a registrazione ai sensi di REACH, classificate come pericolose ai sensi del CLP o classificate come pericolose e presenti in una miscela al di sopra dei limiti di concentrazione specificati nell&#8217;Allegato I del CLP. Gli utenti a valle che formulano una miscela, i distributori o i produttori di articoli sono esenti da questo obbligo di notifica.<\/p>\n<p style=\"text-align: justify;\">I dati notificati devono essere aggiornati ogni volta che nuove informazioni portano ad una revisione degli elementi di classificazione e di etichettatura di una sostanza.<\/p>\n<p style=\"text-align: justify;\">L&#8217;articolo spiega anche i dati richiesti da notificare all&#8217;inventario di classificazione e etichettatura del CLP, il formato della notifica e come presentare nuove informazioni che influenzano la classificazione e l&#8217;etichettatura.<\/p>\n<p style=\"text-align: justify;\">Le classificazioni di tutte le sostanze notificate ai sensi del CLP o registrate ai sensi di REACH sono incluse nell&#8217;inventario di classificazione e etichettatura stabilito presso l&#8217;ECHA.<\/p>\n<p style=\"text-align: justify;\">Infine, i produttori, gli importatori, gli utenti a valle e i distributori devono avere a disposizione tutte le informazioni utilizzate per la classificazione e l&#8217;etichettatura, che possono essere verificate dalle autorit\u00e0 competenti o dalle autorit\u00e0 di controllo dello Stato membro.<\/p>\n<p>&nbsp;<\/p>\n<h4><span style=\"color: #333333;\">Articoli correlati<\/span><\/h4>\n<ul>\n<li><a href=\"https:\/\/www.msds-europe.com\/it\/etichetta-clp-etichettatura-in-pratica\/\">Etichetta CLP, etichettatura in pratica<\/a><\/li>\n<li><a href=\"https:\/\/www.msds-europe.com\/it\/elementi-di-forma-e-contenuto-di-una-scheda-di-dati-di-sicurezza\/\">Elementi di forma e contenuto di una scheda di dati di sicurezza<\/a><\/li>\n<\/ul>\n<p>&nbsp;<\/p>\n<h4><span style=\"color: #333333;\">Servizi consigliati<\/span><\/h4>\n<ul>\n<li><a href=\"https:\/\/www.msds-europe.com\/it\/traduzione-scheda-dati-di-sicurezza\/\">Traduzione delle schede di dati di sicurezza<\/a><\/li>\n<li><a href=\"https:\/\/www.msds-europe.com\/it\/sds-revisione-aggiornamento\/\">Revisione, aggiornamento delle schede di dati di sicurezza<\/a><\/li>\n<li><a href=\"https:\/\/www.msds-europe.com\/it\/servizio-ufi\/\">I nostri servizi relativi alla notifica PCN<\/a><\/li>\n<\/ul>\n<p>&nbsp;<\/p>\n","protected":false},"excerpt":{"rendered":"<p>Scheda di dati di sicurezza base delle conoscenze &#8211; Obbligo di notifica per l&#8217;inventario di classificazione ed etichettatura Le informazioni sull&#8217;identificazione, la classificazione e l&#8217;etichettatura della sostanza devono essere notificate all&#8217;Agenzia. La notifica CLP \u00e8 gratuita ed \u00e8 obbligatoria entro un mese dalla messa in commercio della sostanza. &nbsp; Chi&#8230;<\/p>\n","protected":false},"author":2,"featured_media":0,"parent":0,"menu_order":0,"comment_status":"closed","ping_status":"closed","template":"","meta":{"_acf_changed":false,"footnotes":""},"tags":[242],"class_list":["post-28206","page","type-page","status-publish","hentry","tag-scheda-di-dati-di-sicurezza-base-delle-conoscenze-it"],"acf":[],"yoast_head":"<!-- This site is optimized with the Yoast SEO plugin v27.2 - https:\/\/yoast.com\/product\/yoast-seo-wordpress\/ -->\n<title>Obbligo di notifica per l&#039;inventario di classificazione ed etichettatura<\/title>\n<meta name=\"description\" content=\"Obblighi di notifica degli importatori di sostanze e miscele per l&#039;inventario di classificazione e etichettatura CLP.\" \/>\n<meta name=\"robots\" content=\"index, follow, max-snippet:-1, max-image-preview:large, max-video-preview:-1\" \/>\n<link rel=\"canonical\" href=\"https:\/\/www.msds-europe.com\/it\/obbligo-di-notifica-per-linventario-di-classificazione-ed-etichettatura\/\" \/>\n<meta property=\"og:locale\" content=\"it_IT\" \/>\n<meta property=\"og:type\" content=\"article\" \/>\n<meta property=\"og:title\" content=\"Obbligo di notifica per l&#039;inventario di classificazione ed etichettatura\" \/>\n<meta property=\"og:description\" content=\"Obblighi di notifica degli importatori di sostanze e miscele per l&#039;inventario di classificazione e etichettatura CLP.\" \/>\n<meta property=\"og:url\" content=\"https:\/\/www.msds-europe.com\/it\/obbligo-di-notifica-per-linventario-di-classificazione-ed-etichettatura\/\" \/>\n<meta property=\"og:site_name\" content=\"MSDS Europe\" \/>\n<meta property=\"article:publisher\" content=\"https:\/\/www.facebook.com\/toxinfokft\/\" \/>\n<meta property=\"article:modified_time\" content=\"2023-02-22T07:27:04+00:00\" \/>\n<meta name=\"twitter:card\" content=\"summary_large_image\" \/>\n<meta name=\"twitter:site\" content=\"@ToxInfoKft\" \/>\n<meta name=\"twitter:label1\" content=\"Tempo di lettura stimato\" \/>\n\t<meta name=\"twitter:data1\" content=\"6 minuti\" \/>\n<script type=\"application\/ld+json\" class=\"yoast-schema-graph\">{\"@context\":\"https:\/\/schema.org\",\"@graph\":[{\"@type\":\"WebPage\",\"@id\":\"https:\/\/www.msds-europe.com\/it\/obbligo-di-notifica-per-linventario-di-classificazione-ed-etichettatura\/\",\"url\":\"https:\/\/www.msds-europe.com\/it\/obbligo-di-notifica-per-linventario-di-classificazione-ed-etichettatura\/\",\"name\":\"Obbligo di notifica per l'inventario di classificazione ed etichettatura\",\"isPartOf\":{\"@id\":\"https:\/\/www.msds-europe.com\/es\/#website\"},\"datePublished\":\"2023-02-16T08:58:57+00:00\",\"dateModified\":\"2023-02-22T07:27:04+00:00\",\"description\":\"Obblighi di notifica degli importatori di sostanze e miscele per l'inventario di classificazione e etichettatura CLP.\",\"breadcrumb\":{\"@id\":\"https:\/\/www.msds-europe.com\/it\/obbligo-di-notifica-per-linventario-di-classificazione-ed-etichettatura\/#breadcrumb\"},\"inLanguage\":\"it-IT\",\"potentialAction\":[{\"@type\":\"ReadAction\",\"target\":[\"https:\/\/www.msds-europe.com\/it\/obbligo-di-notifica-per-linventario-di-classificazione-ed-etichettatura\/\"]}]},{\"@type\":\"BreadcrumbList\",\"@id\":\"https:\/\/www.msds-europe.com\/it\/obbligo-di-notifica-per-linventario-di-classificazione-ed-etichettatura\/#breadcrumb\",\"itemListElement\":[{\"@type\":\"ListItem\",\"position\":1,\"name\":\"F\u0151oldal\",\"item\":\"https:\/\/www.msds-europe.com\/it\/\"},{\"@type\":\"ListItem\",\"position\":2,\"name\":\"Obbligo di notifica per l&#8217;inventario di classificazione ed etichettatura\"}]},{\"@type\":\"WebSite\",\"@id\":\"https:\/\/www.msds-europe.com\/es\/#website\",\"url\":\"https:\/\/www.msds-europe.com\/es\/\",\"name\":\"MSDS Europe\",\"description\":\"\",\"publisher\":{\"@id\":\"https:\/\/www.msds-europe.com\/es\/#organization\"},\"potentialAction\":[{\"@type\":\"SearchAction\",\"target\":{\"@type\":\"EntryPoint\",\"urlTemplate\":\"https:\/\/www.msds-europe.com\/es\/?s={search_term_string}\"},\"query-input\":{\"@type\":\"PropertyValueSpecification\",\"valueRequired\":true,\"valueName\":\"search_term_string\"}}],\"inLanguage\":\"it-IT\"},{\"@type\":\"Organization\",\"@id\":\"https:\/\/www.msds-europe.com\/es\/#organization\",\"name\":\"MSDS-Europe International branch of ToxInfo\",\"url\":\"https:\/\/www.msds-europe.com\/es\/\",\"logo\":{\"@type\":\"ImageObject\",\"inLanguage\":\"it-IT\",\"@id\":\"https:\/\/www.msds-europe.com\/es\/#\/schema\/logo\/image\/\",\"url\":\"https:\/\/www.msds-europe.com\/wp-content\/uploads\/2021\/04\/msds-europe-logo.jpg\",\"contentUrl\":\"https:\/\/www.msds-europe.com\/wp-content\/uploads\/2021\/04\/msds-europe-logo.jpg\",\"width\":2296,\"height\":1067,\"caption\":\"MSDS-Europe International branch of ToxInfo\"},\"image\":{\"@id\":\"https:\/\/www.msds-europe.com\/es\/#\/schema\/logo\/image\/\"},\"sameAs\":[\"https:\/\/www.facebook.com\/toxinfokft\/\",\"https:\/\/x.com\/ToxInfoKft\"]}]}<\/script>\n<!-- \/ Yoast SEO plugin. -->","yoast_head_json":{"title":"Obbligo di notifica per l'inventario di classificazione ed etichettatura","description":"Obblighi di notifica degli importatori di sostanze e miscele per l'inventario di classificazione e etichettatura CLP.","robots":{"index":"index","follow":"follow","max-snippet":"max-snippet:-1","max-image-preview":"max-image-preview:large","max-video-preview":"max-video-preview:-1"},"canonical":"https:\/\/www.msds-europe.com\/it\/obbligo-di-notifica-per-linventario-di-classificazione-ed-etichettatura\/","og_locale":"it_IT","og_type":"article","og_title":"Obbligo di notifica per l'inventario di classificazione ed etichettatura","og_description":"Obblighi di notifica degli importatori di sostanze e miscele per l'inventario di classificazione e etichettatura CLP.","og_url":"https:\/\/www.msds-europe.com\/it\/obbligo-di-notifica-per-linventario-di-classificazione-ed-etichettatura\/","og_site_name":"MSDS Europe","article_publisher":"https:\/\/www.facebook.com\/toxinfokft\/","article_modified_time":"2023-02-22T07:27:04+00:00","twitter_card":"summary_large_image","twitter_site":"@ToxInfoKft","twitter_misc":{"Tempo di lettura stimato":"6 minuti"},"schema":{"@context":"https:\/\/schema.org","@graph":[{"@type":"WebPage","@id":"https:\/\/www.msds-europe.com\/it\/obbligo-di-notifica-per-linventario-di-classificazione-ed-etichettatura\/","url":"https:\/\/www.msds-europe.com\/it\/obbligo-di-notifica-per-linventario-di-classificazione-ed-etichettatura\/","name":"Obbligo di notifica per l'inventario di classificazione ed etichettatura","isPartOf":{"@id":"https:\/\/www.msds-europe.com\/es\/#website"},"datePublished":"2023-02-16T08:58:57+00:00","dateModified":"2023-02-22T07:27:04+00:00","description":"Obblighi di notifica degli importatori di sostanze e miscele per l'inventario di classificazione e etichettatura CLP.","breadcrumb":{"@id":"https:\/\/www.msds-europe.com\/it\/obbligo-di-notifica-per-linventario-di-classificazione-ed-etichettatura\/#breadcrumb"},"inLanguage":"it-IT","potentialAction":[{"@type":"ReadAction","target":["https:\/\/www.msds-europe.com\/it\/obbligo-di-notifica-per-linventario-di-classificazione-ed-etichettatura\/"]}]},{"@type":"BreadcrumbList","@id":"https:\/\/www.msds-europe.com\/it\/obbligo-di-notifica-per-linventario-di-classificazione-ed-etichettatura\/#breadcrumb","itemListElement":[{"@type":"ListItem","position":1,"name":"F\u0151oldal","item":"https:\/\/www.msds-europe.com\/it\/"},{"@type":"ListItem","position":2,"name":"Obbligo di notifica per l&#8217;inventario di classificazione ed etichettatura"}]},{"@type":"WebSite","@id":"https:\/\/www.msds-europe.com\/es\/#website","url":"https:\/\/www.msds-europe.com\/es\/","name":"MSDS Europe","description":"","publisher":{"@id":"https:\/\/www.msds-europe.com\/es\/#organization"},"potentialAction":[{"@type":"SearchAction","target":{"@type":"EntryPoint","urlTemplate":"https:\/\/www.msds-europe.com\/es\/?s={search_term_string}"},"query-input":{"@type":"PropertyValueSpecification","valueRequired":true,"valueName":"search_term_string"}}],"inLanguage":"it-IT"},{"@type":"Organization","@id":"https:\/\/www.msds-europe.com\/es\/#organization","name":"MSDS-Europe International branch of ToxInfo","url":"https:\/\/www.msds-europe.com\/es\/","logo":{"@type":"ImageObject","inLanguage":"it-IT","@id":"https:\/\/www.msds-europe.com\/es\/#\/schema\/logo\/image\/","url":"https:\/\/www.msds-europe.com\/wp-content\/uploads\/2021\/04\/msds-europe-logo.jpg","contentUrl":"https:\/\/www.msds-europe.com\/wp-content\/uploads\/2021\/04\/msds-europe-logo.jpg","width":2296,"height":1067,"caption":"MSDS-Europe International branch of ToxInfo"},"image":{"@id":"https:\/\/www.msds-europe.com\/es\/#\/schema\/logo\/image\/"},"sameAs":["https:\/\/www.facebook.com\/toxinfokft\/","https:\/\/x.com\/ToxInfoKft"]}]}},"_links":{"self":[{"href":"https:\/\/www.msds-europe.com\/it\/wp-json\/wp\/v2\/pages\/28206","targetHints":{"allow":["GET"]}}],"collection":[{"href":"https:\/\/www.msds-europe.com\/it\/wp-json\/wp\/v2\/pages"}],"about":[{"href":"https:\/\/www.msds-europe.com\/it\/wp-json\/wp\/v2\/types\/page"}],"author":[{"embeddable":true,"href":"https:\/\/www.msds-europe.com\/it\/wp-json\/wp\/v2\/users\/2"}],"replies":[{"embeddable":true,"href":"https:\/\/www.msds-europe.com\/it\/wp-json\/wp\/v2\/comments?post=28206"}],"version-history":[{"count":9,"href":"https:\/\/www.msds-europe.com\/it\/wp-json\/wp\/v2\/pages\/28206\/revisions"}],"predecessor-version":[{"id":28215,"href":"https:\/\/www.msds-europe.com\/it\/wp-json\/wp\/v2\/pages\/28206\/revisions\/28215"}],"wp:attachment":[{"href":"https:\/\/www.msds-europe.com\/it\/wp-json\/wp\/v2\/media?parent=28206"}],"wp:term":[{"taxonomy":"post_tag","embeddable":true,"href":"https:\/\/www.msds-europe.com\/it\/wp-json\/wp\/v2\/tags?post=28206"}],"curies":[{"name":"wp","href":"https:\/\/api.w.org\/{rel}","templated":true}]}}