{"id":28157,"date":"2023-02-14T13:17:46","date_gmt":"2023-02-14T13:17:46","guid":{"rendered":"https:\/\/www.msds-europe.com\/?page_id=28157"},"modified":"2026-03-19T10:43:36","modified_gmt":"2026-03-19T10:43:36","slug":"periodo-di-validit%c3%a0-di-una-scheda-di-sicurezza","status":"publish","type":"page","link":"https:\/\/www.msds-europe.com\/it\/periodo-di-validit%c3%a0-di-una-scheda-di-sicurezza\/","title":{"rendered":"Periodo di validit\u00e0 di una scheda di sicurezza"},"content":{"rendered":"<p style=\"text-align: right;\"><em><a href=\"https:\/\/www.msds-europe.com\/it\/sds-base-conoscenze\/\">Base di conoscenza sulle schede di dati di sicurezza<\/a> \u2013 Periodo di validit\u00e0 di una scheda di dati di sicurezza<\/em><\/p>\n<p style=\"text-align: justify;\"><strong>La revisione o l\u2019aggiornamento di una SDS \u00e8 essenziale per garantire che le informazioni contenute nel documento siano accurate e aggiornate.<\/strong><\/p>\n<p>&nbsp;<\/p>\n<ul>\n<li><a href=\"#validit\u00e0\">Periodo di validit\u00e0<\/a><\/li>\n<li><a href=\"#revisione\">Revisione della scheda di dati di sicurezza<\/a><\/li>\n<li><a href=\"#regole\">Regole per le schede di dati di sicurezza revisionate (aggiornate)<\/a><\/li>\n<li><a href=\"#responsabili\">I datori di lavoro e i produttori sono responsabili<\/a><\/li>\n<li><a href=\"#conclusione\">In conclusione<\/a><\/li>\n<\/ul>\n<p>&nbsp;<\/p>\n<p><a name=\"validit\u00e0\"><\/a><\/p>\n<h2 style=\"text-align: justify;\">Periodo di validit\u00e0<\/h2>\n<p style=\"text-align: justify;\"><strong>Per quanto tempo una scheda di dati di sicurezza pu\u00f2 essere considerata valida?<\/strong><\/p>\n<p style=\"text-align: justify;\">Le schede di dati di sicurezza non hanno una \u201cvalidit\u00e0\u201d o una \u201cdata di scadenza\u201d nell\u2019UE. La \u201cvalidit\u00e0\u201d di una scheda di dati di sicurezza non dipende dalla data di emissione o dalla data di revisione, ma dalla sua <strong>conformit\u00e0 alla normativa vigente<\/strong>.<\/p>\n<p style=\"text-align: justify;\">La validit\u00e0 (conformit\u00e0) di una scheda di dati di sicurezza dipende dal fatto che essa sia conforme o meno alle normative pertinenti applicabili al momento dell\u2019uso e dell\u2019immissione sul mercato.<\/p>\n<p style=\"text-align: justify;\"><em>Per capire se una SDS \u00e8 ancora attuale, \u00e8 utile confrontare periodicamente le sue informazioni con <a href=\"https:\/\/www.msds-europe.com\/it\/sds-fonti-informazione-banche-dati\/\">fonti di informazione e banche dati aggiornate per le SDS<\/a>, verificando in particolare classificazioni, valori limite e riferimenti normativi.<\/em><\/p>\n<p style=\"text-align: justify;\">Dal 1\u00b0 gennaio 2021, le schede di dati di sicurezza devono essere redatte o aggiornate in conformit\u00e0 ai requisiti sostanziali e formali del <strong>Regolamento (UE) 2020\/878<\/strong>.<\/p>\n<p style=\"text-align: justify;\">Ci\u00f2 non significa che solo le schede di dati di sicurezza con data di revisione pari o successiva al 1\u00b0 gennaio 2021 siano \u201cvalide\u201d. Le schede di dati di sicurezza conformi al Regolamento (UE) n. 2015\/830 (ma non ancora al Regolamento (UE) 2020\/878) potevano essere fornite fino al <strong>31 dicembre 2022<\/strong>, in base alle disposizioni transitorie.<\/p>\n<p style=\"text-align: right;\"><a href=\"https:\/\/www.msds-europe.com\/it\/elementi-di-forma-e-contenuto-di-una-scheda-di-dati-di-sicurezza\/\"><em>Elementi di forma e contenuto di una scheda di dati di sicurezza (UE) 2020\/878<\/em><\/a><\/p>\n<p>&nbsp;<\/p>\n<p><a name=\"revisione\"><\/a><\/p>\n<h2 style=\"text-align: justify;\">Revisione della scheda di dati di sicurezza<\/h2>\n<p style=\"text-align: justify;\">La <a href=\"https:\/\/www.msds-europe.com\/it\/sds-revisione-aggiornamento\/\">revisione e l\u2019aggiornamento delle schede di dati di sicurezza<\/a> non sono predeterminati (non esiste alcun requisito generale che imponga di revisionare le SDS annualmente, ogni due anni o ogni cinque anni).<\/p>\n<p style=\"text-align: justify;\">La revisione \u00e8 necessaria in tutti i casi in cui siano disponibili nuove informazioni sul prodotto. La scheda di dati di sicurezza deve essere aggiornata senza indugio, conformemente all\u2019articolo 31, paragrafo 9, del REACH, se:<\/p>\n<ul>\n<li style=\"text-align: justify;\">diventano disponibili nuove informazioni che possono influire sulle misure di gestione del rischio;<\/li>\n<li style=\"text-align: justify;\">diventano disponibili nuove informazioni sui pericoli (ad esempio, una nuova classificazione secondo il CLP);<\/li>\n<li style=\"text-align: justify;\">viene concessa o rifiutata un\u2019autorizzazione (ad es. una sostanza inserita nell\u2019allegato XIV del REACH come sostanza soggetta ad autorizzazione);<\/li>\n<li style=\"text-align: justify;\"><a href=\"https:\/\/www.msds-europe.com\/it\/pfas-2025-2026-obblighi-ue-per-le-aziende\/\">viene imposta una restrizione alla sostanza (allegato XVII del REACH)<\/a>.<\/li>\n<\/ul>\n<p>&nbsp;<\/p>\n<p><a name=\"regole\"><\/a><\/p>\n<h2 style=\"text-align: justify;\">Regole per le schede di dati di sicurezza revisionate (aggiornate)<\/h2>\n<p style=\"text-align: justify;\">La scheda di dati di sicurezza aggiornata deve essere inviata a tutti i destinatari ai quali la sostanza o la miscela \u00e8 stata fornita nei 12 mesi precedenti, gratuitamente e senza richiesta, su carta o in formato elettronico. La scheda di dati di sicurezza aggiornata deve riportare la data dell\u2019ultimo aggiornamento.<\/p>\n<p style=\"text-align: justify;\">La data di emissione della scheda di dati di sicurezza deve essere indicata sulla prima pagina. Nel fornire una nuova versione aggiornata ai destinatari, \u00e8 opportuno richiamare l\u2019attenzione sulle modifiche indicate nella sezione 16 della scheda di dati di sicurezza (se non sono indicate altrove).<\/p>\n<p style=\"text-align: justify;\">Per le schede di dati di sicurezza aggiornate, la data di compilazione indicata come \u201cRevisione: (data)\u201d e, se applicabile, un numero di versione\/numero di revisione o un\u2019altra indicazione della versione sostituita devono comparire sulla prima pagina.<\/p>\n<p>&nbsp;<\/p>\n<p><a name=\"responsabili\"><\/a><\/p>\n<h3>I datori di lavoro e i produttori sono responsabili<\/h3>\n<p style=\"text-align: justify;\">I datori di lavoro e i produttori sono responsabili di garantire che la SDS dei propri prodotti sia aggiornata e accurata. Ci\u00f2 include la revisione o l\u2019aggiornamento della SDS quando necessario e la fornitura ai propri dipendenti delle informazioni pi\u00f9 aggiornate sui pericoli associati al prodotto. Il mancato aggiornamento tempestivo della SDS pu\u00f2 comportare non conformit\u00e0 ai requisiti normativi e potenziali rischi per la sicurezza dei lavoratori e degli utilizzatori.<\/p>\n<p>&nbsp;<\/p>\n<p><a name=\"conclusione\"><\/a><\/p>\n<h3>In conclusione<\/h3>\n<p style=\"text-align: justify;\">La revisione o l\u2019aggiornamento di una SDS \u00e8 un aspetto essenziale per garantire la sicurezza dei lavoratori, dei consumatori e dell\u2019ambiente. I datori di lavoro e i produttori devono dare priorit\u00e0 alla tutela della salute e della sicurezza garantendo che i loro prodotti siano accompagnati da SDS accurate e aggiornate e che vengano revisionate o aggiornate quando sono disponibili nuove informazioni o quando cambia il quadro normativo.<\/p>\n<p>&nbsp;<\/p>\n<h4><span style=\"color: #333333;\">Articoli consigliati<\/span><\/h4>\n<ul>\n<li>Descrizione del <a href=\"https:\/\/www.msds-europe.com\/it\/processo-di-creazione-traduzione-di-sds\/\">processo lavorativo che la nostra societ\u00e0 utilizza per la traduzione<\/a> delle schede di dati di sicurezza.<\/li>\n<li><a href=\"https:\/\/www.msds-europe.com\/it\/etichetta-clp-etichettatura-in-pratica\/\">Etichetta CLP<\/a>, etichettatura in pratica<\/li>\n<li><a href=\"https:\/\/www.msds-europe.com\/it\/trasmissione-pcn\/\">Trasmissione PCN<\/a><\/li>\n<\/ul>\n<p>&nbsp;<\/p>\n<h4><span style=\"color: #333333;\">Servizi consigliati<\/span><\/h4>\n<ul>\n<li><a href=\"https:\/\/www.msds-europe.com\/it\/traduzione-scheda-dati-di-sicurezza\/\">Traduzione<\/a> delle schede di dati di sicurezza<\/li>\n<li>Revisione e <a href=\"https:\/\/www.msds-europe.com\/it\/sds-revisione-aggiornamento\/\">aggiornamento<\/a> delle schede di dati di sicurezza<\/li>\n<li><a href=\"https:\/\/www.msds-europe.com\/it\/servizio-ufi\/\">Notifica delle miscele tramite il portale PCN<\/a><\/li>\n<\/ul>\n<p>&nbsp;<\/p>\n<h4><span style=\"color: #333333;\">Domande frequenti e risposte<\/span><\/h4>\n<div class=\"su-spoiler su-spoiler-style-fancy su-spoiler-icon-chevron su-spoiler-closed\" data-scroll-offset=\"0\" data-anchor-in-url=\"no\"><div class=\"su-spoiler-title\" tabindex=\"0\" role=\"button\"><span class=\"su-spoiler-icon\"><\/span>Quando \u00e8 necessario aggiornare immediatamente la scheda di dati di sicurezza?<\/div><div class=\"su-spoiler-content su-u-clearfix su-u-trim\">\nNon appena sono disponibili nuove informazioni che influenzano le misure di gestione del rischio o la classificazione dei pericoli, oppure quando viene presa una decisione di autorizzazione o restrizione per la sostanza ai sensi del REACH.<br \/>\n<\/div><\/div>\n<div class=\"su-spoiler su-spoiler-style-fancy su-spoiler-icon-chevron su-spoiler-closed\" data-scroll-offset=\"0\" data-anchor-in-url=\"no\"><div class=\"su-spoiler-title\" tabindex=\"0\" role=\"button\"><span class=\"su-spoiler-icon\"><\/span>Da cosa dipende la \u00abvalidit\u00e0\u00bb di una scheda di dati di sicurezza se non ha una data di scadenza?<\/div><div class=\"su-spoiler-content su-u-clearfix su-u-trim\">\nDal fatto che il contenuto e la forma siano conformi alla normativa vigente, attualmente al regolamento (UE) 2020\/878.<br \/>\n<\/div><\/div>\n<div class=\"su-spoiler su-spoiler-style-fancy su-spoiler-icon-chevron su-spoiler-closed\" data-scroll-offset=\"0\" data-anchor-in-url=\"no\"><div class=\"su-spoiler-title\" tabindex=\"0\" role=\"button\"><span class=\"su-spoiler-icon\"><\/span>A chi deve essere inviata la scheda di dati di sicurezza aggiornata e entro quale termine?<\/div><div class=\"su-spoiler-content su-u-clearfix su-u-trim\">\nA tutti i destinatari ai quali la sostanza o la miscela \u00e8 stata fornita nei precedenti 12 mesi, gratuitamente e senza richiesta, in formato cartaceo o elettronico.<br \/>\n<\/div><\/div>\n","protected":false},"excerpt":{"rendered":"<p>Base di conoscenza sulle schede di dati di sicurezza \u2013 Periodo di validit\u00e0 di una scheda di dati di sicurezza La revisione o l\u2019aggiornamento di una SDS \u00e8 essenziale per garantire che le informazioni contenute nel documento siano accurate e aggiornate. &nbsp; Periodo di validit\u00e0 Revisione della scheda di dati&#8230;<\/p>\n","protected":false},"author":2,"featured_media":0,"parent":0,"menu_order":0,"comment_status":"closed","ping_status":"closed","template":"","meta":{"_acf_changed":false,"footnotes":""},"tags":[241,242],"class_list":["post-28157","page","type-page","status-publish","hentry","tag-scheda-di-dati-di-sicurezza-it","tag-scheda-di-dati-di-sicurezza-base-delle-conoscenze-it"],"acf":[],"yoast_head":"<!-- This site is optimized with the Yoast SEO plugin v27.2 - https:\/\/yoast.com\/product\/yoast-seo-wordpress\/ -->\n<title>Periodo di validit\u00e0 di una scheda di sicurezza<\/title>\n<meta name=\"description\" content=\"Qual \u00e8 il periodo di validit\u00e0 di una scheda di dati di sicurezza? La nostra esperta risponde: non c&#039;\u00e8 un periodo di validit\u00e0 nell&#039;UE, ma...\" \/>\n<meta name=\"robots\" content=\"index, follow, max-snippet:-1, max-image-preview:large, max-video-preview:-1\" \/>\n<link rel=\"canonical\" href=\"https:\/\/www.msds-europe.com\/it\/periodo-di-validit\u00e0-di-una-scheda-di-sicurezza\/\" \/>\n<meta property=\"og:locale\" content=\"it_IT\" \/>\n<meta property=\"og:type\" content=\"article\" \/>\n<meta property=\"og:title\" content=\"Periodo di validit\u00e0 di una scheda di sicurezza\" \/>\n<meta property=\"og:description\" content=\"Qual \u00e8 il periodo di validit\u00e0 di una scheda di dati di sicurezza? La nostra esperta risponde: non c&#039;\u00e8 un periodo di validit\u00e0 nell&#039;UE, ma...\" \/>\n<meta property=\"og:url\" content=\"https:\/\/www.msds-europe.com\/it\/periodo-di-validit\u00e0-di-una-scheda-di-sicurezza\/\" \/>\n<meta property=\"og:site_name\" content=\"MSDS Europe\" \/>\n<meta property=\"article:publisher\" content=\"https:\/\/www.facebook.com\/toxinfokft\/\" \/>\n<meta property=\"article:modified_time\" content=\"2026-03-19T10:43:36+00:00\" \/>\n<meta name=\"twitter:card\" content=\"summary_large_image\" \/>\n<meta name=\"twitter:site\" content=\"@ToxInfoKft\" \/>\n<meta name=\"twitter:label1\" content=\"Tempo di lettura stimato\" \/>\n\t<meta name=\"twitter:data1\" content=\"4 minuti\" \/>\n<script type=\"application\/ld+json\" class=\"yoast-schema-graph\">{\"@context\":\"https:\/\/schema.org\",\"@graph\":[{\"@type\":\"WebPage\",\"@id\":\"https:\/\/www.msds-europe.com\/it\/periodo-di-validit%c3%a0-di-una-scheda-di-sicurezza\/\",\"url\":\"https:\/\/www.msds-europe.com\/it\/periodo-di-validit%c3%a0-di-una-scheda-di-sicurezza\/\",\"name\":\"Periodo di validit\u00e0 di una scheda di sicurezza\",\"isPartOf\":{\"@id\":\"https:\/\/www.msds-europe.com\/es\/#website\"},\"datePublished\":\"2023-02-14T13:17:46+00:00\",\"dateModified\":\"2026-03-19T10:43:36+00:00\",\"description\":\"Qual \u00e8 il periodo di validit\u00e0 di una scheda di dati di sicurezza? La nostra esperta risponde: non c'\u00e8 un periodo di validit\u00e0 nell'UE, ma...\",\"breadcrumb\":{\"@id\":\"https:\/\/www.msds-europe.com\/it\/periodo-di-validit%c3%a0-di-una-scheda-di-sicurezza\/#breadcrumb\"},\"inLanguage\":\"it-IT\",\"potentialAction\":[{\"@type\":\"ReadAction\",\"target\":[\"https:\/\/www.msds-europe.com\/it\/periodo-di-validit%c3%a0-di-una-scheda-di-sicurezza\/\"]}]},{\"@type\":\"BreadcrumbList\",\"@id\":\"https:\/\/www.msds-europe.com\/it\/periodo-di-validit%c3%a0-di-una-scheda-di-sicurezza\/#breadcrumb\",\"itemListElement\":[{\"@type\":\"ListItem\",\"position\":1,\"name\":\"F\u0151oldal\",\"item\":\"https:\/\/www.msds-europe.com\/it\/\"},{\"@type\":\"ListItem\",\"position\":2,\"name\":\"Periodo di validit\u00e0 di una scheda di sicurezza\"}]},{\"@type\":\"WebSite\",\"@id\":\"https:\/\/www.msds-europe.com\/es\/#website\",\"url\":\"https:\/\/www.msds-europe.com\/es\/\",\"name\":\"MSDS Europe\",\"description\":\"\",\"publisher\":{\"@id\":\"https:\/\/www.msds-europe.com\/es\/#organization\"},\"potentialAction\":[{\"@type\":\"SearchAction\",\"target\":{\"@type\":\"EntryPoint\",\"urlTemplate\":\"https:\/\/www.msds-europe.com\/es\/?s={search_term_string}\"},\"query-input\":{\"@type\":\"PropertyValueSpecification\",\"valueRequired\":true,\"valueName\":\"search_term_string\"}}],\"inLanguage\":\"it-IT\"},{\"@type\":\"Organization\",\"@id\":\"https:\/\/www.msds-europe.com\/es\/#organization\",\"name\":\"MSDS-Europe International branch of ToxInfo\",\"url\":\"https:\/\/www.msds-europe.com\/es\/\",\"logo\":{\"@type\":\"ImageObject\",\"inLanguage\":\"it-IT\",\"@id\":\"https:\/\/www.msds-europe.com\/es\/#\/schema\/logo\/image\/\",\"url\":\"https:\/\/www.msds-europe.com\/wp-content\/uploads\/2021\/04\/msds-europe-logo.jpg\",\"contentUrl\":\"https:\/\/www.msds-europe.com\/wp-content\/uploads\/2021\/04\/msds-europe-logo.jpg\",\"width\":2296,\"height\":1067,\"caption\":\"MSDS-Europe International branch of ToxInfo\"},\"image\":{\"@id\":\"https:\/\/www.msds-europe.com\/es\/#\/schema\/logo\/image\/\"},\"sameAs\":[\"https:\/\/www.facebook.com\/toxinfokft\/\",\"https:\/\/x.com\/ToxInfoKft\"]}]}<\/script>\n<!-- \/ Yoast SEO plugin. -->","yoast_head_json":{"title":"Periodo di validit\u00e0 di una scheda di sicurezza","description":"Qual \u00e8 il periodo di validit\u00e0 di una scheda di dati di sicurezza? La nostra esperta risponde: non c'\u00e8 un periodo di validit\u00e0 nell'UE, ma...","robots":{"index":"index","follow":"follow","max-snippet":"max-snippet:-1","max-image-preview":"max-image-preview:large","max-video-preview":"max-video-preview:-1"},"canonical":"https:\/\/www.msds-europe.com\/it\/periodo-di-validit\u00e0-di-una-scheda-di-sicurezza\/","og_locale":"it_IT","og_type":"article","og_title":"Periodo di validit\u00e0 di una scheda di sicurezza","og_description":"Qual \u00e8 il periodo di validit\u00e0 di una scheda di dati di sicurezza? La nostra esperta risponde: non c'\u00e8 un periodo di validit\u00e0 nell'UE, ma...","og_url":"https:\/\/www.msds-europe.com\/it\/periodo-di-validit\u00e0-di-una-scheda-di-sicurezza\/","og_site_name":"MSDS Europe","article_publisher":"https:\/\/www.facebook.com\/toxinfokft\/","article_modified_time":"2026-03-19T10:43:36+00:00","twitter_card":"summary_large_image","twitter_site":"@ToxInfoKft","twitter_misc":{"Tempo di lettura stimato":"4 minuti"},"schema":{"@context":"https:\/\/schema.org","@graph":[{"@type":"WebPage","@id":"https:\/\/www.msds-europe.com\/it\/periodo-di-validit%c3%a0-di-una-scheda-di-sicurezza\/","url":"https:\/\/www.msds-europe.com\/it\/periodo-di-validit%c3%a0-di-una-scheda-di-sicurezza\/","name":"Periodo di validit\u00e0 di una scheda di sicurezza","isPartOf":{"@id":"https:\/\/www.msds-europe.com\/es\/#website"},"datePublished":"2023-02-14T13:17:46+00:00","dateModified":"2026-03-19T10:43:36+00:00","description":"Qual \u00e8 il periodo di validit\u00e0 di una scheda di dati di sicurezza? La nostra esperta risponde: non c'\u00e8 un periodo di validit\u00e0 nell'UE, ma...","breadcrumb":{"@id":"https:\/\/www.msds-europe.com\/it\/periodo-di-validit%c3%a0-di-una-scheda-di-sicurezza\/#breadcrumb"},"inLanguage":"it-IT","potentialAction":[{"@type":"ReadAction","target":["https:\/\/www.msds-europe.com\/it\/periodo-di-validit%c3%a0-di-una-scheda-di-sicurezza\/"]}]},{"@type":"BreadcrumbList","@id":"https:\/\/www.msds-europe.com\/it\/periodo-di-validit%c3%a0-di-una-scheda-di-sicurezza\/#breadcrumb","itemListElement":[{"@type":"ListItem","position":1,"name":"F\u0151oldal","item":"https:\/\/www.msds-europe.com\/it\/"},{"@type":"ListItem","position":2,"name":"Periodo di validit\u00e0 di una scheda di sicurezza"}]},{"@type":"WebSite","@id":"https:\/\/www.msds-europe.com\/es\/#website","url":"https:\/\/www.msds-europe.com\/es\/","name":"MSDS Europe","description":"","publisher":{"@id":"https:\/\/www.msds-europe.com\/es\/#organization"},"potentialAction":[{"@type":"SearchAction","target":{"@type":"EntryPoint","urlTemplate":"https:\/\/www.msds-europe.com\/es\/?s={search_term_string}"},"query-input":{"@type":"PropertyValueSpecification","valueRequired":true,"valueName":"search_term_string"}}],"inLanguage":"it-IT"},{"@type":"Organization","@id":"https:\/\/www.msds-europe.com\/es\/#organization","name":"MSDS-Europe International branch of ToxInfo","url":"https:\/\/www.msds-europe.com\/es\/","logo":{"@type":"ImageObject","inLanguage":"it-IT","@id":"https:\/\/www.msds-europe.com\/es\/#\/schema\/logo\/image\/","url":"https:\/\/www.msds-europe.com\/wp-content\/uploads\/2021\/04\/msds-europe-logo.jpg","contentUrl":"https:\/\/www.msds-europe.com\/wp-content\/uploads\/2021\/04\/msds-europe-logo.jpg","width":2296,"height":1067,"caption":"MSDS-Europe International branch of ToxInfo"},"image":{"@id":"https:\/\/www.msds-europe.com\/es\/#\/schema\/logo\/image\/"},"sameAs":["https:\/\/www.facebook.com\/toxinfokft\/","https:\/\/x.com\/ToxInfoKft"]}]}},"_links":{"self":[{"href":"https:\/\/www.msds-europe.com\/it\/wp-json\/wp\/v2\/pages\/28157","targetHints":{"allow":["GET"]}}],"collection":[{"href":"https:\/\/www.msds-europe.com\/it\/wp-json\/wp\/v2\/pages"}],"about":[{"href":"https:\/\/www.msds-europe.com\/it\/wp-json\/wp\/v2\/types\/page"}],"author":[{"embeddable":true,"href":"https:\/\/www.msds-europe.com\/it\/wp-json\/wp\/v2\/users\/2"}],"replies":[{"embeddable":true,"href":"https:\/\/www.msds-europe.com\/it\/wp-json\/wp\/v2\/comments?post=28157"}],"version-history":[{"count":12,"href":"https:\/\/www.msds-europe.com\/it\/wp-json\/wp\/v2\/pages\/28157\/revisions"}],"predecessor-version":[{"id":38678,"href":"https:\/\/www.msds-europe.com\/it\/wp-json\/wp\/v2\/pages\/28157\/revisions\/38678"}],"wp:attachment":[{"href":"https:\/\/www.msds-europe.com\/it\/wp-json\/wp\/v2\/media?parent=28157"}],"wp:term":[{"taxonomy":"post_tag","embeddable":true,"href":"https:\/\/www.msds-europe.com\/it\/wp-json\/wp\/v2\/tags?post=28157"}],"curies":[{"name":"wp","href":"https:\/\/api.w.org\/{rel}","templated":true}]}}