{"id":24462,"date":"2021-02-24T10:54:23","date_gmt":"2021-02-24T10:54:23","guid":{"rendered":"https:\/\/www.msds-europe.com\/?page_id=24462"},"modified":"2026-02-18T14:12:30","modified_gmt":"2026-02-18T14:12:30","slug":"programma-di-assistenza","status":"publish","type":"page","link":"https:\/\/www.msds-europe.com\/it\/programma-di-assistenza\/","title":{"rendered":"Programma di assistenza clienti MSDS-Europa"},"content":{"rendered":"<p><em><strong>perch\u00e9 la sicurezza chimica si costruisce sulla fiducia\u2026<\/strong><\/em><\/p>\n<p style=\"text-align: right;\"><a href=\"https:\/\/www.msds-europe.com\/it\/\">MSDS-Europe<\/a> \u2013 Programma di assistenza clienti MSDS-Europe<\/p>\n<p><img decoding=\"async\" class=\"alignnone size-medium wp-image-24465 alignright\" src=\"https:\/\/www.msds-europe.com\/wp-content\/uploads\/2021\/02\/Programma-di-assistenza-clienti-300x268.jpg\" alt=\"\" width=\"300\" height=\"268\" srcset=\"https:\/\/www.msds-europe.com\/wp-content\/uploads\/2021\/02\/Programma-di-assistenza-clienti-300x268.jpg 300w, https:\/\/www.msds-europe.com\/wp-content\/uploads\/2021\/02\/Programma-di-assistenza-clienti.jpg 586w\" sizes=\"(max-width: 300px) 100vw, 300px\" \/><\/p>\n<h2><span style=\"color: #333333;\">Scopo del Programma di assistenza clienti<\/span><\/h2>\n<p style=\"text-align: justify;\">Crediamo che un servizio di alta qualit\u00e0 nel campo della sicurezza chimica possa essere garantito soltanto attraverso uno stretto contatto e una comunicazione efficace. In linea con l\u2019approccio orientato al cliente che ha sempre caratterizzato la cultura aziendale di MSDS-Europe, abbiamo creato il Programma di assistenza clienti per assicurare che tutti i nostri clienti possano beneficiare, nel lungo periodo, dei vantaggi da noi offerti. Per il fornitore di servizi, l\u2019assistenza non termina con la conclusione di un ordine.<\/p>\n<p>&nbsp;<\/p>\n<h2>Stato di cliente chiave<\/h2>\n<p style=\"text-align: justify;\">Designando un referente personale, rendiamo pi\u00f9 efficiente la collaborazione futura e forniamo un\u2019assistenza di livello superiore nel campo della sicurezza chimica.<\/p>\n<h2>Vantaggi derivanti dall\u2019avere un referente personale<\/h2>\n<ul>\n<li>In caso di domande tecniche, il referente personale fornir\u00e0 le risposte.<\/li>\n<li>L\u2019intero processo dell\u2019ordine \u00e8 gestito da un\u2019unica persona, in grado di informarvi in qualsiasi momento sullo stato di avanzamento.<\/li>\n<li>Il referente personale fornir\u00e0 consigli personalizzati.<\/li>\n<li>L\u2019evasione degli ordini \u00e8 adattata alle vostre esigenze.<\/li>\n<li style=\"text-align: justify;\">Assistenza amministrativa anche durante la preparazione dell\u2019ordine (ad es. confronto delle schede di dati di sicurezza esistenti e delle bozze di etichetta con il portafoglio prodotti).<\/li>\n<\/ul>\n<p>&nbsp;<\/p>\n<h3>Pagamento posticipato<\/h3>\n<ul>\n<li>Invece di una fattura pro forma, \u00e8 possibile pagare al termine dell\u2019ordine.<\/li>\n<li>Scadenza di pagamento personalizzata.<\/li>\n<\/ul>\n<p>&nbsp;<\/p>\n<h3>Prezzi garantiti<\/h3>\n<ul>\n<li>Su richiesta, garantiamo ai nostri clienti chiave i prezzi tramite un contratto quadro, assicurando prezzi invariati e sconti quantit\u00e0 per tutto l\u2019anno.<\/li>\n<\/ul>\n<p>&nbsp;<\/p>\n<h3>Processo di ordine rapido<\/h3>\n<ul>\n<li>Invece di compilare il consueto modulo d\u2019ordine, \u00e8 sufficiente fornire solo i dati tecnicamente rilevanti ed essenziali relativi ai prodotti, necessari per effettuare l\u2019ordine.<\/li>\n<\/ul>\n<p>&nbsp;<\/p>\n<h3><span style=\"color: #333333;\">Condizioni dello stato di cliente chiave<\/span><\/h3>\n<p style=\"text-align: justify;\">Indipendentemente da eventuali soglie di valore, a partire dal secondo ordine nominiamo un referente personale per il cliente. Il referente personale si metter\u00e0 in contatto con voi e, in futuro, sar\u00e0 possibile gestire con il\/la referente tutte le questioni relative alla sicurezza chimica.<\/p>\n<p>&nbsp;<\/p>\n<h2>Sconti quantit\u00e0 in caso di progetti a lungo termine<\/h2>\n<p style=\"text-align: justify;\"><em>Cooperazione a lungo termine per la sicurezza chimica&#8230;<\/em><\/p>\n<p style=\"text-align: justify;\">Durante la <a href=\"https:\/\/www.msds-europe.com\/it\/scheda-di-dati-di-sicurezza-compilazione-creazione\/\">preparazione<\/a> o la <a href=\"https:\/\/www.msds-europe.com\/it\/traduzione-scheda-dati-di-sicurezza\/\">traduzione delle schede di dati di sicurezza<\/a>, offriamo sconti quantit\u00e0 non solo nel caso di un ordine immediato, ma anche \u2013 previo contratto \u2013 per le schede di dati di sicurezza ordinate con cadenza mensile o trimestrale.<\/p>\n<p style=\"text-align: right;\"><a href=\"https:\/\/www.msds-europe.com\/it\/scheda-dati-sicurezza-contratto\/\"><em>Ulteriori informazioni<\/em><\/a><\/p>\n<p>&nbsp;<\/p>\n","protected":false},"excerpt":{"rendered":"<p>perch\u00e9 la sicurezza chimica si costruisce sulla fiducia\u2026 MSDS-Europe \u2013 Programma di assistenza clienti MSDS-Europe Scopo del Programma di assistenza clienti Crediamo che un servizio di alta qualit\u00e0 nel campo della sicurezza chimica possa essere garantito soltanto attraverso uno stretto contatto e una comunicazione efficace. In linea con l\u2019approccio orientato&#8230;<\/p>\n","protected":false},"author":2,"featured_media":0,"parent":0,"menu_order":0,"comment_status":"closed","ping_status":"closed","template":"","meta":{"_acf_changed":false,"footnotes":""},"tags":[],"class_list":["post-24462","page","type-page","status-publish","hentry"],"acf":[],"yoast_head":"<!-- This site is optimized with the Yoast SEO plugin v27.2 - https:\/\/yoast.com\/product\/yoast-seo-wordpress\/ -->\n<title>Programma di assistenza clienti - Partenariato per la sicurezza chimica<\/title>\n<meta name=\"description\" content=\"Programma di assistenza clienti, per un servizio della pi\u00f9 alta qualit\u00e0 per i nostri clienti. Per saperne di pi\u00f9.\" \/>\n<meta name=\"robots\" content=\"index, follow, max-snippet:-1, max-image-preview:large, max-video-preview:-1\" \/>\n<link rel=\"canonical\" href=\"https:\/\/www.msds-europe.com\/it\/programma-di-assistenza\/\" \/>\n<meta property=\"og:locale\" content=\"it_IT\" \/>\n<meta property=\"og:type\" content=\"article\" \/>\n<meta property=\"og:title\" content=\"Programma di assistenza clienti - Partenariato per la sicurezza chimica\" \/>\n<meta property=\"og:description\" content=\"Programma di assistenza clienti, per un servizio della pi\u00f9 alta qualit\u00e0 per i nostri clienti. Per saperne di pi\u00f9.\" \/>\n<meta property=\"og:url\" content=\"https:\/\/www.msds-europe.com\/it\/programma-di-assistenza\/\" \/>\n<meta property=\"og:site_name\" content=\"MSDS Europe\" \/>\n<meta property=\"article:publisher\" content=\"https:\/\/www.facebook.com\/toxinfokft\/\" \/>\n<meta property=\"article:modified_time\" content=\"2026-02-18T14:12:30+00:00\" \/>\n<meta property=\"og:image\" content=\"https:\/\/www.msds-europe.com\/wp-content\/uploads\/2021\/02\/Programma-di-assistenza-clienti-300x268.jpg\" \/>\n<meta name=\"twitter:card\" content=\"summary_large_image\" \/>\n<meta name=\"twitter:site\" content=\"@ToxInfoKft\" \/>\n<meta name=\"twitter:label1\" content=\"Tempo di lettura stimato\" \/>\n\t<meta name=\"twitter:data1\" content=\"2 minuti\" \/>\n<script type=\"application\/ld+json\" class=\"yoast-schema-graph\">{\"@context\":\"https:\/\/schema.org\",\"@graph\":[{\"@type\":\"WebPage\",\"@id\":\"https:\/\/www.msds-europe.com\/it\/programma-di-assistenza\/\",\"url\":\"https:\/\/www.msds-europe.com\/it\/programma-di-assistenza\/\",\"name\":\"Programma di assistenza clienti - Partenariato per la sicurezza chimica\",\"isPartOf\":{\"@id\":\"https:\/\/www.msds-europe.com\/es\/#website\"},\"primaryImageOfPage\":{\"@id\":\"https:\/\/www.msds-europe.com\/it\/programma-di-assistenza\/#primaryimage\"},\"image\":{\"@id\":\"https:\/\/www.msds-europe.com\/it\/programma-di-assistenza\/#primaryimage\"},\"thumbnailUrl\":\"https:\/\/www.msds-europe.com\/wp-content\/uploads\/2021\/02\/Programma-di-assistenza-clienti-300x268.jpg\",\"datePublished\":\"2021-02-24T10:54:23+00:00\",\"dateModified\":\"2026-02-18T14:12:30+00:00\",\"description\":\"Programma di assistenza clienti, per un servizio della pi\u00f9 alta qualit\u00e0 per i nostri clienti. Per saperne di pi\u00f9.\",\"breadcrumb\":{\"@id\":\"https:\/\/www.msds-europe.com\/it\/programma-di-assistenza\/#breadcrumb\"},\"inLanguage\":\"it-IT\",\"potentialAction\":[{\"@type\":\"ReadAction\",\"target\":[\"https:\/\/www.msds-europe.com\/it\/programma-di-assistenza\/\"]}]},{\"@type\":\"ImageObject\",\"inLanguage\":\"it-IT\",\"@id\":\"https:\/\/www.msds-europe.com\/it\/programma-di-assistenza\/#primaryimage\",\"url\":\"https:\/\/www.msds-europe.com\/wp-content\/uploads\/2021\/02\/Programma-di-assistenza-clienti-300x268.jpg\",\"contentUrl\":\"https:\/\/www.msds-europe.com\/wp-content\/uploads\/2021\/02\/Programma-di-assistenza-clienti-300x268.jpg\"},{\"@type\":\"BreadcrumbList\",\"@id\":\"https:\/\/www.msds-europe.com\/it\/programma-di-assistenza\/#breadcrumb\",\"itemListElement\":[{\"@type\":\"ListItem\",\"position\":1,\"name\":\"F\u0151oldal\",\"item\":\"https:\/\/www.msds-europe.com\/it\/\"},{\"@type\":\"ListItem\",\"position\":2,\"name\":\"Programma di assistenza clienti MSDS-Europa\"}]},{\"@type\":\"WebSite\",\"@id\":\"https:\/\/www.msds-europe.com\/es\/#website\",\"url\":\"https:\/\/www.msds-europe.com\/es\/\",\"name\":\"MSDS Europe\",\"description\":\"\",\"publisher\":{\"@id\":\"https:\/\/www.msds-europe.com\/es\/#organization\"},\"potentialAction\":[{\"@type\":\"SearchAction\",\"target\":{\"@type\":\"EntryPoint\",\"urlTemplate\":\"https:\/\/www.msds-europe.com\/es\/?s={search_term_string}\"},\"query-input\":{\"@type\":\"PropertyValueSpecification\",\"valueRequired\":true,\"valueName\":\"search_term_string\"}}],\"inLanguage\":\"it-IT\"},{\"@type\":\"Organization\",\"@id\":\"https:\/\/www.msds-europe.com\/es\/#organization\",\"name\":\"MSDS-Europe International branch of ToxInfo\",\"url\":\"https:\/\/www.msds-europe.com\/es\/\",\"logo\":{\"@type\":\"ImageObject\",\"inLanguage\":\"it-IT\",\"@id\":\"https:\/\/www.msds-europe.com\/es\/#\/schema\/logo\/image\/\",\"url\":\"https:\/\/www.msds-europe.com\/wp-content\/uploads\/2021\/04\/msds-europe-logo.jpg\",\"contentUrl\":\"https:\/\/www.msds-europe.com\/wp-content\/uploads\/2021\/04\/msds-europe-logo.jpg\",\"width\":2296,\"height\":1067,\"caption\":\"MSDS-Europe International branch of ToxInfo\"},\"image\":{\"@id\":\"https:\/\/www.msds-europe.com\/es\/#\/schema\/logo\/image\/\"},\"sameAs\":[\"https:\/\/www.facebook.com\/toxinfokft\/\",\"https:\/\/x.com\/ToxInfoKft\"]}]}<\/script>\n<!-- \/ Yoast SEO plugin. -->","yoast_head_json":{"title":"Programma di assistenza clienti - Partenariato per la sicurezza chimica","description":"Programma di assistenza clienti, per un servizio della pi\u00f9 alta qualit\u00e0 per i nostri clienti. Per saperne di pi\u00f9.","robots":{"index":"index","follow":"follow","max-snippet":"max-snippet:-1","max-image-preview":"max-image-preview:large","max-video-preview":"max-video-preview:-1"},"canonical":"https:\/\/www.msds-europe.com\/it\/programma-di-assistenza\/","og_locale":"it_IT","og_type":"article","og_title":"Programma di assistenza clienti - Partenariato per la sicurezza chimica","og_description":"Programma di assistenza clienti, per un servizio della pi\u00f9 alta qualit\u00e0 per i nostri clienti. Per saperne di pi\u00f9.","og_url":"https:\/\/www.msds-europe.com\/it\/programma-di-assistenza\/","og_site_name":"MSDS Europe","article_publisher":"https:\/\/www.facebook.com\/toxinfokft\/","article_modified_time":"2026-02-18T14:12:30+00:00","og_image":[{"url":"https:\/\/www.msds-europe.com\/wp-content\/uploads\/2021\/02\/Programma-di-assistenza-clienti-300x268.jpg","type":"","width":"","height":""}],"twitter_card":"summary_large_image","twitter_site":"@ToxInfoKft","twitter_misc":{"Tempo di lettura stimato":"2 minuti"},"schema":{"@context":"https:\/\/schema.org","@graph":[{"@type":"WebPage","@id":"https:\/\/www.msds-europe.com\/it\/programma-di-assistenza\/","url":"https:\/\/www.msds-europe.com\/it\/programma-di-assistenza\/","name":"Programma di assistenza clienti - Partenariato per la sicurezza chimica","isPartOf":{"@id":"https:\/\/www.msds-europe.com\/es\/#website"},"primaryImageOfPage":{"@id":"https:\/\/www.msds-europe.com\/it\/programma-di-assistenza\/#primaryimage"},"image":{"@id":"https:\/\/www.msds-europe.com\/it\/programma-di-assistenza\/#primaryimage"},"thumbnailUrl":"https:\/\/www.msds-europe.com\/wp-content\/uploads\/2021\/02\/Programma-di-assistenza-clienti-300x268.jpg","datePublished":"2021-02-24T10:54:23+00:00","dateModified":"2026-02-18T14:12:30+00:00","description":"Programma di assistenza clienti, per un servizio della pi\u00f9 alta qualit\u00e0 per i nostri clienti. Per saperne di pi\u00f9.","breadcrumb":{"@id":"https:\/\/www.msds-europe.com\/it\/programma-di-assistenza\/#breadcrumb"},"inLanguage":"it-IT","potentialAction":[{"@type":"ReadAction","target":["https:\/\/www.msds-europe.com\/it\/programma-di-assistenza\/"]}]},{"@type":"ImageObject","inLanguage":"it-IT","@id":"https:\/\/www.msds-europe.com\/it\/programma-di-assistenza\/#primaryimage","url":"https:\/\/www.msds-europe.com\/wp-content\/uploads\/2021\/02\/Programma-di-assistenza-clienti-300x268.jpg","contentUrl":"https:\/\/www.msds-europe.com\/wp-content\/uploads\/2021\/02\/Programma-di-assistenza-clienti-300x268.jpg"},{"@type":"BreadcrumbList","@id":"https:\/\/www.msds-europe.com\/it\/programma-di-assistenza\/#breadcrumb","itemListElement":[{"@type":"ListItem","position":1,"name":"F\u0151oldal","item":"https:\/\/www.msds-europe.com\/it\/"},{"@type":"ListItem","position":2,"name":"Programma di assistenza clienti MSDS-Europa"}]},{"@type":"WebSite","@id":"https:\/\/www.msds-europe.com\/es\/#website","url":"https:\/\/www.msds-europe.com\/es\/","name":"MSDS Europe","description":"","publisher":{"@id":"https:\/\/www.msds-europe.com\/es\/#organization"},"potentialAction":[{"@type":"SearchAction","target":{"@type":"EntryPoint","urlTemplate":"https:\/\/www.msds-europe.com\/es\/?s={search_term_string}"},"query-input":{"@type":"PropertyValueSpecification","valueRequired":true,"valueName":"search_term_string"}}],"inLanguage":"it-IT"},{"@type":"Organization","@id":"https:\/\/www.msds-europe.com\/es\/#organization","name":"MSDS-Europe International branch of ToxInfo","url":"https:\/\/www.msds-europe.com\/es\/","logo":{"@type":"ImageObject","inLanguage":"it-IT","@id":"https:\/\/www.msds-europe.com\/es\/#\/schema\/logo\/image\/","url":"https:\/\/www.msds-europe.com\/wp-content\/uploads\/2021\/04\/msds-europe-logo.jpg","contentUrl":"https:\/\/www.msds-europe.com\/wp-content\/uploads\/2021\/04\/msds-europe-logo.jpg","width":2296,"height":1067,"caption":"MSDS-Europe International branch of ToxInfo"},"image":{"@id":"https:\/\/www.msds-europe.com\/es\/#\/schema\/logo\/image\/"},"sameAs":["https:\/\/www.facebook.com\/toxinfokft\/","https:\/\/x.com\/ToxInfoKft"]}]}},"_links":{"self":[{"href":"https:\/\/www.msds-europe.com\/it\/wp-json\/wp\/v2\/pages\/24462","targetHints":{"allow":["GET"]}}],"collection":[{"href":"https:\/\/www.msds-europe.com\/it\/wp-json\/wp\/v2\/pages"}],"about":[{"href":"https:\/\/www.msds-europe.com\/it\/wp-json\/wp\/v2\/types\/page"}],"author":[{"embeddable":true,"href":"https:\/\/www.msds-europe.com\/it\/wp-json\/wp\/v2\/users\/2"}],"replies":[{"embeddable":true,"href":"https:\/\/www.msds-europe.com\/it\/wp-json\/wp\/v2\/comments?post=24462"}],"version-history":[{"count":6,"href":"https:\/\/www.msds-europe.com\/it\/wp-json\/wp\/v2\/pages\/24462\/revisions"}],"predecessor-version":[{"id":37120,"href":"https:\/\/www.msds-europe.com\/it\/wp-json\/wp\/v2\/pages\/24462\/revisions\/37120"}],"wp:attachment":[{"href":"https:\/\/www.msds-europe.com\/it\/wp-json\/wp\/v2\/media?parent=24462"}],"wp:term":[{"taxonomy":"post_tag","embeddable":true,"href":"https:\/\/www.msds-europe.com\/it\/wp-json\/wp\/v2\/tags?post=24462"}],"curies":[{"name":"wp","href":"https:\/\/api.w.org\/{rel}","templated":true}]}}