{"id":24391,"date":"2021-02-23T12:20:16","date_gmt":"2021-02-23T12:20:16","guid":{"rendered":"https:\/\/www.msds-europe.com\/?page_id=24391"},"modified":"2026-02-25T09:14:01","modified_gmt":"2026-02-25T09:14:01","slug":"etichetta-clp-etichettatura-in-pratica","status":"publish","type":"page","link":"https:\/\/www.msds-europe.com\/it\/etichetta-clp-etichettatura-in-pratica\/","title":{"rendered":"Etichetta CLP, etichettatura in pratica"},"content":{"rendered":"<p style=\"text-align: right;\"><em><a href=\"https:\/\/www.msds-europe.com\/it\/sds-base-conoscenze\/\">Scheda di dati di sicurezza \u2013 base di conoscenza<\/a> \u2013 Etichetta CLP: etichettatura in pratica<\/em><\/p>\n<p style=\"text-align: justify;\">I prodotti soggetti alla normativa sulla sicurezza chimica devono essere etichettati in conformit\u00e0 al <strong>Regolamento (CE) n. 1272\/2008 (CLP)<\/strong>.<\/p>\n<p>&nbsp;<\/p>\n<h2>Obbligo di etichettatura<\/h2>\n<ul>\n<li style=\"text-align: justify;\">se la sostanza o la miscela \u00e8 classificata come pericolosa ai sensi del regolamento CLP;<\/li>\n<li style=\"text-align: justify;\">se si tratta di un articolo esplosivo;<\/li>\n<li style=\"text-align: justify;\">se si tratta di una miscela non pericolosa contenente una o pi\u00f9 sostanze classificate come pericolose al di sopra delle concentrazioni indicate nella parte 2 dell\u2019allegato II del regolamento CLP.<\/li>\n<\/ul>\n<p style=\"text-align: justify;\"><em>Esenzioni di etichettatura per imballaggi \u2264 125 ml (sezione 1.5.2 dell\u2019allegato I del regolamento (CE) n. 1272\/2008).<\/em><\/p>\n<p>&nbsp;<\/p>\n<h2 style=\"text-align: justify;\">Fonti di informazioni per la creazione di un\u2019etichetta secondo il regolamento CLP<\/h2>\n<p style=\"text-align: justify;\"><strong>Come importatore<\/strong><\/p>\n<p style=\"text-align: justify;\">L\u2019etichetta deve basarsi sul titolo III del regolamento (CE) n. 1272\/2008 (CLP).<\/p>\n<p style=\"text-align: justify;\"><strong>Come distributore<\/strong><\/p>\n<p style=\"text-align: justify;\">L\u2019etichetta deve essere elaborata sulla base della sezione 2.2 della scheda di dati di sicurezza e delle prescrizioni del CLP applicabili.<\/p>\n<p style=\"text-align: justify;\"><strong>Come rivenditore<\/strong><\/p>\n<p style=\"text-align: justify;\">Di norma non sono necessarie operazioni, salvo il caso in cui l\u2019etichetta sia danneggiata o mancante e debba essere ripristinata in conformit\u00e0 al CLP.<\/p>\n<p>&nbsp;<\/p>\n<h2 style=\"text-align: justify;\">Aspetti generali dell\u2019etichetta<\/h2>\n<ul>\n<li style=\"text-align: justify;\">principio della \u201ccomunicazione dei pericoli tramite l\u2019etichettatura\u201d;<\/li>\n<li style=\"text-align: justify;\">lingua dell\u2019etichetta;<\/li>\n<li style=\"text-align: justify;\">informazioni supplementari sull\u2019etichetta;<\/li>\n<li style=\"text-align: justify;\">regole di leggibilit\u00e0\/visibilit\u00e0;<\/li>\n<li style=\"text-align: justify;\">regole di organizzazione degli elementi dell\u2019etichetta.<\/li>\n<\/ul>\n<p>&nbsp;<\/p>\n<h2 style=\"text-align: justify;\">Elementi dell\u2019etichetta dei prodotti pericolosi<\/h2>\n<ul>\n<li style=\"text-align: justify;\">nome (denominazione), indirizzo e numero di telefono del\/dei fornitore\/i;<\/li>\n<li style=\"text-align: justify;\">quantit\u00e0 nominale (per imballaggi destinati al pubblico\/uso al consumo);<\/li>\n<li style=\"text-align: justify;\">identificatori del prodotto;<\/li>\n<li style=\"text-align: justify;\">se applicabile:<\/li>\n<\/ul>\n<p style=\"text-align: justify;\"><strong>Pittogrammi di pericolo<\/strong><\/p>\n<ul>\n<li style=\"text-align: justify;\"><a href=\"https:\/\/www.msds-europe.com\/it\/pittogramma-di-pericolo\/\">Pittogrammi di pericolo<\/a><\/li>\n<li style=\"text-align: justify;\"><a href=\"https:\/\/www.msds-europe.com\/it\/indicazioni-di-pericolo-h\/\">Indicazioni di pericolo (frasi H)<\/a><\/li>\n<li style=\"text-align: justify;\"><a href=\"https:\/\/www.msds-europe.com\/it\/consigli-p\/\">Consigli di prudenza (frasi P)<\/a>*<\/li>\n<\/ul>\n<p style=\"text-align: justify;\">* Per prodotti destinati al pubblico, devono essere inclusi anche i consigli di prudenza relativi allo smaltimento della sostanza\/miscela e dello imballaggio come rifiuto, quando applicabile.<\/p>\n<ul>\n<li style=\"text-align: justify;\">sezione per informazioni supplementari (elementi obbligatori e facoltativi, secondo i casi)<\/li>\n<\/ul>\n<p>&nbsp;<\/p>\n<p style=\"text-align: justify;\"><strong>Sezione obbligatoria per informazioni supplementari sull\u2019etichetta<\/strong><\/p>\n<ul>\n<li style=\"text-align: justify;\"><a href=\"https:\/\/www.msds-europe.com\/it\/indicazioni-di-pericolo-h\/\">Indicazioni EUH<\/a> (allegato II, sezioni 1.1 e 1.2; allegato III, sezione 2) assegnate a sostanze e miscele, se applicabili;<\/li>\n<li style=\"text-align: justify;\">indicazioni specifiche per determinate sostanze e miscele previste dall\u2019allegato I;<\/li>\n<li style=\"text-align: justify;\">informazioni su risposte specifiche (se applicabile);<\/li>\n<li style=\"text-align: justify;\">indicazione EUH401 nel caso di prodotti fitosanitari;<\/li>\n<li style=\"text-align: justify;\">elementi di etichetta derivanti da requisiti specifici di altre normative (ad es. tensioattivi e fragranze nei detergenti; obblighi di etichettatura per aerosol infiammabili; contenuto di COV secondo la direttiva 2004\/42\/CE; e requisiti aggiornati per e-commerce, vedi: <a href=\"https:\/\/www.msds-europe.com\/it\/clp-pubblicita-online-2028\/\">Nuove regole CLP per e-commerce: etichettatura e pubblicit\u00e0<\/a>).<\/li>\n<li style=\"text-align: justify;\">miscele per le quali si applicano indicazioni EUH specifiche, ad esempio:<\/li>\n<\/ul>\n<p style=\"text-align: justify;\">Miscele contenenti piombo<\/p>\n<p style=\"text-align: justify;\">Miscele contenenti cianoacrilati<\/p>\n<p style=\"text-align: justify;\">Cemento e miscele di cemento<\/p>\n<p style=\"text-align: justify;\">Miscele contenenti isocianati<\/p>\n<p style=\"text-align: justify;\">Miscele contenenti componenti epossidici con peso molecolare medio \u2264 700<\/p>\n<p style=\"text-align: justify;\">Miscele con contenuto di cloro attivo<\/p>\n<p style=\"text-align: justify;\">Miscele contenenti cadmio (leghe) e destinate all\u2019uso per brasatura e saldatura<\/p>\n<p style=\"text-align: justify;\">Miscele non classificate come sensibilizzanti ma contenenti almeno una sostanza sensibilizzante<\/p>\n<p style=\"text-align: justify;\">Miscele liquide contenenti idrocarburi alogenati<\/p>\n<p style=\"text-align: justify;\">Miscele non destinate alla popolazione in generale contenenti alcune sostanze a una determinata concentrazione minima<\/p>\n<p style=\"text-align: justify;\">Aerosol<\/p>\n<p>&nbsp;<\/p>\n<h2 style=\"text-align: justify;\">Dimensioni minime delle etichette e dei pittogrammi<\/h2>\n<p style=\"text-align: justify;\">Conformemente al Regolamento (UE) n. 286\/2011:<\/p>\n<p style=\"text-align: justify;\"><strong>Capacit\u00e0; Dimensioni dell\u2019etichetta (mm); Dimensioni di ogni pittogramma (mm)<\/strong><\/p>\n<p style=\"text-align: justify;\">&lt; 3 litri; 52 \u00d7 74; 10 \u00d7 10 (min.), 16 \u00d7 16 (ott.)<\/p>\n<p style=\"text-align: justify;\">3 \u2013 50 litri; 74 \u00d7 105; 23 \u00d7 23<\/p>\n<p style=\"text-align: justify;\">50 \u2013 500 litri; 105 \u00d7 148; 32 \u00d7 32<\/p>\n<p style=\"text-align: justify;\">oltre 500 litri; 148 \u00d7 210; 46 \u00d7 46<\/p>\n<p>&nbsp;<\/p>\n<h2 style=\"text-align: justify;\">Istruzioni speciali per l\u2019etichettatura<\/h2>\n<ul>\n<li style=\"text-align: justify;\">bombole di gas trasportabili (sezione 1.3.1 dell\u2019allegato I del CLP)<\/li>\n<li style=\"text-align: justify;\">contenitori di gas destinati a propano, butano o gas di petrolio liquefatto (GPL) (sezione 1.3.2 dell\u2019allegato I del CLP)<\/li>\n<li style=\"text-align: justify;\">aerosol e recipienti muniti di dispositivo di nebulizzazione sigillato contenenti sostanze o miscele classificate come pericolose in caso di aspirazione (sezione 1.3.3 dell\u2019allegato I del CLP)<\/li>\n<li style=\"text-align: justify;\">metalli in forma massiccia, leghe, miscele contenenti polimeri, miscele contenenti elastomeri (sezione 1.3.4 dell\u2019allegato I del CLP)<\/li>\n<li style=\"text-align: justify;\">esplosivi di cui alla sezione 2.1 dell\u2019allegato I del CLP immessi sul mercato allo scopo di ottenere un effetto esplosivo o pirotecnico (sezione 1.3.5 dell\u2019allegato I del CLP)<\/li>\n<\/ul>\n<p>&nbsp;<\/p>\n<h4 style=\"text-align: justify;\"><span style=\"color: #333333;\">Servizi offerti<\/span><\/h4>\n<ul>\n<li style=\"text-align: justify;\"><a href=\"https:\/\/www.msds-europe.com\/it\/creazione-bozza-etichetta\/\">Creazione della bozza dell\u2019etichetta<\/a> CLP per sostanze e miscele<\/li>\n<li style=\"text-align: justify;\">I nostri servizi relativi alla <a href=\"https:\/\/www.msds-europe.com\/it\/servizio-ufi\/\">generazione dell\u2019UFI e alla notifica PCN<\/a><\/li>\n<li style=\"text-align: justify;\"><a href=\"https:\/\/www.msds-europe.com\/it\/traduzione-scheda-dati-di-sicurezza\/\">Traduzione di schede di dati di sicurezza<\/a> secondo la normativa sulla sicurezza chimica<\/li>\n<\/ul>\n<p>&nbsp;<\/p>\n<h4 style=\"text-align: justify;\"><span style=\"color: #333333;\">Articoli consigliati<\/span><\/h4>\n<ul>\n<li><a href=\"https:\/\/www.msds-europe.com\/it\/elementi-di-forma-e-contenuto-di-una-scheda-di-dati-di-sicurezza\/\">Elementi di forma e contenuto<\/a> di una scheda di dati di sicurezza<\/li>\n<\/ul>\n<p>&nbsp;<\/p>\n<h4>Domande e risposte rapide<\/h4>\n<div class=\"su-spoiler su-spoiler-style-fancy su-spoiler-icon-chevron su-spoiler-closed\" data-scroll-offset=\"0\" data-anchor-in-url=\"no\"><div class=\"su-spoiler-title\" tabindex=\"0\" role=\"button\"><span class=\"su-spoiler-icon\"><\/span>In che modo il regolamento (UE) 2020\/878 incide sul contenuto delle schede di sicurezza?<\/div><div class=\"su-spoiler-content su-u-clearfix su-u-trim\">\n<p style=\"text-align: justify;\">Il regolamento (UE) 2020\/878 ha introdotto nuovi requisiti di struttura e contenuto per le SDS. Dal 1\u00b0 gennaio 2023 possono essere fornite sul mercato solo SDS conformi a tali requisiti.<\/p>\n<\/div><\/div>\n<div class=\"su-spoiler su-spoiler-style-fancy su-spoiler-icon-chevron su-spoiler-closed\" data-scroll-offset=\"0\" data-anchor-in-url=\"no\"><div class=\"su-spoiler-title\" tabindex=\"0\" role=\"button\"><span class=\"su-spoiler-icon\"><\/span>Quando \u00e8 obbligatoria un\u2019etichetta CLP su un prodotto?<\/div><div class=\"su-spoiler-content su-u-clearfix su-u-trim\">\n<p style=\"text-align: justify;\">Un\u2019etichetta CLP \u00e8 richiesta quando una sostanza o miscela \u00e8 classificata come pericolosa ai sensi del CLP, quando si tratta di un articolo esplosivo o quando, pur non essendo classificata come pericolosa, una miscela contiene ingredienti pericolosi oltre le soglie previste che impongono specifiche indicazioni di etichetta.<\/p>\n<\/div><\/div>\n<div class=\"su-spoiler su-spoiler-style-fancy su-spoiler-icon-chevron su-spoiler-closed\" data-scroll-offset=\"0\" data-anchor-in-url=\"no\"><div class=\"su-spoiler-title\" tabindex=\"0\" role=\"button\"><span class=\"su-spoiler-icon\"><\/span>Qual \u00e8 la dimensione minima dell\u2019etichetta e dei pittogrammi per imballaggi da 3\u201350 L?<\/div><div class=\"su-spoiler-content su-u-clearfix su-u-trim\">\n<p style=\"text-align: justify;\">Per questo intervallo di volume, l\u2019etichetta deve misurare almeno 74 \u00d7 105 mm e ogni pittogramma almeno 23 \u00d7 23 mm.<\/p>\n<\/div><\/div>\n<div class=\"su-spoiler su-spoiler-style-fancy su-spoiler-icon-chevron su-spoiler-closed\" data-scroll-offset=\"0\" data-anchor-in-url=\"no\"><div class=\"su-spoiler-title\" tabindex=\"0\" role=\"button\"><span class=\"su-spoiler-icon\"><\/span>Dove e in quale formato deve essere riportato il codice UFI?<\/div><div class=\"su-spoiler-content su-u-clearfix su-u-trim\">\n<p style=\"text-align: justify;\">Il codice nel formato \u201cUFI: xxxx-xxxx-xxxx-xxxx\u201d deve essere chiaramente visibile e indelebile sull\u2019etichetta. In caso di imballaggi di dimensioni molto ridotte, pu\u00f2 essere necessario adottare soluzioni alternative previste dal CLP (ad esempio apposizione sull\u2019imballaggio esterno o su un\u2019etichetta pieghevole), mantenendo la leggibilit\u00e0.<\/p>\n<\/div><\/div>\n","protected":false},"excerpt":{"rendered":"<p>Scheda di dati di sicurezza \u2013 base di conoscenza \u2013 Etichetta CLP: etichettatura in pratica I prodotti soggetti alla normativa sulla sicurezza chimica devono essere etichettati in conformit\u00e0 al Regolamento (CE) n. 1272\/2008 (CLP). &nbsp; Obbligo di etichettatura se la sostanza o la miscela \u00e8 classificata come pericolosa ai sensi&#8230;<\/p>\n","protected":false},"author":2,"featured_media":0,"parent":0,"menu_order":0,"comment_status":"closed","ping_status":"closed","template":"","meta":{"_acf_changed":false,"footnotes":""},"tags":[240,241,242],"class_list":["post-24391","page","type-page","status-publish","hentry","tag-etichettatura-clp-it","tag-scheda-di-dati-di-sicurezza-it","tag-scheda-di-dati-di-sicurezza-base-delle-conoscenze-it"],"acf":[],"yoast_head":"<!-- This site is optimized with the Yoast SEO plugin v27.2 - https:\/\/yoast.com\/product\/yoast-seo-wordpress\/ -->\n<title>Etichettatura CLP in pratica<\/title>\n<meta name=\"description\" content=\"Assistenza nell\u2019attuazione pratica dell\u2019etichettatura in conformit\u00e0 al regolamento CLP. Dimensioni dell\u2019etichetta CLP, ecc.\" \/>\n<meta name=\"robots\" content=\"index, follow, max-snippet:-1, max-image-preview:large, max-video-preview:-1\" \/>\n<link rel=\"canonical\" href=\"https:\/\/www.msds-europe.com\/it\/etichetta-clp-etichettatura-in-pratica\/\" \/>\n<meta property=\"og:locale\" content=\"it_IT\" \/>\n<meta property=\"og:type\" content=\"article\" \/>\n<meta property=\"og:title\" content=\"Etichettatura CLP in pratica\" \/>\n<meta property=\"og:description\" content=\"Assistenza nell\u2019attuazione pratica dell\u2019etichettatura in conformit\u00e0 al regolamento CLP. Dimensioni dell\u2019etichetta CLP, ecc.\" \/>\n<meta property=\"og:url\" content=\"https:\/\/www.msds-europe.com\/it\/etichetta-clp-etichettatura-in-pratica\/\" \/>\n<meta property=\"og:site_name\" content=\"MSDS Europe\" \/>\n<meta property=\"article:publisher\" content=\"https:\/\/www.facebook.com\/toxinfokft\/\" \/>\n<meta property=\"article:modified_time\" content=\"2026-02-25T09:14:01+00:00\" \/>\n<meta name=\"twitter:card\" content=\"summary_large_image\" \/>\n<meta name=\"twitter:site\" content=\"@ToxInfoKft\" \/>\n<meta name=\"twitter:label1\" content=\"Tempo di lettura stimato\" \/>\n\t<meta name=\"twitter:data1\" content=\"4 minuti\" \/>\n<script type=\"application\/ld+json\" class=\"yoast-schema-graph\">{\"@context\":\"https:\/\/schema.org\",\"@graph\":[{\"@type\":\"WebPage\",\"@id\":\"https:\/\/www.msds-europe.com\/it\/etichetta-clp-etichettatura-in-pratica\/\",\"url\":\"https:\/\/www.msds-europe.com\/it\/etichetta-clp-etichettatura-in-pratica\/\",\"name\":\"Etichettatura CLP in pratica\",\"isPartOf\":{\"@id\":\"https:\/\/www.msds-europe.com\/es\/#website\"},\"datePublished\":\"2021-02-23T12:20:16+00:00\",\"dateModified\":\"2026-02-25T09:14:01+00:00\",\"description\":\"Assistenza nell\u2019attuazione pratica dell\u2019etichettatura in conformit\u00e0 al regolamento CLP. Dimensioni dell\u2019etichetta CLP, ecc.\",\"breadcrumb\":{\"@id\":\"https:\/\/www.msds-europe.com\/it\/etichetta-clp-etichettatura-in-pratica\/#breadcrumb\"},\"inLanguage\":\"it-IT\",\"potentialAction\":[{\"@type\":\"ReadAction\",\"target\":[\"https:\/\/www.msds-europe.com\/it\/etichetta-clp-etichettatura-in-pratica\/\"]}]},{\"@type\":\"BreadcrumbList\",\"@id\":\"https:\/\/www.msds-europe.com\/it\/etichetta-clp-etichettatura-in-pratica\/#breadcrumb\",\"itemListElement\":[{\"@type\":\"ListItem\",\"position\":1,\"name\":\"F\u0151oldal\",\"item\":\"https:\/\/www.msds-europe.com\/it\/\"},{\"@type\":\"ListItem\",\"position\":2,\"name\":\"Etichetta CLP, etichettatura in pratica\"}]},{\"@type\":\"WebSite\",\"@id\":\"https:\/\/www.msds-europe.com\/es\/#website\",\"url\":\"https:\/\/www.msds-europe.com\/es\/\",\"name\":\"MSDS Europe\",\"description\":\"\",\"publisher\":{\"@id\":\"https:\/\/www.msds-europe.com\/es\/#organization\"},\"potentialAction\":[{\"@type\":\"SearchAction\",\"target\":{\"@type\":\"EntryPoint\",\"urlTemplate\":\"https:\/\/www.msds-europe.com\/es\/?s={search_term_string}\"},\"query-input\":{\"@type\":\"PropertyValueSpecification\",\"valueRequired\":true,\"valueName\":\"search_term_string\"}}],\"inLanguage\":\"it-IT\"},{\"@type\":\"Organization\",\"@id\":\"https:\/\/www.msds-europe.com\/es\/#organization\",\"name\":\"MSDS-Europe International branch of ToxInfo\",\"url\":\"https:\/\/www.msds-europe.com\/es\/\",\"logo\":{\"@type\":\"ImageObject\",\"inLanguage\":\"it-IT\",\"@id\":\"https:\/\/www.msds-europe.com\/es\/#\/schema\/logo\/image\/\",\"url\":\"https:\/\/www.msds-europe.com\/wp-content\/uploads\/2021\/04\/msds-europe-logo.jpg\",\"contentUrl\":\"https:\/\/www.msds-europe.com\/wp-content\/uploads\/2021\/04\/msds-europe-logo.jpg\",\"width\":2296,\"height\":1067,\"caption\":\"MSDS-Europe International branch of ToxInfo\"},\"image\":{\"@id\":\"https:\/\/www.msds-europe.com\/es\/#\/schema\/logo\/image\/\"},\"sameAs\":[\"https:\/\/www.facebook.com\/toxinfokft\/\",\"https:\/\/x.com\/ToxInfoKft\"]}]}<\/script>\n<!-- \/ Yoast SEO plugin. -->","yoast_head_json":{"title":"Etichettatura CLP in pratica","description":"Assistenza nell\u2019attuazione pratica dell\u2019etichettatura in conformit\u00e0 al regolamento CLP. Dimensioni dell\u2019etichetta CLP, ecc.","robots":{"index":"index","follow":"follow","max-snippet":"max-snippet:-1","max-image-preview":"max-image-preview:large","max-video-preview":"max-video-preview:-1"},"canonical":"https:\/\/www.msds-europe.com\/it\/etichetta-clp-etichettatura-in-pratica\/","og_locale":"it_IT","og_type":"article","og_title":"Etichettatura CLP in pratica","og_description":"Assistenza nell\u2019attuazione pratica dell\u2019etichettatura in conformit\u00e0 al regolamento CLP. Dimensioni dell\u2019etichetta CLP, ecc.","og_url":"https:\/\/www.msds-europe.com\/it\/etichetta-clp-etichettatura-in-pratica\/","og_site_name":"MSDS Europe","article_publisher":"https:\/\/www.facebook.com\/toxinfokft\/","article_modified_time":"2026-02-25T09:14:01+00:00","twitter_card":"summary_large_image","twitter_site":"@ToxInfoKft","twitter_misc":{"Tempo di lettura stimato":"4 minuti"},"schema":{"@context":"https:\/\/schema.org","@graph":[{"@type":"WebPage","@id":"https:\/\/www.msds-europe.com\/it\/etichetta-clp-etichettatura-in-pratica\/","url":"https:\/\/www.msds-europe.com\/it\/etichetta-clp-etichettatura-in-pratica\/","name":"Etichettatura CLP in pratica","isPartOf":{"@id":"https:\/\/www.msds-europe.com\/es\/#website"},"datePublished":"2021-02-23T12:20:16+00:00","dateModified":"2026-02-25T09:14:01+00:00","description":"Assistenza nell\u2019attuazione pratica dell\u2019etichettatura in conformit\u00e0 al regolamento CLP. Dimensioni dell\u2019etichetta CLP, ecc.","breadcrumb":{"@id":"https:\/\/www.msds-europe.com\/it\/etichetta-clp-etichettatura-in-pratica\/#breadcrumb"},"inLanguage":"it-IT","potentialAction":[{"@type":"ReadAction","target":["https:\/\/www.msds-europe.com\/it\/etichetta-clp-etichettatura-in-pratica\/"]}]},{"@type":"BreadcrumbList","@id":"https:\/\/www.msds-europe.com\/it\/etichetta-clp-etichettatura-in-pratica\/#breadcrumb","itemListElement":[{"@type":"ListItem","position":1,"name":"F\u0151oldal","item":"https:\/\/www.msds-europe.com\/it\/"},{"@type":"ListItem","position":2,"name":"Etichetta CLP, etichettatura in pratica"}]},{"@type":"WebSite","@id":"https:\/\/www.msds-europe.com\/es\/#website","url":"https:\/\/www.msds-europe.com\/es\/","name":"MSDS Europe","description":"","publisher":{"@id":"https:\/\/www.msds-europe.com\/es\/#organization"},"potentialAction":[{"@type":"SearchAction","target":{"@type":"EntryPoint","urlTemplate":"https:\/\/www.msds-europe.com\/es\/?s={search_term_string}"},"query-input":{"@type":"PropertyValueSpecification","valueRequired":true,"valueName":"search_term_string"}}],"inLanguage":"it-IT"},{"@type":"Organization","@id":"https:\/\/www.msds-europe.com\/es\/#organization","name":"MSDS-Europe International branch of ToxInfo","url":"https:\/\/www.msds-europe.com\/es\/","logo":{"@type":"ImageObject","inLanguage":"it-IT","@id":"https:\/\/www.msds-europe.com\/es\/#\/schema\/logo\/image\/","url":"https:\/\/www.msds-europe.com\/wp-content\/uploads\/2021\/04\/msds-europe-logo.jpg","contentUrl":"https:\/\/www.msds-europe.com\/wp-content\/uploads\/2021\/04\/msds-europe-logo.jpg","width":2296,"height":1067,"caption":"MSDS-Europe International branch of ToxInfo"},"image":{"@id":"https:\/\/www.msds-europe.com\/es\/#\/schema\/logo\/image\/"},"sameAs":["https:\/\/www.facebook.com\/toxinfokft\/","https:\/\/x.com\/ToxInfoKft"]}]}},"_links":{"self":[{"href":"https:\/\/www.msds-europe.com\/it\/wp-json\/wp\/v2\/pages\/24391","targetHints":{"allow":["GET"]}}],"collection":[{"href":"https:\/\/www.msds-europe.com\/it\/wp-json\/wp\/v2\/pages"}],"about":[{"href":"https:\/\/www.msds-europe.com\/it\/wp-json\/wp\/v2\/types\/page"}],"author":[{"embeddable":true,"href":"https:\/\/www.msds-europe.com\/it\/wp-json\/wp\/v2\/users\/2"}],"replies":[{"embeddable":true,"href":"https:\/\/www.msds-europe.com\/it\/wp-json\/wp\/v2\/comments?post=24391"}],"version-history":[{"count":5,"href":"https:\/\/www.msds-europe.com\/it\/wp-json\/wp\/v2\/pages\/24391\/revisions"}],"predecessor-version":[{"id":37796,"href":"https:\/\/www.msds-europe.com\/it\/wp-json\/wp\/v2\/pages\/24391\/revisions\/37796"}],"wp:attachment":[{"href":"https:\/\/www.msds-europe.com\/it\/wp-json\/wp\/v2\/media?parent=24391"}],"wp:term":[{"taxonomy":"post_tag","embeddable":true,"href":"https:\/\/www.msds-europe.com\/it\/wp-json\/wp\/v2\/tags?post=24391"}],"curies":[{"name":"wp","href":"https:\/\/api.w.org\/{rel}","templated":true}]}}