{"id":19523,"date":"2019-05-06T11:49:09","date_gmt":"2019-05-06T11:49:09","guid":{"rendered":"https:\/\/www.msds-europe.com\/?page_id=19523"},"modified":"2026-02-24T11:40:41","modified_gmt":"2026-02-24T11:40:41","slug":"ufi-identificatore-unico-di-formula","status":"publish","type":"page","link":"https:\/\/www.msds-europe.com\/it\/ufi-identificatore-unico-di-formula\/","title":{"rendered":"Informazioni sull\u2019applicazione dell\u2019UFI (identificatore unico di formula)"},"content":{"rendered":"<p style=\"text-align: right;\"><em><a href=\"https:\/\/www.msds-europe.com\/it\/sds-base-conoscenze\/\">Base di conoscenza sulle schede di dati di sicurezza<\/a> \u2013 Identificatore unico di formula<\/em><\/p>\n<p style=\"text-align: justify;\"><strong>L\u2019identificatore unico di formula (UFI) \u00e8 un codice alfanumerico di 16 caratteri da indicare sull\u2019etichetta delle miscele pericolose. L\u2019UFI \u00e8 un elemento della <a href=\"https:\/\/www.msds-europe.com\/it\/trasmissione-pcn\/\">notifica ai centri antiveleni (PCN)<\/a>, che deve essere presentata in un formato armonizzato.<\/strong><\/p>\n<p style=\"text-align: justify;\"><strong>Dopo la presentazione PCN, negli Stati membri dell\u2019UE\/SEE i dati armonizzati sono disponibili per i centri antiveleni e per i professionisti sanitari competenti. L\u2019applicazione dell\u2019UFI consente ai centri antiveleni di identificare rapidamente la miscela pericolosa e di fornire informazioni in caso di emergenza.<\/strong><\/p>\n<p style=\"text-align: justify;\"><strong>Le disposizioni relative all\u2019applicazione dell\u2019UFI e all\u2019etichettatura delle miscele sono stabilite dal regolamento (UE) 2017\/542 della Commissione, che modifica il regolamento (CE) n. 1272\/2008 (CLP) introducendo l\u2019allegato VIII. Tali disposizioni sono applicabili in tutti gli Stati membri del SEE.<\/strong><\/p>\n<p>&nbsp;<\/p>\n<h2 style=\"text-align: justify;\">Scopo dell\u2019identificatore unico di formula<\/h2>\n<p style=\"text-align: justify;\">In presenza del codice UFI (che viene comunicato alle autorit\u00e0 competenti tramite la presentazione PCN), la composizione della miscela pu\u00f2 essere identificata in modo univoco, consentendo una risposta rapida in situazioni di emergenza. Al tempo stesso, il sistema UFI\/PCN contribuisce a proteggere le informazioni riservate sulla formulazione: i dettagli della composizione sono accessibili alle autorit\u00e0 competenti, mentre gli utilizzatori della miscela non devono necessariamente conoscere la formulazione completa.<\/p>\n<p>&nbsp;<\/p>\n<h2 style=\"text-align: justify;\">Approccio strategico<\/h2>\n<h4 style=\"text-align: justify;\"><span style=\"color: #333333;\">Possibili metodi per creare l\u2019identificatore unico di formula<\/span><\/h4>\n<p style=\"text-align: justify;\"><strong>Approccio basato sulla miscela<\/strong><\/p>\n<p style=\"text-align: justify;\">Una determinata composizione di miscela \u00e8 identificata da un unico UFI.<\/p>\n<p style=\"text-align: justify;\">Prodotti con composizione identica ma con nomi commerciali diversi (cio\u00e8 la stessa miscela immessa sul mercato con denominazioni differenti) possono condividere lo stesso codice UFI.<\/p>\n<p style=\"text-align: justify;\"><strong>Approccio basato sul prodotto<\/strong><\/p>\n<p style=\"text-align: justify;\">Ogni prodotto ottiene un identificatore di formula distinto.<\/p>\n<p style=\"text-align: justify;\">In questo caso, la stessa miscela pu\u00f2 avere pi\u00f9 codici UFI (ad esempio quando viene commercializzata con nomi commerciali diversi e l\u2019azienda decide di gestirli separatamente).<\/p>\n<p style=\"text-align: justify;\"><em>Per comprendere correttamente gli approcci basati sulla miscela e sul prodotto \u00e8 utile chiarire la distinzione tra \u201cmiscela\u201d e \u201cprodotto\u201d:<\/em><\/p>\n<p style=\"text-align: justify;\"><em><strong>Miscela:<\/strong> contiene almeno due ingredienti (che possono essere sostanze o altre miscele, ad esempio una <strong>miscela in miscela (MiM)<\/strong>). Le caratteristiche della miscela sono determinate principalmente dalla composizione e dalle propriet\u00e0 fisico-chimiche.<\/em><\/p>\n<p style=\"text-align: justify;\"><em><strong>Prodotto:<\/strong> miscela destinata alla vendita, generalmente identificata da un nome commerciale, le cui caratteristiche percepite possono dipendere anche dall\u2019imballaggio, dall\u2019etichettatura e dalla categoria di prodotto.<\/em><\/p>\n<p style=\"text-align: justify;\"><strong>Approccio basato sul mercato<\/strong><\/p>\n<p style=\"text-align: justify;\">La stessa miscela ottiene codici UFI differenti se viene gestita separatamente per Paesi diversi.<\/p>\n<p style=\"text-align: justify;\">Ad esempio, il \u201cProdotto 1\u201d immesso sul mercato in Germania pu\u00f2 avere un UFI (\u201cUFI 1\u201d), mentre il \u201cProdotto 1\u201d immesso sul mercato in Spagna pu\u00f2 avere un altro UFI (\u201cUFI 2\u201d).<\/p>\n<p style=\"text-align: justify;\"><strong>Approccio basato sulla lingua\/sull\u2019etichetta<\/strong><\/p>\n<p style=\"text-align: justify;\">\u00c8 simile all\u2019approccio basato sul mercato, ma tiene conto anche del fatto che in alcuni Paesi la lingua ufficiale pu\u00f2 essere la stessa (ad esempio il tedesco in Germania e in Austria).<\/p>\n<p style=\"text-align: center;\">Una delle strategie di cui sopra pu\u00f2 essere corretta purch\u00e9 venga rispettato il seguente <strong>principio fondamentale<\/strong>:<\/p>\n<p style=\"text-align: center;\"><strong>L\u2019UFI deve identificare una specifica composizione e non pu\u00f2 mai riferirsi a miscele con composizione diversa.<\/strong><\/p>\n<p>&nbsp;<\/p>\n<h2 style=\"text-align: justify;\">Generatore di UFI \u2013 creazione dell\u2019identificatore unico di formula<\/h2>\n<p style=\"text-align: justify;\">Il <a href=\"https:\/\/ufi.echa.europa.eu\/#\/create\">generatore di UFI<\/a> \u00e8 un\u2019applicazione web utilizzabile online (nel browser). L\u2019uso \u00e8 gratuito ed \u00e8 disponibile in tutte le lingue ufficiali dell\u2019Unione europea.<\/p>\n<p style=\"text-align: justify;\">Il codice UFI viene creato utilizzando l\u2019identificativo fiscale dell\u2019azienda (partita IVA) e un <strong>numero di formulazione<\/strong> (identificatore interno) scelto dall\u2019azienda.<\/p>\n<p style=\"text-align: justify;\"><strong>Importante:<\/strong><\/p>\n<ul>\n<li style=\"text-align: justify;\">Il sistema non salva automaticamente gli UFI creati; l\u2019utente deve conservarli.<\/li>\n<li style=\"text-align: justify;\">L\u2019UFI pu\u00f2 essere creato anche senza partita IVA, ma questa opzione \u00e8 prevista solo se l\u2019azienda non dispone effettivamente di partita IVA.<\/li>\n<li style=\"text-align: justify;\">\u00c8 necessario effettuare la <strong>convalida dell\u2019UFI<\/strong> in un passaggio successivo.<\/li>\n<\/ul>\n<p>&nbsp;<\/p>\n<h2 style=\"text-align: justify;\">Validit\u00e0 dell\u2019UFI<\/h2>\n<p style=\"text-align: justify;\"><strong>Quando \u00e8 necessario aggiornare la presentazione PCN mantenendo lo stesso UFI?<\/strong><\/p>\n<p style=\"text-align: justify;\">Se la composizione cambia entro i limiti consentiti dalla normativa applicabile, di norma si procede con l\u2019aggiornamento della presentazione PCN (e, se necessario, della classificazione e della documentazione correlata) mantenendo lo stesso UFI, poich\u00e9 l\u2019UFI deve rimanere coerente con i dati aggiornati presenti nel fascicolo PCN.<\/p>\n<p>&nbsp;<\/p>\n<p style=\"text-align: justify;\"><strong>Quando \u00e8 necessario creare un nuovo UFI*?<\/strong><\/p>\n<ul>\n<li style=\"text-align: justify;\">Aggiunta, sostituzione o rimozione di un ingrediente (oltre i limiti consentiti).<\/li>\n<li style=\"text-align: justify;\">Nel caso di una <strong>miscela in miscela (MiM)<\/strong>, se l\u2019UFI della miscela utilizzata come ingrediente \u00e8 stato modificato dal fornitore e ci\u00f2 richiede un aggiornamento sostanziale della composizione.<\/li>\n<li style=\"text-align: justify;\">Quando la variazione di composizione supera i limiti di concentrazione stabiliti dalla normativa.<\/li>\n<\/ul>\n<p>&nbsp;<\/p>\n<p style=\"text-align: justify;\"><strong>Esempi di variazione di concentrazione che possono richiedere un nuovo UFI (soglie indicative):<\/strong><\/p>\n<p style=\"text-align: justify;\">Concentrazione del componente nella miscela (grado di variazione):<\/p>\n<ul>\n<li style=\"text-align: justify;\">25\u2013100% (5%)<\/li>\n<li style=\"text-align: justify;\">10\u201325% (10%)<\/li>\n<li style=\"text-align: justify;\">2,5\u201310% (20%)<\/li>\n<li style=\"text-align: justify;\">&lt; 2,5% (30%)<\/li>\n<\/ul>\n<p>&nbsp;<\/p>\n<p style=\"text-align: justify;\"><strong>Passaggi tipici dopo aver creato un nuovo UFI:<\/strong><\/p>\n<ul>\n<li style=\"text-align: justify;\"><a href=\"https:\/\/www.msds-europe.com\/it\/creazione-bozza-etichetta\/\">aggiornamento dell\u2019etichetta<\/a><\/li>\n<li style=\"text-align: justify;\">aggiornamento della presentazione PCN (nuovo fascicolo PCN o aggiornamento, a seconda del caso)<\/li>\n<li style=\"text-align: justify;\">comunicazione all\u2019interno della catena di approvvigionamento<\/li>\n<\/ul>\n<p>&nbsp;<\/p>\n<p style=\"text-align: justify;\"><strong>In genere non \u00e8 necessario creare un nuovo UFI se:<\/strong><\/p>\n<ul>\n<li style=\"text-align: justify;\">\u00e8 stato modificato soltanto il nome commerciale della miscela (pu\u00f2 per\u00f2 essere necessario aggiornare la presentazione PCN se i nomi commerciali cambiano),<\/li>\n<li style=\"text-align: justify;\">la modifica riguarda soltanto profumi\/fragranze e rientra nelle regole applicabili (ad esempio ingredienti indicati come gruppi o entro i limiti consentiti),<\/li>\n<li style=\"text-align: justify;\">si introduce un nuovo imballaggio senza modificare la composizione (possono comunque cambiare elementi di etichettatura o informazioni di mercato).<\/li>\n<\/ul>\n<p style=\"text-align: right;\"><em>Ulteriori informazioni relative all\u2019obbligo di <a href=\"https:\/\/www.msds-europe.com\/it\/trasmissione-pcn\/\">aggiornamento della presentazione PCN<\/a><\/em><\/p>\n<p>&nbsp;<\/p>\n<h2 style=\"text-align: justify;\">Comunicazione all\u2019interno della catena di approvvigionamento<\/h2>\n<p style=\"text-align: justify;\">Se l\u2019utilizzatore a valle utilizza una <strong>miscela in miscela (MiM)<\/strong> per formulare la propria miscela, in alcuni casi \u00e8 sufficiente disporre dell\u2019UFI della MiM invece di ricevere la composizione completa della miscela fornita (approccio che contribuisce alla tutela delle informazioni riservate).<\/p>\n<p style=\"text-align: justify;\">Nella presentazione PCN devono essere comunicati gli ingredienti rilevanti della miscela; tuttavia, per una MiM gi\u00e0 notificata dal relativo fornitore, l\u2019UFI pu\u00f2 consentire alle autorit\u00e0 competenti di risalire alle informazioni necessarie senza divulgare la composizione completa lungo l\u2019intera catena di approvvigionamento.<\/p>\n<p style=\"text-align: justify;\">Per questo motivo \u00e8 fondamentale comunicare tempestivamente, all\u2019interno della catena di approvvigionamento, eventuali modifiche dell\u2019UFI delle miscele: in tali casi, i soggetti che utilizzano la miscela per formulare una propria miscela potrebbero dover aggiornare la propria presentazione PCN.<\/p>\n<p>&nbsp;<\/p>\n<h2 style=\"text-align: justify;\">Applicazione dell\u2019UFI nell\u2019etichettatura delle miscele<\/h2>\n<p style=\"text-align: justify;\">Ulteriori informazioni sul posizionamento dell\u2019identificatore unico di formula e sull\u2019etichettatura CLP sono disponibili nel nostro articolo: \u201c<a href=\"https:\/\/www.msds-europe.com\/it\/etichetta-clp-etichettatura-in-pratica\/\">Etichetta ed etichettatura CLP in pratica<\/a>\u201d.<\/p>\n<p>&nbsp;<\/p>\n<h3>Istruzioni per l\u2019etichettatura<\/h3>\n<p><strong>UFI: xxxx-xxxx-xxxx-xxxx<\/strong><\/p>\n<ul>\n<li style=\"text-align: justify;\">\u201cUFI:\u201d (uguale in tutte le lingue dell\u2019UE e da non tradurre) deve figurare in lettere maiuscole.<\/li>\n<li style=\"text-align: justify;\">\u201cxxxx-xxxx-xxxx-xxxx\u201d: il codice \u00e8 diviso in quattro blocchi, ciascuno separato da un trattino.<\/li>\n<li style=\"text-align: justify;\">L\u2019UFI deve essere chiaramente visibile e leggibile sull\u2019etichetta.<\/li>\n<li style=\"text-align: justify;\">Non sono stabiliti requisiti tipografici specifici (ad esempio tipo o dimensione dei caratteri).<\/li>\n<li style=\"text-align: justify;\">L\u2019UFI deve essere indicato sull\u2019etichetta dei prodotti contenenti miscele pericolose soggette a notifica PCN.<\/li>\n<li style=\"text-align: justify;\">L\u2019UFI pu\u00f2 essere indicato nella scheda di dati di sicurezza in caso di miscele pericolose per uso industriale e per miscele non imballate (sfuse), secondo le regole applicabili.<\/li>\n<li style=\"text-align: justify;\">Deve essere stampato sull\u2019etichetta in maniera indelebile.<\/li>\n<\/ul>\n<p style=\"text-align: right;\"><em>I nostri servizi relativi alla <a href=\"https:\/\/www.msds-europe.com\/it\/servizio-ufi\/\">generazione dei codici UFI e alla notifica PCN<\/a><\/em><\/p>\n<p>&nbsp;<\/p>\n<h4 style=\"text-align: justify;\"><span style=\"color: #333333;\">Domande frequenti e risposte<\/span><\/h4>\n<div class=\"su-spoiler su-spoiler-style-fancy su-spoiler-icon-chevron su-spoiler-closed\" data-scroll-offset=\"0\" data-anchor-in-url=\"no\"><div class=\"su-spoiler-title\" tabindex=\"0\" role=\"button\"><span class=\"su-spoiler-icon\"><\/span>Che cos'\u00e8 un UFI e dove deve comparire?<\/div><div class=\"su-spoiler-content su-u-clearfix su-u-trim\">\n<p style=\"text-align: justify;\">L\u2019UFI (identificatore unico di formula) \u00e8 un codice di 16 caratteri che collega una miscela pericolosa ai dati della sua presentazione PCN; deve essere indicato sull\u2019etichetta. In alcuni casi (ad esempio per miscele non imballate oppure quando, per uso industriale, l\u2019UFI viene comunicato in alternativa all\u2019etichetta) l\u2019UFI pu\u00f2 essere riportato anche nella scheda di dati di sicurezza, nella sezione 1.1. In generale, inserirlo anche nella SDS \u00e8 raccomandato per ridurre il rischio di incongruenze e facilitare l\u2019identificazione.<\/p>\n<\/div><\/div>\n<div class=\"su-spoiler su-spoiler-style-fancy su-spoiler-icon-chevron su-spoiler-closed\" data-scroll-offset=\"0\" data-anchor-in-url=\"no\"><div class=\"su-spoiler-title\" tabindex=\"0\" role=\"button\"><span class=\"su-spoiler-icon\"><\/span>Chi \u00e8 responsabile della creazione e della comunicazione dell\u2019UFI?<\/div><div class=\"su-spoiler-content su-u-clearfix su-u-trim\">\n<p style=\"text-align: justify;\">Il soggetto che immette la miscela sul mercato (fabbricante, importatore o altro soggetto responsabile) genera il codice tramite il generatore UFI dell\u2019ECHA e lo trasmette insieme alla notifica ai centri antiveleni (PCN) attraverso il portale di presentazione dell\u2019ECHA.<\/p>\n<\/div><\/div>\n<div class=\"su-spoiler su-spoiler-style-fancy su-spoiler-icon-chevron su-spoiler-closed\" data-scroll-offset=\"0\" data-anchor-in-url=\"no\"><div class=\"su-spoiler-title\" tabindex=\"0\" role=\"button\"><span class=\"su-spoiler-icon\"><\/span>L\u2019UFI \u00e8 obbligatorio per miscele non classificate come pericolose?<\/div><div class=\"su-spoiler-content su-u-clearfix su-u-trim\">\n<p style=\"text-align: justify;\">In generale, no. L\u2019UFI (e la notifica PCN) si applicano alle miscele classificate come pericolose per pericoli fisici e\/o pericoli per la salute. Se una miscela non presenta tali classificazioni, di norma l\u2019UFI non \u00e8 richiesto. In caso di dubbi (ad esempio miscele con sola classificazione ambientale o casi particolari), \u00e8 opportuno verificare i requisiti applicabili.<\/p>\n<\/div><\/div>\n&nbsp;<\/p>\n","protected":false},"excerpt":{"rendered":"<p>Base di conoscenza sulle schede di dati di sicurezza \u2013 Identificatore unico di formula L\u2019identificatore unico di formula (UFI) \u00e8 un codice alfanumerico di 16 caratteri da indicare sull\u2019etichetta delle miscele pericolose. L\u2019UFI \u00e8 un elemento della notifica ai centri antiveleni (PCN), che deve essere presentata in un formato armonizzato&#8230;.<\/p>\n","protected":false},"author":2,"featured_media":0,"parent":0,"menu_order":0,"comment_status":"closed","ping_status":"closed","template":"","meta":{"_acf_changed":false,"footnotes":""},"tags":[240,242],"class_list":["post-19523","page","type-page","status-publish","hentry","tag-etichettatura-clp-it","tag-scheda-di-dati-di-sicurezza-base-delle-conoscenze-it"],"acf":[],"yoast_head":"<!-- This site is optimized with the Yoast SEO plugin v27.2 - https:\/\/yoast.com\/product\/yoast-seo-wordpress\/ -->\n<title>Informazioni sull\u2019applicazione dell\u2019UFI<\/title>\n<meta name=\"description\" content=\"Consigli pratici e informazioni teoriche allo stesso tempo in merito alla presentazione armonizzata, la pianificazione strategica e la creazione d\u2019un UFI\" \/>\n<meta name=\"robots\" content=\"index, follow, max-snippet:-1, max-image-preview:large, max-video-preview:-1\" \/>\n<link rel=\"canonical\" href=\"https:\/\/www.msds-europe.com\/it\/ufi-identificatore-unico-di-formula\/\" \/>\n<meta property=\"og:locale\" content=\"it_IT\" \/>\n<meta property=\"og:type\" content=\"article\" \/>\n<meta property=\"og:title\" content=\"Informazioni sull\u2019applicazione dell\u2019UFI\" \/>\n<meta property=\"og:description\" content=\"Consigli pratici e informazioni teoriche allo stesso tempo in merito alla presentazione armonizzata, la pianificazione strategica e la creazione d\u2019un UFI\" \/>\n<meta property=\"og:url\" content=\"https:\/\/www.msds-europe.com\/it\/ufi-identificatore-unico-di-formula\/\" \/>\n<meta property=\"og:site_name\" content=\"MSDS Europe\" \/>\n<meta property=\"article:publisher\" content=\"https:\/\/www.facebook.com\/toxinfokft\/\" \/>\n<meta property=\"article:modified_time\" content=\"2026-02-24T11:40:41+00:00\" \/>\n<meta name=\"twitter:card\" content=\"summary_large_image\" \/>\n<meta name=\"twitter:site\" content=\"@ToxInfoKft\" \/>\n<meta name=\"twitter:label1\" content=\"Tempo di lettura stimato\" \/>\n\t<meta name=\"twitter:data1\" content=\"6 minuti\" \/>\n<script type=\"application\/ld+json\" class=\"yoast-schema-graph\">{\"@context\":\"https:\/\/schema.org\",\"@graph\":[{\"@type\":\"WebPage\",\"@id\":\"https:\/\/www.msds-europe.com\/it\/ufi-identificatore-unico-di-formula\/\",\"url\":\"https:\/\/www.msds-europe.com\/it\/ufi-identificatore-unico-di-formula\/\",\"name\":\"Informazioni sull\u2019applicazione dell\u2019UFI\",\"isPartOf\":{\"@id\":\"https:\/\/www.msds-europe.com\/es\/#website\"},\"datePublished\":\"2019-05-06T11:49:09+00:00\",\"dateModified\":\"2026-02-24T11:40:41+00:00\",\"description\":\"Consigli pratici e informazioni teoriche allo stesso tempo in merito alla presentazione armonizzata, la pianificazione strategica e la creazione d\u2019un UFI\",\"breadcrumb\":{\"@id\":\"https:\/\/www.msds-europe.com\/it\/ufi-identificatore-unico-di-formula\/#breadcrumb\"},\"inLanguage\":\"it-IT\",\"potentialAction\":[{\"@type\":\"ReadAction\",\"target\":[\"https:\/\/www.msds-europe.com\/it\/ufi-identificatore-unico-di-formula\/\"]}]},{\"@type\":\"BreadcrumbList\",\"@id\":\"https:\/\/www.msds-europe.com\/it\/ufi-identificatore-unico-di-formula\/#breadcrumb\",\"itemListElement\":[{\"@type\":\"ListItem\",\"position\":1,\"name\":\"F\u0151oldal\",\"item\":\"https:\/\/www.msds-europe.com\/it\/\"},{\"@type\":\"ListItem\",\"position\":2,\"name\":\"Informazioni sull\u2019applicazione dell\u2019UFI (identificatore unico di formula)\"}]},{\"@type\":\"WebSite\",\"@id\":\"https:\/\/www.msds-europe.com\/es\/#website\",\"url\":\"https:\/\/www.msds-europe.com\/es\/\",\"name\":\"MSDS Europe\",\"description\":\"\",\"publisher\":{\"@id\":\"https:\/\/www.msds-europe.com\/es\/#organization\"},\"potentialAction\":[{\"@type\":\"SearchAction\",\"target\":{\"@type\":\"EntryPoint\",\"urlTemplate\":\"https:\/\/www.msds-europe.com\/es\/?s={search_term_string}\"},\"query-input\":{\"@type\":\"PropertyValueSpecification\",\"valueRequired\":true,\"valueName\":\"search_term_string\"}}],\"inLanguage\":\"it-IT\"},{\"@type\":\"Organization\",\"@id\":\"https:\/\/www.msds-europe.com\/es\/#organization\",\"name\":\"MSDS-Europe International branch of ToxInfo\",\"url\":\"https:\/\/www.msds-europe.com\/es\/\",\"logo\":{\"@type\":\"ImageObject\",\"inLanguage\":\"it-IT\",\"@id\":\"https:\/\/www.msds-europe.com\/es\/#\/schema\/logo\/image\/\",\"url\":\"https:\/\/www.msds-europe.com\/wp-content\/uploads\/2021\/04\/msds-europe-logo.jpg\",\"contentUrl\":\"https:\/\/www.msds-europe.com\/wp-content\/uploads\/2021\/04\/msds-europe-logo.jpg\",\"width\":2296,\"height\":1067,\"caption\":\"MSDS-Europe International branch of ToxInfo\"},\"image\":{\"@id\":\"https:\/\/www.msds-europe.com\/es\/#\/schema\/logo\/image\/\"},\"sameAs\":[\"https:\/\/www.facebook.com\/toxinfokft\/\",\"https:\/\/x.com\/ToxInfoKft\"]}]}<\/script>\n<!-- \/ Yoast SEO plugin. -->","yoast_head_json":{"title":"Informazioni sull\u2019applicazione dell\u2019UFI","description":"Consigli pratici e informazioni teoriche allo stesso tempo in merito alla presentazione armonizzata, la pianificazione strategica e la creazione d\u2019un UFI","robots":{"index":"index","follow":"follow","max-snippet":"max-snippet:-1","max-image-preview":"max-image-preview:large","max-video-preview":"max-video-preview:-1"},"canonical":"https:\/\/www.msds-europe.com\/it\/ufi-identificatore-unico-di-formula\/","og_locale":"it_IT","og_type":"article","og_title":"Informazioni sull\u2019applicazione dell\u2019UFI","og_description":"Consigli pratici e informazioni teoriche allo stesso tempo in merito alla presentazione armonizzata, la pianificazione strategica e la creazione d\u2019un UFI","og_url":"https:\/\/www.msds-europe.com\/it\/ufi-identificatore-unico-di-formula\/","og_site_name":"MSDS Europe","article_publisher":"https:\/\/www.facebook.com\/toxinfokft\/","article_modified_time":"2026-02-24T11:40:41+00:00","twitter_card":"summary_large_image","twitter_site":"@ToxInfoKft","twitter_misc":{"Tempo di lettura stimato":"6 minuti"},"schema":{"@context":"https:\/\/schema.org","@graph":[{"@type":"WebPage","@id":"https:\/\/www.msds-europe.com\/it\/ufi-identificatore-unico-di-formula\/","url":"https:\/\/www.msds-europe.com\/it\/ufi-identificatore-unico-di-formula\/","name":"Informazioni sull\u2019applicazione dell\u2019UFI","isPartOf":{"@id":"https:\/\/www.msds-europe.com\/es\/#website"},"datePublished":"2019-05-06T11:49:09+00:00","dateModified":"2026-02-24T11:40:41+00:00","description":"Consigli pratici e informazioni teoriche allo stesso tempo in merito alla presentazione armonizzata, la pianificazione strategica e la creazione d\u2019un UFI","breadcrumb":{"@id":"https:\/\/www.msds-europe.com\/it\/ufi-identificatore-unico-di-formula\/#breadcrumb"},"inLanguage":"it-IT","potentialAction":[{"@type":"ReadAction","target":["https:\/\/www.msds-europe.com\/it\/ufi-identificatore-unico-di-formula\/"]}]},{"@type":"BreadcrumbList","@id":"https:\/\/www.msds-europe.com\/it\/ufi-identificatore-unico-di-formula\/#breadcrumb","itemListElement":[{"@type":"ListItem","position":1,"name":"F\u0151oldal","item":"https:\/\/www.msds-europe.com\/it\/"},{"@type":"ListItem","position":2,"name":"Informazioni sull\u2019applicazione dell\u2019UFI (identificatore unico di formula)"}]},{"@type":"WebSite","@id":"https:\/\/www.msds-europe.com\/es\/#website","url":"https:\/\/www.msds-europe.com\/es\/","name":"MSDS Europe","description":"","publisher":{"@id":"https:\/\/www.msds-europe.com\/es\/#organization"},"potentialAction":[{"@type":"SearchAction","target":{"@type":"EntryPoint","urlTemplate":"https:\/\/www.msds-europe.com\/es\/?s={search_term_string}"},"query-input":{"@type":"PropertyValueSpecification","valueRequired":true,"valueName":"search_term_string"}}],"inLanguage":"it-IT"},{"@type":"Organization","@id":"https:\/\/www.msds-europe.com\/es\/#organization","name":"MSDS-Europe International branch of ToxInfo","url":"https:\/\/www.msds-europe.com\/es\/","logo":{"@type":"ImageObject","inLanguage":"it-IT","@id":"https:\/\/www.msds-europe.com\/es\/#\/schema\/logo\/image\/","url":"https:\/\/www.msds-europe.com\/wp-content\/uploads\/2021\/04\/msds-europe-logo.jpg","contentUrl":"https:\/\/www.msds-europe.com\/wp-content\/uploads\/2021\/04\/msds-europe-logo.jpg","width":2296,"height":1067,"caption":"MSDS-Europe International branch of ToxInfo"},"image":{"@id":"https:\/\/www.msds-europe.com\/es\/#\/schema\/logo\/image\/"},"sameAs":["https:\/\/www.facebook.com\/toxinfokft\/","https:\/\/x.com\/ToxInfoKft"]}]}},"_links":{"self":[{"href":"https:\/\/www.msds-europe.com\/it\/wp-json\/wp\/v2\/pages\/19523","targetHints":{"allow":["GET"]}}],"collection":[{"href":"https:\/\/www.msds-europe.com\/it\/wp-json\/wp\/v2\/pages"}],"about":[{"href":"https:\/\/www.msds-europe.com\/it\/wp-json\/wp\/v2\/types\/page"}],"author":[{"embeddable":true,"href":"https:\/\/www.msds-europe.com\/it\/wp-json\/wp\/v2\/users\/2"}],"replies":[{"embeddable":true,"href":"https:\/\/www.msds-europe.com\/it\/wp-json\/wp\/v2\/comments?post=19523"}],"version-history":[{"count":13,"href":"https:\/\/www.msds-europe.com\/it\/wp-json\/wp\/v2\/pages\/19523\/revisions"}],"predecessor-version":[{"id":37705,"href":"https:\/\/www.msds-europe.com\/it\/wp-json\/wp\/v2\/pages\/19523\/revisions\/37705"}],"wp:attachment":[{"href":"https:\/\/www.msds-europe.com\/it\/wp-json\/wp\/v2\/media?parent=19523"}],"wp:term":[{"taxonomy":"post_tag","embeddable":true,"href":"https:\/\/www.msds-europe.com\/it\/wp-json\/wp\/v2\/tags?post=19523"}],"curies":[{"name":"wp","href":"https:\/\/api.w.org\/{rel}","templated":true}]}}