{"id":6289,"date":"2018-06-27T04:11:33","date_gmt":"2018-06-27T04:11:33","guid":{"rendered":"http:\/\/www.msds-europe.com\/?page_id=6289"},"modified":"2018-06-27T04:11:33","modified_gmt":"2018-06-27T04:11:33","slug":"anonim-latogatoazonosito-cookie-kezelese","status":"publish","type":"page","link":"https:\/\/www.msds-europe.com\/hu\/anonim-latogatoazonosito-cookie-kezelese\/","title":{"rendered":"Anonim l\u00e1togat\u00f3azonos\u00edt\u00f3 (cookie) kezel\u00e9se"},"content":{"rendered":"<p>Az anonim l\u00e1togat\u00f3azonos\u00edt\u00f3 (cookie, s\u00fcti) egy olyan egyedi &#8211; azonos\u00edt\u00e1sra, illetve profilinform\u00e1ci\u00f3k t\u00e1rol\u00e1s\u00e1ra alkalmas &#8211; jelsorozat, melyet a szolg\u00e1ltat\u00f3k a l\u00e1togat\u00f3k sz\u00e1m\u00edt\u00f3g\u00e9p\u00e9re helyeznek el. Fontos tudni, hogy az ilyen jelsorozat &#8211; tekintettel arra, hogy a felhaszn\u00e1l\u00e1sa sor\u00e1n a teljes IP c\u00edm t\u00e1rol\u00e1sa nem t\u00f6rt\u00e9nik meg &#8211; \u00f6nmag\u00e1ban semmilyen m\u00f3don nem k\u00e9pes az \u00fcgyfelet, azaz a l\u00e1togat\u00f3t azonos\u00edtani, csak a l\u00e1togat\u00f3 g\u00e9p\u00e9nek felismer\u00e9s\u00e9re alkalmas.<\/p>\n<p>A ToxInfo Kft. az anonim azonos\u00edt\u00f3kat abb\u00f3l a c\u00e9lb\u00f3l kezeli, hogy t\u00f6bbet tudhasson meg az \u00fcgyfelek inform\u00e1ci\u00f3haszn\u00e1lati szok\u00e1sair\u00f3l \u00e9s \u00edgy, jav\u00edthassa szolg\u00e1ltat\u00e1sai sz\u00ednvonal\u00e1t, valamint \u00fcgyfeleinek a honlap l\u00e1togat\u00e1sa sor\u00e1n testreszabott oldalakat, marketing (rekl\u00e1m) anyagokat jelentessen meg. Az anonim azonos\u00edt\u00f3k szem\u00e9lyes adatb\u00e1zissal nem ker\u00fclnek \u00f6sszekapcsol\u00e1sra, azonban a ToxInfo Kft., valamint szerz\u0151d\u00e9s alapj\u00e1n harmadik f\u00e9l portfoli\u00f3j\u00e1ba tartoz\u00f3 honlapokon t\u00f6rt\u00e9n\u0151 l\u00e1togat\u00e1s sor\u00e1n keletkez\u0151, szem\u00e9lyes adatot nem tartalmaz\u00f3 anonim azonos\u00edt\u00f3k \u00f6sszekapcsol\u00e1sra ker\u00fclnek a szolg\u00e1ltat\u00e1s sz\u00ednvonal\u00e1nak jav\u00edt\u00e1sa \u00e9rdek\u00e9ben.<\/p>\n","protected":false},"excerpt":{"rendered":"<p>Az anonim l\u00e1togat\u00f3azonos\u00edt\u00f3 (cookie, s\u00fcti) egy olyan egyedi &#8211; azonos\u00edt\u00e1sra, illetve profilinform\u00e1ci\u00f3k t\u00e1rol\u00e1s\u00e1ra alkalmas &#8211; jelsorozat, melyet a szolg\u00e1ltat\u00f3k a l\u00e1togat\u00f3k sz\u00e1m\u00edt\u00f3g\u00e9p\u00e9re helyeznek el. Fontos tudni, hogy az ilyen jelsorozat &#8211; tekintettel arra, hogy a felhaszn\u00e1l\u00e1sa sor\u00e1n a teljes IP c\u00edm t\u00e1rol\u00e1sa nem t\u00f6rt\u00e9nik meg &#8211; \u00f6nmag\u00e1ban semmilyen m\u00f3don nem&#8230;<\/p>\n","protected":false},"author":1,"featured_media":0,"parent":0,"menu_order":0,"comment_status":"closed","ping_status":"closed","template":"","meta":{"_acf_changed":false,"footnotes":""},"tags":[],"class_list":["post-6289","page","type-page","status-publish","hentry"],"acf":[],"yoast_head":"<!-- This site is optimized with the Yoast SEO plugin v27.2 - https:\/\/yoast.com\/product\/yoast-seo-wordpress\/ -->\n<title>Anonim l\u00e1togat\u00f3azonos\u00edt\u00f3 (cookie) kezel\u00e9se - MSDS Europe<\/title>\n<meta name=\"robots\" content=\"index, follow, max-snippet:-1, max-image-preview:large, max-video-preview:-1\" \/>\n<link rel=\"canonical\" href=\"https:\/\/www.msds-europe.com\/hu\/anonim-latogatoazonosito-cookie-kezelese\/\" \/>\n<meta property=\"og:locale\" content=\"hu_HU\" \/>\n<meta property=\"og:type\" content=\"article\" \/>\n<meta property=\"og:title\" content=\"Anonim l\u00e1togat\u00f3azonos\u00edt\u00f3 (cookie) kezel\u00e9se - MSDS Europe\" \/>\n<meta property=\"og:description\" content=\"Az anonim l\u00e1togat\u00f3azonos\u00edt\u00f3 (cookie, s\u00fcti) egy olyan egyedi &#8211; azonos\u00edt\u00e1sra, illetve profilinform\u00e1ci\u00f3k t\u00e1rol\u00e1s\u00e1ra alkalmas &#8211; jelsorozat, melyet a szolg\u00e1ltat\u00f3k a l\u00e1togat\u00f3k sz\u00e1m\u00edt\u00f3g\u00e9p\u00e9re helyeznek el. Fontos tudni, hogy az ilyen jelsorozat &#8211; tekintettel arra, hogy a felhaszn\u00e1l\u00e1sa sor\u00e1n a teljes IP c\u00edm t\u00e1rol\u00e1sa nem t\u00f6rt\u00e9nik meg &#8211; \u00f6nmag\u00e1ban semmilyen m\u00f3don nem...\" \/>\n<meta property=\"og:url\" content=\"https:\/\/www.msds-europe.com\/hu\/anonim-latogatoazonosito-cookie-kezelese\/\" \/>\n<meta property=\"og:site_name\" content=\"MSDS Europe\" \/>\n<meta property=\"article:publisher\" content=\"https:\/\/www.facebook.com\/toxinfokft\/\" \/>\n<meta name=\"twitter:card\" content=\"summary_large_image\" \/>\n<meta name=\"twitter:site\" content=\"@ToxInfoKft\" \/>\n<meta name=\"twitter:label1\" content=\"Becs\u00fclt olvas\u00e1si id\u0151\" \/>\n\t<meta name=\"twitter:data1\" content=\"1 perc\" \/>\n<script type=\"application\/ld+json\" class=\"yoast-schema-graph\">{\"@context\":\"https:\/\/schema.org\",\"@graph\":[{\"@type\":\"WebPage\",\"@id\":\"https:\/\/www.msds-europe.com\/hu\/anonim-latogatoazonosito-cookie-kezelese\/\",\"url\":\"https:\/\/www.msds-europe.com\/hu\/anonim-latogatoazonosito-cookie-kezelese\/\",\"name\":\"Anonim l\u00e1togat\u00f3azonos\u00edt\u00f3 (cookie) kezel\u00e9se - MSDS Europe\",\"isPartOf\":{\"@id\":\"https:\/\/www.msds-europe.com\/es\/#website\"},\"datePublished\":\"2018-06-27T04:11:33+00:00\",\"breadcrumb\":{\"@id\":\"https:\/\/www.msds-europe.com\/hu\/anonim-latogatoazonosito-cookie-kezelese\/#breadcrumb\"},\"inLanguage\":\"hu\",\"potentialAction\":[{\"@type\":\"ReadAction\",\"target\":[\"https:\/\/www.msds-europe.com\/hu\/anonim-latogatoazonosito-cookie-kezelese\/\"]}]},{\"@type\":\"BreadcrumbList\",\"@id\":\"https:\/\/www.msds-europe.com\/hu\/anonim-latogatoazonosito-cookie-kezelese\/#breadcrumb\",\"itemListElement\":[{\"@type\":\"ListItem\",\"position\":1,\"name\":\"F\u0151oldal\",\"item\":\"https:\/\/www.msds-europe.com\/hu\/\"},{\"@type\":\"ListItem\",\"position\":2,\"name\":\"Anonim l\u00e1togat\u00f3azonos\u00edt\u00f3 (cookie) kezel\u00e9se\"}]},{\"@type\":\"WebSite\",\"@id\":\"https:\/\/www.msds-europe.com\/es\/#website\",\"url\":\"https:\/\/www.msds-europe.com\/es\/\",\"name\":\"MSDS Europe\",\"description\":\"\",\"publisher\":{\"@id\":\"https:\/\/www.msds-europe.com\/es\/#organization\"},\"potentialAction\":[{\"@type\":\"SearchAction\",\"target\":{\"@type\":\"EntryPoint\",\"urlTemplate\":\"https:\/\/www.msds-europe.com\/es\/?s={search_term_string}\"},\"query-input\":{\"@type\":\"PropertyValueSpecification\",\"valueRequired\":true,\"valueName\":\"search_term_string\"}}],\"inLanguage\":\"hu\"},{\"@type\":\"Organization\",\"@id\":\"https:\/\/www.msds-europe.com\/es\/#organization\",\"name\":\"MSDS-Europe International branch of ToxInfo\",\"url\":\"https:\/\/www.msds-europe.com\/es\/\",\"logo\":{\"@type\":\"ImageObject\",\"inLanguage\":\"hu\",\"@id\":\"https:\/\/www.msds-europe.com\/es\/#\/schema\/logo\/image\/\",\"url\":\"https:\/\/www.msds-europe.com\/wp-content\/uploads\/2021\/04\/msds-europe-logo.jpg\",\"contentUrl\":\"https:\/\/www.msds-europe.com\/wp-content\/uploads\/2021\/04\/msds-europe-logo.jpg\",\"width\":2296,\"height\":1067,\"caption\":\"MSDS-Europe International branch of ToxInfo\"},\"image\":{\"@id\":\"https:\/\/www.msds-europe.com\/es\/#\/schema\/logo\/image\/\"},\"sameAs\":[\"https:\/\/www.facebook.com\/toxinfokft\/\",\"https:\/\/x.com\/ToxInfoKft\"]}]}<\/script>\n<!-- \/ Yoast SEO plugin. -->","yoast_head_json":{"title":"Anonim l\u00e1togat\u00f3azonos\u00edt\u00f3 (cookie) kezel\u00e9se - MSDS Europe","robots":{"index":"index","follow":"follow","max-snippet":"max-snippet:-1","max-image-preview":"max-image-preview:large","max-video-preview":"max-video-preview:-1"},"canonical":"https:\/\/www.msds-europe.com\/hu\/anonim-latogatoazonosito-cookie-kezelese\/","og_locale":"hu_HU","og_type":"article","og_title":"Anonim l\u00e1togat\u00f3azonos\u00edt\u00f3 (cookie) kezel\u00e9se - MSDS Europe","og_description":"Az anonim l\u00e1togat\u00f3azonos\u00edt\u00f3 (cookie, s\u00fcti) egy olyan egyedi &#8211; azonos\u00edt\u00e1sra, illetve profilinform\u00e1ci\u00f3k t\u00e1rol\u00e1s\u00e1ra alkalmas &#8211; jelsorozat, melyet a szolg\u00e1ltat\u00f3k a l\u00e1togat\u00f3k sz\u00e1m\u00edt\u00f3g\u00e9p\u00e9re helyeznek el. Fontos tudni, hogy az ilyen jelsorozat &#8211; tekintettel arra, hogy a felhaszn\u00e1l\u00e1sa sor\u00e1n a teljes IP c\u00edm t\u00e1rol\u00e1sa nem t\u00f6rt\u00e9nik meg &#8211; \u00f6nmag\u00e1ban semmilyen m\u00f3don nem...","og_url":"https:\/\/www.msds-europe.com\/hu\/anonim-latogatoazonosito-cookie-kezelese\/","og_site_name":"MSDS Europe","article_publisher":"https:\/\/www.facebook.com\/toxinfokft\/","twitter_card":"summary_large_image","twitter_site":"@ToxInfoKft","twitter_misc":{"Becs\u00fclt olvas\u00e1si id\u0151":"1 perc"},"schema":{"@context":"https:\/\/schema.org","@graph":[{"@type":"WebPage","@id":"https:\/\/www.msds-europe.com\/hu\/anonim-latogatoazonosito-cookie-kezelese\/","url":"https:\/\/www.msds-europe.com\/hu\/anonim-latogatoazonosito-cookie-kezelese\/","name":"Anonim l\u00e1togat\u00f3azonos\u00edt\u00f3 (cookie) kezel\u00e9se - MSDS Europe","isPartOf":{"@id":"https:\/\/www.msds-europe.com\/es\/#website"},"datePublished":"2018-06-27T04:11:33+00:00","breadcrumb":{"@id":"https:\/\/www.msds-europe.com\/hu\/anonim-latogatoazonosito-cookie-kezelese\/#breadcrumb"},"inLanguage":"hu","potentialAction":[{"@type":"ReadAction","target":["https:\/\/www.msds-europe.com\/hu\/anonim-latogatoazonosito-cookie-kezelese\/"]}]},{"@type":"BreadcrumbList","@id":"https:\/\/www.msds-europe.com\/hu\/anonim-latogatoazonosito-cookie-kezelese\/#breadcrumb","itemListElement":[{"@type":"ListItem","position":1,"name":"F\u0151oldal","item":"https:\/\/www.msds-europe.com\/hu\/"},{"@type":"ListItem","position":2,"name":"Anonim l\u00e1togat\u00f3azonos\u00edt\u00f3 (cookie) kezel\u00e9se"}]},{"@type":"WebSite","@id":"https:\/\/www.msds-europe.com\/es\/#website","url":"https:\/\/www.msds-europe.com\/es\/","name":"MSDS Europe","description":"","publisher":{"@id":"https:\/\/www.msds-europe.com\/es\/#organization"},"potentialAction":[{"@type":"SearchAction","target":{"@type":"EntryPoint","urlTemplate":"https:\/\/www.msds-europe.com\/es\/?s={search_term_string}"},"query-input":{"@type":"PropertyValueSpecification","valueRequired":true,"valueName":"search_term_string"}}],"inLanguage":"hu"},{"@type":"Organization","@id":"https:\/\/www.msds-europe.com\/es\/#organization","name":"MSDS-Europe International branch of ToxInfo","url":"https:\/\/www.msds-europe.com\/es\/","logo":{"@type":"ImageObject","inLanguage":"hu","@id":"https:\/\/www.msds-europe.com\/es\/#\/schema\/logo\/image\/","url":"https:\/\/www.msds-europe.com\/wp-content\/uploads\/2021\/04\/msds-europe-logo.jpg","contentUrl":"https:\/\/www.msds-europe.com\/wp-content\/uploads\/2021\/04\/msds-europe-logo.jpg","width":2296,"height":1067,"caption":"MSDS-Europe International branch of ToxInfo"},"image":{"@id":"https:\/\/www.msds-europe.com\/es\/#\/schema\/logo\/image\/"},"sameAs":["https:\/\/www.facebook.com\/toxinfokft\/","https:\/\/x.com\/ToxInfoKft"]}]}},"_links":{"self":[{"href":"https:\/\/www.msds-europe.com\/hu\/wp-json\/wp\/v2\/pages\/6289","targetHints":{"allow":["GET"]}}],"collection":[{"href":"https:\/\/www.msds-europe.com\/hu\/wp-json\/wp\/v2\/pages"}],"about":[{"href":"https:\/\/www.msds-europe.com\/hu\/wp-json\/wp\/v2\/types\/page"}],"author":[{"embeddable":true,"href":"https:\/\/www.msds-europe.com\/hu\/wp-json\/wp\/v2\/users\/1"}],"replies":[{"embeddable":true,"href":"https:\/\/www.msds-europe.com\/hu\/wp-json\/wp\/v2\/comments?post=6289"}],"version-history":[{"count":1,"href":"https:\/\/www.msds-europe.com\/hu\/wp-json\/wp\/v2\/pages\/6289\/revisions"}],"predecessor-version":[{"id":6290,"href":"https:\/\/www.msds-europe.com\/hu\/wp-json\/wp\/v2\/pages\/6289\/revisions\/6290"}],"wp:attachment":[{"href":"https:\/\/www.msds-europe.com\/hu\/wp-json\/wp\/v2\/media?parent=6289"}],"wp:term":[{"taxonomy":"post_tag","embeddable":true,"href":"https:\/\/www.msds-europe.com\/hu\/wp-json\/wp\/v2\/tags?post=6289"}],"curies":[{"name":"wp","href":"https:\/\/api.w.org\/{rel}","templated":true}]}}