{"id":6285,"date":"2018-06-27T04:09:57","date_gmt":"2018-06-27T04:09:57","guid":{"rendered":"http:\/\/www.msds-europe.com\/?page_id=6285"},"modified":"2018-06-27T04:09:57","modified_gmt":"2018-06-27T04:09:57","slug":"gestion-des-id-de-visiteur-anonymes-cookies","status":"publish","type":"page","link":"https:\/\/www.msds-europe.com\/fr\/gestion-des-id-de-visiteur-anonymes-cookies\/","title":{"rendered":"Gestion des ID de visiteur anonymes (cookies)"},"content":{"rendered":"<p>Un identifiant de visiteur anonyme (cookie) est une s\u00e9quence unique de caract\u00e8res pouvant \u00eatre utilis\u00e9e pour l&rsquo;identification et le stockage des informations de profil, plac\u00e9es par les fournisseurs sur les ordinateurs des visiteurs. Il est important de savoir que puisque l&rsquo;adresse IP compl\u00e8te n&rsquo;est pas stock\u00e9e lors de son utilisation, une telle s\u00e9quence de caract\u00e8res en elle-m\u00eame ne peut en aucun cas identifier un visiteur et ne permet que la reconnaissance de l&rsquo;ordinateur du visiteur.<\/p>\n<p>ToxInfo Kft. g\u00e8re les identifiants anonymes pour mieux comprendre comment ses visiteurs utilisent les informations, afin d&rsquo;am\u00e9liorer la qualit\u00e9 de ses services et d&rsquo;afficher des pages personnalis\u00e9es et du mat\u00e9riel de marketing (publicit\u00e9) pour ses clients visitant le site Web. Les ID de visiteur anonyme ne sont pas li\u00e9s \u00e0 une base de donn\u00e9es personnelle; cependant, les ID anonymis\u00e9s et d\u00e9personnalis\u00e9s cr\u00e9\u00e9s lors de la visite de l&rsquo;un des sites Web de ToxInfo Kft. ou tout tiers contract\u00e9, seront li\u00e9s pour aider \u00e0 am\u00e9liorer la qualit\u00e9 du service.<\/p>\n","protected":false},"excerpt":{"rendered":"<p>Un identifiant de visiteur anonyme (cookie) est une s\u00e9quence unique de caract\u00e8res pouvant \u00eatre utilis\u00e9e pour l&rsquo;identification et le stockage des informations de profil, plac\u00e9es par les fournisseurs sur les ordinateurs des visiteurs. Il est important de savoir que puisque l&rsquo;adresse IP compl\u00e8te n&rsquo;est pas stock\u00e9e lors de son utilisation,&#8230;<\/p>\n","protected":false},"author":1,"featured_media":0,"parent":0,"menu_order":0,"comment_status":"closed","ping_status":"closed","template":"","meta":{"_acf_changed":false,"footnotes":""},"tags":[],"class_list":["post-6285","page","type-page","status-publish","hentry"],"acf":[],"yoast_head":"<!-- This site is optimized with the Yoast SEO plugin v27.2 - https:\/\/yoast.com\/product\/yoast-seo-wordpress\/ -->\n<title>Gestion des ID de visiteur anonymes (cookies) - MSDS Europe<\/title>\n<meta name=\"robots\" content=\"index, follow, max-snippet:-1, max-image-preview:large, max-video-preview:-1\" \/>\n<link rel=\"canonical\" href=\"https:\/\/www.msds-europe.com\/fr\/gestion-des-id-de-visiteur-anonymes-cookies\/\" \/>\n<meta property=\"og:locale\" content=\"fr_FR\" \/>\n<meta property=\"og:type\" content=\"article\" \/>\n<meta property=\"og:title\" content=\"Gestion des ID de visiteur anonymes (cookies) - MSDS Europe\" \/>\n<meta property=\"og:description\" content=\"Un identifiant de visiteur anonyme (cookie) est une s\u00e9quence unique de caract\u00e8res pouvant \u00eatre utilis\u00e9e pour l&rsquo;identification et le stockage des informations de profil, plac\u00e9es par les fournisseurs sur les ordinateurs des visiteurs. Il est important de savoir que puisque l&rsquo;adresse IP compl\u00e8te n&rsquo;est pas stock\u00e9e lors de son utilisation,...\" \/>\n<meta property=\"og:url\" content=\"https:\/\/www.msds-europe.com\/fr\/gestion-des-id-de-visiteur-anonymes-cookies\/\" \/>\n<meta property=\"og:site_name\" content=\"MSDS Europe\" \/>\n<meta property=\"article:publisher\" content=\"https:\/\/www.facebook.com\/toxinfokft\/\" \/>\n<meta name=\"twitter:card\" content=\"summary_large_image\" \/>\n<meta name=\"twitter:site\" content=\"@ToxInfoKft\" \/>\n<meta name=\"twitter:label1\" content=\"Dur\u00e9e de lecture estim\u00e9e\" \/>\n\t<meta name=\"twitter:data1\" content=\"1 minute\" \/>\n<script type=\"application\/ld+json\" class=\"yoast-schema-graph\">{\"@context\":\"https:\/\/schema.org\",\"@graph\":[{\"@type\":\"WebPage\",\"@id\":\"https:\/\/www.msds-europe.com\/fr\/gestion-des-id-de-visiteur-anonymes-cookies\/\",\"url\":\"https:\/\/www.msds-europe.com\/fr\/gestion-des-id-de-visiteur-anonymes-cookies\/\",\"name\":\"Gestion des ID de visiteur anonymes (cookies) - MSDS Europe\",\"isPartOf\":{\"@id\":\"https:\/\/www.msds-europe.com\/es\/#website\"},\"datePublished\":\"2018-06-27T04:09:57+00:00\",\"breadcrumb\":{\"@id\":\"https:\/\/www.msds-europe.com\/fr\/gestion-des-id-de-visiteur-anonymes-cookies\/#breadcrumb\"},\"inLanguage\":\"fr-FR\",\"potentialAction\":[{\"@type\":\"ReadAction\",\"target\":[\"https:\/\/www.msds-europe.com\/fr\/gestion-des-id-de-visiteur-anonymes-cookies\/\"]}]},{\"@type\":\"BreadcrumbList\",\"@id\":\"https:\/\/www.msds-europe.com\/fr\/gestion-des-id-de-visiteur-anonymes-cookies\/#breadcrumb\",\"itemListElement\":[{\"@type\":\"ListItem\",\"position\":1,\"name\":\"F\u0151oldal\",\"item\":\"https:\/\/www.msds-europe.com\/fr\/\"},{\"@type\":\"ListItem\",\"position\":2,\"name\":\"Gestion des ID de visiteur anonymes (cookies)\"}]},{\"@type\":\"WebSite\",\"@id\":\"https:\/\/www.msds-europe.com\/es\/#website\",\"url\":\"https:\/\/www.msds-europe.com\/es\/\",\"name\":\"MSDS Europe\",\"description\":\"\",\"publisher\":{\"@id\":\"https:\/\/www.msds-europe.com\/es\/#organization\"},\"potentialAction\":[{\"@type\":\"SearchAction\",\"target\":{\"@type\":\"EntryPoint\",\"urlTemplate\":\"https:\/\/www.msds-europe.com\/es\/?s={search_term_string}\"},\"query-input\":{\"@type\":\"PropertyValueSpecification\",\"valueRequired\":true,\"valueName\":\"search_term_string\"}}],\"inLanguage\":\"fr-FR\"},{\"@type\":\"Organization\",\"@id\":\"https:\/\/www.msds-europe.com\/es\/#organization\",\"name\":\"MSDS-Europe International branch of ToxInfo\",\"url\":\"https:\/\/www.msds-europe.com\/es\/\",\"logo\":{\"@type\":\"ImageObject\",\"inLanguage\":\"fr-FR\",\"@id\":\"https:\/\/www.msds-europe.com\/es\/#\/schema\/logo\/image\/\",\"url\":\"https:\/\/www.msds-europe.com\/wp-content\/uploads\/2021\/04\/msds-europe-logo.jpg\",\"contentUrl\":\"https:\/\/www.msds-europe.com\/wp-content\/uploads\/2021\/04\/msds-europe-logo.jpg\",\"width\":2296,\"height\":1067,\"caption\":\"MSDS-Europe International branch of ToxInfo\"},\"image\":{\"@id\":\"https:\/\/www.msds-europe.com\/es\/#\/schema\/logo\/image\/\"},\"sameAs\":[\"https:\/\/www.facebook.com\/toxinfokft\/\",\"https:\/\/x.com\/ToxInfoKft\"]}]}<\/script>\n<!-- \/ Yoast SEO plugin. -->","yoast_head_json":{"title":"Gestion des ID de visiteur anonymes (cookies) - MSDS Europe","robots":{"index":"index","follow":"follow","max-snippet":"max-snippet:-1","max-image-preview":"max-image-preview:large","max-video-preview":"max-video-preview:-1"},"canonical":"https:\/\/www.msds-europe.com\/fr\/gestion-des-id-de-visiteur-anonymes-cookies\/","og_locale":"fr_FR","og_type":"article","og_title":"Gestion des ID de visiteur anonymes (cookies) - MSDS Europe","og_description":"Un identifiant de visiteur anonyme (cookie) est une s\u00e9quence unique de caract\u00e8res pouvant \u00eatre utilis\u00e9e pour l&rsquo;identification et le stockage des informations de profil, plac\u00e9es par les fournisseurs sur les ordinateurs des visiteurs. Il est important de savoir que puisque l&rsquo;adresse IP compl\u00e8te n&rsquo;est pas stock\u00e9e lors de son utilisation,...","og_url":"https:\/\/www.msds-europe.com\/fr\/gestion-des-id-de-visiteur-anonymes-cookies\/","og_site_name":"MSDS Europe","article_publisher":"https:\/\/www.facebook.com\/toxinfokft\/","twitter_card":"summary_large_image","twitter_site":"@ToxInfoKft","twitter_misc":{"Dur\u00e9e de lecture estim\u00e9e":"1 minute"},"schema":{"@context":"https:\/\/schema.org","@graph":[{"@type":"WebPage","@id":"https:\/\/www.msds-europe.com\/fr\/gestion-des-id-de-visiteur-anonymes-cookies\/","url":"https:\/\/www.msds-europe.com\/fr\/gestion-des-id-de-visiteur-anonymes-cookies\/","name":"Gestion des ID de visiteur anonymes (cookies) - MSDS Europe","isPartOf":{"@id":"https:\/\/www.msds-europe.com\/es\/#website"},"datePublished":"2018-06-27T04:09:57+00:00","breadcrumb":{"@id":"https:\/\/www.msds-europe.com\/fr\/gestion-des-id-de-visiteur-anonymes-cookies\/#breadcrumb"},"inLanguage":"fr-FR","potentialAction":[{"@type":"ReadAction","target":["https:\/\/www.msds-europe.com\/fr\/gestion-des-id-de-visiteur-anonymes-cookies\/"]}]},{"@type":"BreadcrumbList","@id":"https:\/\/www.msds-europe.com\/fr\/gestion-des-id-de-visiteur-anonymes-cookies\/#breadcrumb","itemListElement":[{"@type":"ListItem","position":1,"name":"F\u0151oldal","item":"https:\/\/www.msds-europe.com\/fr\/"},{"@type":"ListItem","position":2,"name":"Gestion des ID de visiteur anonymes (cookies)"}]},{"@type":"WebSite","@id":"https:\/\/www.msds-europe.com\/es\/#website","url":"https:\/\/www.msds-europe.com\/es\/","name":"MSDS Europe","description":"","publisher":{"@id":"https:\/\/www.msds-europe.com\/es\/#organization"},"potentialAction":[{"@type":"SearchAction","target":{"@type":"EntryPoint","urlTemplate":"https:\/\/www.msds-europe.com\/es\/?s={search_term_string}"},"query-input":{"@type":"PropertyValueSpecification","valueRequired":true,"valueName":"search_term_string"}}],"inLanguage":"fr-FR"},{"@type":"Organization","@id":"https:\/\/www.msds-europe.com\/es\/#organization","name":"MSDS-Europe International branch of ToxInfo","url":"https:\/\/www.msds-europe.com\/es\/","logo":{"@type":"ImageObject","inLanguage":"fr-FR","@id":"https:\/\/www.msds-europe.com\/es\/#\/schema\/logo\/image\/","url":"https:\/\/www.msds-europe.com\/wp-content\/uploads\/2021\/04\/msds-europe-logo.jpg","contentUrl":"https:\/\/www.msds-europe.com\/wp-content\/uploads\/2021\/04\/msds-europe-logo.jpg","width":2296,"height":1067,"caption":"MSDS-Europe International branch of ToxInfo"},"image":{"@id":"https:\/\/www.msds-europe.com\/es\/#\/schema\/logo\/image\/"},"sameAs":["https:\/\/www.facebook.com\/toxinfokft\/","https:\/\/x.com\/ToxInfoKft"]}]}},"_links":{"self":[{"href":"https:\/\/www.msds-europe.com\/fr\/wp-json\/wp\/v2\/pages\/6285","targetHints":{"allow":["GET"]}}],"collection":[{"href":"https:\/\/www.msds-europe.com\/fr\/wp-json\/wp\/v2\/pages"}],"about":[{"href":"https:\/\/www.msds-europe.com\/fr\/wp-json\/wp\/v2\/types\/page"}],"author":[{"embeddable":true,"href":"https:\/\/www.msds-europe.com\/fr\/wp-json\/wp\/v2\/users\/1"}],"replies":[{"embeddable":true,"href":"https:\/\/www.msds-europe.com\/fr\/wp-json\/wp\/v2\/comments?post=6285"}],"version-history":[{"count":1,"href":"https:\/\/www.msds-europe.com\/fr\/wp-json\/wp\/v2\/pages\/6285\/revisions"}],"predecessor-version":[{"id":6286,"href":"https:\/\/www.msds-europe.com\/fr\/wp-json\/wp\/v2\/pages\/6285\/revisions\/6286"}],"wp:attachment":[{"href":"https:\/\/www.msds-europe.com\/fr\/wp-json\/wp\/v2\/media?parent=6285"}],"wp:term":[{"taxonomy":"post_tag","embeddable":true,"href":"https:\/\/www.msds-europe.com\/fr\/wp-json\/wp\/v2\/tags?post=6285"}],"curies":[{"name":"wp","href":"https:\/\/api.w.org\/{rel}","templated":true}]}}