{"id":6130,"date":"2018-06-26T08:22:57","date_gmt":"2018-06-26T08:22:57","guid":{"rendered":"http:\/\/www.msds-europe.com\/rapport-sur-la-securite-du-produit-cosmetique-exemple\/"},"modified":"2022-09-01T09:58:30","modified_gmt":"2022-09-01T09:58:30","slug":"rapport-sur-la-securite-du-produit-cosmetique-exemple","status":"publish","type":"page","link":"https:\/\/www.msds-europe.com\/fr\/rapport-sur-la-securite-du-produit-cosmetique-exemple\/","title":{"rendered":"RAPPORT SUR LA S\u00c9CURIT\u00c9 DU PRODUIT COSM\u00c9TIQUE &#8211; Exemple"},"content":{"rendered":"<p style=\"text-align: right;\"><em><a href=\"http:\/\/www.msds-europe.com\/fr\/produits-cosmetiques\/\">Produits cosm\u00e9tiques base de connaissances<\/a>\u00a0\u2013 RAPPORT SUR LA S\u00c9CURIT\u00c9 DU PRODUIT COSM\u00c9TIQUE<\/em><\/p>\n<h3 style=\"text-align: right;\"><span style=\"color: #333333;\">T\u00e9l\u00e9charger: <a style=\"color: #333333;\" href=\"http:\/\/www.msds-europe.com\/wp-content\/uploads\/2018\/06\/rapport_sur_la_securite_du_produit_cosmetique_exemple.pdf\">RAPPORT SUR LA S\u00c9CURIT\u00c9 DU PRODUIT COSM\u00c9TIQUE &#8211; Exemple<\/a><\/span><\/h3>\n<p>&nbsp;<\/p>\n<p style=\"text-align: justify;\">Le rapport sur la s\u00e9curit\u00e9 du produit cosm\u00e9tique comporte, au minimum, les \u00e9l\u00e9ments suivants:<\/p>\n<h2 style=\"text-align: justify;\">PARTIE A \u2013 Informations sur la s\u00e9curit\u00e9 du produit cosm\u00e9tique<\/h2>\n<p>&nbsp;<\/p>\n<p style=\"text-align: justify;\"><strong>1. Formule quantitative et qualitative du produit cosm\u00e9tique<\/strong><br \/>\nFormule qualitative et quantitative du produit cosm\u00e9tique, y compris l&rsquo;identit\u00e9 chimique des substances (nom chimique, INCI, CAS, EINECS\/ELINCS, lorsque cela est possible) et leur fonction pr\u00e9vue. Dans le cas des compositions parfumantes et aromatiques, description du nom et du num\u00e9ro de code de la formule et de l&rsquo;identit\u00e9 du fournisseur.<\/p>\n<p>&nbsp;<\/p>\n<p style=\"text-align: justify;\"><strong>2. Caract\u00e9ristiques physiques\/chimiques et stabilit\u00e9 du produit cosm\u00e9tique<\/strong><br \/>\nCaract\u00e9ristiques physiques et chimiques des substances ou des m\u00e9langes, ainsi que du produit cosm\u00e9tique.<br \/>\nStabilit\u00e9 des produits cosm\u00e9tiques dans des conditions de stockage raisonnablement pr\u00e9visibles.<\/p>\n<p>&nbsp;<\/p>\n<p style=\"text-align: justify;\"><strong>3. Qualit\u00e9 microbiologique<\/strong><br \/>\nSp\u00e9cifications microbiologiques de la substance ou du m\u00e9lange et du produit cosm\u00e9tique. Une attention particuli\u00e8re est accord\u00e9e aux produits cosm\u00e9tiques utilis\u00e9s sur le contour des yeux, sur les muqueuses en g\u00e9n\u00e9ral, sur une peau l\u00e9s\u00e9e, chez les enfants de moins de trois ans, chez les personnes \u00e2g\u00e9es et chez les personnes au syst\u00e8me immunitaire fragilis\u00e9.<br \/>\nR\u00e9sultats du challenge test pour la conservation.<\/p>\n<p>&nbsp;<\/p>\n<p style=\"text-align: justify;\"><strong>4. Impuret\u00e9s, traces, informations concernant le mat\u00e9riau d&#8217;emballage<\/strong><br \/>\nPuret\u00e9 des substances et des m\u00e9langes.<br \/>\nEn cas de pr\u00e9sence de substances interdites sous forme de traces, \u00e9l\u00e9ments prouvant qu&rsquo;elle est techniquement in\u00e9vitable.<br \/>\nCaract\u00e9ristiques pertinentes du mat\u00e9riau d&#8217;emballage, notamment sa puret\u00e9 et sa stabilit\u00e9.<\/p>\n<p>&nbsp;<\/p>\n<p style=\"text-align: justify;\"><strong>5. Utilisation normale et raisonnablement pr\u00e9visible<\/strong><br \/>\nUtilisation normale et raisonnablement pr\u00e9visible du produit. Le raisonnement est justifi\u00e9 en particulier \u00e0 la lumi\u00e8re des avertissements et autres explications figurant dans l&rsquo;\u00e9tiquetage du produit.<\/p>\n<p>&nbsp;<\/p>\n<p style=\"text-align: justify;\"><strong>6. Exposition au produit cosm\u00e9tique<\/strong><br \/>\nDonn\u00e9es relatives \u00e0 l&rsquo;exposition au produit cosm\u00e9tique compte tenu des observations faites au point 5 en ce qui concerne:<br \/>\n1) le ou les sites d&rsquo;application;<br \/>\n2) la ou les zones d&rsquo;application;<br \/>\n3) la quantit\u00e9 de produit appliqu\u00e9e;<br \/>\n4) la dur\u00e9e et la fr\u00e9quence d&rsquo;utilisation;<br \/>\n5) la ou les voies d&rsquo;exposition normales ou raisonnablement pr\u00e9visibles;<br \/>\n6) la ou les populations vis\u00e9es (ou expos\u00e9es). Il convient de tenir compte \u00e9galement de l&rsquo;exposition potentielle d&rsquo;une population sp\u00e9cifique.<\/p>\n<p style=\"text-align: justify;\">Le calcul de l&rsquo;exposition prend aussi en consid\u00e9ration les effets toxicologiques \u00e0 envisager (il peut, par exemple, \u00eatre n\u00e9cessaire de calculer l&rsquo;exposition par unit\u00e9 de surface de peau ou par unit\u00e9 de poids corporel). La possibilit\u00e9 d&rsquo;une exposition secondaire par des voies autres que celles r\u00e9sultant d&rsquo;une application directe devrait \u00e9galement \u00eatre prise en compte (par exemple, inhalation involontaire de sprays, ingestion involontaire de produits pour les l\u00e8vres).<br \/>\nUne attention particuli\u00e8re est accord\u00e9e \u00e0 toute incidence possible sur l&rsquo;exposition due \u00e0 la taille des particules.<\/p>\n<p>&nbsp;<\/p>\n<p style=\"text-align: justify;\"><strong>7. Exposition aux substances<\/strong><br \/>\nDonn\u00e9es relatives \u00e0 l&rsquo;exposition aux substances contenues dans le produit cosm\u00e9tique pour les effets toxicologiques appropri\u00e9s compte tenu des informations figurant au point 6.<\/p>\n<p>&nbsp;<\/p>\n<p style=\"text-align: justify;\"><strong>8. Profil toxicologique des substances<\/strong><br \/>\nSans pr\u00e9judice de l&rsquo;article 18, profil toxicologique de la substance contenue dans le produit cosm\u00e9tique pour tous les effets toxicologiques pertinents. Un accent particulier est mis sur l&rsquo;\u00e9valuation de la toxicit\u00e9 locale (irritation de la peau et des yeux), de la sensibilisation cutan\u00e9e et, en cas d&rsquo;absorption UV, de la toxicit\u00e9 photo-induite.<br \/>\nToutes les voies d&rsquo;absorption toxicologiques importantes sont examin\u00e9es ainsi que les effets syst\u00e9miques, et la marge de s\u00e9curit\u00e9 bas\u00e9e sur une NOAEL (no observed adverse effects level &#8211; dose sans effet n\u00e9faste observ\u00e9) est calcul\u00e9e. L&rsquo;absence de ces consid\u00e9rations est d\u00fbment justifi\u00e9e.<br \/>\nUne attention particuli\u00e8re est accord\u00e9e \u00e0 toute incidence possible sur le profil toxicologique r\u00e9sultant:<br \/>\n&#8211; de la taille des particules, y compris les nanomat\u00e9riaux,<br \/>\n&#8211; des impuret\u00e9s des substances et des mati\u00e8res premi\u00e8res utilis\u00e9es, et<br \/>\n&#8211; de l&rsquo;interaction des substances.<\/p>\n<p style=\"text-align: justify;\">Toute utilisation d&rsquo;une approche par r\u00e9f\u00e9rences crois\u00e9es est d\u00fbment \u00e9tay\u00e9e et justifi\u00e9e.<br \/>\nLa source des informations est clairement indiqu\u00e9e.<\/p>\n<p>&nbsp;<\/p>\n<p style=\"text-align: justify;\"><strong>9. Effets ind\u00e9sirables et effets ind\u00e9sirables graves<\/strong><br \/>\nToutes les donn\u00e9es disponibles sur les effets ind\u00e9sirables et les effets ind\u00e9sirables graves pour le produit cosm\u00e9tique ou, le cas \u00e9ch\u00e9ant, pour d&rsquo;autres produits cosm\u00e9tiques. Ceci inclut des donn\u00e9es statistiques.<\/p>\n<p>&nbsp;<\/p>\n<p style=\"text-align: justify;\"><strong>10. Informations sur le produit cosm\u00e9tique<\/strong><br \/>\nAutres informations pertinentes, par exemple \u00e9tudes existantes chez des volontaires humains, ou r\u00e9sultats d\u00fbment confirm\u00e9s et justifi\u00e9s d&rsquo;\u00e9valuations de risques qui ont \u00e9t\u00e9 r\u00e9alis\u00e9es dans d&rsquo;autres domaines pertinents.<\/p>\n<p>&nbsp;<\/p>\n<h2 style=\"text-align: justify;\">PARTIE B \u2013 \u00c9valuation de la s\u00e9curit\u00e9 du produit cosm\u00e9tique<\/h2>\n<p>&nbsp;<\/p>\n<p style=\"text-align: justify;\"><strong>1. Conclusion de l&rsquo;\u00e9valuation<\/strong><br \/>\nIndication relative \u00e0 la s\u00e9curit\u00e9 du produit cosm\u00e9tique au regard de l&rsquo;article 3.<\/p>\n<p>&nbsp;<\/p>\n<p style=\"text-align: justify;\"><strong>2. Avertissements et instructions d&rsquo;utilisation figurant sur l&rsquo;\u00e9tiquette<\/strong><br \/>\nIndication de la n\u00e9cessit\u00e9 de faire figurer sur l&rsquo;\u00e9tiquette des avertissements particuliers et les instructions d&rsquo;utilisation conform\u00e9ment \u00e0 l&rsquo;article 19, paragraphe 1, point d).<\/p>\n<p>&nbsp;<\/p>\n<p style=\"text-align: justify;\"><strong>3. Raisonnement<\/strong><br \/>\nExplication du raisonnement scientifique aboutissant \u00e0 la conclusion de l&rsquo;\u00e9valuation indiqu\u00e9e au point 1 et aux informations pr\u00e9vues au point 2. Cette explication repose sur les descriptions vis\u00e9es \u00e0 la partie A. Le cas \u00e9ch\u00e9ant, des marges de s\u00e9curit\u00e9 sont \u00e9valu\u00e9es et analys\u00e9es.<br \/>\nElle comprend, entre autres, une \u00e9valuation sp\u00e9cifique des produits cosm\u00e9tiques destin\u00e9s aux enfants de moins de trois ans et des produits cosm\u00e9tiques destin\u00e9s exclusivement \u00e0 l&rsquo;hygi\u00e8ne intime externe.<br \/>\nIl convient d&rsquo;\u00e9valuer les interactions \u00e9ventuelles des substances contenues dans le produit cosm\u00e9tique.<br \/>\nLa prise en compte ou non des diff\u00e9rents profils toxicologiques est d\u00fbment justifi\u00e9e.<br \/>\nLes incidences de la stabilit\u00e9 sur la s\u00e9curit\u00e9 du produit cosm\u00e9tique sont d\u00fbment examin\u00e9es.<\/p>\n<p>&nbsp;<\/p>\n<p style=\"text-align: justify;\"><strong>4. R\u00e9f\u00e9rences de la personne charg\u00e9e de l&rsquo;\u00e9valuation et approbation de la partie B<\/strong><br \/>\nNom et adresse de la personne charg\u00e9e de l&rsquo;\u00e9valuation de la s\u00e9curit\u00e9.<br \/>\nPreuve de qualification de la personne charg\u00e9e de l&rsquo;\u00e9valuation de la s\u00e9curit\u00e9.<br \/>\nDate et signature de la personne charg\u00e9e de l&rsquo;\u00e9valuation de la s\u00e9curit\u00e9.<\/p>\n<p>&nbsp;<\/p>\n<h3><span style=\"color: #333333;\">Services offerts<\/span><\/h3>\n<ul>\n<li><a href=\"http:\/\/www.msds-europe.com\/fr\/etablissement-traduction-projet-etiquette-produits-cosmetiques\/\">\u00c9tablissement, traduction du projet d\u2019\u00e9tiquette pour les produits cosm\u00e9tiques<\/a><\/li>\n<li><a href=\"http:\/\/www.msds-europe.com\/fr\/service-notification-pcnp\/\">Service de notification PCNP<\/a><\/li>\n<li><a href=\"http:\/\/www.msds-europe.com\/fr\/etablissement-evaluation-de-la-securite-pour-les-cosmetiques\/\">L\u2019 \u00e9tablissement de l\u2019\u00c9valuation de la s\u00e9curit\u00e9 pour les cosm\u00e9tiques<\/a><\/li>\n<li><a href=\"http:\/\/www.msds-europe.com\/fr\/elaboration-fiche-de-donnees-de-securite-pour-les-produits-cosmetiques\/\">\u00c9laboration de fiche de donn\u00e9es de s\u00e9curit\u00e9 pour les produits cosm\u00e9tiques<\/a><\/li>\n<\/ul>\n<p>&nbsp;<\/p>\n<h3><span style=\"color: #333333;\">Informations utiles<\/span><\/h3>\n<ul>\n<li><a href=\"http:\/\/www.msds-europe.com\/fr\/responsabilites-personne-responsable\/\">Les responsabilit\u00e9s de la personne responsable<\/a><\/li>\n<li><a href=\"http:\/\/www.msds-europe.com\/fr\/obligations-distributeurs-produits-cosmetiques\/\">Les obligations des distributeurs des produits cosm\u00e9tiques<\/a><\/li>\n<\/ul>\n<p>&nbsp;<\/p>\n","protected":false},"excerpt":{"rendered":"<p>Produits cosm\u00e9tiques base de connaissances\u00a0\u2013 RAPPORT SUR LA S\u00c9CURIT\u00c9 DU PRODUIT COSM\u00c9TIQUE T\u00e9l\u00e9charger: RAPPORT SUR LA S\u00c9CURIT\u00c9 DU PRODUIT COSM\u00c9TIQUE &#8211; Exemple &nbsp; Le rapport sur la s\u00e9curit\u00e9 du produit cosm\u00e9tique comporte, au minimum, les \u00e9l\u00e9ments suivants: PARTIE A \u2013 Informations sur la s\u00e9curit\u00e9 du produit cosm\u00e9tique &nbsp; 1. Formule&#8230;<\/p>\n","protected":false},"author":2,"featured_media":0,"parent":0,"menu_order":0,"comment_status":"closed","ping_status":"closed","template":"","meta":{"_acf_changed":false,"footnotes":""},"tags":[387,398],"class_list":["post-6130","page","type-page","status-publish","hentry","tag-cosmetiques","tag-produits-cosmetiques-base-de-connaissances"],"acf":[],"yoast_head":"<!-- This site is optimized with the Yoast SEO plugin v27.2 - https:\/\/yoast.com\/product\/yoast-seo-wordpress\/ -->\n<title>RAPPORT SUR LA S\u00c9CURIT\u00c9 DU PRODUIT COSM\u00c9TIQUE - Exemple<\/title>\n<meta name=\"description\" content=\"Le rapport sur la s\u00e9curit\u00e9 du produit cosm\u00e9tique comporte, au minimum, les \u00e9l\u00e9ments suivants...\" \/>\n<meta name=\"robots\" content=\"index, follow, max-snippet:-1, max-image-preview:large, max-video-preview:-1\" \/>\n<link rel=\"canonical\" href=\"https:\/\/www.msds-europe.com\/fr\/rapport-sur-la-securite-du-produit-cosmetique-exemple\/\" \/>\n<meta property=\"og:locale\" content=\"fr_FR\" \/>\n<meta property=\"og:type\" content=\"article\" \/>\n<meta property=\"og:title\" content=\"RAPPORT SUR LA S\u00c9CURIT\u00c9 DU PRODUIT COSM\u00c9TIQUE - Exemple\" \/>\n<meta property=\"og:description\" content=\"Le rapport sur la s\u00e9curit\u00e9 du produit cosm\u00e9tique comporte, au minimum, les \u00e9l\u00e9ments suivants...\" \/>\n<meta property=\"og:url\" content=\"https:\/\/www.msds-europe.com\/fr\/rapport-sur-la-securite-du-produit-cosmetique-exemple\/\" \/>\n<meta property=\"og:site_name\" content=\"MSDS Europe\" \/>\n<meta property=\"article:publisher\" content=\"https:\/\/www.facebook.com\/toxinfokft\/\" \/>\n<meta property=\"article:modified_time\" content=\"2022-09-01T09:58:30+00:00\" \/>\n<meta name=\"twitter:card\" content=\"summary_large_image\" \/>\n<meta name=\"twitter:site\" content=\"@ToxInfoKft\" \/>\n<meta name=\"twitter:label1\" content=\"Dur\u00e9e de lecture estim\u00e9e\" \/>\n\t<meta name=\"twitter:data1\" content=\"5 minutes\" \/>\n<script type=\"application\/ld+json\" class=\"yoast-schema-graph\">{\"@context\":\"https:\/\/schema.org\",\"@graph\":[{\"@type\":\"WebPage\",\"@id\":\"https:\/\/www.msds-europe.com\/fr\/rapport-sur-la-securite-du-produit-cosmetique-exemple\/\",\"url\":\"https:\/\/www.msds-europe.com\/fr\/rapport-sur-la-securite-du-produit-cosmetique-exemple\/\",\"name\":\"RAPPORT SUR LA S\u00c9CURIT\u00c9 DU PRODUIT COSM\u00c9TIQUE - Exemple\",\"isPartOf\":{\"@id\":\"https:\/\/www.msds-europe.com\/es\/#website\"},\"datePublished\":\"2018-06-26T08:22:57+00:00\",\"dateModified\":\"2022-09-01T09:58:30+00:00\",\"description\":\"Le rapport sur la s\u00e9curit\u00e9 du produit cosm\u00e9tique comporte, au minimum, les \u00e9l\u00e9ments suivants...\",\"breadcrumb\":{\"@id\":\"https:\/\/www.msds-europe.com\/fr\/rapport-sur-la-securite-du-produit-cosmetique-exemple\/#breadcrumb\"},\"inLanguage\":\"fr-FR\",\"potentialAction\":[{\"@type\":\"ReadAction\",\"target\":[\"https:\/\/www.msds-europe.com\/fr\/rapport-sur-la-securite-du-produit-cosmetique-exemple\/\"]}]},{\"@type\":\"BreadcrumbList\",\"@id\":\"https:\/\/www.msds-europe.com\/fr\/rapport-sur-la-securite-du-produit-cosmetique-exemple\/#breadcrumb\",\"itemListElement\":[{\"@type\":\"ListItem\",\"position\":1,\"name\":\"F\u0151oldal\",\"item\":\"https:\/\/www.msds-europe.com\/fr\/\"},{\"@type\":\"ListItem\",\"position\":2,\"name\":\"RAPPORT SUR LA S\u00c9CURIT\u00c9 DU PRODUIT COSM\u00c9TIQUE &#8211; Exemple\"}]},{\"@type\":\"WebSite\",\"@id\":\"https:\/\/www.msds-europe.com\/es\/#website\",\"url\":\"https:\/\/www.msds-europe.com\/es\/\",\"name\":\"MSDS Europe\",\"description\":\"\",\"publisher\":{\"@id\":\"https:\/\/www.msds-europe.com\/es\/#organization\"},\"potentialAction\":[{\"@type\":\"SearchAction\",\"target\":{\"@type\":\"EntryPoint\",\"urlTemplate\":\"https:\/\/www.msds-europe.com\/es\/?s={search_term_string}\"},\"query-input\":{\"@type\":\"PropertyValueSpecification\",\"valueRequired\":true,\"valueName\":\"search_term_string\"}}],\"inLanguage\":\"fr-FR\"},{\"@type\":\"Organization\",\"@id\":\"https:\/\/www.msds-europe.com\/es\/#organization\",\"name\":\"MSDS-Europe International branch of ToxInfo\",\"url\":\"https:\/\/www.msds-europe.com\/es\/\",\"logo\":{\"@type\":\"ImageObject\",\"inLanguage\":\"fr-FR\",\"@id\":\"https:\/\/www.msds-europe.com\/es\/#\/schema\/logo\/image\/\",\"url\":\"https:\/\/www.msds-europe.com\/wp-content\/uploads\/2021\/04\/msds-europe-logo.jpg\",\"contentUrl\":\"https:\/\/www.msds-europe.com\/wp-content\/uploads\/2021\/04\/msds-europe-logo.jpg\",\"width\":2296,\"height\":1067,\"caption\":\"MSDS-Europe International branch of ToxInfo\"},\"image\":{\"@id\":\"https:\/\/www.msds-europe.com\/es\/#\/schema\/logo\/image\/\"},\"sameAs\":[\"https:\/\/www.facebook.com\/toxinfokft\/\",\"https:\/\/x.com\/ToxInfoKft\"]}]}<\/script>\n<!-- \/ Yoast SEO plugin. -->","yoast_head_json":{"title":"RAPPORT SUR LA S\u00c9CURIT\u00c9 DU PRODUIT COSM\u00c9TIQUE - Exemple","description":"Le rapport sur la s\u00e9curit\u00e9 du produit cosm\u00e9tique comporte, au minimum, les \u00e9l\u00e9ments suivants...","robots":{"index":"index","follow":"follow","max-snippet":"max-snippet:-1","max-image-preview":"max-image-preview:large","max-video-preview":"max-video-preview:-1"},"canonical":"https:\/\/www.msds-europe.com\/fr\/rapport-sur-la-securite-du-produit-cosmetique-exemple\/","og_locale":"fr_FR","og_type":"article","og_title":"RAPPORT SUR LA S\u00c9CURIT\u00c9 DU PRODUIT COSM\u00c9TIQUE - Exemple","og_description":"Le rapport sur la s\u00e9curit\u00e9 du produit cosm\u00e9tique comporte, au minimum, les \u00e9l\u00e9ments suivants...","og_url":"https:\/\/www.msds-europe.com\/fr\/rapport-sur-la-securite-du-produit-cosmetique-exemple\/","og_site_name":"MSDS Europe","article_publisher":"https:\/\/www.facebook.com\/toxinfokft\/","article_modified_time":"2022-09-01T09:58:30+00:00","twitter_card":"summary_large_image","twitter_site":"@ToxInfoKft","twitter_misc":{"Dur\u00e9e de lecture estim\u00e9e":"5 minutes"},"schema":{"@context":"https:\/\/schema.org","@graph":[{"@type":"WebPage","@id":"https:\/\/www.msds-europe.com\/fr\/rapport-sur-la-securite-du-produit-cosmetique-exemple\/","url":"https:\/\/www.msds-europe.com\/fr\/rapport-sur-la-securite-du-produit-cosmetique-exemple\/","name":"RAPPORT SUR LA S\u00c9CURIT\u00c9 DU PRODUIT COSM\u00c9TIQUE - Exemple","isPartOf":{"@id":"https:\/\/www.msds-europe.com\/es\/#website"},"datePublished":"2018-06-26T08:22:57+00:00","dateModified":"2022-09-01T09:58:30+00:00","description":"Le rapport sur la s\u00e9curit\u00e9 du produit cosm\u00e9tique comporte, au minimum, les \u00e9l\u00e9ments suivants...","breadcrumb":{"@id":"https:\/\/www.msds-europe.com\/fr\/rapport-sur-la-securite-du-produit-cosmetique-exemple\/#breadcrumb"},"inLanguage":"fr-FR","potentialAction":[{"@type":"ReadAction","target":["https:\/\/www.msds-europe.com\/fr\/rapport-sur-la-securite-du-produit-cosmetique-exemple\/"]}]},{"@type":"BreadcrumbList","@id":"https:\/\/www.msds-europe.com\/fr\/rapport-sur-la-securite-du-produit-cosmetique-exemple\/#breadcrumb","itemListElement":[{"@type":"ListItem","position":1,"name":"F\u0151oldal","item":"https:\/\/www.msds-europe.com\/fr\/"},{"@type":"ListItem","position":2,"name":"RAPPORT SUR LA S\u00c9CURIT\u00c9 DU PRODUIT COSM\u00c9TIQUE &#8211; Exemple"}]},{"@type":"WebSite","@id":"https:\/\/www.msds-europe.com\/es\/#website","url":"https:\/\/www.msds-europe.com\/es\/","name":"MSDS Europe","description":"","publisher":{"@id":"https:\/\/www.msds-europe.com\/es\/#organization"},"potentialAction":[{"@type":"SearchAction","target":{"@type":"EntryPoint","urlTemplate":"https:\/\/www.msds-europe.com\/es\/?s={search_term_string}"},"query-input":{"@type":"PropertyValueSpecification","valueRequired":true,"valueName":"search_term_string"}}],"inLanguage":"fr-FR"},{"@type":"Organization","@id":"https:\/\/www.msds-europe.com\/es\/#organization","name":"MSDS-Europe International branch of ToxInfo","url":"https:\/\/www.msds-europe.com\/es\/","logo":{"@type":"ImageObject","inLanguage":"fr-FR","@id":"https:\/\/www.msds-europe.com\/es\/#\/schema\/logo\/image\/","url":"https:\/\/www.msds-europe.com\/wp-content\/uploads\/2021\/04\/msds-europe-logo.jpg","contentUrl":"https:\/\/www.msds-europe.com\/wp-content\/uploads\/2021\/04\/msds-europe-logo.jpg","width":2296,"height":1067,"caption":"MSDS-Europe International branch of ToxInfo"},"image":{"@id":"https:\/\/www.msds-europe.com\/es\/#\/schema\/logo\/image\/"},"sameAs":["https:\/\/www.facebook.com\/toxinfokft\/","https:\/\/x.com\/ToxInfoKft"]}]}},"_links":{"self":[{"href":"https:\/\/www.msds-europe.com\/fr\/wp-json\/wp\/v2\/pages\/6130","targetHints":{"allow":["GET"]}}],"collection":[{"href":"https:\/\/www.msds-europe.com\/fr\/wp-json\/wp\/v2\/pages"}],"about":[{"href":"https:\/\/www.msds-europe.com\/fr\/wp-json\/wp\/v2\/types\/page"}],"author":[{"embeddable":true,"href":"https:\/\/www.msds-europe.com\/fr\/wp-json\/wp\/v2\/users\/2"}],"replies":[{"embeddable":true,"href":"https:\/\/www.msds-europe.com\/fr\/wp-json\/wp\/v2\/comments?post=6130"}],"version-history":[{"count":5,"href":"https:\/\/www.msds-europe.com\/fr\/wp-json\/wp\/v2\/pages\/6130\/revisions"}],"predecessor-version":[{"id":6639,"href":"https:\/\/www.msds-europe.com\/fr\/wp-json\/wp\/v2\/pages\/6130\/revisions\/6639"}],"wp:attachment":[{"href":"https:\/\/www.msds-europe.com\/fr\/wp-json\/wp\/v2\/media?parent=6130"}],"wp:term":[{"taxonomy":"post_tag","embeddable":true,"href":"https:\/\/www.msds-europe.com\/fr\/wp-json\/wp\/v2\/tags?post=6130"}],"curies":[{"name":"wp","href":"https:\/\/api.w.org\/{rel}","templated":true}]}}