{"id":5977,"date":"2018-06-25T15:02:17","date_gmt":"2018-06-25T15:02:17","guid":{"rendered":"http:\/\/www.msds-europe.com\/les-obligations-des-distributeurs-des-produits-cosmetiques\/"},"modified":"2018-07-04T06:23:49","modified_gmt":"2018-07-04T06:23:49","slug":"obligations-distributeurs-produits-cosmetiques","status":"publish","type":"page","link":"https:\/\/www.msds-europe.com\/fr\/obligations-distributeurs-produits-cosmetiques\/","title":{"rendered":"Les obligations des distributeurs des produits cosm\u00e9tiques"},"content":{"rendered":"<p style=\"text-align: right;\"><em><a href=\"http:\/\/www.msds-europe.com\/fr\/produits-cosmetiques\/\">Produits cosm\u00e9tiques\u00a0 base de connaissances<\/a>\u00a0\u2013\u00a0Les obligations des distributeurs des produits cosm\u00e9tiques<\/em><\/p>\n<p>&nbsp;<\/p>\n<h2 style=\"text-align: justify;\"><span style=\"color: #333333;\">R\u00e8gles de base pour comprendre les responsabilit\u00e9s des distributeurs des produits cosm\u00e9tiques<\/span><\/h2>\n<p style=\"text-align: justify;\">Si le distributeur estime ou a des raisons de croire qu&rsquo;un produit cosm\u00e9tique n&rsquo;est pas conforme au <a href=\"http:\/\/www.msds-europe.com\/fr\/changements-reglementaires-securite-chimique\/\">R\u00e8glement (CE) n \u00b0 1223\/2009<\/a>, il prend imm\u00e9diatement les mesures correctives n\u00e9cessaires pour le mettre en conformit\u00e9, le retirer ou le rappeler, selon le cas.<\/p>\n<p style=\"text-align: justify;\">En outre, lorsque le produit cosm\u00e9tique pr\u00e9sente un risque pour la sant\u00e9 humaine, les personnes responsables en informent imm\u00e9diatement les autorit\u00e9s nationales comp\u00e9tentes des \u00c9tats membres dans lesquels le produit est disponible et l&rsquo;\u00c9tat membre dans lequel le dossier d&rsquo;informations sur le produit est facilement accessible, en particulier, de la non-conformit\u00e9 et des mesures correctives prises.<\/p>\n<p>&nbsp;<\/p>\n<h2>Distributeur<\/h2>\n<p style=\"text-align: justify;\">Signifie toute personne physique ou morale faisant partie de la cha\u00eene d\u2019approvisionnement, autre que le fabricant ou l\u2019importateur, qui met un produit cosm\u00e9tique \u00e0 disposition sur le march\u00e9 communautaire<\/p>\n<p style=\"text-align: justify;\">N&rsquo;est pas \u00eatre consid\u00e9r\u00e9 distributeur la personne qui met sur le march\u00e9 un produit cosm\u00e9tique sous son nom ou sa marque ou modifie un produit d\u00e9j\u00e0 mis sur le march\u00e9 de telle mani\u00e8re que sa conformit\u00e9 aux exigences applicables risque d\u2019en \u00eatre affect\u00e9e, dans ce cas, il est consid\u00e9r\u00e9 comme la personne responsable.<\/p>\n<p style=\"text-align: justify;\">Seuls ces produits cosm\u00e9tiques peuvent \u00eatre mis sur le march\u00e9 qui b\u00e9n\u00e9ficient d&rsquo;une \u00e9valuation de la s\u00e9curit\u00e9, un dossier d&rsquo;information du produit et l&rsquo;\u00e9tiquetage conform\u00e9ment \u00e0 la directive 1223\/2009 \/ CE et dont la production est effectu\u00e9e conform\u00e9ment aux bonnes pratiques de fabrication.<\/p>\n<p style=\"text-align: justify;\">Le r\u00e8glement (CE) no 1223\/2009 doit \u00eatre appliqu\u00e9 \u00e0 partir de 11 juillet 2013 aux membres de la Communaut\u00e9 europ\u00e9enne et aux membres de l&rsquo;Association europ\u00e9enne de libre-\u00e9change (AELE) &#8211; Norv\u00e8ge, Suisse, Islande, Liechtenstein.<\/p>\n<p>&nbsp;<\/p>\n<h2>Les obligations du distributeur<\/h2>\n<p>1.\u00a0Le distributeur doit v\u00e9rifier:<\/p>\n<ul>\n<li>si les renseignements sur l&rsquo;\u00e9tiquetage sont indiqu\u00e9s sur le produit<\/li>\n<li style=\"text-align: justify;\">Le nom ou la raison sociale et l\u2019adresse de la personne responsable<\/li>\n<li style=\"text-align: justify;\">le num\u00e9ro de lot de fabrication ou le num\u00e9ro d&rsquo;identification du produit cosm\u00e9tique;<\/li>\n<li style=\"text-align: justify;\">la liste des ingr\u00e9dients sur le r\u00e9cipient ou sur l\u2019emballage ou sur le document d&rsquo;information attach\u00e9<\/li>\n<\/ul>\n<p style=\"text-align: justify;\">2. Si les exigences linguistiques sont respect\u00e9e &#8211; la langue dans laquelle sont r\u00e9dig\u00e9es les informations- est d\u00e9termin\u00e9e par la l\u00e9gislation des \u00c9tats\u00a0membres dans lesquels le produit fini sera mis au march\u00e9<\/p>\n<p>3. Il est n\u00e9cessaire de v\u00e9rifier si la dur\u00e9e de conservation sp\u00e9cifi\u00e9e n&rsquo;est pas encore expir\u00e9e.<\/p>\n<p>&nbsp;<\/p>\n<h2>\u00c9l\u00e9ments d\u00b4\u00e9tiquetage<\/h2>\n<p style=\"text-align: justify;\">Les produits cosm\u00e9tiques ne sont mis \u00e0 disposition sur le march\u00e9 que si le r\u00e9cipient et l\u2019emballage des produits cosm\u00e9tiques portent en caract\u00e8res ind\u00e9l\u00e9biles, facilement lisibles et visibles, les mentions suivantes :<\/p>\n<p style=\"text-align: justify;\">1. Le nom ou la raison sociale et l\u2019adresse de la personne responsable. Le pays d\u2019origine est sp\u00e9cifi\u00e9 pour les produits cosm\u00e9tiques import\u00e9s.<\/p>\n<p style=\"text-align: justify;\">2. Le contenu nominal au moment du conditionnement, indiqu\u00e9 en poids ou en volume.<\/p>\n<p style=\"text-align: justify;\">(sauf pour les pr\u00e9emballages, qui sont habituellement commercialis\u00e9s par ensemble de pi\u00e8ces et pour lesquels l\u2019indication du poids ou du volume n\u2019est pas significative; les emballages contenant moins de cinq grammes ou moins de cinq millilitres, les \u00e9chantillons gratuits et les unidoses.)<\/p>\n<p style=\"text-align: justify;\">3. Date de durabilit\u00e9 minimale<\/p>\n<p style=\"text-align: justify;\">a, L\u2019indication de la date de durabilit\u00e9 minimale pour les produits cosm\u00e9tiques dont la durabilit\u00e9 minimale est moins de trente mois.<\/p>\n<p style=\"text-align: justify;\">Format appropri\u00e9 : Apr\u00e8s le symbole de date de durabilit\u00e9 minimale ou la mention \u00ab\u00e0 utiliser de pr\u00e9f\u00e9rence avant fin\u00bb, la date de durabilit\u00e9 minimale est clairement mentionn\u00e9e et se compose, dans l\u2019ordre, soit du mois et de l\u2019ann\u00e9e, soit du jour, du mois et de l\u2019ann\u00e9e.<\/p>\n<p style=\"text-align: justify;\">b, dans le cas de produits cosm\u00e9tiques ayant une date de durabilit\u00e9 minimale sup\u00e9rieure \u00e0 30 mois, il est n\u00e9cessaire\u00a0 l\u2019indication de la dur\u00e9e pendant laquelle le produit est s\u00fbr apr\u00e8s son ouverture et peut \u00eatre utilis\u00e9 sans dommages pour le consommateur.\u00a0 Le symbole de durabilit\u00e9 minimale est suivi du d\u00e9lai indiqu\u00e9 en mois et \/ ou ann\u00e9es, sauf lorsque le concept de durabilit\u00e9 apr\u00e8s ouverture n&rsquo;est pas pertinent : pour les produits \u00e0 usage unique, les produits ne pr\u00e9sentant pas de risque de d\u00e9t\u00e9rioration ou les produits non ouverts.<\/p>\n<p>4. Les pr\u00e9cautions particuli\u00e8res d\u2019emploi.<\/p>\n<p style=\"text-align: justify;\">5. Le num\u00e9ro de lot de fabrication ou la r\u00e9f\u00e9rence permettant l\u2019identification du produit cosm\u00e9tique.<\/p>\n<p style=\"text-align: justify;\">6. La fonction du produit cosm\u00e9tique, sauf si cela ressort clairement de sa pr\u00e9sentation<\/p>\n<p style=\"text-align: justify;\">7. La liste des ingr\u00e9dients selon INCI (International Nomenclature Cosmetic Ingredient). Ces informations peuvent figurer uniquement sur l\u2019emballage (le cas \u00e9ch\u00e9ant).<\/p>\n<p style=\"text-align: justify;\">Les informations relatives \u00e0 l&rsquo;\u00e9tiquetage doivent \u00eatre fournies dans la langue de l&rsquo;\u00c9tat membre o\u00f9 le produit est distribu\u00e9 \u00e0 l&rsquo;utilisateur final (\u00e0 l&rsquo;exception des \u00abingr\u00e9dients\u00bb).<\/p>\n<p style=\"text-align: justify;\">Lorsqu\u2019il est impossible pour des raisons pratiques de faire figurer sur l\u2019\u00e9tiquetage, comme cela est pr\u00e9vu, les indications requises figurent sur une notice, une \u00e9tiquette, une bande ou une carte jointe ou attach\u00e9e au produit.<\/p>\n<p style=\"text-align: justify;\"><strong>Services offerts:<\/strong>\u00a0<a href=\"http:\/\/www.msds-europe.com\/fr\/etablissement-traduction-projet-etiquette-produits-cosmetiques\/\">\u00c9tablissement, traduction du projet d&rsquo;\u00e9tiquette pour les produits cosm\u00e9tiques<\/a><\/p>\n<p>&nbsp;<\/p>\n<h2>Notification du produit qui est d\u00e9j\u00e0 mis sur le march\u00e9<\/h2>\n<p style=\"text-align: justify;\">Un distributeur qui commercialise un produit cosm\u00e9tique dans un \u00c9tat membre qui a d\u00e9j\u00e0 \u00e9t\u00e9 commercialis\u00e9 dans un autre \u00c9tat membre et traduit &#8211; de sa propre initiative &#8211; tout \u00e9l\u00e9ment de l&rsquo;\u00e9tiquetage de ce produit afin de se conformer au droit national doit notifier certaines informations dans le syst\u00e8me <a href=\"http:\/\/www.msds-europe.com\/fr\/service-notification-pcnp\/\">PCNP<\/a>.<\/p>\n<p><strong>Pour la notification sont n\u00e9cessaires les informations suivantes:<\/strong><\/p>\n<ul>\n<li style=\"text-align: justify;\">le nom et l\u2019adresse de la personne responsable o\u00f9 le dossier d\u2019information sur le produit est tenu \u00e0 disposition;<\/li>\n<li style=\"text-align: justify;\">la cat\u00e9gorie de produit cosm\u00e9tique, son nom dans l&rsquo;\u00c9tat membre d&rsquo;exp\u00e9dition et son nom dans l&rsquo;\u00c9tat membre dans lequel il est mis \u00e0 disposition, permettant ainsi son identification sp\u00e9cifique;<\/li>\n<li style=\"text-align: justify;\">Le nom de l&rsquo;\u00c9tat membre d&rsquo;exp\u00e9dition o\u00f9 le produit cosm\u00e9tique est mis sur le march\u00e9;<\/li>\n<li style=\"text-align: justify;\">Le nom et l&rsquo;adresse du distributeur<\/li>\n<\/ul>\n<p>Lorsque l&rsquo;une des informations change, la personne responsable doit fournir une mise \u00e0 jour sans d\u00e9lai via le PCNP.<\/p>\n<p>&nbsp;<\/p>\n<h3><span style=\"color: #333333;\">Mat\u00e9riaux professionnels connexes<\/span><\/h3>\n<ul>\n<li><a href=\"http:\/\/www.msds-europe.com\/fr\/responsabilites-personne-responsable\/\">Les responsabilit\u00e9s de la personne responsable<\/a><\/li>\n<\/ul>\n<p>&nbsp;<\/p>\n<h3><span style=\"color: #333333;\">Services offerts<\/span><\/h3>\n<ul>\n<li><a href=\"http:\/\/www.msds-europe.com\/fr\/service-notification-pcnp\/\">Notre service de notification PCNP pour les produits cosm\u00e9tiques<\/a><\/li>\n<li><a href=\"http:\/\/www.msds-europe.com\/fr\/etablissement-traduction-projet-etiquette-produits-cosmetiques\/\">Notre service d&rsquo;\u00e9tablissement et de traduction des projets d&rsquo;\u00e9tiquette pour les produits cosm\u00e9tiques<\/a><\/li>\n<li><a href=\"http:\/\/www.msds-europe.com\/fr\/etablissement-evaluation-de-la-securite-pour-les-cosmetiques\/\">Notre service d&rsquo;\u00e9tablissement de l&rsquo;\u00e9valuation de la s\u00e9curit\u00e9 pour les produits cosm\u00e9tiques<\/a><\/li>\n<\/ul>\n<p>&nbsp;<\/p>\n","protected":false},"excerpt":{"rendered":"<p>Bref r\u00e9sum\u00e9 des obligations des distributeurs de produits cosm\u00e9tiques.<\/p>\n","protected":false},"author":2,"featured_media":0,"parent":0,"menu_order":0,"comment_status":"closed","ping_status":"closed","template":"","meta":{"_acf_changed":false,"footnotes":""},"tags":[387,398],"class_list":["post-5977","page","type-page","status-publish","hentry","tag-cosmetiques","tag-produits-cosmetiques-base-de-connaissances"],"acf":[],"yoast_head":"<!-- This site is optimized with the Yoast SEO plugin v27.2 - https:\/\/yoast.com\/product\/yoast-seo-wordpress\/ -->\n<title>Les obligations r\u00e9glementaires des distributeurs des produits cosm\u00e9tiques<\/title>\n<meta name=\"description\" content=\"Notre article fournit des conseils utiles sur les mesures et les t\u00e2ches qui sont n\u00e9cessaires avant le placement des produits cosm\u00e9tiques sur le march\u00e9. Les obligations des distributeurs des produits cosm\u00e9tiques bri\u00e8vement.\" \/>\n<meta name=\"robots\" content=\"index, follow, max-snippet:-1, max-image-preview:large, max-video-preview:-1\" \/>\n<link rel=\"canonical\" href=\"https:\/\/www.msds-europe.com\/fr\/obligations-distributeurs-produits-cosmetiques\/\" \/>\n<meta property=\"og:locale\" content=\"fr_FR\" \/>\n<meta property=\"og:type\" content=\"article\" \/>\n<meta property=\"og:title\" content=\"Les obligations r\u00e9glementaires des distributeurs des produits cosm\u00e9tiques\" \/>\n<meta property=\"og:description\" content=\"Notre article fournit des conseils utiles sur les mesures et les t\u00e2ches qui sont n\u00e9cessaires avant le placement des produits cosm\u00e9tiques sur le march\u00e9. Les obligations des distributeurs des produits cosm\u00e9tiques bri\u00e8vement.\" \/>\n<meta property=\"og:url\" content=\"https:\/\/www.msds-europe.com\/fr\/obligations-distributeurs-produits-cosmetiques\/\" \/>\n<meta property=\"og:site_name\" content=\"MSDS Europe\" \/>\n<meta property=\"article:publisher\" content=\"https:\/\/www.facebook.com\/toxinfokft\/\" \/>\n<meta property=\"article:modified_time\" content=\"2018-07-04T06:23:49+00:00\" \/>\n<meta name=\"twitter:card\" content=\"summary_large_image\" \/>\n<meta name=\"twitter:site\" content=\"@ToxInfoKft\" \/>\n<meta name=\"twitter:label1\" content=\"Dur\u00e9e de lecture estim\u00e9e\" \/>\n\t<meta name=\"twitter:data1\" content=\"6 minutes\" \/>\n<script type=\"application\/ld+json\" class=\"yoast-schema-graph\">{\"@context\":\"https:\/\/schema.org\",\"@graph\":[{\"@type\":\"WebPage\",\"@id\":\"https:\/\/www.msds-europe.com\/fr\/obligations-distributeurs-produits-cosmetiques\/\",\"url\":\"https:\/\/www.msds-europe.com\/fr\/obligations-distributeurs-produits-cosmetiques\/\",\"name\":\"Les obligations r\u00e9glementaires des distributeurs des produits cosm\u00e9tiques\",\"isPartOf\":{\"@id\":\"https:\/\/www.msds-europe.com\/es\/#website\"},\"datePublished\":\"2018-06-25T15:02:17+00:00\",\"dateModified\":\"2018-07-04T06:23:49+00:00\",\"description\":\"Notre article fournit des conseils utiles sur les mesures et les t\u00e2ches qui sont n\u00e9cessaires avant le placement des produits cosm\u00e9tiques sur le march\u00e9. Les obligations des distributeurs des produits cosm\u00e9tiques bri\u00e8vement.\",\"breadcrumb\":{\"@id\":\"https:\/\/www.msds-europe.com\/fr\/obligations-distributeurs-produits-cosmetiques\/#breadcrumb\"},\"inLanguage\":\"fr-FR\",\"potentialAction\":[{\"@type\":\"ReadAction\",\"target\":[\"https:\/\/www.msds-europe.com\/fr\/obligations-distributeurs-produits-cosmetiques\/\"]}]},{\"@type\":\"BreadcrumbList\",\"@id\":\"https:\/\/www.msds-europe.com\/fr\/obligations-distributeurs-produits-cosmetiques\/#breadcrumb\",\"itemListElement\":[{\"@type\":\"ListItem\",\"position\":1,\"name\":\"F\u0151oldal\",\"item\":\"https:\/\/www.msds-europe.com\/fr\/\"},{\"@type\":\"ListItem\",\"position\":2,\"name\":\"Les obligations des distributeurs des produits cosm\u00e9tiques\"}]},{\"@type\":\"WebSite\",\"@id\":\"https:\/\/www.msds-europe.com\/es\/#website\",\"url\":\"https:\/\/www.msds-europe.com\/es\/\",\"name\":\"MSDS Europe\",\"description\":\"\",\"publisher\":{\"@id\":\"https:\/\/www.msds-europe.com\/es\/#organization\"},\"potentialAction\":[{\"@type\":\"SearchAction\",\"target\":{\"@type\":\"EntryPoint\",\"urlTemplate\":\"https:\/\/www.msds-europe.com\/es\/?s={search_term_string}\"},\"query-input\":{\"@type\":\"PropertyValueSpecification\",\"valueRequired\":true,\"valueName\":\"search_term_string\"}}],\"inLanguage\":\"fr-FR\"},{\"@type\":\"Organization\",\"@id\":\"https:\/\/www.msds-europe.com\/es\/#organization\",\"name\":\"MSDS-Europe International branch of ToxInfo\",\"url\":\"https:\/\/www.msds-europe.com\/es\/\",\"logo\":{\"@type\":\"ImageObject\",\"inLanguage\":\"fr-FR\",\"@id\":\"https:\/\/www.msds-europe.com\/es\/#\/schema\/logo\/image\/\",\"url\":\"https:\/\/www.msds-europe.com\/wp-content\/uploads\/2021\/04\/msds-europe-logo.jpg\",\"contentUrl\":\"https:\/\/www.msds-europe.com\/wp-content\/uploads\/2021\/04\/msds-europe-logo.jpg\",\"width\":2296,\"height\":1067,\"caption\":\"MSDS-Europe International branch of ToxInfo\"},\"image\":{\"@id\":\"https:\/\/www.msds-europe.com\/es\/#\/schema\/logo\/image\/\"},\"sameAs\":[\"https:\/\/www.facebook.com\/toxinfokft\/\",\"https:\/\/x.com\/ToxInfoKft\"]}]}<\/script>\n<!-- \/ Yoast SEO plugin. -->","yoast_head_json":{"title":"Les obligations r\u00e9glementaires des distributeurs des produits cosm\u00e9tiques","description":"Notre article fournit des conseils utiles sur les mesures et les t\u00e2ches qui sont n\u00e9cessaires avant le placement des produits cosm\u00e9tiques sur le march\u00e9. Les obligations des distributeurs des produits cosm\u00e9tiques bri\u00e8vement.","robots":{"index":"index","follow":"follow","max-snippet":"max-snippet:-1","max-image-preview":"max-image-preview:large","max-video-preview":"max-video-preview:-1"},"canonical":"https:\/\/www.msds-europe.com\/fr\/obligations-distributeurs-produits-cosmetiques\/","og_locale":"fr_FR","og_type":"article","og_title":"Les obligations r\u00e9glementaires des distributeurs des produits cosm\u00e9tiques","og_description":"Notre article fournit des conseils utiles sur les mesures et les t\u00e2ches qui sont n\u00e9cessaires avant le placement des produits cosm\u00e9tiques sur le march\u00e9. Les obligations des distributeurs des produits cosm\u00e9tiques bri\u00e8vement.","og_url":"https:\/\/www.msds-europe.com\/fr\/obligations-distributeurs-produits-cosmetiques\/","og_site_name":"MSDS Europe","article_publisher":"https:\/\/www.facebook.com\/toxinfokft\/","article_modified_time":"2018-07-04T06:23:49+00:00","twitter_card":"summary_large_image","twitter_site":"@ToxInfoKft","twitter_misc":{"Dur\u00e9e de lecture estim\u00e9e":"6 minutes"},"schema":{"@context":"https:\/\/schema.org","@graph":[{"@type":"WebPage","@id":"https:\/\/www.msds-europe.com\/fr\/obligations-distributeurs-produits-cosmetiques\/","url":"https:\/\/www.msds-europe.com\/fr\/obligations-distributeurs-produits-cosmetiques\/","name":"Les obligations r\u00e9glementaires des distributeurs des produits cosm\u00e9tiques","isPartOf":{"@id":"https:\/\/www.msds-europe.com\/es\/#website"},"datePublished":"2018-06-25T15:02:17+00:00","dateModified":"2018-07-04T06:23:49+00:00","description":"Notre article fournit des conseils utiles sur les mesures et les t\u00e2ches qui sont n\u00e9cessaires avant le placement des produits cosm\u00e9tiques sur le march\u00e9. Les obligations des distributeurs des produits cosm\u00e9tiques bri\u00e8vement.","breadcrumb":{"@id":"https:\/\/www.msds-europe.com\/fr\/obligations-distributeurs-produits-cosmetiques\/#breadcrumb"},"inLanguage":"fr-FR","potentialAction":[{"@type":"ReadAction","target":["https:\/\/www.msds-europe.com\/fr\/obligations-distributeurs-produits-cosmetiques\/"]}]},{"@type":"BreadcrumbList","@id":"https:\/\/www.msds-europe.com\/fr\/obligations-distributeurs-produits-cosmetiques\/#breadcrumb","itemListElement":[{"@type":"ListItem","position":1,"name":"F\u0151oldal","item":"https:\/\/www.msds-europe.com\/fr\/"},{"@type":"ListItem","position":2,"name":"Les obligations des distributeurs des produits cosm\u00e9tiques"}]},{"@type":"WebSite","@id":"https:\/\/www.msds-europe.com\/es\/#website","url":"https:\/\/www.msds-europe.com\/es\/","name":"MSDS Europe","description":"","publisher":{"@id":"https:\/\/www.msds-europe.com\/es\/#organization"},"potentialAction":[{"@type":"SearchAction","target":{"@type":"EntryPoint","urlTemplate":"https:\/\/www.msds-europe.com\/es\/?s={search_term_string}"},"query-input":{"@type":"PropertyValueSpecification","valueRequired":true,"valueName":"search_term_string"}}],"inLanguage":"fr-FR"},{"@type":"Organization","@id":"https:\/\/www.msds-europe.com\/es\/#organization","name":"MSDS-Europe International branch of ToxInfo","url":"https:\/\/www.msds-europe.com\/es\/","logo":{"@type":"ImageObject","inLanguage":"fr-FR","@id":"https:\/\/www.msds-europe.com\/es\/#\/schema\/logo\/image\/","url":"https:\/\/www.msds-europe.com\/wp-content\/uploads\/2021\/04\/msds-europe-logo.jpg","contentUrl":"https:\/\/www.msds-europe.com\/wp-content\/uploads\/2021\/04\/msds-europe-logo.jpg","width":2296,"height":1067,"caption":"MSDS-Europe International branch of ToxInfo"},"image":{"@id":"https:\/\/www.msds-europe.com\/es\/#\/schema\/logo\/image\/"},"sameAs":["https:\/\/www.facebook.com\/toxinfokft\/","https:\/\/x.com\/ToxInfoKft"]}]}},"_links":{"self":[{"href":"https:\/\/www.msds-europe.com\/fr\/wp-json\/wp\/v2\/pages\/5977","targetHints":{"allow":["GET"]}}],"collection":[{"href":"https:\/\/www.msds-europe.com\/fr\/wp-json\/wp\/v2\/pages"}],"about":[{"href":"https:\/\/www.msds-europe.com\/fr\/wp-json\/wp\/v2\/types\/page"}],"author":[{"embeddable":true,"href":"https:\/\/www.msds-europe.com\/fr\/wp-json\/wp\/v2\/users\/2"}],"replies":[{"embeddable":true,"href":"https:\/\/www.msds-europe.com\/fr\/wp-json\/wp\/v2\/comments?post=5977"}],"version-history":[{"count":4,"href":"https:\/\/www.msds-europe.com\/fr\/wp-json\/wp\/v2\/pages\/5977\/revisions"}],"predecessor-version":[{"id":7297,"href":"https:\/\/www.msds-europe.com\/fr\/wp-json\/wp\/v2\/pages\/5977\/revisions\/7297"}],"wp:attachment":[{"href":"https:\/\/www.msds-europe.com\/fr\/wp-json\/wp\/v2\/media?parent=5977"}],"wp:term":[{"taxonomy":"post_tag","embeddable":true,"href":"https:\/\/www.msds-europe.com\/fr\/wp-json\/wp\/v2\/tags?post=5977"}],"curies":[{"name":"wp","href":"https:\/\/api.w.org\/{rel}","templated":true}]}}