{"id":5788,"date":"2018-06-25T08:33:36","date_gmt":"2018-06-25T08:33:36","guid":{"rendered":"http:\/\/www.msds-europe.com\/processus-de-travail-de-lelaboration-traduction-dune-fiche-de-donnees-de-securite\/"},"modified":"2026-04-23T12:20:50","modified_gmt":"2026-04-23T12:20:50","slug":"processus-de-travail-de-lelaboration-traduction-dune-fdsion-traduction-dune-fiche-de-donnees-de-securite","status":"publish","type":"page","link":"https:\/\/www.msds-europe.com\/fr\/processus-de-travail-de-lelaboration-traduction-dune-fdsion-traduction-dune-fiche-de-donnees-de-securite\/","title":{"rendered":"Processus de travail de l&rsquo;\u00e9laboration, traduction d&rsquo;une fiche de donn\u00e9es de s\u00e9curit\u00e9"},"content":{"rendered":"<p style=\"text-align: right;\"><em><a href=\"https:\/\/www.msds-europe.com\/fr\/\">MSDS-Europe<\/a> &#8211; <a href=\"https:\/\/www.msds-europe.com\/fr\/boussole-securite-chimique\/\">La boussole de la s\u00e9curit\u00e9 chimique<\/a><\/em><em>\u00a0\u2013 Processus de travail de l\u2019\u00e9laboration et de la traduction d\u2019une fiche de donn\u00e9es de s\u00e9curit\u00e9<\/em><\/p>\n<p>&nbsp;<\/p>\n<h4><span style=\"color: #333333;\">Premi\u00e8re \u00e9tape<\/span><\/h4>\n<h3>Traduction \u2013 d\u00e9finition des \u00e9l\u00e9ments de forme et de contenu<\/h3>\n<p style=\"text-align: justify;\">\u00c9laboration du contenu et de la structure de la fiche de donn\u00e9es de s\u00e9curit\u00e9 conform\u00e9ment \u00e0 la l\u00e9gislation europ\u00e9enne et nationale.<\/p>\n<p style=\"text-align: justify;\">\u00c0 ce stade \u2013 si une traduction dans une autre langue est n\u00e9cessaire \u2013 nous traduisons le texte. Dans la plupart des cas, il ne s\u2019agit pas seulement d\u2019une traduction litt\u00e9rale, mais d\u2019une traduction fid\u00e8le au sens. Dans la langue cible, une terminologie sp\u00e9cifique existe g\u00e9n\u00e9ralement d\u00e9j\u00e0 pour chaque formule ou expression, et elle doit \u00eatre utilis\u00e9e afin que le contenu de la fiche de donn\u00e9es de s\u00e9curit\u00e9 soit clair pour le lecteur.<\/p>\n<p style=\"text-align: justify;\">Une attention particuli\u00e8re doit \u00eatre accord\u00e9e \u00e0 la traduction des parties standardis\u00e9es du texte. Dans certaines sections de la fiche de donn\u00e9es de s\u00e9curit\u00e9, il existe des formulations fixes pr\u00e9vues par des textes r\u00e9glementaires sp\u00e9cifiques. Selon les r\u00e8gles de la s\u00e9curit\u00e9 chimique, ces formulations ne peuvent \u00eatre utilis\u00e9es que conform\u00e9ment \u00e0 la l\u00e9gislation applicable. L\u2019exemple le plus courant est probablement le texte des mentions de danger H et des conseils de prudence P, ainsi que des autres \u00e9l\u00e9ments d\u2019\u00e9tiquetage. Bien entendu, il existe \u00e9galement d\u2019autres formulations normalis\u00e9es dans une fiche de donn\u00e9es de s\u00e9curit\u00e9.<\/p>\n<p style=\"text-align: justify;\">Pour les raisons mentionn\u00e9es ci-dessus, le processus de traduction exige un certain niveau de connaissance de la l\u00e9gislation sur la s\u00e9curit\u00e9 chimique, ainsi qu\u2019une exp\u00e9rience pratique de la <a href=\"https:\/\/www.msds-europe.com\/fr\/traduction-fiches-de-donnees-de-securite\/\">traduction des fiches de donn\u00e9es de s\u00e9curit\u00e9<\/a>.<\/p>\n<p style=\"text-align: justify;\">Lors de la phase de traduction des FDS \u2013 dans le cas des m\u00e9langes \u2013 les composants sont \u00e9galement contr\u00f4l\u00e9s. \u00c0 l\u2019aide de listes appropri\u00e9es de substances dangereuses, nos coll\u00e8gues v\u00e9rifient si les noms des ingr\u00e9dients sont corrects, si les num\u00e9ros CAS et CE correspondants sont exacts et si les \u00e9l\u00e9ments de classification indiqu\u00e9s (pictogrammes de danger et mentions de danger H) sont appropri\u00e9s.<\/p>\n<p style=\"text-align: justify;\">Une attention particuli\u00e8re doit \u00e9galement \u00eatre accord\u00e9e \u00e0 la d\u00e9finition des valeurs limites d\u2019exposition professionnelle correctes. Il est n\u00e9cessaire de v\u00e9rifier, dans la l\u00e9gislation pertinente, s\u2019il existe une valeur limite d\u2019exposition pour les composants \u00e9num\u00e9r\u00e9s dans la fiche de donn\u00e9es de s\u00e9curit\u00e9 et, le cas \u00e9ch\u00e9ant, de l\u2019indiquer dans la rubrique appropri\u00e9e de la fiche.<\/p>\n<p style=\"text-align: right;\"><a href=\"https:\/\/www.msds-europe.com\/fr\/sds-exigences-linguistiques\/\"><em>D\u00e8s cette premi\u00e8re \u00e9tape, nous v\u00e9rifions \u00e9galement que la fiche respecte les exigences linguistiques en vigueur dans le pays de destination, afin d\u2019\u00e9viter tout probl\u00e8me de conformit\u00e9.<\/em><\/a><\/p>\n<p>&nbsp;<\/p>\n<h4><span style=\"color: #333333;\">Deuxi\u00e8me \u00e9tape<\/span><\/h4>\n<h3>Classification, supervision professionnelle<\/h3>\n<p style=\"text-align: justify;\">Dans un premier temps, notre expert contr\u00f4le la fiche de donn\u00e9es de s\u00e9curit\u00e9 traduite et v\u00e9rifie qu\u2019il n\u2019y a eu ni perte de donn\u00e9es ni faute de frappe lors de la traduction. Lors de la traduction d\u2019une fiche de donn\u00e9es de s\u00e9curit\u00e9, les contr\u00f4les multiples sont essentiels.<\/p>\n<p style=\"text-align: justify;\">Notre expert v\u00e9rifie ensuite la classification de la substance \/ du m\u00e9lange au regard des donn\u00e9es disponibles et, si n\u00e9cessaire, effectue des modifications, indique le(s) pictogramme(s) de danger requis, et remplace ou ajoute les mentions H et les conseils de prudence P n\u00e9cessaires. Dans de nombreux cas, certains \u00e9l\u00e9ments d\u2019\u00e9tiquetage sp\u00e9cifiques sont absents des fiches de donn\u00e9es de s\u00e9curit\u00e9 ; une attention particuli\u00e8re doit donc \u00eatre accord\u00e9e \u00e0 cette partie \u00e9galement.<\/p>\n<p>&nbsp;<\/p>\n<h4><span style=\"color: #333333;\">Troisi\u00e8me \u00e9tape<\/span><\/h4>\n<h3>V\u00e9rification professionnelle finale<\/h3>\n<p style=\"text-align: justify;\">\u00c9laboration d\u2019une fiche de donn\u00e9es de s\u00e9curit\u00e9 logiquement correcte, exempte d\u2019incoh\u00e9rences.<\/p>\n<p style=\"text-align: justify;\">\u00c0 notre avis, il s\u2019agit d\u2019une \u00e9tape tr\u00e8s importante car, d\u2019apr\u00e8s notre exp\u00e9rience, de nombreux probl\u00e8mes peuvent r\u00e9sulter des contradictions dans une fiche de donn\u00e9es de s\u00e9curit\u00e9 (par ex. les donn\u00e9es toxicologiques de la rubrique 11 ne doivent pas \u00eatre en contradiction avec la classification de la substance \/ du m\u00e9lange, etc.).<\/p>\n<p style=\"text-align: justify;\">Nous livrons la fiche de donn\u00e9es de s\u00e9curit\u00e9 finalis\u00e9e au format PDF \u00e0 nos clients.<\/p>\n<p style=\"text-align: justify;\">Nous garantissons la qualit\u00e9 professionnelle, la conformit\u00e9 l\u00e9gale et l\u2019acceptation par les autorit\u00e9s de nos fiches de donn\u00e9es de s\u00e9curit\u00e9 uniquement si elles sont utilis\u00e9es ou imprim\u00e9es dans leur int\u00e9gralit\u00e9.<\/p>\n<p style=\"text-align: justify;\"><em>\u00c0 chaque \u00e9tape de ce processus, nos sp\u00e9cialistes s\u2019appuient sur des <a href=\"https:\/\/www.msds-europe.com\/fr\/sds-sources-information-bases-donnees\/\">sources d\u2019information et bases de donn\u00e9es pour la pr\u00e9paration des FDS<\/a>, ce qui nous permet de v\u00e9rifier de mani\u00e8re coh\u00e9rente les classifications, les valeurs limites d\u2019exposition et les r\u00e9f\u00e9rences r\u00e9glementaires.<\/em><\/p>\n<p>&nbsp;<\/p>\n<h2>Apr\u00e8s la livraison de la fiche de donn\u00e9es de s\u00e9curit\u00e9\u2026<\/h2>\n<p style=\"text-align: justify;\">Notre service d\u2019\u00e9laboration de fiches de donn\u00e9es de s\u00e9curit\u00e9 ne se termine pas avec la livraison de la FDS.<\/p>\n<p style=\"text-align: justify;\">Nous aidons nos clients \u00e0 interpr\u00e9ter et \u00e0 utiliser la fiche de donn\u00e9es de s\u00e9curit\u00e9, et nous pouvons \u00e9galement vous aider \u00e0 d\u00e9finir les autres t\u00e2ches n\u00e9cessaires en lien avec les fiches de donn\u00e9es de s\u00e9curit\u00e9.<\/p>\n<p>&nbsp;<\/p>\n<h4>Garanties professionnelles dans le processus d\u2019\u00e9laboration et de traduction des fiches de donn\u00e9es de s\u00e9curit\u00e9<\/h4>\n<p style=\"text-align: justify;\">En cas de contr\u00f4le par les autorit\u00e9s, si l\u2019inspecteur soul\u00e8ve une objection concernant une partie de la fiche de donn\u00e9es de s\u00e9curit\u00e9, notre expert prendra contact avec le repr\u00e9sentant de l\u2019autorit\u00e9 et clarifiera toutes les questions \u00e9ventuelles.<\/p>\n<p style=\"text-align: justify;\">S\u2019il est \u00e9tabli que, lors de l\u2019\u00e9laboration de la fiche de donn\u00e9es de s\u00e9curit\u00e9, une erreur administrative a \u00e9t\u00e9 commise, nous corrigerons gratuitement la fiche de donn\u00e9es de s\u00e9curit\u00e9.<\/p>\n<h4>Garantie financi\u00e8re<\/h4>\n<p style=\"text-align: justify;\">Si l\u2019un de nos clients ou partenaires subit des dommages mat\u00e9riels (amendes, r\u00e9\u00e9tiquetage, etc.) en raison de l\u2019utilisation d\u2019une fiche de donn\u00e9es de s\u00e9curit\u00e9 \u00e9tablie par notre soci\u00e9t\u00e9, nous rembourserons int\u00e9gralement ces dommages \u00e0 notre client.<\/p>\n<p>&nbsp;<\/p>\n<h4><span style=\"color: #333333;\">Services propos\u00e9s<\/span><\/h4>\n<ul>\n<li><a href=\"https:\/\/www.msds-europe.com\/fr\/traduction-fiches-de-donnees-de-securite\/\">Traduction de fiches de donn\u00e9es de s\u00e9curit\u00e9<\/a><\/li>\n<li><a href=\"https:\/\/www.msds-europe.com\/fr\/fds-revision-mise-a-jour\/\">R\u00e9vision et mise \u00e0 jour de fiches de donn\u00e9es de s\u00e9curit\u00e9<\/a><\/li>\n<li><a href=\"https:\/\/www.msds-europe.com\/fr\/fiche-de-donnees-de-securite-etablissement-elaboration\/\">\u00c9laboration et r\u00e9daction de fiches de donn\u00e9es de s\u00e9curit\u00e9<\/a><\/li>\n<li><a href=\"https:\/\/www.msds-europe.com\/fr\/fiche-de-donnees-de-securite-service-express\/\">Service express de fiches de donn\u00e9es de s\u00e9curit\u00e9 en 24 heures<\/a><\/li>\n<li><a href=\"https:\/\/www.msds-europe.com\/fr\/etablissement-projet-etiquette\/\">\u00c9laboration de projets d\u2019\u00e9tiquettes<\/a><\/li>\n<\/ul>\n<p>&nbsp;<\/p>\n<h4 class=\"title_4\"><span style=\"color: #333333;\">Informations utiles<\/span><\/h4>\n<ul>\n<li><a title=\"\u00c0 propos des logiciels de fiches de donn\u00e9es de s\u00e9curit\u00e9\" href=\"https:\/\/www.msds-europe.com\/fr\/logiciels-de-fiches-de-donnees-de-securite\/\">\u00c0 propos des logiciels de fiches de donn\u00e9es de s\u00e9curit\u00e9<\/a><\/li>\n<\/ul>\n<p>&nbsp;<\/p>\n<h3><span style=\"color: #333333;\">Questions rapides et r\u00e9ponses<\/span><\/h3>\n<div class=\"su-spoiler su-spoiler-style-fancy su-spoiler-icon-chevron su-spoiler-closed\" data-scroll-offset=\"0\" data-anchor-in-url=\"no\"><div class=\"su-spoiler-title\" tabindex=\"0\" role=\"button\"><span class=\"su-spoiler-icon\"><\/span>Pourquoi des connaissances juridiques sont-elles d\u00e9j\u00e0 n\u00e9cessaires lors de la phase de traduction ?<\/div><div class=\"su-spoiler-content su-u-clearfix su-u-trim\">\n<p style=\"text-align: justify;\">Parce que de nombreux passages standardis\u00e9s (p. ex. les mentions H et les conseils de prudence P) doivent figurer exactement tels que d\u00e9finis par la l\u00e9gislation, ce qui exige la ma\u00eetrise des textes applicables pour une traduction correcte.<\/p>\n<\/div><\/div>\n<div class=\"su-spoiler su-spoiler-style-fancy su-spoiler-icon-chevron su-spoiler-closed\" data-scroll-offset=\"0\" data-anchor-in-url=\"no\"><div class=\"su-spoiler-title\" tabindex=\"0\" role=\"button\"><span class=\"su-spoiler-icon\"><\/span>Que v\u00e9rifie l\u2019expert lors de la deuxi\u00e8me \u00e9tape du processus ?<\/div><div class=\"su-spoiler-content su-u-clearfix su-u-trim\">\n<p style=\"text-align: justify;\">Il contr\u00f4le les donn\u00e9es traduites (num\u00e9ros CAS\/CE, valeurs limites d\u2019exposition), l\u2019exactitude de la classification ainsi que l\u2019application compl\u00e8te des pictogrammes de danger, des mentions H et des conseils de prudence P requis.<\/p>\n<\/div><\/div>\n<div class=\"su-spoiler su-spoiler-style-fancy su-spoiler-icon-chevron su-spoiler-closed\" data-scroll-offset=\"0\" data-anchor-in-url=\"no\"><div class=\"su-spoiler-title\" tabindex=\"0\" role=\"button\"><span class=\"su-spoiler-icon\"><\/span>Quel est l\u2019objectif principal de la troisi\u00e8me \u00e9tape dans la pr\u00e9paration de la FDS ?<\/div><div class=\"su-spoiler-content su-u-clearfix su-u-trim\">\n<p style=\"text-align: justify;\">\u00c9tablir une fiche de donn\u00e9es de s\u00e9curit\u00e9 logique et coh\u00e9rente, exempte de contradictions, o\u00f9 les informations de toutes les rubriques sont harmonis\u00e9es.<\/p>\n<\/div><\/div>\n","protected":false},"excerpt":{"rendered":"<p>Une description du flux de travail utilis\u00e9 par notre soci\u00e9t\u00e9 lors de la traduction de la fiche de donn\u00e9es de s\u00e9curit\u00e9.<\/p>\n","protected":false},"author":2,"featured_media":0,"parent":0,"menu_order":0,"comment_status":"closed","ping_status":"closed","template":"","meta":{"_acf_changed":false,"footnotes":""},"tags":[385,386],"class_list":["post-5788","page","type-page","status-publish","hentry","tag-fiche-de-donnees-de-securite","tag-fiche-de-donnees-de-securite-base-de-connaissances"],"acf":[],"yoast_head":"<!-- This site is optimized with the Yoast SEO plugin v27.2 - https:\/\/yoast.com\/product\/yoast-seo-wordpress\/ -->\n<title>Processus de travail de traduction d&#039;une FDS<\/title>\n<meta name=\"description\" content=\"D\u00e9couvrez notre m\u00e9thode de travail utilis\u00e9e pour obtenir la meilleure qualit\u00e9 professionnelle lors de l&#039;\u00e9laboration \/ traduction de la FDS.\" \/>\n<meta name=\"robots\" content=\"index, follow, max-snippet:-1, max-image-preview:large, max-video-preview:-1\" \/>\n<link rel=\"canonical\" href=\"https:\/\/www.msds-europe.com\/fr\/processus-de-travail-de-lelaboration-traduction-dune-fdsion-traduction-dune-fiche-de-donnees-de-securite\/\" \/>\n<meta property=\"og:locale\" content=\"fr_FR\" \/>\n<meta property=\"og:type\" content=\"article\" \/>\n<meta property=\"og:title\" content=\"Processus de travail de traduction d&#039;une FDS\" \/>\n<meta property=\"og:description\" content=\"D\u00e9couvrez notre m\u00e9thode de travail utilis\u00e9e pour obtenir la meilleure qualit\u00e9 professionnelle lors de l&#039;\u00e9laboration \/ traduction de la FDS.\" \/>\n<meta property=\"og:url\" content=\"https:\/\/www.msds-europe.com\/fr\/processus-de-travail-de-lelaboration-traduction-dune-fdsion-traduction-dune-fiche-de-donnees-de-securite\/\" \/>\n<meta property=\"og:site_name\" content=\"MSDS Europe\" \/>\n<meta property=\"article:publisher\" content=\"https:\/\/www.facebook.com\/toxinfokft\/\" \/>\n<meta property=\"article:modified_time\" content=\"2026-04-23T12:20:50+00:00\" \/>\n<meta name=\"twitter:card\" content=\"summary_large_image\" \/>\n<meta name=\"twitter:site\" content=\"@ToxInfoKft\" \/>\n<meta name=\"twitter:label1\" content=\"Dur\u00e9e de lecture estim\u00e9e\" \/>\n\t<meta name=\"twitter:data1\" content=\"5 minutes\" \/>\n<script type=\"application\/ld+json\" class=\"yoast-schema-graph\">{\"@context\":\"https:\/\/schema.org\",\"@graph\":[{\"@type\":\"WebPage\",\"@id\":\"https:\/\/www.msds-europe.com\/fr\/processus-de-travail-de-lelaboration-traduction-dune-fdsion-traduction-dune-fiche-de-donnees-de-securite\/\",\"url\":\"https:\/\/www.msds-europe.com\/fr\/processus-de-travail-de-lelaboration-traduction-dune-fdsion-traduction-dune-fiche-de-donnees-de-securite\/\",\"name\":\"Processus de travail de traduction d'une FDS\",\"isPartOf\":{\"@id\":\"https:\/\/www.msds-europe.com\/es\/#website\"},\"datePublished\":\"2018-06-25T08:33:36+00:00\",\"dateModified\":\"2026-04-23T12:20:50+00:00\",\"description\":\"D\u00e9couvrez notre m\u00e9thode de travail utilis\u00e9e pour obtenir la meilleure qualit\u00e9 professionnelle lors de l'\u00e9laboration \/ traduction de la FDS.\",\"breadcrumb\":{\"@id\":\"https:\/\/www.msds-europe.com\/fr\/processus-de-travail-de-lelaboration-traduction-dune-fdsion-traduction-dune-fiche-de-donnees-de-securite\/#breadcrumb\"},\"inLanguage\":\"fr-FR\",\"potentialAction\":[{\"@type\":\"ReadAction\",\"target\":[\"https:\/\/www.msds-europe.com\/fr\/processus-de-travail-de-lelaboration-traduction-dune-fdsion-traduction-dune-fiche-de-donnees-de-securite\/\"]}]},{\"@type\":\"BreadcrumbList\",\"@id\":\"https:\/\/www.msds-europe.com\/fr\/processus-de-travail-de-lelaboration-traduction-dune-fdsion-traduction-dune-fiche-de-donnees-de-securite\/#breadcrumb\",\"itemListElement\":[{\"@type\":\"ListItem\",\"position\":1,\"name\":\"F\u0151oldal\",\"item\":\"https:\/\/www.msds-europe.com\/fr\/\"},{\"@type\":\"ListItem\",\"position\":2,\"name\":\"Processus de travail de l&#8217;\u00e9laboration, traduction d&#8217;une fiche de donn\u00e9es de s\u00e9curit\u00e9\"}]},{\"@type\":\"WebSite\",\"@id\":\"https:\/\/www.msds-europe.com\/es\/#website\",\"url\":\"https:\/\/www.msds-europe.com\/es\/\",\"name\":\"MSDS Europe\",\"description\":\"\",\"publisher\":{\"@id\":\"https:\/\/www.msds-europe.com\/es\/#organization\"},\"potentialAction\":[{\"@type\":\"SearchAction\",\"target\":{\"@type\":\"EntryPoint\",\"urlTemplate\":\"https:\/\/www.msds-europe.com\/es\/?s={search_term_string}\"},\"query-input\":{\"@type\":\"PropertyValueSpecification\",\"valueRequired\":true,\"valueName\":\"search_term_string\"}}],\"inLanguage\":\"fr-FR\"},{\"@type\":\"Organization\",\"@id\":\"https:\/\/www.msds-europe.com\/es\/#organization\",\"name\":\"MSDS-Europe International branch of ToxInfo\",\"url\":\"https:\/\/www.msds-europe.com\/es\/\",\"logo\":{\"@type\":\"ImageObject\",\"inLanguage\":\"fr-FR\",\"@id\":\"https:\/\/www.msds-europe.com\/es\/#\/schema\/logo\/image\/\",\"url\":\"https:\/\/www.msds-europe.com\/wp-content\/uploads\/2021\/04\/msds-europe-logo.jpg\",\"contentUrl\":\"https:\/\/www.msds-europe.com\/wp-content\/uploads\/2021\/04\/msds-europe-logo.jpg\",\"width\":2296,\"height\":1067,\"caption\":\"MSDS-Europe International branch of ToxInfo\"},\"image\":{\"@id\":\"https:\/\/www.msds-europe.com\/es\/#\/schema\/logo\/image\/\"},\"sameAs\":[\"https:\/\/www.facebook.com\/toxinfokft\/\",\"https:\/\/x.com\/ToxInfoKft\"]}]}<\/script>\n<!-- \/ Yoast SEO plugin. -->","yoast_head_json":{"title":"Processus de travail de traduction d'une FDS","description":"D\u00e9couvrez notre m\u00e9thode de travail utilis\u00e9e pour obtenir la meilleure qualit\u00e9 professionnelle lors de l'\u00e9laboration \/ traduction de la FDS.","robots":{"index":"index","follow":"follow","max-snippet":"max-snippet:-1","max-image-preview":"max-image-preview:large","max-video-preview":"max-video-preview:-1"},"canonical":"https:\/\/www.msds-europe.com\/fr\/processus-de-travail-de-lelaboration-traduction-dune-fdsion-traduction-dune-fiche-de-donnees-de-securite\/","og_locale":"fr_FR","og_type":"article","og_title":"Processus de travail de traduction d'une FDS","og_description":"D\u00e9couvrez notre m\u00e9thode de travail utilis\u00e9e pour obtenir la meilleure qualit\u00e9 professionnelle lors de l'\u00e9laboration \/ traduction de la FDS.","og_url":"https:\/\/www.msds-europe.com\/fr\/processus-de-travail-de-lelaboration-traduction-dune-fdsion-traduction-dune-fiche-de-donnees-de-securite\/","og_site_name":"MSDS Europe","article_publisher":"https:\/\/www.facebook.com\/toxinfokft\/","article_modified_time":"2026-04-23T12:20:50+00:00","twitter_card":"summary_large_image","twitter_site":"@ToxInfoKft","twitter_misc":{"Dur\u00e9e de lecture estim\u00e9e":"5 minutes"},"schema":{"@context":"https:\/\/schema.org","@graph":[{"@type":"WebPage","@id":"https:\/\/www.msds-europe.com\/fr\/processus-de-travail-de-lelaboration-traduction-dune-fdsion-traduction-dune-fiche-de-donnees-de-securite\/","url":"https:\/\/www.msds-europe.com\/fr\/processus-de-travail-de-lelaboration-traduction-dune-fdsion-traduction-dune-fiche-de-donnees-de-securite\/","name":"Processus de travail de traduction d'une FDS","isPartOf":{"@id":"https:\/\/www.msds-europe.com\/es\/#website"},"datePublished":"2018-06-25T08:33:36+00:00","dateModified":"2026-04-23T12:20:50+00:00","description":"D\u00e9couvrez notre m\u00e9thode de travail utilis\u00e9e pour obtenir la meilleure qualit\u00e9 professionnelle lors de l'\u00e9laboration \/ traduction de la FDS.","breadcrumb":{"@id":"https:\/\/www.msds-europe.com\/fr\/processus-de-travail-de-lelaboration-traduction-dune-fdsion-traduction-dune-fiche-de-donnees-de-securite\/#breadcrumb"},"inLanguage":"fr-FR","potentialAction":[{"@type":"ReadAction","target":["https:\/\/www.msds-europe.com\/fr\/processus-de-travail-de-lelaboration-traduction-dune-fdsion-traduction-dune-fiche-de-donnees-de-securite\/"]}]},{"@type":"BreadcrumbList","@id":"https:\/\/www.msds-europe.com\/fr\/processus-de-travail-de-lelaboration-traduction-dune-fdsion-traduction-dune-fiche-de-donnees-de-securite\/#breadcrumb","itemListElement":[{"@type":"ListItem","position":1,"name":"F\u0151oldal","item":"https:\/\/www.msds-europe.com\/fr\/"},{"@type":"ListItem","position":2,"name":"Processus de travail de l&#8217;\u00e9laboration, traduction d&#8217;une fiche de donn\u00e9es de s\u00e9curit\u00e9"}]},{"@type":"WebSite","@id":"https:\/\/www.msds-europe.com\/es\/#website","url":"https:\/\/www.msds-europe.com\/es\/","name":"MSDS Europe","description":"","publisher":{"@id":"https:\/\/www.msds-europe.com\/es\/#organization"},"potentialAction":[{"@type":"SearchAction","target":{"@type":"EntryPoint","urlTemplate":"https:\/\/www.msds-europe.com\/es\/?s={search_term_string}"},"query-input":{"@type":"PropertyValueSpecification","valueRequired":true,"valueName":"search_term_string"}}],"inLanguage":"fr-FR"},{"@type":"Organization","@id":"https:\/\/www.msds-europe.com\/es\/#organization","name":"MSDS-Europe International branch of ToxInfo","url":"https:\/\/www.msds-europe.com\/es\/","logo":{"@type":"ImageObject","inLanguage":"fr-FR","@id":"https:\/\/www.msds-europe.com\/es\/#\/schema\/logo\/image\/","url":"https:\/\/www.msds-europe.com\/wp-content\/uploads\/2021\/04\/msds-europe-logo.jpg","contentUrl":"https:\/\/www.msds-europe.com\/wp-content\/uploads\/2021\/04\/msds-europe-logo.jpg","width":2296,"height":1067,"caption":"MSDS-Europe International branch of ToxInfo"},"image":{"@id":"https:\/\/www.msds-europe.com\/es\/#\/schema\/logo\/image\/"},"sameAs":["https:\/\/www.facebook.com\/toxinfokft\/","https:\/\/x.com\/ToxInfoKft"]}]}},"_links":{"self":[{"href":"https:\/\/www.msds-europe.com\/fr\/wp-json\/wp\/v2\/pages\/5788","targetHints":{"allow":["GET"]}}],"collection":[{"href":"https:\/\/www.msds-europe.com\/fr\/wp-json\/wp\/v2\/pages"}],"about":[{"href":"https:\/\/www.msds-europe.com\/fr\/wp-json\/wp\/v2\/types\/page"}],"author":[{"embeddable":true,"href":"https:\/\/www.msds-europe.com\/fr\/wp-json\/wp\/v2\/users\/2"}],"replies":[{"embeddable":true,"href":"https:\/\/www.msds-europe.com\/fr\/wp-json\/wp\/v2\/comments?post=5788"}],"version-history":[{"count":12,"href":"https:\/\/www.msds-europe.com\/fr\/wp-json\/wp\/v2\/pages\/5788\/revisions"}],"predecessor-version":[{"id":39049,"href":"https:\/\/www.msds-europe.com\/fr\/wp-json\/wp\/v2\/pages\/5788\/revisions\/39049"}],"wp:attachment":[{"href":"https:\/\/www.msds-europe.com\/fr\/wp-json\/wp\/v2\/media?parent=5788"}],"wp:term":[{"taxonomy":"post_tag","embeddable":true,"href":"https:\/\/www.msds-europe.com\/fr\/wp-json\/wp\/v2\/tags?post=5788"}],"curies":[{"name":"wp","href":"https:\/\/api.w.org\/{rel}","templated":true}]}}