{"id":5777,"date":"2018-06-25T08:05:08","date_gmt":"2018-06-25T08:05:08","guid":{"rendered":"http:\/\/www.msds-europe.com\/pictogramme-de-danger\/"},"modified":"2026-02-20T10:43:37","modified_gmt":"2026-02-20T10:43:37","slug":"pictogramme-de-danger","status":"publish","type":"page","link":"https:\/\/www.msds-europe.com\/fr\/pictogramme-de-danger\/","title":{"rendered":"Pictogramme de danger"},"content":{"rendered":"<p style=\"text-align: right;\"><em><a href=\"https:\/\/www.msds-europe.com\/fr\/fiche-de-donnees-de-securite-base-de-connaissances\/\">Base de connaissances sur les fiches de donn\u00e9es de s\u00e9curit\u00e9<\/a> \u2013 Pictogramme de danger<\/em><\/p>\n<p>&nbsp;<\/p>\n<h3 style=\"text-align: justify;\">Sur les pictogrammes de danger en g\u00e9n\u00e9ral<\/h3>\n<p style=\"text-align: justify;\">Un pictogramme de danger est une repr\u00e9sentation graphique d\u2019un danger sp\u00e9cifique. Par cons\u00e9quent, la classification de votre substance ou de votre m\u00e9lange d\u00e9termine les pictogrammes de danger qui doivent appara\u00eetre sur votre \u00e9tiquette, comme indiqu\u00e9 dans les parties 2 (dangers physiques), 3 (dangers pour la sant\u00e9) et 4 (dangers pour l\u2019environnement) de l\u2019annexe I du r\u00e8glement CLP (article 19).<\/p>\n<p style=\"text-align: justify;\">L\u2019applicabilit\u00e9 des pictogrammes de danger en fonction de la classe de danger et de la cat\u00e9gorie de danger sp\u00e9cifiques figure \u00e9galement \u00e0 l\u2019annexe V du r\u00e8glement CLP.<\/p>\n<p>&nbsp;<\/p>\n<h3 style=\"text-align: justify;\">Pictogrammes de danger sur l\u2019\u00e9tiquette<\/h3>\n<p style=\"text-align: justify;\">La couleur et la pr\u00e9sentation de vos <a href=\"https:\/\/www.msds-europe.com\/fr\/elements-etiquetage-de-la-fiche-de-donnees-de-securite\/\">\u00e9tiquettes<\/a> doivent permettre une bonne visibilit\u00e9 du pictogramme de danger et de son arri\u00e8re-plan. Les pictogrammes de danger ont la forme d\u2019un carr\u00e9 pos\u00e9 sur la pointe (losange) et doivent comporter un symbole noir sur fond blanc dans un cadre rouge (section 1.2.1 de l\u2019annexe I du r\u00e8glement CLP).<\/p>\n<p style=\"text-align: justify;\">Chaque pictogramme de danger doit couvrir au moins un quinzi\u00e8me de la surface de l\u2019\u00e9tiquette, sans que la superficie minimale soit inf\u00e9rieure \u00e0 1&nbsp;cm\u00b2.<\/p>\n<p>&nbsp;<\/p>\n<h3 style=\"text-align: justify;\">Utilisation des pictogrammes de danger dans le cadre de l\u2019\u00e9tiquetage CLP<\/h3>\n<p style=\"text-align: justify;\">Conform\u00e9ment \u00e0 l\u2019article 19 du r\u00e8glement (CE) n\u00b0&nbsp;1272\/2008 du Parlement europ\u00e9en et du Conseil du 16 d\u00e9cembre 2008 relatif \u00e0 la classification, \u00e0 l\u2019\u00e9tiquetage et \u00e0 l\u2019emballage des substances et des m\u00e9langes, les pictogrammes de danger suivants doivent \u00eatre utilis\u00e9s sur l\u2019\u00e9tiquette conform\u00e9ment au CLP.<\/p>\n<p>&nbsp;<\/p>\n<h2 style=\"text-align: justify;\">Pictogrammes de danger CLP<\/h2>\n<p style=\"text-align: justify;\"><div class=\"su-custom-gallery su-custom-gallery-align-left su-custom-gallery-title-always su-lightbox-gallery\"><div class=\"su-custom-gallery-slide\" style=\"width:200px;height:200px\"><a href=\"https:\/\/www.msds-europe.com\/wp-content\/uploads\/2018\/06\/GHS01-Pictogramme-de-danger.jpg\" title=\"GHS01 Pictogramme de danger\"><img decoding=\"async\" src=\"https:\/\/www.msds-europe.com\/wp-content\/uploads\/2018\/06\/GHS01-Pictogramme-de-danger.jpg\" alt=\"GHS01 Pictogramme de danger\" width=\"200\" height=\"200\" \/><span class=\"su-custom-gallery-title\">GHS01 Pictogramme de danger<\/span><\/a><\/div><div class=\"su-custom-gallery-slide\" style=\"width:200px;height:200px\"><a href=\"https:\/\/www.msds-europe.com\/wp-content\/uploads\/2018\/06\/GHS02-Pictogramme-de-danger.jpg\" title=\"GHS02 Pictogramme de danger\"><img decoding=\"async\" src=\"https:\/\/www.msds-europe.com\/wp-content\/uploads\/2018\/06\/GHS02-Pictogramme-de-danger.jpg\" alt=\"GHS02 Pictogramme de danger\" width=\"200\" height=\"200\" \/><span class=\"su-custom-gallery-title\">GHS02 Pictogramme de danger<\/span><\/a><\/div><div class=\"su-custom-gallery-slide\" style=\"width:200px;height:200px\"><a href=\"https:\/\/www.msds-europe.com\/wp-content\/uploads\/2018\/06\/GHS03-Pictogramme-de-danger.jpg\" title=\"GHS03 Pictogramme de danger\"><img decoding=\"async\" src=\"https:\/\/www.msds-europe.com\/wp-content\/uploads\/2018\/06\/GHS03-Pictogramme-de-danger.jpg\" alt=\"GHS03 Pictogramme de danger\" width=\"200\" height=\"200\" \/><span class=\"su-custom-gallery-title\">GHS03 Pictogramme de danger<\/span><\/a><\/div><div class=\"su-custom-gallery-slide\" style=\"width:200px;height:200px\"><a href=\"https:\/\/www.msds-europe.com\/wp-content\/uploads\/2018\/06\/GHS04-Pictogramme-de-danger.jpg\" title=\"GHS04 Pictogramme de danger\"><img decoding=\"async\" src=\"https:\/\/www.msds-europe.com\/wp-content\/uploads\/2018\/06\/GHS04-Pictogramme-de-danger.jpg\" alt=\"GHS04 Pictogramme de danger\" width=\"200\" height=\"200\" \/><span class=\"su-custom-gallery-title\">GHS04 Pictogramme de danger<\/span><\/a><\/div><div class=\"su-custom-gallery-slide\" style=\"width:200px;height:200px\"><a href=\"https:\/\/www.msds-europe.com\/wp-content\/uploads\/2018\/06\/GHS05-Pictogramme-de-danger.jpg\" title=\"GHS05 Pictogramme de danger\"><img decoding=\"async\" src=\"https:\/\/www.msds-europe.com\/wp-content\/uploads\/2018\/06\/GHS05-Pictogramme-de-danger.jpg\" alt=\"GHS05 Pictogramme de danger\" width=\"200\" height=\"200\" \/><span class=\"su-custom-gallery-title\">GHS05 Pictogramme de danger<\/span><\/a><\/div><div class=\"su-custom-gallery-slide\" style=\"width:200px;height:200px\"><a href=\"https:\/\/www.msds-europe.com\/wp-content\/uploads\/2018\/06\/GHS06-Pictogramme-de-danger.jpg\" title=\"GHS06 Pictogramme de danger\"><img decoding=\"async\" src=\"https:\/\/www.msds-europe.com\/wp-content\/uploads\/2018\/06\/GHS06-Pictogramme-de-danger.jpg\" alt=\"GHS06 Pictogramme de danger\" width=\"200\" height=\"200\" \/><span class=\"su-custom-gallery-title\">GHS06 Pictogramme de danger<\/span><\/a><\/div><div class=\"su-custom-gallery-slide\" style=\"width:200px;height:200px\"><a href=\"https:\/\/www.msds-europe.com\/wp-content\/uploads\/2018\/06\/GHS07-Pictogramme-de-danger.jpg\" title=\"GHS07 Pictogramme de danger\"><img decoding=\"async\" src=\"https:\/\/www.msds-europe.com\/wp-content\/uploads\/2018\/06\/GHS07-Pictogramme-de-danger.jpg\" alt=\"GHS07 Pictogramme de danger\" width=\"200\" height=\"200\" \/><span class=\"su-custom-gallery-title\">GHS07 Pictogramme de danger<\/span><\/a><\/div><div class=\"su-custom-gallery-slide\" style=\"width:200px;height:200px\"><a href=\"https:\/\/www.msds-europe.com\/wp-content\/uploads\/2018\/06\/GHS08-Pictogramme-de-danger.jpg\" title=\"GHS08 Pictogramme de danger\"><img decoding=\"async\" src=\"https:\/\/www.msds-europe.com\/wp-content\/uploads\/2018\/06\/GHS08-Pictogramme-de-danger.jpg\" alt=\"GHS08 Pictogramme de danger\" width=\"200\" height=\"200\" \/><span class=\"su-custom-gallery-title\">GHS08 Pictogramme de danger<\/span><\/a><\/div><div class=\"su-custom-gallery-slide\" style=\"width:200px;height:200px\"><a href=\"https:\/\/www.msds-europe.com\/wp-content\/uploads\/2018\/06\/GHS09-Pictogramme-de-danger.jpg\" title=\"GHS09 Pictogramme de danger\"><img decoding=\"async\" src=\"https:\/\/www.msds-europe.com\/wp-content\/uploads\/2018\/06\/GHS09-Pictogramme-de-danger.jpg\" alt=\"GHS09 Pictogramme de danger\" width=\"200\" height=\"200\" \/><span class=\"su-custom-gallery-title\">GHS09 Pictogramme de danger<\/span><\/a><\/div><div class=\"su-clear\"><\/div><\/div>\n<p>&nbsp;<\/p>\n<h4 style=\"text-align: justify;\">T\u00e9l\u00e9charger les pictogrammes de danger<\/h4>\n<p style=\"text-align: justify;\">Vous pouvez cliquer sur l\u2019image appropri\u00e9e pour l\u2019agrandir ou t\u00e9l\u00e9charger le pictogramme de danger correspondant.<\/p>\n<p>&nbsp;<\/p>\n<h4><span style=\"color: #333333;\">Services offerts<\/span><\/h4>\n<ul>\n<li><a href=\"https:\/\/www.msds-europe.com\/fr\/fiche-de-donnees-de-securite-etablissement-elaboration\/\">\u00c9laboration d\u2019une fiche de donn\u00e9es de s\u00e9curit\u00e9<\/a><\/li>\n<li><a href=\"https:\/\/www.msds-europe.com\/fr\/etablissement-projet-etiquette\/\">Projet d\u2019\u00e9tiquette<\/a><\/li>\n<li><a href=\"https:\/\/www.msds-europe.com\/fr\/service-ufi\/#notification-melanges-pcn\">Notification des m\u00e9langes via le portail PCN<\/a><\/li>\n<\/ul>\n<p>&nbsp;<\/p>\n<h4 class=\"title_4\"><span style=\"color: #333333;\">Informations utiles<\/span><\/h4>\n<ul>\n<li><a title=\"Conseils de prudence P\" href=\"https:\/\/www.msds-europe.com\/fr\/conseils-de-prudence-p\/\">Conseils de prudence<\/a><\/li>\n<li><a title=\"Mentions de danger H\" href=\"https:\/\/www.msds-europe.com\/fr\/mentions-de-danger-h\/\">Mentions de danger<\/a><\/li>\n<li><a title=\"\u00c9l\u00e9ments d\u2019\u00e9tiquetage de la fiche de donn\u00e9es de s\u00e9curit\u00e9\" href=\"https:\/\/www.msds-europe.com\/fr\/elements-etiquetage-de-la-fiche-de-donnees-de-securite\/\">\u00c9l\u00e9ments d\u2019\u00e9tiquetage de la fiche de donn\u00e9es de s\u00e9curit\u00e9<\/a><\/li>\n<li><a title=\"\u00c9tiquetage CLP en pratique\" href=\"https:\/\/www.msds-europe.com\/clp-labelling-in-practice\/\">\u00c9tiquetage CLP en pratique<\/a><\/li>\n<li>\u00c9laboration des fiches de donn\u00e9es de s\u00e9curit\u00e9 :\n<ul>\n<li><a href=\"https:\/\/www.msds-europe.com\/fr\/fds-elaboration-introduction\/\"><em>Introduction et cadre r\u00e9glementaire&nbsp;<\/em><\/a><\/li>\n<li><a href=\"https:\/\/www.msds-europe.com\/fr\/elaboration-fds-responsabilites\/\"><em>Responsabilit\u00e9s et processus d\u2019\u00e9laboration de la FDS<\/em><\/a><\/li>\n<li><a href=\"https:\/\/www.msds-europe.com\/fr\/rubriques-1-8-fds\/\"><em>D\u00e9tail des rubriques 1 \u00e0 8 de la FDS<\/em><\/a><\/li>\n<li><a href=\"https:\/\/www.msds-europe.com\/fr\/elaboration-fds-rubriques-9-16\/\"><em>Les autres rubriques de la FDS (9\u201316)<\/em><\/a><\/li>\n<li><a href=\"https:\/\/www.msds-europe.com\/fr\/elaboration-fds-bonnes-pratiques\/\"><em>Cas particuliers et bonnes pratiques<\/em><\/a><\/li>\n<\/ul>\n<\/li>\n<\/ul>\n<p>&nbsp;<\/p>\n","protected":false},"excerpt":{"rendered":"<p>Documents de r\u00e9f\u00e9rence utiles pour la mise en \u0153uvre pratique de l&rsquo;obligation d&rsquo;\u00e9tiquetage conform\u00e9ment au r\u00e8glement CLP.<\/p>\n","protected":false},"author":2,"featured_media":0,"parent":0,"menu_order":0,"comment_status":"closed","ping_status":"closed","template":"","meta":{"_acf_changed":false,"footnotes":""},"tags":[406,385,386],"class_list":["post-5777","page","type-page","status-publish","hentry","tag-fiche-de-donnees-de-securite-fr","tag-fiche-de-donnees-de-securite","tag-fiche-de-donnees-de-securite-base-de-connaissances"],"acf":[],"yoast_head":"<!-- This site is optimized with the Yoast SEO plugin v27.2 - https:\/\/yoast.com\/product\/yoast-seo-wordpress\/ -->\n<title>Pictogrammes de danger CLP<\/title>\n<meta name=\"description\" content=\"Un pictogramme de danger est une repr\u00e9sentation graphique d&#039;un danger sp\u00e9cifique selon la r\u00e9glementation CLP.\" \/>\n<meta name=\"robots\" content=\"index, follow, max-snippet:-1, max-image-preview:large, max-video-preview:-1\" \/>\n<link rel=\"canonical\" href=\"https:\/\/www.msds-europe.com\/fr\/pictogramme-de-danger\/\" \/>\n<meta property=\"og:locale\" content=\"fr_FR\" \/>\n<meta property=\"og:type\" content=\"article\" \/>\n<meta property=\"og:title\" content=\"Pictogrammes de danger CLP\" \/>\n<meta property=\"og:description\" content=\"Un pictogramme de danger est une repr\u00e9sentation graphique d&#039;un danger sp\u00e9cifique selon la r\u00e9glementation CLP.\" \/>\n<meta property=\"og:url\" content=\"https:\/\/www.msds-europe.com\/fr\/pictogramme-de-danger\/\" \/>\n<meta property=\"og:site_name\" content=\"MSDS Europe\" \/>\n<meta property=\"article:publisher\" content=\"https:\/\/www.facebook.com\/toxinfokft\/\" \/>\n<meta property=\"article:modified_time\" content=\"2026-02-20T10:43:37+00:00\" \/>\n<meta name=\"twitter:card\" content=\"summary_large_image\" \/>\n<meta name=\"twitter:site\" content=\"@ToxInfoKft\" \/>\n<meta name=\"twitter:label1\" content=\"Dur\u00e9e de lecture estim\u00e9e\" \/>\n\t<meta name=\"twitter:data1\" content=\"2 minutes\" \/>\n<script type=\"application\/ld+json\" class=\"yoast-schema-graph\">{\"@context\":\"https:\/\/schema.org\",\"@graph\":[{\"@type\":\"WebPage\",\"@id\":\"https:\/\/www.msds-europe.com\/fr\/pictogramme-de-danger\/\",\"url\":\"https:\/\/www.msds-europe.com\/fr\/pictogramme-de-danger\/\",\"name\":\"Pictogrammes de danger CLP\",\"isPartOf\":{\"@id\":\"https:\/\/www.msds-europe.com\/es\/#website\"},\"datePublished\":\"2018-06-25T08:05:08+00:00\",\"dateModified\":\"2026-02-20T10:43:37+00:00\",\"description\":\"Un pictogramme de danger est une repr\u00e9sentation graphique d'un danger sp\u00e9cifique selon la r\u00e9glementation CLP.\",\"breadcrumb\":{\"@id\":\"https:\/\/www.msds-europe.com\/fr\/pictogramme-de-danger\/#breadcrumb\"},\"inLanguage\":\"fr-FR\",\"potentialAction\":[{\"@type\":\"ReadAction\",\"target\":[\"https:\/\/www.msds-europe.com\/fr\/pictogramme-de-danger\/\"]}]},{\"@type\":\"BreadcrumbList\",\"@id\":\"https:\/\/www.msds-europe.com\/fr\/pictogramme-de-danger\/#breadcrumb\",\"itemListElement\":[{\"@type\":\"ListItem\",\"position\":1,\"name\":\"F\u0151oldal\",\"item\":\"https:\/\/www.msds-europe.com\/fr\/\"},{\"@type\":\"ListItem\",\"position\":2,\"name\":\"Pictogramme de danger\"}]},{\"@type\":\"WebSite\",\"@id\":\"https:\/\/www.msds-europe.com\/es\/#website\",\"url\":\"https:\/\/www.msds-europe.com\/es\/\",\"name\":\"MSDS Europe\",\"description\":\"\",\"publisher\":{\"@id\":\"https:\/\/www.msds-europe.com\/es\/#organization\"},\"potentialAction\":[{\"@type\":\"SearchAction\",\"target\":{\"@type\":\"EntryPoint\",\"urlTemplate\":\"https:\/\/www.msds-europe.com\/es\/?s={search_term_string}\"},\"query-input\":{\"@type\":\"PropertyValueSpecification\",\"valueRequired\":true,\"valueName\":\"search_term_string\"}}],\"inLanguage\":\"fr-FR\"},{\"@type\":\"Organization\",\"@id\":\"https:\/\/www.msds-europe.com\/es\/#organization\",\"name\":\"MSDS-Europe International branch of ToxInfo\",\"url\":\"https:\/\/www.msds-europe.com\/es\/\",\"logo\":{\"@type\":\"ImageObject\",\"inLanguage\":\"fr-FR\",\"@id\":\"https:\/\/www.msds-europe.com\/es\/#\/schema\/logo\/image\/\",\"url\":\"https:\/\/www.msds-europe.com\/wp-content\/uploads\/2021\/04\/msds-europe-logo.jpg\",\"contentUrl\":\"https:\/\/www.msds-europe.com\/wp-content\/uploads\/2021\/04\/msds-europe-logo.jpg\",\"width\":2296,\"height\":1067,\"caption\":\"MSDS-Europe International branch of ToxInfo\"},\"image\":{\"@id\":\"https:\/\/www.msds-europe.com\/es\/#\/schema\/logo\/image\/\"},\"sameAs\":[\"https:\/\/www.facebook.com\/toxinfokft\/\",\"https:\/\/x.com\/ToxInfoKft\"]}]}<\/script>\n<!-- \/ Yoast SEO plugin. -->","yoast_head_json":{"title":"Pictogrammes de danger CLP","description":"Un pictogramme de danger est une repr\u00e9sentation graphique d'un danger sp\u00e9cifique selon la r\u00e9glementation CLP.","robots":{"index":"index","follow":"follow","max-snippet":"max-snippet:-1","max-image-preview":"max-image-preview:large","max-video-preview":"max-video-preview:-1"},"canonical":"https:\/\/www.msds-europe.com\/fr\/pictogramme-de-danger\/","og_locale":"fr_FR","og_type":"article","og_title":"Pictogrammes de danger CLP","og_description":"Un pictogramme de danger est une repr\u00e9sentation graphique d'un danger sp\u00e9cifique selon la r\u00e9glementation CLP.","og_url":"https:\/\/www.msds-europe.com\/fr\/pictogramme-de-danger\/","og_site_name":"MSDS Europe","article_publisher":"https:\/\/www.facebook.com\/toxinfokft\/","article_modified_time":"2026-02-20T10:43:37+00:00","twitter_card":"summary_large_image","twitter_site":"@ToxInfoKft","twitter_misc":{"Dur\u00e9e de lecture estim\u00e9e":"2 minutes"},"schema":{"@context":"https:\/\/schema.org","@graph":[{"@type":"WebPage","@id":"https:\/\/www.msds-europe.com\/fr\/pictogramme-de-danger\/","url":"https:\/\/www.msds-europe.com\/fr\/pictogramme-de-danger\/","name":"Pictogrammes de danger CLP","isPartOf":{"@id":"https:\/\/www.msds-europe.com\/es\/#website"},"datePublished":"2018-06-25T08:05:08+00:00","dateModified":"2026-02-20T10:43:37+00:00","description":"Un pictogramme de danger est une repr\u00e9sentation graphique d'un danger sp\u00e9cifique selon la r\u00e9glementation CLP.","breadcrumb":{"@id":"https:\/\/www.msds-europe.com\/fr\/pictogramme-de-danger\/#breadcrumb"},"inLanguage":"fr-FR","potentialAction":[{"@type":"ReadAction","target":["https:\/\/www.msds-europe.com\/fr\/pictogramme-de-danger\/"]}]},{"@type":"BreadcrumbList","@id":"https:\/\/www.msds-europe.com\/fr\/pictogramme-de-danger\/#breadcrumb","itemListElement":[{"@type":"ListItem","position":1,"name":"F\u0151oldal","item":"https:\/\/www.msds-europe.com\/fr\/"},{"@type":"ListItem","position":2,"name":"Pictogramme de danger"}]},{"@type":"WebSite","@id":"https:\/\/www.msds-europe.com\/es\/#website","url":"https:\/\/www.msds-europe.com\/es\/","name":"MSDS Europe","description":"","publisher":{"@id":"https:\/\/www.msds-europe.com\/es\/#organization"},"potentialAction":[{"@type":"SearchAction","target":{"@type":"EntryPoint","urlTemplate":"https:\/\/www.msds-europe.com\/es\/?s={search_term_string}"},"query-input":{"@type":"PropertyValueSpecification","valueRequired":true,"valueName":"search_term_string"}}],"inLanguage":"fr-FR"},{"@type":"Organization","@id":"https:\/\/www.msds-europe.com\/es\/#organization","name":"MSDS-Europe International branch of ToxInfo","url":"https:\/\/www.msds-europe.com\/es\/","logo":{"@type":"ImageObject","inLanguage":"fr-FR","@id":"https:\/\/www.msds-europe.com\/es\/#\/schema\/logo\/image\/","url":"https:\/\/www.msds-europe.com\/wp-content\/uploads\/2021\/04\/msds-europe-logo.jpg","contentUrl":"https:\/\/www.msds-europe.com\/wp-content\/uploads\/2021\/04\/msds-europe-logo.jpg","width":2296,"height":1067,"caption":"MSDS-Europe International branch of ToxInfo"},"image":{"@id":"https:\/\/www.msds-europe.com\/es\/#\/schema\/logo\/image\/"},"sameAs":["https:\/\/www.facebook.com\/toxinfokft\/","https:\/\/x.com\/ToxInfoKft"]}]}},"_links":{"self":[{"href":"https:\/\/www.msds-europe.com\/fr\/wp-json\/wp\/v2\/pages\/5777","targetHints":{"allow":["GET"]}}],"collection":[{"href":"https:\/\/www.msds-europe.com\/fr\/wp-json\/wp\/v2\/pages"}],"about":[{"href":"https:\/\/www.msds-europe.com\/fr\/wp-json\/wp\/v2\/types\/page"}],"author":[{"embeddable":true,"href":"https:\/\/www.msds-europe.com\/fr\/wp-json\/wp\/v2\/users\/2"}],"replies":[{"embeddable":true,"href":"https:\/\/www.msds-europe.com\/fr\/wp-json\/wp\/v2\/comments?post=5777"}],"version-history":[{"count":8,"href":"https:\/\/www.msds-europe.com\/fr\/wp-json\/wp\/v2\/pages\/5777\/revisions"}],"predecessor-version":[{"id":37297,"href":"https:\/\/www.msds-europe.com\/fr\/wp-json\/wp\/v2\/pages\/5777\/revisions\/37297"}],"wp:attachment":[{"href":"https:\/\/www.msds-europe.com\/fr\/wp-json\/wp\/v2\/media?parent=5777"}],"wp:term":[{"taxonomy":"post_tag","embeddable":true,"href":"https:\/\/www.msds-europe.com\/fr\/wp-json\/wp\/v2\/tags?post=5777"}],"curies":[{"name":"wp","href":"https:\/\/api.w.org\/{rel}","templated":true}]}}