{"id":5728,"date":"2018-06-22T07:13:15","date_gmt":"2018-06-22T07:13:15","guid":{"rendered":"http:\/\/www.msds-europe.com\/etablissement-traduction-du-projet-detiquette-pour-les-produits-cosmetiques\/"},"modified":"2018-07-04T12:58:39","modified_gmt":"2018-07-04T12:58:39","slug":"etablissement-traduction-projet-etiquette-produits-cosmetiques","status":"publish","type":"page","link":"https:\/\/www.msds-europe.com\/fr\/etablissement-traduction-projet-etiquette-produits-cosmetiques\/","title":{"rendered":"\u00c9tablissement, traduction du projet d&rsquo;\u00e9tiquette pour les produits cosm\u00e9tiques"},"content":{"rendered":"<p style=\"text-align: right;\"><em><a href=\"http:\/\/www.msds-europe.com\/fr\/services-produits-cosmetiques\/\">Services li\u00e9s aux produits cosm\u00e9tiques<\/a>\u00a0\u2013\u00a0\u00c9tablissement, traduction du projet d&rsquo;\u00e9tiquette pour les produits cosm\u00e9tiques<\/em><\/p>\n<p>&nbsp;<\/p>\n<p style=\"text-align: justify;\">\u00c9tablissement, traduction du projet d&rsquo;\u00e9tiquette pour les produits cosm\u00e9tiques selon les r\u00e8glements pertinents dans toutes les langues officielles de l&rsquo;UE.<\/p>\n<p>&nbsp;<\/p>\n<h2 style=\"text-align: justify;\">L&rsquo; \u00e9tablissement d&rsquo;un projet d&rsquo;\u00e9tiquette pour la personne responsable<\/h2>\n<p style=\"text-align: justify;\">\u00c9tablissement des projets d&rsquo;\u00e9tiquettes pour les produits cosm\u00e9tiques conform\u00e9ment <strong>\u00e0 l&rsquo;article 19 du r\u00e8glement (CE) no 1223\/2009.<\/strong><\/p>\n<p>&nbsp;<\/p>\n<h2 style=\"text-align: justify;\">La traduction d&rsquo;un projet d&rsquo;\u00e9tiquette pour les distributeurs<\/h2>\n<p style=\"text-align: justify;\">Traduction des projets d&rsquo;\u00e9tiquettes pour produits cosm\u00e9tiques en hongrois et dans<strong> les langues suivantes :<\/strong><\/p>\n<p style=\"text-align: justify;\"><em>anglais, tch\u00e8que, finnois, fran\u00e7ais, n\u00e9erlandais, croate, chinois, norv\u00e9gien, allemand, italien, russe, portugais, roumain, espagnol, serbe, slovaque, slov\u00e8ne, turc, ukrainien, polonais, su\u00e9dois<\/em><\/p>\n<p>&nbsp;<\/p>\n<h2 style=\"text-align: justify;\">Demande de devis en ligne pour la traduction des projets d&rsquo;\u00e9tiquette<\/h2>\n<p style=\"text-align: justify;\"><a href=\"mailto:info@msds-europe.com\">Nous r\u00e9pondrons aux demandes de devis envoy\u00e9es par e-mail<\/a> ou par<a href=\"http:\/\/www.msds-europe.com\/fr\/demande-de-devis-produits-cosmetiques\/\"> formulaire en ligne<\/a> en 24 heures.<br \/>\nNotre <a href=\"http:\/\/www.msds-europe.com\/fr\/service-clients\/\">service clients<\/a> vous aidera \u00e0 choisir le bon service.<\/p>\n<p>&nbsp;<\/p>\n<h3 style=\"text-align: justify;\"><span style=\"color: #333333;\">Mat\u00e9riel professionnel int\u00e9ressant et utile li\u00e9 \u00e0 l&rsquo;\u00e9tiquetage des produits cosm\u00e9tiques<\/span><\/h3>\n<p style=\"text-align: justify;\">\n<ul>\n<li><a title=\"Les responsabilit\u00e9s de la personne responsable\" href=\"http:\/\/www.msds-europe.com\/fr\/responsabilites-personne-responsable\/\">Les responsabilit\u00e9s de la personne responsable<\/a><\/li>\n<li><a title=\"Les obligations des distributeurs des produits cosm\u00e9tiques\" href=\"http:\/\/www.msds-europe.com\/fr\/obligations-distributeurs-produits-cosmetiques\/\">Les obligations des distributeurs des produits cosm\u00e9tiques<\/a><\/li>\n<\/ul>\n<p>&nbsp;<\/p>\n<h3 style=\"text-align: justify;\"><span style=\"color: #333333;\">Des services suppl\u00e9mentaires li\u00e9s \u00e0 notre service d&rsquo;\u00e9tablissement et de traduction des projets d&rsquo;\u00e9tiquette pour les produits cosm\u00e9tiques<\/span><\/h3>\n<ul>\n<li style=\"text-align: justify;\"><a title=\"Service de notification PCNP\" href=\"http:\/\/www.msds-europe.com\/fr\/service-notification-pcnp\/\">Service de notification PCNP<\/a><\/li>\n<li style=\"text-align: justify;\"><a title=\"L\u2019 \u00e9tablissement de l\u2019\u00c9valuation de la s\u00e9curit\u00e9 pour les cosm\u00e9tiques\" href=\"http:\/\/www.msds-europe.com\/fr\/etablissement-evaluation-de-la-securite-pour-les-cosmetiques\/\">L\u2019 \u00e9tablissement de l\u2019\u00c9valuation de la s\u00e9curit\u00e9 pour les cosm\u00e9tiques<\/a><\/li>\n<\/ul>\n<p>&nbsp;<\/p>\n","protected":false},"excerpt":{"rendered":"<p>\u00c9tablissement, traduction du projet d&rsquo;\u00e9tiquette pour les produits cosm\u00e9tiques selon les r\u00e8glements pertinents.<\/p>\n","protected":false},"author":2,"featured_media":0,"parent":0,"menu_order":0,"comment_status":"closed","ping_status":"closed","template":"","meta":{"_acf_changed":false,"footnotes":""},"tags":[387,391],"class_list":["post-5728","page","type-page","status-publish","hentry","tag-cosmetiques","tag-services-lies-aux-produits-cosmetiques"],"acf":[],"yoast_head":"<!-- This site is optimized with the Yoast SEO plugin v27.2 - https:\/\/yoast.com\/product\/yoast-seo-wordpress\/ -->\n<title>\u00c9tablissement, traduction du projet d&#039;\u00e9tiquette pour les cosm\u00e9tiques, les produits cosm\u00e9tiques<\/title>\n<meta name=\"description\" content=\"\u00c9tablissement, traduction du projet d&#039;\u00e9tiquette pour les produits cosm\u00e9tiques selon les r\u00e8glements pertinents. Traduction des projets d&#039;\u00e9tiquette pour des produits cosm\u00e9tiques de et dans toutes les langues officielles de l&#039;Union europ\u00e9enne.\" \/>\n<meta name=\"robots\" content=\"index, follow, max-snippet:-1, max-image-preview:large, max-video-preview:-1\" \/>\n<link rel=\"canonical\" href=\"https:\/\/www.msds-europe.com\/fr\/etablissement-traduction-projet-etiquette-produits-cosmetiques\/\" \/>\n<meta property=\"og:locale\" content=\"fr_FR\" \/>\n<meta property=\"og:type\" content=\"article\" \/>\n<meta property=\"og:title\" content=\"\u00c9tablissement, traduction du projet d&#039;\u00e9tiquette pour les cosm\u00e9tiques, les produits cosm\u00e9tiques\" \/>\n<meta property=\"og:description\" content=\"\u00c9tablissement, traduction du projet d&#039;\u00e9tiquette pour les produits cosm\u00e9tiques selon les r\u00e8glements pertinents. Traduction des projets d&#039;\u00e9tiquette pour des produits cosm\u00e9tiques de et dans toutes les langues officielles de l&#039;Union europ\u00e9enne.\" \/>\n<meta property=\"og:url\" content=\"https:\/\/www.msds-europe.com\/fr\/etablissement-traduction-projet-etiquette-produits-cosmetiques\/\" \/>\n<meta property=\"og:site_name\" content=\"MSDS Europe\" \/>\n<meta property=\"article:publisher\" content=\"https:\/\/www.facebook.com\/toxinfokft\/\" \/>\n<meta property=\"article:modified_time\" content=\"2018-07-04T12:58:39+00:00\" \/>\n<meta name=\"twitter:card\" content=\"summary_large_image\" \/>\n<meta name=\"twitter:site\" content=\"@ToxInfoKft\" \/>\n<meta name=\"twitter:label1\" content=\"Dur\u00e9e de lecture estim\u00e9e\" \/>\n\t<meta name=\"twitter:data1\" content=\"1 minute\" \/>\n<script type=\"application\/ld+json\" class=\"yoast-schema-graph\">{\"@context\":\"https:\/\/schema.org\",\"@graph\":[{\"@type\":\"WebPage\",\"@id\":\"https:\/\/www.msds-europe.com\/fr\/etablissement-traduction-projet-etiquette-produits-cosmetiques\/\",\"url\":\"https:\/\/www.msds-europe.com\/fr\/etablissement-traduction-projet-etiquette-produits-cosmetiques\/\",\"name\":\"\u00c9tablissement, traduction du projet d'\u00e9tiquette pour les cosm\u00e9tiques, les produits cosm\u00e9tiques\",\"isPartOf\":{\"@id\":\"https:\/\/www.msds-europe.com\/es\/#website\"},\"datePublished\":\"2018-06-22T07:13:15+00:00\",\"dateModified\":\"2018-07-04T12:58:39+00:00\",\"description\":\"\u00c9tablissement, traduction du projet d'\u00e9tiquette pour les produits cosm\u00e9tiques selon les r\u00e8glements pertinents. Traduction des projets d'\u00e9tiquette pour des produits cosm\u00e9tiques de et dans toutes les langues officielles de l'Union europ\u00e9enne.\",\"breadcrumb\":{\"@id\":\"https:\/\/www.msds-europe.com\/fr\/etablissement-traduction-projet-etiquette-produits-cosmetiques\/#breadcrumb\"},\"inLanguage\":\"fr-FR\",\"potentialAction\":[{\"@type\":\"ReadAction\",\"target\":[\"https:\/\/www.msds-europe.com\/fr\/etablissement-traduction-projet-etiquette-produits-cosmetiques\/\"]}]},{\"@type\":\"BreadcrumbList\",\"@id\":\"https:\/\/www.msds-europe.com\/fr\/etablissement-traduction-projet-etiquette-produits-cosmetiques\/#breadcrumb\",\"itemListElement\":[{\"@type\":\"ListItem\",\"position\":1,\"name\":\"F\u0151oldal\",\"item\":\"https:\/\/www.msds-europe.com\/fr\/\"},{\"@type\":\"ListItem\",\"position\":2,\"name\":\"\u00c9tablissement, traduction du projet d&rsquo;\u00e9tiquette pour les produits cosm\u00e9tiques\"}]},{\"@type\":\"WebSite\",\"@id\":\"https:\/\/www.msds-europe.com\/es\/#website\",\"url\":\"https:\/\/www.msds-europe.com\/es\/\",\"name\":\"MSDS Europe\",\"description\":\"\",\"publisher\":{\"@id\":\"https:\/\/www.msds-europe.com\/es\/#organization\"},\"potentialAction\":[{\"@type\":\"SearchAction\",\"target\":{\"@type\":\"EntryPoint\",\"urlTemplate\":\"https:\/\/www.msds-europe.com\/es\/?s={search_term_string}\"},\"query-input\":{\"@type\":\"PropertyValueSpecification\",\"valueRequired\":true,\"valueName\":\"search_term_string\"}}],\"inLanguage\":\"fr-FR\"},{\"@type\":\"Organization\",\"@id\":\"https:\/\/www.msds-europe.com\/es\/#organization\",\"name\":\"MSDS-Europe International branch of ToxInfo\",\"url\":\"https:\/\/www.msds-europe.com\/es\/\",\"logo\":{\"@type\":\"ImageObject\",\"inLanguage\":\"fr-FR\",\"@id\":\"https:\/\/www.msds-europe.com\/es\/#\/schema\/logo\/image\/\",\"url\":\"https:\/\/www.msds-europe.com\/wp-content\/uploads\/2021\/04\/msds-europe-logo.jpg\",\"contentUrl\":\"https:\/\/www.msds-europe.com\/wp-content\/uploads\/2021\/04\/msds-europe-logo.jpg\",\"width\":2296,\"height\":1067,\"caption\":\"MSDS-Europe International branch of ToxInfo\"},\"image\":{\"@id\":\"https:\/\/www.msds-europe.com\/es\/#\/schema\/logo\/image\/\"},\"sameAs\":[\"https:\/\/www.facebook.com\/toxinfokft\/\",\"https:\/\/x.com\/ToxInfoKft\"]}]}<\/script>\n<!-- \/ Yoast SEO plugin. -->","yoast_head_json":{"title":"\u00c9tablissement, traduction du projet d'\u00e9tiquette pour les cosm\u00e9tiques, les produits cosm\u00e9tiques","description":"\u00c9tablissement, traduction du projet d'\u00e9tiquette pour les produits cosm\u00e9tiques selon les r\u00e8glements pertinents. Traduction des projets d'\u00e9tiquette pour des produits cosm\u00e9tiques de et dans toutes les langues officielles de l'Union europ\u00e9enne.","robots":{"index":"index","follow":"follow","max-snippet":"max-snippet:-1","max-image-preview":"max-image-preview:large","max-video-preview":"max-video-preview:-1"},"canonical":"https:\/\/www.msds-europe.com\/fr\/etablissement-traduction-projet-etiquette-produits-cosmetiques\/","og_locale":"fr_FR","og_type":"article","og_title":"\u00c9tablissement, traduction du projet d'\u00e9tiquette pour les cosm\u00e9tiques, les produits cosm\u00e9tiques","og_description":"\u00c9tablissement, traduction du projet d'\u00e9tiquette pour les produits cosm\u00e9tiques selon les r\u00e8glements pertinents. Traduction des projets d'\u00e9tiquette pour des produits cosm\u00e9tiques de et dans toutes les langues officielles de l'Union europ\u00e9enne.","og_url":"https:\/\/www.msds-europe.com\/fr\/etablissement-traduction-projet-etiquette-produits-cosmetiques\/","og_site_name":"MSDS Europe","article_publisher":"https:\/\/www.facebook.com\/toxinfokft\/","article_modified_time":"2018-07-04T12:58:39+00:00","twitter_card":"summary_large_image","twitter_site":"@ToxInfoKft","twitter_misc":{"Dur\u00e9e de lecture estim\u00e9e":"1 minute"},"schema":{"@context":"https:\/\/schema.org","@graph":[{"@type":"WebPage","@id":"https:\/\/www.msds-europe.com\/fr\/etablissement-traduction-projet-etiquette-produits-cosmetiques\/","url":"https:\/\/www.msds-europe.com\/fr\/etablissement-traduction-projet-etiquette-produits-cosmetiques\/","name":"\u00c9tablissement, traduction du projet d'\u00e9tiquette pour les cosm\u00e9tiques, les produits cosm\u00e9tiques","isPartOf":{"@id":"https:\/\/www.msds-europe.com\/es\/#website"},"datePublished":"2018-06-22T07:13:15+00:00","dateModified":"2018-07-04T12:58:39+00:00","description":"\u00c9tablissement, traduction du projet d'\u00e9tiquette pour les produits cosm\u00e9tiques selon les r\u00e8glements pertinents. Traduction des projets d'\u00e9tiquette pour des produits cosm\u00e9tiques de et dans toutes les langues officielles de l'Union europ\u00e9enne.","breadcrumb":{"@id":"https:\/\/www.msds-europe.com\/fr\/etablissement-traduction-projet-etiquette-produits-cosmetiques\/#breadcrumb"},"inLanguage":"fr-FR","potentialAction":[{"@type":"ReadAction","target":["https:\/\/www.msds-europe.com\/fr\/etablissement-traduction-projet-etiquette-produits-cosmetiques\/"]}]},{"@type":"BreadcrumbList","@id":"https:\/\/www.msds-europe.com\/fr\/etablissement-traduction-projet-etiquette-produits-cosmetiques\/#breadcrumb","itemListElement":[{"@type":"ListItem","position":1,"name":"F\u0151oldal","item":"https:\/\/www.msds-europe.com\/fr\/"},{"@type":"ListItem","position":2,"name":"\u00c9tablissement, traduction du projet d&rsquo;\u00e9tiquette pour les produits cosm\u00e9tiques"}]},{"@type":"WebSite","@id":"https:\/\/www.msds-europe.com\/es\/#website","url":"https:\/\/www.msds-europe.com\/es\/","name":"MSDS Europe","description":"","publisher":{"@id":"https:\/\/www.msds-europe.com\/es\/#organization"},"potentialAction":[{"@type":"SearchAction","target":{"@type":"EntryPoint","urlTemplate":"https:\/\/www.msds-europe.com\/es\/?s={search_term_string}"},"query-input":{"@type":"PropertyValueSpecification","valueRequired":true,"valueName":"search_term_string"}}],"inLanguage":"fr-FR"},{"@type":"Organization","@id":"https:\/\/www.msds-europe.com\/es\/#organization","name":"MSDS-Europe International branch of ToxInfo","url":"https:\/\/www.msds-europe.com\/es\/","logo":{"@type":"ImageObject","inLanguage":"fr-FR","@id":"https:\/\/www.msds-europe.com\/es\/#\/schema\/logo\/image\/","url":"https:\/\/www.msds-europe.com\/wp-content\/uploads\/2021\/04\/msds-europe-logo.jpg","contentUrl":"https:\/\/www.msds-europe.com\/wp-content\/uploads\/2021\/04\/msds-europe-logo.jpg","width":2296,"height":1067,"caption":"MSDS-Europe International branch of ToxInfo"},"image":{"@id":"https:\/\/www.msds-europe.com\/es\/#\/schema\/logo\/image\/"},"sameAs":["https:\/\/www.facebook.com\/toxinfokft\/","https:\/\/x.com\/ToxInfoKft"]}]}},"_links":{"self":[{"href":"https:\/\/www.msds-europe.com\/fr\/wp-json\/wp\/v2\/pages\/5728","targetHints":{"allow":["GET"]}}],"collection":[{"href":"https:\/\/www.msds-europe.com\/fr\/wp-json\/wp\/v2\/pages"}],"about":[{"href":"https:\/\/www.msds-europe.com\/fr\/wp-json\/wp\/v2\/types\/page"}],"author":[{"embeddable":true,"href":"https:\/\/www.msds-europe.com\/fr\/wp-json\/wp\/v2\/users\/2"}],"replies":[{"embeddable":true,"href":"https:\/\/www.msds-europe.com\/fr\/wp-json\/wp\/v2\/comments?post=5728"}],"version-history":[{"count":4,"href":"https:\/\/www.msds-europe.com\/fr\/wp-json\/wp\/v2\/pages\/5728\/revisions"}],"predecessor-version":[{"id":7351,"href":"https:\/\/www.msds-europe.com\/fr\/wp-json\/wp\/v2\/pages\/5728\/revisions\/7351"}],"wp:attachment":[{"href":"https:\/\/www.msds-europe.com\/fr\/wp-json\/wp\/v2\/media?parent=5728"}],"wp:term":[{"taxonomy":"post_tag","embeddable":true,"href":"https:\/\/www.msds-europe.com\/fr\/wp-json\/wp\/v2\/tags?post=5728"}],"curies":[{"name":"wp","href":"https:\/\/api.w.org\/{rel}","templated":true}]}}