{"id":5727,"date":"2018-06-22T07:11:11","date_gmt":"2018-06-22T07:11:11","guid":{"rendered":"http:\/\/www.msds-europe.com\/l-etablissement-de-levaluation-de-la-securite-pour-les-cosmetiques\/"},"modified":"2023-02-13T12:29:42","modified_gmt":"2023-02-13T12:29:42","slug":"etablissement-evaluation-de-la-securite-pour-les-cosmetiques","status":"publish","type":"page","link":"https:\/\/www.msds-europe.com\/fr\/etablissement-evaluation-de-la-securite-pour-les-cosmetiques\/","title":{"rendered":"L&rsquo;\u00e9tablissement de l&rsquo;\u00c9valuation de la s\u00e9curit\u00e9 pour les cosm\u00e9tiques"},"content":{"rendered":"<p style=\"text-align: right;\"><em><a href=\"http:\/\/www.msds-europe.com\/fr\/services-produits-cosmetiques\/\">Services li\u00e9s aux produits cosm\u00e9tiques<\/a> \u2013\u00a0L&rsquo;\u00e9tablissement de l&rsquo;\u00c9valuation de la s\u00e9curit\u00e9 pour les cosm\u00e9tiques<\/em><\/p>\n<p>&nbsp;<\/p>\n<p style=\"text-align: justify;\">Lors de la cr\u00e9ation d&rsquo;une \u00e9valuation de la s\u00e9curit\u00e9, nous prenons en compte les orientations de l&rsquo;annexe I du <strong>r\u00e8glement (CE) n\u00b0 1223\/2009.<\/strong><\/p>\n<p style=\"text-align: right;\"><a href=\"https:\/\/www.msds-europe.com\/fr\/changements-reglementaires-securite-chimique\/\"><em>Observateur des changements r\u00e9glementaires<\/em><\/a><\/p>\n<p>&nbsp;<\/p>\n<h2 style=\"text-align: justify;\">L&rsquo;\u00e9tablissement de l&rsquo;\u00c9valuation de la s\u00e9curit\u00e9<\/h2>\n<p style=\"text-align: justify;\">Afin de d\u00e9montrer qu&rsquo;un produit cosm\u00e9tique est conforme \u00e0 la r\u00e9glementation, la personne responsable doit, avant de mettre un produit cosm\u00e9tique sur le march\u00e9, s&rsquo;assurer que le produit cosm\u00e9tique a fait l&rsquo;objet d&rsquo;une \u00e9valuation de la s\u00e9curit\u00e9 sur la base des informations pertinentes et que le rapport de s\u00e9curit\u00e9 du produit cosm\u00e9tique a \u00e9t\u00e9 mis en place.<\/p>\n<p style=\"text-align: justify;\">L&rsquo;\u00e9valuation de la s\u00e9curit\u00e9 ne peut \u00eatre effectu\u00e9e que par une personne qualifi\u00e9e, poss\u00e9dant l&rsquo;exp\u00e9rience professionnelle et les qualifications ad\u00e9quates sp\u00e9cifi\u00e9es par le r\u00e8glement.<\/p>\n<p>&nbsp;<\/p>\n<h2 style=\"text-align: justify;\">Informations requises<\/h2>\n<ul>\n<li style=\"text-align: justify;\">Les donn\u00e9es de l&rsquo;entreprise et les coordonn\u00e9es du fabricant et du distributeur.<\/li>\n<li style=\"text-align: justify;\">Formulation du produit.<\/li>\n<li style=\"text-align: justify;\">Les fiches de donn\u00e9es de s\u00e9curit\u00e9 des composants conformes au r\u00e8glement (<strong>UE) 2020\/878<\/strong>, la sp\u00e9cification et le certificat d&rsquo;analyse des composants, en s&rsquo;assurant qu&rsquo;ils r\u00e9pondent aux exigences sur les produits cosm\u00e9tiques.<br \/>\nLes valeurs LOAEL ou NOAEL relatives aux composants doivent \u00e9galement \u00eatre attach\u00e9es aux composants (celles-ci peuvent \u00eatre demand\u00e9es aupr\u00e8s du fournisseur des mat\u00e9riaux de base).<\/li>\n<li style=\"text-align: justify;\">Liste des parfums allerg\u00e9niques.<\/li>\n<li style=\"text-align: justify;\">Donn\u00e9es et sp\u00e9cifications pertinentes pour le produit fini (param\u00e8tres physiques, chimiques, puret\u00e9 microbiologique, etc.).<br \/>\nLa puret\u00e9 microbiologique doit \u00eatre justifi\u00e9e par des r\u00e9sultats d&rsquo;essais en laboratoire.<\/li>\n<li style=\"text-align: justify;\">Sp\u00e9cification des tailles de l&#8217;emballage, emballage et mat\u00e9riel d&#8217;emballage, certificat qu&rsquo;ils r\u00e9pondent aux exigences relatives \u00e0 l&#8217;emballage des produits cosm\u00e9tiques.<\/li>\n<li style=\"text-align: justify;\">Tests de stabilit\u00e9.<\/li>\n<li style=\"text-align: justify;\">Description de la m\u00e9thode de fabrication, certificats du site de fabrication (sur la conformit\u00e9 aux BPF).<\/li>\n<li style=\"text-align: justify;\">Guide utilisateur.<\/li>\n<li style=\"text-align: justify;\">L&rsquo;\u00e9tiquette du produit original dans la langue du pays o\u00f9 le produit a \u00e9t\u00e9 mis sur le march\u00e9 pour la premi\u00e8re fois.<\/li>\n<li style=\"text-align: justify;\">D\u00e9claration indiquant si des tests sur des animaux ont \u00e9t\u00e9 utilis\u00e9s.<\/li>\n<\/ul>\n<p style=\"text-align: justify;\"><em>La liste est indicative. Outre les informations ci-dessus, plus de donn\u00e9es peuvent \u00eatre n\u00e9cessaires selon le type \/ la nature du produit.<\/em><\/p>\n<p>&nbsp;<\/p>\n<h2 style=\"text-align: justify;\">L&rsquo;\u00e9valuation de la s\u00e9curit\u00e9 redig\u00e9e par notre soci\u00e9t\u00e9 peut \u00eatre utilis\u00e9e pour<\/h2>\n<ul>\n<li style=\"text-align: justify;\">\u00e9tiqueter le produit cosm\u00e9tique en utilisant les informations appropri\u00e9es<\/li>\n<li style=\"text-align: justify;\">informer les clients<\/li>\n<li style=\"text-align: justify;\">la notification PCNP du produit<\/li>\n<li style=\"text-align: justify;\">la transmission des informations requises par la r\u00e9glementation sur les cosm\u00e9tiques<\/li>\n<li style=\"text-align: justify;\">cr\u00e9er des conditions de travail s\u00fbres<\/li>\n<\/ul>\n<p>&nbsp;<\/p>\n<h2 style=\"text-align: justify;\">Assurance qualit\u00e9 dans le processus d&rsquo;\u00e9tablissement des \u00e9valuations de la s\u00e9curit\u00e9<\/h2>\n<p style=\"text-align: justify;\">Nous prenons en charge la pleine responsabilit\u00e9 professionnelle et financi\u00e8re concernant les \u00e9valuations de la s\u00e9curit\u00e9 \u00e9tablies par notre soci\u00e9t\u00e9 et tous autres services connexes.<\/p>\n<p style=\"text-align: justify;\">En cas de r\u00e9clamations \u00e9ventuelles, notre soci\u00e9t\u00e9 modifie le document.<br \/>\nNotre soci\u00e9t\u00e9 ne prend pas la responsabilit\u00e9 pour des probl\u00e8mes \/ pertes r\u00e9sultant de donn\u00e9es \/ informations insuffisamment ou non fournies.<\/p>\n<p>&nbsp;<\/p>\n<h2 style=\"text-align: justify;\">Des processus simples et rapides lors de notre service d&rsquo;\u00e9tablissement des \u00e9valuations de la s\u00e9curit\u00e9<\/h2>\n<p style=\"text-align: justify;\"><a href=\"mailto:info@msds-europe.com\">Nous r\u00e9pondrons aux demandes de devis envoy\u00e9es par e-mail<\/a> ou par formulaire en ligne en 24 heures.<br \/>\nEn compl\u00e9ment de notre devis, nous vous enverrons \u00e9galement notre formulaire de commande pour simplifier le processus de commande.<\/p>\n<p style=\"text-align: justify;\">Il vous suffit d&rsquo;envoyer le bon de commande rempli et de fournir les documents et les donn\u00e9es n\u00e9cessaires, que nous avons demand\u00e9s dans notre devis, et nous nous occupons de votre commande.<\/p>\n<p style=\"text-align: right;\"><a href=\"https:\/\/www.msds-europe.com\/fr\/demande-de-devis-produits-cosmetiques\/\"><em>Devis pour des services concernant des produits cosm\u00e9tiques<\/em><\/a><\/p>\n<p>&nbsp;<\/p>\n<h2 style=\"text-align: justify;\">Garantie<\/h2>\n<p style=\"text-align: justify;\">Nous prenons en charge la pleine responsabilit\u00e9 professionnelle et financi\u00e8re concernant les \u00e9valuations de la s\u00e9curit\u00e9 \u00e9tablies par notre soci\u00e9t\u00e9 et tous autres services connexes. Notre garantie financi\u00e8re comprend le remboursement de tous les dommages directs et indirects.<\/p>\n<p>&nbsp;<\/p>\n<h2 style=\"text-align: justify;\">Assistance apr\u00e8s l&rsquo;utilisation de nos services<\/h2>\n<p style=\"text-align: justify;\">Apr\u00e8s avoir utilis\u00e9 nos services, nos experts du service clients vous aideront \u00e9galement dans l&rsquo;interpr\u00e9tation et l&rsquo;utilisation de l&rsquo;\u00e9valuation de la s\u00e9curit\u00e9 \u00e9tablie et vous pourront aider dans la gestion de vos t\u00e2ches concernant la s\u00e9curit\u00e9 chimique.<\/p>\n<p style=\"text-align: right;\"><a href=\"https:\/\/www.msds-europe.com\/fr\/service-clients\/\"><em>Service clients<\/em><\/a><\/p>\n<p>&nbsp;<\/p>\n<h3 style=\"text-align: justify;\">Services connexes \u00e0 notre service d&rsquo;\u00e9tablissement de l&rsquo;\u00e9valuation de la s\u00e9curit\u00e9<\/h3>\n<ul>\n<li><a href=\"https:\/\/www.msds-europe.com\/fr\/service-notification-pcnp\/\">Service de notification PCNP<\/a><\/li>\n<li><a href=\"https:\/\/www.msds-europe.com\/fr\/elaboration-fiche-de-donnees-de-securite-pour-les-produits-cosmetiques\/\">\u00c9laboration de fiche de donn\u00e9es de s\u00e9curit\u00e9 pour les produits cosm\u00e9tiques<\/a><\/li>\n<\/ul>\n<p>&nbsp;<\/p>\n<h3 style=\"text-align: justify;\">Mat\u00e9riel professionnel int\u00e9ressant et utile li\u00e9 \u00e0 notre service d&rsquo;\u00e9tablissement des \u00e9valuations de la s\u00e9curit\u00e9<\/h3>\n<ul>\n<li><a href=\"https:\/\/www.msds-europe.com\/fr\/responsabilites-personne-responsable\/\">Les responsabilit\u00e9s de la personne responsable<\/a><\/li>\n<li><a href=\"https:\/\/www.msds-europe.com\/fr\/obligations-distributeurs-produits-cosmetiques\/\">Les obligations des distributeurs des produits cosm\u00e9tiques<\/a><\/li>\n<\/ul>\n<p>&nbsp;<\/p>\n","protected":false},"excerpt":{"rendered":"<p>\u00c9laboration d&rsquo;un service d&rsquo;\u00e9valuation de la s\u00e9curit\u00e9 pour les produits cosm\u00e9tiques conform\u00e9ment au r\u00e8glement (CE) n\u00b0 1223\/2009<\/p>\n","protected":false},"author":2,"featured_media":0,"parent":0,"menu_order":0,"comment_status":"closed","ping_status":"closed","template":"","meta":{"_acf_changed":false,"footnotes":""},"tags":[387,391],"class_list":["post-5727","page","type-page","status-publish","hentry","tag-cosmetiques","tag-services-lies-aux-produits-cosmetiques"],"acf":[],"yoast_head":"<!-- This site is optimized with the Yoast SEO plugin v27.2 - https:\/\/yoast.com\/product\/yoast-seo-wordpress\/ -->\n<title>L&#039;\u00e9tablissement de l&#039;\u00c9valuation de la s\u00e9curit\u00e9<\/title>\n<meta name=\"description\" content=\"La compilation de l&#039;\u00c9valuation de la s\u00e9curit\u00e9 pour les produits cosm\u00e9tiques avec r\u00e9f\u00e9rences internationales\" \/>\n<meta name=\"robots\" content=\"index, follow, max-snippet:-1, max-image-preview:large, max-video-preview:-1\" \/>\n<link rel=\"canonical\" href=\"https:\/\/www.msds-europe.com\/fr\/etablissement-evaluation-de-la-securite-pour-les-cosmetiques\/\" \/>\n<meta property=\"og:locale\" content=\"fr_FR\" \/>\n<meta property=\"og:type\" content=\"article\" \/>\n<meta property=\"og:title\" content=\"L&#039;\u00e9tablissement de l&#039;\u00c9valuation de la s\u00e9curit\u00e9\" \/>\n<meta property=\"og:description\" content=\"La compilation de l&#039;\u00c9valuation de la s\u00e9curit\u00e9 pour les produits cosm\u00e9tiques avec r\u00e9f\u00e9rences internationales\" \/>\n<meta property=\"og:url\" content=\"https:\/\/www.msds-europe.com\/fr\/etablissement-evaluation-de-la-securite-pour-les-cosmetiques\/\" \/>\n<meta property=\"og:site_name\" content=\"MSDS Europe\" \/>\n<meta property=\"article:publisher\" content=\"https:\/\/www.facebook.com\/toxinfokft\/\" \/>\n<meta property=\"article:modified_time\" content=\"2023-02-13T12:29:42+00:00\" \/>\n<meta name=\"twitter:card\" content=\"summary_large_image\" \/>\n<meta name=\"twitter:site\" content=\"@ToxInfoKft\" \/>\n<meta name=\"twitter:label1\" content=\"Dur\u00e9e de lecture estim\u00e9e\" \/>\n\t<meta name=\"twitter:data1\" content=\"3 minutes\" \/>\n<script type=\"application\/ld+json\" class=\"yoast-schema-graph\">{\"@context\":\"https:\/\/schema.org\",\"@graph\":[{\"@type\":\"WebPage\",\"@id\":\"https:\/\/www.msds-europe.com\/fr\/etablissement-evaluation-de-la-securite-pour-les-cosmetiques\/\",\"url\":\"https:\/\/www.msds-europe.com\/fr\/etablissement-evaluation-de-la-securite-pour-les-cosmetiques\/\",\"name\":\"L'\u00e9tablissement de l'\u00c9valuation de la s\u00e9curit\u00e9\",\"isPartOf\":{\"@id\":\"https:\/\/www.msds-europe.com\/es\/#website\"},\"datePublished\":\"2018-06-22T07:11:11+00:00\",\"dateModified\":\"2023-02-13T12:29:42+00:00\",\"description\":\"La compilation de l'\u00c9valuation de la s\u00e9curit\u00e9 pour les produits cosm\u00e9tiques avec r\u00e9f\u00e9rences internationales\",\"breadcrumb\":{\"@id\":\"https:\/\/www.msds-europe.com\/fr\/etablissement-evaluation-de-la-securite-pour-les-cosmetiques\/#breadcrumb\"},\"inLanguage\":\"fr-FR\",\"potentialAction\":[{\"@type\":\"ReadAction\",\"target\":[\"https:\/\/www.msds-europe.com\/fr\/etablissement-evaluation-de-la-securite-pour-les-cosmetiques\/\"]}]},{\"@type\":\"BreadcrumbList\",\"@id\":\"https:\/\/www.msds-europe.com\/fr\/etablissement-evaluation-de-la-securite-pour-les-cosmetiques\/#breadcrumb\",\"itemListElement\":[{\"@type\":\"ListItem\",\"position\":1,\"name\":\"F\u0151oldal\",\"item\":\"https:\/\/www.msds-europe.com\/fr\/\"},{\"@type\":\"ListItem\",\"position\":2,\"name\":\"L&#8217;\u00e9tablissement de l&#8217;\u00c9valuation de la s\u00e9curit\u00e9 pour les cosm\u00e9tiques\"}]},{\"@type\":\"WebSite\",\"@id\":\"https:\/\/www.msds-europe.com\/es\/#website\",\"url\":\"https:\/\/www.msds-europe.com\/es\/\",\"name\":\"MSDS Europe\",\"description\":\"\",\"publisher\":{\"@id\":\"https:\/\/www.msds-europe.com\/es\/#organization\"},\"potentialAction\":[{\"@type\":\"SearchAction\",\"target\":{\"@type\":\"EntryPoint\",\"urlTemplate\":\"https:\/\/www.msds-europe.com\/es\/?s={search_term_string}\"},\"query-input\":{\"@type\":\"PropertyValueSpecification\",\"valueRequired\":true,\"valueName\":\"search_term_string\"}}],\"inLanguage\":\"fr-FR\"},{\"@type\":\"Organization\",\"@id\":\"https:\/\/www.msds-europe.com\/es\/#organization\",\"name\":\"MSDS-Europe International branch of ToxInfo\",\"url\":\"https:\/\/www.msds-europe.com\/es\/\",\"logo\":{\"@type\":\"ImageObject\",\"inLanguage\":\"fr-FR\",\"@id\":\"https:\/\/www.msds-europe.com\/es\/#\/schema\/logo\/image\/\",\"url\":\"https:\/\/www.msds-europe.com\/wp-content\/uploads\/2021\/04\/msds-europe-logo.jpg\",\"contentUrl\":\"https:\/\/www.msds-europe.com\/wp-content\/uploads\/2021\/04\/msds-europe-logo.jpg\",\"width\":2296,\"height\":1067,\"caption\":\"MSDS-Europe International branch of ToxInfo\"},\"image\":{\"@id\":\"https:\/\/www.msds-europe.com\/es\/#\/schema\/logo\/image\/\"},\"sameAs\":[\"https:\/\/www.facebook.com\/toxinfokft\/\",\"https:\/\/x.com\/ToxInfoKft\"]}]}<\/script>\n<!-- \/ Yoast SEO plugin. -->","yoast_head_json":{"title":"L'\u00e9tablissement de l'\u00c9valuation de la s\u00e9curit\u00e9","description":"La compilation de l'\u00c9valuation de la s\u00e9curit\u00e9 pour les produits cosm\u00e9tiques avec r\u00e9f\u00e9rences internationales","robots":{"index":"index","follow":"follow","max-snippet":"max-snippet:-1","max-image-preview":"max-image-preview:large","max-video-preview":"max-video-preview:-1"},"canonical":"https:\/\/www.msds-europe.com\/fr\/etablissement-evaluation-de-la-securite-pour-les-cosmetiques\/","og_locale":"fr_FR","og_type":"article","og_title":"L'\u00e9tablissement de l'\u00c9valuation de la s\u00e9curit\u00e9","og_description":"La compilation de l'\u00c9valuation de la s\u00e9curit\u00e9 pour les produits cosm\u00e9tiques avec r\u00e9f\u00e9rences internationales","og_url":"https:\/\/www.msds-europe.com\/fr\/etablissement-evaluation-de-la-securite-pour-les-cosmetiques\/","og_site_name":"MSDS Europe","article_publisher":"https:\/\/www.facebook.com\/toxinfokft\/","article_modified_time":"2023-02-13T12:29:42+00:00","twitter_card":"summary_large_image","twitter_site":"@ToxInfoKft","twitter_misc":{"Dur\u00e9e de lecture estim\u00e9e":"3 minutes"},"schema":{"@context":"https:\/\/schema.org","@graph":[{"@type":"WebPage","@id":"https:\/\/www.msds-europe.com\/fr\/etablissement-evaluation-de-la-securite-pour-les-cosmetiques\/","url":"https:\/\/www.msds-europe.com\/fr\/etablissement-evaluation-de-la-securite-pour-les-cosmetiques\/","name":"L'\u00e9tablissement de l'\u00c9valuation de la s\u00e9curit\u00e9","isPartOf":{"@id":"https:\/\/www.msds-europe.com\/es\/#website"},"datePublished":"2018-06-22T07:11:11+00:00","dateModified":"2023-02-13T12:29:42+00:00","description":"La compilation de l'\u00c9valuation de la s\u00e9curit\u00e9 pour les produits cosm\u00e9tiques avec r\u00e9f\u00e9rences internationales","breadcrumb":{"@id":"https:\/\/www.msds-europe.com\/fr\/etablissement-evaluation-de-la-securite-pour-les-cosmetiques\/#breadcrumb"},"inLanguage":"fr-FR","potentialAction":[{"@type":"ReadAction","target":["https:\/\/www.msds-europe.com\/fr\/etablissement-evaluation-de-la-securite-pour-les-cosmetiques\/"]}]},{"@type":"BreadcrumbList","@id":"https:\/\/www.msds-europe.com\/fr\/etablissement-evaluation-de-la-securite-pour-les-cosmetiques\/#breadcrumb","itemListElement":[{"@type":"ListItem","position":1,"name":"F\u0151oldal","item":"https:\/\/www.msds-europe.com\/fr\/"},{"@type":"ListItem","position":2,"name":"L&#8217;\u00e9tablissement de l&#8217;\u00c9valuation de la s\u00e9curit\u00e9 pour les cosm\u00e9tiques"}]},{"@type":"WebSite","@id":"https:\/\/www.msds-europe.com\/es\/#website","url":"https:\/\/www.msds-europe.com\/es\/","name":"MSDS Europe","description":"","publisher":{"@id":"https:\/\/www.msds-europe.com\/es\/#organization"},"potentialAction":[{"@type":"SearchAction","target":{"@type":"EntryPoint","urlTemplate":"https:\/\/www.msds-europe.com\/es\/?s={search_term_string}"},"query-input":{"@type":"PropertyValueSpecification","valueRequired":true,"valueName":"search_term_string"}}],"inLanguage":"fr-FR"},{"@type":"Organization","@id":"https:\/\/www.msds-europe.com\/es\/#organization","name":"MSDS-Europe International branch of ToxInfo","url":"https:\/\/www.msds-europe.com\/es\/","logo":{"@type":"ImageObject","inLanguage":"fr-FR","@id":"https:\/\/www.msds-europe.com\/es\/#\/schema\/logo\/image\/","url":"https:\/\/www.msds-europe.com\/wp-content\/uploads\/2021\/04\/msds-europe-logo.jpg","contentUrl":"https:\/\/www.msds-europe.com\/wp-content\/uploads\/2021\/04\/msds-europe-logo.jpg","width":2296,"height":1067,"caption":"MSDS-Europe International branch of ToxInfo"},"image":{"@id":"https:\/\/www.msds-europe.com\/es\/#\/schema\/logo\/image\/"},"sameAs":["https:\/\/www.facebook.com\/toxinfokft\/","https:\/\/x.com\/ToxInfoKft"]}]}},"_links":{"self":[{"href":"https:\/\/www.msds-europe.com\/fr\/wp-json\/wp\/v2\/pages\/5727","targetHints":{"allow":["GET"]}}],"collection":[{"href":"https:\/\/www.msds-europe.com\/fr\/wp-json\/wp\/v2\/pages"}],"about":[{"href":"https:\/\/www.msds-europe.com\/fr\/wp-json\/wp\/v2\/types\/page"}],"author":[{"embeddable":true,"href":"https:\/\/www.msds-europe.com\/fr\/wp-json\/wp\/v2\/users\/2"}],"replies":[{"embeddable":true,"href":"https:\/\/www.msds-europe.com\/fr\/wp-json\/wp\/v2\/comments?post=5727"}],"version-history":[{"count":7,"href":"https:\/\/www.msds-europe.com\/fr\/wp-json\/wp\/v2\/pages\/5727\/revisions"}],"predecessor-version":[{"id":28104,"href":"https:\/\/www.msds-europe.com\/fr\/wp-json\/wp\/v2\/pages\/5727\/revisions\/28104"}],"wp:attachment":[{"href":"https:\/\/www.msds-europe.com\/fr\/wp-json\/wp\/v2\/media?parent=5727"}],"wp:term":[{"taxonomy":"post_tag","embeddable":true,"href":"https:\/\/www.msds-europe.com\/fr\/wp-json\/wp\/v2\/tags?post=5727"}],"curies":[{"name":"wp","href":"https:\/\/api.w.org\/{rel}","templated":true}]}}