{"id":5726,"date":"2018-06-22T06:40:54","date_gmt":"2018-06-22T06:40:54","guid":{"rendered":"http:\/\/www.msds-europe.com\/elaboration-de-fiche-de-donnees-de-securite-pour-les-produits-cosmetiques\/"},"modified":"2018-06-29T12:59:40","modified_gmt":"2018-06-29T12:59:40","slug":"elaboration-fiche-de-donnees-de-securite-pour-les-produits-cosmetiques","status":"publish","type":"page","link":"https:\/\/www.msds-europe.com\/fr\/elaboration-fiche-de-donnees-de-securite-pour-les-produits-cosmetiques\/","title":{"rendered":"\u00c9laboration de fiche de donn\u00e9es de s\u00e9curit\u00e9 pour les produits cosm\u00e9tiques"},"content":{"rendered":"<p style=\"text-align: right;\"><em><a href=\"http:\/\/www.msds-europe.com\/fr\/services-produits-cosmetiques\/\">Services li\u00e9s aux produits cosm\u00e9tiques<\/a>\u00a0\u2013\u00a0L&rsquo; \u00e9tablissement de la FDS pour les cosm\u00e9tiques<\/em><\/p>\n<p>&nbsp;<\/p>\n<p style=\"text-align: justify;\">Dans de nombreux cas, nos clients nous ont contact\u00e9s pour nous demander de cr\u00e9er une fiche de donn\u00e9es de s\u00e9curit\u00e9 pour leurs produits cosm\u00e9tiques.<\/p>\n<p style=\"text-align: justify;\">Bien s\u00fbr, nos clients \u00e9taient \u00e9galement conscients &#8211; et nous avons \u00e9galement attir\u00e9 leur attention &#8211; sur le fait que pour les produits cosm\u00e9tiques, les directives relatives \u00e0 la s\u00e9curit\u00e9 chimique ne s&rsquo;appliquent pas.<\/p>\n<p style=\"text-align: justify;\">Il n&rsquo;existe aucune obligation l\u00e9gale concernant les produits cosm\u00e9tiques qui impose des obligations aux acteurs du march\u00e9 en ce qui concerne l&rsquo;existence, le transfert ou la cr\u00e9ation d&rsquo;une fiche de donn\u00e9es de s\u00e9curit\u00e9.<\/p>\n<p>&nbsp;<\/p>\n<h2 style=\"text-align: justify;\">La fiche de donn\u00e9es de s\u00e9curit\u00e9 pour les produits cosm\u00e9tiques est recommand\u00e9e pour les consid\u00e9rations suivantes<\/h2>\n<p style=\"text-align: justify;\">Pendant la production, le stockage, l&#8217;emballage ou le transport des produits cosm\u00e9tiques, des risques potentiels peuvent survenir chez les employ\u00e9s. Une fiche de donn\u00e9es de s\u00e9curit\u00e9 peut \u00eatre un excellent \u00aboutil\u00bb pour transf\u00e9rer les informations requises pour un travail en toute s\u00e9curit\u00e9.<\/p>\n<p style=\"text-align: justify;\">Lors de la pr\u00e9paration d&rsquo;une fiche de donn\u00e9es de s\u00e9curit\u00e9 pour un produit cosm\u00e9tique, celui-ci est trait\u00e9 de la m\u00eame mani\u00e8re que tout autre m\u00e9lange.<\/p>\n<p style=\"text-align: justify;\">Nous respectons les exigences de contenu et de format et de la <a href=\"http:\/\/www.msds-europe.com\/fr\/changements-reglementaires-securite-chimique\/\">l\u00e9gislation pertinente<\/a> en mati\u00e8re de fiches de donn\u00e9es de s\u00e9curit\u00e9.<\/p>\n<p>&nbsp;<\/p>\n<h2 style=\"text-align: justify;\">Plus d&rsquo;informations sur nos services li\u00e9s \u00e0 l&rsquo;\u00e9tablissement des fiches de donn\u00e9es de s\u00e9curit\u00e9<\/h2>\n<p style=\"text-align: justify;\">Les descriptions du service que vous pouvez trouver dans la cat\u00e9gorie \u00ab<a href=\"http:\/\/www.msds-europe.com\/fr\/fiche-de-donnees-de-securite-etablissement-elaboration\/\">Services de fiches de donn\u00e9es de s\u00e9curit\u00e9<\/a>\u00bb s&rsquo;appliquent \u00e9galement aux proc\u00e9dures utilis\u00e9es pour les produits cosm\u00e9tiques.<\/p>\n<p style=\"text-align: justify;\">Dans chaque cas, nous indiquons sur la fiche de donn\u00e9es de s\u00e9curit\u00e9 que, dans le cas du produit actuel, il n&rsquo;est pas obligatoire de fournir une fiche de donn\u00e9es de s\u00e9curit\u00e9 pour le consommateur. De plus, les donn\u00e9es publi\u00e9es servent uniquement \u00e0 titre informatif.<\/p>\n<p>&nbsp;<\/p>\n<h2 style=\"text-align: justify;\">Demande de devis pour l&rsquo;\u00e9laboration des fiches de donn\u00e9es de s\u00e9curit\u00e9<\/h2>\n<p style=\"text-align: justify;\"><a href=\"mailto:info@msds-europe.com\">Nous r\u00e9pondrons aux demandes de devis envoy\u00e9es par e-mail<\/a> ou par<a href=\"http:\/\/www.msds-europe.com\/fr\/demande-de-devis-produits-cosmetiques\/\"> formulaire en ligne<\/a> en 24 heures.<br \/>\nNotre <a href=\"http:\/\/www.msds-europe.com\/fr\/service-clients\/\">service clients<\/a> vous aidera \u00e0 choisir le bon service.<\/p>\n<p>&nbsp;<\/p>\n<h3 style=\"text-align: justify;\"><span style=\"color: #333333;\">Services connexes \u00e0 notre service d&rsquo;\u00e9laboration d&rsquo;une fiche de donn\u00e9es de s\u00e9curit\u00e9<\/span><\/h3>\n<ul>\n<li><a title=\"\u00c9tablissement, traduction du projet d\u2019\u00e9tiquette pour les produits cosm\u00e9tiques\" href=\"http:\/\/www.msds-europe.com\/fr\/etablissement-traduction-projet-etiquette-produits-cosmetiques\/\">\u00c9tablissement, traduction du projet d\u2019\u00e9tiquette pour les produits cosm\u00e9tiques<\/a><\/li>\n<li><a title=\"Service de notification PCNP\" href=\"http:\/\/www.msds-europe.com\/fr\/service-notification-pcnp\/\">Service de notification PCNP<\/a><\/li>\n<\/ul>\n<p>&nbsp;<\/p>\n","protected":false},"excerpt":{"rendered":"<p>Notre service d&rsquo;\u00e9laboration d&rsquo;une fiche de donn\u00e9es de s\u00e9curit\u00e9 est optionnel dans le cas des produits cosm\u00e9tiques. Il n&rsquo;est pas obligatoire de cr\u00e9er une fiche de donn\u00e9es de s\u00e9curit\u00e9 pour les produits cosm\u00e9tiques, mais dans de nombreux cas, il peut s&rsquo;agir d&rsquo;un moyen de communication appropri\u00e9, concernant la s\u00e9curit\u00e9 sur le lieu de travail.<\/p>\n","protected":false},"author":2,"featured_media":0,"parent":0,"menu_order":0,"comment_status":"closed","ping_status":"closed","template":"","meta":{"_acf_changed":false,"footnotes":""},"tags":[387,385,391],"class_list":["post-5726","page","type-page","status-publish","hentry","tag-cosmetiques","tag-fiche-de-donnees-de-securite","tag-services-lies-aux-produits-cosmetiques"],"acf":[],"yoast_head":"<!-- This site is optimized with the Yoast SEO plugin v27.2 - https:\/\/yoast.com\/product\/yoast-seo-wordpress\/ -->\n<title>\u00c9laboration de fiche de donn\u00e9es de s\u00e9curit\u00e9 pour les produits cosm\u00e9tiques<\/title>\n<meta name=\"description\" content=\"Notre service d&#039;\u00e9laboration d&#039;une fiche de donn\u00e9es de s\u00e9curit\u00e9 pour les produits cosm\u00e9tiques est un service optionnel. Il n&#039;y a pas d&#039;obligation concernant l&#039;\u00e9tablissement d&#039;une fiche de donn\u00e9es de s\u00e9curit\u00e9 concernant les produits cosm\u00e9tiques, mais dans certains cas, cela peut \u00eatre un document utile.\" \/>\n<meta name=\"robots\" content=\"index, follow, max-snippet:-1, max-image-preview:large, max-video-preview:-1\" \/>\n<link rel=\"canonical\" href=\"https:\/\/www.msds-europe.com\/fr\/elaboration-fiche-de-donnees-de-securite-pour-les-produits-cosmetiques\/\" \/>\n<meta property=\"og:locale\" content=\"fr_FR\" \/>\n<meta property=\"og:type\" content=\"article\" \/>\n<meta property=\"og:title\" content=\"\u00c9laboration de fiche de donn\u00e9es de s\u00e9curit\u00e9 pour les produits cosm\u00e9tiques\" \/>\n<meta property=\"og:description\" content=\"Notre service d&#039;\u00e9laboration d&#039;une fiche de donn\u00e9es de s\u00e9curit\u00e9 pour les produits cosm\u00e9tiques est un service optionnel. Il n&#039;y a pas d&#039;obligation concernant l&#039;\u00e9tablissement d&#039;une fiche de donn\u00e9es de s\u00e9curit\u00e9 concernant les produits cosm\u00e9tiques, mais dans certains cas, cela peut \u00eatre un document utile.\" \/>\n<meta property=\"og:url\" content=\"https:\/\/www.msds-europe.com\/fr\/elaboration-fiche-de-donnees-de-securite-pour-les-produits-cosmetiques\/\" \/>\n<meta property=\"og:site_name\" content=\"MSDS Europe\" \/>\n<meta property=\"article:publisher\" content=\"https:\/\/www.facebook.com\/toxinfokft\/\" \/>\n<meta property=\"article:modified_time\" content=\"2018-06-29T12:59:40+00:00\" \/>\n<meta name=\"twitter:card\" content=\"summary_large_image\" \/>\n<meta name=\"twitter:site\" content=\"@ToxInfoKft\" \/>\n<meta name=\"twitter:label1\" content=\"Dur\u00e9e de lecture estim\u00e9e\" \/>\n\t<meta name=\"twitter:data1\" content=\"2 minutes\" \/>\n<script type=\"application\/ld+json\" class=\"yoast-schema-graph\">{\"@context\":\"https:\/\/schema.org\",\"@graph\":[{\"@type\":\"WebPage\",\"@id\":\"https:\/\/www.msds-europe.com\/fr\/elaboration-fiche-de-donnees-de-securite-pour-les-produits-cosmetiques\/\",\"url\":\"https:\/\/www.msds-europe.com\/fr\/elaboration-fiche-de-donnees-de-securite-pour-les-produits-cosmetiques\/\",\"name\":\"\u00c9laboration de fiche de donn\u00e9es de s\u00e9curit\u00e9 pour les produits cosm\u00e9tiques\",\"isPartOf\":{\"@id\":\"https:\/\/www.msds-europe.com\/es\/#website\"},\"datePublished\":\"2018-06-22T06:40:54+00:00\",\"dateModified\":\"2018-06-29T12:59:40+00:00\",\"description\":\"Notre service d'\u00e9laboration d'une fiche de donn\u00e9es de s\u00e9curit\u00e9 pour les produits cosm\u00e9tiques est un service optionnel. Il n'y a pas d'obligation concernant l'\u00e9tablissement d'une fiche de donn\u00e9es de s\u00e9curit\u00e9 concernant les produits cosm\u00e9tiques, mais dans certains cas, cela peut \u00eatre un document utile.\",\"breadcrumb\":{\"@id\":\"https:\/\/www.msds-europe.com\/fr\/elaboration-fiche-de-donnees-de-securite-pour-les-produits-cosmetiques\/#breadcrumb\"},\"inLanguage\":\"fr-FR\",\"potentialAction\":[{\"@type\":\"ReadAction\",\"target\":[\"https:\/\/www.msds-europe.com\/fr\/elaboration-fiche-de-donnees-de-securite-pour-les-produits-cosmetiques\/\"]}]},{\"@type\":\"BreadcrumbList\",\"@id\":\"https:\/\/www.msds-europe.com\/fr\/elaboration-fiche-de-donnees-de-securite-pour-les-produits-cosmetiques\/#breadcrumb\",\"itemListElement\":[{\"@type\":\"ListItem\",\"position\":1,\"name\":\"F\u0151oldal\",\"item\":\"https:\/\/www.msds-europe.com\/fr\/\"},{\"@type\":\"ListItem\",\"position\":2,\"name\":\"\u00c9laboration de fiche de donn\u00e9es de s\u00e9curit\u00e9 pour les produits cosm\u00e9tiques\"}]},{\"@type\":\"WebSite\",\"@id\":\"https:\/\/www.msds-europe.com\/es\/#website\",\"url\":\"https:\/\/www.msds-europe.com\/es\/\",\"name\":\"MSDS Europe\",\"description\":\"\",\"publisher\":{\"@id\":\"https:\/\/www.msds-europe.com\/es\/#organization\"},\"potentialAction\":[{\"@type\":\"SearchAction\",\"target\":{\"@type\":\"EntryPoint\",\"urlTemplate\":\"https:\/\/www.msds-europe.com\/es\/?s={search_term_string}\"},\"query-input\":{\"@type\":\"PropertyValueSpecification\",\"valueRequired\":true,\"valueName\":\"search_term_string\"}}],\"inLanguage\":\"fr-FR\"},{\"@type\":\"Organization\",\"@id\":\"https:\/\/www.msds-europe.com\/es\/#organization\",\"name\":\"MSDS-Europe International branch of ToxInfo\",\"url\":\"https:\/\/www.msds-europe.com\/es\/\",\"logo\":{\"@type\":\"ImageObject\",\"inLanguage\":\"fr-FR\",\"@id\":\"https:\/\/www.msds-europe.com\/es\/#\/schema\/logo\/image\/\",\"url\":\"https:\/\/www.msds-europe.com\/wp-content\/uploads\/2021\/04\/msds-europe-logo.jpg\",\"contentUrl\":\"https:\/\/www.msds-europe.com\/wp-content\/uploads\/2021\/04\/msds-europe-logo.jpg\",\"width\":2296,\"height\":1067,\"caption\":\"MSDS-Europe International branch of ToxInfo\"},\"image\":{\"@id\":\"https:\/\/www.msds-europe.com\/es\/#\/schema\/logo\/image\/\"},\"sameAs\":[\"https:\/\/www.facebook.com\/toxinfokft\/\",\"https:\/\/x.com\/ToxInfoKft\"]}]}<\/script>\n<!-- \/ Yoast SEO plugin. -->","yoast_head_json":{"title":"\u00c9laboration de fiche de donn\u00e9es de s\u00e9curit\u00e9 pour les produits cosm\u00e9tiques","description":"Notre service d'\u00e9laboration d'une fiche de donn\u00e9es de s\u00e9curit\u00e9 pour les produits cosm\u00e9tiques est un service optionnel. Il n'y a pas d'obligation concernant l'\u00e9tablissement d'une fiche de donn\u00e9es de s\u00e9curit\u00e9 concernant les produits cosm\u00e9tiques, mais dans certains cas, cela peut \u00eatre un document utile.","robots":{"index":"index","follow":"follow","max-snippet":"max-snippet:-1","max-image-preview":"max-image-preview:large","max-video-preview":"max-video-preview:-1"},"canonical":"https:\/\/www.msds-europe.com\/fr\/elaboration-fiche-de-donnees-de-securite-pour-les-produits-cosmetiques\/","og_locale":"fr_FR","og_type":"article","og_title":"\u00c9laboration de fiche de donn\u00e9es de s\u00e9curit\u00e9 pour les produits cosm\u00e9tiques","og_description":"Notre service d'\u00e9laboration d'une fiche de donn\u00e9es de s\u00e9curit\u00e9 pour les produits cosm\u00e9tiques est un service optionnel. Il n'y a pas d'obligation concernant l'\u00e9tablissement d'une fiche de donn\u00e9es de s\u00e9curit\u00e9 concernant les produits cosm\u00e9tiques, mais dans certains cas, cela peut \u00eatre un document utile.","og_url":"https:\/\/www.msds-europe.com\/fr\/elaboration-fiche-de-donnees-de-securite-pour-les-produits-cosmetiques\/","og_site_name":"MSDS Europe","article_publisher":"https:\/\/www.facebook.com\/toxinfokft\/","article_modified_time":"2018-06-29T12:59:40+00:00","twitter_card":"summary_large_image","twitter_site":"@ToxInfoKft","twitter_misc":{"Dur\u00e9e de lecture estim\u00e9e":"2 minutes"},"schema":{"@context":"https:\/\/schema.org","@graph":[{"@type":"WebPage","@id":"https:\/\/www.msds-europe.com\/fr\/elaboration-fiche-de-donnees-de-securite-pour-les-produits-cosmetiques\/","url":"https:\/\/www.msds-europe.com\/fr\/elaboration-fiche-de-donnees-de-securite-pour-les-produits-cosmetiques\/","name":"\u00c9laboration de fiche de donn\u00e9es de s\u00e9curit\u00e9 pour les produits cosm\u00e9tiques","isPartOf":{"@id":"https:\/\/www.msds-europe.com\/es\/#website"},"datePublished":"2018-06-22T06:40:54+00:00","dateModified":"2018-06-29T12:59:40+00:00","description":"Notre service d'\u00e9laboration d'une fiche de donn\u00e9es de s\u00e9curit\u00e9 pour les produits cosm\u00e9tiques est un service optionnel. Il n'y a pas d'obligation concernant l'\u00e9tablissement d'une fiche de donn\u00e9es de s\u00e9curit\u00e9 concernant les produits cosm\u00e9tiques, mais dans certains cas, cela peut \u00eatre un document utile.","breadcrumb":{"@id":"https:\/\/www.msds-europe.com\/fr\/elaboration-fiche-de-donnees-de-securite-pour-les-produits-cosmetiques\/#breadcrumb"},"inLanguage":"fr-FR","potentialAction":[{"@type":"ReadAction","target":["https:\/\/www.msds-europe.com\/fr\/elaboration-fiche-de-donnees-de-securite-pour-les-produits-cosmetiques\/"]}]},{"@type":"BreadcrumbList","@id":"https:\/\/www.msds-europe.com\/fr\/elaboration-fiche-de-donnees-de-securite-pour-les-produits-cosmetiques\/#breadcrumb","itemListElement":[{"@type":"ListItem","position":1,"name":"F\u0151oldal","item":"https:\/\/www.msds-europe.com\/fr\/"},{"@type":"ListItem","position":2,"name":"\u00c9laboration de fiche de donn\u00e9es de s\u00e9curit\u00e9 pour les produits cosm\u00e9tiques"}]},{"@type":"WebSite","@id":"https:\/\/www.msds-europe.com\/es\/#website","url":"https:\/\/www.msds-europe.com\/es\/","name":"MSDS Europe","description":"","publisher":{"@id":"https:\/\/www.msds-europe.com\/es\/#organization"},"potentialAction":[{"@type":"SearchAction","target":{"@type":"EntryPoint","urlTemplate":"https:\/\/www.msds-europe.com\/es\/?s={search_term_string}"},"query-input":{"@type":"PropertyValueSpecification","valueRequired":true,"valueName":"search_term_string"}}],"inLanguage":"fr-FR"},{"@type":"Organization","@id":"https:\/\/www.msds-europe.com\/es\/#organization","name":"MSDS-Europe International branch of ToxInfo","url":"https:\/\/www.msds-europe.com\/es\/","logo":{"@type":"ImageObject","inLanguage":"fr-FR","@id":"https:\/\/www.msds-europe.com\/es\/#\/schema\/logo\/image\/","url":"https:\/\/www.msds-europe.com\/wp-content\/uploads\/2021\/04\/msds-europe-logo.jpg","contentUrl":"https:\/\/www.msds-europe.com\/wp-content\/uploads\/2021\/04\/msds-europe-logo.jpg","width":2296,"height":1067,"caption":"MSDS-Europe International branch of ToxInfo"},"image":{"@id":"https:\/\/www.msds-europe.com\/es\/#\/schema\/logo\/image\/"},"sameAs":["https:\/\/www.facebook.com\/toxinfokft\/","https:\/\/x.com\/ToxInfoKft"]}]}},"_links":{"self":[{"href":"https:\/\/www.msds-europe.com\/fr\/wp-json\/wp\/v2\/pages\/5726","targetHints":{"allow":["GET"]}}],"collection":[{"href":"https:\/\/www.msds-europe.com\/fr\/wp-json\/wp\/v2\/pages"}],"about":[{"href":"https:\/\/www.msds-europe.com\/fr\/wp-json\/wp\/v2\/types\/page"}],"author":[{"embeddable":true,"href":"https:\/\/www.msds-europe.com\/fr\/wp-json\/wp\/v2\/users\/2"}],"replies":[{"embeddable":true,"href":"https:\/\/www.msds-europe.com\/fr\/wp-json\/wp\/v2\/comments?post=5726"}],"version-history":[{"count":4,"href":"https:\/\/www.msds-europe.com\/fr\/wp-json\/wp\/v2\/pages\/5726\/revisions"}],"predecessor-version":[{"id":6772,"href":"https:\/\/www.msds-europe.com\/fr\/wp-json\/wp\/v2\/pages\/5726\/revisions\/6772"}],"wp:attachment":[{"href":"https:\/\/www.msds-europe.com\/fr\/wp-json\/wp\/v2\/media?parent=5726"}],"wp:term":[{"taxonomy":"post_tag","embeddable":true,"href":"https:\/\/www.msds-europe.com\/fr\/wp-json\/wp\/v2\/tags?post=5726"}],"curies":[{"name":"wp","href":"https:\/\/api.w.org\/{rel}","templated":true}]}}