{"id":5701,"date":"2018-06-22T04:59:47","date_gmt":"2018-06-22T04:59:47","guid":{"rendered":"http:\/\/www.msds-europe.com\/etablissement-du-projet-detiquette\/"},"modified":"2026-03-04T12:57:58","modified_gmt":"2026-03-04T12:57:58","slug":"etablissement-projet-etiquette","status":"publish","type":"page","link":"https:\/\/www.msds-europe.com\/fr\/etablissement-projet-etiquette\/","title":{"rendered":"\u00c9tablissement du projet d&rsquo;\u00e9tiquette"},"content":{"rendered":"<p style=\"text-align: right;\"><em><a href=\"https:\/\/www.msds-europe.com\/fr\/\">MSDS-Europe<\/a> \u2013 <strong>\u00c9tablissement d\u2019un projet d\u2019\u00e9tiquette<\/strong><\/em><\/p>\n<p>&nbsp;<\/p>\n<p style=\"text-align: justify;\">Dans le cas des m\u00e9langes mis sur le march\u00e9 apr\u00e8s le 1er juin 2015, l\u2019\u00e9tiquetage doit \u00eatre effectu\u00e9 conform\u00e9ment au r\u00e8glement <a href=\"https:\/\/www.msds-europe.com\/fr\/changements-reglementaires-securite-chimique\/#reglement-1272-2008\">(CE) n<sup>o<\/sup> 1272\/2008<\/a> (CLP) et en tenant compte des autres exigences particuli\u00e8res applicables aux produits.<\/p>\n<p>&nbsp;<\/p>\n<h3 style=\"text-align: justify;\"><span style=\"color: #333333;\">Le fournisseur du produit a une obligation d\u2019\u00e9tiquetage si<\/span><\/h3>\n<ul>\n<li style=\"text-align: justify;\">la substance ou le m\u00e9lange est class\u00e9 comme dangereux conform\u00e9ment au r\u00e8glement CLP<\/li>\n<li style=\"text-align: justify;\">il s\u2019agit d\u2019un article explosif<\/li>\n<li style=\"text-align: justify;\">il s\u2019agit d\u2019un m\u00e9lange non dangereux contenant une ou plusieurs substances class\u00e9es comme dangereuses au-dessus des concentrations vis\u00e9es \u00e0 la partie 2 de l\u2019annexe II du r\u00e8glement CLP<\/li>\n<\/ul>\n<p style=\"text-align: justify;\">En cas <a href=\"https:\/\/www.msds-europe.com\/fr\/etiquette-numerique-clp-ue-qr-code\/\">d\u2019obligation d\u2019\u00e9tiquetage<\/a>, nous \u00e9tablissons des projets d\u2019\u00e9tiquettes pour des produits chimiques conform\u00e9ment au <strong><a href=\"https:\/\/www.msds-europe.com\/fr\/changements-reglementaires-securite-chimique\/\">r\u00e8glement<\/a> (CE) n<sup>o<\/sup> 1272\/2008.<\/strong><\/p>\n<p>&nbsp;<\/p>\n<h2 style=\"text-align: justify;\">Le contenu du service d\u2019\u00e9tablissement d\u2019un projet d\u2019\u00e9tiquette<\/h2>\n<p style=\"text-align: justify;\"><a href=\"https:\/\/www.msds-europe.com\/fr\/clp-publicite-en-ligne-2028\/\">D\u00e9termination des \u00e9l\u00e9ments d\u2019\u00e9tiquetage du produit<\/a> en fonction des exigences de s\u00e9curit\u00e9 chimique et de la r\u00e9glementation applicable, sur la base de la fiche de donn\u00e9es de s\u00e9curit\u00e9 fournie par le client.<\/p>\n<p>&nbsp;<\/p>\n<h3 style=\"text-align: justify;\">Documents et donn\u00e9es n\u00e9cessaires \u00e0 l\u2019\u00e9tablissement d\u2019un projet d\u2019\u00e9tiquette<\/h3>\n<p style=\"text-align: justify;\">Nous d\u00e9finissons les \u00e9l\u00e9ments d\u2019\u00e9tiquetage conform\u00e9ment \u00e0 la fiche de donn\u00e9es de s\u00e9curit\u00e9, en <a href=\"https:\/\/www.msds-europe.com\/fr\/2026-calendrier-conformite-chimique\/\">tenant compte des l\u00e9gislations pertinentes<\/a>.<\/p>\n<p style=\"text-align: justify;\">Nous pouvons \u00e9galement assister nos clients dans la r\u00e9vision ou l\u2019<a href=\"https:\/\/www.msds-europe.com\/fr\/fiche-de-donnees-de-securite-etablissement-elaboration\/\">\u00e9laboration de la fiche de donn\u00e9es de s\u00e9curit\u00e9<\/a>, qui est essentielle pour la pr\u00e9paration d\u2019un projet d\u2019\u00e9tiquette.<\/p>\n<p>&nbsp;<\/p>\n<h2 style=\"text-align: justify;\">La traduction d\u2019un projet d\u2019\u00e9tiquette<\/h2>\n<p style=\"text-align: justify;\">Traduction des projets d\u2019\u00e9tiquettes dans <strong>les langues suivantes<\/strong> :<\/p>\n<p style=\"text-align: justify;\"><em><strong>Anglais, bulgare, tch\u00e8que, danois, estonien, finnois, fran\u00e7ais, grec, n\u00e9erlandais, croate, polonais, letton, lituanien, hongrois, allemand, italien, portugais, roumain, espagnol, su\u00e9dois, slovaque, slov\u00e8ne<\/strong>.<\/em><\/p>\n<p>&nbsp;<\/p>\n<h3 style=\"text-align: justify;\">Assurance qualit\u00e9 dans le processus d\u2019\u00e9laboration d\u2019un projet d\u2019\u00e9tiquette<\/h3>\n<p style=\"text-align: justify;\">Lors de l\u2019\u00e9tablissement du projet d\u2019\u00e9tiquette, nos sp\u00e9cialistes v\u00e9rifient \u00e9galement la fiche de donn\u00e9es de s\u00e9curit\u00e9 utilis\u00e9e comme base, en accordant une <a href=\"https:\/\/www.msds-europe.com\/fr\/clp-2026-05-01-nouvelles-classes-danger-melanges-fds-etiquetage\/\">attention particuli\u00e8re \u00e0 la classification des dangers ainsi<\/a> qu\u2019aux <a href=\"https:\/\/www.msds-europe.com\/fr\/mentions-de-danger-h\/\">mentions de danger<\/a>\u00a0et aux <a href=\"https:\/\/www.msds-europe.com\/fr\/conseils-de-prudence-p\/\">conseils de prudence<\/a>.<\/p>\n<p style=\"text-align: justify;\">La v\u00e9rification rigoureuse des documents sources et des donn\u00e9es re\u00e7ues garantit l\u2019exactitude des projets d\u2019\u00e9tiquettes fournis dans le cadre de notre service.<\/p>\n<p>&nbsp;<\/p>\n<h3 style=\"text-align: justify;\">Service facile \u00e0 utiliser<\/h3>\n<p style=\"text-align: justify;\">Nous r\u00e9pondrons aux demandes de devis envoy\u00e9es par e-mail en 24 heures.<br \/>\nEn compl\u00e9ment de notre devis, nous vous enverrons \u00e9galement notre formulaire de commande pour simplifier le processus de commande.<\/p>\n<p style=\"text-align: justify;\">Si vous disposez d\u00e9j\u00e0 d\u2019une fiche de donn\u00e9es de s\u00e9curit\u00e9 conforme \u00e0 la r\u00e9glementation en vigueur, veuillez \u00e9galement nous envoyer la fiche de donn\u00e9es de s\u00e9curit\u00e9 avec le bon de commande rempli.<\/p>\n<p style=\"text-align: justify;\">Lorsque vous utilisez l\u2019un de nos services li\u00e9s aux fiches de donn\u00e9es de s\u00e9curit\u00e9, vous pouvez \u00e9galement demander un projet d\u2019\u00e9tiquette en tant que service compl\u00e9mentaire. Dans ce cas, l\u2019administration est plus rapide, car vous n\u2019avez pas besoin de renvoyer la fiche de donn\u00e9es de s\u00e9curit\u00e9 d\u2019origine\u00a0: nous vous fournirons le projet d\u2019\u00e9tiquette en m\u00eame temps que la fiche de donn\u00e9es de s\u00e9curit\u00e9.<\/p>\n<p style=\"text-align: right;\"><a href=\"https:\/\/www.msds-europe.com\/fr\/service-clients\/\" class=\"su-button su-button-style-default\" style=\"color:#060606;background-color:#ffffff;border-color:#cccccc;border-radius:5px\" target=\"_self\"><span style=\"color:#060606;padding:0px 16px;font-size:13px;line-height:26px;border-color:#ffffff;border-radius:5px;text-shadow:none\"> Service clients<\/span><\/a>\n<h3 style=\"text-align: justify;\">Garantie<\/h3>\n<p style=\"text-align: justify;\">Nous assumons l\u2019enti\u00e8re responsabilit\u00e9 professionnelle et financi\u00e8re des projets d\u2019\u00e9tiquette pr\u00e9par\u00e9s par notre soci\u00e9t\u00e9. Notre garantie financi\u00e8re comprend l\u2019indemnisation de tous les dommages directs et indirects. Notre service clients commencera \u00e0 examiner les demandes dans les 24 heures.<\/p>\n<p>&nbsp;<\/p>\n<h3 style=\"text-align: justify;\">Assistance professionnelle apr\u00e8s l\u2019utilisation de nos services<\/h3>\n<p style=\"text-align: justify;\">Apr\u00e8s avoir utilis\u00e9 nos services, les experts de notre service clients vous aideront \u00e9galement dans l\u2019interpr\u00e9tation et l\u2019utilisation du projet d\u2019\u00e9tiquette \u00e9tabli, et pourront vous accompagner dans la gestion de vos obligations en mati\u00e8re de s\u00e9curit\u00e9 chimique.<\/p>\n<p>&nbsp;<\/p>\n<h4 style=\"text-align: justify;\"><span style=\"color: #333333;\">Services li\u00e9s \u00e0 notre service d\u2019\u00e9tablissement d\u2019un projet d\u2019\u00e9tiquette<\/span><\/h4>\n<ul>\n<li style=\"text-align: justify;\"><a href=\"https:\/\/www.msds-europe.com\/fr\/fds-revision-mise-a-jour\/\">R\u00e9vision et mise \u00e0 jour de fiches de donn\u00e9es de s\u00e9curit\u00e9<\/a> : pour vous assurer que vos fiches de donn\u00e9es de s\u00e9curit\u00e9 sont conformes \u00e0 la r\u00e9glementation en vigueur.<\/li>\n<li style=\"text-align: justify;\">Services li\u00e9s \u00e0 la <a href=\"https:\/\/www.msds-europe.com\/fr\/traduction-fiches-de-donnees-de-securite\/\">traduction de fiches de donn\u00e9es de s\u00e9curit\u00e9<\/a>. Traduction dans toutes les langues officielles de l\u2019UE.<\/li>\n<li style=\"text-align: justify;\">Notre <a href=\"https:\/\/www.msds-europe.com\/fr\/fiche-de-donnees-de-securite-service-express\/\">service express<\/a> : traduction ou mise \u00e0 jour de la fiche de donn\u00e9es de s\u00e9curit\u00e9 et \u00e9laboration d\u2019un projet d\u2019\u00e9tiquette.<\/li>\n<li style=\"text-align: justify;\">Notre service d\u2019<a href=\"https:\/\/www.msds-europe.com\/fr\/fiche-de-donnees-de-securite-etablissement-elaboration\/\">\u00e9laboration d\u2019une fiche de donn\u00e9es de s\u00e9curit\u00e9<\/a>. Il peut \u00eatre n\u00e9cessaire d\u2019\u00e9tablir une nouvelle fiche de donn\u00e9es de s\u00e9curit\u00e9 notamment en cas de fabrication de m\u00e9langes ou d\u2019activit\u00e9s d\u2019importation.<\/li>\n<\/ul>\n<p>&nbsp;<\/p>\n<h4 style=\"text-align: justify;\"><span style=\"color: #333333;\">Mat\u00e9riel professionnel utile li\u00e9 \u00e0 notre service d\u2019\u00e9tablissement de projets d\u2019\u00e9tiquettes<\/span><\/h4>\n<ul>\n<li><a href=\"https:\/\/www.msds-europe.com\/fr\/fiche-de-donnees-de-securite-base-de-connaissances\/\">Documents de r\u00e9f\u00e9rence utiles et guides pour les fiches de donn\u00e9es de s\u00e9curit\u00e9<\/a><\/li>\n<li><a href=\"https:\/\/www.msds-europe.com\/fr\/boussole-securite-chimique\/\">La boussole de la s\u00e9curit\u00e9 chimique<\/a><\/li>\n<li><a href=\"https:\/\/www.msds-europe.com\/fr\/periode-validite-fiche-donnees-securite\/\">P\u00e9riode de validit\u00e9 d\u2019une fiche de donn\u00e9es de s\u00e9curit\u00e9<\/a><\/li>\n<\/ul>\n<p>&nbsp;<\/p>\n","protected":false},"excerpt":{"rendered":"<p>L&rsquo; \u00e9tablissement d&rsquo;un projet d&rsquo;\u00e9tiquette CLP pour les substances chimiques et les m\u00e9langes. Traduction du projet d&rsquo;\u00e9tiquette dans toutes les langues de l&rsquo;UE.<\/p>\n","protected":false},"author":2,"featured_media":0,"parent":0,"menu_order":0,"comment_status":"closed","ping_status":"closed","template":"","meta":{"_acf_changed":false,"footnotes":""},"tags":[404,385,389],"class_list":["post-5701","page","type-page","status-publish","hentry","tag-etiquette-clp","tag-fiche-de-donnees-de-securite","tag-service-fiche-de-donnees-de-securite"],"acf":[],"yoast_head":"<!-- This site is optimized with the Yoast SEO plugin v27.2 - https:\/\/yoast.com\/product\/yoast-seo-wordpress\/ -->\n<title>L&#039;\u00e9tablissement d&#039;un projet d&#039;\u00e9tiquette CLP<\/title>\n<meta name=\"description\" content=\"L&#039;\u00e9tablissement d&#039;un projet d&#039;\u00e9tiquette CLP pour les substances et les m\u00e9langes dangereux. Traduction dans toutes les langues de l&#039;UE.\" \/>\n<meta name=\"robots\" content=\"index, follow, max-snippet:-1, max-image-preview:large, max-video-preview:-1\" \/>\n<link rel=\"canonical\" href=\"https:\/\/www.msds-europe.com\/fr\/etablissement-projet-etiquette\/\" \/>\n<meta property=\"og:locale\" content=\"fr_FR\" \/>\n<meta property=\"og:type\" content=\"article\" \/>\n<meta property=\"og:title\" content=\"L&#039;\u00e9tablissement d&#039;un projet d&#039;\u00e9tiquette CLP\" \/>\n<meta property=\"og:description\" content=\"L&#039;\u00e9tablissement d&#039;un projet d&#039;\u00e9tiquette CLP pour les substances et les m\u00e9langes dangereux. Traduction dans toutes les langues de l&#039;UE.\" \/>\n<meta property=\"og:url\" content=\"https:\/\/www.msds-europe.com\/fr\/etablissement-projet-etiquette\/\" \/>\n<meta property=\"og:site_name\" content=\"MSDS Europe\" \/>\n<meta property=\"article:publisher\" content=\"https:\/\/www.facebook.com\/toxinfokft\/\" \/>\n<meta property=\"article:modified_time\" content=\"2026-03-04T12:57:58+00:00\" \/>\n<meta name=\"twitter:card\" content=\"summary_large_image\" \/>\n<meta name=\"twitter:site\" content=\"@ToxInfoKft\" \/>\n<meta name=\"twitter:label1\" content=\"Dur\u00e9e de lecture estim\u00e9e\" \/>\n\t<meta name=\"twitter:data1\" content=\"3 minutes\" \/>\n<script type=\"application\/ld+json\" class=\"yoast-schema-graph\">{\"@context\":\"https:\/\/schema.org\",\"@graph\":[{\"@type\":\"WebPage\",\"@id\":\"https:\/\/www.msds-europe.com\/fr\/etablissement-projet-etiquette\/\",\"url\":\"https:\/\/www.msds-europe.com\/fr\/etablissement-projet-etiquette\/\",\"name\":\"L'\u00e9tablissement d'un projet d'\u00e9tiquette CLP\",\"isPartOf\":{\"@id\":\"https:\/\/www.msds-europe.com\/es\/#website\"},\"datePublished\":\"2018-06-22T04:59:47+00:00\",\"dateModified\":\"2026-03-04T12:57:58+00:00\",\"description\":\"L'\u00e9tablissement d'un projet d'\u00e9tiquette CLP pour les substances et les m\u00e9langes dangereux. Traduction dans toutes les langues de l'UE.\",\"breadcrumb\":{\"@id\":\"https:\/\/www.msds-europe.com\/fr\/etablissement-projet-etiquette\/#breadcrumb\"},\"inLanguage\":\"fr-FR\",\"potentialAction\":[{\"@type\":\"ReadAction\",\"target\":[\"https:\/\/www.msds-europe.com\/fr\/etablissement-projet-etiquette\/\"]}]},{\"@type\":\"BreadcrumbList\",\"@id\":\"https:\/\/www.msds-europe.com\/fr\/etablissement-projet-etiquette\/#breadcrumb\",\"itemListElement\":[{\"@type\":\"ListItem\",\"position\":1,\"name\":\"F\u0151oldal\",\"item\":\"https:\/\/www.msds-europe.com\/fr\/\"},{\"@type\":\"ListItem\",\"position\":2,\"name\":\"\u00c9tablissement du projet d&#8217;\u00e9tiquette\"}]},{\"@type\":\"WebSite\",\"@id\":\"https:\/\/www.msds-europe.com\/es\/#website\",\"url\":\"https:\/\/www.msds-europe.com\/es\/\",\"name\":\"MSDS Europe\",\"description\":\"\",\"publisher\":{\"@id\":\"https:\/\/www.msds-europe.com\/es\/#organization\"},\"potentialAction\":[{\"@type\":\"SearchAction\",\"target\":{\"@type\":\"EntryPoint\",\"urlTemplate\":\"https:\/\/www.msds-europe.com\/es\/?s={search_term_string}\"},\"query-input\":{\"@type\":\"PropertyValueSpecification\",\"valueRequired\":true,\"valueName\":\"search_term_string\"}}],\"inLanguage\":\"fr-FR\"},{\"@type\":\"Organization\",\"@id\":\"https:\/\/www.msds-europe.com\/es\/#organization\",\"name\":\"MSDS-Europe International branch of ToxInfo\",\"url\":\"https:\/\/www.msds-europe.com\/es\/\",\"logo\":{\"@type\":\"ImageObject\",\"inLanguage\":\"fr-FR\",\"@id\":\"https:\/\/www.msds-europe.com\/es\/#\/schema\/logo\/image\/\",\"url\":\"https:\/\/www.msds-europe.com\/wp-content\/uploads\/2021\/04\/msds-europe-logo.jpg\",\"contentUrl\":\"https:\/\/www.msds-europe.com\/wp-content\/uploads\/2021\/04\/msds-europe-logo.jpg\",\"width\":2296,\"height\":1067,\"caption\":\"MSDS-Europe International branch of ToxInfo\"},\"image\":{\"@id\":\"https:\/\/www.msds-europe.com\/es\/#\/schema\/logo\/image\/\"},\"sameAs\":[\"https:\/\/www.facebook.com\/toxinfokft\/\",\"https:\/\/x.com\/ToxInfoKft\"]}]}<\/script>\n<!-- \/ Yoast SEO plugin. -->","yoast_head_json":{"title":"L'\u00e9tablissement d'un projet d'\u00e9tiquette CLP","description":"L'\u00e9tablissement d'un projet d'\u00e9tiquette CLP pour les substances et les m\u00e9langes dangereux. Traduction dans toutes les langues de l'UE.","robots":{"index":"index","follow":"follow","max-snippet":"max-snippet:-1","max-image-preview":"max-image-preview:large","max-video-preview":"max-video-preview:-1"},"canonical":"https:\/\/www.msds-europe.com\/fr\/etablissement-projet-etiquette\/","og_locale":"fr_FR","og_type":"article","og_title":"L'\u00e9tablissement d'un projet d'\u00e9tiquette CLP","og_description":"L'\u00e9tablissement d'un projet d'\u00e9tiquette CLP pour les substances et les m\u00e9langes dangereux. Traduction dans toutes les langues de l'UE.","og_url":"https:\/\/www.msds-europe.com\/fr\/etablissement-projet-etiquette\/","og_site_name":"MSDS Europe","article_publisher":"https:\/\/www.facebook.com\/toxinfokft\/","article_modified_time":"2026-03-04T12:57:58+00:00","twitter_card":"summary_large_image","twitter_site":"@ToxInfoKft","twitter_misc":{"Dur\u00e9e de lecture estim\u00e9e":"3 minutes"},"schema":{"@context":"https:\/\/schema.org","@graph":[{"@type":"WebPage","@id":"https:\/\/www.msds-europe.com\/fr\/etablissement-projet-etiquette\/","url":"https:\/\/www.msds-europe.com\/fr\/etablissement-projet-etiquette\/","name":"L'\u00e9tablissement d'un projet d'\u00e9tiquette CLP","isPartOf":{"@id":"https:\/\/www.msds-europe.com\/es\/#website"},"datePublished":"2018-06-22T04:59:47+00:00","dateModified":"2026-03-04T12:57:58+00:00","description":"L'\u00e9tablissement d'un projet d'\u00e9tiquette CLP pour les substances et les m\u00e9langes dangereux. Traduction dans toutes les langues de l'UE.","breadcrumb":{"@id":"https:\/\/www.msds-europe.com\/fr\/etablissement-projet-etiquette\/#breadcrumb"},"inLanguage":"fr-FR","potentialAction":[{"@type":"ReadAction","target":["https:\/\/www.msds-europe.com\/fr\/etablissement-projet-etiquette\/"]}]},{"@type":"BreadcrumbList","@id":"https:\/\/www.msds-europe.com\/fr\/etablissement-projet-etiquette\/#breadcrumb","itemListElement":[{"@type":"ListItem","position":1,"name":"F\u0151oldal","item":"https:\/\/www.msds-europe.com\/fr\/"},{"@type":"ListItem","position":2,"name":"\u00c9tablissement du projet d&#8217;\u00e9tiquette"}]},{"@type":"WebSite","@id":"https:\/\/www.msds-europe.com\/es\/#website","url":"https:\/\/www.msds-europe.com\/es\/","name":"MSDS Europe","description":"","publisher":{"@id":"https:\/\/www.msds-europe.com\/es\/#organization"},"potentialAction":[{"@type":"SearchAction","target":{"@type":"EntryPoint","urlTemplate":"https:\/\/www.msds-europe.com\/es\/?s={search_term_string}"},"query-input":{"@type":"PropertyValueSpecification","valueRequired":true,"valueName":"search_term_string"}}],"inLanguage":"fr-FR"},{"@type":"Organization","@id":"https:\/\/www.msds-europe.com\/es\/#organization","name":"MSDS-Europe International branch of ToxInfo","url":"https:\/\/www.msds-europe.com\/es\/","logo":{"@type":"ImageObject","inLanguage":"fr-FR","@id":"https:\/\/www.msds-europe.com\/es\/#\/schema\/logo\/image\/","url":"https:\/\/www.msds-europe.com\/wp-content\/uploads\/2021\/04\/msds-europe-logo.jpg","contentUrl":"https:\/\/www.msds-europe.com\/wp-content\/uploads\/2021\/04\/msds-europe-logo.jpg","width":2296,"height":1067,"caption":"MSDS-Europe International branch of ToxInfo"},"image":{"@id":"https:\/\/www.msds-europe.com\/es\/#\/schema\/logo\/image\/"},"sameAs":["https:\/\/www.facebook.com\/toxinfokft\/","https:\/\/x.com\/ToxInfoKft"]}]}},"_links":{"self":[{"href":"https:\/\/www.msds-europe.com\/fr\/wp-json\/wp\/v2\/pages\/5701","targetHints":{"allow":["GET"]}}],"collection":[{"href":"https:\/\/www.msds-europe.com\/fr\/wp-json\/wp\/v2\/pages"}],"about":[{"href":"https:\/\/www.msds-europe.com\/fr\/wp-json\/wp\/v2\/types\/page"}],"author":[{"embeddable":true,"href":"https:\/\/www.msds-europe.com\/fr\/wp-json\/wp\/v2\/users\/2"}],"replies":[{"embeddable":true,"href":"https:\/\/www.msds-europe.com\/fr\/wp-json\/wp\/v2\/comments?post=5701"}],"version-history":[{"count":19,"href":"https:\/\/www.msds-europe.com\/fr\/wp-json\/wp\/v2\/pages\/5701\/revisions"}],"predecessor-version":[{"id":38113,"href":"https:\/\/www.msds-europe.com\/fr\/wp-json\/wp\/v2\/pages\/5701\/revisions\/38113"}],"wp:attachment":[{"href":"https:\/\/www.msds-europe.com\/fr\/wp-json\/wp\/v2\/media?parent=5701"}],"wp:term":[{"taxonomy":"post_tag","embeddable":true,"href":"https:\/\/www.msds-europe.com\/fr\/wp-json\/wp\/v2\/tags?post=5701"}],"curies":[{"name":"wp","href":"https:\/\/api.w.org\/{rel}","templated":true}]}}