{"id":5699,"date":"2018-06-22T04:55:47","date_gmt":"2018-06-22T04:55:47","guid":{"rendered":"http:\/\/www.msds-europe.com\/fiche-de-donnees-de-securite-service-express-en-24-heures\/"},"modified":"2026-02-18T14:53:05","modified_gmt":"2026-02-18T14:53:05","slug":"fiche-de-donnees-de-securite-service-express","status":"publish","type":"page","link":"https:\/\/www.msds-europe.com\/fr\/fiche-de-donnees-de-securite-service-express\/","title":{"rendered":"Fiche de donn\u00e9es de s\u00e9curit\u00e9 service rapide en 72 heures"},"content":{"rendered":"<p style=\"text-align: right;\"><em><a href=\"https:\/\/www.msds-europe.com\/fr\/\">MSDS-Europe<\/a> \u2013 service express de fiche de donn\u00e9es de s\u00e9curit\u00e9<\/em><\/p>\n<p>&nbsp;<\/p>\n<p style=\"text-align: justify;\">Nos services de traduction et de r\u00e9vision des fiches de donn\u00e9es de s\u00e9curit\u00e9 \u2014 en fonction de la quantit\u00e9 \u00e0 commander \u2014 sont \u00e9galement disponibles en <strong>service express<\/strong>, avec un d\u00e9lai de livraison de 72&nbsp;heures.<\/p>\n<p>&nbsp;<\/p>\n<h2 style=\"text-align: justify;\">Services express li\u00e9s \u00e0 la fiche de donn\u00e9es de s\u00e9curit\u00e9<\/h2>\n<ul>\n<li style=\"text-align: justify;\"><a href=\"https:\/\/www.msds-europe.com\/fr\/traduction-fiches-de-donnees-de-securite\/\">Traduction de fiches de donn\u00e9es de s\u00e9curit\u00e9<\/a><\/li>\n<li style=\"text-align: justify;\"><a href=\"https:\/\/www.msds-europe.com\/fr\/fds-revision-mise-a-jour\/\">R\u00e9vision et mise \u00e0 jour des fiches de donn\u00e9es de s\u00e9curit\u00e9<\/a><\/li>\n<li style=\"text-align: justify;\"><a href=\"https:\/\/www.msds-europe.com\/fr\/etablissement-projet-etiquette\/\">\u00c9tablissement d\u2019un projet d\u2019\u00e9tiquette<\/a><\/li>\n<\/ul>\n<p>&nbsp;<\/p>\n<p style=\"text-align: justify;\">Vous trouverez plus de d\u00e9tails sur nos services express en cliquant sur l\u2019un des liens ci-dessus, ou en contactant notre service clients pour plus d\u2019informations.<\/p>\n<p style=\"text-align: right;\"><a href=\"https:\/\/www.msds-europe.com\/fr\/sds-exigences-linguistiques\/\"><em>Langue de la fiche de donn\u00e9es de s\u00e9curit\u00e9 dans l\u2019UE<\/em><\/a><\/p>\n<p style=\"text-align: right;\"><a href=\"https:\/\/www.msds-europe.com\/fr\/clp-publicite-en-ligne-2028\/\"><em>Nouvelles r\u00e8gles CLP pour l\u2019e-commerce&nbsp;: \u00e9tiquetage et publicit\u00e9<\/em><\/a><\/p>\n<p>&nbsp;<\/p>\n<h2 style=\"text-align: justify;\">Types de service express pour les fiches de donn\u00e9es de s\u00e9curit\u00e9<\/h2>\n<p style=\"text-align: justify;\"><strong>D\u00e9lai de livraison&nbsp;:<\/strong> 72&nbsp;heures.<\/p>\n<p style=\"text-align: justify;\"><em>Le d\u00e9lai standard pour nos services d\u2019\u00e9laboration de fiches de donn\u00e9es de s\u00e9curit\u00e9 est de 8 \u00e0 10&nbsp;jours ouvrables.<\/em><\/p>\n<p>&nbsp;<\/p>\n<h3 style=\"text-align: justify;\">Administration acc\u00e9l\u00e9r\u00e9e<\/h3>\n<p style=\"text-align: justify;\">Afin d\u2019acc\u00e9l\u00e9rer le traitement administratif, contactez notre <a href=\"https:\/\/www.msds-europe.com\/fr\/service-clients\/\">service clients<\/a> par t\u00e9l\u00e9phone en cas de commande urgente.<\/p>\n<p style=\"text-align: justify;\">Lors de l\u2019utilisation de notre <a href=\"https:\/\/www.msds-europe.com\/fr\/demande-de-devis-fds\/\">formulaire de demande de devis<\/a>, veuillez nous indiquer si vous souhaitez un service express en le pr\u00e9cisant dans la zone de remarque.<\/p>\n<p>&nbsp;<\/p>\n<h3 style=\"text-align: justify;\">Garantie<\/h3>\n<p style=\"text-align: justify;\">Notre soci\u00e9t\u00e9 offre les m\u00eames conditions de garantie aux clients demandant un service express que pour les services aux d\u00e9lais de livraison standards. Pour plus d\u2019informations sur notre garantie, veuillez consulter les pages des services concern\u00e9s.<\/p>\n<p>&nbsp;<\/p>\n<h4 class=\"title_4\"><span style=\"color: #333333;\">Informations utiles<\/span><\/h4>\n<ul>\n<li><a title=\"P\u00e9riode de validit\u00e9 d'une fiche de donn\u00e9es de s\u00e9curit\u00e9\" href=\"https:\/\/www.msds-europe.com\/safety-data-sheet-validity-period\/\">P\u00e9riode de validit\u00e9 d\u2019une fiche de donn\u00e9es de s\u00e9curit\u00e9<\/a><\/li>\n<li><a title=\"Processus de travail de l\u2019\u00e9laboration, traduction d\u2019une fiche de donn\u00e9es de s\u00e9curit\u00e9\" href=\"https:\/\/www.msds-europe.com\/fr\/processus-de-travail-de-lelaboration-traduction-dune-fdsion-traduction-dune-fiche-de-donnees-de-securite\/\">Processus de travail de l\u2019\u00e9laboration et de la traduction d\u2019une fiche de donn\u00e9es de s\u00e9curit\u00e9<\/a><\/li>\n<li><a title=\"Conditions dans lesquelles une fiche de donn\u00e9es de s\u00e9curit\u00e9 doit \u00eatre fournie\" href=\"https:\/\/www.msds-europe.com\/fr\/fiche-de-donnees-de-securite-base-de-connaissances\/\">Conditions dans lesquelles une fiche de donn\u00e9es de s\u00e9curit\u00e9 doit \u00eatre fournie<\/a><\/li>\n<\/ul>\n<p>&nbsp;<\/p>\n","protected":false},"excerpt":{"rendered":"<p>Notre services express : traduction ou r\u00e9vision de la fiche de donn\u00e9es de s\u00e9curit\u00e9 et r\u00e9daction du projet d&rsquo;\u00e9tiquette. En 24 ou 72 heures.<\/p>\n","protected":false},"author":2,"featured_media":0,"parent":0,"menu_order":0,"comment_status":"closed","ping_status":"closed","template":"","meta":{"_acf_changed":false,"footnotes":""},"tags":[406,385,389],"class_list":["post-5699","page","type-page","status-publish","hentry","tag-fiche-de-donnees-de-securite-fr","tag-fiche-de-donnees-de-securite","tag-service-fiche-de-donnees-de-securite"],"acf":[],"yoast_head":"<!-- This site is optimized with the Yoast SEO plugin v27.2 - https:\/\/yoast.com\/product\/yoast-seo-wordpress\/ -->\n<title>Fiche de donn\u00e9es de s\u00e9curit\u00e9 service rapide en 72 heures<\/title>\n<meta name=\"description\" content=\"Services rapide li\u00e9s \u00e0 la fiche de donn\u00e9es de s\u00e9curit\u00e9 : traduction ou r\u00e9vision de la fiche de donn\u00e9es de s\u00e9curit\u00e9 et r\u00e9daction du projet d&#039;\u00e9tiquette.\" \/>\n<meta name=\"robots\" content=\"index, follow, max-snippet:-1, max-image-preview:large, max-video-preview:-1\" \/>\n<link rel=\"canonical\" href=\"https:\/\/www.msds-europe.com\/fr\/fiche-de-donnees-de-securite-service-express\/\" \/>\n<meta property=\"og:locale\" content=\"fr_FR\" \/>\n<meta property=\"og:type\" content=\"article\" \/>\n<meta property=\"og:title\" content=\"Fiche de donn\u00e9es de s\u00e9curit\u00e9 service rapide en 72 heures\" \/>\n<meta property=\"og:description\" content=\"Services rapide li\u00e9s \u00e0 la fiche de donn\u00e9es de s\u00e9curit\u00e9 : traduction ou r\u00e9vision de la fiche de donn\u00e9es de s\u00e9curit\u00e9 et r\u00e9daction du projet d&#039;\u00e9tiquette.\" \/>\n<meta property=\"og:url\" content=\"https:\/\/www.msds-europe.com\/fr\/fiche-de-donnees-de-securite-service-express\/\" \/>\n<meta property=\"og:site_name\" content=\"MSDS Europe\" \/>\n<meta property=\"article:publisher\" content=\"https:\/\/www.facebook.com\/toxinfokft\/\" \/>\n<meta property=\"article:modified_time\" content=\"2026-02-18T14:53:05+00:00\" \/>\n<meta name=\"twitter:card\" content=\"summary_large_image\" \/>\n<meta name=\"twitter:site\" content=\"@ToxInfoKft\" \/>\n<meta name=\"twitter:label1\" content=\"Dur\u00e9e de lecture estim\u00e9e\" \/>\n\t<meta name=\"twitter:data1\" content=\"2 minutes\" \/>\n<script type=\"application\/ld+json\" class=\"yoast-schema-graph\">{\"@context\":\"https:\/\/schema.org\",\"@graph\":[{\"@type\":\"WebPage\",\"@id\":\"https:\/\/www.msds-europe.com\/fr\/fiche-de-donnees-de-securite-service-express\/\",\"url\":\"https:\/\/www.msds-europe.com\/fr\/fiche-de-donnees-de-securite-service-express\/\",\"name\":\"Fiche de donn\u00e9es de s\u00e9curit\u00e9 service rapide en 72 heures\",\"isPartOf\":{\"@id\":\"https:\/\/www.msds-europe.com\/es\/#website\"},\"datePublished\":\"2018-06-22T04:55:47+00:00\",\"dateModified\":\"2026-02-18T14:53:05+00:00\",\"description\":\"Services rapide li\u00e9s \u00e0 la fiche de donn\u00e9es de s\u00e9curit\u00e9 : traduction ou r\u00e9vision de la fiche de donn\u00e9es de s\u00e9curit\u00e9 et r\u00e9daction du projet d'\u00e9tiquette.\",\"breadcrumb\":{\"@id\":\"https:\/\/www.msds-europe.com\/fr\/fiche-de-donnees-de-securite-service-express\/#breadcrumb\"},\"inLanguage\":\"fr-FR\",\"potentialAction\":[{\"@type\":\"ReadAction\",\"target\":[\"https:\/\/www.msds-europe.com\/fr\/fiche-de-donnees-de-securite-service-express\/\"]}]},{\"@type\":\"BreadcrumbList\",\"@id\":\"https:\/\/www.msds-europe.com\/fr\/fiche-de-donnees-de-securite-service-express\/#breadcrumb\",\"itemListElement\":[{\"@type\":\"ListItem\",\"position\":1,\"name\":\"F\u0151oldal\",\"item\":\"https:\/\/www.msds-europe.com\/fr\/\"},{\"@type\":\"ListItem\",\"position\":2,\"name\":\"Fiche de donn\u00e9es de s\u00e9curit\u00e9 service rapide en 72 heures\"}]},{\"@type\":\"WebSite\",\"@id\":\"https:\/\/www.msds-europe.com\/es\/#website\",\"url\":\"https:\/\/www.msds-europe.com\/es\/\",\"name\":\"MSDS Europe\",\"description\":\"\",\"publisher\":{\"@id\":\"https:\/\/www.msds-europe.com\/es\/#organization\"},\"potentialAction\":[{\"@type\":\"SearchAction\",\"target\":{\"@type\":\"EntryPoint\",\"urlTemplate\":\"https:\/\/www.msds-europe.com\/es\/?s={search_term_string}\"},\"query-input\":{\"@type\":\"PropertyValueSpecification\",\"valueRequired\":true,\"valueName\":\"search_term_string\"}}],\"inLanguage\":\"fr-FR\"},{\"@type\":\"Organization\",\"@id\":\"https:\/\/www.msds-europe.com\/es\/#organization\",\"name\":\"MSDS-Europe International branch of ToxInfo\",\"url\":\"https:\/\/www.msds-europe.com\/es\/\",\"logo\":{\"@type\":\"ImageObject\",\"inLanguage\":\"fr-FR\",\"@id\":\"https:\/\/www.msds-europe.com\/es\/#\/schema\/logo\/image\/\",\"url\":\"https:\/\/www.msds-europe.com\/wp-content\/uploads\/2021\/04\/msds-europe-logo.jpg\",\"contentUrl\":\"https:\/\/www.msds-europe.com\/wp-content\/uploads\/2021\/04\/msds-europe-logo.jpg\",\"width\":2296,\"height\":1067,\"caption\":\"MSDS-Europe International branch of ToxInfo\"},\"image\":{\"@id\":\"https:\/\/www.msds-europe.com\/es\/#\/schema\/logo\/image\/\"},\"sameAs\":[\"https:\/\/www.facebook.com\/toxinfokft\/\",\"https:\/\/x.com\/ToxInfoKft\"]}]}<\/script>\n<!-- \/ Yoast SEO plugin. -->","yoast_head_json":{"title":"Fiche de donn\u00e9es de s\u00e9curit\u00e9 service rapide en 72 heures","description":"Services rapide li\u00e9s \u00e0 la fiche de donn\u00e9es de s\u00e9curit\u00e9 : traduction ou r\u00e9vision de la fiche de donn\u00e9es de s\u00e9curit\u00e9 et r\u00e9daction du projet d'\u00e9tiquette.","robots":{"index":"index","follow":"follow","max-snippet":"max-snippet:-1","max-image-preview":"max-image-preview:large","max-video-preview":"max-video-preview:-1"},"canonical":"https:\/\/www.msds-europe.com\/fr\/fiche-de-donnees-de-securite-service-express\/","og_locale":"fr_FR","og_type":"article","og_title":"Fiche de donn\u00e9es de s\u00e9curit\u00e9 service rapide en 72 heures","og_description":"Services rapide li\u00e9s \u00e0 la fiche de donn\u00e9es de s\u00e9curit\u00e9 : traduction ou r\u00e9vision de la fiche de donn\u00e9es de s\u00e9curit\u00e9 et r\u00e9daction du projet d'\u00e9tiquette.","og_url":"https:\/\/www.msds-europe.com\/fr\/fiche-de-donnees-de-securite-service-express\/","og_site_name":"MSDS Europe","article_publisher":"https:\/\/www.facebook.com\/toxinfokft\/","article_modified_time":"2026-02-18T14:53:05+00:00","twitter_card":"summary_large_image","twitter_site":"@ToxInfoKft","twitter_misc":{"Dur\u00e9e de lecture estim\u00e9e":"2 minutes"},"schema":{"@context":"https:\/\/schema.org","@graph":[{"@type":"WebPage","@id":"https:\/\/www.msds-europe.com\/fr\/fiche-de-donnees-de-securite-service-express\/","url":"https:\/\/www.msds-europe.com\/fr\/fiche-de-donnees-de-securite-service-express\/","name":"Fiche de donn\u00e9es de s\u00e9curit\u00e9 service rapide en 72 heures","isPartOf":{"@id":"https:\/\/www.msds-europe.com\/es\/#website"},"datePublished":"2018-06-22T04:55:47+00:00","dateModified":"2026-02-18T14:53:05+00:00","description":"Services rapide li\u00e9s \u00e0 la fiche de donn\u00e9es de s\u00e9curit\u00e9 : traduction ou r\u00e9vision de la fiche de donn\u00e9es de s\u00e9curit\u00e9 et r\u00e9daction du projet d'\u00e9tiquette.","breadcrumb":{"@id":"https:\/\/www.msds-europe.com\/fr\/fiche-de-donnees-de-securite-service-express\/#breadcrumb"},"inLanguage":"fr-FR","potentialAction":[{"@type":"ReadAction","target":["https:\/\/www.msds-europe.com\/fr\/fiche-de-donnees-de-securite-service-express\/"]}]},{"@type":"BreadcrumbList","@id":"https:\/\/www.msds-europe.com\/fr\/fiche-de-donnees-de-securite-service-express\/#breadcrumb","itemListElement":[{"@type":"ListItem","position":1,"name":"F\u0151oldal","item":"https:\/\/www.msds-europe.com\/fr\/"},{"@type":"ListItem","position":2,"name":"Fiche de donn\u00e9es de s\u00e9curit\u00e9 service rapide en 72 heures"}]},{"@type":"WebSite","@id":"https:\/\/www.msds-europe.com\/es\/#website","url":"https:\/\/www.msds-europe.com\/es\/","name":"MSDS Europe","description":"","publisher":{"@id":"https:\/\/www.msds-europe.com\/es\/#organization"},"potentialAction":[{"@type":"SearchAction","target":{"@type":"EntryPoint","urlTemplate":"https:\/\/www.msds-europe.com\/es\/?s={search_term_string}"},"query-input":{"@type":"PropertyValueSpecification","valueRequired":true,"valueName":"search_term_string"}}],"inLanguage":"fr-FR"},{"@type":"Organization","@id":"https:\/\/www.msds-europe.com\/es\/#organization","name":"MSDS-Europe International branch of ToxInfo","url":"https:\/\/www.msds-europe.com\/es\/","logo":{"@type":"ImageObject","inLanguage":"fr-FR","@id":"https:\/\/www.msds-europe.com\/es\/#\/schema\/logo\/image\/","url":"https:\/\/www.msds-europe.com\/wp-content\/uploads\/2021\/04\/msds-europe-logo.jpg","contentUrl":"https:\/\/www.msds-europe.com\/wp-content\/uploads\/2021\/04\/msds-europe-logo.jpg","width":2296,"height":1067,"caption":"MSDS-Europe International branch of ToxInfo"},"image":{"@id":"https:\/\/www.msds-europe.com\/es\/#\/schema\/logo\/image\/"},"sameAs":["https:\/\/www.facebook.com\/toxinfokft\/","https:\/\/x.com\/ToxInfoKft"]}]}},"_links":{"self":[{"href":"https:\/\/www.msds-europe.com\/fr\/wp-json\/wp\/v2\/pages\/5699","targetHints":{"allow":["GET"]}}],"collection":[{"href":"https:\/\/www.msds-europe.com\/fr\/wp-json\/wp\/v2\/pages"}],"about":[{"href":"https:\/\/www.msds-europe.com\/fr\/wp-json\/wp\/v2\/types\/page"}],"author":[{"embeddable":true,"href":"https:\/\/www.msds-europe.com\/fr\/wp-json\/wp\/v2\/users\/2"}],"replies":[{"embeddable":true,"href":"https:\/\/www.msds-europe.com\/fr\/wp-json\/wp\/v2\/comments?post=5699"}],"version-history":[{"count":8,"href":"https:\/\/www.msds-europe.com\/fr\/wp-json\/wp\/v2\/pages\/5699\/revisions"}],"predecessor-version":[{"id":37141,"href":"https:\/\/www.msds-europe.com\/fr\/wp-json\/wp\/v2\/pages\/5699\/revisions\/37141"}],"wp:attachment":[{"href":"https:\/\/www.msds-europe.com\/fr\/wp-json\/wp\/v2\/media?parent=5699"}],"wp:term":[{"taxonomy":"post_tag","embeddable":true,"href":"https:\/\/www.msds-europe.com\/fr\/wp-json\/wp\/v2\/tags?post=5699"}],"curies":[{"name":"wp","href":"https:\/\/api.w.org\/{rel}","templated":true}]}}