{"id":5669,"date":"2018-06-21T14:21:35","date_gmt":"2018-06-21T14:21:35","guid":{"rendered":"http:\/\/www.msds-europe.com\/demande-de-devis-online-pour-les-services-fiche-de-donnees-de-securite\/"},"modified":"2026-04-21T12:19:17","modified_gmt":"2026-04-21T12:19:17","slug":"demande-de-devis-fds","status":"publish","type":"page","link":"https:\/\/www.msds-europe.com\/fr\/demande-de-devis-fds\/","title":{"rendered":"Demande de devis online pour les services fiche de donn\u00e9es de s\u00e9curit\u00e9"},"content":{"rendered":"<p style=\"text-align: right;\"><em><a href=\"https:\/\/www.msds-europe.com\/fr\/\">MSDS-Europe<\/a> \u2013 Demande de devis pour les services li\u00e9s aux fiches de donn\u00e9es de s\u00e9curit\u00e9<\/em><\/p>\n<p style=\"text-align: justify;\">Nous vous envoyons un devis \u00e9crit pour le service s\u00e9lectionn\u00e9 dans les <strong>24 heures<\/strong> suivant la r\u00e9ception d\u2019une demande de devis en ligne.<\/p>\n<p style=\"text-align: justify;\">Veuillez noter que, pour de grandes quantit\u00e9s, nous pouvons vous proposer un prix plus avantageux. Nous pouvons accorder une r\u00e9duction de prix en fonction de la quantit\u00e9, y compris sur la base d\u2019une quantit\u00e9 annuelle estim\u00e9e, dans le cadre d\u2019une relation contractuelle.<\/p>\n<p>&nbsp;<\/p>\n<h2>Assistance pour s\u00e9lectionner le service souhait\u00e9<\/h2>\n<p style=\"text-align: justify;\">Nous recommandons notre <a href=\"https:\/\/www.msds-europe.com\/fr\/fiche-de-donnees-de-securite-etablissement-elaboration\/\">service d\u2019\u00e9laboration de fiches de donn\u00e9es de s\u00e9curit\u00e9<\/a> principalement aux utilisateurs en aval qui fabriquent des m\u00e9langes, ainsi qu\u2019aux importateurs, afin de les aider \u00e0 satisfaire \u00e0 leur obligation de classer leurs produits et\/ou d\u2019\u00e9tablir des fiches de donn\u00e9es de s\u00e9curit\u00e9.<\/p>\n<p style=\"text-align: justify;\">Nous recommandons notre <a href=\"https:\/\/www.msds-europe.com\/fr\/traduction-fiches-de-donnees-de-securite\/\">service de traduction de FDS<\/a> principalement aux distributeurs et aux importateurs. Vous pouvez commander la traduction d\u2019une fiche de donn\u00e9es de s\u00e9curit\u00e9 depuis n\u2019importe quelle langue de l\u2019UE vers n\u2019importe quelle langue de l\u2019UE. En tant que service compl\u00e9mentaire, nous vous recommandons \u00e9galement l\u2019\u00e9laboration d\u2019un projet d\u2019\u00e9tiquette conforme \u00e0 la fiche de donn\u00e9es de s\u00e9curit\u00e9.<\/p>\n<p style=\"text-align: justify;\">Si vous souhaitez \u00e9galement commander un service compl\u00e9mentaire, veuillez l\u2019indiquer dans la section \u00ab Remarque \u00bb.<\/p>\n<p style=\"text-align: justify;\">Nous recommandons notre <a href=\"https:\/\/www.msds-europe.com\/fr\/fds-revision-mise-a-jour\/\">service de r\u00e9vision des fiches de donn\u00e9es de s\u00e9curit\u00e9<\/a> dans tous les cas o\u00f9 un changement majeur est intervenu dans le contenu de la fiche de donn\u00e9es de s\u00e9curit\u00e9 ou lorsque des changements de l\u2019environnement r\u00e9glementaire le rendent n\u00e9cessaire.<\/p>\n<p>&nbsp;<\/p>\n<h2 style=\"text-align: justify;\">Demande de devis pour les services express<\/h2>\n<p style=\"text-align: justify;\">Notre service de traduction et de r\u00e9vision des fiches de donn\u00e9es de s\u00e9curit\u00e9, ainsi que notre <a href=\"https:\/\/www.msds-europe.com\/fr\/etablissement-projet-etiquette\/\">service d\u2019\u00e9laboration de projets d\u2019\u00e9tiquettes<\/a>, sont \u00e9galement disponibles en <a href=\"https:\/\/www.msds-europe.com\/fr\/fiche-de-donnees-de-securite-service-express\/\">services express<\/a>, avec un d\u00e9lai de livraison pouvant aller jusqu\u2019\u00e0 24 heures.<\/p>\n<p>&nbsp;<\/p>\n<p style=\"text-align: justify;\"><em>Si vous avez des questions concernant votre commande ou la s\u00e9curit\u00e9 chimique, veuillez contacter notre <a href=\"https:\/\/www.msds-europe.com\/fr\/service-clients\/\">Service clients<\/a>.<\/em><\/p>\n<h4><\/h4>\n\n<div class=\"wpcf7 no-js\" id=\"wpcf7-f6127-o1\" lang=\"hu-HU\" dir=\"ltr\" data-wpcf7-id=\"6127\">\n<div class=\"screen-reader-response\"><p role=\"status\" aria-live=\"polite\" aria-atomic=\"true\"><\/p> <ul><\/ul><\/div>\n<form action=\"\/fr\/wp-json\/wp\/v2\/pages\/5669#wpcf7-f6127-o1\" method=\"post\" class=\"wpcf7-form init\" aria-label=\"Kapcsolatfelv\u00e9teli \u0171rlap\" novalidate=\"novalidate\" data-status=\"init\">\n<fieldset class=\"hidden-fields-container\"><input type=\"hidden\" name=\"_wpcf7\" value=\"6127\" \/><input type=\"hidden\" name=\"_wpcf7_version\" value=\"6.1.5\" \/><input type=\"hidden\" name=\"_wpcf7_locale\" value=\"hu_HU\" \/><input type=\"hidden\" name=\"_wpcf7_unit_tag\" value=\"wpcf7-f6127-o1\" \/><input type=\"hidden\" name=\"_wpcf7_container_post\" value=\"0\" \/><input type=\"hidden\" name=\"_wpcf7_posted_data_hash\" value=\"\" \/><input type=\"hidden\" name=\"_wpcf7_recaptcha_response\" value=\"\" \/>\n<\/fieldset>\n<div class=\"arajanlatkeres_form\">\n\t<div class=\"row contact_row\">\n\t\t<div class=\"col-sm-5 col-sm-offset-1\">\n\t\t\t<p><label>Nom de la personne de contact<\/label>\n\t\t\t<\/p>\n\t\t<\/div>\n\t\t<div class=\"col-sm-5\">\n\t\t\t<p><span class=\"wpcf7-form-control-wrap\" data-name=\"your-name\"><input size=\"40\" maxlength=\"400\" class=\"wpcf7-form-control wpcf7-text wpcf7-validates-as-required\" aria-required=\"true\" aria-invalid=\"false\" value=\"\" type=\"text\" name=\"your-name\" \/><\/span>\n\t\t\t<\/p>\n\t\t<\/div>\n\t<\/div>\n\t<div class=\"row contact_row\">\n\t\t<div class=\"col-sm-5 col-sm-offset-1\">\n\t\t\t<p><label>Nom de la soci\u00e9t\u00e9<\/label>\n\t\t\t<\/p>\n\t\t<\/div>\n\t\t<div class=\"col-sm-5\">\n\t\t\t<p><span class=\"wpcf7-form-control-wrap\" data-name=\"company-name\"><input size=\"40\" maxlength=\"400\" class=\"wpcf7-form-control wpcf7-text wpcf7-validates-as-required\" aria-required=\"true\" aria-invalid=\"false\" value=\"\" type=\"text\" name=\"company-name\" \/><\/span>\n\t\t\t<\/p>\n\t\t<\/div>\n\t<\/div>\n\t<div class=\"row contact_row\">\n\t\t<div class=\"col-sm-5 col-sm-offset-1\">\n\t\t\t<p><label>Adresse de la soci\u00e9t\u00e9<\/label>\n\t\t\t<\/p>\n\t\t<\/div>\n\t\t<div class=\"col-sm-5\">\n\t\t\t<p><span class=\"wpcf7-form-control-wrap\" data-name=\"company-address\"><input size=\"40\" maxlength=\"400\" class=\"wpcf7-form-control wpcf7-text wpcf7-validates-as-required\" aria-required=\"true\" aria-invalid=\"false\" value=\"\" type=\"text\" name=\"company-address\" \/><\/span>\n\t\t\t<\/p>\n\t\t<\/div>\n\t<\/div>\n\t<div class=\"row contact_row\">\n\t\t<div class=\"col-sm-5 col-sm-offset-1\">\n\t\t\t<p><label>Num\u00e9ro de t\u00e9l\u00e9phone<\/label>\n\t\t\t<\/p>\n\t\t<\/div>\n\t\t<div class=\"col-sm-5\">\n\t\t\t<p><span class=\"wpcf7-form-control-wrap\" data-name=\"company-phone\"><input size=\"40\" maxlength=\"400\" class=\"wpcf7-form-control wpcf7-text wpcf7-validates-as-required\" aria-required=\"true\" aria-invalid=\"false\" value=\"\" type=\"text\" name=\"company-phone\" \/><\/span>\n\t\t\t<\/p>\n\t\t<\/div>\n\t<\/div>\n\t<div class=\"row contact_row\">\n\t\t<div class=\"col-sm-5 col-sm-offset-1\">\n\t\t\t<p><label>Adresse e-mail<\/label>\n\t\t\t<\/p>\n\t\t<\/div>\n\t\t<div class=\"col-sm-5\">\n\t\t\t<p><span class=\"wpcf7-form-control-wrap\" data-name=\"your-email\"><input size=\"40\" maxlength=\"400\" class=\"wpcf7-form-control wpcf7-email wpcf7-validates-as-required wpcf7-text wpcf7-validates-as-email\" aria-required=\"true\" aria-invalid=\"false\" value=\"\" type=\"email\" name=\"your-email\" \/><\/span>\n\t\t\t<\/p>\n\t\t<\/div>\n\t<\/div>\n\t<div class=\"row contact_row\">\n\t\t<div class=\"col-sm-5 col-sm-offset-1\">\n\t\t\t<p><label>Langue de la FDS originale<\/label>\n\t\t\t<\/p>\n\t\t<\/div>\n\t\t<div class=\"col-sm-5\">\n\t\t\t<p><span class=\"wpcf7-form-control-wrap\" data-name=\"language\"><input size=\"40\" maxlength=\"400\" class=\"wpcf7-form-control wpcf7-text wpcf7-validates-as-required\" aria-required=\"true\" aria-invalid=\"false\" value=\"\" type=\"text\" name=\"language\" \/><\/span>\n\t\t\t<\/p>\n\t\t<\/div>\n\t<\/div>\n\t<div class=\"row contact_row\">\n\t\t<div class=\"col-sm-5 col-sm-offset-1\">\n\t\t\t<p><label>Langue cible et pays cible (en cas de traduction)<\/label>\n\t\t\t<\/p>\n\t\t<\/div>\n\t\t<div class=\"col-sm-5\">\n\t\t\t<p><span class=\"wpcf7-form-control-wrap\" data-name=\"wished-language\"><input size=\"40\" maxlength=\"400\" class=\"wpcf7-form-control wpcf7-text\" aria-invalid=\"false\" value=\"\" type=\"text\" name=\"wished-language\" \/><\/span>\n\t\t\t<\/p>\n\t\t<\/div>\n\t<\/div>\n\t<div class=\"row contact_row\">\n\t\t<div class=\"col-sm-5 col-sm-offset-1\">\n\t\t\t<p><label>Quantit\u00e9<\/label>\n\t\t\t<\/p>\n\t\t<\/div>\n\t\t<div class=\"col-sm-5\">\n\t\t\t<p><span class=\"wpcf7-form-control-wrap\" data-name=\"number\"><input size=\"40\" maxlength=\"400\" class=\"wpcf7-form-control wpcf7-text wpcf7-validates-as-required\" aria-required=\"true\" aria-invalid=\"false\" value=\"\" type=\"text\" name=\"number\" \/><\/span>\n\t\t\t<\/p>\n\t\t<\/div>\n\t<\/div>\n\t<div class=\"row contact_row\">\n\t\t<div class=\"col-sm-5 col-sm-offset-1\">\n\t\t\t<p><label>Remarque<\/label>\n\t\t\t<\/p>\n\t\t<\/div>\n\t\t<div class=\"col-sm-5\">\n\t\t\t<p><span class=\"wpcf7-form-control-wrap\" data-name=\"your-message\"><textarea cols=\"40\" rows=\"10\" maxlength=\"2000\" class=\"wpcf7-form-control wpcf7-textarea\" aria-invalid=\"false\" name=\"your-message\"><\/textarea><\/span>\n\t\t\t<\/p>\n\t\t<\/div>\n\t<\/div>\n\t<div class=\"row contact_row\">\n\t\t<div class=\"col-sm-10 col-sm-offset-1\">\n\t\t\t<p><span class=\"wpcf7-form-control-wrap\" data-name=\"radio-917\"><span class=\"wpcf7-form-control wpcf7-radio\"><span class=\"wpcf7-list-item first\"><input type=\"radio\" name=\"radio-917\" value=\"\u00c9laboration d&#039;une nouvelle fiche de donn\u00e9es de s\u00e9curit\u00e9\" checked=\"checked\" \/><span class=\"wpcf7-list-item-label\">\u00c9laboration d&#039;une nouvelle fiche de donn\u00e9es de s\u00e9curit\u00e9<\/span><\/span><span class=\"wpcf7-list-item\"><input type=\"radio\" name=\"radio-917\" value=\"R\u00e9vision (mise \u00e0 jour) de la fiche de donn\u00e9es de s\u00e9curit\u00e9\" \/><span class=\"wpcf7-list-item-label\">R\u00e9vision (mise \u00e0 jour) de la fiche de donn\u00e9es de s\u00e9curit\u00e9<\/span><\/span><span class=\"wpcf7-list-item\"><input type=\"radio\" name=\"radio-917\" value=\"Traduction de la fiche de donn\u00e9es de s\u00e9curit\u00e9 (avec adaptation)\" \/><span class=\"wpcf7-list-item-label\">Traduction de la fiche de donn\u00e9es de s\u00e9curit\u00e9 (avec adaptation)<\/span><\/span><span class=\"wpcf7-list-item last\"><input type=\"radio\" name=\"radio-917\" value=\"Traduction de fiches de donn\u00e9es de s\u00e9curit\u00e9 (sans adaptation)\" \/><span class=\"wpcf7-list-item-label\">Traduction de fiches de donn\u00e9es de s\u00e9curit\u00e9 (sans adaptation)<\/span><\/span><\/span><\/span>\n\t\t\t<\/p>\n\t\t<\/div>\n\t<\/div>\n\t<div class=\"row contact_row policy_row\">\n\t\t<div class=\"col-sm-10 col-sm-offset-1\">\n\t\t\t<p><span class=\"wpcf7-form-control-wrap\" data-name=\"policy\"><span class=\"wpcf7-form-control wpcf7-acceptance\"><span class=\"wpcf7-list-item\"><label><input type=\"checkbox\" name=\"policy\" value=\"1\" aria-invalid=\"false\" \/><span class=\"wpcf7-list-item-label\">J'accepte la <a href=\"http:\/\/www.msds-europe.com\/privacy-policy\/\" target=\"_blank\" title=\"politique de confidentialit\u00e9\">politique de confidentialit\u00e9<\/a>.<\/span><\/label><\/span><\/span><\/span>\n\t\t\t<\/p>\n\t\t<\/div>\n\t<\/div>\n\t<div class=\"row contact_row\">\n\t\t<div class=\"col-sm-10 col-sm-offset-1 text-right\">\n\t\t\t<p><input class=\"wpcf7-form-control wpcf7-submit has-spinner\" type=\"submit\" value=\"Envoyer\" \/>\n\t\t\t<\/p>\n\t\t<\/div>\n\t<\/div>\n<\/div><div class=\"wpcf7-response-output\" aria-hidden=\"true\"><\/div>\n<\/form>\n<\/div>\n\n","protected":false},"excerpt":{"rendered":"<p>Demande de devis online pour les services fiche de donn\u00e9es de s\u00e9curit\u00e9. Devis en \u00e9crit en 24 heures.<\/p>\n","protected":false},"author":2,"featured_media":0,"parent":0,"menu_order":0,"comment_status":"closed","ping_status":"closed","template":"","meta":{"_acf_changed":false,"footnotes":""},"class_list":["post-5669","page","type-page","status-publish","hentry"],"acf":[],"yoast_head":"<!-- This site is optimized with the Yoast SEO plugin v27.2 - https:\/\/yoast.com\/product\/yoast-seo-wordpress\/ -->\n<title>Demande de devis online pour les services fiche de donn\u00e9es de s\u00e9curit\u00e9<\/title>\n<meta name=\"description\" content=\"Demande de devis online pour les services fiche de donn\u00e9es de s\u00e9curit\u00e9. Devis en \u00e9crit en 24 heures. Demande de devis rapide et simple sans obligation.\" \/>\n<meta name=\"robots\" content=\"index, follow, max-snippet:-1, max-image-preview:large, max-video-preview:-1\" \/>\n<link rel=\"canonical\" href=\"https:\/\/www.msds-europe.com\/fr\/demande-de-devis-fds\/\" \/>\n<meta property=\"og:locale\" content=\"fr_FR\" \/>\n<meta property=\"og:type\" content=\"article\" \/>\n<meta property=\"og:title\" content=\"Demande de devis online pour les services fiche de donn\u00e9es de s\u00e9curit\u00e9\" \/>\n<meta property=\"og:description\" content=\"Demande de devis online pour les services fiche de donn\u00e9es de s\u00e9curit\u00e9. Devis en \u00e9crit en 24 heures. Demande de devis rapide et simple sans obligation.\" \/>\n<meta property=\"og:url\" content=\"https:\/\/www.msds-europe.com\/fr\/demande-de-devis-fds\/\" \/>\n<meta property=\"og:site_name\" content=\"MSDS Europe\" \/>\n<meta property=\"article:publisher\" content=\"https:\/\/www.facebook.com\/toxinfokft\/\" \/>\n<meta property=\"article:modified_time\" content=\"2026-04-21T12:19:17+00:00\" \/>\n<meta name=\"twitter:card\" content=\"summary_large_image\" \/>\n<meta name=\"twitter:site\" content=\"@ToxInfoKft\" \/>\n<meta name=\"twitter:label1\" content=\"Dur\u00e9e de lecture estim\u00e9e\" \/>\n\t<meta name=\"twitter:data1\" content=\"2 minutes\" \/>\n<script type=\"application\/ld+json\" class=\"yoast-schema-graph\">{\"@context\":\"https:\/\/schema.org\",\"@graph\":[{\"@type\":\"WebPage\",\"@id\":\"https:\/\/www.msds-europe.com\/fr\/demande-de-devis-fds\/\",\"url\":\"https:\/\/www.msds-europe.com\/fr\/demande-de-devis-fds\/\",\"name\":\"Demande de devis online pour les services fiche de donn\u00e9es de s\u00e9curit\u00e9\",\"isPartOf\":{\"@id\":\"https:\/\/www.msds-europe.com\/es\/#website\"},\"datePublished\":\"2018-06-21T14:21:35+00:00\",\"dateModified\":\"2026-04-21T12:19:17+00:00\",\"description\":\"Demande de devis online pour les services fiche de donn\u00e9es de s\u00e9curit\u00e9. Devis en \u00e9crit en 24 heures. Demande de devis rapide et simple sans obligation.\",\"breadcrumb\":{\"@id\":\"https:\/\/www.msds-europe.com\/fr\/demande-de-devis-fds\/#breadcrumb\"},\"inLanguage\":\"fr-FR\",\"potentialAction\":[{\"@type\":\"ReadAction\",\"target\":[\"https:\/\/www.msds-europe.com\/fr\/demande-de-devis-fds\/\"]}]},{\"@type\":\"BreadcrumbList\",\"@id\":\"https:\/\/www.msds-europe.com\/fr\/demande-de-devis-fds\/#breadcrumb\",\"itemListElement\":[{\"@type\":\"ListItem\",\"position\":1,\"name\":\"F\u0151oldal\",\"item\":\"https:\/\/www.msds-europe.com\/fr\/\"},{\"@type\":\"ListItem\",\"position\":2,\"name\":\"Demande de devis online pour les services fiche de donn\u00e9es de s\u00e9curit\u00e9\"}]},{\"@type\":\"WebSite\",\"@id\":\"https:\/\/www.msds-europe.com\/es\/#website\",\"url\":\"https:\/\/www.msds-europe.com\/es\/\",\"name\":\"MSDS Europe\",\"description\":\"\",\"publisher\":{\"@id\":\"https:\/\/www.msds-europe.com\/es\/#organization\"},\"potentialAction\":[{\"@type\":\"SearchAction\",\"target\":{\"@type\":\"EntryPoint\",\"urlTemplate\":\"https:\/\/www.msds-europe.com\/es\/?s={search_term_string}\"},\"query-input\":{\"@type\":\"PropertyValueSpecification\",\"valueRequired\":true,\"valueName\":\"search_term_string\"}}],\"inLanguage\":\"fr-FR\"},{\"@type\":\"Organization\",\"@id\":\"https:\/\/www.msds-europe.com\/es\/#organization\",\"name\":\"MSDS-Europe International branch of ToxInfo\",\"url\":\"https:\/\/www.msds-europe.com\/es\/\",\"logo\":{\"@type\":\"ImageObject\",\"inLanguage\":\"fr-FR\",\"@id\":\"https:\/\/www.msds-europe.com\/es\/#\/schema\/logo\/image\/\",\"url\":\"https:\/\/www.msds-europe.com\/wp-content\/uploads\/2021\/04\/msds-europe-logo.jpg\",\"contentUrl\":\"https:\/\/www.msds-europe.com\/wp-content\/uploads\/2021\/04\/msds-europe-logo.jpg\",\"width\":2296,\"height\":1067,\"caption\":\"MSDS-Europe International branch of ToxInfo\"},\"image\":{\"@id\":\"https:\/\/www.msds-europe.com\/es\/#\/schema\/logo\/image\/\"},\"sameAs\":[\"https:\/\/www.facebook.com\/toxinfokft\/\",\"https:\/\/x.com\/ToxInfoKft\"]}]}<\/script>\n<!-- \/ Yoast SEO plugin. -->","yoast_head_json":{"title":"Demande de devis online pour les services fiche de donn\u00e9es de s\u00e9curit\u00e9","description":"Demande de devis online pour les services fiche de donn\u00e9es de s\u00e9curit\u00e9. Devis en \u00e9crit en 24 heures. Demande de devis rapide et simple sans obligation.","robots":{"index":"index","follow":"follow","max-snippet":"max-snippet:-1","max-image-preview":"max-image-preview:large","max-video-preview":"max-video-preview:-1"},"canonical":"https:\/\/www.msds-europe.com\/fr\/demande-de-devis-fds\/","og_locale":"fr_FR","og_type":"article","og_title":"Demande de devis online pour les services fiche de donn\u00e9es de s\u00e9curit\u00e9","og_description":"Demande de devis online pour les services fiche de donn\u00e9es de s\u00e9curit\u00e9. Devis en \u00e9crit en 24 heures. Demande de devis rapide et simple sans obligation.","og_url":"https:\/\/www.msds-europe.com\/fr\/demande-de-devis-fds\/","og_site_name":"MSDS Europe","article_publisher":"https:\/\/www.facebook.com\/toxinfokft\/","article_modified_time":"2026-04-21T12:19:17+00:00","twitter_card":"summary_large_image","twitter_site":"@ToxInfoKft","twitter_misc":{"Dur\u00e9e de lecture estim\u00e9e":"2 minutes"},"schema":{"@context":"https:\/\/schema.org","@graph":[{"@type":"WebPage","@id":"https:\/\/www.msds-europe.com\/fr\/demande-de-devis-fds\/","url":"https:\/\/www.msds-europe.com\/fr\/demande-de-devis-fds\/","name":"Demande de devis online pour les services fiche de donn\u00e9es de s\u00e9curit\u00e9","isPartOf":{"@id":"https:\/\/www.msds-europe.com\/es\/#website"},"datePublished":"2018-06-21T14:21:35+00:00","dateModified":"2026-04-21T12:19:17+00:00","description":"Demande de devis online pour les services fiche de donn\u00e9es de s\u00e9curit\u00e9. Devis en \u00e9crit en 24 heures. Demande de devis rapide et simple sans obligation.","breadcrumb":{"@id":"https:\/\/www.msds-europe.com\/fr\/demande-de-devis-fds\/#breadcrumb"},"inLanguage":"fr-FR","potentialAction":[{"@type":"ReadAction","target":["https:\/\/www.msds-europe.com\/fr\/demande-de-devis-fds\/"]}]},{"@type":"BreadcrumbList","@id":"https:\/\/www.msds-europe.com\/fr\/demande-de-devis-fds\/#breadcrumb","itemListElement":[{"@type":"ListItem","position":1,"name":"F\u0151oldal","item":"https:\/\/www.msds-europe.com\/fr\/"},{"@type":"ListItem","position":2,"name":"Demande de devis online pour les services fiche de donn\u00e9es de s\u00e9curit\u00e9"}]},{"@type":"WebSite","@id":"https:\/\/www.msds-europe.com\/es\/#website","url":"https:\/\/www.msds-europe.com\/es\/","name":"MSDS Europe","description":"","publisher":{"@id":"https:\/\/www.msds-europe.com\/es\/#organization"},"potentialAction":[{"@type":"SearchAction","target":{"@type":"EntryPoint","urlTemplate":"https:\/\/www.msds-europe.com\/es\/?s={search_term_string}"},"query-input":{"@type":"PropertyValueSpecification","valueRequired":true,"valueName":"search_term_string"}}],"inLanguage":"fr-FR"},{"@type":"Organization","@id":"https:\/\/www.msds-europe.com\/es\/#organization","name":"MSDS-Europe International branch of ToxInfo","url":"https:\/\/www.msds-europe.com\/es\/","logo":{"@type":"ImageObject","inLanguage":"fr-FR","@id":"https:\/\/www.msds-europe.com\/es\/#\/schema\/logo\/image\/","url":"https:\/\/www.msds-europe.com\/wp-content\/uploads\/2021\/04\/msds-europe-logo.jpg","contentUrl":"https:\/\/www.msds-europe.com\/wp-content\/uploads\/2021\/04\/msds-europe-logo.jpg","width":2296,"height":1067,"caption":"MSDS-Europe International branch of ToxInfo"},"image":{"@id":"https:\/\/www.msds-europe.com\/es\/#\/schema\/logo\/image\/"},"sameAs":["https:\/\/www.facebook.com\/toxinfokft\/","https:\/\/x.com\/ToxInfoKft"]}]}},"_links":{"self":[{"href":"https:\/\/www.msds-europe.com\/fr\/wp-json\/wp\/v2\/pages\/5669","targetHints":{"allow":["GET"]}}],"collection":[{"href":"https:\/\/www.msds-europe.com\/fr\/wp-json\/wp\/v2\/pages"}],"about":[{"href":"https:\/\/www.msds-europe.com\/fr\/wp-json\/wp\/v2\/types\/page"}],"author":[{"embeddable":true,"href":"https:\/\/www.msds-europe.com\/fr\/wp-json\/wp\/v2\/users\/2"}],"replies":[{"embeddable":true,"href":"https:\/\/www.msds-europe.com\/fr\/wp-json\/wp\/v2\/comments?post=5669"}],"version-history":[{"count":10,"href":"https:\/\/www.msds-europe.com\/fr\/wp-json\/wp\/v2\/pages\/5669\/revisions"}],"predecessor-version":[{"id":37337,"href":"https:\/\/www.msds-europe.com\/fr\/wp-json\/wp\/v2\/pages\/5669\/revisions\/37337"}],"wp:attachment":[{"href":"https:\/\/www.msds-europe.com\/fr\/wp-json\/wp\/v2\/media?parent=5669"}],"curies":[{"name":"wp","href":"https:\/\/api.w.org\/{rel}","templated":true}]}}