{"id":5655,"date":"2018-06-21T14:05:39","date_gmt":"2018-06-21T14:05:39","guid":{"rendered":"http:\/\/www.msds-europe.com\/produits-cosmetiques-une-collection-dinformations-utiles\/"},"modified":"2020-03-10T12:12:24","modified_gmt":"2020-03-10T12:12:24","slug":"produits-cosmetiques","status":"publish","type":"page","link":"https:\/\/www.msds-europe.com\/fr\/produits-cosmetiques\/","title":{"rendered":"Produits cosm\u00e9tiques &#8211; une collection d&rsquo;informations utiles"},"content":{"rendered":"<p style=\"text-align: right;\"><em><a href=\"https:\/\/www.msds-europe.com\/fr\/\">MSDS-Europe<\/a> \u2013 Produits cosm\u00e9tiques base de connaissances<\/em><\/p>\n<p style=\"text-align: justify;\">Informations de base utiles et informations sur les conditions de mise sur le march\u00e9 des cosm\u00e9tiques et sur la proc\u00e9dure d&rsquo;autorisation.<\/p>\n<p>&nbsp;<\/p>\n<h2 style=\"text-align: justify;\">Le but de la base de connaissances des produits cosm\u00e9tiques<\/h2>\n<p style=\"text-align: justify;\">En cr\u00e9ant cette base de connaissances, nous aimerions aider l&rsquo;activit\u00e9 des entreprises fabriquant \/ distribuant des produits cosm\u00e9tiques.<\/p>\n<p style=\"text-align: justify;\">Dans la cat\u00e9gorie de la base de connaissances des produits cosm\u00e9tiques, nous publions principalement des articles qui ne sont pas sp\u00e9cifiquement li\u00e9s \u00e0 une t\u00e2che ou \u00e0 une exigence r\u00e9glementaire, mais ils peuvent n\u00e9anmoins contenir des informations importantes.<\/p>\n<p style=\"text-align: justify;\"><strong>Attention!<\/strong><br \/>\nLors de la d\u00e9termination des t\u00e2ches li\u00e9es \u00e0 un produit cosm\u00e9tique, il est toujours n\u00e9cessaire de prendre en compte tous les aspects particuliers du produit et de l&rsquo;activit\u00e9 avec le produit.<br \/>\nSeuls les textes des r\u00e8glements pertinents peuvent \u00eatre consid\u00e9r\u00e9s comme authentiques, les articles publi\u00e9s sur notre site sont fournis \u00e0 titre indicatif seulement.<\/p>\n<p style=\"text-align: justify;\">Consultez les derni\u00e8res r\u00e9glementations sous \u00ab\u00a0<a href=\"https:\/\/www.msds-europe.com\/fr\/changements-reglementaires-securite-chimique\/\">R\u00e9glementations sur la s\u00e9curit\u00e9 chimique<\/a>\u00ab\u00a0.<\/p>\n<p>&nbsp;<\/p>\n<h4 style=\"text-align: justify;\"><span style=\"color: #333333;\">Les articles les plus r\u00e9cents de la base de connaissances des produits cosm\u00e9tiques<\/span><\/h4>\n<ul>\n<li style=\"text-align: justify;\"><a href=\"https:\/\/www.msds-europe.com\/fr\/obligations-distributeurs-produits-cosmetiques\/\">Les obligations des distributeurs des produits cosm\u00e9tiques<\/a><\/li>\n<li style=\"text-align: justify;\"><a href=\"https:\/\/www.msds-europe.com\/fr\/responsabilites-personne-responsable\/\">Les responsabilit\u00e9s de la personne responsable<\/a><\/li>\n<\/ul>\n<p>&nbsp;<\/p>\n<p><a href=\"https:\/\/www.msds-europe.com\/fr\/boussole-securite-chimique\/\"><img decoding=\"async\" class=\"alignnone size-medium wp-image-20615 alignright\" src=\"https:\/\/www.msds-europe.com\/wp-content\/uploads\/2020\/03\/La-boussole-de-la-s\u00e9curit\u00e9-chimique-300x180.jpg\" alt=\"\" width=\"300\" height=\"180\" srcset=\"https:\/\/www.msds-europe.com\/wp-content\/uploads\/2020\/03\/La-boussole-de-la-s\u00e9curit\u00e9-chimique-300x180.jpg 300w, https:\/\/www.msds-europe.com\/wp-content\/uploads\/2020\/03\/La-boussole-de-la-s\u00e9curit\u00e9-chimique.jpg 409w\" sizes=\"(max-width: 300px) 100vw, 300px\" \/><\/a><\/p>\n<h4 style=\"text-align: justify;\"><span style=\"color: #333333;\">Autres articles utiles<\/span><\/h4>\n<h2 style=\"text-align: justify;\">La boussole de la s\u00e9curit\u00e9 chimique<\/h2>\n<p style=\"text-align: justify;\"><strong>\u00c0 propos de la s\u00e9curit\u00e9 chimique d&rsquo;une mani\u00e8re compr\u00e9hensible.<\/strong><\/p>\n<p style=\"text-align: justify;\">Dans notre nouvelle rubrique, les personnes int\u00e9ress\u00e9es peuvent lire le contenu des r\u00e9glementations sur la s\u00e9curit\u00e9 chimique qui aident \u00e0 comprendre leurs obligations et la fa\u00e7on de se&rsquo;en pr\u00e9parer.<\/p>\n<p style=\"text-align: justify;\"><a href=\"https:\/\/www.msds-europe.com\/fr\/boussole-securite-chimique\/\"><em>La boussole de la s\u00e9curit\u00e9 chimique&#8230;<\/em><\/a><\/p>\n<p>&nbsp;<\/p>\n<h3 style=\"text-align: justify;\">Consultation en ligne gratuite<\/h3>\n<p style=\"text-align: justify;\">Si vous n&rsquo;avez pas trouv\u00e9 sur notre site les informations dont vous aviez besoin, posez vos questions concernant la s\u00e9curit\u00e9 chimique directement \u00e0 nos experts.<\/p>\n<p style=\"text-align: justify;\">Pour envoyer des questions, veuillez utiliser l&rsquo;application suivante :<br \/>\n<a href=\"https:\/\/www.msds-europe.com\/fr\/consultation-en-ligne\/\">Consultation en ligne gratuite<\/a><\/p>\n<p>&nbsp;<\/p>\n<h3 style=\"text-align: justify;\">Si vous avez besoin d&rsquo;aide<\/h3>\n<p style=\"text-align: justify;\">Notre <a href=\"https:\/\/www.msds-europe.com\/fr\/service-clients\/\">service clients<\/a> vous aidera \u00e0 choisir le bon service.<\/p>\n<p>&nbsp;<\/p>\n<h3 style=\"text-align: justify;\"><span style=\"color: #333333;\">Nos services<\/span><\/h3>\n<ul>\n<li>Service de <a href=\"https:\/\/www.msds-europe.com\/fr\/service-notification-pcnp\/\">notification des produits cosm\u00e9tiques<\/a> sur le portail du PCNP<\/li>\n<li>Notre service d\u2019<a href=\"https:\/\/www.msds-europe.com\/fr\/elaboration-fiche-de-donnees-de-securite-pour-les-produits-cosmetiques\/\">\u00e9laboration d\u2019une fiche de donn\u00e9es de s\u00e9curit\u00e9<\/a> est optionnel dans le cas des produits cosm\u00e9tiques.<\/li>\n<li><a href=\"https:\/\/www.msds-europe.com\/fr\/etablissement-evaluation-de-la-securite-pour-les-cosmetiques\/\">\u00c9laboration d\u2019un service d\u2019\u00e9valuation de la s\u00e9curit\u00e9<\/a> pour les produits cosm\u00e9tiques conform\u00e9ment au r\u00e8glement (CE) n\u00b0 1223\/2009<\/li>\n<li><a href=\"https:\/\/www.msds-europe.com\/fr\/etablissement-traduction-projet-etiquette-produits-cosmetiques\/\">\u00c9tablissement, traduction du projet d\u2019\u00e9tiquette pour les produits cosm\u00e9tiques<\/a> selon les r\u00e8glements pertinents<\/li>\n<\/ul>\n<p>&nbsp;<\/p>\n","protected":false},"excerpt":{"rendered":"<p>Une collection de documents de r\u00e9f\u00e9rence utiles sur les produits cosm\u00e9tiques, qui vous aide \u00e0 comprendre et \u00e0 respecter les exigences l\u00e9gales en mati\u00e8re de cosm\u00e9tiques.<\/p>\n","protected":false},"author":2,"featured_media":0,"parent":0,"menu_order":0,"comment_status":"closed","ping_status":"closed","template":"page-category.php","meta":{"_acf_changed":false,"footnotes":""},"tags":[393,387,398],"class_list":["post-5655","page","type-page","status-publish","hentry","tag-base-de-connaissances","tag-cosmetiques","tag-produits-cosmetiques-base-de-connaissances"],"acf":[],"yoast_head":"<!-- This site is optimized with the Yoast SEO plugin v27.2 - https:\/\/yoast.com\/product\/yoast-seo-wordpress\/ -->\n<title>Informations de base pour la distribution des produits cosm\u00e9tiques<\/title>\n<meta name=\"description\" content=\"La base de connaissances sur les produits cosm\u00e9tiques aide \u00e0 comprendre et \u00e0 respecter les exigences l\u00e9gales en mati\u00e8re de cosm\u00e9tiques.\" \/>\n<meta name=\"robots\" content=\"index, follow, max-snippet:-1, max-image-preview:large, max-video-preview:-1\" \/>\n<link rel=\"canonical\" href=\"https:\/\/www.msds-europe.com\/fr\/produits-cosmetiques\/\" \/>\n<meta property=\"og:locale\" content=\"fr_FR\" \/>\n<meta property=\"og:type\" content=\"article\" \/>\n<meta property=\"og:title\" content=\"Informations de base pour la distribution des produits cosm\u00e9tiques\" \/>\n<meta property=\"og:description\" content=\"La base de connaissances sur les produits cosm\u00e9tiques aide \u00e0 comprendre et \u00e0 respecter les exigences l\u00e9gales en mati\u00e8re de cosm\u00e9tiques.\" \/>\n<meta property=\"og:url\" content=\"https:\/\/www.msds-europe.com\/fr\/produits-cosmetiques\/\" \/>\n<meta property=\"og:site_name\" content=\"MSDS Europe\" \/>\n<meta property=\"article:publisher\" content=\"https:\/\/www.facebook.com\/toxinfokft\/\" \/>\n<meta property=\"article:modified_time\" content=\"2020-03-10T12:12:24+00:00\" \/>\n<meta property=\"og:image\" content=\"https:\/\/www.msds-europe.com\/wp-content\/uploads\/2020\/03\/La-boussole-de-la-s\u00e9curit\u00e9-chimique-300x180.jpg\" \/>\n<meta name=\"twitter:card\" content=\"summary_large_image\" \/>\n<meta name=\"twitter:site\" content=\"@ToxInfoKft\" \/>\n<meta name=\"twitter:label1\" content=\"Dur\u00e9e de lecture estim\u00e9e\" \/>\n\t<meta name=\"twitter:data1\" content=\"2 minutes\" \/>\n<script type=\"application\/ld+json\" class=\"yoast-schema-graph\">{\"@context\":\"https:\/\/schema.org\",\"@graph\":[{\"@type\":\"WebPage\",\"@id\":\"https:\/\/www.msds-europe.com\/fr\/produits-cosmetiques\/\",\"url\":\"https:\/\/www.msds-europe.com\/fr\/produits-cosmetiques\/\",\"name\":\"Informations de base pour la distribution des produits cosm\u00e9tiques\",\"isPartOf\":{\"@id\":\"https:\/\/www.msds-europe.com\/es\/#website\"},\"datePublished\":\"2018-06-21T14:05:39+00:00\",\"dateModified\":\"2020-03-10T12:12:24+00:00\",\"description\":\"La base de connaissances sur les produits cosm\u00e9tiques aide \u00e0 comprendre et \u00e0 respecter les exigences l\u00e9gales en mati\u00e8re de cosm\u00e9tiques.\",\"breadcrumb\":{\"@id\":\"https:\/\/www.msds-europe.com\/fr\/produits-cosmetiques\/#breadcrumb\"},\"inLanguage\":\"fr-FR\",\"potentialAction\":[{\"@type\":\"ReadAction\",\"target\":[\"https:\/\/www.msds-europe.com\/fr\/produits-cosmetiques\/\"]}]},{\"@type\":\"BreadcrumbList\",\"@id\":\"https:\/\/www.msds-europe.com\/fr\/produits-cosmetiques\/#breadcrumb\",\"itemListElement\":[{\"@type\":\"ListItem\",\"position\":1,\"name\":\"F\u0151oldal\",\"item\":\"https:\/\/www.msds-europe.com\/fr\/\"},{\"@type\":\"ListItem\",\"position\":2,\"name\":\"Produits cosm\u00e9tiques &#8211; une collection d&rsquo;informations utiles\"}]},{\"@type\":\"WebSite\",\"@id\":\"https:\/\/www.msds-europe.com\/es\/#website\",\"url\":\"https:\/\/www.msds-europe.com\/es\/\",\"name\":\"MSDS Europe\",\"description\":\"\",\"publisher\":{\"@id\":\"https:\/\/www.msds-europe.com\/es\/#organization\"},\"potentialAction\":[{\"@type\":\"SearchAction\",\"target\":{\"@type\":\"EntryPoint\",\"urlTemplate\":\"https:\/\/www.msds-europe.com\/es\/?s={search_term_string}\"},\"query-input\":{\"@type\":\"PropertyValueSpecification\",\"valueRequired\":true,\"valueName\":\"search_term_string\"}}],\"inLanguage\":\"fr-FR\"},{\"@type\":\"Organization\",\"@id\":\"https:\/\/www.msds-europe.com\/es\/#organization\",\"name\":\"MSDS-Europe International branch of ToxInfo\",\"url\":\"https:\/\/www.msds-europe.com\/es\/\",\"logo\":{\"@type\":\"ImageObject\",\"inLanguage\":\"fr-FR\",\"@id\":\"https:\/\/www.msds-europe.com\/es\/#\/schema\/logo\/image\/\",\"url\":\"https:\/\/www.msds-europe.com\/wp-content\/uploads\/2021\/04\/msds-europe-logo.jpg\",\"contentUrl\":\"https:\/\/www.msds-europe.com\/wp-content\/uploads\/2021\/04\/msds-europe-logo.jpg\",\"width\":2296,\"height\":1067,\"caption\":\"MSDS-Europe International branch of ToxInfo\"},\"image\":{\"@id\":\"https:\/\/www.msds-europe.com\/es\/#\/schema\/logo\/image\/\"},\"sameAs\":[\"https:\/\/www.facebook.com\/toxinfokft\/\",\"https:\/\/x.com\/ToxInfoKft\"]}]}<\/script>\n<!-- \/ Yoast SEO plugin. -->","yoast_head_json":{"title":"Informations de base pour la distribution des produits cosm\u00e9tiques","description":"La base de connaissances sur les produits cosm\u00e9tiques aide \u00e0 comprendre et \u00e0 respecter les exigences l\u00e9gales en mati\u00e8re de cosm\u00e9tiques.","robots":{"index":"index","follow":"follow","max-snippet":"max-snippet:-1","max-image-preview":"max-image-preview:large","max-video-preview":"max-video-preview:-1"},"canonical":"https:\/\/www.msds-europe.com\/fr\/produits-cosmetiques\/","og_locale":"fr_FR","og_type":"article","og_title":"Informations de base pour la distribution des produits cosm\u00e9tiques","og_description":"La base de connaissances sur les produits cosm\u00e9tiques aide \u00e0 comprendre et \u00e0 respecter les exigences l\u00e9gales en mati\u00e8re de cosm\u00e9tiques.","og_url":"https:\/\/www.msds-europe.com\/fr\/produits-cosmetiques\/","og_site_name":"MSDS Europe","article_publisher":"https:\/\/www.facebook.com\/toxinfokft\/","article_modified_time":"2020-03-10T12:12:24+00:00","og_image":[{"url":"https:\/\/www.msds-europe.com\/wp-content\/uploads\/2020\/03\/La-boussole-de-la-s\u00e9curit\u00e9-chimique-300x180.jpg","type":"","width":"","height":""}],"twitter_card":"summary_large_image","twitter_site":"@ToxInfoKft","twitter_misc":{"Dur\u00e9e de lecture estim\u00e9e":"2 minutes"},"schema":{"@context":"https:\/\/schema.org","@graph":[{"@type":"WebPage","@id":"https:\/\/www.msds-europe.com\/fr\/produits-cosmetiques\/","url":"https:\/\/www.msds-europe.com\/fr\/produits-cosmetiques\/","name":"Informations de base pour la distribution des produits cosm\u00e9tiques","isPartOf":{"@id":"https:\/\/www.msds-europe.com\/es\/#website"},"datePublished":"2018-06-21T14:05:39+00:00","dateModified":"2020-03-10T12:12:24+00:00","description":"La base de connaissances sur les produits cosm\u00e9tiques aide \u00e0 comprendre et \u00e0 respecter les exigences l\u00e9gales en mati\u00e8re de cosm\u00e9tiques.","breadcrumb":{"@id":"https:\/\/www.msds-europe.com\/fr\/produits-cosmetiques\/#breadcrumb"},"inLanguage":"fr-FR","potentialAction":[{"@type":"ReadAction","target":["https:\/\/www.msds-europe.com\/fr\/produits-cosmetiques\/"]}]},{"@type":"BreadcrumbList","@id":"https:\/\/www.msds-europe.com\/fr\/produits-cosmetiques\/#breadcrumb","itemListElement":[{"@type":"ListItem","position":1,"name":"F\u0151oldal","item":"https:\/\/www.msds-europe.com\/fr\/"},{"@type":"ListItem","position":2,"name":"Produits cosm\u00e9tiques &#8211; une collection d&rsquo;informations utiles"}]},{"@type":"WebSite","@id":"https:\/\/www.msds-europe.com\/es\/#website","url":"https:\/\/www.msds-europe.com\/es\/","name":"MSDS Europe","description":"","publisher":{"@id":"https:\/\/www.msds-europe.com\/es\/#organization"},"potentialAction":[{"@type":"SearchAction","target":{"@type":"EntryPoint","urlTemplate":"https:\/\/www.msds-europe.com\/es\/?s={search_term_string}"},"query-input":{"@type":"PropertyValueSpecification","valueRequired":true,"valueName":"search_term_string"}}],"inLanguage":"fr-FR"},{"@type":"Organization","@id":"https:\/\/www.msds-europe.com\/es\/#organization","name":"MSDS-Europe International branch of ToxInfo","url":"https:\/\/www.msds-europe.com\/es\/","logo":{"@type":"ImageObject","inLanguage":"fr-FR","@id":"https:\/\/www.msds-europe.com\/es\/#\/schema\/logo\/image\/","url":"https:\/\/www.msds-europe.com\/wp-content\/uploads\/2021\/04\/msds-europe-logo.jpg","contentUrl":"https:\/\/www.msds-europe.com\/wp-content\/uploads\/2021\/04\/msds-europe-logo.jpg","width":2296,"height":1067,"caption":"MSDS-Europe International branch of ToxInfo"},"image":{"@id":"https:\/\/www.msds-europe.com\/es\/#\/schema\/logo\/image\/"},"sameAs":["https:\/\/www.facebook.com\/toxinfokft\/","https:\/\/x.com\/ToxInfoKft"]}]}},"_links":{"self":[{"href":"https:\/\/www.msds-europe.com\/fr\/wp-json\/wp\/v2\/pages\/5655","targetHints":{"allow":["GET"]}}],"collection":[{"href":"https:\/\/www.msds-europe.com\/fr\/wp-json\/wp\/v2\/pages"}],"about":[{"href":"https:\/\/www.msds-europe.com\/fr\/wp-json\/wp\/v2\/types\/page"}],"author":[{"embeddable":true,"href":"https:\/\/www.msds-europe.com\/fr\/wp-json\/wp\/v2\/users\/2"}],"replies":[{"embeddable":true,"href":"https:\/\/www.msds-europe.com\/fr\/wp-json\/wp\/v2\/comments?post=5655"}],"version-history":[{"count":10,"href":"https:\/\/www.msds-europe.com\/fr\/wp-json\/wp\/v2\/pages\/5655\/revisions"}],"predecessor-version":[{"id":20649,"href":"https:\/\/www.msds-europe.com\/fr\/wp-json\/wp\/v2\/pages\/5655\/revisions\/20649"}],"wp:attachment":[{"href":"https:\/\/www.msds-europe.com\/fr\/wp-json\/wp\/v2\/media?parent=5655"}],"wp:term":[{"taxonomy":"post_tag","embeddable":true,"href":"https:\/\/www.msds-europe.com\/fr\/wp-json\/wp\/v2\/tags?post=5655"}],"curies":[{"name":"wp","href":"https:\/\/api.w.org\/{rel}","templated":true}]}}