{"id":5638,"date":"2018-06-21T13:49:50","date_gmt":"2018-06-21T13:49:50","guid":{"rendered":"http:\/\/www.msds-europe.com\/documents-de-reference-utiles-et-guides-pour-les-fiches-de-donnees-de-securite\/"},"modified":"2026-03-11T11:11:01","modified_gmt":"2026-03-11T11:11:01","slug":"fiche-de-donnees-de-securite-base-de-connaissances","status":"publish","type":"page","link":"https:\/\/www.msds-europe.com\/fr\/fiche-de-donnees-de-securite-base-de-connaissances\/","title":{"rendered":"Documents de r\u00e9f\u00e9rence utiles et guides pour les fiches de donn\u00e9es de s\u00e9curit\u00e9"},"content":{"rendered":"<p style=\"text-align: right;\"><em><a href=\"https:\/\/www.msds-europe.com\/fr\/\">MSDS-Europe<\/a> \u2013 Base de connaissances sur les fiches de donn\u00e9es de s\u00e9curit\u00e9<\/em><\/p>\n<p>&nbsp;<\/p>\n<p style=\"text-align: justify;\">La base de connaissances sur les fiches de donn\u00e9es de s\u00e9curit\u00e9 aide \u00e0 comprendre la <a href=\"https:\/\/www.msds-europe.com\/fr\/definition-fiche-donnees-securite\/\">fiche de donn\u00e9es de s\u00e9curit\u00e9<\/a> et les exigences <a href=\"https:\/\/www.msds-europe.com\/fr\/changements-reglementaires-securite-chimique\/\">r\u00e9glementaires connexes<\/a>.<\/p>\n<p>&nbsp;<\/p>\n<h2 style=\"text-align: justify;\">Objectif de la base de connaissances sur les fiches de donn\u00e9es de s\u00e9curit\u00e9<\/h2>\n<p style=\"text-align: justify;\">En cr\u00e9ant cette base de connaissances, nous souhaitons soutenir l\u2019activit\u00e9 des entreprises qui utilisent des substances et des m\u00e9langes dangereux.<\/p>\n<p style=\"text-align: justify;\">Nous publions principalement des articles dans cette cat\u00e9gorie afin de mettre en \u00e9vidence les obligations fondamentales relatives aux fiches de donn\u00e9es de s\u00e9curit\u00e9, ou de proposer une source d\u2019information imm\u00e9diate, sans devoir analyser la r\u00e9glementation en profondeur.<\/p>\n<p style=\"text-align: justify;\">L\u2019identification des obligations et des t\u00e2ches li\u00e9es aux fiches de donn\u00e9es de s\u00e9curit\u00e9 n\u2019est que la premi\u00e8re \u00e9tape. Pour \u00e9laborer une strat\u00e9gie de mise en conformit\u00e9 adapt\u00e9e, il faut disposer des connaissances de base n\u00e9cessaires, permettant d\u2019\u00e9valuer les besoins en ressources humaines et\/ou le recours \u00e0 une assistance externe. Si l\u2019on fait appel \u00e0 une soci\u00e9t\u00e9 de conseil ou \u00e0 un prestataire de services, il est essentiel de conna\u00eetre suffisamment la r\u00e9glementation afin que le travail r\u00e9alis\u00e9 (ou le service utilis\u00e9) puisse \u00eatre \u00e9valu\u00e9 et contr\u00f4l\u00e9.<\/p>\n<p style=\"text-align: justify;\"><strong>Attention\u00a0!<\/strong> Certains articles de la \u00ab\u00a0base de connaissances sur les fiches de donn\u00e9es de s\u00e9curit\u00e9\u00a0\u00bb ne traitent pas n\u00e9cessairement l\u2019ensemble des aspects de la s\u00e9curit\u00e9 chimique \u2014 afin d\u2019en faciliter la compr\u00e9hension \u2014 et peuvent donc contenir des informations \u00ab\u00a0simplifi\u00e9es\u00a0\u00bb. Dans tous les cas, il convient d\u2019identifier les t\u00e2ches de s\u00e9curit\u00e9 chimique applicables \u00e0 une entreprise donn\u00e9e, et seuls les textes r\u00e9glementaires pertinents peuvent \u00eatre consid\u00e9r\u00e9s comme authentiques.<\/p>\n<p style=\"text-align: justify;\">Consultez les derni\u00e8res \u00e9volutions r\u00e9glementaires en mati\u00e8re de s\u00e9curit\u00e9 chimique sous \u00ab\u00a0<a href=\"https:\/\/www.msds-europe.com\/fr\/changements-reglementaires-securite-chimique\/\">Changements r\u00e9glementaires \u2013 s\u00e9curit\u00e9 chimique<\/a>\u00a0\u00bb.<\/p>\n<p>&nbsp;<\/p>\n<p style=\"text-align: justify;\"><em><span style=\"color: #333333;\">Derniers articles de la base de connaissances sur les fiches de donn\u00e9es de s\u00e9curit\u00e9\u00a0:<\/span><\/em><\/p>\n<ul>\n<li style=\"text-align: justify;\"><a href=\"https:\/\/www.msds-europe.com\/fr\/rubrique-1-fds-identificateur-produit-ufi-melanges\/\"><em>FDS \u2013 Rubrique 1\u00a0: identificateur du produit &amp; UFI<\/em><\/a><\/li>\n<li style=\"text-align: justify;\"><a href=\"https:\/\/www.msds-europe.com\/fr\/sds-exigences-linguistiques\/\"><em>Langue de la fiche de donn\u00e9es de s\u00e9curit\u00e9 dans l\u2019UE<\/em><\/a><\/li>\n<li style=\"text-align: justify;\"><a href=\"https:\/\/www.msds-europe.com\/fr\/sds-sources-information-bases-donnees\/\"><em>Sources d\u2019information et bases de donn\u00e9es utiles pour la pr\u00e9paration des FDS (SDS)<\/em><\/a><\/li>\n<li style=\"text-align: justify;\"><a href=\"https:\/\/www.msds-europe.com\/fr\/clp-2026-05-01-nouvelles-classes-danger-melanges-fds-etiquetage\/\"><em>CLP 2026\u00a0: nouvelles classes de danger pour les m\u00e9langes \u2013 actions \u00e0 mener pour les FDS et l\u2019\u00e9tiquetage<\/em><\/a><\/li>\n<\/ul>\n<p>&nbsp;<\/p>\n<p><a href=\"https:\/\/www.msds-europe.com\/fr\/boussole-securite-chimique\/\"><img decoding=\"async\" class=\"alignnone size-medium wp-image-20615 alignright\" src=\"https:\/\/www.msds-europe.com\/wp-content\/uploads\/2020\/03\/La-boussole-de-la-s\u00e9curit\u00e9-chimique-300x180.jpg\" alt=\"\" width=\"300\" height=\"180\" srcset=\"https:\/\/www.msds-europe.com\/wp-content\/uploads\/2020\/03\/La-boussole-de-la-s\u00e9curit\u00e9-chimique-300x180.jpg 300w, https:\/\/www.msds-europe.com\/wp-content\/uploads\/2020\/03\/La-boussole-de-la-s\u00e9curit\u00e9-chimique.jpg 409w\" sizes=\"(max-width: 300px) 100vw, 300px\" \/><\/a><\/p>\n<h4><span style=\"color: #333333;\">Autres articles utiles<\/span><\/h4>\n<h2 style=\"text-align: justify;\">La boussole de la s\u00e9curit\u00e9 chimique<\/h2>\n<p style=\"text-align: justify;\"><strong>La s\u00e9curit\u00e9 chimique en langage clair.<\/strong><\/p>\n<p style=\"text-align: justify;\">Des articles accessibles, r\u00e9dig\u00e9s en langage clair sur la s\u00e9curit\u00e9 chimique \u2014 avec des \u00e9l\u00e9ments de contexte utiles et des analyses pratiques.<\/p>\n<p style=\"text-align: justify;\">Nouveaut\u00e9s dans la \u00ab\u00a0<a href=\"https:\/\/www.msds-europe.com\/fr\/boussole-securite-chimique\/\">Boussole de la s\u00e9curit\u00e9 chimique<\/a>\u00a0\u00bb\u00a0:<\/p>\n<ul>\n<li><a href=\"https:\/\/www.msds-europe.com\/fr\/boussole-securite-chimique\/#firefighting-foams\"><em>\u00c9limination progressive des mousses anti-incendie contenant des PFAS : \u00e9ch\u00e9ances, transition et gestion des d\u00e9chets<\/em><\/a><\/li>\n<li><a href=\"https:\/\/www.msds-europe.com\/fr\/boussole-securite-chimique\/#clp-trap\"><em>Le pi\u00e8ge du CLP pour les fabricants de m\u00e9langes en 2026 : \u00e9ch\u00e9ances applicables aux substances et aux m\u00e9langes, et points d\u2019action<\/em><\/a><\/li>\n<li><a href=\"https:\/\/www.msds-europe.com\/fr\/boussole-securite-chimique\/#digital-label\"><em>\u00c9tiquette num\u00e9rique au titre du CLP : obligations, actions de l\u2019entreprise et mise en \u0153uvre technique (QR code)<\/em><\/a><\/li>\n<li><em><a href=\"https:\/\/www.msds-europe.com\/fr\/boussole-securite-chimique\/#calendrier-2026\">Calendrier 2026 des \u00e9ch\u00e9ances et des actions en mati\u00e8re de s\u00e9curit\u00e9 chimique<\/a><\/em><\/li>\n<li><em><a href=\"https:\/\/www.msds-europe.com\/fr\/boussole-securite-chimique\/#publicite-en-ligne\">Nouvelles r\u00e8gles CLP pour l\u2019e-commerce\u00a0: \u00e9tiquetage et publicit\u00e9<\/a><\/em><\/li>\n<\/ul>\n<p>&nbsp;<\/p>\n<h3>Consultation en ligne gratuite<\/h3>\n<p style=\"text-align: justify;\">Si vous n\u2019avez pas trouv\u00e9 sur notre site les informations dont vous aviez besoin, posez vos questions concernant les FDS directement \u00e0 nos experts.<\/p>\n<p style=\"text-align: justify;\">Pour envoyer vos questions, veuillez utiliser l\u2019application suivante\u00a0: <a href=\"https:\/\/www.msds-europe.com\/fr\/consultation-en-ligne\/\">Consultation en ligne gratuite<\/a><\/p>\n<p>&nbsp;<\/p>\n<h3>Nos services<\/h3>\n<p style=\"text-align: justify;\">Pour r\u00e9pondre aux obligations et aux enjeux li\u00e9s aux fiches de donn\u00e9es de s\u00e9curit\u00e9, nous recommandons nos services d\u2019<a href=\"https:\/\/www.msds-europe.com\/fr\/fiche-de-donnees-de-securite-etablissement-elaboration\/\">\u00e9laboration<\/a>, de <a href=\"https:\/\/www.msds-europe.com\/fr\/traduction-fiches-de-donnees-de-securite\/\">traduction<\/a> et de <a href=\"https:\/\/www.msds-europe.com\/fr\/fds-revision-mise-a-jour\/\">r\u00e9vision \/ mise \u00e0 jour<\/a> des fiches de donn\u00e9es de s\u00e9curit\u00e9.<\/p>\n<p>&nbsp;<\/p>\n<p>&nbsp;<\/p>\n","protected":false},"excerpt":{"rendered":"<p>Une collection des documents de r\u00e9f\u00e9rence utiles et des guides concernant l&rsquo;interpr\u00e9tation et l&rsquo;\u00e9tablissement des fiches de donn\u00e9es de s\u00e9curit\u00e9.<\/p>\n","protected":false},"author":2,"featured_media":0,"parent":0,"menu_order":0,"comment_status":"closed","ping_status":"closed","template":"page-category.php","meta":{"_acf_changed":false,"footnotes":""},"tags":[393,385,386],"class_list":["post-5638","page","type-page","status-publish","hentry","tag-base-de-connaissances","tag-fiche-de-donnees-de-securite","tag-fiche-de-donnees-de-securite-base-de-connaissances"],"acf":[],"yoast_head":"<!-- This site is optimized with the Yoast SEO plugin v27.2 - https:\/\/yoast.com\/product\/yoast-seo-wordpress\/ -->\n<title>Informations utiles pour les fiches de donn\u00e9es de s\u00e9curit\u00e9<\/title>\n<meta name=\"description\" content=\"Articles utiles dans la base de connaissances pour l&#039;interpr\u00e9tation de la FDS et les exigences r\u00e9glementaires connexes.\" \/>\n<meta name=\"robots\" content=\"index, follow, max-snippet:-1, max-image-preview:large, max-video-preview:-1\" \/>\n<link rel=\"canonical\" href=\"https:\/\/www.msds-europe.com\/fr\/fiche-de-donnees-de-securite-base-de-connaissances\/\" \/>\n<meta property=\"og:locale\" content=\"fr_FR\" \/>\n<meta property=\"og:type\" content=\"article\" \/>\n<meta property=\"og:title\" content=\"Informations utiles pour les fiches de donn\u00e9es de s\u00e9curit\u00e9\" \/>\n<meta property=\"og:description\" content=\"Articles utiles dans la base de connaissances pour l&#039;interpr\u00e9tation de la FDS et les exigences r\u00e9glementaires connexes.\" \/>\n<meta property=\"og:url\" content=\"https:\/\/www.msds-europe.com\/fr\/fiche-de-donnees-de-securite-base-de-connaissances\/\" \/>\n<meta property=\"og:site_name\" content=\"MSDS Europe\" \/>\n<meta property=\"article:publisher\" content=\"https:\/\/www.facebook.com\/toxinfokft\/\" \/>\n<meta property=\"article:modified_time\" content=\"2026-03-11T11:11:01+00:00\" \/>\n<meta name=\"twitter:card\" content=\"summary_large_image\" \/>\n<meta name=\"twitter:site\" content=\"@ToxInfoKft\" \/>\n<meta name=\"twitter:label1\" content=\"Dur\u00e9e de lecture estim\u00e9e\" \/>\n\t<meta name=\"twitter:data1\" content=\"4 minutes\" \/>\n<script type=\"application\/ld+json\" class=\"yoast-schema-graph\">{\"@context\":\"https:\/\/schema.org\",\"@graph\":[{\"@type\":\"WebPage\",\"@id\":\"https:\/\/www.msds-europe.com\/fr\/fiche-de-donnees-de-securite-base-de-connaissances\/\",\"url\":\"https:\/\/www.msds-europe.com\/fr\/fiche-de-donnees-de-securite-base-de-connaissances\/\",\"name\":\"Informations utiles pour les fiches de donn\u00e9es de s\u00e9curit\u00e9\",\"isPartOf\":{\"@id\":\"https:\/\/www.msds-europe.com\/es\/#website\"},\"datePublished\":\"2018-06-21T13:49:50+00:00\",\"dateModified\":\"2026-03-11T11:11:01+00:00\",\"description\":\"Articles utiles dans la base de connaissances pour l'interpr\u00e9tation de la FDS et les exigences r\u00e9glementaires connexes.\",\"breadcrumb\":{\"@id\":\"https:\/\/www.msds-europe.com\/fr\/fiche-de-donnees-de-securite-base-de-connaissances\/#breadcrumb\"},\"inLanguage\":\"fr-FR\",\"potentialAction\":[{\"@type\":\"ReadAction\",\"target\":[\"https:\/\/www.msds-europe.com\/fr\/fiche-de-donnees-de-securite-base-de-connaissances\/\"]}]},{\"@type\":\"BreadcrumbList\",\"@id\":\"https:\/\/www.msds-europe.com\/fr\/fiche-de-donnees-de-securite-base-de-connaissances\/#breadcrumb\",\"itemListElement\":[{\"@type\":\"ListItem\",\"position\":1,\"name\":\"F\u0151oldal\",\"item\":\"https:\/\/www.msds-europe.com\/fr\/\"},{\"@type\":\"ListItem\",\"position\":2,\"name\":\"Documents de r\u00e9f\u00e9rence utiles et guides pour les fiches de donn\u00e9es de s\u00e9curit\u00e9\"}]},{\"@type\":\"WebSite\",\"@id\":\"https:\/\/www.msds-europe.com\/es\/#website\",\"url\":\"https:\/\/www.msds-europe.com\/es\/\",\"name\":\"MSDS Europe\",\"description\":\"\",\"publisher\":{\"@id\":\"https:\/\/www.msds-europe.com\/es\/#organization\"},\"potentialAction\":[{\"@type\":\"SearchAction\",\"target\":{\"@type\":\"EntryPoint\",\"urlTemplate\":\"https:\/\/www.msds-europe.com\/es\/?s={search_term_string}\"},\"query-input\":{\"@type\":\"PropertyValueSpecification\",\"valueRequired\":true,\"valueName\":\"search_term_string\"}}],\"inLanguage\":\"fr-FR\"},{\"@type\":\"Organization\",\"@id\":\"https:\/\/www.msds-europe.com\/es\/#organization\",\"name\":\"MSDS-Europe International branch of ToxInfo\",\"url\":\"https:\/\/www.msds-europe.com\/es\/\",\"logo\":{\"@type\":\"ImageObject\",\"inLanguage\":\"fr-FR\",\"@id\":\"https:\/\/www.msds-europe.com\/es\/#\/schema\/logo\/image\/\",\"url\":\"https:\/\/www.msds-europe.com\/wp-content\/uploads\/2021\/04\/msds-europe-logo.jpg\",\"contentUrl\":\"https:\/\/www.msds-europe.com\/wp-content\/uploads\/2021\/04\/msds-europe-logo.jpg\",\"width\":2296,\"height\":1067,\"caption\":\"MSDS-Europe International branch of ToxInfo\"},\"image\":{\"@id\":\"https:\/\/www.msds-europe.com\/es\/#\/schema\/logo\/image\/\"},\"sameAs\":[\"https:\/\/www.facebook.com\/toxinfokft\/\",\"https:\/\/x.com\/ToxInfoKft\"]}]}<\/script>\n<!-- \/ Yoast SEO plugin. -->","yoast_head_json":{"title":"Informations utiles pour les fiches de donn\u00e9es de s\u00e9curit\u00e9","description":"Articles utiles dans la base de connaissances pour l'interpr\u00e9tation de la FDS et les exigences r\u00e9glementaires connexes.","robots":{"index":"index","follow":"follow","max-snippet":"max-snippet:-1","max-image-preview":"max-image-preview:large","max-video-preview":"max-video-preview:-1"},"canonical":"https:\/\/www.msds-europe.com\/fr\/fiche-de-donnees-de-securite-base-de-connaissances\/","og_locale":"fr_FR","og_type":"article","og_title":"Informations utiles pour les fiches de donn\u00e9es de s\u00e9curit\u00e9","og_description":"Articles utiles dans la base de connaissances pour l'interpr\u00e9tation de la FDS et les exigences r\u00e9glementaires connexes.","og_url":"https:\/\/www.msds-europe.com\/fr\/fiche-de-donnees-de-securite-base-de-connaissances\/","og_site_name":"MSDS Europe","article_publisher":"https:\/\/www.facebook.com\/toxinfokft\/","article_modified_time":"2026-03-11T11:11:01+00:00","twitter_card":"summary_large_image","twitter_site":"@ToxInfoKft","twitter_misc":{"Dur\u00e9e de lecture estim\u00e9e":"4 minutes"},"schema":{"@context":"https:\/\/schema.org","@graph":[{"@type":"WebPage","@id":"https:\/\/www.msds-europe.com\/fr\/fiche-de-donnees-de-securite-base-de-connaissances\/","url":"https:\/\/www.msds-europe.com\/fr\/fiche-de-donnees-de-securite-base-de-connaissances\/","name":"Informations utiles pour les fiches de donn\u00e9es de s\u00e9curit\u00e9","isPartOf":{"@id":"https:\/\/www.msds-europe.com\/es\/#website"},"datePublished":"2018-06-21T13:49:50+00:00","dateModified":"2026-03-11T11:11:01+00:00","description":"Articles utiles dans la base de connaissances pour l'interpr\u00e9tation de la FDS et les exigences r\u00e9glementaires connexes.","breadcrumb":{"@id":"https:\/\/www.msds-europe.com\/fr\/fiche-de-donnees-de-securite-base-de-connaissances\/#breadcrumb"},"inLanguage":"fr-FR","potentialAction":[{"@type":"ReadAction","target":["https:\/\/www.msds-europe.com\/fr\/fiche-de-donnees-de-securite-base-de-connaissances\/"]}]},{"@type":"BreadcrumbList","@id":"https:\/\/www.msds-europe.com\/fr\/fiche-de-donnees-de-securite-base-de-connaissances\/#breadcrumb","itemListElement":[{"@type":"ListItem","position":1,"name":"F\u0151oldal","item":"https:\/\/www.msds-europe.com\/fr\/"},{"@type":"ListItem","position":2,"name":"Documents de r\u00e9f\u00e9rence utiles et guides pour les fiches de donn\u00e9es de s\u00e9curit\u00e9"}]},{"@type":"WebSite","@id":"https:\/\/www.msds-europe.com\/es\/#website","url":"https:\/\/www.msds-europe.com\/es\/","name":"MSDS Europe","description":"","publisher":{"@id":"https:\/\/www.msds-europe.com\/es\/#organization"},"potentialAction":[{"@type":"SearchAction","target":{"@type":"EntryPoint","urlTemplate":"https:\/\/www.msds-europe.com\/es\/?s={search_term_string}"},"query-input":{"@type":"PropertyValueSpecification","valueRequired":true,"valueName":"search_term_string"}}],"inLanguage":"fr-FR"},{"@type":"Organization","@id":"https:\/\/www.msds-europe.com\/es\/#organization","name":"MSDS-Europe International branch of ToxInfo","url":"https:\/\/www.msds-europe.com\/es\/","logo":{"@type":"ImageObject","inLanguage":"fr-FR","@id":"https:\/\/www.msds-europe.com\/es\/#\/schema\/logo\/image\/","url":"https:\/\/www.msds-europe.com\/wp-content\/uploads\/2021\/04\/msds-europe-logo.jpg","contentUrl":"https:\/\/www.msds-europe.com\/wp-content\/uploads\/2021\/04\/msds-europe-logo.jpg","width":2296,"height":1067,"caption":"MSDS-Europe International branch of ToxInfo"},"image":{"@id":"https:\/\/www.msds-europe.com\/es\/#\/schema\/logo\/image\/"},"sameAs":["https:\/\/www.facebook.com\/toxinfokft\/","https:\/\/x.com\/ToxInfoKft"]}]}},"_links":{"self":[{"href":"https:\/\/www.msds-europe.com\/fr\/wp-json\/wp\/v2\/pages\/5638","targetHints":{"allow":["GET"]}}],"collection":[{"href":"https:\/\/www.msds-europe.com\/fr\/wp-json\/wp\/v2\/pages"}],"about":[{"href":"https:\/\/www.msds-europe.com\/fr\/wp-json\/wp\/v2\/types\/page"}],"author":[{"embeddable":true,"href":"https:\/\/www.msds-europe.com\/fr\/wp-json\/wp\/v2\/users\/2"}],"replies":[{"embeddable":true,"href":"https:\/\/www.msds-europe.com\/fr\/wp-json\/wp\/v2\/comments?post=5638"}],"version-history":[{"count":30,"href":"https:\/\/www.msds-europe.com\/fr\/wp-json\/wp\/v2\/pages\/5638\/revisions"}],"predecessor-version":[{"id":38541,"href":"https:\/\/www.msds-europe.com\/fr\/wp-json\/wp\/v2\/pages\/5638\/revisions\/38541"}],"wp:attachment":[{"href":"https:\/\/www.msds-europe.com\/fr\/wp-json\/wp\/v2\/media?parent=5638"}],"wp:term":[{"taxonomy":"post_tag","embeddable":true,"href":"https:\/\/www.msds-europe.com\/fr\/wp-json\/wp\/v2\/tags?post=5638"}],"curies":[{"name":"wp","href":"https:\/\/api.w.org\/{rel}","templated":true}]}}