{"id":5621,"date":"2018-06-21T13:28:26","date_gmt":"2018-06-21T13:28:26","guid":{"rendered":"http:\/\/www.msds-europe.com\/base-de-connaissances-reach\/"},"modified":"2026-03-11T11:09:50","modified_gmt":"2026-03-11T11:09:50","slug":"base-connaissances-reach","status":"publish","type":"page","link":"https:\/\/www.msds-europe.com\/fr\/base-connaissances-reach\/","title":{"rendered":"Base de connaissances REACH"},"content":{"rendered":"<h2 style=\"text-align: justify;\"><span style=\"color: #333333;\">Objectif de la base de connaissances REACH<\/span><\/h2>\n<p style=\"text-align: justify;\">En cr\u00e9ant cette base de connaissances, nous souhaitons aider les fabricants, les utilisateurs en aval et les distributeurs qui ont des obligations au titre du r\u00e8glement REACH.<\/p>\n<p style=\"text-align: justify;\">Dans la cat\u00e9gorie \u00ab base de connaissances REACH \u00bb, nous publions principalement des articles qui attirent l\u2019attention sur les obligations fondamentales li\u00e9es \u00e0 REACH ou qui peuvent \u00eatre utilis\u00e9s comme source d\u2019information imm\u00e9diate, sans devoir \u00e9tudier la r\u00e9glementation en profondeur.<\/p>\n<p style=\"text-align: justify;\">\u00c0 travers les documents professionnels publi\u00e9s sur notre site web, nous souhaitons permettre aux entreprises de mieux d\u00e9finir leur niveau d\u2019implication et leurs responsabilit\u00e9s au titre du r\u00e8glement REACH.<\/p>\n<p style=\"text-align: justify;\">Nous souhaitons fournir des informations g\u00e9n\u00e9rales de base sur certains r\u00e8glements et sous-th\u00e8mes, afin de vous aider \u00e0 vous orienter correctement lors de la mise en \u0153uvre.<\/p>\n<p>&nbsp;<\/p>\n<p style=\"text-align: justify;\"><strong>Attention\u00a0!<\/strong><\/p>\n<p style=\"text-align: justify;\">Certains articles de notre site web ne prennent pas n\u00e9cessairement en compte tous les aspects de la s\u00e9curit\u00e9 chimique \u2013 afin de faciliter la compr\u00e9hension \u2013 et peuvent donc contenir des informations \u00ab simplifi\u00e9es \u00bb.<\/p>\n<p style=\"text-align: justify;\">Dans chaque cas, il est n\u00e9cessaire de d\u00e9finir les obligations REACH sp\u00e9cifiques \u00e0 l\u2019entreprise concern\u00e9e, et seuls les textes de la r\u00e9glementation applicable peuvent \u00eatre consid\u00e9r\u00e9s comme authentiques\u00a0!<\/p>\n<p style=\"text-align: justify;\">Consultez la derni\u00e8re modification du r\u00e8glement REACH dans la rubrique \u00ab <a href=\"https:\/\/www.msds-europe.com\/fr\/changements-reglementaires-securite-chimique\/\">R\u00e9glementations sur la s\u00e9curit\u00e9 chimique<\/a> \u00bb.<\/p>\n<p>&nbsp;<\/p>\n<h4 style=\"text-align: justify;\"><span style=\"color: #333333;\">Derniers articles de la base de connaissances REACH<\/span><\/h4>\n<ul>\n<li><a href=\"https:\/\/www.msds-europe.com\/reach-obligations-manufacturers-importers\/\">Les obligations REACH des fabricants et des importateurs<\/a><\/li>\n<li><a href=\"https:\/\/www.msds-europe.com\/downstream-user-chemical-safety-assessment\/\">Autorisation des substances SVHC<\/a><\/li>\n<li style=\"text-align: justify;\"><a href=\"https:\/\/www.msds-europe.com\/downstream-user-reach-communication-obligations\/\">Les obligations de l\u2019utilisateur en aval en mati\u00e8re de communication REACH<\/a><\/li>\n<\/ul>\n<p>&nbsp;<\/p>\n<p><a href=\"https:\/\/www.msds-europe.com\/fr\/boussole-securite-chimique\/\"><img decoding=\"async\" class=\"alignnone size-medium wp-image-20615 alignright\" src=\"https:\/\/www.msds-europe.com\/wp-content\/uploads\/2020\/03\/La-boussole-de-la-s\u00e9curit\u00e9-chimique-300x180.jpg\" alt=\"\" width=\"300\" height=\"180\" srcset=\"https:\/\/www.msds-europe.com\/wp-content\/uploads\/2020\/03\/La-boussole-de-la-s\u00e9curit\u00e9-chimique-300x180.jpg 300w, https:\/\/www.msds-europe.com\/wp-content\/uploads\/2020\/03\/La-boussole-de-la-s\u00e9curit\u00e9-chimique.jpg 409w\" sizes=\"(max-width: 300px) 100vw, 300px\" \/><\/a><\/p>\n<h4><span style=\"color: #333333;\">Autres articles utiles<\/span><\/h4>\n<h3 style=\"text-align: justify;\">La boussole de la s\u00e9curit\u00e9 chimique<\/h3>\n<p style=\"text-align: justify;\"><strong>La s\u00e9curit\u00e9 chimique expliqu\u00e9e de mani\u00e8re compr\u00e9hensible.<\/strong><\/p>\n<p style=\"text-align: justify;\">Dans notre nouvelle rubrique, les personnes int\u00e9ress\u00e9es peuvent consulter des contenus relatifs \u00e0 la r\u00e9glementation sur la s\u00e9curit\u00e9 chimique, qui aident \u00e0 comprendre leurs obligations et la mani\u00e8re de s\u2019y pr\u00e9parer.<\/p>\n<p style=\"text-align: justify;\"><em>Derniers articles de la \u00ab Boussole de la s\u00e9curit\u00e9 chimique \u00bb\u00a0:<\/em><\/p>\n<ul>\n<li><a href=\"https:\/\/www.msds-europe.com\/fr\/boussole-securite-chimique\/#firefighting-foams\"><em>\u00c9limination progressive des mousses anti-incendie contenant des PFAS : \u00e9ch\u00e9ances, transition et gestion des d\u00e9chets<\/em><\/a><\/li>\n<li><a href=\"https:\/\/www.msds-europe.com\/fr\/boussole-securite-chimique\/#clp-trap\"><em>Le pi\u00e8ge du CLP pour les fabricants de m\u00e9langes en 2026 : \u00e9ch\u00e9ances applicables aux substances et aux m\u00e9langes, et points d\u2019action<\/em><\/a><\/li>\n<li><em><a href=\"https:\/\/www.msds-europe.com\/fr\/boussole-securite-chimique\/#digital-label\">\u00c9tiquette num\u00e9rique au titre du CLP : obligations, actions de l\u2019entreprise et mise en \u0153uvre technique (QR code)<\/a><\/em><\/li>\n<li style=\"text-align: justify;\"><a href=\"https:\/\/www.msds-europe.com\/fr\/boussole-securite-chimique\/#calendrier-2026\"><em>Calendrier 2026 des \u00e9ch\u00e9ances et des actions en mati\u00e8re de s\u00e9curit\u00e9 chimique<\/em><\/a><\/li>\n<li style=\"text-align: justify;\"><a href=\"https:\/\/www.msds-europe.com\/fr\/boussole-securite-chimique\/#publicite-en-ligne\"><em>Nouvelles r\u00e8gles CLP pour l\u2019e-commerce : \u00e9tiquetage et publicit\u00e9<\/em><\/a><\/li>\n<\/ul>\n<p>&nbsp;<\/p>\n<p><a href=\"https:\/\/www.msds-europe.com\/fr\/fiche-de-donnees-de-securite-base-de-connaissances\/\"><img decoding=\"async\" class=\"size-full wp-image-32814 alignright\" src=\"https:\/\/www.msds-europe.com\/wp-content\/uploads\/2025\/05\/MSDS-Europe-Ressources-professionnelles.jpg\" alt=\"\" width=\"300\" height=\"277\" \/><\/a><\/p>\n<h3>Base de connaissances sur les fiches de donn\u00e9es de s\u00e9curit\u00e9<\/h3>\n<p style=\"text-align: justify;\">Dans la \u00ab <strong>Base de connaissances sur les fiches de donn\u00e9es de s\u00e9curit\u00e9<\/strong> \u00bb, nous publions principalement des articles qui attirent l\u2019attention sur les obligations fondamentales et les informations essentielles li\u00e9es aux fiches de donn\u00e9es de s\u00e9curit\u00e9.<\/p>\n<p style=\"text-align: justify;\"><em>Nouveaux articles dans la cat\u00e9gorie \u00ab Base de connaissances sur les fiches de donn\u00e9es de s\u00e9curit\u00e9 \u00bb\u00a0:<\/em><\/p>\n<ul>\n<li style=\"text-align: justify;\"><a href=\"https:\/\/www.msds-europe.com\/fr\/rubrique-1-fds-identificateur-produit-ufi-melanges\/\"><em>FDS Rubrique 1 : identificateur de produit &amp; UFI<\/em><\/a><\/li>\n<li style=\"text-align: justify;\"><a href=\"https:\/\/www.msds-europe.com\/fr\/sds-exigences-linguistiques\/\"><em>Langue de la fiche de donn\u00e9es de s\u00e9curit\u00e9 dans l\u2019UE<\/em><\/a><\/li>\n<li style=\"text-align: justify;\"><a href=\"https:\/\/www.msds-europe.com\/fr\/sds-sources-information-bases-donnees\/\"><em>Sources d\u2019information et bases de donn\u00e9es utiles pour la pr\u00e9paration des SDS<\/em><\/a><\/li>\n<li style=\"text-align: justify;\"><a href=\"https:\/\/www.msds-europe.com\/fr\/clp-2026-05-01-nouvelles-classes-danger-melanges-fds-etiquetage\/\"><em>CLP 2026 : nouvelles classes de danger pour les m\u00e9langes \u2013 actions \u00e0 mener pour les FDS et l\u2019\u00e9tiquetage<\/em><\/a><\/li>\n<\/ul>\n<p>&nbsp;<\/p>\n<h4><span style=\"color: #333333;\">Des questions suppl\u00e9mentaires\u00a0?<\/span><\/h4>\n<p>Contactez notre service client, ou posez votre question \u00e0 notre expert en ligne.<\/p>\n<a href=\"https:\/\/www.msds-europe.com\/fr\/demande-de-devis-fds\/\" class=\"su-button su-button-style-default\" style=\"color:#ef552d;background-color:#fefefe;border-color:#cccccc;border-radius:6px\" target=\"_self\"><span style=\"color:#ef552d;padding:0px 18px;font-size:14px;line-height:28px;border-color:#ffffff;border-radius:6px;text-shadow:none\"> Service client<\/span><\/a>\u00a0 \u00a0 \u00a0 \u00a0 \u00a0 \u00a0 \u00a0 <a href=\"https:\/\/www.msds-europe.com\/fr\/consultation-en-ligne\/\" class=\"su-button su-button-style-default\" style=\"color:#ffffff;background-color:#ef552d;border-color:#c04424;border-radius:6px\" target=\"_self\"><span style=\"color:#ffffff;padding:0px 18px;font-size:14px;line-height:28px;border-color:#f4886c;border-radius:6px;text-shadow:0px 0px 2px #ffffff\"> Demander \u00e0 notre expert<\/span><\/a>\n<p>&nbsp;<\/p>\n<h4><span style=\"color: #333333;\">Recommandation de service\u00a0:<\/span><\/h4>\n<ul>\n<li><a href=\"https:\/\/www.msds-europe.com\/fr\/traduction-fiches-de-donnees-de-securite\/\">Traduction des fiches de donn\u00e9es de s\u00e9curit\u00e9<\/a><\/li>\n<li><a href=\"https:\/\/www.msds-europe.com\/fr\/fiche-de-donnees-de-securite-etablissement-elaboration\/\">\u00c9tablissement \/ \u00e9laboration d\u2019une fiche de donn\u00e9es de s\u00e9curit\u00e9<\/a><\/li>\n<li><a href=\"https:\/\/www.msds-europe.com\/fr\/service-ufi\/\">Nos services li\u00e9s \u00e0 la notification PCN<\/a><\/li>\n<\/ul>\n<p>&nbsp;<\/p>\n","protected":false},"excerpt":{"rendered":"<p>La base de connaissances REACH contient des informations utiles pour se conformer aux exigences REACH \u00e0 tous les niveaux de la cha\u00eene d&rsquo;approvisionnement.<\/p>\n","protected":false},"author":2,"featured_media":0,"parent":0,"menu_order":0,"comment_status":"closed","ping_status":"closed","template":"page-category.php","meta":{"_acf_changed":false,"footnotes":""},"tags":[393],"class_list":["post-5621","page","type-page","status-publish","hentry","tag-base-de-connaissances"],"acf":[],"yoast_head":"<!-- This site is optimized with the Yoast SEO plugin v27.2 - https:\/\/yoast.com\/product\/yoast-seo-wordpress\/ -->\n<title>Base de connaissances REACH : guides &amp; obligations<\/title>\n<meta name=\"description\" content=\"Articles pratiques sur les exigences REACH pour les fabricants, importateurs, distributeurs et utilisateurs en aval.\" \/>\n<meta name=\"robots\" content=\"index, follow, max-snippet:-1, max-image-preview:large, max-video-preview:-1\" \/>\n<link rel=\"canonical\" href=\"https:\/\/www.msds-europe.com\/fr\/base-connaissances-reach\/\" \/>\n<meta property=\"og:locale\" content=\"fr_FR\" \/>\n<meta property=\"og:type\" content=\"article\" \/>\n<meta property=\"og:title\" content=\"Base de connaissances REACH : guides &amp; obligations\" \/>\n<meta property=\"og:description\" content=\"Articles pratiques sur les exigences REACH pour les fabricants, importateurs, distributeurs et utilisateurs en aval.\" \/>\n<meta property=\"og:url\" content=\"https:\/\/www.msds-europe.com\/fr\/base-connaissances-reach\/\" \/>\n<meta property=\"og:site_name\" content=\"MSDS Europe\" \/>\n<meta property=\"article:publisher\" content=\"https:\/\/www.facebook.com\/toxinfokft\/\" \/>\n<meta property=\"article:modified_time\" content=\"2026-03-11T11:09:50+00:00\" \/>\n<meta property=\"og:image\" content=\"https:\/\/www.msds-europe.com\/wp-content\/uploads\/2025\/05\/MSDS-Europe-Ressources-professionnelles.jpg\" \/>\n<meta name=\"twitter:card\" content=\"summary_large_image\" \/>\n<meta name=\"twitter:site\" content=\"@ToxInfoKft\" \/>\n<meta name=\"twitter:label1\" content=\"Dur\u00e9e de lecture estim\u00e9e\" \/>\n\t<meta name=\"twitter:data1\" content=\"4 minutes\" \/>\n<script type=\"application\/ld+json\" class=\"yoast-schema-graph\">{\"@context\":\"https:\/\/schema.org\",\"@graph\":[{\"@type\":\"WebPage\",\"@id\":\"https:\/\/www.msds-europe.com\/fr\/base-connaissances-reach\/\",\"url\":\"https:\/\/www.msds-europe.com\/fr\/base-connaissances-reach\/\",\"name\":\"Base de connaissances REACH : guides & obligations\",\"isPartOf\":{\"@id\":\"https:\/\/www.msds-europe.com\/es\/#website\"},\"primaryImageOfPage\":{\"@id\":\"https:\/\/www.msds-europe.com\/fr\/base-connaissances-reach\/#primaryimage\"},\"image\":{\"@id\":\"https:\/\/www.msds-europe.com\/fr\/base-connaissances-reach\/#primaryimage\"},\"thumbnailUrl\":\"https:\/\/www.msds-europe.com\/wp-content\/uploads\/2025\/05\/MSDS-Europe-Ressources-professionnelles.jpg\",\"datePublished\":\"2018-06-21T13:28:26+00:00\",\"dateModified\":\"2026-03-11T11:09:50+00:00\",\"description\":\"Articles pratiques sur les exigences REACH pour les fabricants, importateurs, distributeurs et utilisateurs en aval.\",\"breadcrumb\":{\"@id\":\"https:\/\/www.msds-europe.com\/fr\/base-connaissances-reach\/#breadcrumb\"},\"inLanguage\":\"fr-FR\",\"potentialAction\":[{\"@type\":\"ReadAction\",\"target\":[\"https:\/\/www.msds-europe.com\/fr\/base-connaissances-reach\/\"]}]},{\"@type\":\"ImageObject\",\"inLanguage\":\"fr-FR\",\"@id\":\"https:\/\/www.msds-europe.com\/fr\/base-connaissances-reach\/#primaryimage\",\"url\":\"https:\/\/www.msds-europe.com\/wp-content\/uploads\/2025\/05\/MSDS-Europe-Ressources-professionnelles.jpg\",\"contentUrl\":\"https:\/\/www.msds-europe.com\/wp-content\/uploads\/2025\/05\/MSDS-Europe-Ressources-professionnelles.jpg\"},{\"@type\":\"BreadcrumbList\",\"@id\":\"https:\/\/www.msds-europe.com\/fr\/base-connaissances-reach\/#breadcrumb\",\"itemListElement\":[{\"@type\":\"ListItem\",\"position\":1,\"name\":\"F\u0151oldal\",\"item\":\"https:\/\/www.msds-europe.com\/fr\/\"},{\"@type\":\"ListItem\",\"position\":2,\"name\":\"Base de connaissances REACH\"}]},{\"@type\":\"WebSite\",\"@id\":\"https:\/\/www.msds-europe.com\/es\/#website\",\"url\":\"https:\/\/www.msds-europe.com\/es\/\",\"name\":\"MSDS Europe\",\"description\":\"\",\"publisher\":{\"@id\":\"https:\/\/www.msds-europe.com\/es\/#organization\"},\"potentialAction\":[{\"@type\":\"SearchAction\",\"target\":{\"@type\":\"EntryPoint\",\"urlTemplate\":\"https:\/\/www.msds-europe.com\/es\/?s={search_term_string}\"},\"query-input\":{\"@type\":\"PropertyValueSpecification\",\"valueRequired\":true,\"valueName\":\"search_term_string\"}}],\"inLanguage\":\"fr-FR\"},{\"@type\":\"Organization\",\"@id\":\"https:\/\/www.msds-europe.com\/es\/#organization\",\"name\":\"MSDS-Europe International branch of ToxInfo\",\"url\":\"https:\/\/www.msds-europe.com\/es\/\",\"logo\":{\"@type\":\"ImageObject\",\"inLanguage\":\"fr-FR\",\"@id\":\"https:\/\/www.msds-europe.com\/es\/#\/schema\/logo\/image\/\",\"url\":\"https:\/\/www.msds-europe.com\/wp-content\/uploads\/2021\/04\/msds-europe-logo.jpg\",\"contentUrl\":\"https:\/\/www.msds-europe.com\/wp-content\/uploads\/2021\/04\/msds-europe-logo.jpg\",\"width\":2296,\"height\":1067,\"caption\":\"MSDS-Europe International branch of ToxInfo\"},\"image\":{\"@id\":\"https:\/\/www.msds-europe.com\/es\/#\/schema\/logo\/image\/\"},\"sameAs\":[\"https:\/\/www.facebook.com\/toxinfokft\/\",\"https:\/\/x.com\/ToxInfoKft\"]}]}<\/script>\n<!-- \/ Yoast SEO plugin. -->","yoast_head_json":{"title":"Base de connaissances REACH : guides & obligations","description":"Articles pratiques sur les exigences REACH pour les fabricants, importateurs, distributeurs et utilisateurs en aval.","robots":{"index":"index","follow":"follow","max-snippet":"max-snippet:-1","max-image-preview":"max-image-preview:large","max-video-preview":"max-video-preview:-1"},"canonical":"https:\/\/www.msds-europe.com\/fr\/base-connaissances-reach\/","og_locale":"fr_FR","og_type":"article","og_title":"Base de connaissances REACH : guides & obligations","og_description":"Articles pratiques sur les exigences REACH pour les fabricants, importateurs, distributeurs et utilisateurs en aval.","og_url":"https:\/\/www.msds-europe.com\/fr\/base-connaissances-reach\/","og_site_name":"MSDS Europe","article_publisher":"https:\/\/www.facebook.com\/toxinfokft\/","article_modified_time":"2026-03-11T11:09:50+00:00","og_image":[{"url":"https:\/\/www.msds-europe.com\/wp-content\/uploads\/2025\/05\/MSDS-Europe-Ressources-professionnelles.jpg","type":"","width":"","height":""}],"twitter_card":"summary_large_image","twitter_site":"@ToxInfoKft","twitter_misc":{"Dur\u00e9e de lecture estim\u00e9e":"4 minutes"},"schema":{"@context":"https:\/\/schema.org","@graph":[{"@type":"WebPage","@id":"https:\/\/www.msds-europe.com\/fr\/base-connaissances-reach\/","url":"https:\/\/www.msds-europe.com\/fr\/base-connaissances-reach\/","name":"Base de connaissances REACH : guides & obligations","isPartOf":{"@id":"https:\/\/www.msds-europe.com\/es\/#website"},"primaryImageOfPage":{"@id":"https:\/\/www.msds-europe.com\/fr\/base-connaissances-reach\/#primaryimage"},"image":{"@id":"https:\/\/www.msds-europe.com\/fr\/base-connaissances-reach\/#primaryimage"},"thumbnailUrl":"https:\/\/www.msds-europe.com\/wp-content\/uploads\/2025\/05\/MSDS-Europe-Ressources-professionnelles.jpg","datePublished":"2018-06-21T13:28:26+00:00","dateModified":"2026-03-11T11:09:50+00:00","description":"Articles pratiques sur les exigences REACH pour les fabricants, importateurs, distributeurs et utilisateurs en aval.","breadcrumb":{"@id":"https:\/\/www.msds-europe.com\/fr\/base-connaissances-reach\/#breadcrumb"},"inLanguage":"fr-FR","potentialAction":[{"@type":"ReadAction","target":["https:\/\/www.msds-europe.com\/fr\/base-connaissances-reach\/"]}]},{"@type":"ImageObject","inLanguage":"fr-FR","@id":"https:\/\/www.msds-europe.com\/fr\/base-connaissances-reach\/#primaryimage","url":"https:\/\/www.msds-europe.com\/wp-content\/uploads\/2025\/05\/MSDS-Europe-Ressources-professionnelles.jpg","contentUrl":"https:\/\/www.msds-europe.com\/wp-content\/uploads\/2025\/05\/MSDS-Europe-Ressources-professionnelles.jpg"},{"@type":"BreadcrumbList","@id":"https:\/\/www.msds-europe.com\/fr\/base-connaissances-reach\/#breadcrumb","itemListElement":[{"@type":"ListItem","position":1,"name":"F\u0151oldal","item":"https:\/\/www.msds-europe.com\/fr\/"},{"@type":"ListItem","position":2,"name":"Base de connaissances REACH"}]},{"@type":"WebSite","@id":"https:\/\/www.msds-europe.com\/es\/#website","url":"https:\/\/www.msds-europe.com\/es\/","name":"MSDS Europe","description":"","publisher":{"@id":"https:\/\/www.msds-europe.com\/es\/#organization"},"potentialAction":[{"@type":"SearchAction","target":{"@type":"EntryPoint","urlTemplate":"https:\/\/www.msds-europe.com\/es\/?s={search_term_string}"},"query-input":{"@type":"PropertyValueSpecification","valueRequired":true,"valueName":"search_term_string"}}],"inLanguage":"fr-FR"},{"@type":"Organization","@id":"https:\/\/www.msds-europe.com\/es\/#organization","name":"MSDS-Europe International branch of ToxInfo","url":"https:\/\/www.msds-europe.com\/es\/","logo":{"@type":"ImageObject","inLanguage":"fr-FR","@id":"https:\/\/www.msds-europe.com\/es\/#\/schema\/logo\/image\/","url":"https:\/\/www.msds-europe.com\/wp-content\/uploads\/2021\/04\/msds-europe-logo.jpg","contentUrl":"https:\/\/www.msds-europe.com\/wp-content\/uploads\/2021\/04\/msds-europe-logo.jpg","width":2296,"height":1067,"caption":"MSDS-Europe International branch of ToxInfo"},"image":{"@id":"https:\/\/www.msds-europe.com\/es\/#\/schema\/logo\/image\/"},"sameAs":["https:\/\/www.facebook.com\/toxinfokft\/","https:\/\/x.com\/ToxInfoKft"]}]}},"_links":{"self":[{"href":"https:\/\/www.msds-europe.com\/fr\/wp-json\/wp\/v2\/pages\/5621","targetHints":{"allow":["GET"]}}],"collection":[{"href":"https:\/\/www.msds-europe.com\/fr\/wp-json\/wp\/v2\/pages"}],"about":[{"href":"https:\/\/www.msds-europe.com\/fr\/wp-json\/wp\/v2\/types\/page"}],"author":[{"embeddable":true,"href":"https:\/\/www.msds-europe.com\/fr\/wp-json\/wp\/v2\/users\/2"}],"replies":[{"embeddable":true,"href":"https:\/\/www.msds-europe.com\/fr\/wp-json\/wp\/v2\/comments?post=5621"}],"version-history":[{"count":17,"href":"https:\/\/www.msds-europe.com\/fr\/wp-json\/wp\/v2\/pages\/5621\/revisions"}],"predecessor-version":[{"id":38539,"href":"https:\/\/www.msds-europe.com\/fr\/wp-json\/wp\/v2\/pages\/5621\/revisions\/38539"}],"wp:attachment":[{"href":"https:\/\/www.msds-europe.com\/fr\/wp-json\/wp\/v2\/media?parent=5621"}],"wp:term":[{"taxonomy":"post_tag","embeddable":true,"href":"https:\/\/www.msds-europe.com\/fr\/wp-json\/wp\/v2\/tags?post=5621"}],"curies":[{"name":"wp","href":"https:\/\/api.w.org\/{rel}","templated":true}]}}