{"id":5598,"date":"2018-06-21T13:09:36","date_gmt":"2018-06-21T13:09:36","guid":{"rendered":"http:\/\/www.msds-europe.com\/services-lies-aux-produits-cosmetiques\/"},"modified":"2018-07-03T13:37:25","modified_gmt":"2018-07-03T13:37:25","slug":"services-produits-cosmetiques","status":"publish","type":"page","link":"https:\/\/www.msds-europe.com\/fr\/services-produits-cosmetiques\/","title":{"rendered":"Services li\u00e9s \u00e0 la mise sur le march\u00e9 des produits cosm\u00e9tiques"},"content":{"rendered":"<p style=\"text-align: right;\"><em><a href=\"http:\/\/www.msds-europe.com\/fr\/\">MSDS-Europe<\/a> \u2013 Services li\u00e9s \u00e0 la mise sur le march\u00e9 des produits cosm\u00e9tiques<\/em><\/p>\n<p>&nbsp;<\/p>\n<p style=\"text-align: justify;\">Nous avons d\u00e9velopp\u00e9 notre gamme de services pour r\u00e9pondre aux besoins des entreprises impliqu\u00e9es dans l&rsquo;importation et la distribution des produits cosm\u00e9tiques afin de les aider \u00e0 mettre leurs produits sur le march\u00e9 aussi efficacement que possible.<\/p>\n<p style=\"text-align: justify;\">Nous aidons nos partenaires dans l&rsquo;ensemble du processus d&rsquo;octroi de licences, dans la r\u00e9daction de l&rsquo;\u00e9tiquette du produit jusqu&rsquo;\u00e0 l&rsquo;ach\u00e8vement du processus de notification.<\/p>\n<p style=\"text-align: justify;\">Nos activit\u00e9s sont r\u00e9alis\u00e9es selon le r\u00e8glement sur les produits cosm\u00e9tiques (<strong>R\u00e8glement 1223\/2009\/CE<\/strong>).<br \/>\nNotre soci\u00e9t\u00e9 dispose de la licence d\u00e9termin\u00e9e dans la loi pertinente, et de l&rsquo;expert avec l&rsquo;exp\u00e9rience professionnelle n\u00e9cessaire.<\/p>\n<p>&nbsp;<\/p>\n<h2 style=\"text-align: justify;\">Nous sommes \u00e0 votre disposition dans<\/h2>\n<ul>\n<li style=\"text-align: justify;\"><a href=\"http:\/\/www.msds-europe.com\/fr\/etablissement-evaluation-de-la-securite-pour-les-cosmetiques\/\">L&rsquo; \u00e9tablissement de l&rsquo;\u00c9valuation de s\u00e9curit\u00e9<\/a><\/li>\n<li style=\"text-align: justify;\"><a href=\"http:\/\/www.msds-europe.com\/fr\/etablissement-traduction-projet-etiquette-produits-cosmetiques\/\">L&rsquo; \u00e9tablissement d&rsquo;un projet d&rsquo;\u00e9tiquette<\/a><\/li>\n<li style=\"text-align: justify;\"><a href=\"http:\/\/www.msds-europe.com\/fr\/service-notification-pcnp\/\">Notification via le portail CPNP<\/a> (Portail de Notification des Produits Cosm\u00e9tiques)<\/li>\n<li style=\"text-align: justify;\"><a href=\"http:\/\/www.msds-europe.com\/fr\/elaboration-fiche-de-donnees-de-securite-pour-les-produits-cosmetiques\/\">\u00c9laboration de fiche de donn\u00e9es de s\u00e9curit\u00e9 pour les produits cosm\u00e9tiques<\/a><\/li>\n<\/ul>\n<p style=\"text-align: justify;\"><em>Pour voir une description d\u00e9taill\u00e9e de nos services li\u00e9s aux produits cosm\u00e9tiques cliquez sur l&rsquo;un des liens ci-dessus.<\/em><\/p>\n<p>&nbsp;<\/p>\n<h2 style=\"text-align: justify;\">Garantie<\/h2>\n<p style=\"text-align: justify;\">Notre soci\u00e9t\u00e9 prend la pleine responsabilit\u00e9 professionnelle et financi\u00e8re pour nos services dans le cadre du processus d&rsquo;autorisation des produits cosm\u00e9tiques. Les remarques des diff\u00e9rentes autorit\u00e9s et celles indiqu\u00e9es par nos clients font l&rsquo;objet d&rsquo;une enqu\u00eate en 24 heures. Nous acceptons les remarques ou les r\u00e9clamations \u00e0 tous nos contacts.<\/p>\n<p>&nbsp;<\/p>\n<h2 style=\"text-align: justify;\">Service clients<\/h2>\n<p style=\"text-align: justify;\">Notre <a href=\"http:\/\/www.msds-europe.com\/fr\/service-clients\/\">service clients<\/a> s&rsquo;engage \u00e0 une administration efficace, de haute qualit\u00e9.<\/p>\n<p style=\"text-align: justify;\">Notre service clients est disponible pour r\u00e9pondre \u00e0 des questions techniques ou d&rsquo;autres types, m\u00eame apr\u00e8s avoir rempli le service command\u00e9 concernant les produits cosm\u00e9tiques.<\/p>\n<p>&nbsp;<\/p>\n<h2 style=\"text-align: justify;\"><span style=\"color: #333333;\">Demande de devis pour des services concernant les produits cosm\u00e9tiques<\/span><\/h2>\n<p style=\"text-align: justify;\"><a href=\"mailto:info@msds-europe.com\">Nous r\u00e9pondrons aux demandes de devis envoy\u00e9es par e-mail<\/a> ou par <a href=\"http:\/\/www.msds-europe.com\/fr\/demande-de-devis-produits-cosmetiques\/\">formulaire en ligne<\/a> en 24 heures.<br \/>\nNotre <a href=\"http:\/\/www.msds-europe.com\/fr\/service-clients\/\">service clients<\/a> vous aidera \u00e0 choisir le bon service.<\/p>\n<p>&nbsp;<\/p>\n","protected":false},"excerpt":{"rendered":"<p>Services li\u00e9s \u00e0 la mise sur le march\u00e9 des produits cosm\u00e9tiques. \u00c9tablissement des notifications et des documents n\u00e9cessaires \u00e0 la distribution et \u00e0 la fabrication des produits cosm\u00e9tiques.<\/p>\n","protected":false},"author":2,"featured_media":0,"parent":0,"menu_order":0,"comment_status":"closed","ping_status":"closed","template":"page-category.php","meta":{"_acf_changed":false,"footnotes":""},"tags":[387,391],"class_list":["post-5598","page","type-page","status-publish","hentry","tag-cosmetiques","tag-services-lies-aux-produits-cosmetiques"],"acf":[],"yoast_head":"<!-- This site is optimized with the Yoast SEO plugin v27.2 - https:\/\/yoast.com\/product\/yoast-seo-wordpress\/ -->\n<title>Services li\u00e9s \u00e0 la mise sur le march\u00e9 des produits cosm\u00e9tiques<\/title>\n<meta name=\"description\" content=\"Services li\u00e9s \u00e0 la mise sur le march\u00e9 des produits cosm\u00e9tiques. \u00c9tablissement des notifications et des documents n\u00e9cessaires \u00e0 la distribution et \u00e0 la fabrication des produits cosm\u00e9tiques avec garantie.\" \/>\n<meta name=\"robots\" content=\"index, follow, max-snippet:-1, max-image-preview:large, max-video-preview:-1\" \/>\n<link rel=\"canonical\" href=\"https:\/\/www.msds-europe.com\/fr\/services-produits-cosmetiques\/\" \/>\n<meta property=\"og:locale\" content=\"fr_FR\" \/>\n<meta property=\"og:type\" content=\"article\" \/>\n<meta property=\"og:title\" content=\"Services li\u00e9s \u00e0 la mise sur le march\u00e9 des produits cosm\u00e9tiques\" \/>\n<meta property=\"og:description\" content=\"Services li\u00e9s \u00e0 la mise sur le march\u00e9 des produits cosm\u00e9tiques. \u00c9tablissement des notifications et des documents n\u00e9cessaires \u00e0 la distribution et \u00e0 la fabrication des produits cosm\u00e9tiques avec garantie.\" \/>\n<meta property=\"og:url\" content=\"https:\/\/www.msds-europe.com\/fr\/services-produits-cosmetiques\/\" \/>\n<meta property=\"og:site_name\" content=\"MSDS Europe\" \/>\n<meta property=\"article:publisher\" content=\"https:\/\/www.facebook.com\/toxinfokft\/\" \/>\n<meta property=\"article:modified_time\" content=\"2018-07-03T13:37:25+00:00\" \/>\n<meta name=\"twitter:card\" content=\"summary_large_image\" \/>\n<meta name=\"twitter:site\" content=\"@ToxInfoKft\" \/>\n<meta name=\"twitter:label1\" content=\"Dur\u00e9e de lecture estim\u00e9e\" \/>\n\t<meta name=\"twitter:data1\" content=\"2 minutes\" \/>\n<script type=\"application\/ld+json\" class=\"yoast-schema-graph\">{\"@context\":\"https:\/\/schema.org\",\"@graph\":[{\"@type\":\"WebPage\",\"@id\":\"https:\/\/www.msds-europe.com\/fr\/services-produits-cosmetiques\/\",\"url\":\"https:\/\/www.msds-europe.com\/fr\/services-produits-cosmetiques\/\",\"name\":\"Services li\u00e9s \u00e0 la mise sur le march\u00e9 des produits cosm\u00e9tiques\",\"isPartOf\":{\"@id\":\"https:\/\/www.msds-europe.com\/es\/#website\"},\"datePublished\":\"2018-06-21T13:09:36+00:00\",\"dateModified\":\"2018-07-03T13:37:25+00:00\",\"description\":\"Services li\u00e9s \u00e0 la mise sur le march\u00e9 des produits cosm\u00e9tiques. \u00c9tablissement des notifications et des documents n\u00e9cessaires \u00e0 la distribution et \u00e0 la fabrication des produits cosm\u00e9tiques avec garantie.\",\"breadcrumb\":{\"@id\":\"https:\/\/www.msds-europe.com\/fr\/services-produits-cosmetiques\/#breadcrumb\"},\"inLanguage\":\"fr-FR\",\"potentialAction\":[{\"@type\":\"ReadAction\",\"target\":[\"https:\/\/www.msds-europe.com\/fr\/services-produits-cosmetiques\/\"]}]},{\"@type\":\"BreadcrumbList\",\"@id\":\"https:\/\/www.msds-europe.com\/fr\/services-produits-cosmetiques\/#breadcrumb\",\"itemListElement\":[{\"@type\":\"ListItem\",\"position\":1,\"name\":\"F\u0151oldal\",\"item\":\"https:\/\/www.msds-europe.com\/fr\/\"},{\"@type\":\"ListItem\",\"position\":2,\"name\":\"Services li\u00e9s \u00e0 la mise sur le march\u00e9 des produits cosm\u00e9tiques\"}]},{\"@type\":\"WebSite\",\"@id\":\"https:\/\/www.msds-europe.com\/es\/#website\",\"url\":\"https:\/\/www.msds-europe.com\/es\/\",\"name\":\"MSDS Europe\",\"description\":\"\",\"publisher\":{\"@id\":\"https:\/\/www.msds-europe.com\/es\/#organization\"},\"potentialAction\":[{\"@type\":\"SearchAction\",\"target\":{\"@type\":\"EntryPoint\",\"urlTemplate\":\"https:\/\/www.msds-europe.com\/es\/?s={search_term_string}\"},\"query-input\":{\"@type\":\"PropertyValueSpecification\",\"valueRequired\":true,\"valueName\":\"search_term_string\"}}],\"inLanguage\":\"fr-FR\"},{\"@type\":\"Organization\",\"@id\":\"https:\/\/www.msds-europe.com\/es\/#organization\",\"name\":\"MSDS-Europe International branch of ToxInfo\",\"url\":\"https:\/\/www.msds-europe.com\/es\/\",\"logo\":{\"@type\":\"ImageObject\",\"inLanguage\":\"fr-FR\",\"@id\":\"https:\/\/www.msds-europe.com\/es\/#\/schema\/logo\/image\/\",\"url\":\"https:\/\/www.msds-europe.com\/wp-content\/uploads\/2021\/04\/msds-europe-logo.jpg\",\"contentUrl\":\"https:\/\/www.msds-europe.com\/wp-content\/uploads\/2021\/04\/msds-europe-logo.jpg\",\"width\":2296,\"height\":1067,\"caption\":\"MSDS-Europe International branch of ToxInfo\"},\"image\":{\"@id\":\"https:\/\/www.msds-europe.com\/es\/#\/schema\/logo\/image\/\"},\"sameAs\":[\"https:\/\/www.facebook.com\/toxinfokft\/\",\"https:\/\/x.com\/ToxInfoKft\"]}]}<\/script>\n<!-- \/ Yoast SEO plugin. -->","yoast_head_json":{"title":"Services li\u00e9s \u00e0 la mise sur le march\u00e9 des produits cosm\u00e9tiques","description":"Services li\u00e9s \u00e0 la mise sur le march\u00e9 des produits cosm\u00e9tiques. \u00c9tablissement des notifications et des documents n\u00e9cessaires \u00e0 la distribution et \u00e0 la fabrication des produits cosm\u00e9tiques avec garantie.","robots":{"index":"index","follow":"follow","max-snippet":"max-snippet:-1","max-image-preview":"max-image-preview:large","max-video-preview":"max-video-preview:-1"},"canonical":"https:\/\/www.msds-europe.com\/fr\/services-produits-cosmetiques\/","og_locale":"fr_FR","og_type":"article","og_title":"Services li\u00e9s \u00e0 la mise sur le march\u00e9 des produits cosm\u00e9tiques","og_description":"Services li\u00e9s \u00e0 la mise sur le march\u00e9 des produits cosm\u00e9tiques. \u00c9tablissement des notifications et des documents n\u00e9cessaires \u00e0 la distribution et \u00e0 la fabrication des produits cosm\u00e9tiques avec garantie.","og_url":"https:\/\/www.msds-europe.com\/fr\/services-produits-cosmetiques\/","og_site_name":"MSDS Europe","article_publisher":"https:\/\/www.facebook.com\/toxinfokft\/","article_modified_time":"2018-07-03T13:37:25+00:00","twitter_card":"summary_large_image","twitter_site":"@ToxInfoKft","twitter_misc":{"Dur\u00e9e de lecture estim\u00e9e":"2 minutes"},"schema":{"@context":"https:\/\/schema.org","@graph":[{"@type":"WebPage","@id":"https:\/\/www.msds-europe.com\/fr\/services-produits-cosmetiques\/","url":"https:\/\/www.msds-europe.com\/fr\/services-produits-cosmetiques\/","name":"Services li\u00e9s \u00e0 la mise sur le march\u00e9 des produits cosm\u00e9tiques","isPartOf":{"@id":"https:\/\/www.msds-europe.com\/es\/#website"},"datePublished":"2018-06-21T13:09:36+00:00","dateModified":"2018-07-03T13:37:25+00:00","description":"Services li\u00e9s \u00e0 la mise sur le march\u00e9 des produits cosm\u00e9tiques. \u00c9tablissement des notifications et des documents n\u00e9cessaires \u00e0 la distribution et \u00e0 la fabrication des produits cosm\u00e9tiques avec garantie.","breadcrumb":{"@id":"https:\/\/www.msds-europe.com\/fr\/services-produits-cosmetiques\/#breadcrumb"},"inLanguage":"fr-FR","potentialAction":[{"@type":"ReadAction","target":["https:\/\/www.msds-europe.com\/fr\/services-produits-cosmetiques\/"]}]},{"@type":"BreadcrumbList","@id":"https:\/\/www.msds-europe.com\/fr\/services-produits-cosmetiques\/#breadcrumb","itemListElement":[{"@type":"ListItem","position":1,"name":"F\u0151oldal","item":"https:\/\/www.msds-europe.com\/fr\/"},{"@type":"ListItem","position":2,"name":"Services li\u00e9s \u00e0 la mise sur le march\u00e9 des produits cosm\u00e9tiques"}]},{"@type":"WebSite","@id":"https:\/\/www.msds-europe.com\/es\/#website","url":"https:\/\/www.msds-europe.com\/es\/","name":"MSDS Europe","description":"","publisher":{"@id":"https:\/\/www.msds-europe.com\/es\/#organization"},"potentialAction":[{"@type":"SearchAction","target":{"@type":"EntryPoint","urlTemplate":"https:\/\/www.msds-europe.com\/es\/?s={search_term_string}"},"query-input":{"@type":"PropertyValueSpecification","valueRequired":true,"valueName":"search_term_string"}}],"inLanguage":"fr-FR"},{"@type":"Organization","@id":"https:\/\/www.msds-europe.com\/es\/#organization","name":"MSDS-Europe International branch of ToxInfo","url":"https:\/\/www.msds-europe.com\/es\/","logo":{"@type":"ImageObject","inLanguage":"fr-FR","@id":"https:\/\/www.msds-europe.com\/es\/#\/schema\/logo\/image\/","url":"https:\/\/www.msds-europe.com\/wp-content\/uploads\/2021\/04\/msds-europe-logo.jpg","contentUrl":"https:\/\/www.msds-europe.com\/wp-content\/uploads\/2021\/04\/msds-europe-logo.jpg","width":2296,"height":1067,"caption":"MSDS-Europe International branch of ToxInfo"},"image":{"@id":"https:\/\/www.msds-europe.com\/es\/#\/schema\/logo\/image\/"},"sameAs":["https:\/\/www.facebook.com\/toxinfokft\/","https:\/\/x.com\/ToxInfoKft"]}]}},"_links":{"self":[{"href":"https:\/\/www.msds-europe.com\/fr\/wp-json\/wp\/v2\/pages\/5598","targetHints":{"allow":["GET"]}}],"collection":[{"href":"https:\/\/www.msds-europe.com\/fr\/wp-json\/wp\/v2\/pages"}],"about":[{"href":"https:\/\/www.msds-europe.com\/fr\/wp-json\/wp\/v2\/types\/page"}],"author":[{"embeddable":true,"href":"https:\/\/www.msds-europe.com\/fr\/wp-json\/wp\/v2\/users\/2"}],"replies":[{"embeddable":true,"href":"https:\/\/www.msds-europe.com\/fr\/wp-json\/wp\/v2\/comments?post=5598"}],"version-history":[{"count":5,"href":"https:\/\/www.msds-europe.com\/fr\/wp-json\/wp\/v2\/pages\/5598\/revisions"}],"predecessor-version":[{"id":7284,"href":"https:\/\/www.msds-europe.com\/fr\/wp-json\/wp\/v2\/pages\/5598\/revisions\/7284"}],"wp:attachment":[{"href":"https:\/\/www.msds-europe.com\/fr\/wp-json\/wp\/v2\/media?parent=5598"}],"wp:term":[{"taxonomy":"post_tag","embeddable":true,"href":"https:\/\/www.msds-europe.com\/fr\/wp-json\/wp\/v2\/tags?post=5598"}],"curies":[{"name":"wp","href":"https:\/\/api.w.org\/{rel}","templated":true}]}}