{"id":5554,"date":"2018-06-21T12:20:46","date_gmt":"2018-06-21T12:20:46","guid":{"rendered":"http:\/\/www.msds-europe.com\/symboles-de-danger-dpd\/"},"modified":"2026-02-20T13:15:43","modified_gmt":"2026-02-20T13:15:43","slug":"symboles-de-danger","status":"publish","type":"page","link":"https:\/\/www.msds-europe.com\/fr\/symboles-de-danger\/","title":{"rendered":"Symboles de danger"},"content":{"rendered":"<p style=\"text-align: right;\"><em><a href=\"https:\/\/www.msds-europe.com\/fr\/fiche-de-donnees-de-securite-base-de-connaissances\/\">Base de connaissances sur les fiches de donn\u00e9es de s\u00e9curit\u00e9<\/a> \u2013 Symboles de danger<\/em><\/p>\n<p>&nbsp;<\/p>\n<h3>Les phrases R et S ne doivent plus \u00eatre utilis\u00e9es \u00e0 compter du 1er juin 2017.<\/h3>\n<p>&nbsp;<\/p>\n<div class=\"su-custom-gallery su-custom-gallery-align-left su-custom-gallery-title-always su-lightbox-gallery\"><div class=\"su-custom-gallery-slide\" style=\"width:200px;height:200px\"><a href=\"https:\/\/www.msds-europe.com\/wp-content\/uploads\/2018\/06\/C_Corrosif.jpg\" title=\"C_Corrosif\"><img decoding=\"async\" src=\"https:\/\/www.msds-europe.com\/wp-content\/uploads\/2018\/06\/C_Corrosif-200x200.jpg\" alt=\"C_Corrosif\" width=\"200\" height=\"200\" \/><span class=\"su-custom-gallery-title\">C_Corrosif<\/span><\/a><\/div><div class=\"su-custom-gallery-slide\" style=\"width:200px;height:200px\"><a href=\"https:\/\/www.msds-europe.com\/wp-content\/uploads\/2018\/06\/E_Explosif.jpg\" title=\"E_Explosif\"><img decoding=\"async\" src=\"https:\/\/www.msds-europe.com\/wp-content\/uploads\/2018\/06\/E_Explosif-200x200.jpg\" alt=\"E_Explosif\" width=\"200\" height=\"200\" \/><span class=\"su-custom-gallery-title\">E_Explosif<\/span><\/a><\/div><div class=\"su-custom-gallery-slide\" style=\"width:200px;height:200px\"><a href=\"https:\/\/www.msds-europe.com\/wp-content\/uploads\/2018\/06\/F_Facilement-inflammable.jpg\" title=\"F_Facilement inflammable\"><img decoding=\"async\" src=\"https:\/\/www.msds-europe.com\/wp-content\/uploads\/2018\/06\/F_Facilement-inflammable-200x200.jpg\" alt=\"F_Facilement inflammable\" width=\"200\" height=\"200\" \/><span class=\"su-custom-gallery-title\">F_Facilement inflammable<\/span><\/a><\/div><div class=\"su-custom-gallery-slide\" style=\"width:200px;height:200px\"><a href=\"https:\/\/www.msds-europe.com\/wp-content\/uploads\/2018\/06\/F_Extr\u00eamement-inflammable.jpg\" title=\"F+_Extr\u00eamement inflammable\"><img decoding=\"async\" src=\"https:\/\/www.msds-europe.com\/wp-content\/uploads\/2018\/06\/F_Extr\u00eamement-inflammable-200x200.jpg\" alt=\"F+_Extr\u00eamement inflammable\" width=\"200\" height=\"200\" \/><span class=\"su-custom-gallery-title\">F+_Extr\u00eamement inflammable<\/span><\/a><\/div><div class=\"su-custom-gallery-slide\" style=\"width:200px;height:200px\"><a href=\"https:\/\/www.msds-europe.com\/wp-content\/uploads\/2018\/06\/N_Dangereux-pour-lenvironnement.jpg\" title=\"N_Dangereux pour l&rsquo;environnement\"><img decoding=\"async\" src=\"https:\/\/www.msds-europe.com\/wp-content\/uploads\/2018\/06\/N_Dangereux-pour-lenvironnement-200x200.jpg\" alt=\"N_Dangereux pour l&rsquo;environnement\" width=\"200\" height=\"200\" \/><span class=\"su-custom-gallery-title\">N_Dangereux pour l&rsquo;environnement<\/span><\/a><\/div><div class=\"su-custom-gallery-slide\" style=\"width:200px;height:200px\"><a href=\"https:\/\/www.msds-europe.com\/wp-content\/uploads\/2018\/06\/O_Comburant.jpg\" title=\"O_Comburant\"><img decoding=\"async\" src=\"https:\/\/www.msds-europe.com\/wp-content\/uploads\/2018\/06\/O_Comburant-200x200.jpg\" alt=\"O_Comburant\" width=\"200\" height=\"200\" \/><span class=\"su-custom-gallery-title\">O_Comburant<\/span><\/a><\/div><div class=\"su-custom-gallery-slide\" style=\"width:200px;height:200px\"><a href=\"https:\/\/www.msds-europe.com\/wp-content\/uploads\/2018\/06\/T_Toxique.jpg\" title=\"T_Toxique\"><img decoding=\"async\" src=\"https:\/\/www.msds-europe.com\/wp-content\/uploads\/2018\/06\/T_Toxique-200x200.jpg\" alt=\"T_Toxique\" width=\"200\" height=\"200\" \/><span class=\"su-custom-gallery-title\">T_Toxique<\/span><\/a><\/div><div class=\"su-custom-gallery-slide\" style=\"width:200px;height:200px\"><a href=\"https:\/\/www.msds-europe.com\/wp-content\/uploads\/2018\/06\/T_Tr\u00e8s-toxique.jpg\" title=\"T+_Tr\u00e8s toxique\"><img decoding=\"async\" src=\"https:\/\/www.msds-europe.com\/wp-content\/uploads\/2018\/06\/T_Tr\u00e8s-toxique-200x200.jpg\" alt=\"T+_Tr\u00e8s toxique\" width=\"200\" height=\"200\" \/><span class=\"su-custom-gallery-title\">T+_Tr\u00e8s toxique<\/span><\/a><\/div><div class=\"su-custom-gallery-slide\" style=\"width:200px;height:200px\"><a href=\"https:\/\/www.msds-europe.com\/wp-content\/uploads\/2018\/06\/Xi_Irritant-1.jpg\" title=\"Xi_Irritant\"><img decoding=\"async\" src=\"https:\/\/www.msds-europe.com\/wp-content\/uploads\/2018\/06\/Xi_Irritant-1-200x200.jpg\" alt=\"Xi_Irritant\" width=\"200\" height=\"200\" \/><span class=\"su-custom-gallery-title\">Xi_Irritant<\/span><\/a><\/div><div class=\"su-custom-gallery-slide\" style=\"width:200px;height:200px\"><a href=\"https:\/\/www.msds-europe.com\/wp-content\/uploads\/2018\/06\/Xn_Nocif.jpg\" title=\"Xn_Nocif\"><img decoding=\"async\" src=\"https:\/\/www.msds-europe.com\/wp-content\/uploads\/2018\/06\/Xn_Nocif-200x200.jpg\" alt=\"Xn_Nocif\" width=\"200\" height=\"200\" \/><span class=\"su-custom-gallery-title\">Xn_Nocif<\/span><\/a><\/div><div class=\"su-clear\"><\/div><\/div>\n<p>\u00a0<\/p>\n<h3><span style=\"color: #333333;\">Services offerts<\/span><\/h3>\n<ul>\n<li><a href=\"https:\/\/www.msds-europe.com\/fr\/fiche-de-donnees-de-securite-etablissement-elaboration\/\">\u00c9laboration et pr\u00e9paration d\u2019une fiche de donn\u00e9es de s\u00e9curit\u00e9<\/a><\/li>\n<li><a href=\"https:\/\/www.msds-europe.com\/fr\/etablissement-projet-etiquette\/\">\u00c9tablissement du projet d\u2019\u00e9tiquette<\/a><\/li>\n<\/ul>\n<p>&nbsp;<\/p>\n<h3 class=\"title_4\"><span style=\"color: #333333;\">Informations utiles<\/span><\/h3>\n<ul>\n<li><a title=\"Pictogramme de danger\" href=\"https:\/\/www.msds-europe.com\/fr\/pictogramme-de-danger\/\">Pictogramme de danger<\/a><\/li>\n<li><a title=\"Conseils de prudence P\" href=\"https:\/\/www.msds-europe.com\/fr\/conseils-de-prudence-p\/\">Conseils de prudence P<\/a><\/li>\n<li><a title=\"Mentions de danger H\" href=\"https:\/\/www.msds-europe.com\/fr\/mentions-de-danger-h\/\">Mentions de danger H<\/a><\/li>\n<li><a title=\"\u00c9l\u00e9ments d\u2019\u00e9tiquetage de la fiche de donn\u00e9es de s\u00e9curit\u00e9\" href=\"https:\/\/www.msds-europe.com\/fr\/elements-etiquetage-de-la-fiche-de-donnees-de-securite\/\">\u00c9l\u00e9ments d\u2019\u00e9tiquetage de la fiche de donn\u00e9es de s\u00e9curit\u00e9<\/a><\/li>\n<li><a title=\"\u00c9tiquetage CLP en pratique\" href=\"https:\/\/www.msds-europe.com\/clp-labelling-in-practice\/\">\u00c9tiquetage CLP en pratique<\/a><\/li>\n<\/ul>\n<p>&nbsp;<\/p>\n<h3><span style=\"color: #333333;\">Questions fr\u00e9quentes et r\u00e9ponses<\/span><\/h3>\n<div class=\"su-spoiler su-spoiler-style-fancy su-spoiler-icon-chevron su-spoiler-closed\" data-scroll-offset=\"0\" data-anchor-in-url=\"no\"><div class=\"su-spoiler-title\" tabindex=\"0\" role=\"button\"><span class=\"su-spoiler-icon\"><\/span>Pourquoi les symboles de danger DSD\/DPD ne peuvent-ils plus \u00eatre utilis\u00e9s sur les \u00e9tiquettes et les fiches de donn\u00e9es de s\u00e9curit\u00e9 apr\u00e8s le 1er juin 2017 ?<\/div><div class=\"su-spoiler-content su-u-clearfix su-u-trim\">\n\u00c0 compter de cette date, seuls les pictogrammes de danger conformes au r\u00e8glement (CE) n\u00b0 1272\/2008 (CLP) doivent \u00eatre utilis\u00e9s ; les anciens symboles DSD\/DPD n\u2019ont donc plus de validit\u00e9 juridique.<br \/>\n<\/div><\/div>\n<div class=\"su-spoiler su-spoiler-style-fancy su-spoiler-icon-chevron su-spoiler-closed\" data-scroll-offset=\"0\" data-anchor-in-url=\"no\"><div class=\"su-spoiler-title\" tabindex=\"0\" role=\"button\"><span class=\"su-spoiler-icon\"><\/span>O\u00f9 puis-je trouver les pictogrammes de danger CLP maintenant que les anciens symboles ne sont plus autoris\u00e9s ?<\/div><div class=\"su-spoiler-content su-u-clearfix su-u-trim\">\nVous pouvez les consulter et les t\u00e9l\u00e9charger sur notre page d\u00e9di\u00e9e : <a href=\"https:\/\/www.msds-europe.com\/fr\/pictogramme-de-danger\/\">Pictogramme de danger<\/a>.<br \/>\n<\/div><\/div>\n","protected":false},"excerpt":{"rendered":"<p>Collection des symboles de danger DPD (non applicable \u00e0 partir du 1er juin 2017).<\/p>\n","protected":false},"author":2,"featured_media":0,"parent":0,"menu_order":0,"comment_status":"closed","ping_status":"closed","template":"","meta":{"_acf_changed":false,"footnotes":""},"tags":[385,406,386],"class_list":["post-5554","page","type-page","status-publish","hentry","tag-fiche-de-donnees-de-securite","tag-fiche-de-donnees-de-securite-fr","tag-fiche-de-donnees-de-securite-base-de-connaissances"],"acf":[],"yoast_head":"<!-- This site is optimized with the Yoast SEO plugin v27.2 - https:\/\/yoast.com\/product\/yoast-seo-wordpress\/ -->\n<title>Symboles de danger. T\u00e9l\u00e9charger les symboles de danger.<\/title>\n<meta name=\"description\" content=\"\u00c0 compter du 1er juin 2017, conform\u00e9ment \u00e0 l&#039;ordonnance du r\u00e8glement CLP, les anciens symboles de danger DPD ne doivent pas \u00eatre utilis\u00e9s.\" \/>\n<meta name=\"robots\" content=\"index, follow, max-snippet:-1, max-image-preview:large, max-video-preview:-1\" \/>\n<link rel=\"canonical\" href=\"https:\/\/www.msds-europe.com\/fr\/symboles-de-danger\/\" \/>\n<meta property=\"og:locale\" content=\"fr_FR\" \/>\n<meta property=\"og:type\" content=\"article\" \/>\n<meta property=\"og:title\" content=\"Symboles de danger. T\u00e9l\u00e9charger les symboles de danger.\" \/>\n<meta property=\"og:description\" content=\"\u00c0 compter du 1er juin 2017, conform\u00e9ment \u00e0 l&#039;ordonnance du r\u00e8glement CLP, les anciens symboles de danger DPD ne doivent pas \u00eatre utilis\u00e9s.\" \/>\n<meta property=\"og:url\" content=\"https:\/\/www.msds-europe.com\/fr\/symboles-de-danger\/\" \/>\n<meta property=\"og:site_name\" content=\"MSDS Europe\" \/>\n<meta property=\"article:publisher\" content=\"https:\/\/www.facebook.com\/toxinfokft\/\" \/>\n<meta property=\"article:modified_time\" content=\"2026-02-20T13:15:43+00:00\" \/>\n<meta name=\"twitter:card\" content=\"summary_large_image\" \/>\n<meta name=\"twitter:site\" content=\"@ToxInfoKft\" \/>\n<meta name=\"twitter:label1\" content=\"Dur\u00e9e de lecture estim\u00e9e\" \/>\n\t<meta name=\"twitter:data1\" content=\"1 minute\" \/>\n<script type=\"application\/ld+json\" class=\"yoast-schema-graph\">{\"@context\":\"https:\/\/schema.org\",\"@graph\":[{\"@type\":\"WebPage\",\"@id\":\"https:\/\/www.msds-europe.com\/fr\/symboles-de-danger\/\",\"url\":\"https:\/\/www.msds-europe.com\/fr\/symboles-de-danger\/\",\"name\":\"Symboles de danger. T\u00e9l\u00e9charger les symboles de danger.\",\"isPartOf\":{\"@id\":\"https:\/\/www.msds-europe.com\/es\/#website\"},\"datePublished\":\"2018-06-21T12:20:46+00:00\",\"dateModified\":\"2026-02-20T13:15:43+00:00\",\"description\":\"\u00c0 compter du 1er juin 2017, conform\u00e9ment \u00e0 l'ordonnance du r\u00e8glement CLP, les anciens symboles de danger DPD ne doivent pas \u00eatre utilis\u00e9s.\",\"breadcrumb\":{\"@id\":\"https:\/\/www.msds-europe.com\/fr\/symboles-de-danger\/#breadcrumb\"},\"inLanguage\":\"fr-FR\",\"potentialAction\":[{\"@type\":\"ReadAction\",\"target\":[\"https:\/\/www.msds-europe.com\/fr\/symboles-de-danger\/\"]}]},{\"@type\":\"BreadcrumbList\",\"@id\":\"https:\/\/www.msds-europe.com\/fr\/symboles-de-danger\/#breadcrumb\",\"itemListElement\":[{\"@type\":\"ListItem\",\"position\":1,\"name\":\"F\u0151oldal\",\"item\":\"https:\/\/www.msds-europe.com\/fr\/\"},{\"@type\":\"ListItem\",\"position\":2,\"name\":\"Symboles de danger\"}]},{\"@type\":\"WebSite\",\"@id\":\"https:\/\/www.msds-europe.com\/es\/#website\",\"url\":\"https:\/\/www.msds-europe.com\/es\/\",\"name\":\"MSDS Europe\",\"description\":\"\",\"publisher\":{\"@id\":\"https:\/\/www.msds-europe.com\/es\/#organization\"},\"potentialAction\":[{\"@type\":\"SearchAction\",\"target\":{\"@type\":\"EntryPoint\",\"urlTemplate\":\"https:\/\/www.msds-europe.com\/es\/?s={search_term_string}\"},\"query-input\":{\"@type\":\"PropertyValueSpecification\",\"valueRequired\":true,\"valueName\":\"search_term_string\"}}],\"inLanguage\":\"fr-FR\"},{\"@type\":\"Organization\",\"@id\":\"https:\/\/www.msds-europe.com\/es\/#organization\",\"name\":\"MSDS-Europe International branch of ToxInfo\",\"url\":\"https:\/\/www.msds-europe.com\/es\/\",\"logo\":{\"@type\":\"ImageObject\",\"inLanguage\":\"fr-FR\",\"@id\":\"https:\/\/www.msds-europe.com\/es\/#\/schema\/logo\/image\/\",\"url\":\"https:\/\/www.msds-europe.com\/wp-content\/uploads\/2021\/04\/msds-europe-logo.jpg\",\"contentUrl\":\"https:\/\/www.msds-europe.com\/wp-content\/uploads\/2021\/04\/msds-europe-logo.jpg\",\"width\":2296,\"height\":1067,\"caption\":\"MSDS-Europe International branch of ToxInfo\"},\"image\":{\"@id\":\"https:\/\/www.msds-europe.com\/es\/#\/schema\/logo\/image\/\"},\"sameAs\":[\"https:\/\/www.facebook.com\/toxinfokft\/\",\"https:\/\/x.com\/ToxInfoKft\"]}]}<\/script>\n<!-- \/ Yoast SEO plugin. -->","yoast_head_json":{"title":"Symboles de danger. T\u00e9l\u00e9charger les symboles de danger.","description":"\u00c0 compter du 1er juin 2017, conform\u00e9ment \u00e0 l'ordonnance du r\u00e8glement CLP, les anciens symboles de danger DPD ne doivent pas \u00eatre utilis\u00e9s.","robots":{"index":"index","follow":"follow","max-snippet":"max-snippet:-1","max-image-preview":"max-image-preview:large","max-video-preview":"max-video-preview:-1"},"canonical":"https:\/\/www.msds-europe.com\/fr\/symboles-de-danger\/","og_locale":"fr_FR","og_type":"article","og_title":"Symboles de danger. T\u00e9l\u00e9charger les symboles de danger.","og_description":"\u00c0 compter du 1er juin 2017, conform\u00e9ment \u00e0 l'ordonnance du r\u00e8glement CLP, les anciens symboles de danger DPD ne doivent pas \u00eatre utilis\u00e9s.","og_url":"https:\/\/www.msds-europe.com\/fr\/symboles-de-danger\/","og_site_name":"MSDS Europe","article_publisher":"https:\/\/www.facebook.com\/toxinfokft\/","article_modified_time":"2026-02-20T13:15:43+00:00","twitter_card":"summary_large_image","twitter_site":"@ToxInfoKft","twitter_misc":{"Dur\u00e9e de lecture estim\u00e9e":"1 minute"},"schema":{"@context":"https:\/\/schema.org","@graph":[{"@type":"WebPage","@id":"https:\/\/www.msds-europe.com\/fr\/symboles-de-danger\/","url":"https:\/\/www.msds-europe.com\/fr\/symboles-de-danger\/","name":"Symboles de danger. T\u00e9l\u00e9charger les symboles de danger.","isPartOf":{"@id":"https:\/\/www.msds-europe.com\/es\/#website"},"datePublished":"2018-06-21T12:20:46+00:00","dateModified":"2026-02-20T13:15:43+00:00","description":"\u00c0 compter du 1er juin 2017, conform\u00e9ment \u00e0 l'ordonnance du r\u00e8glement CLP, les anciens symboles de danger DPD ne doivent pas \u00eatre utilis\u00e9s.","breadcrumb":{"@id":"https:\/\/www.msds-europe.com\/fr\/symboles-de-danger\/#breadcrumb"},"inLanguage":"fr-FR","potentialAction":[{"@type":"ReadAction","target":["https:\/\/www.msds-europe.com\/fr\/symboles-de-danger\/"]}]},{"@type":"BreadcrumbList","@id":"https:\/\/www.msds-europe.com\/fr\/symboles-de-danger\/#breadcrumb","itemListElement":[{"@type":"ListItem","position":1,"name":"F\u0151oldal","item":"https:\/\/www.msds-europe.com\/fr\/"},{"@type":"ListItem","position":2,"name":"Symboles de danger"}]},{"@type":"WebSite","@id":"https:\/\/www.msds-europe.com\/es\/#website","url":"https:\/\/www.msds-europe.com\/es\/","name":"MSDS Europe","description":"","publisher":{"@id":"https:\/\/www.msds-europe.com\/es\/#organization"},"potentialAction":[{"@type":"SearchAction","target":{"@type":"EntryPoint","urlTemplate":"https:\/\/www.msds-europe.com\/es\/?s={search_term_string}"},"query-input":{"@type":"PropertyValueSpecification","valueRequired":true,"valueName":"search_term_string"}}],"inLanguage":"fr-FR"},{"@type":"Organization","@id":"https:\/\/www.msds-europe.com\/es\/#organization","name":"MSDS-Europe International branch of ToxInfo","url":"https:\/\/www.msds-europe.com\/es\/","logo":{"@type":"ImageObject","inLanguage":"fr-FR","@id":"https:\/\/www.msds-europe.com\/es\/#\/schema\/logo\/image\/","url":"https:\/\/www.msds-europe.com\/wp-content\/uploads\/2021\/04\/msds-europe-logo.jpg","contentUrl":"https:\/\/www.msds-europe.com\/wp-content\/uploads\/2021\/04\/msds-europe-logo.jpg","width":2296,"height":1067,"caption":"MSDS-Europe International branch of ToxInfo"},"image":{"@id":"https:\/\/www.msds-europe.com\/es\/#\/schema\/logo\/image\/"},"sameAs":["https:\/\/www.facebook.com\/toxinfokft\/","https:\/\/x.com\/ToxInfoKft"]}]}},"_links":{"self":[{"href":"https:\/\/www.msds-europe.com\/fr\/wp-json\/wp\/v2\/pages\/5554","targetHints":{"allow":["GET"]}}],"collection":[{"href":"https:\/\/www.msds-europe.com\/fr\/wp-json\/wp\/v2\/pages"}],"about":[{"href":"https:\/\/www.msds-europe.com\/fr\/wp-json\/wp\/v2\/types\/page"}],"author":[{"embeddable":true,"href":"https:\/\/www.msds-europe.com\/fr\/wp-json\/wp\/v2\/users\/2"}],"replies":[{"embeddable":true,"href":"https:\/\/www.msds-europe.com\/fr\/wp-json\/wp\/v2\/comments?post=5554"}],"version-history":[{"count":7,"href":"https:\/\/www.msds-europe.com\/fr\/wp-json\/wp\/v2\/pages\/5554\/revisions"}],"predecessor-version":[{"id":37345,"href":"https:\/\/www.msds-europe.com\/fr\/wp-json\/wp\/v2\/pages\/5554\/revisions\/37345"}],"wp:attachment":[{"href":"https:\/\/www.msds-europe.com\/fr\/wp-json\/wp\/v2\/media?parent=5554"}],"wp:term":[{"taxonomy":"post_tag","embeddable":true,"href":"https:\/\/www.msds-europe.com\/fr\/wp-json\/wp\/v2\/tags?post=5554"}],"curies":[{"name":"wp","href":"https:\/\/api.w.org\/{rel}","templated":true}]}}