{"id":34830,"date":"2025-09-03T11:46:32","date_gmt":"2025-09-03T11:46:32","guid":{"rendered":"https:\/\/www.msds-europe.com\/?page_id=34830"},"modified":"2026-02-23T08:53:46","modified_gmt":"2026-02-23T08:53:46","slug":"intelligence-artificielle-dans-la-securite-chimique-fds-clp-reach","status":"publish","type":"page","link":"https:\/\/www.msds-europe.com\/fr\/intelligence-artificielle-dans-la-securite-chimique-fds-clp-reach\/","title":{"rendered":"Applicabilit\u00e9 de l\u2019intelligence artificielle dans la s\u00e9curit\u00e9 chimique"},"content":{"rendered":"<p style=\"text-align: right;\"><em><a href=\"https:\/\/www.msds-europe.com\/\">MSDS-Europe<\/a> \u2013 <a href=\"https:\/\/www.msds-europe.com\/fr\/boussole-securite-chimique\/\">Boussole de la s\u00e9curit\u00e9 chimique<\/a> \u2013 Applicabilit\u00e9 de l\u2019intelligence artificielle en s\u00e9curit\u00e9 chimique<\/em><\/p>\n<p style=\"text-align: justify;\">L\u2019intelligence artificielle (IA) a \u00e9galement fait son apparition dans l\u2019industrie chimique. Dans le domaine de la <a href=\"https:\/\/www.msds-europe.com\/fr\/boussole-securite-chimique\/\">s\u00e9curit\u00e9 chimique<\/a>, le besoin d\u2019un traitement plus efficace des donn\u00e9es et de l\u2019automatisation des t\u00e2ches routini\u00e8res s\u2019est \u00e9galement impos\u00e9.<\/p>\n<p>&nbsp;<\/p>\n<h3 style=\"text-align: justify;\"><strong>\u00c9laboration des fiches de donn\u00e9es de s\u00e9curit\u00e9 (FDS) avec l\u2019IA<\/strong><\/h3>\n<p style=\"text-align: justify;\">La <a href=\"https:\/\/www.msds-europe.com\/fr\/fiche-de-donnees-de-securite-etablissement-elaboration\/\">pr\u00e9paration des fiches de donn\u00e9es de s\u00e9curit\u00e9<\/a> a traditionnellement \u00e9t\u00e9 un processus manuel, long et intensif en main-d\u2019\u0153uvre. <strong>L\u2019IA dans le domaine de la s\u00e9curit\u00e9 chimique<\/strong> permet d\u2019acc\u00e9l\u00e9rer consid\u00e9rablement ce processus.<\/p>\n<p style=\"text-align: justify;\">Des logiciels bas\u00e9s sur l\u2019IA existent d\u00e9j\u00e0, capables de g\u00e9n\u00e9rer automatiquement des FDS \u00e0 partir de bases de donn\u00e9es chimiques existantes et des exigences r\u00e9glementaires. Cela r\u00e9duit significativement le temps et les ressources humaines n\u00e9cessaires \u00e0 l\u2019\u00e9laboration de ces documents.<\/p>\n<p style=\"text-align: justify;\">Les syst\u00e8mes bas\u00e9s sur l\u2019IA, lors de la g\u00e9n\u00e9ration de <a href=\"https:\/\/www.msds-europe.com\/fr\/definition-fiche-donnees-securite\/\">fiches de donn\u00e9es de s\u00e9curit\u00e9 (FDS)<\/a>, tiennent compte des exigences l\u00e9gislatives et normatives pertinentes, de sorte que les documents produits sont, dans une large mesure, conformes aux r\u00e9glementations applicables.<\/p>\n<p style=\"text-align: justify;\">Cela peut \u00eatre particuli\u00e8rement efficace pour les nouveaux m\u00e9langes, o\u00f9 le syst\u00e8me fonctionne avec les bases de donn\u00e9es les plus r\u00e9centes et les <a href=\"https:\/\/www.msds-europe.com\/fr\/changements-reglementaires-securite-chimique\/\">modifications r\u00e9glementaires en vigueur<\/a>.<\/p>\n<p style=\"text-align: justify;\">Cependant, il est important de souligner que, pour les m\u00e9langes existants disposant d\u00e9j\u00e0 d\u2019une FDS, l\u2019intelligence artificielle seule ne garantit pas une conformit\u00e9 totale.<\/p>\n<p style=\"text-align: justify;\">Dans de tels cas, les fiches de donn\u00e9es de s\u00e9curit\u00e9 doivent \u00eatre <a href=\"https:\/\/www.msds-europe.com\/fr\/service-clients\/\">revues et compl\u00e9t\u00e9es par un expert humain<\/a> afin de s\u2019assurer que les changements, les lacunes ou les nouvelles exigences r\u00e9glementaires sont correctement pris en compte dans la documentation mise \u00e0 jour.<\/p>\n<p>&nbsp;<\/p>\n<h3 style=\"text-align: justify;\"><strong>Applications de l\u2019IA dans la s\u00e9curit\u00e9 chimique<\/strong><\/h3>\n<p style=\"text-align: justify;\">L\u2019IA soutient le domaine de la <strong>s\u00e9curit\u00e9 chimique<\/strong> non seulement dans la pr\u00e9paration des FDS&nbsp;:<\/p>\n<ul style=\"text-align: justify;\">\n<li><strong>Classification des m\u00e9langes dangereux<\/strong> : l\u2019IA peut aider \u00e0 classer correctement les m\u00e9langes complexes dans la bonne cat\u00e9gorie de danger. En utilisant les donn\u00e9es des composants du m\u00e9lange, le syst\u00e8me est capable de d\u00e9terminer dans quelles <a href=\"https:\/\/www.msds-europe.com\/fr\/classes-de-danger-clp\/\">cat\u00e9gories de danger<\/a> le m\u00e9lange doit \u00eatre class\u00e9, facilitant ainsi une classification SGH rapide et pr\u00e9cise.<\/li>\n<li><strong>Mod\u00e8les de toxicologie pr\u00e9dictive :<\/strong> gr\u00e2ce \u00e0 des mod\u00e8les pr\u00e9dictifs bas\u00e9s sur l\u2019apprentissage automatique, les risques potentiels pour la sant\u00e9 ou l\u2019environnement d\u2019une nouvelle substance chimique peuvent \u00eatre anticip\u00e9s. Les algorithmes entra\u00een\u00e9s sur des donn\u00e9es toxicologiques existantes sont capables de pr\u00e9voir les effets toxiques potentiels d\u2019un nouveau compos\u00e9. Les dangers possibles peuvent ainsi \u00eatre identifi\u00e9s avant m\u00eame le d\u00e9but des essais en laboratoire, rendant les processus d\u2019\u00e9valuation des risques plus rapides et plus efficaces.<\/li>\n<\/ul>\n<p>&nbsp;<\/p>\n<h3 style=\"text-align: justify;\"><strong>L\u2019importance de la r\u00e9vision humaine<\/strong><\/h3>\n<p style=\"text-align: justify;\">Malgr\u00e9 tous les progr\u00e8s technologiques, <strong>l\u2019expertise humaine reste indispensable<\/strong>. M\u00eame si l\u2019IA peut traiter un volume consid\u00e9rable de donn\u00e9es, les FDS g\u00e9n\u00e9r\u00e9es automatiquement doivent toujours \u00eatre r\u00e9vis\u00e9es par un professionnel exp\u00e9riment\u00e9.<\/p>\n<p style=\"text-align: justify;\">L\u2019IA peut aussi commettre des erreurs ou mal interpr\u00e9ter certaines informations&nbsp;; en d\u00e9finitive, c\u2019est l\u2019humain qui est responsable de l\u2019exactitude du contenu et de la <a href=\"https:\/\/www.msds-europe.com\/fr\/base-connaissances-reach\/\">conformit\u00e9 r\u00e9glementaire<\/a>. Pour cette raison, les FDS pr\u00e9par\u00e9es par l\u2019IA ne devraient \u00eatre officiellement publi\u00e9es ou utilis\u00e9es qu\u2019apr\u00e8s une v\u00e9rification experte.<\/p>\n<p>&nbsp;<\/p>\n<h3 style=\"text-align: justify;\"><strong>Que choisir ?<\/strong><\/h3>\n<p style=\"text-align: justify;\">L\u2019application de l\u2019intelligence artificielle (IA) dans le domaine de la s\u00e9curit\u00e9 chimique peut apporter des avantages significatifs, en particulier pour les t\u00e2ches n\u00e9cessitant la gestion de grandes quantit\u00e9s de donn\u00e9es ou la prise en compte d\u2019exigences r\u00e9glementaires complexes.<\/p>\n<p style=\"text-align: justify;\">La rapidit\u00e9 et la capacit\u00e9 de traitement de l\u2019IA permettent d\u2019augmenter l\u2019efficacit\u00e9 du travail, mais pour obtenir les meilleurs r\u00e9sultats, l\u2019utilisation prudente de ces syst\u00e8mes et la r\u00e9vision par des experts humains sont indispensables.<\/p>\n<p style=\"text-align: justify;\">Notre soci\u00e9t\u00e9 explore et d\u00e9veloppe en permanence les applications possibles de l\u2019intelligence artificielle dans le cadre de ses projets d\u2019innovation. Nous sommes convaincus que l\u2019IA offre un potentiel exceptionnel dans le domaine de la s\u00e9curit\u00e9 chimique, mais le niveau actuel de la technologie ne permet pas encore de remplacer totalement l\u2019expertise humaine.<\/p>\n<p style=\"text-align: justify;\">Nous suivons donc de pr\u00e8s l\u2019\u00e9volution de l\u2019IA afin de pouvoir, \u00e0 l\u2019avenir, int\u00e9grer efficacement et de mani\u00e8re fiable les solutions les plus avanc\u00e9es dans nos services de s\u00e9curit\u00e9 chimique.<\/p>\n<p>&nbsp;<\/p>\n<h3>Vous avez d\u2019autres questions ?<\/h3>\n<p>Contactez <a href=\"https:\/\/www.msds-europe.com\/fr\/service-clients\/\">notre service client<\/a>, ou posez votre question \u00e0 notre expert <a href=\"https:\/\/www.msds-europe.com\/fr\/consultation-en-ligne\/\">en ligne<\/a>.<\/p>\n<a href=\"https:\/\/www.msds-europe.com\/fr\/service-clients\/\" class=\"su-button su-button-style-default\" style=\"color:#ef552d;background-color:#fefefe;border-color:#cccccc;border-radius:6px\" target=\"_self\"><span style=\"color:#ef552d;padding:0px 18px;font-size:14px;line-height:28px;border-color:#ffffff;border-radius:6px;text-shadow:none\"> Service client<\/span><\/a>\n<a href=\"https:\/\/www.msds-europe.com\/fr\/consultation-en-ligne\/\" class=\"su-button su-button-style-default\" style=\"color:#ffffff;background-color:#ef552d;border-color:#c04424;border-radius:6px\" target=\"_self\"><span style=\"color:#ffffff;padding:0px 18px;font-size:14px;line-height:28px;border-color:#f4886c;border-radius:6px;text-shadow:0px 0px 2px #ffffff\"> Demander \u00e0 notre expert<\/span><\/a>\n<p>&nbsp;<\/p>\n<p>\u00a0<\/p>\n<p><strong>Nos services :<\/strong><\/p>\n<ul>\n<li><a href=\"https:\/\/www.msds-europe.com\/fr\/traduction-fiches-de-donnees-de-securite\/\">Traduction de fiches de donn\u00e9es de s\u00e9curit\u00e9<\/a><\/li>\n<li><a href=\"https:\/\/www.msds-europe.com\/fr\/fiche-de-donnees-de-securite-etablissement-elaboration\/\">\u00c9laboration de fiches de donn\u00e9es de s\u00e9curit\u00e9<\/a><\/li>\n<li>\u00c9laboration d\u2019<a href=\"https:\/\/www.msds-europe.com\/fr\/etablissement-projet-etiquette\/\">\u00e9tiquettes CLP<\/a><\/li>\n<li><a href=\"https:\/\/www.msds-europe.com\/fr\/service-ufi\/\">Notification PCN des m\u00e9langes dangereux<\/a><\/li>\n<\/ul>\n<p>&nbsp;<\/p>\n<p><strong>Articles utiles :<\/strong><\/p>\n<ul>\n<li><a href=\"https:\/\/www.msds-europe.com\/fr\/boussole-securite-chimique\/\">Boussole de la s\u00e9curit\u00e9 chimique<\/a><\/li>\n<li><a href=\"https:\/\/www.msds-europe.com\/fr\/faq\/\">FAQ \u2013 Foire aux questions<\/a><\/li>\n<li><a href=\"https:\/\/www.msds-europe.com\/fr\/changements-reglementaires-securite-chimique\/\">Suivi des changements r\u00e9glementaires<\/a><\/li>\n<\/ul>\n<p>&nbsp;<\/p>\n<h4 style=\"text-align: justify;\"><span style=\"color: #333333;\">Questions fr\u00e9quentes<\/span><\/h4>\n<div class=\"su-spoiler su-spoiler-style-fancy su-spoiler-icon-chevron su-spoiler-closed\" data-scroll-offset=\"0\" data-anchor-in-url=\"no\"><div class=\"su-spoiler-title\" tabindex=\"0\" role=\"button\"><span class=\"su-spoiler-icon\"><\/span>Comment l\u2019IA acc\u00e9l\u00e8re-t-elle la pr\u00e9paration des fiches de donn\u00e9es de s\u00e9curit\u00e9 (FDS) ?<\/div><div class=\"su-spoiler-content su-u-clearfix su-u-trim\">\n<p style=\"text-align: justify;\">Les logiciels bas\u00e9s sur l\u2019IA utilisent les bases de donn\u00e9es de substances chimiques existantes et les exigences r\u00e9glementaires pour g\u00e9n\u00e9rer automatiquement des FDS, r\u00e9duisant consid\u00e9rablement le temps et le travail par rapport \u00e0 l\u2019\u00e9laboration manuelle traditionnelle.<\/p>\n<\/div><\/div>\n<div class=\"su-spoiler su-spoiler-style-fancy su-spoiler-icon-chevron su-spoiler-closed\" data-scroll-offset=\"0\" data-anchor-in-url=\"no\"><div class=\"su-spoiler-title\" tabindex=\"0\" role=\"button\"><span class=\"su-spoiler-icon\"><\/span>Quand l\u2019expertise humaine reste-t-elle indispensable ?<\/div><div class=\"su-spoiler-content su-u-clearfix su-u-trim\">\n<p style=\"text-align: justify;\">Les FDS g\u00e9n\u00e9r\u00e9es automatiquement doivent toujours \u00eatre r\u00e9vis\u00e9es par un sp\u00e9cialiste afin de garantir l\u2019exactitude du contenu et la conformit\u00e9 continue avec une l\u00e9gislation en constante \u00e9volution.<\/p>\n<\/div><\/div>\n<div class=\"su-spoiler su-spoiler-style-fancy su-spoiler-icon-chevron su-spoiler-closed\" data-scroll-offset=\"0\" data-anchor-in-url=\"no\"><div class=\"su-spoiler-title\" tabindex=\"0\" role=\"button\"><span class=\"su-spoiler-icon\"><\/span>Comment l\u2019IA aide-t-elle \u00e0 classer les m\u00e9langes dangereux ?<\/div><div class=\"su-spoiler-content su-u-clearfix su-u-trim\">\n<p style=\"text-align: justify;\">\u00c0 partir des donn\u00e9es des composants du m\u00e9lange, le syst\u00e8me attribue rapidement les classes de danger SGH appropri\u00e9es, ce qui permet une classification pr\u00e9cise et coh\u00e9rente.<\/p>\n<\/div><\/div>\n<div class=\"su-spoiler su-spoiler-style-fancy su-spoiler-icon-chevron su-spoiler-closed\" data-scroll-offset=\"0\" data-anchor-in-url=\"no\"><div class=\"su-spoiler-title\" tabindex=\"0\" role=\"button\"><span class=\"su-spoiler-icon\"><\/span>Comment l\u2019IA soutient-elle le suivi r\u00e9glementaire ?<\/div><div class=\"su-spoiler-content su-u-clearfix su-u-trim\">\n<p style=\"text-align: justify;\">Certaines plateformes d\u2019IA analysent en temps r\u00e9el les nouvelles exigences r\u00e9glementaires et signalent rapidement lorsque de nouvelles dispositions n\u00e9cessitent des modifications des FDS ou des \u00e9tiquettes, favorisant une conformit\u00e9 proactive.<\/p>\n<\/div><\/div>\n&nbsp;<\/p>\n","protected":false},"excerpt":{"rendered":"<p>MSDS-Europe \u2013 Boussole de la s\u00e9curit\u00e9 chimique \u2013 Applicabilit\u00e9 de l\u2019intelligence artificielle en s\u00e9curit\u00e9 chimique L\u2019intelligence artificielle (IA) a \u00e9galement fait son apparition dans l\u2019industrie chimique. Dans le domaine de la s\u00e9curit\u00e9 chimique, le besoin d\u2019un traitement plus efficace des donn\u00e9es et de l\u2019automatisation des t\u00e2ches routini\u00e8res s\u2019est \u00e9galement impos\u00e9&#8230;.<\/p>\n","protected":false},"author":2,"featured_media":0,"parent":0,"menu_order":0,"comment_status":"closed","ping_status":"closed","template":"","meta":{"_acf_changed":false,"footnotes":""},"tags":[],"class_list":["post-34830","page","type-page","status-publish","hentry"],"acf":[],"yoast_head":"<!-- This site is optimized with the Yoast SEO plugin v27.2 - https:\/\/yoast.com\/product\/yoast-seo-wordpress\/ -->\n<title>Applicabilit\u00e9 de l\u2019intelligence artificielle dans la s\u00e9curit\u00e9 chimique<\/title>\n<meta name=\"description\" content=\"D\u00e9couvrez comment l\u2019IA am\u00e9liore la s\u00e9curit\u00e9 chimique gr\u00e2ce \u00e0 l\u2019automatisation des FDS, \u00e0 la classification des dangers.\" \/>\n<meta name=\"robots\" content=\"index, follow, max-snippet:-1, max-image-preview:large, max-video-preview:-1\" \/>\n<link rel=\"canonical\" href=\"https:\/\/www.msds-europe.com\/fr\/intelligence-artificielle-dans-la-securite-chimique-fds-clp-reach\/\" \/>\n<meta property=\"og:locale\" content=\"fr_FR\" \/>\n<meta property=\"og:type\" content=\"article\" \/>\n<meta property=\"og:title\" content=\"Applicabilit\u00e9 de l\u2019intelligence artificielle dans la s\u00e9curit\u00e9 chimique\" \/>\n<meta property=\"og:description\" content=\"D\u00e9couvrez comment l\u2019IA am\u00e9liore la s\u00e9curit\u00e9 chimique gr\u00e2ce \u00e0 l\u2019automatisation des FDS, \u00e0 la classification des dangers.\" \/>\n<meta property=\"og:url\" content=\"https:\/\/www.msds-europe.com\/fr\/intelligence-artificielle-dans-la-securite-chimique-fds-clp-reach\/\" \/>\n<meta property=\"og:site_name\" content=\"MSDS Europe\" \/>\n<meta property=\"article:publisher\" content=\"https:\/\/www.facebook.com\/toxinfokft\/\" \/>\n<meta property=\"article:modified_time\" content=\"2026-02-23T08:53:46+00:00\" \/>\n<meta name=\"twitter:card\" content=\"summary_large_image\" \/>\n<meta name=\"twitter:site\" content=\"@ToxInfoKft\" \/>\n<meta name=\"twitter:label1\" content=\"Dur\u00e9e de lecture estim\u00e9e\" \/>\n\t<meta name=\"twitter:data1\" content=\"4 minutes\" \/>\n<script type=\"application\/ld+json\" class=\"yoast-schema-graph\">{\"@context\":\"https:\/\/schema.org\",\"@graph\":[{\"@type\":\"WebPage\",\"@id\":\"https:\/\/www.msds-europe.com\/fr\/intelligence-artificielle-dans-la-securite-chimique-fds-clp-reach\/\",\"url\":\"https:\/\/www.msds-europe.com\/fr\/intelligence-artificielle-dans-la-securite-chimique-fds-clp-reach\/\",\"name\":\"Applicabilit\u00e9 de l\u2019intelligence artificielle dans la s\u00e9curit\u00e9 chimique\",\"isPartOf\":{\"@id\":\"https:\/\/www.msds-europe.com\/es\/#website\"},\"datePublished\":\"2025-09-03T11:46:32+00:00\",\"dateModified\":\"2026-02-23T08:53:46+00:00\",\"description\":\"D\u00e9couvrez comment l\u2019IA am\u00e9liore la s\u00e9curit\u00e9 chimique gr\u00e2ce \u00e0 l\u2019automatisation des FDS, \u00e0 la classification des dangers.\",\"breadcrumb\":{\"@id\":\"https:\/\/www.msds-europe.com\/fr\/intelligence-artificielle-dans-la-securite-chimique-fds-clp-reach\/#breadcrumb\"},\"inLanguage\":\"fr-FR\",\"potentialAction\":[{\"@type\":\"ReadAction\",\"target\":[\"https:\/\/www.msds-europe.com\/fr\/intelligence-artificielle-dans-la-securite-chimique-fds-clp-reach\/\"]}]},{\"@type\":\"BreadcrumbList\",\"@id\":\"https:\/\/www.msds-europe.com\/fr\/intelligence-artificielle-dans-la-securite-chimique-fds-clp-reach\/#breadcrumb\",\"itemListElement\":[{\"@type\":\"ListItem\",\"position\":1,\"name\":\"F\u0151oldal\",\"item\":\"https:\/\/www.msds-europe.com\/fr\/\"},{\"@type\":\"ListItem\",\"position\":2,\"name\":\"Applicabilit\u00e9 de l\u2019intelligence artificielle dans la s\u00e9curit\u00e9 chimique\"}]},{\"@type\":\"WebSite\",\"@id\":\"https:\/\/www.msds-europe.com\/es\/#website\",\"url\":\"https:\/\/www.msds-europe.com\/es\/\",\"name\":\"MSDS Europe\",\"description\":\"\",\"publisher\":{\"@id\":\"https:\/\/www.msds-europe.com\/es\/#organization\"},\"potentialAction\":[{\"@type\":\"SearchAction\",\"target\":{\"@type\":\"EntryPoint\",\"urlTemplate\":\"https:\/\/www.msds-europe.com\/es\/?s={search_term_string}\"},\"query-input\":{\"@type\":\"PropertyValueSpecification\",\"valueRequired\":true,\"valueName\":\"search_term_string\"}}],\"inLanguage\":\"fr-FR\"},{\"@type\":\"Organization\",\"@id\":\"https:\/\/www.msds-europe.com\/es\/#organization\",\"name\":\"MSDS-Europe International branch of ToxInfo\",\"url\":\"https:\/\/www.msds-europe.com\/es\/\",\"logo\":{\"@type\":\"ImageObject\",\"inLanguage\":\"fr-FR\",\"@id\":\"https:\/\/www.msds-europe.com\/es\/#\/schema\/logo\/image\/\",\"url\":\"https:\/\/www.msds-europe.com\/wp-content\/uploads\/2021\/04\/msds-europe-logo.jpg\",\"contentUrl\":\"https:\/\/www.msds-europe.com\/wp-content\/uploads\/2021\/04\/msds-europe-logo.jpg\",\"width\":2296,\"height\":1067,\"caption\":\"MSDS-Europe International branch of ToxInfo\"},\"image\":{\"@id\":\"https:\/\/www.msds-europe.com\/es\/#\/schema\/logo\/image\/\"},\"sameAs\":[\"https:\/\/www.facebook.com\/toxinfokft\/\",\"https:\/\/x.com\/ToxInfoKft\"]}]}<\/script>\n<!-- \/ Yoast SEO plugin. -->","yoast_head_json":{"title":"Applicabilit\u00e9 de l\u2019intelligence artificielle dans la s\u00e9curit\u00e9 chimique","description":"D\u00e9couvrez comment l\u2019IA am\u00e9liore la s\u00e9curit\u00e9 chimique gr\u00e2ce \u00e0 l\u2019automatisation des FDS, \u00e0 la classification des dangers.","robots":{"index":"index","follow":"follow","max-snippet":"max-snippet:-1","max-image-preview":"max-image-preview:large","max-video-preview":"max-video-preview:-1"},"canonical":"https:\/\/www.msds-europe.com\/fr\/intelligence-artificielle-dans-la-securite-chimique-fds-clp-reach\/","og_locale":"fr_FR","og_type":"article","og_title":"Applicabilit\u00e9 de l\u2019intelligence artificielle dans la s\u00e9curit\u00e9 chimique","og_description":"D\u00e9couvrez comment l\u2019IA am\u00e9liore la s\u00e9curit\u00e9 chimique gr\u00e2ce \u00e0 l\u2019automatisation des FDS, \u00e0 la classification des dangers.","og_url":"https:\/\/www.msds-europe.com\/fr\/intelligence-artificielle-dans-la-securite-chimique-fds-clp-reach\/","og_site_name":"MSDS Europe","article_publisher":"https:\/\/www.facebook.com\/toxinfokft\/","article_modified_time":"2026-02-23T08:53:46+00:00","twitter_card":"summary_large_image","twitter_site":"@ToxInfoKft","twitter_misc":{"Dur\u00e9e de lecture estim\u00e9e":"4 minutes"},"schema":{"@context":"https:\/\/schema.org","@graph":[{"@type":"WebPage","@id":"https:\/\/www.msds-europe.com\/fr\/intelligence-artificielle-dans-la-securite-chimique-fds-clp-reach\/","url":"https:\/\/www.msds-europe.com\/fr\/intelligence-artificielle-dans-la-securite-chimique-fds-clp-reach\/","name":"Applicabilit\u00e9 de l\u2019intelligence artificielle dans la s\u00e9curit\u00e9 chimique","isPartOf":{"@id":"https:\/\/www.msds-europe.com\/es\/#website"},"datePublished":"2025-09-03T11:46:32+00:00","dateModified":"2026-02-23T08:53:46+00:00","description":"D\u00e9couvrez comment l\u2019IA am\u00e9liore la s\u00e9curit\u00e9 chimique gr\u00e2ce \u00e0 l\u2019automatisation des FDS, \u00e0 la classification des dangers.","breadcrumb":{"@id":"https:\/\/www.msds-europe.com\/fr\/intelligence-artificielle-dans-la-securite-chimique-fds-clp-reach\/#breadcrumb"},"inLanguage":"fr-FR","potentialAction":[{"@type":"ReadAction","target":["https:\/\/www.msds-europe.com\/fr\/intelligence-artificielle-dans-la-securite-chimique-fds-clp-reach\/"]}]},{"@type":"BreadcrumbList","@id":"https:\/\/www.msds-europe.com\/fr\/intelligence-artificielle-dans-la-securite-chimique-fds-clp-reach\/#breadcrumb","itemListElement":[{"@type":"ListItem","position":1,"name":"F\u0151oldal","item":"https:\/\/www.msds-europe.com\/fr\/"},{"@type":"ListItem","position":2,"name":"Applicabilit\u00e9 de l\u2019intelligence artificielle dans la s\u00e9curit\u00e9 chimique"}]},{"@type":"WebSite","@id":"https:\/\/www.msds-europe.com\/es\/#website","url":"https:\/\/www.msds-europe.com\/es\/","name":"MSDS Europe","description":"","publisher":{"@id":"https:\/\/www.msds-europe.com\/es\/#organization"},"potentialAction":[{"@type":"SearchAction","target":{"@type":"EntryPoint","urlTemplate":"https:\/\/www.msds-europe.com\/es\/?s={search_term_string}"},"query-input":{"@type":"PropertyValueSpecification","valueRequired":true,"valueName":"search_term_string"}}],"inLanguage":"fr-FR"},{"@type":"Organization","@id":"https:\/\/www.msds-europe.com\/es\/#organization","name":"MSDS-Europe International branch of ToxInfo","url":"https:\/\/www.msds-europe.com\/es\/","logo":{"@type":"ImageObject","inLanguage":"fr-FR","@id":"https:\/\/www.msds-europe.com\/es\/#\/schema\/logo\/image\/","url":"https:\/\/www.msds-europe.com\/wp-content\/uploads\/2021\/04\/msds-europe-logo.jpg","contentUrl":"https:\/\/www.msds-europe.com\/wp-content\/uploads\/2021\/04\/msds-europe-logo.jpg","width":2296,"height":1067,"caption":"MSDS-Europe International branch of ToxInfo"},"image":{"@id":"https:\/\/www.msds-europe.com\/es\/#\/schema\/logo\/image\/"},"sameAs":["https:\/\/www.facebook.com\/toxinfokft\/","https:\/\/x.com\/ToxInfoKft"]}]}},"_links":{"self":[{"href":"https:\/\/www.msds-europe.com\/fr\/wp-json\/wp\/v2\/pages\/34830","targetHints":{"allow":["GET"]}}],"collection":[{"href":"https:\/\/www.msds-europe.com\/fr\/wp-json\/wp\/v2\/pages"}],"about":[{"href":"https:\/\/www.msds-europe.com\/fr\/wp-json\/wp\/v2\/types\/page"}],"author":[{"embeddable":true,"href":"https:\/\/www.msds-europe.com\/fr\/wp-json\/wp\/v2\/users\/2"}],"replies":[{"embeddable":true,"href":"https:\/\/www.msds-europe.com\/fr\/wp-json\/wp\/v2\/comments?post=34830"}],"version-history":[{"count":6,"href":"https:\/\/www.msds-europe.com\/fr\/wp-json\/wp\/v2\/pages\/34830\/revisions"}],"predecessor-version":[{"id":37455,"href":"https:\/\/www.msds-europe.com\/fr\/wp-json\/wp\/v2\/pages\/34830\/revisions\/37455"}],"wp:attachment":[{"href":"https:\/\/www.msds-europe.com\/fr\/wp-json\/wp\/v2\/media?parent=34830"}],"wp:term":[{"taxonomy":"post_tag","embeddable":true,"href":"https:\/\/www.msds-europe.com\/fr\/wp-json\/wp\/v2\/tags?post=34830"}],"curies":[{"name":"wp","href":"https:\/\/api.w.org\/{rel}","templated":true}]}}