{"id":34565,"date":"2025-09-01T11:44:20","date_gmt":"2025-09-01T11:44:20","guid":{"rendered":"https:\/\/www.msds-europe.com\/?page_id=34565"},"modified":"2026-04-22T12:20:41","modified_gmt":"2026-04-22T12:20:41","slug":"a-propos-fds-utilisateurs-en-aval","status":"publish","type":"page","link":"https:\/\/www.msds-europe.com\/fr\/a-propos-fds-utilisateurs-en-aval\/","title":{"rendered":"Informations utiles pour les utilisateurs en aval sur les fiches de donn\u00e9es de s\u00e9curit\u00e9"},"content":{"rendered":"<p style=\"text-align: right;\"><em><a href=\"https:\/\/www.msds-europe.com\/fr\/fiche-de-donnees-de-securite-base-de-connaissances\/\">Base de connaissances sur les fiches de donn\u00e9es de s\u00e9curit\u00e9<\/a> \u2013 \u00c0 propos de la fiche de donn\u00e9es de s\u00e9curit\u00e9 pour les utilisateurs en aval<\/em><\/p>\n<p>&nbsp;<\/p>\n<h2 style=\"text-align: justify;\">La fiche de donn\u00e9es de s\u00e9curit\u00e9 comme outil de communication<\/h2>\n<p style=\"text-align: justify;\">Les fiches de donn\u00e9es de s\u00e9curit\u00e9 sont des outils de communication importants dans la cha\u00eene d\u2019approvisionnement. Elles aident tous les acteurs de la cha\u00eene d\u2019approvisionnement \u00e0 remplir leurs responsabilit\u00e9s li\u00e9es \u00e0 la gestion des risques r\u00e9sultant de l\u2019utilisation de substances et de m\u00e9langes.<\/p>\n<p style=\"text-align: justify;\">Les utilisateurs en aval sont inform\u00e9s, par le biais d\u2019une fiche de donn\u00e9es de s\u00e9curit\u00e9, des risques li\u00e9s \u00e0 leur <strong>utilisation identifi\u00e9e<\/strong> et des <strong>mesures de gestion des risques<\/strong> \u00e0 mettre en \u0153uvre pour ma\u00eetriser ces risques.<\/p>\n<p>&nbsp;<\/p>\n<h2 style=\"text-align: justify;\">Sc\u00e9nario d\u2019exposition<\/h2>\n<p style=\"text-align: justify;\">Certaines fiches de donn\u00e9es de s\u00e9curit\u00e9 comportent une annexe appel\u00e9e sc\u00e9nario d\u2019exposition. Le <a href=\"https:\/\/www.msds-europe.com\/checking-implementing-exposure-scenario\/\">sc\u00e9nario d\u2019exposition<\/a> fournit des informations plus d\u00e9taill\u00e9es sur l\u2019utilisation s\u00fbre et la r\u00e9duction de l\u2019exposition que celles figurant dans une fiche de donn\u00e9es de s\u00e9curit\u00e9.<\/p>\n<p style=\"text-align: justify;\">Si le sc\u00e9nario d\u2019exposition ne couvre pas l\u2019utilisation pr\u00e9vue, il convient de contacter le fournisseur. Dans le cas contraire, l\u2019utilisateur en aval doit \u00e9laborer son propre <a href=\"https:\/\/www.msds-europe.com\/fr\/fiche-de-donnees-de-securite-base-de-connaissances\/\">rapport sur la s\u00e9curit\u00e9 chimique<\/a>.<\/p>\n<p>&nbsp;<\/p>\n<h2 style=\"text-align: justify;\">T\u00e2ches \u00e0 effectuer si vous ne recevez pas de fiche de donn\u00e9es de s\u00e9curit\u00e9 pour la substance\/le m\u00e9lange achet\u00e9<\/h2>\n<p style=\"text-align: justify;\">Cela ne signifie pas que vous \u00eates dispens\u00e9 de mettre en \u0153uvre (et de communiquer aux autres membres de la cha\u00eene d\u2019approvisionnement) les mesures de gestion des risques que le fournisseur communique par ailleurs (dans une d\u00e9claration \u00e9crite, une fiche technique, des sp\u00e9cifications, etc.).<\/p>\n<p style=\"text-align: justify;\">Le fait de ne pas recevoir de fiche de donn\u00e9es de s\u00e9curit\u00e9 signifie probablement que la substance ou le m\u00e9lange n\u2019est pas consid\u00e9r\u00e9 comme dangereux.<\/p>\n<p style=\"text-align: justify;\">N\u00e9anmoins, il convient de contacter le fournisseur et de demander une fiche de donn\u00e9es de s\u00e9curit\u00e9 (dans certains cas, la l\u00e9gislation autorise les fournisseurs \u00e0 fournir une fiche de donn\u00e9es de s\u00e9curit\u00e9 uniquement sur demande).<\/p>\n<p>&nbsp;<\/p>\n<h2 style=\"text-align: justify;\">T\u00e2ches \u00e0 effectuer apr\u00e8s r\u00e9ception d\u2019une fiche de donn\u00e9es de s\u00e9curit\u00e9<\/h2>\n<p style=\"text-align: justify;\">Il convient de v\u00e9rifier si la fiche de donn\u00e9es de s\u00e9curit\u00e9 contient un num\u00e9ro d\u2019enregistrement.<\/p>\n<p style=\"text-align: justify;\">Si le num\u00e9ro d\u2019enregistrement figure dans la fiche de donn\u00e9es de s\u00e9curit\u00e9, vous disposez de <strong>12 mois<\/strong> pour vous conformer aux exigences REACH applicables aux utilisateurs en aval.<\/p>\n<p style=\"text-align: justify;\">Si une substance n\u2019a pas encore \u00e9t\u00e9 enregistr\u00e9e, ou si aucun num\u00e9ro d\u2019enregistrement n\u2019a \u00e9t\u00e9 indiqu\u00e9, vous devez suivre les instructions figurant dans la fiche de donn\u00e9es de s\u00e9curit\u00e9.<\/p>\n<p style=\"text-align: justify;\">Vous devez v\u00e9rifier les informations relatives aux dangers et aux <strong>mesures de gestion des risques<\/strong>. Vous devez \u00e9galement v\u00e9rifier la mise en \u0153uvre des mesures de gestion des risques et d\u00e9terminer si une substance, telle quelle ou pr\u00e9sente dans un m\u00e9lange, est soumise \u00e0 une autorisation ou \u00e0 une restriction.<\/p>\n<p style=\"text-align: justify;\">Si le fournisseur ne prend pas en charge certaines utilisations afin de prot\u00e9ger la sant\u00e9 humaine ou l\u2019environnement, il doit l\u2019indiquer \u00e0 la section 16 de la fiche de donn\u00e9es de s\u00e9curit\u00e9 ou parmi les informations fournies conform\u00e9ment \u00e0 l\u2019article 32. Si le caract\u00e8re d\u00e9conseill\u00e9 n\u2019est pas justifi\u00e9, l\u2019utilisateur en aval a le droit de demander des informations compl\u00e9mentaires ou une justification.<\/p>\n<p>&nbsp;<\/p>\n<h3 style=\"text-align: justify;\">T\u00e2ches \u00e0 effectuer en cas d\u2019utilisations d\u00e9conseill\u00e9es<\/h3>\n<ul>\n<li style=\"text-align: justify;\">Vous devez mettre fin \u00e0 l\u2019utilisation de la substance ou du m\u00e9lange.<\/li>\n<li style=\"text-align: justify;\">L\u2019utilisation en toute s\u00e9curit\u00e9 peut \u00eatre d\u00e9montr\u00e9e par l\u2019\u00e9laboration d\u2019un rapport sur la s\u00e9curit\u00e9 chimique de l\u2019utilisateur en aval. \u00c0 cette fin, vous devez \u00e9valuer l\u2019utilisation de la substance ou du m\u00e9lange plus en d\u00e9tail que le fournisseur et, le cas \u00e9ch\u00e9ant, adapter les conditions d\u2019utilisation.<\/li>\n<\/ul>\n<p>&nbsp;<\/p>\n<h3 style=\"text-align: justify;\">T\u00e2ches des utilisateurs en aval produisant des m\u00e9langes concernant les fiches de donn\u00e9es de s\u00e9curit\u00e9<\/h3>\n<p style=\"text-align: justify;\">Une fois <a href=\"https:\/\/www.msds-europe.com\/fr\/fiche-de-donnees-de-securite-etablissement-elaboration\/\">la classification r\u00e9alis\u00e9e<\/a>, vous serez en mesure de d\u00e9terminer s\u2019il convient ou non de fournir une fiche de donn\u00e9es de s\u00e9curit\u00e9 \u00e0 vos clients pour le m\u00e9lange concern\u00e9.<\/p>\n<p>&nbsp;<\/p>\n<h2 style=\"text-align: justify;\">Une fiche de donn\u00e9es de s\u00e9curit\u00e9 doit \u00eatre fournie aux utilisateurs professionnels dans les cas suivants<\/h2>\n<ul>\n<li style=\"text-align: justify;\">Si une substance ou un m\u00e9lange est class\u00e9 comme dangereux.<\/li>\n<li style=\"text-align: justify;\">Si une substance est persistante, bioaccumulable et toxique (PBT) ou tr\u00e8s persistante et tr\u00e8s bioaccumulable (vPvB), conform\u00e9ment aux crit\u00e8res de l\u2019annexe XIII.<\/li>\n<li style=\"text-align: justify;\">Si une substance est incluse dans la liste \u00e9tablie conform\u00e9ment au paragraphe (1) de l\u2019article 59.<\/li>\n<\/ul>\n<p>&nbsp;<\/p>\n<h3 style=\"text-align: justify;\">Si le m\u00e9lange n\u2019est pas class\u00e9 comme dangereux, le client peut demander la fiche de donn\u00e9es de s\u00e9curit\u00e9 dans les cas suivants<\/h3>\n<ul>\n<li style=\"text-align: justify;\">Il contient une substance dangereuse \u00e0 une concentration \u2265 1\u00a0% en poids pour les m\u00e9langes non gazeux.<\/li>\n<li style=\"text-align: justify;\">Il contient une substance dangereuse \u00e0 une concentration \u2265 0,2\u00a0% en volume pour les m\u00e9langes gazeux.<\/li>\n<li style=\"text-align: justify;\">Il contient, \u00e0 une concentration individuelle \u2265 0,1\u00a0% en poids pour les m\u00e9langes non gazeux, au moins une substance class\u00e9e canc\u00e9rog\u00e8ne de cat\u00e9gorie 2 ou toxique pour la reproduction de cat\u00e9gories 1A, 1B et 2, sensibilisant cutan\u00e9 de cat\u00e9gorie 1, sensibilisant respiratoire de cat\u00e9gorie 1, ayant des effets sur ou via l\u2019allaitement, ou r\u00e9pondant aux crit\u00e8res PBT ou vPvB conform\u00e9ment \u00e0 l\u2019annexe XIII.<\/li>\n<li style=\"text-align: justify;\">Il contient une substance incluse dans la liste \u00e9tablie conform\u00e9ment au paragraphe (1) de l\u2019article 59.<\/li>\n<li style=\"text-align: justify;\">Il contient une substance pour laquelle il existe des valeurs limites d\u2019exposition professionnelle au niveau de l\u2019Union.<\/li>\n<\/ul>\n<p>&nbsp;<\/p>\n<p style=\"text-align: justify;\">Dans les cas o\u00f9 les exceptions ci-dessus ne sont pas remplies \u2013 et donc qu\u2019aucune fiche de donn\u00e9es de s\u00e9curit\u00e9 n\u2019est requise \u2013 les fournisseurs doivent fournir les informations suivantes \u00e0 tous leurs utilisateurs en aval et \u00e0 leurs distributeurs (article 32 de REACH) :<\/p>\n<ul>\n<li style=\"text-align: justify;\">Si la substance est soumise \u00e0 autorisation : les d\u00e9tails de l\u2019autorisation accord\u00e9e ou refus\u00e9e ; et, si la substance est soumise \u00e0 une restriction : les informations pertinentes relatives \u00e0 cette restriction.<\/li>\n<li style=\"text-align: justify;\">Toute information pertinente sur la substance n\u00e9cessaire pour permettre l\u2019identification et l\u2019application de mesures appropri\u00e9es de gestion des risques.<\/li>\n<li style=\"text-align: justify;\">Le(s) num\u00e9ro(s) d\u2019enregistrement, le cas \u00e9ch\u00e9ant, pour toute substance pour laquelle des informations sont communiqu\u00e9es conform\u00e9ment aux points ci-dessus.<\/li>\n<\/ul>\n<p>&nbsp;<\/p>\n<p style=\"text-align: justify;\">Aucune fiche de donn\u00e9es de s\u00e9curit\u00e9 ne doit \u00eatre \u00e9tablie pour les substances ou m\u00e9langes destin\u00e9s \u00e0 un usage grand public sur le march\u00e9 lorsque des informations suffisantes sont fournies pour permettre aux utilisateurs de prendre les mesures n\u00e9cessaires pour prot\u00e9ger la sant\u00e9 humaine, la s\u00e9curit\u00e9 et l\u2019environnement, sauf si l\u2019utilisateur en aval ou le distributeur en fait la demande expresse.<\/p>\n<p style=\"text-align: justify;\">Vous pouvez trouver notre article sur le contenu et les \u00e9l\u00e9ments de format d\u2019une fiche de donn\u00e9es de s\u00e9curit\u00e9 <a href=\"https:\/\/www.msds-europe.com\/fr\/elements-contenu-format-fiche-donnees-securite\/\">ici<\/a>.<\/p>\n<p>&nbsp;<\/p>\n<h3 style=\"text-align: justify;\"><span style=\"color: #333333;\">Services propos\u00e9s<\/span><\/h3>\n<ul>\n<li style=\"text-align: justify;\"><a href=\"https:\/\/www.msds-europe.com\/fr\/traduction-fiches-de-donnees-de-securite\/\">Traduction de fiches de donn\u00e9es de s\u00e9curit\u00e9<\/a><\/li>\n<li style=\"text-align: justify;\"><a href=\"https:\/\/www.msds-europe.com\/fr\/fds-revision-mise-a-jour\/\">R\u00e9vision et mise \u00e0 jour des fiches de donn\u00e9es de s\u00e9curit\u00e9<\/a><\/li>\n<li style=\"text-align: justify;\"><a href=\"https:\/\/www.msds-europe.com\/fr\/creation-fds-nouveaux-produits\/\">\u00c9laboration et pr\u00e9paration d\u2019une fiche de donn\u00e9es de s\u00e9curit\u00e9<\/a><\/li>\n<\/ul>\n<p>&nbsp;<\/p>\n<h3><span style=\"color: #333333;\">Questions rapides et r\u00e9ponses<\/span><\/h3>\n<p style=\"text-align: justify;\"><div class=\"su-spoiler su-spoiler-style-fancy su-spoiler-icon-chevron su-spoiler-closed\" data-scroll-offset=\"0\" data-anchor-in-url=\"no\"><div class=\"su-spoiler-title\" tabindex=\"0\" role=\"button\"><span class=\"su-spoiler-icon\"><\/span>Pourquoi la fiche de donn\u00e9es de s\u00e9curit\u00e9 est-elle un outil de communication important dans la cha\u00eene d\u2019approvisionnement ?<\/div><div class=\"su-spoiler-content su-u-clearfix su-u-trim\">\nParce qu\u2019elle communique de mani\u00e8re uniforme les risques et les mesures de gestion des risques n\u00e9cessaires \u00e0 chaque acteur, les aidant ainsi \u00e0 respecter leurs obligations l\u00e9gales.<br \/>\n<\/div><\/div>\n<p style=\"text-align: justify;\"><div class=\"su-spoiler su-spoiler-style-fancy su-spoiler-icon-chevron su-spoiler-closed\" data-scroll-offset=\"0\" data-anchor-in-url=\"no\"><div class=\"su-spoiler-title\" tabindex=\"0\" role=\"button\"><span class=\"su-spoiler-icon\"><\/span>Que faire si le sc\u00e9nario d\u2019exposition ne couvre pas l\u2019utilisation pr\u00e9vue ?<\/div><div class=\"su-spoiler-content su-u-clearfix su-u-trim\">\nContacter le fournisseur pour une extension ; sinon, l\u2019utilisateur en aval doit pr\u00e9parer son propre rapport sur la s\u00e9curit\u00e9 chimique.<br \/>\n<\/div><\/div>\n<p style=\"text-align: justify;\"><div class=\"su-spoiler su-spoiler-style-fancy su-spoiler-icon-chevron su-spoiler-closed\" data-scroll-offset=\"0\" data-anchor-in-url=\"no\"><div class=\"su-spoiler-title\" tabindex=\"0\" role=\"button\"><span class=\"su-spoiler-icon\"><\/span>Que faut-il v\u00e9rifier lors de la r\u00e9ception de la fiche de donn\u00e9es de s\u00e9curit\u00e9, et quel d\u00e9lai s\u2019applique pour remplir les obligations ?<\/div><div class=\"su-spoiler-content su-u-clearfix su-u-trim\">\nV\u00e9rifier le num\u00e9ro d\u2019enregistrement, les informations sur les dangers et les mesures de gestion des risques, ainsi que toute obligation d\u2019autorisation ou de restriction ; si un num\u00e9ro d\u2019enregistrement est fourni, les utilisateurs en aval disposent de 12 mois pour satisfaire aux obligations REACH.<br \/>\n<\/div><\/div>\n<p style=\"text-align: justify;\"><div class=\"su-spoiler su-spoiler-style-fancy su-spoiler-icon-chevron su-spoiler-closed\" data-scroll-offset=\"0\" data-anchor-in-url=\"no\"><div class=\"su-spoiler-title\" tabindex=\"0\" role=\"button\"><span class=\"su-spoiler-icon\"><\/span>Quand est-il obligatoire de fournir une fiche de donn\u00e9es de s\u00e9curit\u00e9, et peut-elle \u00eatre demand\u00e9e m\u00eame si le m\u00e9lange n\u2019est pas dangereux ?<\/div><div class=\"su-spoiler-content su-u-clearfix su-u-trim\">\nElle est obligatoire pour les substances\/m\u00e9langes dangereux, PBT\/vPvB ou inclus dans la liste \u00e9tablie conform\u00e9ment \u00e0 l\u2019article 59 ; pour les m\u00e9langes non dangereux, elle peut tout de m\u00eame \u00eatre demand\u00e9e s\u2019ils contiennent certaines quantit\u00e9s de substances dangereuses, PBT\/vPvB, incluses dans la liste \u00e9tablie conform\u00e9ment \u00e0 l\u2019article 59, ou soumises \u00e0 des valeurs limites d\u2019exposition professionnelle.<br \/>\n<\/div><\/div>\n<p>&nbsp;<\/p>\n","protected":false},"excerpt":{"rendered":"<p>Base de connaissances sur les fiches de donn\u00e9es de s\u00e9curit\u00e9 \u2013 \u00c0 propos de la fiche de donn\u00e9es de s\u00e9curit\u00e9 pour les utilisateurs en aval &nbsp; La fiche de donn\u00e9es de s\u00e9curit\u00e9 comme outil de communication Les fiches de donn\u00e9es de s\u00e9curit\u00e9 sont des outils de communication importants dans la&#8230;<\/p>\n","protected":false},"author":2,"featured_media":0,"parent":0,"menu_order":0,"comment_status":"closed","ping_status":"closed","template":"","meta":{"_acf_changed":false,"footnotes":""},"tags":[385,386],"class_list":["post-34565","page","type-page","status-publish","hentry","tag-fiche-de-donnees-de-securite","tag-fiche-de-donnees-de-securite-base-de-connaissances"],"acf":[],"yoast_head":"<!-- This site is optimized with the Yoast SEO plugin v27.2 - https:\/\/yoast.com\/product\/yoast-seo-wordpress\/ -->\n<title>Informations utiles pour les utilisateurs en aval sur les FDS<\/title>\n<meta name=\"description\" content=\"Que faire si vous ne recevez pas de FDS, et quelles obligations suivent la r\u00e9ception d\u2019une FDS. MDS-Europe\/Toxinfo Kft.\" \/>\n<meta name=\"robots\" content=\"index, follow, max-snippet:-1, max-image-preview:large, max-video-preview:-1\" \/>\n<link rel=\"canonical\" href=\"https:\/\/www.msds-europe.com\/fr\/a-propos-fds-utilisateurs-en-aval\/\" \/>\n<meta property=\"og:locale\" content=\"fr_FR\" \/>\n<meta property=\"og:type\" content=\"article\" \/>\n<meta property=\"og:title\" content=\"Informations utiles pour les utilisateurs en aval sur les FDS\" \/>\n<meta property=\"og:description\" content=\"Que faire si vous ne recevez pas de FDS, et quelles obligations suivent la r\u00e9ception d\u2019une FDS. MDS-Europe\/Toxinfo Kft.\" \/>\n<meta property=\"og:url\" content=\"https:\/\/www.msds-europe.com\/fr\/a-propos-fds-utilisateurs-en-aval\/\" \/>\n<meta property=\"og:site_name\" content=\"MSDS Europe\" \/>\n<meta property=\"article:publisher\" content=\"https:\/\/www.facebook.com\/toxinfokft\/\" \/>\n<meta property=\"article:modified_time\" content=\"2026-04-22T12:20:41+00:00\" \/>\n<meta name=\"twitter:card\" content=\"summary_large_image\" \/>\n<meta name=\"twitter:site\" content=\"@ToxInfoKft\" \/>\n<meta name=\"twitter:label1\" content=\"Dur\u00e9e de lecture estim\u00e9e\" \/>\n\t<meta name=\"twitter:data1\" content=\"6 minutes\" \/>\n<script type=\"application\/ld+json\" class=\"yoast-schema-graph\">{\"@context\":\"https:\/\/schema.org\",\"@graph\":[{\"@type\":\"WebPage\",\"@id\":\"https:\/\/www.msds-europe.com\/fr\/a-propos-fds-utilisateurs-en-aval\/\",\"url\":\"https:\/\/www.msds-europe.com\/fr\/a-propos-fds-utilisateurs-en-aval\/\",\"name\":\"Informations utiles pour les utilisateurs en aval sur les FDS\",\"isPartOf\":{\"@id\":\"https:\/\/www.msds-europe.com\/es\/#website\"},\"datePublished\":\"2025-09-01T11:44:20+00:00\",\"dateModified\":\"2026-04-22T12:20:41+00:00\",\"description\":\"Que faire si vous ne recevez pas de FDS, et quelles obligations suivent la r\u00e9ception d\u2019une FDS. MDS-Europe\/Toxinfo Kft.\",\"breadcrumb\":{\"@id\":\"https:\/\/www.msds-europe.com\/fr\/a-propos-fds-utilisateurs-en-aval\/#breadcrumb\"},\"inLanguage\":\"fr-FR\",\"potentialAction\":[{\"@type\":\"ReadAction\",\"target\":[\"https:\/\/www.msds-europe.com\/fr\/a-propos-fds-utilisateurs-en-aval\/\"]}]},{\"@type\":\"BreadcrumbList\",\"@id\":\"https:\/\/www.msds-europe.com\/fr\/a-propos-fds-utilisateurs-en-aval\/#breadcrumb\",\"itemListElement\":[{\"@type\":\"ListItem\",\"position\":1,\"name\":\"F\u0151oldal\",\"item\":\"https:\/\/www.msds-europe.com\/fr\/\"},{\"@type\":\"ListItem\",\"position\":2,\"name\":\"Informations utiles pour les utilisateurs en aval sur les fiches de donn\u00e9es de s\u00e9curit\u00e9\"}]},{\"@type\":\"WebSite\",\"@id\":\"https:\/\/www.msds-europe.com\/es\/#website\",\"url\":\"https:\/\/www.msds-europe.com\/es\/\",\"name\":\"MSDS Europe\",\"description\":\"\",\"publisher\":{\"@id\":\"https:\/\/www.msds-europe.com\/es\/#organization\"},\"potentialAction\":[{\"@type\":\"SearchAction\",\"target\":{\"@type\":\"EntryPoint\",\"urlTemplate\":\"https:\/\/www.msds-europe.com\/es\/?s={search_term_string}\"},\"query-input\":{\"@type\":\"PropertyValueSpecification\",\"valueRequired\":true,\"valueName\":\"search_term_string\"}}],\"inLanguage\":\"fr-FR\"},{\"@type\":\"Organization\",\"@id\":\"https:\/\/www.msds-europe.com\/es\/#organization\",\"name\":\"MSDS-Europe International branch of ToxInfo\",\"url\":\"https:\/\/www.msds-europe.com\/es\/\",\"logo\":{\"@type\":\"ImageObject\",\"inLanguage\":\"fr-FR\",\"@id\":\"https:\/\/www.msds-europe.com\/es\/#\/schema\/logo\/image\/\",\"url\":\"https:\/\/www.msds-europe.com\/wp-content\/uploads\/2021\/04\/msds-europe-logo.jpg\",\"contentUrl\":\"https:\/\/www.msds-europe.com\/wp-content\/uploads\/2021\/04\/msds-europe-logo.jpg\",\"width\":2296,\"height\":1067,\"caption\":\"MSDS-Europe International branch of ToxInfo\"},\"image\":{\"@id\":\"https:\/\/www.msds-europe.com\/es\/#\/schema\/logo\/image\/\"},\"sameAs\":[\"https:\/\/www.facebook.com\/toxinfokft\/\",\"https:\/\/x.com\/ToxInfoKft\"]}]}<\/script>\n<!-- \/ Yoast SEO plugin. -->","yoast_head_json":{"title":"Informations utiles pour les utilisateurs en aval sur les FDS","description":"Que faire si vous ne recevez pas de FDS, et quelles obligations suivent la r\u00e9ception d\u2019une FDS. MDS-Europe\/Toxinfo Kft.","robots":{"index":"index","follow":"follow","max-snippet":"max-snippet:-1","max-image-preview":"max-image-preview:large","max-video-preview":"max-video-preview:-1"},"canonical":"https:\/\/www.msds-europe.com\/fr\/a-propos-fds-utilisateurs-en-aval\/","og_locale":"fr_FR","og_type":"article","og_title":"Informations utiles pour les utilisateurs en aval sur les FDS","og_description":"Que faire si vous ne recevez pas de FDS, et quelles obligations suivent la r\u00e9ception d\u2019une FDS. MDS-Europe\/Toxinfo Kft.","og_url":"https:\/\/www.msds-europe.com\/fr\/a-propos-fds-utilisateurs-en-aval\/","og_site_name":"MSDS Europe","article_publisher":"https:\/\/www.facebook.com\/toxinfokft\/","article_modified_time":"2026-04-22T12:20:41+00:00","twitter_card":"summary_large_image","twitter_site":"@ToxInfoKft","twitter_misc":{"Dur\u00e9e de lecture estim\u00e9e":"6 minutes"},"schema":{"@context":"https:\/\/schema.org","@graph":[{"@type":"WebPage","@id":"https:\/\/www.msds-europe.com\/fr\/a-propos-fds-utilisateurs-en-aval\/","url":"https:\/\/www.msds-europe.com\/fr\/a-propos-fds-utilisateurs-en-aval\/","name":"Informations utiles pour les utilisateurs en aval sur les FDS","isPartOf":{"@id":"https:\/\/www.msds-europe.com\/es\/#website"},"datePublished":"2025-09-01T11:44:20+00:00","dateModified":"2026-04-22T12:20:41+00:00","description":"Que faire si vous ne recevez pas de FDS, et quelles obligations suivent la r\u00e9ception d\u2019une FDS. MDS-Europe\/Toxinfo Kft.","breadcrumb":{"@id":"https:\/\/www.msds-europe.com\/fr\/a-propos-fds-utilisateurs-en-aval\/#breadcrumb"},"inLanguage":"fr-FR","potentialAction":[{"@type":"ReadAction","target":["https:\/\/www.msds-europe.com\/fr\/a-propos-fds-utilisateurs-en-aval\/"]}]},{"@type":"BreadcrumbList","@id":"https:\/\/www.msds-europe.com\/fr\/a-propos-fds-utilisateurs-en-aval\/#breadcrumb","itemListElement":[{"@type":"ListItem","position":1,"name":"F\u0151oldal","item":"https:\/\/www.msds-europe.com\/fr\/"},{"@type":"ListItem","position":2,"name":"Informations utiles pour les utilisateurs en aval sur les fiches de donn\u00e9es de s\u00e9curit\u00e9"}]},{"@type":"WebSite","@id":"https:\/\/www.msds-europe.com\/es\/#website","url":"https:\/\/www.msds-europe.com\/es\/","name":"MSDS Europe","description":"","publisher":{"@id":"https:\/\/www.msds-europe.com\/es\/#organization"},"potentialAction":[{"@type":"SearchAction","target":{"@type":"EntryPoint","urlTemplate":"https:\/\/www.msds-europe.com\/es\/?s={search_term_string}"},"query-input":{"@type":"PropertyValueSpecification","valueRequired":true,"valueName":"search_term_string"}}],"inLanguage":"fr-FR"},{"@type":"Organization","@id":"https:\/\/www.msds-europe.com\/es\/#organization","name":"MSDS-Europe International branch of ToxInfo","url":"https:\/\/www.msds-europe.com\/es\/","logo":{"@type":"ImageObject","inLanguage":"fr-FR","@id":"https:\/\/www.msds-europe.com\/es\/#\/schema\/logo\/image\/","url":"https:\/\/www.msds-europe.com\/wp-content\/uploads\/2021\/04\/msds-europe-logo.jpg","contentUrl":"https:\/\/www.msds-europe.com\/wp-content\/uploads\/2021\/04\/msds-europe-logo.jpg","width":2296,"height":1067,"caption":"MSDS-Europe International branch of ToxInfo"},"image":{"@id":"https:\/\/www.msds-europe.com\/es\/#\/schema\/logo\/image\/"},"sameAs":["https:\/\/www.facebook.com\/toxinfokft\/","https:\/\/x.com\/ToxInfoKft"]}]}},"_links":{"self":[{"href":"https:\/\/www.msds-europe.com\/fr\/wp-json\/wp\/v2\/pages\/34565","targetHints":{"allow":["GET"]}}],"collection":[{"href":"https:\/\/www.msds-europe.com\/fr\/wp-json\/wp\/v2\/pages"}],"about":[{"href":"https:\/\/www.msds-europe.com\/fr\/wp-json\/wp\/v2\/types\/page"}],"author":[{"embeddable":true,"href":"https:\/\/www.msds-europe.com\/fr\/wp-json\/wp\/v2\/users\/2"}],"replies":[{"embeddable":true,"href":"https:\/\/www.msds-europe.com\/fr\/wp-json\/wp\/v2\/comments?post=34565"}],"version-history":[{"count":8,"href":"https:\/\/www.msds-europe.com\/fr\/wp-json\/wp\/v2\/pages\/34565\/revisions"}],"predecessor-version":[{"id":39002,"href":"https:\/\/www.msds-europe.com\/fr\/wp-json\/wp\/v2\/pages\/34565\/revisions\/39002"}],"wp:attachment":[{"href":"https:\/\/www.msds-europe.com\/fr\/wp-json\/wp\/v2\/media?parent=34565"}],"wp:term":[{"taxonomy":"post_tag","embeddable":true,"href":"https:\/\/www.msds-europe.com\/fr\/wp-json\/wp\/v2\/tags?post=34565"}],"curies":[{"name":"wp","href":"https:\/\/api.w.org\/{rel}","templated":true}]}}