{"id":34370,"date":"2025-08-15T12:30:08","date_gmt":"2025-08-15T12:30:08","guid":{"rendered":"https:\/\/www.msds-europe.com\/?page_id=34370"},"modified":"2026-02-25T09:49:27","modified_gmt":"2026-02-25T09:49:27","slug":"verification-fds-fiche-donnees-securite","status":"publish","type":"page","link":"https:\/\/www.msds-europe.com\/fr\/verification-fds-fiche-donnees-securite\/","title":{"rendered":"Ce que nous devons absolument contr\u00f4ler dans les fiches de donn\u00e9es de s\u00e9curit\u00e9"},"content":{"rendered":"<p style=\"text-align: right;\"><em><a href=\"https:\/\/www.msds-europe.com\/fr\/\">MSDS-Europe<\/a> \u2013 Ce que nous devons absolument v\u00e9rifier dans les fiches de donn\u00e9es de s\u00e9curit\u00e9<\/em><\/p>\n<p style=\"text-align: justify;\">Avant de lister les points essentiels \u00e0 contr\u00f4ler dans une fiche de donn\u00e9es de s\u00e9curit\u00e9 (FDS) re\u00e7ue, nous vous invitons \u00e0 consulter notre article sur les <a href=\"https:\/\/www.msds-europe.com\/fr\/conditions-dans-lesquelles-une-fiche-de-donn%c3%a9es-de-s%c3%a9curit%c3%a9-doit-%c3%aatre-fournie\/\">r\u00e8gles relatives \u00e0 la fourniture d\u2019une FDS<\/a>.<\/p>\n<p style=\"text-align: justify;\">Parmi ces v\u00e9rifications, il est \u00e9galement essentiel de confirmer que la FDS respecte les <a href=\"https:\/\/www.msds-europe.com\/fr\/sds-exigences-linguistiques\/\">exigences linguistiques impos\u00e9es par la r\u00e9glementation europ\u00e9enne et nationale<\/a>, et pas seulement le contenu technique.<\/p>\n<p>&nbsp;<\/p>\n<h3>Premi\u00e8re \u00e9tape :<\/h3>\n<p style=\"text-align: justify;\">Tout d\u2019abord, il est possible (et n\u00e9cessaire) de v\u00e9rifier la <a href=\"https:\/\/www.msds-europe.com\/fr\/sds-exigences-linguistiques\/\">langue<\/a> de la FDS fournie. Cela peut sembler surprenant, mais le fournisseur d\u2019un produit chimique n\u2019est pas toujours tenu de fournir la fiche dans notre langue nationale.<\/p>\n<p style=\"text-align: justify;\">Les entreprises disposant d\u2019un logiciel de traduction de FDS fournissent souvent volontiers le document dans la langue de l\u2019acheteur, m\u00eame si la l\u00e9gislation ne leur impose pas explicitement cette t\u00e2che. Cependant, il faut se m\u00e9fier des <a href=\"https:\/\/www.msds-europe.com\/about-sds-authoring-softwares\/\">FDS g\u00e9n\u00e9r\u00e9es par logiciel<\/a>, car elles sont souvent techniquement discutables. De plus, une simple traduction humaine litt\u00e9rale n\u2019est pas automatiquement satisfaisante : seule une petite partie du travail de <a href=\"https:\/\/www.msds-europe.com\/fr\/processus-de-travail-de-lelaboration-et-de-la-traduction-dune-fiche-de-donnees-de-securite\/\">cr\u00e9ation\/traduction d\u2019une FDS<\/a> rel\u00e8ve du service linguistique pur ; il est indispensable de v\u00e9rifier la l\u00e9gislation nationale et le contenu (par ex. la classification).<\/p>\n<p>&nbsp;<\/p>\n<h3>Deuxi\u00e8me \u00e9tape :<\/h3>\n<p style=\"text-align: justify;\">Ensuite, nous devons v\u00e9rifier si la fiche est \u00ab \u00e0 jour \u00bb \u2013 ce que l\u2019on appelle souvent \u00e0 tort sa date de validit\u00e9. D\u2019un point de vue r\u00e9glementaire, il n\u2019existe pas de \u00ab date d\u2019expiration \u00bb formelle, mais il existe bien des <a href=\"https:\/\/www.msds-europe.com\/fr\/periode-validite-fiche-donnees-securite\/\">r\u00e8gles de mise \u00e0 jour des FDS<\/a> qu\u2019il faut conna\u00eetre.<\/p>\n<p>&nbsp;<\/p>\n<h3>Autres \u00e9tapes :<\/h3>\n<p style=\"text-align: justify;\">Les autres v\u00e9rifications de conformit\u00e9 d\u00e9pendent largement de l\u2019activit\u00e9 de l\u2019entreprise et du type de substances\/m\u00e9langes utilis\u00e9s. En tant que distributeur s\u2019approvisionnant sur le march\u00e9 national, utiliser une FDS non conforme comporte surtout le risque que le client refuse le produit, avec une perte potentielle de parts de march\u00e9.<\/p>\n<p style=\"text-align: justify;\">En revanche, si nous achetons un produit chimique dans un autre pays de l\u2019EEE, notre entreprise est responsable de la <a href=\"https:\/\/www.msds-europe.com\/fr\/service-ufi\/\">notification PCN<\/a> et de l\u2019\u00e9tiquetage, que nous ne pourrons pas r\u00e9aliser correctement en nous basant sur une FDS erron\u00e9e.<\/p>\n<p style=\"text-align: justify;\">Les utilisateurs en aval sont probablement ceux qui ont le plus de t\u00e2ches li\u00e9es aux FDS re\u00e7ues. Voir notre r\u00e9sum\u00e9 des <a href=\"https:\/\/www.msds-europe.com\/downstream-user-reach-communication-obligations\/\">informations de base pour les utilisateurs en aval<\/a> concernant les obligations relatives aux FDS.<\/p>\n<p style=\"text-align: justify;\">\u00c0 noter que les utilisateurs en aval ont d\u00e9j\u00e0 l\u2019obligation de v\u00e9rifier le contenu d\u2019une FDS, ce qui peut \u00eatre contr\u00f4l\u00e9 par l\u2019autorit\u00e9 lors d\u2019inspections. Des mesures sp\u00e9cifiques sont n\u00e9cessaires si la FDS contient un <a href=\"https:\/\/www.msds-europe.com\/checking-implementing-exposure-scenario\/\">sc\u00e9nario d\u2019exposition<\/a>.<\/p>\n<p style=\"text-align: justify;\">Pour ces contr\u00f4les, il est souvent utile de comparer les informations de la fiche avec les <a href=\"https:\/\/www.msds-europe.com\/fr\/sds-sources-information-bases-donnees\/\">sources d\u2019information et bases de donn\u00e9es utilis\u00e9es pour la pr\u00e9paration des FDS<\/a>, ce qui permet d\u2019identifier rapidement les incoh\u00e9rences ou les donn\u00e9es obsol\u00e8tes.<\/p>\n<p>&nbsp;<\/p>\n<h4><span style=\"color: #333333;\">Services recommand\u00e9s :<\/span><\/h4>\n<ul>\n<li><a href=\"https:\/\/www.msds-europe.com\/fr\/traduction-fiches-de-donnees-de-securite\/\">Traduction de FDS<\/a><\/li>\n<li><a href=\"https:\/\/www.msds-europe.com\/fr\/fds-revision-mise-a-jour\/\">R\u00e9vision de FDS<\/a><\/li>\n<li><a href=\"https:\/\/www.msds-europe.com\/fr\/fiche-de-donnees-de-securite-etablissement-elaboration\/\">R\u00e9daction et compilation de fiches de donn\u00e9es de s\u00e9curit\u00e9<\/a><\/li>\n<li>Cr\u00e9ation de <a href=\"https:\/\/www.msds-europe.com\/fr\/etablissement-projet-etiquette\/\">projets d\u2019\u00e9tiquettes CLP<\/a><\/li>\n<li><a href=\"https:\/\/www.msds-europe.com\/fr\/service-ufi\/\">Notification PCN pour m\u00e9langes dangereux<\/a><\/li>\n<\/ul>\n<p>&nbsp;<\/p>\n<h4><span style=\"color: #333333;\">Articles utiles :<\/span><\/h4>\n<ul>\n<li><a href=\"https:\/\/www.msds-europe.com\/fr\/boussole-securite-chimique\/\">Boussole de la s\u00e9curit\u00e9 chimique<\/a><\/li>\n<li><a href=\"https:\/\/www.msds-europe.com\/fr\/faq\/\">FAQ \u2013 Questions fr\u00e9quentes et r\u00e9ponses en s\u00e9curit\u00e9 chimique<\/a><\/li>\n<li><a href=\"https:\/\/www.msds-europe.com\/fr\/changements-reglementaires-securite-chimique\/\">Suivi des changements r\u00e9glementaires<\/a><\/li>\n<\/ul>\n<p>&nbsp;<\/p>\n<h4>Questions rapides et r\u00e9ponses<\/h4>\n<div class=\"su-spoiler su-spoiler-style-fancy su-spoiler-icon-chevron su-spoiler-closed\" data-scroll-offset=\"0\" data-anchor-in-url=\"no\"><div class=\"su-spoiler-title\" tabindex=\"0\" role=\"button\"><span class=\"su-spoiler-icon\"><\/span>Quels sont les trois points \u00e0 v\u00e9rifier en priorit\u00e9 dans une FDS provenant d\u2019un fournisseur \u00e9tranger ?<\/div><div class=\"su-spoiler-content su-u-clearfix su-u-trim\">\n<p>La langue du document, le format en 16 sections et la pr\u00e9sence des nouvelles exigences de contenu pr\u00e9vues par le r\u00e8glement (UE) 2020\/878.<\/p>\n<\/div><\/div>\n<div class=\"su-spoiler su-spoiler-style-fancy su-spoiler-icon-chevron su-spoiler-closed\" data-scroll-offset=\"0\" data-anchor-in-url=\"no\"><div class=\"su-spoiler-title\" tabindex=\"0\" role=\"button\"><span class=\"su-spoiler-icon\"><\/span>Que faire si la FDS import\u00e9e n\u2019est pas conforme au r\u00e8glement (UE) 2020\/878 ou contient des donn\u00e9es obsol\u00e8tes ?<\/div><div class=\"su-spoiler-content su-u-clearfix su-u-trim\">\n<p>L\u2019entreprise qui met le produit sur le march\u00e9 doit la mettre \u00e0 jour ou \u00e9tablir une nouvelle FDS afin de pouvoir vendre l\u00e9galement dans un \u00c9tat membre de l\u2019UE.<\/p>\n<\/div><\/div>\n<div class=\"su-spoiler su-spoiler-style-fancy su-spoiler-icon-chevron su-spoiler-closed\" data-scroll-offset=\"0\" data-anchor-in-url=\"no\"><div class=\"su-spoiler-title\" tabindex=\"0\" role=\"button\"><span class=\"su-spoiler-icon\"><\/span>Qui est l\u00e9galement responsable des erreurs contenues dans une FDS reprise telle quelle dans l\u2019UE ?<\/div><div class=\"su-spoiler-content su-u-clearfix su-u-trim\">\n<p>L\u2019importateur\/distributeur dans l\u2019UE ; les autorit\u00e9s peuvent le sanctionner m\u00eame si la FDS erron\u00e9e provient d\u2019un fournisseur hors UE.<\/p>\n<\/div><\/div>\n","protected":false},"excerpt":{"rendered":"<p>MSDS-Europe \u2013 Ce que nous devons absolument v\u00e9rifier dans les fiches de donn\u00e9es de s\u00e9curit\u00e9 Avant de lister les points essentiels \u00e0 contr\u00f4ler dans une fiche de donn\u00e9es de s\u00e9curit\u00e9 (FDS) re\u00e7ue, nous vous invitons \u00e0 consulter notre article sur les r\u00e8gles relatives \u00e0 la fourniture d\u2019une FDS. Parmi ces&#8230;<\/p>\n","protected":false},"author":2,"featured_media":0,"parent":0,"menu_order":0,"comment_status":"closed","ping_status":"closed","template":"","meta":{"_acf_changed":false,"footnotes":""},"tags":[],"class_list":["post-34370","page","type-page","status-publish","hentry"],"acf":[],"yoast_head":"<!-- This site is optimized with the Yoast SEO plugin v27.2 - https:\/\/yoast.com\/product\/yoast-seo-wordpress\/ -->\n<title>Ce que nous devons absolument contr\u00f4ler dans les FDS<\/title>\n<meta name=\"description\" content=\"D\u00e9couvrez les points essentiels \u00e0 v\u00e9rifier dans une fiche de donn\u00e9es de s\u00e9curit\u00e9 (langue, mise \u00e0 jour, conformit\u00e9 2020\/878) pour rester en r\u00e8gle dans l\u2019UE.\" \/>\n<meta name=\"robots\" content=\"index, follow, max-snippet:-1, max-image-preview:large, max-video-preview:-1\" \/>\n<link rel=\"canonical\" href=\"https:\/\/www.msds-europe.com\/fr\/verification-fds-fiche-donnees-securite\/\" \/>\n<meta property=\"og:locale\" content=\"fr_FR\" \/>\n<meta property=\"og:type\" content=\"article\" \/>\n<meta property=\"og:title\" content=\"Ce que nous devons absolument contr\u00f4ler dans les FDS\" \/>\n<meta property=\"og:description\" content=\"D\u00e9couvrez les points essentiels \u00e0 v\u00e9rifier dans une fiche de donn\u00e9es de s\u00e9curit\u00e9 (langue, mise \u00e0 jour, conformit\u00e9 2020\/878) pour rester en r\u00e8gle dans l\u2019UE.\" \/>\n<meta property=\"og:url\" content=\"https:\/\/www.msds-europe.com\/fr\/verification-fds-fiche-donnees-securite\/\" \/>\n<meta property=\"og:site_name\" content=\"MSDS Europe\" \/>\n<meta property=\"article:publisher\" content=\"https:\/\/www.facebook.com\/toxinfokft\/\" \/>\n<meta property=\"article:modified_time\" content=\"2026-02-25T09:49:27+00:00\" \/>\n<meta name=\"twitter:card\" content=\"summary_large_image\" \/>\n<meta name=\"twitter:site\" content=\"@ToxInfoKft\" \/>\n<meta name=\"twitter:label1\" content=\"Dur\u00e9e de lecture estim\u00e9e\" \/>\n\t<meta name=\"twitter:data1\" content=\"3 minutes\" \/>\n<script type=\"application\/ld+json\" class=\"yoast-schema-graph\">{\"@context\":\"https:\/\/schema.org\",\"@graph\":[{\"@type\":\"WebPage\",\"@id\":\"https:\/\/www.msds-europe.com\/fr\/verification-fds-fiche-donnees-securite\/\",\"url\":\"https:\/\/www.msds-europe.com\/fr\/verification-fds-fiche-donnees-securite\/\",\"name\":\"Ce que nous devons absolument contr\u00f4ler dans les FDS\",\"isPartOf\":{\"@id\":\"https:\/\/www.msds-europe.com\/es\/#website\"},\"datePublished\":\"2025-08-15T12:30:08+00:00\",\"dateModified\":\"2026-02-25T09:49:27+00:00\",\"description\":\"D\u00e9couvrez les points essentiels \u00e0 v\u00e9rifier dans une fiche de donn\u00e9es de s\u00e9curit\u00e9 (langue, mise \u00e0 jour, conformit\u00e9 2020\/878) pour rester en r\u00e8gle dans l\u2019UE.\",\"breadcrumb\":{\"@id\":\"https:\/\/www.msds-europe.com\/fr\/verification-fds-fiche-donnees-securite\/#breadcrumb\"},\"inLanguage\":\"fr-FR\",\"potentialAction\":[{\"@type\":\"ReadAction\",\"target\":[\"https:\/\/www.msds-europe.com\/fr\/verification-fds-fiche-donnees-securite\/\"]}]},{\"@type\":\"BreadcrumbList\",\"@id\":\"https:\/\/www.msds-europe.com\/fr\/verification-fds-fiche-donnees-securite\/#breadcrumb\",\"itemListElement\":[{\"@type\":\"ListItem\",\"position\":1,\"name\":\"F\u0151oldal\",\"item\":\"https:\/\/www.msds-europe.com\/fr\/\"},{\"@type\":\"ListItem\",\"position\":2,\"name\":\"Ce que nous devons absolument contr\u00f4ler dans les fiches de donn\u00e9es de s\u00e9curit\u00e9\"}]},{\"@type\":\"WebSite\",\"@id\":\"https:\/\/www.msds-europe.com\/es\/#website\",\"url\":\"https:\/\/www.msds-europe.com\/es\/\",\"name\":\"MSDS Europe\",\"description\":\"\",\"publisher\":{\"@id\":\"https:\/\/www.msds-europe.com\/es\/#organization\"},\"potentialAction\":[{\"@type\":\"SearchAction\",\"target\":{\"@type\":\"EntryPoint\",\"urlTemplate\":\"https:\/\/www.msds-europe.com\/es\/?s={search_term_string}\"},\"query-input\":{\"@type\":\"PropertyValueSpecification\",\"valueRequired\":true,\"valueName\":\"search_term_string\"}}],\"inLanguage\":\"fr-FR\"},{\"@type\":\"Organization\",\"@id\":\"https:\/\/www.msds-europe.com\/es\/#organization\",\"name\":\"MSDS-Europe International branch of ToxInfo\",\"url\":\"https:\/\/www.msds-europe.com\/es\/\",\"logo\":{\"@type\":\"ImageObject\",\"inLanguage\":\"fr-FR\",\"@id\":\"https:\/\/www.msds-europe.com\/es\/#\/schema\/logo\/image\/\",\"url\":\"https:\/\/www.msds-europe.com\/wp-content\/uploads\/2021\/04\/msds-europe-logo.jpg\",\"contentUrl\":\"https:\/\/www.msds-europe.com\/wp-content\/uploads\/2021\/04\/msds-europe-logo.jpg\",\"width\":2296,\"height\":1067,\"caption\":\"MSDS-Europe International branch of ToxInfo\"},\"image\":{\"@id\":\"https:\/\/www.msds-europe.com\/es\/#\/schema\/logo\/image\/\"},\"sameAs\":[\"https:\/\/www.facebook.com\/toxinfokft\/\",\"https:\/\/x.com\/ToxInfoKft\"]}]}<\/script>\n<!-- \/ Yoast SEO plugin. -->","yoast_head_json":{"title":"Ce que nous devons absolument contr\u00f4ler dans les FDS","description":"D\u00e9couvrez les points essentiels \u00e0 v\u00e9rifier dans une fiche de donn\u00e9es de s\u00e9curit\u00e9 (langue, mise \u00e0 jour, conformit\u00e9 2020\/878) pour rester en r\u00e8gle dans l\u2019UE.","robots":{"index":"index","follow":"follow","max-snippet":"max-snippet:-1","max-image-preview":"max-image-preview:large","max-video-preview":"max-video-preview:-1"},"canonical":"https:\/\/www.msds-europe.com\/fr\/verification-fds-fiche-donnees-securite\/","og_locale":"fr_FR","og_type":"article","og_title":"Ce que nous devons absolument contr\u00f4ler dans les FDS","og_description":"D\u00e9couvrez les points essentiels \u00e0 v\u00e9rifier dans une fiche de donn\u00e9es de s\u00e9curit\u00e9 (langue, mise \u00e0 jour, conformit\u00e9 2020\/878) pour rester en r\u00e8gle dans l\u2019UE.","og_url":"https:\/\/www.msds-europe.com\/fr\/verification-fds-fiche-donnees-securite\/","og_site_name":"MSDS Europe","article_publisher":"https:\/\/www.facebook.com\/toxinfokft\/","article_modified_time":"2026-02-25T09:49:27+00:00","twitter_card":"summary_large_image","twitter_site":"@ToxInfoKft","twitter_misc":{"Dur\u00e9e de lecture estim\u00e9e":"3 minutes"},"schema":{"@context":"https:\/\/schema.org","@graph":[{"@type":"WebPage","@id":"https:\/\/www.msds-europe.com\/fr\/verification-fds-fiche-donnees-securite\/","url":"https:\/\/www.msds-europe.com\/fr\/verification-fds-fiche-donnees-securite\/","name":"Ce que nous devons absolument contr\u00f4ler dans les FDS","isPartOf":{"@id":"https:\/\/www.msds-europe.com\/es\/#website"},"datePublished":"2025-08-15T12:30:08+00:00","dateModified":"2026-02-25T09:49:27+00:00","description":"D\u00e9couvrez les points essentiels \u00e0 v\u00e9rifier dans une fiche de donn\u00e9es de s\u00e9curit\u00e9 (langue, mise \u00e0 jour, conformit\u00e9 2020\/878) pour rester en r\u00e8gle dans l\u2019UE.","breadcrumb":{"@id":"https:\/\/www.msds-europe.com\/fr\/verification-fds-fiche-donnees-securite\/#breadcrumb"},"inLanguage":"fr-FR","potentialAction":[{"@type":"ReadAction","target":["https:\/\/www.msds-europe.com\/fr\/verification-fds-fiche-donnees-securite\/"]}]},{"@type":"BreadcrumbList","@id":"https:\/\/www.msds-europe.com\/fr\/verification-fds-fiche-donnees-securite\/#breadcrumb","itemListElement":[{"@type":"ListItem","position":1,"name":"F\u0151oldal","item":"https:\/\/www.msds-europe.com\/fr\/"},{"@type":"ListItem","position":2,"name":"Ce que nous devons absolument contr\u00f4ler dans les fiches de donn\u00e9es de s\u00e9curit\u00e9"}]},{"@type":"WebSite","@id":"https:\/\/www.msds-europe.com\/es\/#website","url":"https:\/\/www.msds-europe.com\/es\/","name":"MSDS Europe","description":"","publisher":{"@id":"https:\/\/www.msds-europe.com\/es\/#organization"},"potentialAction":[{"@type":"SearchAction","target":{"@type":"EntryPoint","urlTemplate":"https:\/\/www.msds-europe.com\/es\/?s={search_term_string}"},"query-input":{"@type":"PropertyValueSpecification","valueRequired":true,"valueName":"search_term_string"}}],"inLanguage":"fr-FR"},{"@type":"Organization","@id":"https:\/\/www.msds-europe.com\/es\/#organization","name":"MSDS-Europe International branch of ToxInfo","url":"https:\/\/www.msds-europe.com\/es\/","logo":{"@type":"ImageObject","inLanguage":"fr-FR","@id":"https:\/\/www.msds-europe.com\/es\/#\/schema\/logo\/image\/","url":"https:\/\/www.msds-europe.com\/wp-content\/uploads\/2021\/04\/msds-europe-logo.jpg","contentUrl":"https:\/\/www.msds-europe.com\/wp-content\/uploads\/2021\/04\/msds-europe-logo.jpg","width":2296,"height":1067,"caption":"MSDS-Europe International branch of ToxInfo"},"image":{"@id":"https:\/\/www.msds-europe.com\/es\/#\/schema\/logo\/image\/"},"sameAs":["https:\/\/www.facebook.com\/toxinfokft\/","https:\/\/x.com\/ToxInfoKft"]}]}},"_links":{"self":[{"href":"https:\/\/www.msds-europe.com\/fr\/wp-json\/wp\/v2\/pages\/34370","targetHints":{"allow":["GET"]}}],"collection":[{"href":"https:\/\/www.msds-europe.com\/fr\/wp-json\/wp\/v2\/pages"}],"about":[{"href":"https:\/\/www.msds-europe.com\/fr\/wp-json\/wp\/v2\/types\/page"}],"author":[{"embeddable":true,"href":"https:\/\/www.msds-europe.com\/fr\/wp-json\/wp\/v2\/users\/2"}],"replies":[{"embeddable":true,"href":"https:\/\/www.msds-europe.com\/fr\/wp-json\/wp\/v2\/comments?post=34370"}],"version-history":[{"count":7,"href":"https:\/\/www.msds-europe.com\/fr\/wp-json\/wp\/v2\/pages\/34370\/revisions"}],"predecessor-version":[{"id":37807,"href":"https:\/\/www.msds-europe.com\/fr\/wp-json\/wp\/v2\/pages\/34370\/revisions\/37807"}],"wp:attachment":[{"href":"https:\/\/www.msds-europe.com\/fr\/wp-json\/wp\/v2\/media?parent=34370"}],"wp:term":[{"taxonomy":"post_tag","embeddable":true,"href":"https:\/\/www.msds-europe.com\/fr\/wp-json\/wp\/v2\/tags?post=34370"}],"curies":[{"name":"wp","href":"https:\/\/api.w.org\/{rel}","templated":true}]}}