{"id":30983,"date":"2025-04-01T10:29:18","date_gmt":"2025-04-01T10:29:18","guid":{"rendered":"https:\/\/www.msds-europe.com\/?page_id=30983"},"modified":"2026-02-25T11:53:43","modified_gmt":"2026-02-25T11:53:43","slug":"fds-elaboration-introduction","status":"publish","type":"page","link":"https:\/\/www.msds-europe.com\/fr\/fds-elaboration-introduction\/","title":{"rendered":"\u00c9laboration des fiches de donn\u00e9es de s\u00e9curit\u00e9 (FDS) \u2013 1\u00e8re partie"},"content":{"rendered":"<h2><span style=\"color: #333333;\">Introduction et cadre r\u00e9glementaire<\/span><\/h2>\n<p style=\"text-align: right;\"><em><a href=\"https:\/\/www.msds-europe.com\/fr\/\">MSDS-Europe<\/a> &#8211; <a href=\"https:\/\/www.msds-europe.com\/fr\/fiche-de-donnees-de-securite-base-de-connaissances\/\">Base de connaissances sur les fiches de donn\u00e9es de s\u00e9curit\u00e9<\/a> \u2013 \u00c9laboration des fiches de donn\u00e9es de s\u00e9curit\u00e9 (FDS) \u2013 1\u00e8re partie : Introduction et cadre r\u00e9glementaire<\/em><\/p>\n<p>&nbsp;<\/p>\n<p style=\"text-align: justify;\">La pr\u00e9sente s\u00e9rie d\u2019articles en 5 parties guide pas \u00e0 pas le lecteur \u00e0 travers le processus d\u2019\u00e9laboration des fiches de donn\u00e9es de s\u00e9curit\u00e9 (FDS).<\/p>\n<p style=\"text-align: justify;\">Nous expliquons ce qu\u2019est une FDS, pourquoi elle est importante, et <a href=\"https:\/\/www.msds-europe.com\/fr\/sds-exigences-linguistiques\/\">quelles exigences r\u00e9glementaires s\u2019y appliquent<\/a> (par ex. les r\u00e8glements REACH et CLP).<\/p>\n<p style=\"text-align: justify;\">Nous abordons \u00e9galement des questions pratiques sur l\u2019\u00e9laboration d\u2019une FDS : pour les substances et m\u00e9langes dangereux, \u00e0 quel moment est-elle obligatoire, qui est responsable de sa r\u00e9daction, quelles informations doit-elle contenir, et comment ainsi que dans quels cas faut-il la mettre \u00e0 jour.<\/p>\n<p style=\"text-align: justify;\"><em>(La pr\u00e9sente s\u00e9rie d\u2019articles s\u2019appuie sur le guide officiel publi\u00e9 le 7 avril 2021, \u00ab <a href=\"https:\/\/www.echa.europa.eu\/fr\/web\/guest\/guidance-documents\/guidance-on-reach\">Guide d\u2019\u00e9laboration des fiches de donn\u00e9es de s\u00e9curit\u00e9<\/a> \u00bb de l\u2019ECHA.)<\/em><\/p>\n<p style=\"text-align: justify;\"><em>Pour traduire ces obligations r\u00e9glementaires en pratique, il est indispensable de savoir utiliser des <a href=\"https:\/\/www.msds-europe.com\/fr\/sds-sources-information-bases-donnees\/\">sources d\u2019information et bases de donn\u00e9es fiables pour la pr\u00e9paration des FDS<\/a>, que nous pr\u00e9sentons en d\u00e9tail dans un article s\u00e9par\u00e9.<\/em><\/p>\n<p>&nbsp;<\/p>\n<h3 style=\"text-align: justify;\">Qu\u2019est-ce qu\u2019une fiche de donn\u00e9es de s\u00e9curit\u00e9 (FDS) ?<\/h3>\n<p style=\"text-align: justify;\">La <a href=\"https:\/\/www.msds-europe.com\/fr\/definition-fiche-donnees-securite\/\">fiche de donn\u00e9es de s\u00e9curit\u00e9<\/a> est un document qui fournit des informations d\u00e9taill\u00e9es sur les propri\u00e9t\u00e9s, les dangers et l\u2019utilisation s\u00fbre d\u2019une substance ou d\u2019un m\u00e9lange dangereux.<\/p>\n<p style=\"text-align: justify;\">L\u2019objectif de la FDS est de mettre \u00e0 la disposition des utilisateurs en aval (utilisateurs industriels ou professionnels, travailleurs) et des autorit\u00e9s les donn\u00e9es n\u00e9cessaires pour une <strong>manipulation en toute s\u00e9curit\u00e9<\/strong> du produit. Pour toute substance chimique ou tout m\u00e9lange class\u00e9 comme dangereux, il est <a href=\"https:\/\/www.msds-europe.com\/fr\/conditions-dans-lesquelles-une-fiche-de-donn%c3%a9es-de-s%c3%a9curit%c3%a9-doit-%c3%aatre-fournie\/\">obligatoire d\u2019\u00e9tablir une FDS<\/a> conform\u00e9ment \u00e0 la r\u00e9glementation de l\u2019UE en vigueur (et dans d\u2019autres cas d\u00e9finis par la l\u00e9gislation).<\/p>\n<p style=\"text-align: justify;\">La FDS poss\u00e8de une structure harmonis\u00e9e en <a href=\"https:\/\/www.msds-europe.com\/fr\/elements-contenu-format-fiche-donnees-securite\/\">16 rubriques<\/a>, ce qui garantit que les informations essentielles relatives aux produits sont pr\u00e9sent\u00e9es de mani\u00e8re claire.<\/p>\n<p>&nbsp;<\/p>\n<p style=\"text-align: justify;\">Ces <strong>16 rubriques couvrent notamment :<\/strong><\/p>\n<ul>\n<li style=\"text-align: justify;\">l\u2019identification du produit,<\/li>\n<li style=\"text-align: justify;\">la classification des dangers,<\/li>\n<li style=\"text-align: justify;\">la composition,<\/li>\n<li style=\"text-align: justify;\">les mesures de premiers secours,<\/li>\n<li style=\"text-align: justify;\">les mesures de lutte contre l\u2019incendie et de protection de l\u2019environnement,<\/li>\n<li style=\"text-align: justify;\">les pr\u00e9cautions de manipulation et de stockage,<\/li>\n<li style=\"text-align: justify;\">les effets sur la sant\u00e9 humaine et l\u2019environnement,<\/li>\n<li style=\"text-align: justify;\">ainsi que l\u2019\u00e9limination des d\u00e9chets.<\/li>\n<\/ul>\n<p style=\"text-align: justify;\">Ainsi, une <a href=\"https:\/\/www.msds-europe.com\/fr\/fiche-de-donnees-de-securite-etablissement-elaboration\/\">FDS bien pr\u00e9par\u00e9e<\/a> aide \u00e0 pr\u00e9venir les accidents et les effets sur la sant\u00e9, tout en assurant la conformit\u00e9 r\u00e9glementaire.<\/p>\n<p>&nbsp;<\/p>\n<h3 style=\"text-align: justify;\">Cadre r\u00e9glementaire : r\u00e8glements REACH et CLP<\/h3>\n<p style=\"text-align: justify;\">Les exigences relatives aux FDS sont d\u00e9finies principalement par la r\u00e9glementation europ\u00e9enne sur les produits chimiques, \u00e0 savoir le r\u00e8glement <strong>(CE) n\u00b0 1907\/2006 (REACH)<\/strong>.<\/p>\n<p style=\"text-align: justify;\">L\u2019article <strong>31 du r\u00e8glement REACH<\/strong> pr\u00e9cise dans quels cas une FDS doit \u00eatre fournie, et les exigences de contenu d\u00e9taill\u00e9es figurent \u00e0 l\u2019<strong>annexe II<\/strong> de REACH. Cette annexe est <a href=\"https:\/\/www.msds-europe.com\/fr\/changements-reglementaires-securite-chimique\/\">modifi\u00e9e p\u00e9riodiquement<\/a> ; la mise \u00e0 jour la plus r\u00e9cente est le r\u00e8glement (UE) 2020\/878, qui a actualis\u00e9 les exigences de contenu des FDS (par exemple en introduisant l\u2019obligation d\u2019inclure des informations sur les propri\u00e9t\u00e9s perturbant le syst\u00e8me endocrinien). Le guide officiel sur lequel est bas\u00e9e la pr\u00e9sente s\u00e9rie d\u2019articles int\u00e8gre \u00e9galement ces derni\u00e8res exigences et fournit des conseils pratiques pour leur mise en \u0153uvre.<\/p>\n<p style=\"text-align: justify;\">Un r\u00e8glement \u00e9troitement li\u00e9 est le <strong>r\u00e8glement CLP<\/strong> (CE n\u00b0 1272\/2008) relatif \u00e0 la classification, \u00e0 l\u2019\u00e9tiquetage et \u00e0 l\u2019emballage des substances et des m\u00e9langes.<\/p>\n<p style=\"text-align: justify;\">La <strong>rubrique 2 de la FDS<\/strong> doit indiquer la classification des dangers et les <a href=\"https:\/\/www.msds-europe.com\/fr\/elements-etiquetage-de-la-fiche-de-donnees-de-securite\/\">\u00e9l\u00e9ments d\u2019\u00e9tiquetage<\/a> selon le r\u00e8glement CLP. Par cons\u00e9quent, l\u2019\u00e9laboration d\u2019une FDS requiert la connaissance des cat\u00e9gories de danger CLP, des <a href=\"https:\/\/www.msds-europe.com\/fr\/pictogramme-de-danger\/\">pictogrammes de danger<\/a>, ainsi que des <a href=\"https:\/\/www.msds-europe.com\/fr\/mentions-de-danger-h\/\">mentions de danger<\/a> (H) et des <a href=\"https:\/\/www.msds-europe.com\/fr\/conseils-de-prudence-p\/\">conseils de prudence<\/a> (P). Les r\u00e8glements REACH et CLP garantissent ensemble que les informations relatives aux produits dangereux parviennent, sous une forme harmonis\u00e9e, \u00e0 toutes les personnes amen\u00e9es \u00e0 manipuler le produit.<\/p>\n<p>&nbsp;<\/p>\n<h3 style=\"text-align: justify;\">Qui doit \u00e9laborer une FDS ?<\/h3>\n<p style=\"text-align: justify;\">Tout fabricant ou importateur qui met sur le march\u00e9 de l\u2019UE une <strong>substance ou un m\u00e9lange dangereux doit fournir<\/strong> \u00e0 ses clients une FDS dans la langue officielle du pays de commercialisation.<\/p>\n<p style=\"text-align: justify;\">Les distributeurs (revendeurs) sont \u00e9galement responsables de transmettre la FDS du produit aux utilisateurs professionnels. Ainsi, par exemple, un distributeur de peinture doit s\u2019assurer qu\u2019une FDS en fran\u00e7ais relative \u00e0 ce produit est mise \u00e0 disposition de l\u2019acheteur.<\/p>\n<p style=\"text-align: justify;\"><strong>La prochaine partie<\/strong> d\u00e9taillera plus sp\u00e9cifiquement <strong>qui est responsable<\/strong> de l\u2019\u00e9laboration de la FDS et de sa mise \u00e0 jour, et d\u00e9crira pas \u00e0 pas les \u00e9tapes pratiques de l\u2019\u00e9laboration.<\/p>\n<p>&nbsp;<\/p>\n<p><em>Parties suivantes :<\/em><\/p>\n<ul>\n<li><a href=\"https:\/\/www.msds-europe.com\/fr\/elaboration-fds-responsabilites\/\"><em>\u00c9laboration des FDS \u2013 2\u00e8me partie : Responsabilit\u00e9s et processus d\u2019\u00e9laboration de la FDS<\/em><\/a><\/li>\n<li><a href=\"https:\/\/www.msds-europe.com\/fr\/rubriques-1-8-fds\/\"><em>\u00c9laboration des FDS \u2013 3\u00e8me partie : D\u00e9tail des rubriques 1 \u00e0 8 de la FDS<\/em><\/a><\/li>\n<li><a href=\"https:\/\/www.msds-europe.com\/fr\/elaboration-fds-rubriques-9-16\/\"><em>\u00c9laboration des FDS \u2013 4\u00e8me partie : Les autres rubriques de la FDS (9\u201316)<\/em><\/a><\/li>\n<li><a href=\"https:\/\/www.msds-europe.com\/fr\/elaboration-fds-bonnes-pratiques\/\"><em>\u00c9laboration des FDS \u2013 5\u00e8me partie : Cas particuliers et bonnes pratiques<\/em><\/a><\/li>\n<\/ul>\n<p>&nbsp;<\/p>\n<h4>Consultation en ligne gratuite<\/h4>\n<p style=\"text-align: justify;\">Si vous n\u2019avez pas trouv\u00e9 les informations dont vous aviez besoin sur notre site web, posez simplement vos questions concernant les fiches de donn\u00e9es de s\u00e9curit\u00e9 directement \u00e0 notre expert.<\/p>\n<p style=\"text-align: justify;\">Pour envoyer vos questions, veuillez utiliser l\u2019application de messagerie suivante :<\/p>\n<p style=\"text-align: justify;\"><a href=\"https:\/\/www.msds-europe.com\/fr\/consultation-en-ligne\/\" class=\"su-button su-button-style-default\" style=\"color:#ffffff;background-color:#ef552d;border-color:#c04424;border-radius:6px\" target=\"_self\"><span style=\"color:#ffffff;padding:0px 18px;font-size:14px;line-height:28px;border-color:#f4886c;border-radius:6px;text-shadow:0px 0px 2px #ffffff\"> Demandez \u00e0 notre expert en s\u00e9curit\u00e9 chimique !<\/span><\/a>\n<p>&nbsp;<\/p>\n<h4><span style=\"color: #333333;\">Autres services connexes<\/span><\/h4>\n<p style=\"text-align: justify;\"><strong>Services li\u00e9s aux FDS<\/strong><\/p>\n<p style=\"text-align: justify;\"><a href=\"https:\/\/www.msds-europe.com\/fr\/fds-revision-mise-a-jour\/\">R\u00e9vision et mise \u00e0 jour de la fiche de donn\u00e9es de s\u00e9curit\u00e9<\/a>, <a href=\"https:\/\/www.msds-europe.com\/fr\/fiche-de-donnees-de-securite-etablissement-elaboration\/\">\u00e9laboration d\u2019une fiche de donn\u00e9es de s\u00e9curit\u00e9<\/a><\/p>\n<p style=\"text-align: justify;\"><strong>Nos services li\u00e9s \u00e0 la notification PCN<\/strong><\/p>\n<p style=\"text-align: justify;\"><a href=\"https:\/\/www.msds-europe.com\/fr\/service-ufi\/#notification-melanges-pcn\">Notification des m\u00e9langes via le portail PCN<\/a>, <a href=\"https:\/\/www.msds-europe.com\/fr\/service-ufi\/#service-notification-pcn\">Service pour la mise \u00e0 jour d\u2019une notification PCN<\/a>, <a href=\"https:\/\/www.msds-europe.com\/fr\/service-ufi\/#service-generation-code-ufi\">Service pour la g\u00e9n\u00e9ration du code UFI<\/a><\/p>\n<p>&nbsp;<\/p>\n<h4><span style=\"color: #333333;\">Articles r\u00e9cents<\/span><\/h4>\n<ul>\n<li><a href=\"https:\/\/www.msds-europe.com\/fr\/faq\/#quoi-sert-fiche-de-donn%C3%A9es-de-s%C3%A9curit%C3%A9\">\u00c0 quoi sert une fiche de donn\u00e9es de s\u00e9curit\u00e9 ?<\/a><\/li>\n<li><a href=\"https:\/\/www.msds-europe.com\/fr\/faq\/#produits-n%C3%A9cessitent-fiche-de-donn%C3%A9es-de-s%C3%A9curit%C3%A9\">Tous les produits chimiques n\u00e9cessitent-ils une fiche de donn\u00e9es de s\u00e9curit\u00e9 ?<\/a><\/li>\n<li style=\"text-align: justify;\"><a href=\"https:\/\/www.msds-europe.com\/fr\/faq\/#fiche-de-donn%C3%A9es-de-s%C3%A9curit%C3%A9-langue-%C3%A9trang%C3%A8re\">Dois-je toujours disposer d\u2019une fiche de donn\u00e9es de s\u00e9curit\u00e9 dans la langue du pays cible, ou puis-je utiliser la fiche de donn\u00e9es de s\u00e9curit\u00e9 dans une langue \u00e9trang\u00e8re (par exemple l\u2019anglais) fournie par le fournisseur ?<\/a><\/li>\n<\/ul>\n<p>&nbsp;<\/p>\n<h4><span style=\"color: #333333;\">Articles prioritaires<\/span><\/h4>\n<ul>\n<li><a href=\"https:\/\/www.msds-europe.com\/fr\/faq\/#qui-peut-cr%C3%A9er-fds\">Qui peut cr\u00e9er une fiche de donn\u00e9es de s\u00e9curit\u00e9 ?<\/a><\/li>\n<li><a href=\"https:\/\/www.msds-europe.com\/fr\/informations-utilisateurs-fiches-de-donnees-de-securite\/\">Informations de base utiles pour les utilisateurs en aval sur les fiches de donn\u00e9es de s\u00e9curit\u00e9<\/a><\/li>\n<li><a href=\"https:\/\/www.msds-europe.com\/fr\/elements-contenu-format-fiche-donnees-securite\/\">\u00c9l\u00e9ments de contenu et \u00e9l\u00e9ments formels d\u2019une fiche de donn\u00e9es de s\u00e9curit\u00e9 (UE) 2020\/878<\/a><\/li>\n<\/ul>\n<p>&nbsp;<\/p>\n<h4 style=\"text-align: justify;\"><span style=\"color: #333333;\">Mat\u00e9riaux professionnels utiles<\/span><\/h4>\n<p style=\"text-align: justify;\"><a href=\"https:\/\/www.msds-europe.com\/fr\/fiche-de-donnees-de-securite-base-de-connaissances\/\">Base de connaissances sur les fiches de donn\u00e9es de s\u00e9curit\u00e9<\/a><\/p>\n<p style=\"text-align: justify;\">La base de connaissances sur les fiches de donn\u00e9es de s\u00e9curit\u00e9 fournit une aide \u00e0 l\u2019interpr\u00e9tation des fiches de donn\u00e9es de s\u00e9curit\u00e9 et des r\u00e9glementations connexes.<\/p>\n","protected":false},"excerpt":{"rendered":"<p>Introduction et cadre r\u00e9glementaire MSDS-Europe &#8211; Base de connaissances sur les fiches de donn\u00e9es de s\u00e9curit\u00e9 \u2013 \u00c9laboration des fiches de donn\u00e9es de s\u00e9curit\u00e9 (FDS) \u2013 1\u00e8re partie : Introduction et cadre r\u00e9glementaire &nbsp; La pr\u00e9sente s\u00e9rie d\u2019articles en 5 parties guide pas \u00e0 pas le lecteur \u00e0 travers le&#8230;<\/p>\n","protected":false},"author":2,"featured_media":0,"parent":0,"menu_order":0,"comment_status":"closed","ping_status":"closed","template":"","meta":{"_acf_changed":false,"footnotes":""},"tags":[385,406,386],"class_list":["post-30983","page","type-page","status-publish","hentry","tag-fiche-de-donnees-de-securite","tag-fiche-de-donnees-de-securite-fr","tag-fiche-de-donnees-de-securite-base-de-connaissances"],"acf":[],"yoast_head":"<!-- This site is optimized with the Yoast SEO plugin v27.2 - https:\/\/yoast.com\/product\/yoast-seo-wordpress\/ -->\n<title>\u00c9laboration des FDS - Introduction et cadre r\u00e9glementaire<\/title>\n<meta name=\"description\" content=\"Le concept et l&#039;importance de la FDS, ainsi que le cadre l\u00e9gislatif pour sa pr\u00e9paration, y compris les r\u00e8glements REACH et CLP.\" \/>\n<meta name=\"robots\" content=\"index, follow, max-snippet:-1, max-image-preview:large, max-video-preview:-1\" \/>\n<link rel=\"canonical\" href=\"https:\/\/www.msds-europe.com\/fr\/fds-elaboration-introduction\/\" \/>\n<meta property=\"og:locale\" content=\"fr_FR\" \/>\n<meta property=\"og:type\" content=\"article\" \/>\n<meta property=\"og:title\" content=\"\u00c9laboration des FDS - Introduction et cadre r\u00e9glementaire\" \/>\n<meta property=\"og:description\" content=\"Le concept et l&#039;importance de la FDS, ainsi que le cadre l\u00e9gislatif pour sa pr\u00e9paration, y compris les r\u00e8glements REACH et CLP.\" \/>\n<meta property=\"og:url\" content=\"https:\/\/www.msds-europe.com\/fr\/fds-elaboration-introduction\/\" \/>\n<meta property=\"og:site_name\" content=\"MSDS Europe\" \/>\n<meta property=\"article:publisher\" content=\"https:\/\/www.facebook.com\/toxinfokft\/\" \/>\n<meta property=\"article:modified_time\" content=\"2026-02-25T11:53:43+00:00\" \/>\n<meta name=\"twitter:card\" content=\"summary_large_image\" \/>\n<meta name=\"twitter:site\" content=\"@ToxInfoKft\" \/>\n<meta name=\"twitter:label1\" content=\"Dur\u00e9e de lecture estim\u00e9e\" \/>\n\t<meta name=\"twitter:data1\" content=\"5 minutes\" \/>\n<script type=\"application\/ld+json\" class=\"yoast-schema-graph\">{\"@context\":\"https:\/\/schema.org\",\"@graph\":[{\"@type\":\"WebPage\",\"@id\":\"https:\/\/www.msds-europe.com\/fr\/fds-elaboration-introduction\/\",\"url\":\"https:\/\/www.msds-europe.com\/fr\/fds-elaboration-introduction\/\",\"name\":\"\u00c9laboration des FDS - Introduction et cadre r\u00e9glementaire\",\"isPartOf\":{\"@id\":\"https:\/\/www.msds-europe.com\/es\/#website\"},\"datePublished\":\"2025-04-01T10:29:18+00:00\",\"dateModified\":\"2026-02-25T11:53:43+00:00\",\"description\":\"Le concept et l'importance de la FDS, ainsi que le cadre l\u00e9gislatif pour sa pr\u00e9paration, y compris les r\u00e8glements REACH et CLP.\",\"breadcrumb\":{\"@id\":\"https:\/\/www.msds-europe.com\/fr\/fds-elaboration-introduction\/#breadcrumb\"},\"inLanguage\":\"fr-FR\",\"potentialAction\":[{\"@type\":\"ReadAction\",\"target\":[\"https:\/\/www.msds-europe.com\/fr\/fds-elaboration-introduction\/\"]}]},{\"@type\":\"BreadcrumbList\",\"@id\":\"https:\/\/www.msds-europe.com\/fr\/fds-elaboration-introduction\/#breadcrumb\",\"itemListElement\":[{\"@type\":\"ListItem\",\"position\":1,\"name\":\"F\u0151oldal\",\"item\":\"https:\/\/www.msds-europe.com\/fr\/\"},{\"@type\":\"ListItem\",\"position\":2,\"name\":\"\u00c9laboration des fiches de donn\u00e9es de s\u00e9curit\u00e9 (FDS) \u2013 1\u00e8re partie\"}]},{\"@type\":\"WebSite\",\"@id\":\"https:\/\/www.msds-europe.com\/es\/#website\",\"url\":\"https:\/\/www.msds-europe.com\/es\/\",\"name\":\"MSDS Europe\",\"description\":\"\",\"publisher\":{\"@id\":\"https:\/\/www.msds-europe.com\/es\/#organization\"},\"potentialAction\":[{\"@type\":\"SearchAction\",\"target\":{\"@type\":\"EntryPoint\",\"urlTemplate\":\"https:\/\/www.msds-europe.com\/es\/?s={search_term_string}\"},\"query-input\":{\"@type\":\"PropertyValueSpecification\",\"valueRequired\":true,\"valueName\":\"search_term_string\"}}],\"inLanguage\":\"fr-FR\"},{\"@type\":\"Organization\",\"@id\":\"https:\/\/www.msds-europe.com\/es\/#organization\",\"name\":\"MSDS-Europe International branch of ToxInfo\",\"url\":\"https:\/\/www.msds-europe.com\/es\/\",\"logo\":{\"@type\":\"ImageObject\",\"inLanguage\":\"fr-FR\",\"@id\":\"https:\/\/www.msds-europe.com\/es\/#\/schema\/logo\/image\/\",\"url\":\"https:\/\/www.msds-europe.com\/wp-content\/uploads\/2021\/04\/msds-europe-logo.jpg\",\"contentUrl\":\"https:\/\/www.msds-europe.com\/wp-content\/uploads\/2021\/04\/msds-europe-logo.jpg\",\"width\":2296,\"height\":1067,\"caption\":\"MSDS-Europe International branch of ToxInfo\"},\"image\":{\"@id\":\"https:\/\/www.msds-europe.com\/es\/#\/schema\/logo\/image\/\"},\"sameAs\":[\"https:\/\/www.facebook.com\/toxinfokft\/\",\"https:\/\/x.com\/ToxInfoKft\"]}]}<\/script>\n<!-- \/ Yoast SEO plugin. -->","yoast_head_json":{"title":"\u00c9laboration des FDS - Introduction et cadre r\u00e9glementaire","description":"Le concept et l'importance de la FDS, ainsi que le cadre l\u00e9gislatif pour sa pr\u00e9paration, y compris les r\u00e8glements REACH et CLP.","robots":{"index":"index","follow":"follow","max-snippet":"max-snippet:-1","max-image-preview":"max-image-preview:large","max-video-preview":"max-video-preview:-1"},"canonical":"https:\/\/www.msds-europe.com\/fr\/fds-elaboration-introduction\/","og_locale":"fr_FR","og_type":"article","og_title":"\u00c9laboration des FDS - Introduction et cadre r\u00e9glementaire","og_description":"Le concept et l'importance de la FDS, ainsi que le cadre l\u00e9gislatif pour sa pr\u00e9paration, y compris les r\u00e8glements REACH et CLP.","og_url":"https:\/\/www.msds-europe.com\/fr\/fds-elaboration-introduction\/","og_site_name":"MSDS Europe","article_publisher":"https:\/\/www.facebook.com\/toxinfokft\/","article_modified_time":"2026-02-25T11:53:43+00:00","twitter_card":"summary_large_image","twitter_site":"@ToxInfoKft","twitter_misc":{"Dur\u00e9e de lecture estim\u00e9e":"5 minutes"},"schema":{"@context":"https:\/\/schema.org","@graph":[{"@type":"WebPage","@id":"https:\/\/www.msds-europe.com\/fr\/fds-elaboration-introduction\/","url":"https:\/\/www.msds-europe.com\/fr\/fds-elaboration-introduction\/","name":"\u00c9laboration des FDS - Introduction et cadre r\u00e9glementaire","isPartOf":{"@id":"https:\/\/www.msds-europe.com\/es\/#website"},"datePublished":"2025-04-01T10:29:18+00:00","dateModified":"2026-02-25T11:53:43+00:00","description":"Le concept et l'importance de la FDS, ainsi que le cadre l\u00e9gislatif pour sa pr\u00e9paration, y compris les r\u00e8glements REACH et CLP.","breadcrumb":{"@id":"https:\/\/www.msds-europe.com\/fr\/fds-elaboration-introduction\/#breadcrumb"},"inLanguage":"fr-FR","potentialAction":[{"@type":"ReadAction","target":["https:\/\/www.msds-europe.com\/fr\/fds-elaboration-introduction\/"]}]},{"@type":"BreadcrumbList","@id":"https:\/\/www.msds-europe.com\/fr\/fds-elaboration-introduction\/#breadcrumb","itemListElement":[{"@type":"ListItem","position":1,"name":"F\u0151oldal","item":"https:\/\/www.msds-europe.com\/fr\/"},{"@type":"ListItem","position":2,"name":"\u00c9laboration des fiches de donn\u00e9es de s\u00e9curit\u00e9 (FDS) \u2013 1\u00e8re partie"}]},{"@type":"WebSite","@id":"https:\/\/www.msds-europe.com\/es\/#website","url":"https:\/\/www.msds-europe.com\/es\/","name":"MSDS Europe","description":"","publisher":{"@id":"https:\/\/www.msds-europe.com\/es\/#organization"},"potentialAction":[{"@type":"SearchAction","target":{"@type":"EntryPoint","urlTemplate":"https:\/\/www.msds-europe.com\/es\/?s={search_term_string}"},"query-input":{"@type":"PropertyValueSpecification","valueRequired":true,"valueName":"search_term_string"}}],"inLanguage":"fr-FR"},{"@type":"Organization","@id":"https:\/\/www.msds-europe.com\/es\/#organization","name":"MSDS-Europe International branch of ToxInfo","url":"https:\/\/www.msds-europe.com\/es\/","logo":{"@type":"ImageObject","inLanguage":"fr-FR","@id":"https:\/\/www.msds-europe.com\/es\/#\/schema\/logo\/image\/","url":"https:\/\/www.msds-europe.com\/wp-content\/uploads\/2021\/04\/msds-europe-logo.jpg","contentUrl":"https:\/\/www.msds-europe.com\/wp-content\/uploads\/2021\/04\/msds-europe-logo.jpg","width":2296,"height":1067,"caption":"MSDS-Europe International branch of ToxInfo"},"image":{"@id":"https:\/\/www.msds-europe.com\/es\/#\/schema\/logo\/image\/"},"sameAs":["https:\/\/www.facebook.com\/toxinfokft\/","https:\/\/x.com\/ToxInfoKft"]}]}},"_links":{"self":[{"href":"https:\/\/www.msds-europe.com\/fr\/wp-json\/wp\/v2\/pages\/30983","targetHints":{"allow":["GET"]}}],"collection":[{"href":"https:\/\/www.msds-europe.com\/fr\/wp-json\/wp\/v2\/pages"}],"about":[{"href":"https:\/\/www.msds-europe.com\/fr\/wp-json\/wp\/v2\/types\/page"}],"author":[{"embeddable":true,"href":"https:\/\/www.msds-europe.com\/fr\/wp-json\/wp\/v2\/users\/2"}],"replies":[{"embeddable":true,"href":"https:\/\/www.msds-europe.com\/fr\/wp-json\/wp\/v2\/comments?post=30983"}],"version-history":[{"count":13,"href":"https:\/\/www.msds-europe.com\/fr\/wp-json\/wp\/v2\/pages\/30983\/revisions"}],"predecessor-version":[{"id":37847,"href":"https:\/\/www.msds-europe.com\/fr\/wp-json\/wp\/v2\/pages\/30983\/revisions\/37847"}],"wp:attachment":[{"href":"https:\/\/www.msds-europe.com\/fr\/wp-json\/wp\/v2\/media?parent=30983"}],"wp:term":[{"taxonomy":"post_tag","embeddable":true,"href":"https:\/\/www.msds-europe.com\/fr\/wp-json\/wp\/v2\/tags?post=30983"}],"curies":[{"name":"wp","href":"https:\/\/api.w.org\/{rel}","templated":true}]}}