{"id":28196,"date":"2023-02-16T08:06:56","date_gmt":"2023-02-16T08:06:56","guid":{"rendered":"https:\/\/www.msds-europe.com\/?page_id=28196"},"modified":"2023-02-16T08:57:51","modified_gmt":"2023-02-16T08:57:51","slug":"obligation-de-notification-%c3%a0-linventaire-de-classification-et-d%c3%a9tiquetag","status":"publish","type":"page","link":"https:\/\/www.msds-europe.com\/fr\/obligation-de-notification-%c3%a0-linventaire-de-classification-et-d%c3%a9tiquetag\/","title":{"rendered":"Obligation de notification \u00e0 l&rsquo;inventaire CLP"},"content":{"rendered":"<p style=\"text-align: right;\"><em><a href=\"https:\/\/www.msds-europe.com\/fr\/fiche-de-donnees-de-securite-base-de-connaissances\/\">Fiche de donn\u00e9es de s\u00e9curit\u00e9 base de connaissance<\/a> &#8211; Obligation de notification \u00e0 l&rsquo;inventaire CLP<\/em><\/p>\n<p style=\"text-align: justify;\">Les informations relatives \u00e0 l&rsquo;identification, \u00e0 la classification et \u00e0 l&rsquo;\u00e9tiquetage de la substance doivent \u00eatre notifi\u00e9es \u00e0 l&rsquo;Agence. La notification CLP est gratuite et il est obligatoire de notifier dans un d\u00e9lai d&rsquo;un mois apr\u00e8s la mise sur le march\u00e9 de la substance.<\/p>\n<p>&nbsp;<\/p>\n<ul>\n<li><a href=\"#Qui-obligation\">Qui a l&rsquo;obligation de notifier l&rsquo;inventaire de classification et d&rsquo;\u00e9tiquetage ?<\/a><\/li>\n<li><a href=\"#Mise-\u00e0-jour\">Mise \u00e0 jour des donn\u00e9es notifi\u00e9es<\/a><\/li>\n<li><a href=\"#donn\u00e9es\">Les donn\u00e9es \u00e0 notifier \u00e0 l&rsquo;inventaire de classification et d&rsquo;\u00e9tiquetage CLP<\/a><\/li>\n<li><a href=\"#Classification\">Classification comme dangereuse<\/a><\/li>\n<li><a href=\"#format\">Le format de la notification envoy\u00e9e \u00e0 l&rsquo;inventaire de classification et d&rsquo;\u00e9tiquetage CLP<\/a><\/li>\n<li style=\"text-align: justify;\"><a href=\"#nouvelles-informations\">Soumission de nouvelles informations affectant la classification et l&rsquo;\u00e9tiquetage dans l&rsquo;inventaire de classification et d&rsquo;\u00e9tiquetage<\/a><\/li>\n<li><a href=\"#labelling-inventory\">Inventaire d&rsquo;\u00e9tiquetage<\/a><\/li>\n<li><a href=\"#Inventaire-etiquetage\">Registres d&rsquo;informations<\/a><\/li>\n<li><a href=\"#Registres-informations\">V\u00e9rification des informations<\/a><\/li>\n<li><a href=\"#resume\">Le r\u00e9sum\u00e9<\/a><\/li>\n<\/ul>\n<p>&nbsp;<\/p>\n<p><a name=\"Qui-obligation\"><\/a><\/p>\n<h2 style=\"text-align: justify;\">Qui a l&rsquo;obligation de notifier l&rsquo;inventaire de classification et d&rsquo;\u00e9tiquetage ?<\/h2>\n<p style=\"text-align: justify;\">Les fabricants et les importateurs qui mettent une substance sur le march\u00e9 ont l&rsquo;obligation de notifier si l&rsquo;un des crit\u00e8res suivants est rempli :<\/p>\n<p style=\"text-align: justify;\">La substance est soumise \u00e0 enregistrement conform\u00e9ment \u00e0 REACH (\u2265 1 tonne\/an) et est d\u00e9j\u00e0 sur le march\u00e9.<\/p>\n<ul>\n<li style=\"text-align: justify;\">La substance est class\u00e9e comme dangereuse conform\u00e9ment au r\u00e8glement CLP et est d\u00e9j\u00e0 sur le march\u00e9, quel que soit le tonnage.<\/li>\n<li style=\"text-align: justify;\">La substance est class\u00e9e comme dangereuse conform\u00e9ment au r\u00e8glement CLP et pr\u00e9sente dans un m\u00e9lange d\u00e9passant les limites de concentration sp\u00e9cifi\u00e9es \u00e0 l&rsquo;annexe I du r\u00e8glement CLP, ce qui entra\u00eene la classification du m\u00e9lange comme dangereux.<\/li>\n<li style=\"text-align: justify;\">Vous n&rsquo;avez pas besoin de notifier s\u00e9par\u00e9ment une substance que vous avez d\u00e9j\u00e0 enregistr\u00e9e conform\u00e9ment \u00e0 REACH si les informations \u00e0 notifier ont d\u00e9j\u00e0 \u00e9t\u00e9 fournies dans le dossier d&rsquo;enregistrement de REACH. Cela s&rsquo;applique \u00e9galement \u00e0 certaines substances contenues dans des articles pour lesquels l&rsquo;article 7 de REACH pr\u00e9voit leur enregistrement.<\/li>\n<\/ul>\n<p style=\"text-align: justify;\">Si vous \u00eates un utilisateur en aval qui formule un m\u00e9lange, un distributeur ou un fabricant d&rsquo;articles, vous n&rsquo;avez pas besoin de notifier \u00e0 l&rsquo;Agence, car la notification pour votre substance a d\u00e9j\u00e0 eu lieu \u00e0 un stade ant\u00e9rieur de la cha\u00eene d&rsquo;approvisionnement.<\/p>\n<p>&nbsp;<\/p>\n<p><a name=\"Mise-\u00e0-jour\"><\/a><\/p>\n<h2>Mise \u00e0 jour des donn\u00e9es notifi\u00e9es<\/h2>\n<p style=\"text-align: justify;\">Il y a \u00e9galement une obligation de mettre \u00e0 jour les informations envoy\u00e9es pour notification. Dans le cas o\u00f9 vous avez de nouvelles informations qui conduisent \u00e0 une r\u00e9vision des \u00e9l\u00e9ments de <a href=\"https:\/\/www.msds-europe.com\/fr\/fiche-de-donnees-de-securite-etablissement-elaboration\/\">classification<\/a> et d&rsquo;<a href=\"https:\/\/www.msds-europe.com\/fr\/etablissement-projet-etiquette\/\">\u00e9tiquetage<\/a> d&rsquo;une substance.<\/p>\n<p>&nbsp;<\/p>\n<p><a name=\"donn\u00e9es\"><\/a><\/p>\n<h2 style=\"text-align: justify;\">Les donn\u00e9es \u00e0 notifier \u00e0 l&rsquo;inventaire de classification et d&rsquo;\u00e9tiquetage CLP<\/h2>\n<ul>\n<li style=\"text-align: justify;\">Donn\u00e9es g\u00e9n\u00e9rales concernant le notificateur Identification de la substance<\/li>\n<li style=\"text-align: justify;\">Classification CLP de la substance<\/li>\n<li style=\"text-align: justify;\">Dans le cas o\u00f9 la substance a \u00e9t\u00e9 class\u00e9e dans certaines, mais pas toutes les classes de danger ou les diff\u00e9renciations CLP, une indication de savoir si cela est d\u00fb \u00e0 un manque de donn\u00e9es, des donn\u00e9es non concluantes, ou des donn\u00e9es qui sont concluantes pour une non-classification.<\/li>\n<li style=\"text-align: justify;\">Le cas \u00e9ch\u00e9ant, des limites de concentration sp\u00e9cifiques ou des facteurs<\/li>\n<li style=\"text-align: justify;\">M li\u00e9s \u00e0 la classification comme dangereux pour l&rsquo;environnement aquatique, c&rsquo;est-\u00e0-dire la cat\u00e9gorie aigu\u00eb 1 et la cat\u00e9gorie chronique 1, ainsi qu&rsquo;une justification de leur utilisation.<\/li>\n<li style=\"text-align: justify;\">Les \u00e9l\u00e9ments d&rsquo;\u00e9tiquetage pour la substance, y compris les mentions de danger suppl\u00e9mentaires vis\u00e9es \u00e0 l&rsquo;article 25 (1) du r\u00e8glement CLP.<\/li>\n<\/ul>\n<p style=\"text-align: justify;\"><em>En utilisant le syst\u00e8me REACH-IT, la gamme de donn\u00e9es \u00e0 fournir sera l\u00e9g\u00e8rement diff\u00e9rente et, dans la pratique, le processus sera diff\u00e9rent.<\/em><\/p>\n<p>&nbsp;<\/p>\n<p><a name=\"Classification\"><\/a><\/p>\n<h2>Classification comme dangereuse<\/h2>\n<p style=\"text-align: justify;\">Le <a href=\"https:\/\/www.msds-europe.com\/fr\/changements-reglementaires-securite-chimique\/\">r\u00e8glement CLP<\/a> engage activement les participants des industries \u00e0 identifier les classes de danger.<\/p>\n<p style=\"text-align: justify;\">Bien s\u00fbr, cela peut \u00e9galement signifier qu&rsquo;une substance est class\u00e9e dans plusieurs classes de danger diff\u00e9rentes par des notificateurs individuels. Dans un tel cas, le r\u00e8glement CLP ordonne aux notificateurs ou aux d\u00e9clarants de faire tous les efforts possibles pour parvenir \u00e0 une entr\u00e9e convenue \u00e0 inclure dans l&rsquo;inventaire. Cependant, vous pouvez classer votre substance diff\u00e9remment d&rsquo;une autre entr\u00e9e, \u00e0 condition d&rsquo;inclure les raisons dans votre notification.<\/p>\n<p style=\"text-align: justify;\">En revanche, si votre substance a une classification harmonis\u00e9e, vous devez la classer conform\u00e9ment \u00e0 la classification harmonis\u00e9e figurant dans la partie 3 de l&rsquo;annexe VI du r\u00e8glement CLP et inclure cette classification dans votre notification.<\/p>\n<p>&nbsp;<\/p>\n<p><a name=\"format\"><\/a><\/p>\n<h2 style=\"text-align: justify;\">Le format de la notification envoy\u00e9e \u00e0 l&rsquo;inventaire de classification et d&rsquo;\u00e9tiquetage CLP<\/h2>\n<p>Votre notification doit \u00eatre dans le format sp\u00e9cifi\u00e9 par l&rsquo;Agence. Le dossier de notification peut \u00eatre cr\u00e9\u00e9 en ligne \u00e0 l&rsquo;aide de l&rsquo;outil REACH-IT ou il peut \u00eatre cr\u00e9\u00e9 dans IUCLID 6 (Base de donn\u00e9es internationale uniforme sur les informations chimiques).<\/p>\n<p>&nbsp;<\/p>\n<p><a name=\"nouvelles informations\"><\/a><\/p>\n<h2 style=\"text-align: justify;\">Soumission de nouvelles informations affectant la classification et l&rsquo;\u00e9tiquetage dans l&rsquo;inventaire de classification et d&rsquo;\u00e9tiquetage<\/h2>\n<p style=\"text-align: justify;\">Le fabricant, l&rsquo;importateur ou l&rsquo;utilisateur en aval peut \u00e9galement faire des propositions \u00e0 l&rsquo;Agence pour modifier la classification des substances class\u00e9es comme canc\u00e9rig\u00e8nes, mutag\u00e8nes ou toxiques pour la reproduction (CMR) ou la sensibilisation respiratoire, s&rsquo;ils peuvent fournir des arguments justifiant la n\u00e9cessit\u00e9.<\/p>\n<p>&nbsp;<\/p>\n<p><a name=\"Compilaci\u00f3n\"><\/a><\/p>\n<h2>Inventaire d&rsquo;\u00e9tiquetage<\/h2>\n<p style=\"text-align: justify;\">Les classifications de toutes les substances notifi\u00e9es en vertu du r\u00e8glement CLP ou enregistr\u00e9es en vertu de REACH sont incluses (ou le seront) dans l&rsquo;inventaire de classification et d&rsquo;\u00e9tiquetage \u00e9tabli \u00e0 l&rsquo;Agence.<\/p>\n<p style=\"text-align: justify;\">L&rsquo;inventaire indique si une classification est harmonis\u00e9e ou si elle a \u00e9t\u00e9 convenue entre deux ou plusieurs notificateurs ou d\u00e9clarants.<\/p>\n<p>&nbsp;<\/p>\n<p><a name=\"Inventaire-etiquetage\"><\/a><\/p>\n<h2 style=\"text-align: justify;\">Registres d&rsquo;informations<\/h2>\n<p style=\"text-align: justify;\">En tant que fabricant de substances, importateur de substances ou de m\u00e9langes ou en tant qu&rsquo;utilisateur en aval, vous devez rassembler et rendre disponible toutes les informations que vous avez utilis\u00e9es pour la classification et l&rsquo;\u00e9tiquetage de votre substance ou de votre m\u00e9lange. Ces informations doivent \u00eatre conserv\u00e9es pendant au moins 10 ans apr\u00e8s que vous avez cess\u00e9 de fournir la substance ou le m\u00e9lange.<\/p>\n<p style=\"text-align: justify;\">En tant que distributeur, vous devez de la m\u00eame mani\u00e8re rassembler et rendre disponible toutes les informations que vous avez utilis\u00e9es pour l&rsquo;\u00e9tiquetage.<\/p>\n<p>&nbsp;<\/p>\n<p><a name=\"Registres-informations\"><\/a><\/p>\n<h2 style=\"text-align: justify;\">V\u00e9rification des informations<\/h2>\n<p style=\"text-align: justify;\">L&rsquo;autorit\u00e9 comp\u00e9tente ou les autorit\u00e9s de contr\u00f4le de l&rsquo;\u00c9tat membre o\u00f9 votre entreprise est \u00e9tablie ou l&rsquo;ECHA peuvent demander toutes les informations que vous avez utilis\u00e9es aux fins de la classification et de l&rsquo;\u00e9tiquetage en vertu du r\u00e8glement CLP.<\/p>\n<p style=\"text-align: justify;\">Cependant, si les informations demand\u00e9es par une autorit\u00e9 comp\u00e9tente sont incluses dans votre notification en vertu du r\u00e8glement CLP ou votre enregistrement en vertu de REACH, ces informations seront disponibles pour l&rsquo;ECHA, et l&rsquo;autorit\u00e9 comp\u00e9tente doit adresser sa demande \u00e0 l&rsquo;ECHA.<\/p>\n<p>&nbsp;<\/p>\n<p><a name=\"resume\"><\/a><\/p>\n<h2 style=\"text-align: justify;\">Le r\u00e9sum\u00e9<\/h2>\n<p style=\"text-align: justify;\">L&rsquo;article aborde les obligations des fabricants et des importateurs de notifier des informations sur l&rsquo;identification, la classification et l&rsquo;\u00e9tiquetage des substances \u00e0 l&rsquo;Agence europ\u00e9enne des produits chimiques (ECHA).<\/p>\n<p style=\"text-align: justify;\">La notification CLP est gratuite et obligatoire \u00e0 soumettre dans un d\u00e9lai d&rsquo;un mois apr\u00e8s la mise sur le march\u00e9 de la substance. Les fabricants et les importateurs sont tenus de notifier les substances soumises \u00e0 l&rsquo;enregistrement conform\u00e9ment \u00e0 REACH, class\u00e9es comme dangereuses conform\u00e9ment au r\u00e8glement CLP ou class\u00e9es comme dangereuses et pr\u00e9sentes dans un m\u00e9lange d\u00e9passant les limites de concentration sp\u00e9cifi\u00e9es \u00e0 l&rsquo;annexe I du r\u00e8glement CLP. Les utilisateurs en aval qui formulent un m\u00e9lange, les distributeurs ou les fabricants d&rsquo;articles sont exempt\u00e9s de cette exigence de notification.<\/p>\n<p style=\"text-align: justify;\">Les donn\u00e9es notifi\u00e9es doivent \u00eatre mises \u00e0 jour chaque fois que de nouvelles informations conduisent \u00e0 une r\u00e9vision des \u00e9l\u00e9ments de classification et d&rsquo;\u00e9tiquetage d&rsquo;une substance.<\/p>\n<p style=\"text-align: justify;\">L&rsquo;article explique \u00e9galement les donn\u00e9es requises \u00e0 notifier \u00e0 l&rsquo;inventaire de classification et d&rsquo;\u00e9tiquetage CLP, le format de la notification et la mani\u00e8re de soumettre de nouvelles informations affectant la classification et l&rsquo;\u00e9tiquetage.<\/p>\n<p style=\"text-align: justify;\">Les classifications de toutes les substances notifi\u00e9es en vertu du r\u00e8glement CLP ou enregistr\u00e9es en vertu de REACH sont incluses dans l&rsquo;inventaire de classification et d&rsquo;\u00e9tiquetage \u00e9tabli \u00e0 l&rsquo;ECHA.<\/p>\n<p style=\"text-align: justify;\">Enfin, les fabricants, les importateurs, les utilisateurs en aval et les distributeurs doivent conserver toutes les informations utilis\u00e9es pour la classification et l&rsquo;\u00e9tiquetage, qui peuvent \u00eatre v\u00e9rifi\u00e9es par l&rsquo;autorit\u00e9 comp\u00e9tente ou les autorit\u00e9s de contr\u00f4le de l&rsquo;\u00c9tat membre.<\/p>\n<p>&nbsp;<\/p>\n<h4><span style=\"color: #333333;\">Services offerts<\/span><\/h4>\n<ul>\n<li><a href=\"https:\/\/www.msds-europe.com\/fr\/traduction-fiches-de-donnees-de-securite\/\">Traduction des fiches de donn\u00e9es de s\u00e9curit\u00e9<\/a><\/li>\n<li><a href=\"https:\/\/www.msds-europe.com\/fr\/fds-revision-mise-a-jour\/\">R\u00e9vision,<\/a> mise \u00e0 jour des fiches de donn\u00e9es de s\u00e9curit\u00e9<\/li>\n<li>Nos services li\u00e9s \u00e0 la <a href=\"https:\/\/www.msds-europe.com\/fr\/service-ufi\/\">notification PCN<\/a><\/li>\n<li><a href=\"https:\/\/www.msds-europe.com\/fr\/etablissement-projet-etiquette\/\">\u00c9tablissement de l\u2019\u00e9tiquette<\/a><\/li>\n<\/ul>\n<p>&nbsp;<\/p>\n<h4><span style=\"color: #333333;\">Article(s) recommand\u00e9(s)\u00a0<\/span><\/h4>\n<ul>\n<li><a href=\"https:\/\/www.msds-europe.com\/fr\/periode-validite-fiche-donnees-securite\/\">P\u00e9riode de validit\u00e9 d\u2019une fiche de donn\u00e9es de s\u00e9curit\u00e9<\/a><\/li>\n<li><a href=\"https:\/\/www.msds-europe.com\/fr\/definition-fiche-donnees-securite\/\">La d\u00e9finition de la fiche de donn\u00e9es de s\u00e9curit\u00e9<\/a><\/li>\n<li><a href=\"https:\/\/www.msds-europe.com\/fr\/ufi-identifiant-unique-de-formulation\/\">Sp\u00e9cifications relatives \u00e0 l\u2019UFI et \u00e0 l\u2019\u00e9tiquetage des m\u00e9langes dangereux<\/a><\/li>\n<li><a href=\"https:\/\/www.msds-europe.com\/fr\/etiquetage-clp-pratique\/\">L\u2019\u00e9tiquetage CLP en pratique<\/a><\/li>\n<\/ul>\n<p>&nbsp;<\/p>\n","protected":false},"excerpt":{"rendered":"<p>Fiche de donn\u00e9es de s\u00e9curit\u00e9 base de connaissance &#8211; Obligation de notification \u00e0 l&rsquo;inventaire CLP Les informations relatives \u00e0 l&rsquo;identification, \u00e0 la classification et \u00e0 l&rsquo;\u00e9tiquetage de la substance doivent \u00eatre notifi\u00e9es \u00e0 l&rsquo;Agence. La notification CLP est gratuite et il est obligatoire de notifier dans un d\u00e9lai d&rsquo;un mois&#8230;<\/p>\n","protected":false},"author":2,"featured_media":0,"parent":0,"menu_order":0,"comment_status":"closed","ping_status":"closed","template":"","meta":{"_acf_changed":false,"footnotes":""},"tags":[406,385,386],"class_list":["post-28196","page","type-page","status-publish","hentry","tag-fiche-de-donnees-de-securite-fr","tag-fiche-de-donnees-de-securite","tag-fiche-de-donnees-de-securite-base-de-connaissances"],"acf":[],"yoast_head":"<!-- This site is optimized with the Yoast SEO plugin v27.2 - https:\/\/yoast.com\/product\/yoast-seo-wordpress\/ -->\n<title>Obligation de notification \u00e0 l&#039;inventaire CLP<\/title>\n<meta name=\"description\" content=\"Des obligations de notification \u00e0 l&#039;ECHA pour les fabricants et les importateurs concernant l&#039;identification, la classification et l&#039;\u00e9tiquetage\" \/>\n<meta name=\"robots\" content=\"index, follow, max-snippet:-1, max-image-preview:large, max-video-preview:-1\" \/>\n<link rel=\"canonical\" href=\"https:\/\/www.msds-europe.com\/fr\/obligation-de-notification-\u00e0-linventaire-de-classification-et-d\u00e9tiquetag\/\" \/>\n<meta property=\"og:locale\" content=\"fr_FR\" \/>\n<meta property=\"og:type\" content=\"article\" \/>\n<meta property=\"og:title\" content=\"Obligation de notification \u00e0 l&#039;inventaire CLP\" \/>\n<meta property=\"og:description\" content=\"Des obligations de notification \u00e0 l&#039;ECHA pour les fabricants et les importateurs concernant l&#039;identification, la classification et l&#039;\u00e9tiquetage\" \/>\n<meta property=\"og:url\" content=\"https:\/\/www.msds-europe.com\/fr\/obligation-de-notification-\u00e0-linventaire-de-classification-et-d\u00e9tiquetag\/\" \/>\n<meta property=\"og:site_name\" content=\"MSDS Europe\" \/>\n<meta property=\"article:publisher\" content=\"https:\/\/www.facebook.com\/toxinfokft\/\" \/>\n<meta property=\"article:modified_time\" content=\"2023-02-16T08:57:51+00:00\" \/>\n<meta name=\"twitter:card\" content=\"summary_large_image\" \/>\n<meta name=\"twitter:site\" content=\"@ToxInfoKft\" \/>\n<meta name=\"twitter:label1\" content=\"Dur\u00e9e de lecture estim\u00e9e\" \/>\n\t<meta name=\"twitter:data1\" content=\"6 minutes\" \/>\n<script type=\"application\/ld+json\" class=\"yoast-schema-graph\">{\"@context\":\"https:\/\/schema.org\",\"@graph\":[{\"@type\":\"WebPage\",\"@id\":\"https:\/\/www.msds-europe.com\/fr\/obligation-de-notification-%c3%a0-linventaire-de-classification-et-d%c3%a9tiquetag\/\",\"url\":\"https:\/\/www.msds-europe.com\/fr\/obligation-de-notification-%c3%a0-linventaire-de-classification-et-d%c3%a9tiquetag\/\",\"name\":\"Obligation de notification \u00e0 l'inventaire CLP\",\"isPartOf\":{\"@id\":\"https:\/\/www.msds-europe.com\/es\/#website\"},\"datePublished\":\"2023-02-16T08:06:56+00:00\",\"dateModified\":\"2023-02-16T08:57:51+00:00\",\"description\":\"Des obligations de notification \u00e0 l'ECHA pour les fabricants et les importateurs concernant l'identification, la classification et l'\u00e9tiquetage\",\"breadcrumb\":{\"@id\":\"https:\/\/www.msds-europe.com\/fr\/obligation-de-notification-%c3%a0-linventaire-de-classification-et-d%c3%a9tiquetag\/#breadcrumb\"},\"inLanguage\":\"fr-FR\",\"potentialAction\":[{\"@type\":\"ReadAction\",\"target\":[\"https:\/\/www.msds-europe.com\/fr\/obligation-de-notification-%c3%a0-linventaire-de-classification-et-d%c3%a9tiquetag\/\"]}]},{\"@type\":\"BreadcrumbList\",\"@id\":\"https:\/\/www.msds-europe.com\/fr\/obligation-de-notification-%c3%a0-linventaire-de-classification-et-d%c3%a9tiquetag\/#breadcrumb\",\"itemListElement\":[{\"@type\":\"ListItem\",\"position\":1,\"name\":\"F\u0151oldal\",\"item\":\"https:\/\/www.msds-europe.com\/fr\/\"},{\"@type\":\"ListItem\",\"position\":2,\"name\":\"Obligation de notification \u00e0 l&#8217;inventaire CLP\"}]},{\"@type\":\"WebSite\",\"@id\":\"https:\/\/www.msds-europe.com\/es\/#website\",\"url\":\"https:\/\/www.msds-europe.com\/es\/\",\"name\":\"MSDS Europe\",\"description\":\"\",\"publisher\":{\"@id\":\"https:\/\/www.msds-europe.com\/es\/#organization\"},\"potentialAction\":[{\"@type\":\"SearchAction\",\"target\":{\"@type\":\"EntryPoint\",\"urlTemplate\":\"https:\/\/www.msds-europe.com\/es\/?s={search_term_string}\"},\"query-input\":{\"@type\":\"PropertyValueSpecification\",\"valueRequired\":true,\"valueName\":\"search_term_string\"}}],\"inLanguage\":\"fr-FR\"},{\"@type\":\"Organization\",\"@id\":\"https:\/\/www.msds-europe.com\/es\/#organization\",\"name\":\"MSDS-Europe International branch of ToxInfo\",\"url\":\"https:\/\/www.msds-europe.com\/es\/\",\"logo\":{\"@type\":\"ImageObject\",\"inLanguage\":\"fr-FR\",\"@id\":\"https:\/\/www.msds-europe.com\/es\/#\/schema\/logo\/image\/\",\"url\":\"https:\/\/www.msds-europe.com\/wp-content\/uploads\/2021\/04\/msds-europe-logo.jpg\",\"contentUrl\":\"https:\/\/www.msds-europe.com\/wp-content\/uploads\/2021\/04\/msds-europe-logo.jpg\",\"width\":2296,\"height\":1067,\"caption\":\"MSDS-Europe International branch of ToxInfo\"},\"image\":{\"@id\":\"https:\/\/www.msds-europe.com\/es\/#\/schema\/logo\/image\/\"},\"sameAs\":[\"https:\/\/www.facebook.com\/toxinfokft\/\",\"https:\/\/x.com\/ToxInfoKft\"]}]}<\/script>\n<!-- \/ Yoast SEO plugin. -->","yoast_head_json":{"title":"Obligation de notification \u00e0 l'inventaire CLP","description":"Des obligations de notification \u00e0 l'ECHA pour les fabricants et les importateurs concernant l'identification, la classification et l'\u00e9tiquetage","robots":{"index":"index","follow":"follow","max-snippet":"max-snippet:-1","max-image-preview":"max-image-preview:large","max-video-preview":"max-video-preview:-1"},"canonical":"https:\/\/www.msds-europe.com\/fr\/obligation-de-notification-\u00e0-linventaire-de-classification-et-d\u00e9tiquetag\/","og_locale":"fr_FR","og_type":"article","og_title":"Obligation de notification \u00e0 l'inventaire CLP","og_description":"Des obligations de notification \u00e0 l'ECHA pour les fabricants et les importateurs concernant l'identification, la classification et l'\u00e9tiquetage","og_url":"https:\/\/www.msds-europe.com\/fr\/obligation-de-notification-\u00e0-linventaire-de-classification-et-d\u00e9tiquetag\/","og_site_name":"MSDS Europe","article_publisher":"https:\/\/www.facebook.com\/toxinfokft\/","article_modified_time":"2023-02-16T08:57:51+00:00","twitter_card":"summary_large_image","twitter_site":"@ToxInfoKft","twitter_misc":{"Dur\u00e9e de lecture estim\u00e9e":"6 minutes"},"schema":{"@context":"https:\/\/schema.org","@graph":[{"@type":"WebPage","@id":"https:\/\/www.msds-europe.com\/fr\/obligation-de-notification-%c3%a0-linventaire-de-classification-et-d%c3%a9tiquetag\/","url":"https:\/\/www.msds-europe.com\/fr\/obligation-de-notification-%c3%a0-linventaire-de-classification-et-d%c3%a9tiquetag\/","name":"Obligation de notification \u00e0 l'inventaire CLP","isPartOf":{"@id":"https:\/\/www.msds-europe.com\/es\/#website"},"datePublished":"2023-02-16T08:06:56+00:00","dateModified":"2023-02-16T08:57:51+00:00","description":"Des obligations de notification \u00e0 l'ECHA pour les fabricants et les importateurs concernant l'identification, la classification et l'\u00e9tiquetage","breadcrumb":{"@id":"https:\/\/www.msds-europe.com\/fr\/obligation-de-notification-%c3%a0-linventaire-de-classification-et-d%c3%a9tiquetag\/#breadcrumb"},"inLanguage":"fr-FR","potentialAction":[{"@type":"ReadAction","target":["https:\/\/www.msds-europe.com\/fr\/obligation-de-notification-%c3%a0-linventaire-de-classification-et-d%c3%a9tiquetag\/"]}]},{"@type":"BreadcrumbList","@id":"https:\/\/www.msds-europe.com\/fr\/obligation-de-notification-%c3%a0-linventaire-de-classification-et-d%c3%a9tiquetag\/#breadcrumb","itemListElement":[{"@type":"ListItem","position":1,"name":"F\u0151oldal","item":"https:\/\/www.msds-europe.com\/fr\/"},{"@type":"ListItem","position":2,"name":"Obligation de notification \u00e0 l&#8217;inventaire CLP"}]},{"@type":"WebSite","@id":"https:\/\/www.msds-europe.com\/es\/#website","url":"https:\/\/www.msds-europe.com\/es\/","name":"MSDS Europe","description":"","publisher":{"@id":"https:\/\/www.msds-europe.com\/es\/#organization"},"potentialAction":[{"@type":"SearchAction","target":{"@type":"EntryPoint","urlTemplate":"https:\/\/www.msds-europe.com\/es\/?s={search_term_string}"},"query-input":{"@type":"PropertyValueSpecification","valueRequired":true,"valueName":"search_term_string"}}],"inLanguage":"fr-FR"},{"@type":"Organization","@id":"https:\/\/www.msds-europe.com\/es\/#organization","name":"MSDS-Europe International branch of ToxInfo","url":"https:\/\/www.msds-europe.com\/es\/","logo":{"@type":"ImageObject","inLanguage":"fr-FR","@id":"https:\/\/www.msds-europe.com\/es\/#\/schema\/logo\/image\/","url":"https:\/\/www.msds-europe.com\/wp-content\/uploads\/2021\/04\/msds-europe-logo.jpg","contentUrl":"https:\/\/www.msds-europe.com\/wp-content\/uploads\/2021\/04\/msds-europe-logo.jpg","width":2296,"height":1067,"caption":"MSDS-Europe International branch of ToxInfo"},"image":{"@id":"https:\/\/www.msds-europe.com\/es\/#\/schema\/logo\/image\/"},"sameAs":["https:\/\/www.facebook.com\/toxinfokft\/","https:\/\/x.com\/ToxInfoKft"]}]}},"_links":{"self":[{"href":"https:\/\/www.msds-europe.com\/fr\/wp-json\/wp\/v2\/pages\/28196","targetHints":{"allow":["GET"]}}],"collection":[{"href":"https:\/\/www.msds-europe.com\/fr\/wp-json\/wp\/v2\/pages"}],"about":[{"href":"https:\/\/www.msds-europe.com\/fr\/wp-json\/wp\/v2\/types\/page"}],"author":[{"embeddable":true,"href":"https:\/\/www.msds-europe.com\/fr\/wp-json\/wp\/v2\/users\/2"}],"replies":[{"embeddable":true,"href":"https:\/\/www.msds-europe.com\/fr\/wp-json\/wp\/v2\/comments?post=28196"}],"version-history":[{"count":9,"href":"https:\/\/www.msds-europe.com\/fr\/wp-json\/wp\/v2\/pages\/28196\/revisions"}],"predecessor-version":[{"id":28205,"href":"https:\/\/www.msds-europe.com\/fr\/wp-json\/wp\/v2\/pages\/28196\/revisions\/28205"}],"wp:attachment":[{"href":"https:\/\/www.msds-europe.com\/fr\/wp-json\/wp\/v2\/media?parent=28196"}],"wp:term":[{"taxonomy":"post_tag","embeddable":true,"href":"https:\/\/www.msds-europe.com\/fr\/wp-json\/wp\/v2\/tags?post=28196"}],"curies":[{"name":"wp","href":"https:\/\/api.w.org\/{rel}","templated":true}]}}