{"id":28177,"date":"2023-02-15T12:05:53","date_gmt":"2023-02-15T12:05:53","guid":{"rendered":"https:\/\/www.msds-europe.com\/?page_id=28177"},"modified":"2026-04-22T12:31:59","modified_gmt":"2026-04-22T12:31:59","slug":"conditions-dans-lesquelles-une-fiche-de-donn%c3%a9es-de-s%c3%a9curit%c3%a9-doit-%c3%aatre-fournie","status":"publish","type":"page","link":"https:\/\/www.msds-europe.com\/fr\/conditions-dans-lesquelles-une-fiche-de-donn%c3%a9es-de-s%c3%a9curit%c3%a9-doit-%c3%aatre-fournie\/","title":{"rendered":"Conditions dans lesquelles une fiche de donn\u00e9es de s\u00e9curit\u00e9 doit \u00eatre fournie"},"content":{"rendered":"<p style=\"text-align: right;\"><em><a href=\"https:\/\/www.msds-europe.com\/fr\/fiche-de-donnees-de-securite-base-de-connaissances\/\">Base de connaissances sur les fiches de donn\u00e9es de s\u00e9curit\u00e9<\/a> \u2013 Conditions dans lesquelles une fiche de donn\u00e9es de s\u00e9curit\u00e9 doit \u00eatre fournie<\/em><\/p>\n<p>&nbsp;<\/p>\n<p style=\"text-align: justify;\"><strong>Une fiche de donn\u00e9es de s\u00e9curit\u00e9 (FDS) doit \u00eatre fournie au client si une substance ou un m\u00e9lange est dangereux, s\u2019il contient certaines substances, ou si le client en fait la demande dans les cas pr\u00e9vus par la r\u00e9glementation.<\/strong><\/p>\n<p style=\"text-align: justify;\"><strong>Les sc\u00e9narios d\u2019exposition correspondant aux utilisations identifi\u00e9es doivent \u00eatre fournis par le d\u00e9clarant (enregistrant) \u00e0 ses partenaires en tant qu\u2019annexe \u00e0 la fiche de donn\u00e9es de s\u00e9curit\u00e9 (FDS \u00e9tendue), lorsque cela est requis.<\/strong><\/p>\n<p style=\"text-align: justify;\"><strong>Cependant, les fiches de donn\u00e9es de s\u00e9curit\u00e9 ne sont g\u00e9n\u00e9ralement pas requises pour les produits destin\u00e9s au grand public ou pour certains produits finis destin\u00e9s aux utilisateurs finaux, tels que les produits m\u00e9dicinaux ou cosm\u00e9tiques.<\/strong><\/p>\n<p>&nbsp;<\/p>\n<ul>\n<li style=\"text-align: justify;\"><a href=\"#flux-d-informations\">Fiche de donn\u00e9es de s\u00e9curit\u00e9 et flux d\u2019informations<\/a><\/li>\n<li style=\"text-align: justify;\"><a href=\"#client\">Une fiche de donn\u00e9es de s\u00e9curit\u00e9 doit \u00eatre fournie au client<\/a><\/li>\n<li style=\"text-align: justify;\"><a href=\"#m\u00e9langes\">FDS sur demande pour un m\u00e9lange non class\u00e9 dangereux<\/a><\/li>\n<li style=\"text-align: justify;\"><a href=\"#fds-pas-obligatoire\">Informations \u00e0 fournir selon l\u2019article 32 de REACH lorsque la FDS n\u2019est pas obligatoire<\/a><\/li>\n<li style=\"text-align: justify;\"><a href=\"#aucune-fds\">Cas o\u00f9 aucune fiche de donn\u00e9es de s\u00e9curit\u00e9 n\u2019a besoin d\u2019\u00eatre \u00e9tablie<\/a><\/li>\n<\/ul>\n<p>&nbsp;<\/p>\n<p><a name=\"flux-d-informations\"><\/a><\/p>\n<h2>Fiche de donn\u00e9es de s\u00e9curit\u00e9 et flux d\u2019informations<\/h2>\n<p style=\"text-align: justify;\">Les <a href=\"https:\/\/www.msds-europe.com\/fr\/definition-fiche-donnees-securite\/\">fiches de donn\u00e9es de s\u00e9curit\u00e9<\/a> sont un outil de communication important dans la cha\u00eene d\u2019approvisionnement, aidant tous les acteurs de la cha\u00eene \u00e0 remplir leurs responsabilit\u00e9s en mati\u00e8re de gestion des risques li\u00e9s \u00e0 l\u2019utilisation de substances et de m\u00e9langes.<\/p>\n<p style=\"text-align: justify;\">Les sc\u00e9narios d\u2019exposition correspondant aux utilisations identifi\u00e9es doivent \u00eatre fournis par le d\u00e9clarant (enregistrant) \u00e0 ses partenaires en tant qu\u2019annexe \u00e0 la fiche de donn\u00e9es de s\u00e9curit\u00e9. Ces sc\u00e9narios d\u2019exposition (annexes de FDS \u00e9tendue) sont \u00e9labor\u00e9s dans le cadre de l\u2019\u00e9valuation de la s\u00e9curit\u00e9 chimique et contiennent des instructions relatives aux <strong>mesures de gestion des risques<\/strong> visant \u00e0 assurer un contr\u00f4le ad\u00e9quat des risques.<\/p>\n<p>&nbsp;<\/p>\n<p><a name=\"client\"><\/a><\/p>\n<h2>Une fiche de donn\u00e9es de s\u00e9curit\u00e9 doit \u00eatre fournie au client<\/h2>\n<ul>\n<li style=\"text-align: justify;\">si une substance ou un m\u00e9lange est class\u00e9 comme dangereux,<\/li>\n<li style=\"text-align: justify;\">si une substance est persistante, bioaccumulable et toxique (PBT) ou tr\u00e8s persistante et tr\u00e8s bioaccumulable (vPvB), conform\u00e9ment aux crit\u00e8res de l\u2019annexe XIII,<\/li>\n<li style=\"text-align: justify;\">si une substance est incluse dans la liste \u00e9tablie conform\u00e9ment au paragraphe (1) de l\u2019article 59 (liste candidate).<\/li>\n<\/ul>\n<p>&nbsp;<\/p>\n<p><a name=\"m\u00e9langes\"><\/a><\/p>\n<h2 style=\"text-align: justify;\">FDS sur demande pour un m\u00e9lange non class\u00e9 dangereux<\/h2>\n<p style=\"text-align: justify;\">Pour un m\u00e9lange qui n\u2019est pas class\u00e9 comme dangereux, une fiche de donn\u00e9es de s\u00e9curit\u00e9 doit \u00eatre fournie \u00e0 l\u2019acheteur sur demande si le m\u00e9lange remplit au moins l\u2019une des conditions suivantes\u00a0:<\/p>\n<ul>\n<li style=\"text-align: justify;\">il contient une substance dangereuse \u00e0 une concentration \u2265 1\u00a0% en poids pour les m\u00e9langes non gazeux,<\/li>\n<li style=\"text-align: justify;\">il contient une substance dangereuse \u00e0 une concentration \u2265 0,2\u00a0% en volume pour les m\u00e9langes gazeux,<\/li>\n<li style=\"text-align: justify;\">il contient, \u00e0 une concentration individuelle \u2265 0,1\u00a0% en poids (m\u00e9langes non gazeux), au moins une substance class\u00e9e canc\u00e9rog\u00e8ne de cat\u00e9gorie 2, ou toxique pour la reproduction de cat\u00e9gories 1A, 1B ou 2, ou sensibilisant cutan\u00e9 de cat\u00e9gorie 1, ou sensibilisant respiratoire de cat\u00e9gorie 1, ou une substance r\u00e9pondant aux crit\u00e8res PBT ou vPvB (annexe XIII),<\/li>\n<li style=\"text-align: justify;\">il contient une substance incluse dans la liste \u00e9tablie conform\u00e9ment au paragraphe (1) de l\u2019article 59 (liste candidate),<\/li>\n<li style=\"text-align: justify;\">il contient une substance pour laquelle il existe des valeurs limites d\u2019exposition professionnelle au niveau de l\u2019Union.<\/li>\n<\/ul>\n<p>&nbsp;<\/p>\n<p><a name=\"fds-pas-obligatoire\"><\/a><\/p>\n<h2 style=\"text-align: justify;\">Informations \u00e0 fournir selon l\u2019article 32 de REACH lorsque la FDS n\u2019est pas obligatoire<\/h2>\n<ul>\n<li style=\"text-align: justify;\">si la substance est soumise \u00e0 autorisation\u00a0: les d\u00e9tails de l\u2019autorisation accord\u00e9e ou refus\u00e9e\u00a0; et, si elle est soumise \u00e0 une restriction\u00a0: les informations appropri\u00e9es relatives \u00e0 cette restriction,<\/li>\n<li style=\"text-align: justify;\">toute information pertinente n\u00e9cessaire pour permettre l\u2019identification et l\u2019application de mesures appropri\u00e9es de gestion des risques,<\/li>\n<li style=\"text-align: justify;\">le(s) num\u00e9ro(s) d\u2019enregistrement, le cas \u00e9ch\u00e9ant, pour toute substance pour laquelle des informations sont communiqu\u00e9es au titre des points ci-dessus.<\/li>\n<\/ul>\n<p>&nbsp;<\/p>\n<p><a name=\"aucune-fds\"><\/a><\/p>\n<h2 style=\"text-align: justify;\">Cas o\u00f9 aucune fiche de donn\u00e9es de s\u00e9curit\u00e9 n\u2019a besoin d\u2019\u00eatre \u00e9tablie<\/h2>\n<p style=\"text-align: justify;\">Aucune fiche de donn\u00e9es de s\u00e9curit\u00e9 n\u2019a besoin d\u2019\u00eatre \u00e9tablie et fournie\u00a0:<\/p>\n<p style=\"text-align: justify;\">1. pour des produits destin\u00e9s au grand public lorsque des informations suffisantes sont fournies pour permettre aux utilisateurs de prendre les mesures n\u00e9cessaires pour prot\u00e9ger la sant\u00e9 humaine, la s\u00e9curit\u00e9 et l\u2019environnement\u00a0;<\/p>\n<p style=\"text-align: justify;\">2. pour les produits finis suivants destin\u00e9s aux utilisateurs finaux\u00a0:<\/p>\n<ul>\n<li style=\"text-align: justify;\">les produits m\u00e9dicinaux \u00e0 usage humain ou v\u00e9t\u00e9rinaire,<\/li>\n<li style=\"text-align: justify;\">les produits cosm\u00e9tiques,<\/li>\n<li style=\"text-align: justify;\">les dispositifs m\u00e9dicaux qui sont invasifs ou utilis\u00e9s en contact physique direct avec le corps humain,<\/li>\n<li style=\"text-align: justify;\">les denr\u00e9es alimentaires ou les aliments pour animaux (y compris\u00a0: additifs alimentaires, ar\u00f4mes, additifs pour l\u2019alimentation animale).<\/li>\n<\/ul>\n<p>&nbsp;<\/p>\n<h4><span style=\"color: #333333;\">Services offerts<\/span><\/h4>\n<ul>\n<li><a href=\"https:\/\/www.msds-europe.com\/fr\/traduction-fiches-de-donnees-de-securite\/\">Traduction de fiches de donn\u00e9es de s\u00e9curit\u00e9<\/a><\/li>\n<li><a href=\"https:\/\/www.msds-europe.com\/fr\/fds-revision-mise-a-jour\/\">R\u00e9vision et mise \u00e0 jour de fiches de donn\u00e9es de s\u00e9curit\u00e9<\/a><\/li>\n<li><a href=\"https:\/\/www.msds-europe.com\/fr\/fiche-de-donnees-de-securite-etablissement-elaboration\/\">\u00c9laboration d\u2019une fiche de donn\u00e9es de s\u00e9curit\u00e9<\/a><\/li>\n<li><a href=\"https:\/\/www.msds-europe.com\/fr\/etablissement-projet-etiquette\/\">Projet d\u2019\u00e9tiquette<\/a><\/li>\n<li><a href=\"https:\/\/www.msds-europe.com\/fr\/service-ufi\/\">Services li\u00e9s \u00e0 l\u2019UFI et \u00e0 la notification PCN<\/a><\/li>\n<\/ul>\n<p>&nbsp;<\/p>\n<h4><span style=\"color: #333333;\">Article(s) recommand\u00e9(s)<\/span><\/h4>\n<ul>\n<li><a href=\"https:\/\/www.msds-europe.com\/fr\/periode-validite-fiche-donnees-securite\/\">P\u00e9riode de validit\u00e9 d\u2019une fiche de donn\u00e9es de s\u00e9curit\u00e9<\/a><\/li>\n<li><a href=\"https:\/\/www.msds-europe.com\/fr\/ufi-identifiant-unique-de-formulation\/\">Sp\u00e9cifications relatives \u00e0 l\u2019UFI et \u00e0 l\u2019\u00e9tiquetage des m\u00e9langes dangereux<\/a><\/li>\n<li><a href=\"https:\/\/www.msds-europe.com\/fr\/etiquetage-clp-pratique\/\">\u00c9tiquetage CLP en pratique<\/a><\/li>\n<\/ul>\n<p>&nbsp;<\/p>\n<h3>Questions rapides et r\u00e9ponses<\/h3>\n<div class=\"su-spoiler su-spoiler-style-fancy su-spoiler-icon-chevron su-spoiler-closed\" data-scroll-offset=\"0\" data-anchor-in-url=\"no\"><div class=\"su-spoiler-title\" tabindex=\"0\" role=\"button\"><span class=\"su-spoiler-icon\"><\/span>Qui est responsable de l\u2019\u00e9laboration de la fiche de donn\u00e9es de s\u00e9curit\u00e9 (FDS) ?<\/div><div class=\"su-spoiler-content su-u-clearfix su-u-trim\">\n<p style=\"text-align: justify;\">En g\u00e9n\u00e9ral, le fabricant, l\u2019importateur ou le repr\u00e9sentant exclusif est responsable de l\u2019\u00e9tablissement de la FDS. Les acteurs de la cha\u00eene d\u2019approvisionnement doivent toutefois veiller \u00e0 transmettre des informations correctes et \u00e0 jour afin que la FDS soit exacte et adapt\u00e9e \u00e0 l\u2019usage.<\/p>\n<\/div><\/div>\n<div class=\"su-spoiler su-spoiler-style-fancy su-spoiler-icon-chevron su-spoiler-closed\" data-scroll-offset=\"0\" data-anchor-in-url=\"no\"><div class=\"su-spoiler-title\" tabindex=\"0\" role=\"button\"><span class=\"su-spoiler-icon\"><\/span>Quand faut-il joindre un sc\u00e9nario d\u2019exposition \u00e0 la FDS (FDS \u00e9tendue) ?<\/div><div class=\"su-spoiler-content su-u-clearfix su-u-trim\">\n<p style=\"text-align: justify;\">Lorsque la substance est enregistr\u00e9e et qu\u2019une \u00e9valuation de la s\u00e9curit\u00e9 chimique a \u00e9t\u00e9 r\u00e9alis\u00e9e, les sc\u00e9narios d\u2019exposition correspondant aux utilisations identifi\u00e9es doivent \u00eatre annex\u00e9s \u00e0 la FDS, lorsque cela est requis.<\/p>\n<\/div><\/div>\n<div class=\"su-spoiler su-spoiler-style-fancy su-spoiler-icon-chevron su-spoiler-closed\" data-scroll-offset=\"0\" data-anchor-in-url=\"no\"><div class=\"su-spoiler-title\" tabindex=\"0\" role=\"button\"><span class=\"su-spoiler-icon\"><\/span>Quand faut-il fournir une FDS pour un m\u00e9lange non class\u00e9 dangereux, sur demande du client ?<\/div><div class=\"su-spoiler-content su-u-clearfix su-u-trim\">\n<p style=\"text-align: justify;\">Lorsque le m\u00e9lange contient certains composants dangereux au-del\u00e0 des seuils sp\u00e9cifi\u00e9s (p. ex. substances CMR, sensibilisants, PBT\/vPvB ou substances de la liste candidate), ou lorsqu\u2019il existe des valeurs limites d\u2019exposition professionnelle au niveau de l\u2019Union pour un composant.<\/p>\n<\/div><\/div>\n<div class=\"su-spoiler su-spoiler-style-fancy su-spoiler-icon-chevron su-spoiler-closed\" data-scroll-offset=\"0\" data-anchor-in-url=\"no\"><div class=\"su-spoiler-title\" tabindex=\"0\" role=\"button\"><span class=\"su-spoiler-icon\"><\/span>Quelles informations doivent \u00eatre fournies si une FDS n\u2019est pas requise selon l\u2019article 32 de REACH ?<\/div><div class=\"su-spoiler-content su-u-clearfix su-u-trim\">\n<p style=\"text-align: justify;\">Les informations pertinentes pour une utilisation s\u00fbre, les d\u00e9tails relatifs \u00e0 l\u2019autorisation et\/ou \u00e0 la restriction, et\u2014si disponible\u2014le num\u00e9ro d\u2019enregistrement doivent tout de m\u00eame \u00eatre communiqu\u00e9s.<\/p>\n<\/div><\/div>\n","protected":false},"excerpt":{"rendered":"<p>Base de connaissances sur les fiches de donn\u00e9es de s\u00e9curit\u00e9 \u2013 Conditions dans lesquelles une fiche de donn\u00e9es de s\u00e9curit\u00e9 doit \u00eatre fournie &nbsp; Une fiche de donn\u00e9es de s\u00e9curit\u00e9 (FDS) doit \u00eatre fournie au client si une substance ou un m\u00e9lange est dangereux, s\u2019il contient certaines substances, ou si&#8230;<\/p>\n","protected":false},"author":2,"featured_media":0,"parent":0,"menu_order":0,"comment_status":"closed","ping_status":"closed","template":"","meta":{"_acf_changed":false,"footnotes":""},"tags":[385,386],"class_list":["post-28177","page","type-page","status-publish","hentry","tag-fiche-de-donnees-de-securite","tag-fiche-de-donnees-de-securite-base-de-connaissances"],"acf":[],"yoast_head":"<!-- This site is optimized with the Yoast SEO plugin v27.2 - https:\/\/yoast.com\/product\/yoast-seo-wordpress\/ -->\n<title>Conditions dans lesquelles une FDS doit \u00eatre fournie<\/title>\n<meta name=\"description\" content=\"Quand une FDS est-elle obligatoire, facultative ou facultative, mais disponible sur demande? MSDS-Europe\/Toxinfo\" \/>\n<meta name=\"robots\" content=\"index, follow, max-snippet:-1, max-image-preview:large, max-video-preview:-1\" \/>\n<link rel=\"canonical\" href=\"https:\/\/www.msds-europe.com\/fr\/conditions-dans-lesquelles-une-fiche-de-donn\u00e9es-de-s\u00e9curit\u00e9-doit-\u00eatre-fournie\/\" \/>\n<meta property=\"og:locale\" content=\"fr_FR\" \/>\n<meta property=\"og:type\" content=\"article\" \/>\n<meta property=\"og:title\" content=\"Conditions dans lesquelles une FDS doit \u00eatre fournie\" \/>\n<meta property=\"og:description\" content=\"Quand une FDS est-elle obligatoire, facultative ou facultative, mais disponible sur demande? MSDS-Europe\/Toxinfo\" \/>\n<meta property=\"og:url\" content=\"https:\/\/www.msds-europe.com\/fr\/conditions-dans-lesquelles-une-fiche-de-donn\u00e9es-de-s\u00e9curit\u00e9-doit-\u00eatre-fournie\/\" \/>\n<meta property=\"og:site_name\" content=\"MSDS Europe\" \/>\n<meta property=\"article:publisher\" content=\"https:\/\/www.facebook.com\/toxinfokft\/\" \/>\n<meta property=\"article:modified_time\" content=\"2026-04-22T12:31:59+00:00\" \/>\n<meta name=\"twitter:card\" content=\"summary_large_image\" \/>\n<meta name=\"twitter:site\" content=\"@ToxInfoKft\" \/>\n<meta name=\"twitter:label1\" content=\"Dur\u00e9e de lecture estim\u00e9e\" \/>\n\t<meta name=\"twitter:data1\" content=\"5 minutes\" \/>\n<script type=\"application\/ld+json\" class=\"yoast-schema-graph\">{\"@context\":\"https:\/\/schema.org\",\"@graph\":[{\"@type\":\"WebPage\",\"@id\":\"https:\/\/www.msds-europe.com\/fr\/conditions-dans-lesquelles-une-fiche-de-donn%c3%a9es-de-s%c3%a9curit%c3%a9-doit-%c3%aatre-fournie\/\",\"url\":\"https:\/\/www.msds-europe.com\/fr\/conditions-dans-lesquelles-une-fiche-de-donn%c3%a9es-de-s%c3%a9curit%c3%a9-doit-%c3%aatre-fournie\/\",\"name\":\"Conditions dans lesquelles une FDS doit \u00eatre fournie\",\"isPartOf\":{\"@id\":\"https:\/\/www.msds-europe.com\/es\/#website\"},\"datePublished\":\"2023-02-15T12:05:53+00:00\",\"dateModified\":\"2026-04-22T12:31:59+00:00\",\"description\":\"Quand une FDS est-elle obligatoire, facultative ou facultative, mais disponible sur demande? MSDS-Europe\/Toxinfo\",\"breadcrumb\":{\"@id\":\"https:\/\/www.msds-europe.com\/fr\/conditions-dans-lesquelles-une-fiche-de-donn%c3%a9es-de-s%c3%a9curit%c3%a9-doit-%c3%aatre-fournie\/#breadcrumb\"},\"inLanguage\":\"fr-FR\",\"potentialAction\":[{\"@type\":\"ReadAction\",\"target\":[\"https:\/\/www.msds-europe.com\/fr\/conditions-dans-lesquelles-une-fiche-de-donn%c3%a9es-de-s%c3%a9curit%c3%a9-doit-%c3%aatre-fournie\/\"]}]},{\"@type\":\"BreadcrumbList\",\"@id\":\"https:\/\/www.msds-europe.com\/fr\/conditions-dans-lesquelles-une-fiche-de-donn%c3%a9es-de-s%c3%a9curit%c3%a9-doit-%c3%aatre-fournie\/#breadcrumb\",\"itemListElement\":[{\"@type\":\"ListItem\",\"position\":1,\"name\":\"F\u0151oldal\",\"item\":\"https:\/\/www.msds-europe.com\/fr\/\"},{\"@type\":\"ListItem\",\"position\":2,\"name\":\"Conditions dans lesquelles une fiche de donn\u00e9es de s\u00e9curit\u00e9 doit \u00eatre fournie\"}]},{\"@type\":\"WebSite\",\"@id\":\"https:\/\/www.msds-europe.com\/es\/#website\",\"url\":\"https:\/\/www.msds-europe.com\/es\/\",\"name\":\"MSDS Europe\",\"description\":\"\",\"publisher\":{\"@id\":\"https:\/\/www.msds-europe.com\/es\/#organization\"},\"potentialAction\":[{\"@type\":\"SearchAction\",\"target\":{\"@type\":\"EntryPoint\",\"urlTemplate\":\"https:\/\/www.msds-europe.com\/es\/?s={search_term_string}\"},\"query-input\":{\"@type\":\"PropertyValueSpecification\",\"valueRequired\":true,\"valueName\":\"search_term_string\"}}],\"inLanguage\":\"fr-FR\"},{\"@type\":\"Organization\",\"@id\":\"https:\/\/www.msds-europe.com\/es\/#organization\",\"name\":\"MSDS-Europe International branch of ToxInfo\",\"url\":\"https:\/\/www.msds-europe.com\/es\/\",\"logo\":{\"@type\":\"ImageObject\",\"inLanguage\":\"fr-FR\",\"@id\":\"https:\/\/www.msds-europe.com\/es\/#\/schema\/logo\/image\/\",\"url\":\"https:\/\/www.msds-europe.com\/wp-content\/uploads\/2021\/04\/msds-europe-logo.jpg\",\"contentUrl\":\"https:\/\/www.msds-europe.com\/wp-content\/uploads\/2021\/04\/msds-europe-logo.jpg\",\"width\":2296,\"height\":1067,\"caption\":\"MSDS-Europe International branch of ToxInfo\"},\"image\":{\"@id\":\"https:\/\/www.msds-europe.com\/es\/#\/schema\/logo\/image\/\"},\"sameAs\":[\"https:\/\/www.facebook.com\/toxinfokft\/\",\"https:\/\/x.com\/ToxInfoKft\"]}]}<\/script>\n<!-- \/ Yoast SEO plugin. -->","yoast_head_json":{"title":"Conditions dans lesquelles une FDS doit \u00eatre fournie","description":"Quand une FDS est-elle obligatoire, facultative ou facultative, mais disponible sur demande? MSDS-Europe\/Toxinfo","robots":{"index":"index","follow":"follow","max-snippet":"max-snippet:-1","max-image-preview":"max-image-preview:large","max-video-preview":"max-video-preview:-1"},"canonical":"https:\/\/www.msds-europe.com\/fr\/conditions-dans-lesquelles-une-fiche-de-donn\u00e9es-de-s\u00e9curit\u00e9-doit-\u00eatre-fournie\/","og_locale":"fr_FR","og_type":"article","og_title":"Conditions dans lesquelles une FDS doit \u00eatre fournie","og_description":"Quand une FDS est-elle obligatoire, facultative ou facultative, mais disponible sur demande? MSDS-Europe\/Toxinfo","og_url":"https:\/\/www.msds-europe.com\/fr\/conditions-dans-lesquelles-une-fiche-de-donn\u00e9es-de-s\u00e9curit\u00e9-doit-\u00eatre-fournie\/","og_site_name":"MSDS Europe","article_publisher":"https:\/\/www.facebook.com\/toxinfokft\/","article_modified_time":"2026-04-22T12:31:59+00:00","twitter_card":"summary_large_image","twitter_site":"@ToxInfoKft","twitter_misc":{"Dur\u00e9e de lecture estim\u00e9e":"5 minutes"},"schema":{"@context":"https:\/\/schema.org","@graph":[{"@type":"WebPage","@id":"https:\/\/www.msds-europe.com\/fr\/conditions-dans-lesquelles-une-fiche-de-donn%c3%a9es-de-s%c3%a9curit%c3%a9-doit-%c3%aatre-fournie\/","url":"https:\/\/www.msds-europe.com\/fr\/conditions-dans-lesquelles-une-fiche-de-donn%c3%a9es-de-s%c3%a9curit%c3%a9-doit-%c3%aatre-fournie\/","name":"Conditions dans lesquelles une FDS doit \u00eatre fournie","isPartOf":{"@id":"https:\/\/www.msds-europe.com\/es\/#website"},"datePublished":"2023-02-15T12:05:53+00:00","dateModified":"2026-04-22T12:31:59+00:00","description":"Quand une FDS est-elle obligatoire, facultative ou facultative, mais disponible sur demande? MSDS-Europe\/Toxinfo","breadcrumb":{"@id":"https:\/\/www.msds-europe.com\/fr\/conditions-dans-lesquelles-une-fiche-de-donn%c3%a9es-de-s%c3%a9curit%c3%a9-doit-%c3%aatre-fournie\/#breadcrumb"},"inLanguage":"fr-FR","potentialAction":[{"@type":"ReadAction","target":["https:\/\/www.msds-europe.com\/fr\/conditions-dans-lesquelles-une-fiche-de-donn%c3%a9es-de-s%c3%a9curit%c3%a9-doit-%c3%aatre-fournie\/"]}]},{"@type":"BreadcrumbList","@id":"https:\/\/www.msds-europe.com\/fr\/conditions-dans-lesquelles-une-fiche-de-donn%c3%a9es-de-s%c3%a9curit%c3%a9-doit-%c3%aatre-fournie\/#breadcrumb","itemListElement":[{"@type":"ListItem","position":1,"name":"F\u0151oldal","item":"https:\/\/www.msds-europe.com\/fr\/"},{"@type":"ListItem","position":2,"name":"Conditions dans lesquelles une fiche de donn\u00e9es de s\u00e9curit\u00e9 doit \u00eatre fournie"}]},{"@type":"WebSite","@id":"https:\/\/www.msds-europe.com\/es\/#website","url":"https:\/\/www.msds-europe.com\/es\/","name":"MSDS Europe","description":"","publisher":{"@id":"https:\/\/www.msds-europe.com\/es\/#organization"},"potentialAction":[{"@type":"SearchAction","target":{"@type":"EntryPoint","urlTemplate":"https:\/\/www.msds-europe.com\/es\/?s={search_term_string}"},"query-input":{"@type":"PropertyValueSpecification","valueRequired":true,"valueName":"search_term_string"}}],"inLanguage":"fr-FR"},{"@type":"Organization","@id":"https:\/\/www.msds-europe.com\/es\/#organization","name":"MSDS-Europe International branch of ToxInfo","url":"https:\/\/www.msds-europe.com\/es\/","logo":{"@type":"ImageObject","inLanguage":"fr-FR","@id":"https:\/\/www.msds-europe.com\/es\/#\/schema\/logo\/image\/","url":"https:\/\/www.msds-europe.com\/wp-content\/uploads\/2021\/04\/msds-europe-logo.jpg","contentUrl":"https:\/\/www.msds-europe.com\/wp-content\/uploads\/2021\/04\/msds-europe-logo.jpg","width":2296,"height":1067,"caption":"MSDS-Europe International branch of ToxInfo"},"image":{"@id":"https:\/\/www.msds-europe.com\/es\/#\/schema\/logo\/image\/"},"sameAs":["https:\/\/www.facebook.com\/toxinfokft\/","https:\/\/x.com\/ToxInfoKft"]}]}},"_links":{"self":[{"href":"https:\/\/www.msds-europe.com\/fr\/wp-json\/wp\/v2\/pages\/28177","targetHints":{"allow":["GET"]}}],"collection":[{"href":"https:\/\/www.msds-europe.com\/fr\/wp-json\/wp\/v2\/pages"}],"about":[{"href":"https:\/\/www.msds-europe.com\/fr\/wp-json\/wp\/v2\/types\/page"}],"author":[{"embeddable":true,"href":"https:\/\/www.msds-europe.com\/fr\/wp-json\/wp\/v2\/users\/2"}],"replies":[{"embeddable":true,"href":"https:\/\/www.msds-europe.com\/fr\/wp-json\/wp\/v2\/comments?post=28177"}],"version-history":[{"count":10,"href":"https:\/\/www.msds-europe.com\/fr\/wp-json\/wp\/v2\/pages\/28177\/revisions"}],"predecessor-version":[{"id":39011,"href":"https:\/\/www.msds-europe.com\/fr\/wp-json\/wp\/v2\/pages\/28177\/revisions\/39011"}],"wp:attachment":[{"href":"https:\/\/www.msds-europe.com\/fr\/wp-json\/wp\/v2\/media?parent=28177"}],"wp:term":[{"taxonomy":"post_tag","embeddable":true,"href":"https:\/\/www.msds-europe.com\/fr\/wp-json\/wp\/v2\/tags?post=28177"}],"curies":[{"name":"wp","href":"https:\/\/api.w.org\/{rel}","templated":true}]}}