{"id":20665,"date":"2020-03-11T08:35:07","date_gmt":"2020-03-11T08:35:07","guid":{"rendered":"https:\/\/www.msds-europe.com\/?page_id=20665"},"modified":"2026-02-18T14:34:37","modified_gmt":"2026-02-18T14:34:37","slug":"fiche-donnees-securite-accord-contractuel","status":"publish","type":"page","link":"https:\/\/www.msds-europe.com\/fr\/fiche-donnees-securite-accord-contractuel\/","title":{"rendered":"Coop\u00e9ration \u00e0 long terme pour la s\u00e9curit\u00e9 chimique"},"content":{"rendered":"<p style=\"text-align: right;\"><em><a href=\"https:\/\/www.msds-europe.com\/fr\/programme-support-client-msds-europe\/\">Programme de support client MSDS-Europe<\/a> \u2013 accord contractuel<\/em><\/p>\n<p>&nbsp;<\/p>\n<p style=\"text-align: justify;\"><strong>Dans le cadre du <a href=\"https:\/\/www.msds-europe.com\/fr\/programme-support-client-msds-europe\/\">programme de support client MSDS-Europe<\/a>, nous avons mis en place un accord contractuel offrant une flexibilit\u00e9 adapt\u00e9e et des avantages financiers pour r\u00e9pondre aux besoins \u00e0 long terme.<\/strong><\/p>\n<p style=\"text-align: justify;\"><strong>Dans le cadre d\u2019un contrat, nous proposons des remises de quantit\u00e9 sur l\u2019ensemble des <a href=\"https:\/\/www.msds-europe.com\/fr\/traduction-fiches-de-donnees-de-securite\/\">fiches de donn\u00e9es de s\u00e9curit\u00e9<\/a> command\u00e9es sur une p\u00e9riode donn\u00e9e (au mois ou au trimestre), avec paiement diff\u00e9r\u00e9.<\/strong><\/p>\n<p>&nbsp;<\/p>\n<h3 style=\"text-align: justify;\">Avantages financiers<\/h3>\n<ul>\n<li style=\"text-align: justify;\">Remise de quantit\u00e9 \u2013 remise appliqu\u00e9e \u00e0 l\u2019ensemble des commandes pass\u00e9es au cours du trimestre concern\u00e9<\/li>\n<li style=\"text-align: justify;\">Paiement diff\u00e9r\u00e9 \u2013 facturation trimestrielle<\/li>\n<li style=\"text-align: justify;\">Facilit\u00e9 de tr\u00e9sorerie \u2013 paiement diff\u00e9r\u00e9 (jusqu\u2019\u00e0 plus de 90 jours)<\/li>\n<li style=\"text-align: justify;\">Co\u00fbts de transaction r\u00e9duits<\/li>\n<\/ul>\n<p>&nbsp;<\/p>\n<h3 style=\"text-align: justify;\">Administration simplifi\u00e9e<\/h3>\n<ul>\n<li style=\"text-align: justify;\">Une seule facture regroupant l\u2019ensemble des commandes sur 3 mois<\/li>\n<li style=\"text-align: justify;\">Charge administrative r\u00e9duite, comptabilit\u00e9 simplifi\u00e9e<\/li>\n<li style=\"text-align: justify;\">Processus de commande acc\u00e9l\u00e9r\u00e9<\/li>\n<\/ul>\n<p>&nbsp;<\/p>\n<h3 style=\"text-align: justify;\">Autres avantages<\/h3>\n<ul>\n<li style=\"text-align: justify;\">Vous b\u00e9n\u00e9ficiez \u00e9galement, en continu, de tous les avantages du statut de client cl\u00e9 mentionn\u00e9s pr\u00e9c\u00e9demment.<\/li>\n<\/ul>\n<p>&nbsp;<\/p>\n<p style=\"text-align: justify;\"><strong>\u00c0 propos du contrat<\/strong><\/p>\n<ul>\n<li style=\"text-align: justify;\">Type de contrat : contrat-cadre<\/li>\n<li style=\"text-align: justify;\">Dur\u00e9e d\u00e9termin\u00e9e, g\u00e9n\u00e9ralement jusqu\u2019\u00e0 la fin de l\u2019ann\u00e9e de r\u00e9f\u00e9rence<\/li>\n<li style=\"text-align: justify;\">Le contrat-cadre n\u2019implique aucune obligation de commande<\/li>\n<li style=\"text-align: justify;\">Facturation mensuelle ou trimestrielle<\/li>\n<\/ul>\n<p style=\"text-align: right;\"><em>Pour conna\u00eetre son contenu, veuillez demander \u00e0 notre <a href=\"https:\/\/www.msds-europe.com\/fr\/service-clients\/\">service client<\/a> un projet de contrat.<\/em><\/p>\n<p style=\"text-align: right;\"><a href=\"https:\/\/www.msds-europe.com\/fr\/service-clients\/\" class=\"su-button su-button-style-default\" style=\"color:#060606;background-color:#ffffff;border-color:#cccccc;border-radius:5px\" target=\"_self\"><span style=\"color:#060606;padding:0px 16px;font-size:13px;line-height:26px;border-color:#ffffff;border-radius:5px;text-shadow:none\"> Service client<\/span><\/a>\n<h3 style=\"text-align: justify;\">Programme de support client MSDS-Europe<\/h3>\n<p style=\"text-align: justify;\">Dans le cadre d\u2019un contrat, nous mettons \u00e0 votre disposition une personne de contact d\u00e9di\u00e9e, afin d\u2019assurer une administration efficace et un accompagnement de la plus haute qualit\u00e9.<\/p>\n<p>&nbsp;<\/p>\n<h3><span style=\"color: #333333;\">Recommandations de services<\/span><\/h3>\n<ul>\n<li><a href=\"https:\/\/www.msds-europe.com\/fr\/etablissement-projet-etiquette\/\">\u00c9tablissement d\u2019un projet d\u2019\u00e9tiquette CLP<\/a> pour les substances et les m\u00e9langes<\/li>\n<li style=\"text-align: justify;\"><a href=\"https:\/\/www.msds-europe.com\/fr\/traduction-fiches-de-donnees-de-securite\/\">Traduction de fiches de donn\u00e9es de s\u00e9curit\u00e9<\/a> conform\u00e9ment \u00e0 la r\u00e9glementation en mati\u00e8re de s\u00e9curit\u00e9 chimique<\/li>\n<li><a href=\"https:\/\/www.msds-europe.com\/fr\/fiche-de-donnees-de-securite-etablissement-elaboration\/\">\u00c9tablissement et \u00e9laboration d\u2019une fiche de donn\u00e9es de s\u00e9curit\u00e9<\/a><\/li>\n<\/ul>\n<p>&nbsp;<\/p>\n","protected":false},"excerpt":{"rendered":"<p>Programme de support client MSDS-Europe \u2013 accord contractuel &nbsp; Dans le cadre du programme de support client MSDS-Europe, nous avons mis en place un accord contractuel offrant une flexibilit\u00e9 adapt\u00e9e et des avantages financiers pour r\u00e9pondre aux besoins \u00e0 long terme. Dans le cadre d\u2019un contrat, nous proposons des remises&#8230;<\/p>\n","protected":false},"author":2,"featured_media":0,"parent":0,"menu_order":0,"comment_status":"closed","ping_status":"closed","template":"","meta":{"_acf_changed":false,"footnotes":""},"tags":[],"class_list":["post-20665","page","type-page","status-publish","hentry"],"acf":[],"yoast_head":"<!-- This site is optimized with the Yoast SEO plugin v27.2 - https:\/\/yoast.com\/product\/yoast-seo-wordpress\/ -->\n<title>Coop\u00e9ration \u00e0 long terme pour la s\u00e9curit\u00e9 chimique - MSDS Europe<\/title>\n<meta name=\"description\" content=\"Traduction des fiches de donn\u00e9es de s\u00e9curit\u00e9 sous forme d&#039;accord contractuel. Facturation trimestrielle, paiement suppl\u00e9mentaire et rabais de quantit\u00e9.\" \/>\n<meta name=\"robots\" content=\"index, follow, max-snippet:-1, max-image-preview:large, max-video-preview:-1\" \/>\n<link rel=\"canonical\" href=\"https:\/\/www.msds-europe.com\/fr\/fiche-donnees-securite-accord-contractuel\/\" \/>\n<meta property=\"og:locale\" content=\"fr_FR\" \/>\n<meta property=\"og:type\" content=\"article\" \/>\n<meta property=\"og:title\" content=\"Coop\u00e9ration \u00e0 long terme pour la s\u00e9curit\u00e9 chimique - MSDS Europe\" \/>\n<meta property=\"og:description\" content=\"Traduction des fiches de donn\u00e9es de s\u00e9curit\u00e9 sous forme d&#039;accord contractuel. Facturation trimestrielle, paiement suppl\u00e9mentaire et rabais de quantit\u00e9.\" \/>\n<meta property=\"og:url\" content=\"https:\/\/www.msds-europe.com\/fr\/fiche-donnees-securite-accord-contractuel\/\" \/>\n<meta property=\"og:site_name\" content=\"MSDS Europe\" \/>\n<meta property=\"article:publisher\" content=\"https:\/\/www.facebook.com\/toxinfokft\/\" \/>\n<meta property=\"article:modified_time\" content=\"2026-02-18T14:34:37+00:00\" \/>\n<meta name=\"twitter:card\" content=\"summary_large_image\" \/>\n<meta name=\"twitter:site\" content=\"@ToxInfoKft\" \/>\n<meta name=\"twitter:label1\" content=\"Dur\u00e9e de lecture estim\u00e9e\" \/>\n\t<meta name=\"twitter:data1\" content=\"2 minutes\" \/>\n<script type=\"application\/ld+json\" class=\"yoast-schema-graph\">{\"@context\":\"https:\/\/schema.org\",\"@graph\":[{\"@type\":\"WebPage\",\"@id\":\"https:\/\/www.msds-europe.com\/fr\/fiche-donnees-securite-accord-contractuel\/\",\"url\":\"https:\/\/www.msds-europe.com\/fr\/fiche-donnees-securite-accord-contractuel\/\",\"name\":\"Coop\u00e9ration \u00e0 long terme pour la s\u00e9curit\u00e9 chimique - MSDS Europe\",\"isPartOf\":{\"@id\":\"https:\/\/www.msds-europe.com\/es\/#website\"},\"datePublished\":\"2020-03-11T08:35:07+00:00\",\"dateModified\":\"2026-02-18T14:34:37+00:00\",\"description\":\"Traduction des fiches de donn\u00e9es de s\u00e9curit\u00e9 sous forme d'accord contractuel. Facturation trimestrielle, paiement suppl\u00e9mentaire et rabais de quantit\u00e9.\",\"breadcrumb\":{\"@id\":\"https:\/\/www.msds-europe.com\/fr\/fiche-donnees-securite-accord-contractuel\/#breadcrumb\"},\"inLanguage\":\"fr-FR\",\"potentialAction\":[{\"@type\":\"ReadAction\",\"target\":[\"https:\/\/www.msds-europe.com\/fr\/fiche-donnees-securite-accord-contractuel\/\"]}]},{\"@type\":\"BreadcrumbList\",\"@id\":\"https:\/\/www.msds-europe.com\/fr\/fiche-donnees-securite-accord-contractuel\/#breadcrumb\",\"itemListElement\":[{\"@type\":\"ListItem\",\"position\":1,\"name\":\"F\u0151oldal\",\"item\":\"https:\/\/www.msds-europe.com\/fr\/\"},{\"@type\":\"ListItem\",\"position\":2,\"name\":\"Coop\u00e9ration \u00e0 long terme pour la s\u00e9curit\u00e9 chimique\"}]},{\"@type\":\"WebSite\",\"@id\":\"https:\/\/www.msds-europe.com\/es\/#website\",\"url\":\"https:\/\/www.msds-europe.com\/es\/\",\"name\":\"MSDS Europe\",\"description\":\"\",\"publisher\":{\"@id\":\"https:\/\/www.msds-europe.com\/es\/#organization\"},\"potentialAction\":[{\"@type\":\"SearchAction\",\"target\":{\"@type\":\"EntryPoint\",\"urlTemplate\":\"https:\/\/www.msds-europe.com\/es\/?s={search_term_string}\"},\"query-input\":{\"@type\":\"PropertyValueSpecification\",\"valueRequired\":true,\"valueName\":\"search_term_string\"}}],\"inLanguage\":\"fr-FR\"},{\"@type\":\"Organization\",\"@id\":\"https:\/\/www.msds-europe.com\/es\/#organization\",\"name\":\"MSDS-Europe International branch of ToxInfo\",\"url\":\"https:\/\/www.msds-europe.com\/es\/\",\"logo\":{\"@type\":\"ImageObject\",\"inLanguage\":\"fr-FR\",\"@id\":\"https:\/\/www.msds-europe.com\/es\/#\/schema\/logo\/image\/\",\"url\":\"https:\/\/www.msds-europe.com\/wp-content\/uploads\/2021\/04\/msds-europe-logo.jpg\",\"contentUrl\":\"https:\/\/www.msds-europe.com\/wp-content\/uploads\/2021\/04\/msds-europe-logo.jpg\",\"width\":2296,\"height\":1067,\"caption\":\"MSDS-Europe International branch of ToxInfo\"},\"image\":{\"@id\":\"https:\/\/www.msds-europe.com\/es\/#\/schema\/logo\/image\/\"},\"sameAs\":[\"https:\/\/www.facebook.com\/toxinfokft\/\",\"https:\/\/x.com\/ToxInfoKft\"]}]}<\/script>\n<!-- \/ Yoast SEO plugin. -->","yoast_head_json":{"title":"Coop\u00e9ration \u00e0 long terme pour la s\u00e9curit\u00e9 chimique - MSDS Europe","description":"Traduction des fiches de donn\u00e9es de s\u00e9curit\u00e9 sous forme d'accord contractuel. Facturation trimestrielle, paiement suppl\u00e9mentaire et rabais de quantit\u00e9.","robots":{"index":"index","follow":"follow","max-snippet":"max-snippet:-1","max-image-preview":"max-image-preview:large","max-video-preview":"max-video-preview:-1"},"canonical":"https:\/\/www.msds-europe.com\/fr\/fiche-donnees-securite-accord-contractuel\/","og_locale":"fr_FR","og_type":"article","og_title":"Coop\u00e9ration \u00e0 long terme pour la s\u00e9curit\u00e9 chimique - MSDS Europe","og_description":"Traduction des fiches de donn\u00e9es de s\u00e9curit\u00e9 sous forme d'accord contractuel. Facturation trimestrielle, paiement suppl\u00e9mentaire et rabais de quantit\u00e9.","og_url":"https:\/\/www.msds-europe.com\/fr\/fiche-donnees-securite-accord-contractuel\/","og_site_name":"MSDS Europe","article_publisher":"https:\/\/www.facebook.com\/toxinfokft\/","article_modified_time":"2026-02-18T14:34:37+00:00","twitter_card":"summary_large_image","twitter_site":"@ToxInfoKft","twitter_misc":{"Dur\u00e9e de lecture estim\u00e9e":"2 minutes"},"schema":{"@context":"https:\/\/schema.org","@graph":[{"@type":"WebPage","@id":"https:\/\/www.msds-europe.com\/fr\/fiche-donnees-securite-accord-contractuel\/","url":"https:\/\/www.msds-europe.com\/fr\/fiche-donnees-securite-accord-contractuel\/","name":"Coop\u00e9ration \u00e0 long terme pour la s\u00e9curit\u00e9 chimique - MSDS Europe","isPartOf":{"@id":"https:\/\/www.msds-europe.com\/es\/#website"},"datePublished":"2020-03-11T08:35:07+00:00","dateModified":"2026-02-18T14:34:37+00:00","description":"Traduction des fiches de donn\u00e9es de s\u00e9curit\u00e9 sous forme d'accord contractuel. Facturation trimestrielle, paiement suppl\u00e9mentaire et rabais de quantit\u00e9.","breadcrumb":{"@id":"https:\/\/www.msds-europe.com\/fr\/fiche-donnees-securite-accord-contractuel\/#breadcrumb"},"inLanguage":"fr-FR","potentialAction":[{"@type":"ReadAction","target":["https:\/\/www.msds-europe.com\/fr\/fiche-donnees-securite-accord-contractuel\/"]}]},{"@type":"BreadcrumbList","@id":"https:\/\/www.msds-europe.com\/fr\/fiche-donnees-securite-accord-contractuel\/#breadcrumb","itemListElement":[{"@type":"ListItem","position":1,"name":"F\u0151oldal","item":"https:\/\/www.msds-europe.com\/fr\/"},{"@type":"ListItem","position":2,"name":"Coop\u00e9ration \u00e0 long terme pour la s\u00e9curit\u00e9 chimique"}]},{"@type":"WebSite","@id":"https:\/\/www.msds-europe.com\/es\/#website","url":"https:\/\/www.msds-europe.com\/es\/","name":"MSDS Europe","description":"","publisher":{"@id":"https:\/\/www.msds-europe.com\/es\/#organization"},"potentialAction":[{"@type":"SearchAction","target":{"@type":"EntryPoint","urlTemplate":"https:\/\/www.msds-europe.com\/es\/?s={search_term_string}"},"query-input":{"@type":"PropertyValueSpecification","valueRequired":true,"valueName":"search_term_string"}}],"inLanguage":"fr-FR"},{"@type":"Organization","@id":"https:\/\/www.msds-europe.com\/es\/#organization","name":"MSDS-Europe International branch of ToxInfo","url":"https:\/\/www.msds-europe.com\/es\/","logo":{"@type":"ImageObject","inLanguage":"fr-FR","@id":"https:\/\/www.msds-europe.com\/es\/#\/schema\/logo\/image\/","url":"https:\/\/www.msds-europe.com\/wp-content\/uploads\/2021\/04\/msds-europe-logo.jpg","contentUrl":"https:\/\/www.msds-europe.com\/wp-content\/uploads\/2021\/04\/msds-europe-logo.jpg","width":2296,"height":1067,"caption":"MSDS-Europe International branch of ToxInfo"},"image":{"@id":"https:\/\/www.msds-europe.com\/es\/#\/schema\/logo\/image\/"},"sameAs":["https:\/\/www.facebook.com\/toxinfokft\/","https:\/\/x.com\/ToxInfoKft"]}]}},"_links":{"self":[{"href":"https:\/\/www.msds-europe.com\/fr\/wp-json\/wp\/v2\/pages\/20665","targetHints":{"allow":["GET"]}}],"collection":[{"href":"https:\/\/www.msds-europe.com\/fr\/wp-json\/wp\/v2\/pages"}],"about":[{"href":"https:\/\/www.msds-europe.com\/fr\/wp-json\/wp\/v2\/types\/page"}],"author":[{"embeddable":true,"href":"https:\/\/www.msds-europe.com\/fr\/wp-json\/wp\/v2\/users\/2"}],"replies":[{"embeddable":true,"href":"https:\/\/www.msds-europe.com\/fr\/wp-json\/wp\/v2\/comments?post=20665"}],"version-history":[{"count":8,"href":"https:\/\/www.msds-europe.com\/fr\/wp-json\/wp\/v2\/pages\/20665\/revisions"}],"predecessor-version":[{"id":37133,"href":"https:\/\/www.msds-europe.com\/fr\/wp-json\/wp\/v2\/pages\/20665\/revisions\/37133"}],"wp:attachment":[{"href":"https:\/\/www.msds-europe.com\/fr\/wp-json\/wp\/v2\/media?parent=20665"}],"wp:term":[{"taxonomy":"post_tag","embeddable":true,"href":"https:\/\/www.msds-europe.com\/fr\/wp-json\/wp\/v2\/tags?post=20665"}],"curies":[{"name":"wp","href":"https:\/\/api.w.org\/{rel}","templated":true}]}}