{"id":20606,"date":"2020-03-10T09:15:27","date_gmt":"2020-03-10T09:15:27","guid":{"rendered":"https:\/\/www.msds-europe.com\/?page_id=20606"},"modified":"2026-02-24T10:43:35","modified_gmt":"2026-02-24T10:43:35","slug":"periode-validite-fiche-donnees-securite","status":"publish","type":"page","link":"https:\/\/www.msds-europe.com\/fr\/periode-validite-fiche-donnees-securite\/","title":{"rendered":"P\u00e9riode de validit\u00e9 d&rsquo;une fiche de donn\u00e9es de s\u00e9curit\u00e9"},"content":{"rendered":"<p style=\"text-align: right;\"><em><a href=\"https:\/\/www.msds-europe.com\/fr\/fiche-de-donnees-de-securite-base-de-connaissances\/\">Base de connaissances sur les fiches de donn\u00e9es de s\u00e9curit\u00e9<\/a> \u2013 P\u00e9riode de validit\u00e9 d\u2019une fiche de donn\u00e9es de s\u00e9curit\u00e9<\/em><\/p>\n<p>&nbsp;<\/p>\n<p style=\"text-align: justify;\"><strong>Les fiches de donn\u00e9es de s\u00e9curit\u00e9 n\u2019ont pas de date d\u2019expiration dans l\u2019UE et leur validit\u00e9 d\u00e9pend de leur conformit\u00e9 \u00e0 la r\u00e9glementation en vigueur. Elles doivent \u00eatre r\u00e9vis\u00e9es sans d\u00e9lai si de nouvelles informations deviennent disponibles, si une autorisation a \u00e9t\u00e9 accord\u00e9e ou refus\u00e9e, ou si une restriction a \u00e9t\u00e9 impos\u00e9e. Les fiches de donn\u00e9es de s\u00e9curit\u00e9 r\u00e9vis\u00e9es doivent \u00eatre envoy\u00e9es, gratuitement et sans demande pr\u00e9alable, aux destinataires qui ont re\u00e7u la substance ou le m\u00e9lange au cours des 12 derniers mois ; elles doivent indiquer la date de la derni\u00e8re mise \u00e0 jour et les modifications \u00e0 la rubrique 16.<\/strong><\/p>\n<p>&nbsp;<\/p>\n<h4><span style=\"color: #333333;\">Contenu de l\u2019article :<\/span><\/h4>\n<ul>\n<li><a href=\"#periode-validite\">La p\u00e9riode de validit\u00e9<\/a><\/li>\n<li><a href=\"#mise-a-jour-necessaire-fds\">Quand la mise \u00e0 jour de la fiche de donn\u00e9es de s\u00e9curit\u00e9 est n\u00e9cessaire<\/a><\/li>\n<li><a href=\"#Regles-fds-revisees\">R\u00e8gles pour les fiches de donn\u00e9es de s\u00e9curit\u00e9 r\u00e9vis\u00e9es (mises \u00e0 jour)<\/a><\/li>\n<li><a href=\"#conclusion\">En conclusion<\/a><\/li>\n<\/ul>\n<p>&nbsp;<\/p>\n<p><a name=\"periode-validite\"><\/a><div class=\"su-divider su-divider-style-dashed\" style=\"margin:15px 0;border-width:1px;border-color:#999999\"><a href=\"#\" style=\"color:#999999\"><\/a><\/div>\n<h4 style=\"text-align: justify;\">R\u00e9vision et mise \u00e0 jour de la FDS conform\u00e9ment \u00e0 la r\u00e9glementation en vigueur<\/h4>\n<p style=\"text-align: justify;\">Lors de la r\u00e9vision (mise \u00e0 jour) d\u2019une fiche de donn\u00e9es de s\u00e9curit\u00e9, nous appliquons les dispositions de l\u2019article 31 du r\u00e8glement (CE) n\u00b0 1907\/2006 (REACH), du <strong>r\u00e8glement (UE) 2020\/878<\/strong> de la Commission, ainsi que d\u2019autres r\u00e9glementations pertinentes.<\/p>\n<p style=\"text-align: right;\"><a href=\"https:\/\/www.msds-europe.com\/fr\/fds-revision-mise-a-jour\/\"><em>Informations suppl\u00e9mentaires<\/em><\/a><\/p>\n<div class=\"su-divider su-divider-style-dashed\" style=\"margin:15px 0;border-width:1px;border-color:#999999\"><a href=\"#\" style=\"color:#999999\"><\/a><\/div>\n<p>\u00a0<\/p>\n<h2 style=\"text-align: justify;\">La p\u00e9riode de validit\u00e9<\/h2>\n<h4 style=\"text-align: justify;\"><span style=\"color: #333333;\">Pendant combien de temps une fiche de donn\u00e9es de s\u00e9curit\u00e9 est-elle consid\u00e9r\u00e9e comme valide&nbsp;?<\/span><\/h4>\n<p style=\"text-align: justify;\">Les fiches de donn\u00e9es de s\u00e9curit\u00e9 n\u2019ont pas de \u00ab date d\u2019expiration \u00bb dans l\u2019UE.<\/p>\n<p style=\"text-align: justify;\">La p\u00e9riode de validit\u00e9 d\u2019une <a href=\"https:\/\/www.msds-europe.com\/fr\/definition-fiche-donnees-securite\/\">fiche de donn\u00e9es de s\u00e9curit\u00e9<\/a> n\u2019est pas bas\u00e9e sur la date d\u2019\u00e9mission ou la date de r\u00e9vision. La validit\u00e9 (conformit\u00e9) d\u2019une fiche de donn\u00e9es de s\u00e9curit\u00e9 d\u00e9pend du fait qu\u2019elle soit, ou non, conforme aux r\u00e9glementations en vigueur.<\/p>\n<p style=\"text-align: justify;\">Depuis le 1er janvier 2021, chaque fiche de donn\u00e9es de s\u00e9curit\u00e9 doit \u00eatre \u00e9tablie ou r\u00e9vis\u00e9e conform\u00e9ment aux exigences de fond et de forme du <strong>r\u00e8glement (UE) n\u00b0 2020\/878<\/strong>.<\/p>\n<p style=\"text-align: justify;\">Cela ne signifie pas que seules les fiches de donn\u00e9es de s\u00e9curit\u00e9 r\u00e9vis\u00e9es \u00e0 partir du 1er janvier 2021 sont valides.<\/p>\n<p style=\"text-align: justify;\">Les fiches de donn\u00e9es de s\u00e9curit\u00e9 qui ne sont pas conformes au <a href=\"https:\/\/www.msds-europe.com\/fr\/changements-reglementaires-securite-chimique\/\">r\u00e8glement (UE) 2020\/878<\/a> (mais qui sont conformes au r\u00e8glement (UE) n\u00b0 2015\/830) peuvent \u00eatre utilis\u00e9es jusqu\u2019au 31 d\u00e9cembre 2022.<\/p>\n<p>&nbsp;<\/p>\n<p><a name=\"mise-a-jour-necessaire-fds\"><\/a><\/p>\n<h2 style=\"text-align: justify;\">Quand la mise \u00e0 jour de la fiche de donn\u00e9es de s\u00e9curit\u00e9 est n\u00e9cessaire<\/h2>\n<p style=\"text-align: justify;\">La <a href=\"https:\/\/www.msds-europe.com\/fr\/fds-revision-mise-a-jour\/\">r\u00e9vision et la mise \u00e0 jour des fiches de donn\u00e9es de s\u00e9curit\u00e9<\/a> ne sont pas pr\u00e9d\u00e9termin\u00e9es (il n\u2019est pas n\u00e9cessaire que les fiches de donn\u00e9es de s\u00e9curit\u00e9 soient r\u00e9vis\u00e9es annuellement \/ tous les deux ans ou tous les cinq ans).<\/p>\n<p style=\"text-align: justify;\">Une r\u00e9vision est requise dans tous les cas lorsque de nouvelles informations sont disponibles sur le produit.<\/p>\n<p style=\"text-align: justify;\">La fiche de donn\u00e9es de s\u00e9curit\u00e9 doit \u00eatre r\u00e9vis\u00e9e sans d\u00e9lai conform\u00e9ment \u00e0 l\u2019article 31, paragraphe 9, de REACH :<\/p>\n<ul>\n<li style=\"text-align: justify;\">D\u00e8s que de nouvelles informations peuvent affecter les mesures de gestion des risques<\/li>\n<li style=\"text-align: justify;\">D\u00e8s que de nouvelles informations sur les dangers deviennent disponibles (par exemple, une nouvelle classification selon le CLP)<\/li>\n<li style=\"text-align: justify;\">Une fois qu\u2019une autorisation a \u00e9t\u00e9 octroy\u00e9e ou refus\u00e9e (substance inscrite \u00e0 l\u2019annexe XIV de REACH)<\/li>\n<li style=\"text-align: justify;\">Une fois qu\u2019une restriction concernant la substance a \u00e9t\u00e9 impos\u00e9e (annexe XVII de REACH)<\/li>\n<\/ul>\n<p>&nbsp;<\/p>\n<p><a name=\"Regles-fds-revisees\"><\/a><\/p>\n<h2 style=\"text-align: justify;\">R\u00e8gles pour les fiches de donn\u00e9es de s\u00e9curit\u00e9 r\u00e9vis\u00e9es (mises \u00e0 jour)<\/h2>\n<p style=\"text-align: justify;\">La fiche de donn\u00e9es de s\u00e9curit\u00e9 r\u00e9vis\u00e9e doit \u00eatre envoy\u00e9e \u00e0 tous les destinataires qui ont re\u00e7u la substance ou le m\u00e9lange au cours des 12 derniers mois, gratuitement et sans demande, sur papier ou sous forme \u00e9lectronique. La fiche de donn\u00e9es de s\u00e9curit\u00e9 r\u00e9vis\u00e9e doit indiquer la date de la derni\u00e8re mise \u00e0 jour.<\/p>\n<p style=\"text-align: justify;\">La date d\u2019\u00e9mission de la fiche de donn\u00e9es de s\u00e9curit\u00e9 doit \u00eatre indiqu\u00e9e sur la <a href=\"https:\/\/www.msds-europe.com\/fr\/elements-contenu-format-fiche-donnees-securite\/\">premi\u00e8re page<\/a>.<\/p>\n<p style=\"text-align: justify;\">Lors de la remise d\u2019une nouvelle version aux destinataires, leur attention doit \u00eatre attir\u00e9e sur les modifications figurant \u00e0 la rubrique 16 de la fiche de donn\u00e9es de s\u00e9curit\u00e9 (si elles ne sont pas indiqu\u00e9es ailleurs).<\/p>\n<p style=\"text-align: justify;\">Pour les fiches de donn\u00e9es de s\u00e9curit\u00e9 r\u00e9vis\u00e9es, la date d\u2019\u00e9tablissement, identifi\u00e9e comme \u00ab Mise \u00e0 jour : (date) \u00bb, ainsi que le num\u00e9ro de version (ou de r\u00e9vision), rempla\u00e7ant la date ou toute autre indication de la version pr\u00e9c\u00e9dente, doivent appara\u00eetre sur la premi\u00e8re page.<\/p>\n<p><a name=\"conclusion\"><\/a><\/p>\n<h2>En conclusion<\/h2>\n<p style=\"text-align: justify;\">La r\u00e9vision ou la mise \u00e0 jour d\u2019une FDS est un aspect essentiel pour assurer la s\u00e9curit\u00e9 des travailleurs, des consommateurs et de l\u2019environnement.<\/p>\n<p style=\"text-align: justify;\">Les employeurs et les fabricants doivent accorder la priorit\u00e9 \u00e0 la s\u00e9curit\u00e9 de leurs employ\u00e9s et du public en veillant \u00e0 ce que leurs produits soient accompagn\u00e9s de FDS pr\u00e9cises et \u00e0 jour, et qu\u2019elles soient r\u00e9vis\u00e9es ou mises \u00e0 jour lorsque cela est n\u00e9cessaire, notamment lorsque de nouvelles informations deviennent disponibles.<\/p>\n<p>&nbsp;<\/p>\n<h3 style=\"text-align: justify;\"><span style=\"color: #333333;\">Services offerts<\/span><\/h3>\n<ul>\n<li style=\"text-align: justify;\"><a href=\"https:\/\/www.msds-europe.com\/fr\/traduction-fiches-de-donnees-de-securite\/\">Traduction de fiches de donn\u00e9es de s\u00e9curit\u00e9<\/a><\/li>\n<li style=\"text-align: justify;\"><a href=\"https:\/\/www.msds-europe.com\/fr\/fds-revision-mise-a-jour\/\">R\u00e9vision et mise \u00e0 jour des fiches de donn\u00e9es de s\u00e9curit\u00e9<\/a><\/li>\n<li style=\"text-align: justify;\"><a href=\"https:\/\/www.msds-europe.com\/fr\/fiche-de-donnees-de-securite-etablissement-elaboration\/\">\u00c9laboration d\u2019une fiche de donn\u00e9es de s\u00e9curit\u00e9<\/a><\/li>\n<li style=\"text-align: justify;\"><a href=\"https:\/\/www.msds-europe.com\/fr\/etablissement-projet-etiquette\/\">Projet d\u2019\u00e9tiquette<\/a><\/li>\n<\/ul>\n<p>&nbsp;<\/p>\n<h3 style=\"text-align: justify;\"><span style=\"color: #333333;\">Article(s) recommand\u00e9(s)<\/span><\/h3>\n<ul>\n<li style=\"text-align: justify;\"><a href=\"https:\/\/www.msds-europe.com\/fr\/elements-contenu-format-fiche-donnees-securite\/\">\u00c9l\u00e9ments de contenu et de format de la fiche de donn\u00e9es de s\u00e9curit\u00e9<\/a><\/li>\n<li><a href=\"https:\/\/www.msds-europe.com\/fr\/soumission-des-d%c3%a9clarations-aux-centres-antipoison\/\">Soumission des d\u00e9clarations aux centres antipoison<\/a><\/li>\n<li><a href=\"https:\/\/www.msds-europe.com\/fr\/ufi-identifiant-unique-de-formulation\/\">Sp\u00e9cifications relatives \u00e0 l\u2019UFI et \u00e0 l\u2019\u00e9tiquetage des m\u00e9langes dangereux<\/a><\/li>\n<li><a href=\"https:\/\/www.msds-europe.com\/fr\/etiquetage-clp-pratique\/\">\u00c9tiquetage CLP en pratique<\/a><\/li>\n<\/ul>\n<p>&nbsp;<\/p>\n<h3><span style=\"color: #333333;\">Questions fr\u00e9quentes et r\u00e9ponses<\/span><\/h3>\n<div class=\"su-spoiler su-spoiler-style-fancy su-spoiler-icon-chevron su-spoiler-closed\" data-scroll-offset=\"0\" data-anchor-in-url=\"no\"><div class=\"su-spoiler-title\" tabindex=\"0\" role=\"button\"><span class=\"su-spoiler-icon\"><\/span>Quand faut-il mettre \u00e0 jour imm\u00e9diatement la fiche de donn\u00e9es de s\u00e9curit\u00e9 ?<\/div><div class=\"su-spoiler-content su-u-clearfix su-u-trim\">\nD\u00e8s que de nouvelles informations sont disponibles susceptibles d\u2019influencer les mesures de gestion des risques, la classification des dangers, ou lorsqu\u2019une d\u00e9cision d\u2019autorisation\/restriction concerne la substance.<br \/>\n<\/div><\/div>\n<div class=\"su-spoiler su-spoiler-style-fancy su-spoiler-icon-chevron su-spoiler-closed\" data-scroll-offset=\"0\" data-anchor-in-url=\"no\"><div class=\"su-spoiler-title\" tabindex=\"0\" role=\"button\"><span class=\"su-spoiler-icon\"><\/span>Qu\u2019est-ce qui rend une fiche de donn\u00e9es de s\u00e9curit\u00e9 \u00ab valide \u00bb si elle n\u2019a pas de date d\u2019expiration ?<\/div><div class=\"su-spoiler-content su-u-clearfix su-u-trim\">\nLe fait que son contenu et sa forme soient conformes \u00e0 la l\u00e9gislation en vigueur (actuellement le r\u00e8glement (UE) 2020\/878).<br \/>\n<\/div><\/div>\n<div class=\"su-spoiler su-spoiler-style-fancy su-spoiler-icon-chevron su-spoiler-closed\" data-scroll-offset=\"0\" data-anchor-in-url=\"no\"><div class=\"su-spoiler-title\" tabindex=\"0\" role=\"button\"><span class=\"su-spoiler-icon\"><\/span>\u00c0 qui faut-il envoyer la fiche de donn\u00e9es de s\u00e9curit\u00e9 mise \u00e0 jour et dans quel d\u00e9lai ?<\/div><div class=\"su-spoiler-content su-u-clearfix su-u-trim\">\n\u00c0 tous les destinataires ayant re\u00e7u la substance ou le m\u00e9lange au cours des 12 derniers mois, gratuitement et sans demande, sur support papier ou \u00e9lectronique.<br \/>\n<\/div><\/div>\n","protected":false},"excerpt":{"rendered":"<p>Base de connaissances sur les fiches de donn\u00e9es de s\u00e9curit\u00e9 \u2013 P\u00e9riode de validit\u00e9 d\u2019une fiche de donn\u00e9es de s\u00e9curit\u00e9 &nbsp; Les fiches de donn\u00e9es de s\u00e9curit\u00e9 n\u2019ont pas de date d\u2019expiration dans l\u2019UE et leur validit\u00e9 d\u00e9pend de leur conformit\u00e9 \u00e0 la r\u00e9glementation en vigueur. Elles doivent \u00eatre r\u00e9vis\u00e9es&#8230;<\/p>\n","protected":false},"author":2,"featured_media":0,"parent":0,"menu_order":0,"comment_status":"closed","ping_status":"closed","template":"","meta":{"_acf_changed":false,"footnotes":""},"tags":[406,385,386],"class_list":["post-20606","page","type-page","status-publish","hentry","tag-fiche-de-donnees-de-securite-fr","tag-fiche-de-donnees-de-securite","tag-fiche-de-donnees-de-securite-base-de-connaissances"],"acf":[],"yoast_head":"<!-- This site is optimized with the Yoast SEO plugin v27.2 - https:\/\/yoast.com\/product\/yoast-seo-wordpress\/ -->\n<title>La p\u00e9riode de validit\u00e9 de la fiche de donn\u00e9es de s\u00e9curit\u00e9<\/title>\n<meta name=\"description\" content=\"La p\u00e9riode de validit\u00e9 de la fiche de donn\u00e9es de s\u00e9curit\u00e9 n&#039;est pas d\u00e9finie dans l&#039;UE. Quand r\u00e9viser la fiche de donn\u00e9es de s\u00e9curit\u00e9 ?\" \/>\n<meta name=\"robots\" content=\"index, follow, max-snippet:-1, max-image-preview:large, max-video-preview:-1\" \/>\n<link rel=\"canonical\" href=\"https:\/\/www.msds-europe.com\/fr\/periode-validite-fiche-donnees-securite\/\" \/>\n<meta property=\"og:locale\" content=\"fr_FR\" \/>\n<meta property=\"og:type\" content=\"article\" \/>\n<meta property=\"og:title\" content=\"La p\u00e9riode de validit\u00e9 de la fiche de donn\u00e9es de s\u00e9curit\u00e9\" \/>\n<meta property=\"og:description\" content=\"La p\u00e9riode de validit\u00e9 de la fiche de donn\u00e9es de s\u00e9curit\u00e9 n&#039;est pas d\u00e9finie dans l&#039;UE. Quand r\u00e9viser la fiche de donn\u00e9es de s\u00e9curit\u00e9 ?\" \/>\n<meta property=\"og:url\" content=\"https:\/\/www.msds-europe.com\/fr\/periode-validite-fiche-donnees-securite\/\" \/>\n<meta property=\"og:site_name\" content=\"MSDS Europe\" \/>\n<meta property=\"article:publisher\" content=\"https:\/\/www.facebook.com\/toxinfokft\/\" \/>\n<meta property=\"article:modified_time\" content=\"2026-02-24T10:43:35+00:00\" \/>\n<meta name=\"twitter:card\" content=\"summary_large_image\" \/>\n<meta name=\"twitter:site\" content=\"@ToxInfoKft\" \/>\n<meta name=\"twitter:label1\" content=\"Dur\u00e9e de lecture estim\u00e9e\" \/>\n\t<meta name=\"twitter:data1\" content=\"5 minutes\" \/>\n<script type=\"application\/ld+json\" class=\"yoast-schema-graph\">{\"@context\":\"https:\/\/schema.org\",\"@graph\":[{\"@type\":\"WebPage\",\"@id\":\"https:\/\/www.msds-europe.com\/fr\/periode-validite-fiche-donnees-securite\/\",\"url\":\"https:\/\/www.msds-europe.com\/fr\/periode-validite-fiche-donnees-securite\/\",\"name\":\"La p\u00e9riode de validit\u00e9 de la fiche de donn\u00e9es de s\u00e9curit\u00e9\",\"isPartOf\":{\"@id\":\"https:\/\/www.msds-europe.com\/es\/#website\"},\"datePublished\":\"2020-03-10T09:15:27+00:00\",\"dateModified\":\"2026-02-24T10:43:35+00:00\",\"description\":\"La p\u00e9riode de validit\u00e9 de la fiche de donn\u00e9es de s\u00e9curit\u00e9 n'est pas d\u00e9finie dans l'UE. Quand r\u00e9viser la fiche de donn\u00e9es de s\u00e9curit\u00e9 ?\",\"breadcrumb\":{\"@id\":\"https:\/\/www.msds-europe.com\/fr\/periode-validite-fiche-donnees-securite\/#breadcrumb\"},\"inLanguage\":\"fr-FR\",\"potentialAction\":[{\"@type\":\"ReadAction\",\"target\":[\"https:\/\/www.msds-europe.com\/fr\/periode-validite-fiche-donnees-securite\/\"]}]},{\"@type\":\"BreadcrumbList\",\"@id\":\"https:\/\/www.msds-europe.com\/fr\/periode-validite-fiche-donnees-securite\/#breadcrumb\",\"itemListElement\":[{\"@type\":\"ListItem\",\"position\":1,\"name\":\"F\u0151oldal\",\"item\":\"https:\/\/www.msds-europe.com\/fr\/\"},{\"@type\":\"ListItem\",\"position\":2,\"name\":\"P\u00e9riode de validit\u00e9 d&#8217;une fiche de donn\u00e9es de s\u00e9curit\u00e9\"}]},{\"@type\":\"WebSite\",\"@id\":\"https:\/\/www.msds-europe.com\/es\/#website\",\"url\":\"https:\/\/www.msds-europe.com\/es\/\",\"name\":\"MSDS Europe\",\"description\":\"\",\"publisher\":{\"@id\":\"https:\/\/www.msds-europe.com\/es\/#organization\"},\"potentialAction\":[{\"@type\":\"SearchAction\",\"target\":{\"@type\":\"EntryPoint\",\"urlTemplate\":\"https:\/\/www.msds-europe.com\/es\/?s={search_term_string}\"},\"query-input\":{\"@type\":\"PropertyValueSpecification\",\"valueRequired\":true,\"valueName\":\"search_term_string\"}}],\"inLanguage\":\"fr-FR\"},{\"@type\":\"Organization\",\"@id\":\"https:\/\/www.msds-europe.com\/es\/#organization\",\"name\":\"MSDS-Europe International branch of ToxInfo\",\"url\":\"https:\/\/www.msds-europe.com\/es\/\",\"logo\":{\"@type\":\"ImageObject\",\"inLanguage\":\"fr-FR\",\"@id\":\"https:\/\/www.msds-europe.com\/es\/#\/schema\/logo\/image\/\",\"url\":\"https:\/\/www.msds-europe.com\/wp-content\/uploads\/2021\/04\/msds-europe-logo.jpg\",\"contentUrl\":\"https:\/\/www.msds-europe.com\/wp-content\/uploads\/2021\/04\/msds-europe-logo.jpg\",\"width\":2296,\"height\":1067,\"caption\":\"MSDS-Europe International branch of ToxInfo\"},\"image\":{\"@id\":\"https:\/\/www.msds-europe.com\/es\/#\/schema\/logo\/image\/\"},\"sameAs\":[\"https:\/\/www.facebook.com\/toxinfokft\/\",\"https:\/\/x.com\/ToxInfoKft\"]}]}<\/script>\n<!-- \/ Yoast SEO plugin. -->","yoast_head_json":{"title":"La p\u00e9riode de validit\u00e9 de la fiche de donn\u00e9es de s\u00e9curit\u00e9","description":"La p\u00e9riode de validit\u00e9 de la fiche de donn\u00e9es de s\u00e9curit\u00e9 n'est pas d\u00e9finie dans l'UE. Quand r\u00e9viser la fiche de donn\u00e9es de s\u00e9curit\u00e9 ?","robots":{"index":"index","follow":"follow","max-snippet":"max-snippet:-1","max-image-preview":"max-image-preview:large","max-video-preview":"max-video-preview:-1"},"canonical":"https:\/\/www.msds-europe.com\/fr\/periode-validite-fiche-donnees-securite\/","og_locale":"fr_FR","og_type":"article","og_title":"La p\u00e9riode de validit\u00e9 de la fiche de donn\u00e9es de s\u00e9curit\u00e9","og_description":"La p\u00e9riode de validit\u00e9 de la fiche de donn\u00e9es de s\u00e9curit\u00e9 n'est pas d\u00e9finie dans l'UE. Quand r\u00e9viser la fiche de donn\u00e9es de s\u00e9curit\u00e9 ?","og_url":"https:\/\/www.msds-europe.com\/fr\/periode-validite-fiche-donnees-securite\/","og_site_name":"MSDS Europe","article_publisher":"https:\/\/www.facebook.com\/toxinfokft\/","article_modified_time":"2026-02-24T10:43:35+00:00","twitter_card":"summary_large_image","twitter_site":"@ToxInfoKft","twitter_misc":{"Dur\u00e9e de lecture estim\u00e9e":"5 minutes"},"schema":{"@context":"https:\/\/schema.org","@graph":[{"@type":"WebPage","@id":"https:\/\/www.msds-europe.com\/fr\/periode-validite-fiche-donnees-securite\/","url":"https:\/\/www.msds-europe.com\/fr\/periode-validite-fiche-donnees-securite\/","name":"La p\u00e9riode de validit\u00e9 de la fiche de donn\u00e9es de s\u00e9curit\u00e9","isPartOf":{"@id":"https:\/\/www.msds-europe.com\/es\/#website"},"datePublished":"2020-03-10T09:15:27+00:00","dateModified":"2026-02-24T10:43:35+00:00","description":"La p\u00e9riode de validit\u00e9 de la fiche de donn\u00e9es de s\u00e9curit\u00e9 n'est pas d\u00e9finie dans l'UE. Quand r\u00e9viser la fiche de donn\u00e9es de s\u00e9curit\u00e9 ?","breadcrumb":{"@id":"https:\/\/www.msds-europe.com\/fr\/periode-validite-fiche-donnees-securite\/#breadcrumb"},"inLanguage":"fr-FR","potentialAction":[{"@type":"ReadAction","target":["https:\/\/www.msds-europe.com\/fr\/periode-validite-fiche-donnees-securite\/"]}]},{"@type":"BreadcrumbList","@id":"https:\/\/www.msds-europe.com\/fr\/periode-validite-fiche-donnees-securite\/#breadcrumb","itemListElement":[{"@type":"ListItem","position":1,"name":"F\u0151oldal","item":"https:\/\/www.msds-europe.com\/fr\/"},{"@type":"ListItem","position":2,"name":"P\u00e9riode de validit\u00e9 d&#8217;une fiche de donn\u00e9es de s\u00e9curit\u00e9"}]},{"@type":"WebSite","@id":"https:\/\/www.msds-europe.com\/es\/#website","url":"https:\/\/www.msds-europe.com\/es\/","name":"MSDS Europe","description":"","publisher":{"@id":"https:\/\/www.msds-europe.com\/es\/#organization"},"potentialAction":[{"@type":"SearchAction","target":{"@type":"EntryPoint","urlTemplate":"https:\/\/www.msds-europe.com\/es\/?s={search_term_string}"},"query-input":{"@type":"PropertyValueSpecification","valueRequired":true,"valueName":"search_term_string"}}],"inLanguage":"fr-FR"},{"@type":"Organization","@id":"https:\/\/www.msds-europe.com\/es\/#organization","name":"MSDS-Europe International branch of ToxInfo","url":"https:\/\/www.msds-europe.com\/es\/","logo":{"@type":"ImageObject","inLanguage":"fr-FR","@id":"https:\/\/www.msds-europe.com\/es\/#\/schema\/logo\/image\/","url":"https:\/\/www.msds-europe.com\/wp-content\/uploads\/2021\/04\/msds-europe-logo.jpg","contentUrl":"https:\/\/www.msds-europe.com\/wp-content\/uploads\/2021\/04\/msds-europe-logo.jpg","width":2296,"height":1067,"caption":"MSDS-Europe International branch of ToxInfo"},"image":{"@id":"https:\/\/www.msds-europe.com\/es\/#\/schema\/logo\/image\/"},"sameAs":["https:\/\/www.facebook.com\/toxinfokft\/","https:\/\/x.com\/ToxInfoKft"]}]}},"_links":{"self":[{"href":"https:\/\/www.msds-europe.com\/fr\/wp-json\/wp\/v2\/pages\/20606","targetHints":{"allow":["GET"]}}],"collection":[{"href":"https:\/\/www.msds-europe.com\/fr\/wp-json\/wp\/v2\/pages"}],"about":[{"href":"https:\/\/www.msds-europe.com\/fr\/wp-json\/wp\/v2\/types\/page"}],"author":[{"embeddable":true,"href":"https:\/\/www.msds-europe.com\/fr\/wp-json\/wp\/v2\/users\/2"}],"replies":[{"embeddable":true,"href":"https:\/\/www.msds-europe.com\/fr\/wp-json\/wp\/v2\/comments?post=20606"}],"version-history":[{"count":18,"href":"https:\/\/www.msds-europe.com\/fr\/wp-json\/wp\/v2\/pages\/20606\/revisions"}],"predecessor-version":[{"id":37668,"href":"https:\/\/www.msds-europe.com\/fr\/wp-json\/wp\/v2\/pages\/20606\/revisions\/37668"}],"wp:attachment":[{"href":"https:\/\/www.msds-europe.com\/fr\/wp-json\/wp\/v2\/media?parent=20606"}],"wp:term":[{"taxonomy":"post_tag","embeddable":true,"href":"https:\/\/www.msds-europe.com\/fr\/wp-json\/wp\/v2\/tags?post=20606"}],"curies":[{"name":"wp","href":"https:\/\/api.w.org\/{rel}","templated":true}]}}