{"id":20602,"date":"2020-03-10T09:07:59","date_gmt":"2020-03-10T09:07:59","guid":{"rendered":"https:\/\/www.msds-europe.com\/?page_id=20602"},"modified":"2026-02-24T12:45:55","modified_gmt":"2026-02-24T12:45:55","slug":"definition-fiche-donnees-securite","status":"publish","type":"page","link":"https:\/\/www.msds-europe.com\/fr\/definition-fiche-donnees-securite\/","title":{"rendered":"La d\u00e9finition de la fiche de donn\u00e9es de s\u00e9curit\u00e9"},"content":{"rendered":"<p style=\"text-align: right;\"><em><a href=\"https:\/\/www.msds-europe.com\/fr\/fiche-de-donnees-de-securite-base-de-connaissances\/\">Base de connaissances sur les fiches de donn\u00e9es de s\u00e9curit\u00e9<\/a> \u2013 D\u00e9finition d\u2019une fiche de donn\u00e9es de s\u00e9curit\u00e9<\/em><\/p>\n<p>&nbsp;<\/p>\n<p style=\"text-align: justify;\"><strong>D\u00e9finition de la FDS<\/strong><\/p>\n<p style=\"text-align: justify;\">Une fiche de donn\u00e9es de s\u00e9curit\u00e9 (FDS) est un document \u00e9tabli pour des substances ou des m\u00e9langes. Elle contient un large \u00e9ventail d\u2019informations sur la composition, les propri\u00e9t\u00e9s physiques et chimiques, ainsi que sur les effets sur la sant\u00e9 et l\u2019environnement, et fournit des instructions relatives \u00e0 la manipulation, \u00e0 l\u2019utilisation, au stockage et \u00e0 l\u2019\u00e9limination en toute s\u00e9curit\u00e9.<\/p>\n<p>&nbsp;<\/p>\n<ul>\n<li style=\"text-align: justify;\"><a href=\"#D\u00e9finition\">D\u00e9finition de la fiche de donn\u00e9es de s\u00e9curit\u00e9<\/a><\/li>\n<li style=\"text-align: justify;\"><a href=\"#Objectif\">Objectif et importance des fiches de donn\u00e9es de s\u00e9curit\u00e9<\/a><\/li>\n<li style=\"text-align: justify;\"><a href=\"#Contenu-format\">Contenu et format des fiches de donn\u00e9es de s\u00e9curit\u00e9<\/a><\/li>\n<li style=\"text-align: justify;\"><a href=\"#sections\">Les 16 rubriques d\u2019une fiche de donn\u00e9es de s\u00e9curit\u00e9<\/a><\/li>\n<li style=\"text-align: justify;\"><a href=\"#traduction\">Traduction de la fiche de donn\u00e9es de s\u00e9curit\u00e9<\/a><\/li>\n<li style=\"text-align: justify;\"><a href=\"#R\u00e9vision\">R\u00e9vision et mise \u00e0 jour des fiches de donn\u00e9es de s\u00e9curit\u00e9<\/a><\/li>\n<li style=\"text-align: justify;\"><a href=\"#Compilation\">\u00c9laboration et pr\u00e9paration d\u2019une fiche de donn\u00e9es de s\u00e9curit\u00e9<\/a><\/li>\n<li style=\"text-align: justify;\"><a href=\"#conclusion\">Conclusion<\/a><\/li>\n<\/ul>\n<p style=\"text-align: right;\"><a href=\"https:\/\/www.msds-europe.com\/fr\/consultation-en-ligne\/\" class=\"su-button su-button-style-default\" style=\"color:#ffffff;background-color:#ef552d;border-color:#c04424;border-radius:6px\" target=\"_self\"><span style=\"color:#ffffff;padding:0px 18px;font-size:14px;line-height:28px;border-color:#f4886c;border-radius:6px;text-shadow:0px 0px 2px #ffffff\"> Demandez \u00e0 notre expert en s\u00e9curit\u00e9 chimique !<\/span><\/a>\n<p><a name=\"D\u00e9finition\"><\/a><\/p>\n<h2 style=\"text-align: justify;\">D\u00e9finition de la fiche de donn\u00e9es de s\u00e9curit\u00e9<\/h2>\n<p style=\"text-align: justify;\">Une fiche de donn\u00e9es de s\u00e9curit\u00e9 (FDS) est un document qui fournit des informations compl\u00e8tes sur la composition, les propri\u00e9t\u00e9s physiques et chimiques, ainsi que sur les effets sur la sant\u00e9 et l\u2019environnement d\u2019une substance ou d\u2019un m\u00e9lange. Elle contient \u00e9galement des consignes relatives \u00e0 la manipulation, \u00e0 l\u2019utilisation, au stockage et \u00e0 l\u2019\u00e9limination en toute s\u00e9curit\u00e9 du produit.<\/p>\n<p style=\"text-align: justify;\">L\u2019objectif d\u2019une FDS est de fournir aux utilisateurs professionnels les informations n\u00e9cessaires pour manipuler et utiliser une substance ou un m\u00e9lange en toute s\u00e9curit\u00e9, et pour mettre en \u0153uvre les mesures de pr\u00e9vention et de protection appropri\u00e9es. Dans de nombreux pays, la fourniture d\u2019une FDS est obligatoire pour certains produits.<\/p>\n<p style=\"text-align: justify;\">Le contenu et le format des FDS sont encadr\u00e9s par des r\u00e9glementations afin d\u2019assurer la coh\u00e9rence et l\u2019exactitude des informations communiqu\u00e9es.<\/p>\n<p>&nbsp;<\/p>\n<p><a name=\"Objectif\"><\/a><\/p>\n<h3 style=\"text-align: justify;\">Objectif et importance des fiches de donn\u00e9es de s\u00e9curit\u00e9<\/h3>\n<p style=\"text-align: justify;\">Le principal objectif d\u2019une FDS est de fournir aux employeurs et aux travailleurs les informations n\u00e9cessaires pour manipuler, utiliser et \u00e9liminer la substance ou le m\u00e9lange en toute s\u00e9curit\u00e9. Cela inclut l\u2019identification des dangers potentiels associ\u00e9s au produit et des instructions sur la mani\u00e8re de ma\u00eetriser ou d\u2019att\u00e9nuer ces risques. La FDS constitue \u00e9galement une ressource utile pour les intervenants en situation d\u2019urgence (p. ex. en cas de d\u00e9versement ou d\u2019exposition accidentelle).<\/p>\n<p style=\"text-align: justify;\">L\u2019importance des FDS r\u00e9side dans leur capacit\u00e9 \u00e0 fournir des informations essentielles pour l\u2019utilisation et la manipulation s\u00fbres de substances et de m\u00e9langes dangereux. Ces informations contribuent \u00e0 prot\u00e9ger les travailleurs, l\u2019environnement et le grand public contre les dommages potentiels.<\/p>\n<p>&nbsp;<\/p>\n<p><a name=\"Contenu-format\"><\/a><\/p>\n<h3 style=\"text-align: justify;\">Contenu et format des fiches de donn\u00e9es de s\u00e9curit\u00e9<\/h3>\n<p style=\"text-align: justify;\">Le contenu et le format des FDS sont r\u00e9glement\u00e9s afin d\u2019assurer la coh\u00e9rence et l\u2019exactitude. L\u2019Union europ\u00e9enne, par exemple, exige que les FDS comportent 16 rubriques couvrant des informations sp\u00e9cifiques li\u00e9es \u00e0 la substance ou au m\u00e9lange.<\/p>\n<p style=\"text-align: justify;\">Le format d\u2019une FDS doit \u00eatre clair, coh\u00e9rent et facile \u00e0 lire, avec des titres et sous-titres explicites pour guider l\u2019utilisateur.<\/p>\n<p>&nbsp;<\/p>\n<p><a name=\"sections\"><\/a><\/p>\n<p style=\"text-align: justify;\"><strong>Les 16 rubriques d\u2019une fiche de donn\u00e9es de s\u00e9curit\u00e9<\/strong><\/p>\n<p style=\"text-align: justify;\">Plus d\u2019informations : <a href=\"https:\/\/www.msds-europe.com\/fr\/elements-contenu-format-fiche-donnees-securite\/\">Exemple de FDS t\u00e9l\u00e9chargeable (r\u00e8glement (UE) 2020\/878)<\/a><\/p>\n<p>&nbsp;<\/p>\n<p><a name=\"traduction\"><\/a><\/p>\n<h3 style=\"text-align: justify;\">Traduction de la fiche de donn\u00e9es de s\u00e9curit\u00e9<\/h3>\n<p style=\"text-align: justify;\">Si un produit est mis sur le march\u00e9 dans un pays o\u00f9 une autre langue est utilis\u00e9e, la FDS peut devoir \u00eatre <a href=\"https:\/\/www.msds-europe.com\/fr\/sds-exigences-linguistiques\/\">traduite dans la langue officielle du pays<\/a>. Il est important que la <a href=\"https:\/\/www.msds-europe.com\/fr\/traduction-fiches-de-donnees-de-securite\/\">FDS traduite<\/a> contienne les m\u00eames informations que l\u2019original et qu\u2019elle soit conforme aux exigences r\u00e9glementaires applicables dans le pays concern\u00e9.<\/p>\n<p>&nbsp;<\/p>\n<p><a name=\"R\u00e9vision\"><\/a><\/p>\n<h3 style=\"text-align: justify;\">R\u00e9vision et mise \u00e0 jour des fiches de donn\u00e9es de s\u00e9curit\u00e9<\/h3>\n<p style=\"text-align: justify;\">Les informations contenues dans une <a href=\"https:\/\/www.msds-europe.com\/fr\/fds-revision-mise-a-jour\/\">FDS peuvent \u00eatre r\u00e9vis\u00e9es<\/a> ou mises \u00e0 jour en raison de changements dans la composition de la substance ou du m\u00e9lange, de nouvelles informations disponibles sur les dangers, ou d\u2019\u00e9volutions r\u00e9glementaires. La r\u00e9vision ou la mise \u00e0 jour d\u2019une FDS est essentielle pour garantir que les informations communiqu\u00e9es restent correctes et \u00e0 jour.<\/p>\n<p>&nbsp;<\/p>\n<p><a name=\"Compilation\"><\/a><\/p>\n<h3 style=\"text-align: justify;\">\u00c9laboration et pr\u00e9paration d\u2019une fiche de donn\u00e9es de s\u00e9curit\u00e9<\/h3>\n<p style=\"text-align: justify;\">L\u2019<a href=\"https:\/\/www.msds-europe.com\/fr\/fiche-de-donnees-de-securite-etablissement-elaboration\/\">\u00e9laboration et la pr\u00e9paration d\u2019une FDS<\/a> constituent un processus complexe n\u00e9cessitant une compr\u00e9hension d\u00e9taill\u00e9e de la substance ou du m\u00e9lange, de ses propri\u00e9t\u00e9s et de ses dangers. Ce processus inclut la collecte et l\u2019\u00e9valuation des donn\u00e9es, la classification conform\u00e9ment aux exigences r\u00e9glementaires, ainsi que la structuration des informations dans les rubriques requises.<\/p>\n<p>&nbsp;<\/p>\n<p><a name=\"conclusion\"><\/a><\/p>\n<h2 style=\"text-align: justify;\"><span style=\"color: #333333;\">Conclusion<\/span><\/h2>\n<p style=\"text-align: justify;\">En conclusion, une FDS est un document crucial qui fournit des informations essentielles pour la manipulation, l\u2019utilisation, le stockage et l\u2019\u00e9limination s\u00fbrs de substances et de m\u00e9langes. Son contenu est r\u00e9glement\u00e9 afin d\u2019assurer la conformit\u00e9 et la s\u00e9curit\u00e9 des utilisateurs, de l\u2019environnement et du lieu de travail. Il est important que les travailleurs et les employeurs comprennent les informations contenues dans les FDS afin de se prot\u00e9ger eux-m\u00eames et de prot\u00e9ger autrui contre les dangers potentiels associ\u00e9s au produit.<\/p>\n<p>&nbsp;<\/p>\n<h4>Consultation en ligne gratuite<\/h4>\n<p style=\"text-align: justify;\">Si vous n\u2019avez pas trouv\u00e9 les informations dont vous aviez besoin sur notre site web, posez simplement vos questions concernant les fiches de donn\u00e9es de s\u00e9curit\u00e9 directement \u00e0 notre expert.<\/p>\n<p style=\"text-align: justify;\">Pour envoyer vos questions, veuillez utiliser l\u2019application de messagerie suivante :<\/p>\n<a href=\"https:\/\/www.msds-europe.com\/fr\/consultation-en-ligne\/&lt;br%20\/&gt;\" class=\"su-button su-button-style-default\" style=\"color:#ffffff;background-color:#ef552d;border-color:#c04424;border-radius:6px\" target=\"_self\"><span style=\"color:#ffffff;padding:0px 18px;font-size:14px;line-height:28px;border-color:#f4886c;border-radius:6px;text-shadow:0px 0px 2px #ffffff\"> Demandez \u00e0 notre expert en s\u00e9curit\u00e9 chimique !<\/span><\/a>\n<p>\u00a0<\/p>\n<h4><span style=\"color: #333333;\">Autres services connexes<\/span><\/h4>\n<p style=\"text-align: justify;\"><strong>Services li\u00e9s aux FDS<\/strong><\/p>\n<p style=\"text-align: justify;\"><a href=\"https:\/\/www.msds-europe.com\/fr\/fds-revision-mise-a-jour\/\">R\u00e9vision et mise \u00e0 jour de fiche de donn\u00e9es de s\u00e9curit\u00e9<\/a>, <a href=\"https:\/\/www.msds-europe.com\/fr\/fiche-de-donnees-de-securite-etablissement-elaboration\/\">\u00e9laboration d\u2019une fiche de donn\u00e9es de s\u00e9curit\u00e9<\/a>, <a href=\"https:\/\/www.msds-europe.com\/fr\/traduction-fiches-de-donnees-de-securite\/\">traduction de FDS<\/a><\/p>\n<p style=\"text-align: justify;\"><strong>Nos services li\u00e9s \u00e0 la notification PCN<\/strong><\/p>\n<p style=\"text-align: justify;\"><a href=\"https:\/\/www.msds-europe.com\/fr\/service-ufi\/#notification-melanges-pcn\">Notification des m\u00e9langes via le portail PCN<\/a>, <a href=\"https:\/\/www.msds-europe.com\/fr\/service-ufi\/#service-notification-pcn\">Mise \u00e0 jour d\u2019une notification PCN<\/a>, <a href=\"https:\/\/www.msds-europe.com\/fr\/service-ufi\/#service-generation-code-ufi\">G\u00e9n\u00e9ration de codes UFI<\/a><\/p>\n<p>&nbsp;<\/p>\n<h4 style=\"text-align: justify;\"><span style=\"color: #333333;\">Services offerts<\/span><\/h4>\n<ul>\n<li style=\"text-align: justify;\"><a href=\"https:\/\/www.msds-europe.com\/fr\/traduction-fiches-de-donnees-de-securite\/\">Traduction<\/a> de fiches de donn\u00e9es de s\u00e9curit\u00e9<\/li>\n<li style=\"text-align: justify;\"><a href=\"https:\/\/www.msds-europe.com\/fr\/fds-revision-mise-a-jour\/\">R\u00e9vision<\/a> et mise \u00e0 jour de fiches de donn\u00e9es de s\u00e9curit\u00e9<\/li>\n<li style=\"text-align: justify;\"><a href=\"https:\/\/www.msds-europe.com\/fr\/fiche-de-donnees-de-securite-etablissement-elaboration\/\">\u00c9laboration<\/a> d\u2019une fiche de donn\u00e9es de s\u00e9curit\u00e9<\/li>\n<li style=\"text-align: justify;\"><a href=\"https:\/\/www.msds-europe.com\/fr\/service-ufi\/#notification-melanges-pcn\">Notification des m\u00e9langes via le portail PCN<\/a><\/li>\n<\/ul>\n<p>&nbsp;<\/p>\n<h4 style=\"text-align: justify;\"><span style=\"color: #333333;\">Article(s) recommand\u00e9(s)<\/span><\/h4>\n<ul>\n<li style=\"text-align: justify;\"><a href=\"https:\/\/www.msds-europe.com\/conditions-under-which-a-safety-data-sheet-must-be-supplied\/\">Conditions dans lesquelles une fiche de donn\u00e9es de s\u00e9curit\u00e9 doit \u00eatre fournie<\/a><\/li>\n<li style=\"text-align: justify;\"><a href=\"https:\/\/www.msds-europe.com\/fr\/periode-validite-fiche-donnees-securite\/\">P\u00e9riode de validit\u00e9 d\u2019une fiche de donn\u00e9es de s\u00e9curit\u00e9<\/a><\/li>\n<li style=\"text-align: justify;\"><a href=\"https:\/\/www.msds-europe.com\/fr\/soumission-des-d%c3%a9clarations-aux-centres-antipoison\/\">Soumission des d\u00e9clarations aux centres antipoison<\/a><\/li>\n<li style=\"text-align: justify;\"><a href=\"https:\/\/www.msds-europe.com\/fr\/elements-contenu-format-fiche-donnees-securite\/\">\u00c9l\u00e9ments de contenu et de format de la fiche de donn\u00e9es de s\u00e9curit\u00e9<\/a><\/li>\n<li style=\"text-align: justify;\"><a href=\"https:\/\/www.msds-europe.com\/fr\/fds-abreviations-explication\/\">Abr\u00e9viations et acronymes dans les fiches de donn\u00e9es de s\u00e9curit\u00e9<\/a><\/li>\n<\/ul>\n<p>&nbsp;<\/p>\n<h4><span style=\"color: #333333;\">Mat\u00e9riaux professionnels utiles<\/span><\/h4>\n<p><a href=\"https:\/\/www.msds-europe.com\/fr\/fiche-de-donnees-de-securite-base-de-connaissances\/\">Base de connaissances sur les fiches de donn\u00e9es de s\u00e9curit\u00e9<\/a><\/p>\n<p style=\"text-align: justify;\">La base de connaissances sur les fiches de donn\u00e9es de s\u00e9curit\u00e9 fournit une aide \u00e0 l\u2019interpr\u00e9tation des fiches de donn\u00e9es de s\u00e9curit\u00e9 et des r\u00e9glementations connexes.<\/p>\n<p>&nbsp;<\/p>\n<h4><span style=\"color: #333333;\">Questions et r\u00e9ponses rapides<\/span><\/h4>\n<div class=\"su-spoiler su-spoiler-style-fancy su-spoiler-icon-chevron su-spoiler-closed\" data-scroll-offset=\"0\" data-anchor-in-url=\"no\"><div class=\"su-spoiler-title\" tabindex=\"0\" role=\"button\"><span class=\"su-spoiler-icon\"><\/span>Qu\u2019est-ce qu\u2019une fiche de donn\u00e9es de s\u00e9curit\u00e9 (FDS) ?<\/div><div class=\"su-spoiler-content su-u-clearfix su-u-trim\">\n<p style=\"text-align: justify;\">Un document qui fournit des informations d\u00e9taill\u00e9es sur la composition d\u2019une substance ou d\u2019un m\u00e9lange, ses propri\u00e9t\u00e9s physiques et chimiques, ses effets sur la sant\u00e9 et l\u2019environnement, ainsi que des consignes pour une manipulation, une utilisation, un stockage et une \u00e9limination en toute s\u00e9curit\u00e9.<\/p>\n<\/div><\/div>\n<div class=\"su-spoiler su-spoiler-style-fancy su-spoiler-icon-chevron su-spoiler-closed\" data-scroll-offset=\"0\" data-anchor-in-url=\"no\"><div class=\"su-spoiler-title\" tabindex=\"0\" role=\"button\"><span class=\"su-spoiler-icon\"><\/span>\u00c0 quoi sert une FDS sur le lieu de travail et en cas d\u2019urgence ?<\/div><div class=\"su-spoiler-content su-u-clearfix su-u-trim\">\n<p style=\"text-align: justify;\">Elle fournit aux travailleurs et aux employeurs les informations n\u00e9cessaires pour une manipulation, une utilisation et une \u00e9limination s\u00fbres, et constitue \u00e9galement une ressource pour les professionnels intervenant en situation d\u2019urgence.<\/p>\n<\/div><\/div>\n<div class=\"su-spoiler su-spoiler-style-fancy su-spoiler-icon-chevron su-spoiler-closed\" data-scroll-offset=\"0\" data-anchor-in-url=\"no\"><div class=\"su-spoiler-title\" tabindex=\"0\" role=\"button\"><span class=\"su-spoiler-icon\"><\/span>La FDS est-elle r\u00e9glement\u00e9e et combien de rubriques comporte-t-elle dans l\u2019UE ?<\/div><div class=\"su-spoiler-content su-u-clearfix su-u-trim\">\n<p style=\"text-align: justify;\">Dans de nombreux pays, la FDS est l\u00e9galement requise pour certains produits. Dans l\u2019UE, elle doit \u00eatre fournie dans un format harmonis\u00e9 comprenant 16 rubriques.<\/p>\n<\/div><\/div>\n<div class=\"su-spoiler su-spoiler-style-fancy su-spoiler-icon-chevron su-spoiler-closed\" data-scroll-offset=\"0\" data-anchor-in-url=\"no\"><div class=\"su-spoiler-title\" tabindex=\"0\" role=\"button\"><span class=\"su-spoiler-icon\"><\/span>Quand faut-il traduire ou mettre \u00e0 jour une FDS ?<\/div><div class=\"su-spoiler-content su-u-clearfix su-u-trim\">\n<p style=\"text-align: justify;\">Lorsqu\u2019un produit est commercialis\u00e9 dans un pays de langue diff\u00e9rente, la FDS doit \u00eatre traduite dans la langue officielle de ce pays. Elle doit \u00eatre mise \u00e0 jour si la composition de la substance\/du m\u00e9lange change, si de nouvelles informations pertinentes sur les dangers sont disponibles, ou si les exigences applicables \u00e9voluent.<\/p>\n<\/div><\/div>\n","protected":false},"excerpt":{"rendered":"<p>Base de connaissances sur les fiches de donn\u00e9es de s\u00e9curit\u00e9 \u2013 D\u00e9finition d\u2019une fiche de donn\u00e9es de s\u00e9curit\u00e9 &nbsp; D\u00e9finition de la FDS Une fiche de donn\u00e9es de s\u00e9curit\u00e9 (FDS) est un document \u00e9tabli pour des substances ou des m\u00e9langes. Elle contient un large \u00e9ventail d\u2019informations sur la composition, les&#8230;<\/p>\n","protected":false},"author":2,"featured_media":0,"parent":0,"menu_order":0,"comment_status":"closed","ping_status":"closed","template":"","meta":{"_acf_changed":false,"footnotes":""},"tags":[406,385,386],"class_list":["post-20602","page","type-page","status-publish","hentry","tag-fiche-de-donnees-de-securite-fr","tag-fiche-de-donnees-de-securite","tag-fiche-de-donnees-de-securite-base-de-connaissances"],"acf":[],"yoast_head":"<!-- This site is optimized with the Yoast SEO plugin v27.2 - https:\/\/yoast.com\/product\/yoast-seo-wordpress\/ -->\n<title>La d\u00e9finition de la fiche de donn\u00e9es de s\u00e9curit\u00e9<\/title>\n<meta name=\"description\" content=\"La d\u00e9finition de la fiche de donn\u00e9es de s\u00e9curit\u00e9 au sens large contient aussi les exigences de forme et de contenu.\" \/>\n<meta name=\"robots\" content=\"index, follow, max-snippet:-1, max-image-preview:large, max-video-preview:-1\" \/>\n<link rel=\"canonical\" href=\"https:\/\/www.msds-europe.com\/fr\/definition-fiche-donnees-securite\/\" \/>\n<meta property=\"og:locale\" content=\"fr_FR\" \/>\n<meta property=\"og:type\" content=\"article\" \/>\n<meta property=\"og:title\" content=\"La d\u00e9finition de la fiche de donn\u00e9es de s\u00e9curit\u00e9\" \/>\n<meta property=\"og:description\" content=\"La d\u00e9finition de la fiche de donn\u00e9es de s\u00e9curit\u00e9 au sens large contient aussi les exigences de forme et de contenu.\" \/>\n<meta property=\"og:url\" content=\"https:\/\/www.msds-europe.com\/fr\/definition-fiche-donnees-securite\/\" \/>\n<meta property=\"og:site_name\" content=\"MSDS Europe\" \/>\n<meta property=\"article:publisher\" content=\"https:\/\/www.facebook.com\/toxinfokft\/\" \/>\n<meta property=\"article:modified_time\" content=\"2026-02-24T12:45:55+00:00\" \/>\n<meta name=\"twitter:card\" content=\"summary_large_image\" \/>\n<meta name=\"twitter:site\" content=\"@ToxInfoKft\" \/>\n<meta name=\"twitter:label1\" content=\"Dur\u00e9e de lecture estim\u00e9e\" \/>\n\t<meta name=\"twitter:data1\" content=\"6 minutes\" \/>\n<script type=\"application\/ld+json\" class=\"yoast-schema-graph\">{\"@context\":\"https:\/\/schema.org\",\"@graph\":[{\"@type\":\"WebPage\",\"@id\":\"https:\/\/www.msds-europe.com\/fr\/definition-fiche-donnees-securite\/\",\"url\":\"https:\/\/www.msds-europe.com\/fr\/definition-fiche-donnees-securite\/\",\"name\":\"La d\u00e9finition de la fiche de donn\u00e9es de s\u00e9curit\u00e9\",\"isPartOf\":{\"@id\":\"https:\/\/www.msds-europe.com\/es\/#website\"},\"datePublished\":\"2020-03-10T09:07:59+00:00\",\"dateModified\":\"2026-02-24T12:45:55+00:00\",\"description\":\"La d\u00e9finition de la fiche de donn\u00e9es de s\u00e9curit\u00e9 au sens large contient aussi les exigences de forme et de contenu.\",\"breadcrumb\":{\"@id\":\"https:\/\/www.msds-europe.com\/fr\/definition-fiche-donnees-securite\/#breadcrumb\"},\"inLanguage\":\"fr-FR\",\"potentialAction\":[{\"@type\":\"ReadAction\",\"target\":[\"https:\/\/www.msds-europe.com\/fr\/definition-fiche-donnees-securite\/\"]}]},{\"@type\":\"BreadcrumbList\",\"@id\":\"https:\/\/www.msds-europe.com\/fr\/definition-fiche-donnees-securite\/#breadcrumb\",\"itemListElement\":[{\"@type\":\"ListItem\",\"position\":1,\"name\":\"F\u0151oldal\",\"item\":\"https:\/\/www.msds-europe.com\/fr\/\"},{\"@type\":\"ListItem\",\"position\":2,\"name\":\"La d\u00e9finition de la fiche de donn\u00e9es de s\u00e9curit\u00e9\"}]},{\"@type\":\"WebSite\",\"@id\":\"https:\/\/www.msds-europe.com\/es\/#website\",\"url\":\"https:\/\/www.msds-europe.com\/es\/\",\"name\":\"MSDS Europe\",\"description\":\"\",\"publisher\":{\"@id\":\"https:\/\/www.msds-europe.com\/es\/#organization\"},\"potentialAction\":[{\"@type\":\"SearchAction\",\"target\":{\"@type\":\"EntryPoint\",\"urlTemplate\":\"https:\/\/www.msds-europe.com\/es\/?s={search_term_string}\"},\"query-input\":{\"@type\":\"PropertyValueSpecification\",\"valueRequired\":true,\"valueName\":\"search_term_string\"}}],\"inLanguage\":\"fr-FR\"},{\"@type\":\"Organization\",\"@id\":\"https:\/\/www.msds-europe.com\/es\/#organization\",\"name\":\"MSDS-Europe International branch of ToxInfo\",\"url\":\"https:\/\/www.msds-europe.com\/es\/\",\"logo\":{\"@type\":\"ImageObject\",\"inLanguage\":\"fr-FR\",\"@id\":\"https:\/\/www.msds-europe.com\/es\/#\/schema\/logo\/image\/\",\"url\":\"https:\/\/www.msds-europe.com\/wp-content\/uploads\/2021\/04\/msds-europe-logo.jpg\",\"contentUrl\":\"https:\/\/www.msds-europe.com\/wp-content\/uploads\/2021\/04\/msds-europe-logo.jpg\",\"width\":2296,\"height\":1067,\"caption\":\"MSDS-Europe International branch of ToxInfo\"},\"image\":{\"@id\":\"https:\/\/www.msds-europe.com\/es\/#\/schema\/logo\/image\/\"},\"sameAs\":[\"https:\/\/www.facebook.com\/toxinfokft\/\",\"https:\/\/x.com\/ToxInfoKft\"]}]}<\/script>\n<!-- \/ Yoast SEO plugin. -->","yoast_head_json":{"title":"La d\u00e9finition de la fiche de donn\u00e9es de s\u00e9curit\u00e9","description":"La d\u00e9finition de la fiche de donn\u00e9es de s\u00e9curit\u00e9 au sens large contient aussi les exigences de forme et de contenu.","robots":{"index":"index","follow":"follow","max-snippet":"max-snippet:-1","max-image-preview":"max-image-preview:large","max-video-preview":"max-video-preview:-1"},"canonical":"https:\/\/www.msds-europe.com\/fr\/definition-fiche-donnees-securite\/","og_locale":"fr_FR","og_type":"article","og_title":"La d\u00e9finition de la fiche de donn\u00e9es de s\u00e9curit\u00e9","og_description":"La d\u00e9finition de la fiche de donn\u00e9es de s\u00e9curit\u00e9 au sens large contient aussi les exigences de forme et de contenu.","og_url":"https:\/\/www.msds-europe.com\/fr\/definition-fiche-donnees-securite\/","og_site_name":"MSDS Europe","article_publisher":"https:\/\/www.facebook.com\/toxinfokft\/","article_modified_time":"2026-02-24T12:45:55+00:00","twitter_card":"summary_large_image","twitter_site":"@ToxInfoKft","twitter_misc":{"Dur\u00e9e de lecture estim\u00e9e":"6 minutes"},"schema":{"@context":"https:\/\/schema.org","@graph":[{"@type":"WebPage","@id":"https:\/\/www.msds-europe.com\/fr\/definition-fiche-donnees-securite\/","url":"https:\/\/www.msds-europe.com\/fr\/definition-fiche-donnees-securite\/","name":"La d\u00e9finition de la fiche de donn\u00e9es de s\u00e9curit\u00e9","isPartOf":{"@id":"https:\/\/www.msds-europe.com\/es\/#website"},"datePublished":"2020-03-10T09:07:59+00:00","dateModified":"2026-02-24T12:45:55+00:00","description":"La d\u00e9finition de la fiche de donn\u00e9es de s\u00e9curit\u00e9 au sens large contient aussi les exigences de forme et de contenu.","breadcrumb":{"@id":"https:\/\/www.msds-europe.com\/fr\/definition-fiche-donnees-securite\/#breadcrumb"},"inLanguage":"fr-FR","potentialAction":[{"@type":"ReadAction","target":["https:\/\/www.msds-europe.com\/fr\/definition-fiche-donnees-securite\/"]}]},{"@type":"BreadcrumbList","@id":"https:\/\/www.msds-europe.com\/fr\/definition-fiche-donnees-securite\/#breadcrumb","itemListElement":[{"@type":"ListItem","position":1,"name":"F\u0151oldal","item":"https:\/\/www.msds-europe.com\/fr\/"},{"@type":"ListItem","position":2,"name":"La d\u00e9finition de la fiche de donn\u00e9es de s\u00e9curit\u00e9"}]},{"@type":"WebSite","@id":"https:\/\/www.msds-europe.com\/es\/#website","url":"https:\/\/www.msds-europe.com\/es\/","name":"MSDS Europe","description":"","publisher":{"@id":"https:\/\/www.msds-europe.com\/es\/#organization"},"potentialAction":[{"@type":"SearchAction","target":{"@type":"EntryPoint","urlTemplate":"https:\/\/www.msds-europe.com\/es\/?s={search_term_string}"},"query-input":{"@type":"PropertyValueSpecification","valueRequired":true,"valueName":"search_term_string"}}],"inLanguage":"fr-FR"},{"@type":"Organization","@id":"https:\/\/www.msds-europe.com\/es\/#organization","name":"MSDS-Europe International branch of ToxInfo","url":"https:\/\/www.msds-europe.com\/es\/","logo":{"@type":"ImageObject","inLanguage":"fr-FR","@id":"https:\/\/www.msds-europe.com\/es\/#\/schema\/logo\/image\/","url":"https:\/\/www.msds-europe.com\/wp-content\/uploads\/2021\/04\/msds-europe-logo.jpg","contentUrl":"https:\/\/www.msds-europe.com\/wp-content\/uploads\/2021\/04\/msds-europe-logo.jpg","width":2296,"height":1067,"caption":"MSDS-Europe International branch of ToxInfo"},"image":{"@id":"https:\/\/www.msds-europe.com\/es\/#\/schema\/logo\/image\/"},"sameAs":["https:\/\/www.facebook.com\/toxinfokft\/","https:\/\/x.com\/ToxInfoKft"]}]}},"_links":{"self":[{"href":"https:\/\/www.msds-europe.com\/fr\/wp-json\/wp\/v2\/pages\/20602","targetHints":{"allow":["GET"]}}],"collection":[{"href":"https:\/\/www.msds-europe.com\/fr\/wp-json\/wp\/v2\/pages"}],"about":[{"href":"https:\/\/www.msds-europe.com\/fr\/wp-json\/wp\/v2\/types\/page"}],"author":[{"embeddable":true,"href":"https:\/\/www.msds-europe.com\/fr\/wp-json\/wp\/v2\/users\/2"}],"replies":[{"embeddable":true,"href":"https:\/\/www.msds-europe.com\/fr\/wp-json\/wp\/v2\/comments?post=20602"}],"version-history":[{"count":22,"href":"https:\/\/www.msds-europe.com\/fr\/wp-json\/wp\/v2\/pages\/20602\/revisions"}],"predecessor-version":[{"id":37737,"href":"https:\/\/www.msds-europe.com\/fr\/wp-json\/wp\/v2\/pages\/20602\/revisions\/37737"}],"wp:attachment":[{"href":"https:\/\/www.msds-europe.com\/fr\/wp-json\/wp\/v2\/media?parent=20602"}],"wp:term":[{"taxonomy":"post_tag","embeddable":true,"href":"https:\/\/www.msds-europe.com\/fr\/wp-json\/wp\/v2\/tags?post=20602"}],"curies":[{"name":"wp","href":"https:\/\/api.w.org\/{rel}","templated":true}]}}