{"id":20590,"date":"2020-03-10T08:20:32","date_gmt":"2020-03-10T08:20:32","guid":{"rendered":"https:\/\/www.msds-europe.com\/?page_id=20590"},"modified":"2026-02-25T09:34:07","modified_gmt":"2026-02-25T09:34:07","slug":"etiquetage-clp-pratique","status":"publish","type":"page","link":"https:\/\/www.msds-europe.com\/fr\/etiquetage-clp-pratique\/","title":{"rendered":"L&rsquo;\u00e9tiquetage CLP en pratique"},"content":{"rendered":"<p style=\"text-align: right;\"><em><a href=\"https:\/\/www.msds-europe.com\/fr\/fiche-de-donnees-de-securite-base-de-connaissances\/\">Base de connaissances sur les fiches de donn\u00e9es de s\u00e9curit\u00e9<\/a> \u2013 \u00c9tiquetage CLP en pratique<\/em><\/p>\n<p>&nbsp;<\/p>\n<p style=\"text-align: justify;\">Les produits relevant de la s\u00e9curit\u00e9 chimique doivent \u00eatre \u00e9tiquet\u00e9s conform\u00e9ment au <a href=\"https:\/\/www.msds-europe.com\/fr\/changements-reglementaires-securite-chimique\/\">r\u00e8glement (CE) n\u00b0 1272\/2008<\/a> (CLP).<\/p>\n<p>&nbsp;<\/p>\n<h2 style=\"text-align: justify;\">Obligation d\u2019\u00e9tiquetage<\/h2>\n<ul>\n<li style=\"text-align: justify;\">La substance ou le m\u00e9lange est class\u00e9 comme dangereux conform\u00e9ment au r\u00e8glement CLP<\/li>\n<li style=\"text-align: justify;\">Il s\u2019agit d\u2019un article explosif<\/li>\n<li style=\"text-align: justify;\">Il s\u2019agit d\u2019un m\u00e9lange non dangereux contenant une ou plusieurs substances class\u00e9es comme dangereuses au-dessus des concentrations vis\u00e9es \u00e0 la partie 2 de l\u2019annexe II du r\u00e8glement CLP<\/li>\n<\/ul>\n<p style=\"text-align: justify;\"><em>D\u00e9rogations \u00e0 l\u2019\u00e9tiquetage pour les emballages dont le contenu n\u2019exc\u00e8de pas 125 ml (section 1.5.2 de l\u2019annexe I du r\u00e8glement (CE) n\u00b0 1272\/2008).<\/em><\/p>\n<p>&nbsp;<\/p>\n<h2 style=\"text-align: justify;\">Sources d\u2019information pour l\u2019\u00e9tablissement d\u2019une \u00e9tiquette selon le r\u00e8glement CLP<\/h2>\n<p style=\"text-align: justify;\"><strong>En tant qu\u2019importateur<\/strong><\/p>\n<p style=\"text-align: justify;\">L\u2019\u00e9tiquette doit \u00eatre \u00e9tablie sur la base du titre III du r\u00e8glement (CE) n\u00b0 1272\/2008.<\/p>\n<p style=\"text-align: justify;\"><strong>En tant que distributeur<\/strong><\/p>\n<p style=\"text-align: justify;\">L\u2019\u00e9tiquette doit \u00eatre \u00e9tablie conform\u00e9ment aux informations figurant \u00e0 la rubrique 2.2 de la fiche de donn\u00e9es de s\u00e9curit\u00e9.<\/p>\n<p style=\"text-align: justify;\"><strong>En tant que revendeur<\/strong><\/p>\n<p style=\"text-align: justify;\">Aucune t\u00e2che particuli\u00e8re, sauf si l\u2019\u00e9tiquette est endommag\u00e9e (ou illisible) et doit \u00eatre remplac\u00e9e.<\/p>\n<p>&nbsp;<\/p>\n<h2 style=\"text-align: justify;\">Aspects g\u00e9n\u00e9raux de l\u2019\u00e9tiquetage<\/h2>\n<ul>\n<li style=\"text-align: justify;\">Principe de la \u00ab communication des dangers par l\u2019\u00e9tiquetage \u00bb<\/li>\n<li style=\"text-align: justify;\">Langue de l\u2019\u00e9tiquette<\/li>\n<li style=\"text-align: justify;\">Rubrique \u00ab Informations suppl\u00e9mentaires \u00bb sur l\u2019\u00e9tiquette<\/li>\n<li style=\"text-align: justify;\">R\u00e8gles de lisibilit\u00e9 et de visibilit\u00e9<\/li>\n<li style=\"text-align: justify;\">R\u00e8gles de regroupement<\/li>\n<\/ul>\n<p>&nbsp;<\/p>\n<h2 style=\"text-align: justify;\">\u00c9l\u00e9ments de l\u2019\u00e9tiquette des produits dangereux<\/h2>\n<ul>\n<li style=\"text-align: justify;\">Nom, adresse et num\u00e9ro de t\u00e9l\u00e9phone du ou des fournisseur(s)<\/li>\n<li style=\"text-align: justify;\">Quantit\u00e9 nominale (pour un usage par le grand public)<\/li>\n<li style=\"text-align: justify;\">Identificateur(s) de produit<\/li>\n<\/ul>\n<p style=\"text-align: justify;\">Le cas \u00e9ch\u00e9ant :<\/p>\n<ul>\n<li style=\"text-align: justify;\"><a href=\"https:\/\/www.msds-europe.com\/fr\/pictogramme-de-danger\/\">Pictogrammes de danger<\/a><\/li>\n<li style=\"text-align: justify;\">Mentions d&rsquo;avertissement<\/li>\n<li style=\"text-align: justify;\"><a href=\"https:\/\/www.msds-europe.com\/fr\/mentions-de-danger-h\/\">Mentions de danger<\/a><\/li>\n<li style=\"text-align: justify;\"><a href=\"https:\/\/www.msds-europe.com\/fr\/conseils-de-prudence-p\/\">Conseils de prudence<\/a>*<\/li>\n<\/ul>\n<p style=\"text-align: justify;\"><em>* En cas d\u2019usage par le grand public, inclure notamment les conseils de prudence relatifs \u00e0 l\u2019\u00e9limination de la substance ou du m\u00e9lange (d\u00e9chets) ainsi qu\u2019\u00e0 l\u2019\u00e9limination de l\u2019emballage (d\u00e9chets).<\/em><\/p>\n<ul>\n<li style=\"text-align: justify;\">Rubrique \u00ab Informations suppl\u00e9mentaires \u00bb (\u00e9l\u00e9ments obligatoires et, le cas \u00e9ch\u00e9ant, autres informations requises)<\/li>\n<\/ul>\n<p>&nbsp;<\/p>\n<p style=\"text-align: justify;\"><strong>Rubrique obligatoire \u00ab Informations suppl\u00e9mentaires \u00bb sur l\u2019\u00e9tiquette<\/strong><\/p>\n<ul>\n<li style=\"text-align: justify;\"><a href=\"https:\/\/www.msds-europe.com\/fr\/mentions-de-danger-h\/\">Mentions EUH<\/a> : mentions suppl\u00e9mentaires de danger, le cas \u00e9ch\u00e9ant, conform\u00e9ment aux dispositions pertinentes du CLP (annexes II et III).<\/li>\n<li style=\"text-align: justify;\">Mentions suppl\u00e9mentaires applicables \u00e0 certaines substances et \u00e0 certains m\u00e9langes selon les exigences r\u00e9glementaires<\/li>\n<li style=\"text-align: justify;\">Dangereux pour la couche d\u2019ozone, cat\u00e9gorie de danger 1 \u2013 H420<\/li>\n<li style=\"text-align: justify;\">Informations relatives aux mesures sp\u00e9ciales (le cas \u00e9ch\u00e9ant)<\/li>\n<li style=\"text-align: justify;\">Mention EUH401 pour les produits phytopharmaceutiques, lorsque applicable<\/li>\n<li style=\"text-align: justify;\">\u00c9l\u00e9ments d\u2019\u00e9tiquetage r\u00e9sultant d\u2019exigences pr\u00e9vues dans d\u2019autres l\u00e9gislations (p. ex. tensioactifs et parfums pour les d\u00e9tergents ; exigences sp\u00e9cifiques pour certains g\u00e9n\u00e9rateurs d\u2019a\u00e9rosols ; contenu en COV conform\u00e9ment \u00e0 la directive 2004\/42\/CE), ainsi que les exigences li\u00e9es \u00e0 la vente en ligne (<a href=\"https:\/\/www.msds-europe.com\/fr\/clp-publicite-en-ligne-2028\/\">Nouvelles r\u00e8gles CLP pour l\u2019e-commerce : \u00e9tiquetage et publicit\u00e9<\/a>).<\/li>\n<li style=\"text-align: justify;\">M\u00e9langes avec des mentions EUH sp\u00e9cifiques :<\/li>\n<\/ul>\n<p style=\"text-align: justify; padding-left: 80px;\">M\u00e9langes contenant du plomb<\/p>\n<p style=\"text-align: justify; padding-left: 80px;\">M\u00e9langes contenant des cyanoacrylates<\/p>\n<p style=\"text-align: justify; padding-left: 80px;\">Ciments et m\u00e9langes de ciment<\/p>\n<p style=\"text-align: justify; padding-left: 80px;\">M\u00e9langes contenant des isocyanates<\/p>\n<p style=\"text-align: justify; padding-left: 80px;\">M\u00e9langes contenant des composants \u00e9poxy (poids mol\u00e9culaire moyen \u2264 700)<\/p>\n<p style=\"text-align: justify; padding-left: 80px;\">M\u00e9langes contenant du chlore actif<\/p>\n<p style=\"text-align: justify; padding-left: 80px;\">M\u00e9langes contenant du cadmium (alliages) destin\u00e9s au brasage ou au soudage<\/p>\n<p style=\"text-align: justify; padding-left: 80px;\">M\u00e9langes non class\u00e9s comme sensibilisants mais contenant au moins une substance sensibilisante<\/p>\n<p style=\"text-align: justify; padding-left: 80px;\">M\u00e9langes liquides contenant des hydrocarbures halog\u00e9n\u00e9s<\/p>\n<p style=\"text-align: justify; padding-left: 80px;\">M\u00e9langes non destin\u00e9s au grand public contenant certaines substances au-del\u00e0 d\u2019une concentration minimale d\u00e9termin\u00e9e<\/p>\n<p style=\"text-align: justify; padding-left: 80px;\">A\u00e9rosols<\/p>\n<p>&nbsp;<\/p>\n<h2 style=\"text-align: justify;\">Tailles minimales des \u00e9tiquettes et des pictogrammes<\/h2>\n<p style=\"text-align: justify;\">Selon le <strong>r\u00e8glement (UE) n\u00b0 286\/2011 de la Commission<\/strong> :<\/p>\n<p style=\"text-align: justify;\">Capacit\u00e9 ; dimensions de l\u2019\u00e9tiquette (mm) ; dimensions de chaque pictogramme (mm)<\/p>\n<ul>\n<li style=\"text-align: justify;\">&lt; 3 litres ; 52 \u00d7 74 ; 10 \u00d7 10 (min.), 16 \u00d7 16 (opt.)<\/li>\n<li style=\"text-align: justify;\">3 \u2013 50 litres ; 74 \u00d7 105 ; 23 \u00d7 23<\/li>\n<li style=\"text-align: justify;\">50 \u2013 500 litres ; 105 \u00d7 148 ; 32 \u00d7 32<\/li>\n<li style=\"text-align: justify;\">&gt; 500 litres ; 148 \u00d7 210 ; 46 \u00d7 46<\/li>\n<\/ul>\n<p>&nbsp;<\/p>\n<h2 style=\"text-align: justify;\">Instructions sp\u00e9ciales d\u2019\u00e9tiquetage<\/h2>\n<ul>\n<li style=\"text-align: justify;\">Bouteilles \u00e0 gaz transportables (section 1.3.1 de l\u2019annexe I du CLP)<\/li>\n<li style=\"text-align: justify;\">R\u00e9cipients \u00e0 gaz destin\u00e9s au propane, au butane ou au gaz de p\u00e9trole liqu\u00e9fi\u00e9 (GPL) (section 1.3.2 de l\u2019annexe I du CLP)<\/li>\n<li style=\"text-align: justify;\">A\u00e9rosols ou r\u00e9cipients munis d\u2019un dispositif scell\u00e9 de pulv\u00e9risation et contenant des substances ou des m\u00e9langes class\u00e9s comme pr\u00e9sentant un danger par aspiration (section 1.3.3 de l\u2019annexe I du CLP)<\/li>\n<li style=\"text-align: justify;\">M\u00e9taux sous forme massive, alliages, m\u00e9langes contenant des polym\u00e8res, m\u00e9langes contenant des \u00e9lastom\u00e8res (section 1.3.4 de l\u2019annexe I du CLP)<\/li>\n<li style=\"text-align: justify;\">Explosifs vis\u00e9s \u00e0 la section 2.1 de l\u2019annexe I du CLP, mis sur le march\u00e9 en vue d\u2019obtenir un effet explosif ou pyrotechnique (section 1.3.5 de l\u2019annexe I du CLP)<\/li>\n<\/ul>\n<p>&nbsp;<\/p>\n<h3 style=\"text-align: justify;\"><span style=\"color: #333333;\">Services offerts<\/span><\/h3>\n<ul>\n<li style=\"text-align: justify;\"><a href=\"https:\/\/www.msds-europe.com\/fr\/etablissement-projet-etiquette\/\">\u00c9tablissement d\u2019un projet d\u2019\u00e9tiquette CLP<\/a> pour les substances et m\u00e9langes dangereux<\/li>\n<li style=\"text-align: justify;\"><a href=\"https:\/\/www.msds-europe.com\/fr\/fiche-de-donnees-de-securite-etablissement-elaboration\/\">\u00c9laboration d\u2019une fiche de donn\u00e9es de s\u00e9curit\u00e9<\/a><\/li>\n<li style=\"text-align: justify;\"><a href=\"https:\/\/www.msds-europe.com\/fr\/traduction-fiches-de-donnees-de-securite\/\">Traduction de fiche de donn\u00e9es de s\u00e9curit\u00e9<\/a> conform\u00e9ment \u00e0 la r\u00e9glementation sur la s\u00e9curit\u00e9 chimique<\/li>\n<\/ul>\n<p>&nbsp;<\/p>\n<h3 style=\"text-align: justify;\"><span style=\"color: #333333;\">Article(s) recommand\u00e9(s)<\/span><\/h3>\n<ul>\n<li style=\"text-align: justify;\"><a href=\"https:\/\/www.msds-europe.com\/fr\/elements-etiquetage-de-la-fiche-de-donnees-de-securite\/\">\u00c9l\u00e9ments d\u2019\u00e9tiquetage dans une fiche de donn\u00e9es de s\u00e9curit\u00e9<\/a><\/li>\n<li style=\"text-align: justify;\"><a href=\"https:\/\/www.msds-europe.com\/fr\/mentions-de-danger-h\/\">Mentions de danger (H)<\/a><\/li>\n<li style=\"text-align: justify;\"><a href=\"https:\/\/www.msds-europe.com\/fr\/conseils-de-prudence-p\/\">Conseils de prudence (P)<\/a><\/li>\n<li style=\"text-align: justify;\"><a href=\"https:\/\/www.msds-europe.com\/fr\/pictogramme-de-danger\/\">Pictogrammes de danger<\/a><\/li>\n<li style=\"text-align: justify;\"><a href=\"https:\/\/www.msds-europe.com\/fr\/ufi-identifiant-unique-de-formulation\/\">Sp\u00e9cifications relatives \u00e0 l\u2019UFI et \u00e0 l\u2019\u00e9tiquetage des m\u00e9langes dangereux<\/a><\/li>\n<li style=\"text-align: justify;\"><a href=\"https:\/\/www.msds-europe.com\/fr\/definition-fiche-donnees-securite\/\">D\u00e9finition d\u2019une fiche de donn\u00e9es de s\u00e9curit\u00e9<\/a><\/li>\n<\/ul>\n<p>&nbsp;<\/p>\n<h3>Questions et r\u00e9ponses fr\u00e9quentes<\/h3>\n<div class=\"su-spoiler su-spoiler-style-fancy su-spoiler-icon-chevron su-spoiler-closed\" data-scroll-offset=\"0\" data-anchor-in-url=\"no\"><div class=\"su-spoiler-title\" tabindex=\"0\" role=\"button\"><span class=\"su-spoiler-icon\"><\/span>Comment le r\u00e8glement 2020\/878 affecte-t-il le contenu des fiches de donn\u00e9es de s\u00e9curit\u00e9 ?<\/div><div class=\"su-spoiler-content su-u-clearfix su-u-trim\">\n<p style=\"text-align: justify;\">Le r\u00e8glement (UE) 2020\/878 a introduit de nouvelles exigences de structure et de contenu. Depuis le 1<sup>er<\/sup> janvier 2023, seules les FDS conformes \u00e0 ce r\u00e8glement peuvent \u00eatre fournies dans l\u2019UE.<\/p>\n<\/div><\/div>\n<div class=\"su-spoiler su-spoiler-style-fancy su-spoiler-icon-chevron su-spoiler-closed\" data-scroll-offset=\"0\" data-anchor-in-url=\"no\"><div class=\"su-spoiler-title\" tabindex=\"0\" role=\"button\"><span class=\"su-spoiler-icon\"><\/span>Quand une \u00e9tiquette CLP est-elle obligatoire sur un produit ?<\/div><div class=\"su-spoiler-content su-u-clearfix su-u-trim\">\n<p style=\"text-align: justify;\">Une \u00e9tiquette CLP est requise lorsqu\u2019une substance ou un m\u00e9lange est class\u00e9 comme dangereux selon le CLP, lorsqu\u2019il s\u2019agit d\u2019un article explosif, ou lorsque le produit n\u2019est pas class\u00e9 dangereux mais contient une ou plusieurs substances class\u00e9es dangereuses au-del\u00e0 des seuils applicables (selon les exigences pertinentes).<\/p>\n<\/div><\/div>\n<div class=\"su-spoiler su-spoiler-style-fancy su-spoiler-icon-chevron su-spoiler-closed\" data-scroll-offset=\"0\" data-anchor-in-url=\"no\"><div class=\"su-spoiler-title\" tabindex=\"0\" role=\"button\"><span class=\"su-spoiler-icon\"><\/span>Quelle est la taille minimale de l\u2019\u00e9tiquette et des pictogrammes pour des emballages de 3\u201350 L ?<\/div><div class=\"su-spoiler-content su-u-clearfix su-u-trim\">\n<p style=\"text-align: justify;\">Pour cette plage de volume, l\u2019\u00e9tiquette doit mesurer au moins 74 \u00d7 105 mm et chaque pictogramme au moins 23 \u00d7 23 mm.<\/p>\n<\/div><\/div>\n<div class=\"su-spoiler su-spoiler-style-fancy su-spoiler-icon-chevron su-spoiler-closed\" data-scroll-offset=\"0\" data-anchor-in-url=\"no\"><div class=\"su-spoiler-title\" tabindex=\"0\" role=\"button\"><span class=\"su-spoiler-icon\"><\/span>O\u00f9 et sous quelle forme le code UFI doit-il \u00eatre affich\u00e9 ?<\/div><div class=\"su-spoiler-content su-u-clearfix su-u-trim\">\n<p style=\"text-align: justify;\">Le code au format \u00ab UFI : xxxx-xxxx-xxxx-xxxx \u00bb doit \u00eatre clairement visible et ind\u00e9l\u00e9bile sur l\u2019\u00e9tiquette. Dans certains cas particuliers (p. ex. manque de place), des modalit\u00e9s sp\u00e9cifiques peuvent s\u2019appliquer selon les r\u00e8gles de l\u2019annexe VIII.<\/p>\n<\/div><\/div>\n","protected":false},"excerpt":{"rendered":"<p>Base de connaissances sur les fiches de donn\u00e9es de s\u00e9curit\u00e9 \u2013 \u00c9tiquetage CLP en pratique &nbsp; Les produits relevant de la s\u00e9curit\u00e9 chimique doivent \u00eatre \u00e9tiquet\u00e9s conform\u00e9ment au r\u00e8glement (CE) n\u00b0 1272\/2008 (CLP). &nbsp; Obligation d\u2019\u00e9tiquetage La substance ou le m\u00e9lange est class\u00e9 comme dangereux conform\u00e9ment au r\u00e8glement CLP Il&#8230;<\/p>\n","protected":false},"author":2,"featured_media":0,"parent":0,"menu_order":0,"comment_status":"closed","ping_status":"closed","template":"","meta":{"_acf_changed":false,"footnotes":""},"tags":[404,385,406,386],"class_list":["post-20590","page","type-page","status-publish","hentry","tag-etiquette-clp","tag-fiche-de-donnees-de-securite","tag-fiche-de-donnees-de-securite-fr","tag-fiche-de-donnees-de-securite-base-de-connaissances"],"acf":[],"yoast_head":"<!-- This site is optimized with the Yoast SEO plugin v27.2 - https:\/\/yoast.com\/product\/yoast-seo-wordpress\/ -->\n<title>\u00c9tiquetage CLP en pratique<\/title>\n<meta name=\"description\" content=\"Dimensions de l&#039;\u00e9tiquette CLP, aspects g\u00e9n\u00e9raux de l&#039;\u00e9tiquetage, sources d&#039;information pour la cr\u00e9ation d&#039;une \u00e9tiquette.\" \/>\n<meta name=\"robots\" content=\"index, follow, max-snippet:-1, max-image-preview:large, max-video-preview:-1\" \/>\n<link rel=\"canonical\" href=\"https:\/\/www.msds-europe.com\/fr\/etiquetage-clp-pratique\/\" \/>\n<meta property=\"og:locale\" content=\"fr_FR\" \/>\n<meta property=\"og:type\" content=\"article\" \/>\n<meta property=\"og:title\" content=\"\u00c9tiquetage CLP en pratique\" \/>\n<meta property=\"og:description\" content=\"Dimensions de l&#039;\u00e9tiquette CLP, aspects g\u00e9n\u00e9raux de l&#039;\u00e9tiquetage, sources d&#039;information pour la cr\u00e9ation d&#039;une \u00e9tiquette.\" \/>\n<meta property=\"og:url\" content=\"https:\/\/www.msds-europe.com\/fr\/etiquetage-clp-pratique\/\" \/>\n<meta property=\"og:site_name\" content=\"MSDS Europe\" \/>\n<meta property=\"article:publisher\" content=\"https:\/\/www.facebook.com\/toxinfokft\/\" \/>\n<meta property=\"article:modified_time\" content=\"2026-02-25T09:34:07+00:00\" \/>\n<meta name=\"twitter:card\" content=\"summary_large_image\" \/>\n<meta name=\"twitter:site\" content=\"@ToxInfoKft\" \/>\n<meta name=\"twitter:label1\" content=\"Dur\u00e9e de lecture estim\u00e9e\" \/>\n\t<meta name=\"twitter:data1\" content=\"5 minutes\" \/>\n<script type=\"application\/ld+json\" class=\"yoast-schema-graph\">{\"@context\":\"https:\/\/schema.org\",\"@graph\":[{\"@type\":\"WebPage\",\"@id\":\"https:\/\/www.msds-europe.com\/fr\/etiquetage-clp-pratique\/\",\"url\":\"https:\/\/www.msds-europe.com\/fr\/etiquetage-clp-pratique\/\",\"name\":\"\u00c9tiquetage CLP en pratique\",\"isPartOf\":{\"@id\":\"https:\/\/www.msds-europe.com\/es\/#website\"},\"datePublished\":\"2020-03-10T08:20:32+00:00\",\"dateModified\":\"2026-02-25T09:34:07+00:00\",\"description\":\"Dimensions de l'\u00e9tiquette CLP, aspects g\u00e9n\u00e9raux de l'\u00e9tiquetage, sources d'information pour la cr\u00e9ation d'une \u00e9tiquette.\",\"breadcrumb\":{\"@id\":\"https:\/\/www.msds-europe.com\/fr\/etiquetage-clp-pratique\/#breadcrumb\"},\"inLanguage\":\"fr-FR\",\"potentialAction\":[{\"@type\":\"ReadAction\",\"target\":[\"https:\/\/www.msds-europe.com\/fr\/etiquetage-clp-pratique\/\"]}]},{\"@type\":\"BreadcrumbList\",\"@id\":\"https:\/\/www.msds-europe.com\/fr\/etiquetage-clp-pratique\/#breadcrumb\",\"itemListElement\":[{\"@type\":\"ListItem\",\"position\":1,\"name\":\"F\u0151oldal\",\"item\":\"https:\/\/www.msds-europe.com\/fr\/\"},{\"@type\":\"ListItem\",\"position\":2,\"name\":\"L&#8217;\u00e9tiquetage CLP en pratique\"}]},{\"@type\":\"WebSite\",\"@id\":\"https:\/\/www.msds-europe.com\/es\/#website\",\"url\":\"https:\/\/www.msds-europe.com\/es\/\",\"name\":\"MSDS Europe\",\"description\":\"\",\"publisher\":{\"@id\":\"https:\/\/www.msds-europe.com\/es\/#organization\"},\"potentialAction\":[{\"@type\":\"SearchAction\",\"target\":{\"@type\":\"EntryPoint\",\"urlTemplate\":\"https:\/\/www.msds-europe.com\/es\/?s={search_term_string}\"},\"query-input\":{\"@type\":\"PropertyValueSpecification\",\"valueRequired\":true,\"valueName\":\"search_term_string\"}}],\"inLanguage\":\"fr-FR\"},{\"@type\":\"Organization\",\"@id\":\"https:\/\/www.msds-europe.com\/es\/#organization\",\"name\":\"MSDS-Europe International branch of ToxInfo\",\"url\":\"https:\/\/www.msds-europe.com\/es\/\",\"logo\":{\"@type\":\"ImageObject\",\"inLanguage\":\"fr-FR\",\"@id\":\"https:\/\/www.msds-europe.com\/es\/#\/schema\/logo\/image\/\",\"url\":\"https:\/\/www.msds-europe.com\/wp-content\/uploads\/2021\/04\/msds-europe-logo.jpg\",\"contentUrl\":\"https:\/\/www.msds-europe.com\/wp-content\/uploads\/2021\/04\/msds-europe-logo.jpg\",\"width\":2296,\"height\":1067,\"caption\":\"MSDS-Europe International branch of ToxInfo\"},\"image\":{\"@id\":\"https:\/\/www.msds-europe.com\/es\/#\/schema\/logo\/image\/\"},\"sameAs\":[\"https:\/\/www.facebook.com\/toxinfokft\/\",\"https:\/\/x.com\/ToxInfoKft\"]}]}<\/script>\n<!-- \/ Yoast SEO plugin. -->","yoast_head_json":{"title":"\u00c9tiquetage CLP en pratique","description":"Dimensions de l'\u00e9tiquette CLP, aspects g\u00e9n\u00e9raux de l'\u00e9tiquetage, sources d'information pour la cr\u00e9ation d'une \u00e9tiquette.","robots":{"index":"index","follow":"follow","max-snippet":"max-snippet:-1","max-image-preview":"max-image-preview:large","max-video-preview":"max-video-preview:-1"},"canonical":"https:\/\/www.msds-europe.com\/fr\/etiquetage-clp-pratique\/","og_locale":"fr_FR","og_type":"article","og_title":"\u00c9tiquetage CLP en pratique","og_description":"Dimensions de l'\u00e9tiquette CLP, aspects g\u00e9n\u00e9raux de l'\u00e9tiquetage, sources d'information pour la cr\u00e9ation d'une \u00e9tiquette.","og_url":"https:\/\/www.msds-europe.com\/fr\/etiquetage-clp-pratique\/","og_site_name":"MSDS Europe","article_publisher":"https:\/\/www.facebook.com\/toxinfokft\/","article_modified_time":"2026-02-25T09:34:07+00:00","twitter_card":"summary_large_image","twitter_site":"@ToxInfoKft","twitter_misc":{"Dur\u00e9e de lecture estim\u00e9e":"5 minutes"},"schema":{"@context":"https:\/\/schema.org","@graph":[{"@type":"WebPage","@id":"https:\/\/www.msds-europe.com\/fr\/etiquetage-clp-pratique\/","url":"https:\/\/www.msds-europe.com\/fr\/etiquetage-clp-pratique\/","name":"\u00c9tiquetage CLP en pratique","isPartOf":{"@id":"https:\/\/www.msds-europe.com\/es\/#website"},"datePublished":"2020-03-10T08:20:32+00:00","dateModified":"2026-02-25T09:34:07+00:00","description":"Dimensions de l'\u00e9tiquette CLP, aspects g\u00e9n\u00e9raux de l'\u00e9tiquetage, sources d'information pour la cr\u00e9ation d'une \u00e9tiquette.","breadcrumb":{"@id":"https:\/\/www.msds-europe.com\/fr\/etiquetage-clp-pratique\/#breadcrumb"},"inLanguage":"fr-FR","potentialAction":[{"@type":"ReadAction","target":["https:\/\/www.msds-europe.com\/fr\/etiquetage-clp-pratique\/"]}]},{"@type":"BreadcrumbList","@id":"https:\/\/www.msds-europe.com\/fr\/etiquetage-clp-pratique\/#breadcrumb","itemListElement":[{"@type":"ListItem","position":1,"name":"F\u0151oldal","item":"https:\/\/www.msds-europe.com\/fr\/"},{"@type":"ListItem","position":2,"name":"L&#8217;\u00e9tiquetage CLP en pratique"}]},{"@type":"WebSite","@id":"https:\/\/www.msds-europe.com\/es\/#website","url":"https:\/\/www.msds-europe.com\/es\/","name":"MSDS Europe","description":"","publisher":{"@id":"https:\/\/www.msds-europe.com\/es\/#organization"},"potentialAction":[{"@type":"SearchAction","target":{"@type":"EntryPoint","urlTemplate":"https:\/\/www.msds-europe.com\/es\/?s={search_term_string}"},"query-input":{"@type":"PropertyValueSpecification","valueRequired":true,"valueName":"search_term_string"}}],"inLanguage":"fr-FR"},{"@type":"Organization","@id":"https:\/\/www.msds-europe.com\/es\/#organization","name":"MSDS-Europe International branch of ToxInfo","url":"https:\/\/www.msds-europe.com\/es\/","logo":{"@type":"ImageObject","inLanguage":"fr-FR","@id":"https:\/\/www.msds-europe.com\/es\/#\/schema\/logo\/image\/","url":"https:\/\/www.msds-europe.com\/wp-content\/uploads\/2021\/04\/msds-europe-logo.jpg","contentUrl":"https:\/\/www.msds-europe.com\/wp-content\/uploads\/2021\/04\/msds-europe-logo.jpg","width":2296,"height":1067,"caption":"MSDS-Europe International branch of ToxInfo"},"image":{"@id":"https:\/\/www.msds-europe.com\/es\/#\/schema\/logo\/image\/"},"sameAs":["https:\/\/www.facebook.com\/toxinfokft\/","https:\/\/x.com\/ToxInfoKft"]}]}},"_links":{"self":[{"href":"https:\/\/www.msds-europe.com\/fr\/wp-json\/wp\/v2\/pages\/20590","targetHints":{"allow":["GET"]}}],"collection":[{"href":"https:\/\/www.msds-europe.com\/fr\/wp-json\/wp\/v2\/pages"}],"about":[{"href":"https:\/\/www.msds-europe.com\/fr\/wp-json\/wp\/v2\/types\/page"}],"author":[{"embeddable":true,"href":"https:\/\/www.msds-europe.com\/fr\/wp-json\/wp\/v2\/users\/2"}],"replies":[{"embeddable":true,"href":"https:\/\/www.msds-europe.com\/fr\/wp-json\/wp\/v2\/comments?post=20590"}],"version-history":[{"count":11,"href":"https:\/\/www.msds-europe.com\/fr\/wp-json\/wp\/v2\/pages\/20590\/revisions"}],"predecessor-version":[{"id":37800,"href":"https:\/\/www.msds-europe.com\/fr\/wp-json\/wp\/v2\/pages\/20590\/revisions\/37800"}],"wp:attachment":[{"href":"https:\/\/www.msds-europe.com\/fr\/wp-json\/wp\/v2\/media?parent=20590"}],"wp:term":[{"taxonomy":"post_tag","embeddable":true,"href":"https:\/\/www.msds-europe.com\/fr\/wp-json\/wp\/v2\/tags?post=20590"}],"curies":[{"name":"wp","href":"https:\/\/api.w.org\/{rel}","templated":true}]}}